{"id":1574,"date":"2015-02-24T16:27:25","date_gmt":"2015-02-24T15:27:25","guid":{"rendered":"http:\/\/localhost:8888\/shop\/uncategorized\/cana-gubiada-con-forma-y-doblada-de-oboe-10-unidades\/"},"modified":"2025-10-16T13:18:04","modified_gmt":"2025-10-16T11:18:04","slug":"palas-oboe-con-forma-eg-reeds","status":"publish","type":"product","link":"https:\/\/eg-reeds.com\/es\/shop\/palas\/palas-oboe\/palas-oboe-con-forma-eg-reeds\/","title":{"rendered":"Palas oboe con forma EG-REEDS"},"content":{"rendered":"<h1><strong>Palas oboe con forma EG-REEDS (10 unidades).<\/strong><\/h1>\n<p>Palas oboe con forma EG-REEDS. \u00bfNecesitas comprar palas de oboe? Explora la excelencia en las palas con forma de EG-REEDS, donde la artesan\u00eda y la experiencia profesional en el mundo del oboe se unen para darte palas de la m\u00e1xima calidad. Cada una de nuestras palas es meticulosamente gubiada, dada la forma y doblada utilizando tecnolog\u00eda de vanguardia para garantizar la m\u00e1xima precisi\u00f3n en cada detalle.<\/p>\n<p>Nuestro compromiso con la calidad es evidente en cada etapa del proceso. Desde la selecci\u00f3n cuidadosa de la materia prima hasta el gubiado y la prueba individual de cada pala con nuestra avanzada m\u00e1quina de dureza, el formado de la pala y el doblado, nos aseguramos de que solo las palas que cumplen con nuestros exigentes est\u00e1ndares lleguen a tus manos.<\/p>\n<p>Este riguroso control de calidad nos permite ofrecerte palas excepcionales en rendimiento y durabilidad.<\/p>\n<p>Una vez que se ha dado la forma seleccionada a la ca\u00f1a, nuestras palas se doblan manualmente para alcanzar la m\u00e1xima precisi\u00f3n. Este proceso artesanal garantiza que cada pala cumpla con nuestros rigurosos est\u00e1ndares de calidad y se adapte perfectamente a las necesidades del m\u00fasico.<\/p>\n<p>Nuestras palas con forma se fabrican siempre respetando los par\u00e1metros de m\u00e1xima calidad de EG-REEDS, lo que te garantiza un producto de calidad superior en cada compra. Puedes confiar en que est\u00e1s obteniendo las mejores palas de oboe, que te permitir\u00e1n alcanzar tu m\u00e1ximo potencial musical.<\/p>\n<p>Descubre por qu\u00e9 los m\u00fasicos de todo el mundo conf\u00edan en las palas de oboe EG-REEDS. Hazte con las tuyas hoy mismo y experimenta la calidad de nuestro material.<\/p>\n<h2>Formas disponibles:<\/h2>\n<ul data-start=\"218\" data-end=\"408\">\n<li data-start=\"218\" data-end=\"226\">\n<p data-start=\"220\" data-end=\"226\">RC11<\/p>\n<\/li>\n<li data-start=\"227\" data-end=\"235\">\n<p data-start=\"229\" data-end=\"235\">RC12<\/p>\n<\/li>\n<li data-start=\"236\" data-end=\"244\">\n<p data-start=\"238\" data-end=\"244\">RC13<\/p>\n<\/li>\n<li data-start=\"245\" data-end=\"253\">\n<p data-start=\"247\" data-end=\"253\">RC15<\/p>\n<\/li>\n<li data-start=\"254\" data-end=\"261\">\n<p data-start=\"256\" data-end=\"261\">901<\/p>\n<\/li>\n<li data-start=\"262\" data-end=\"268\">\n<p data-start=\"264\" data-end=\"268\">M2<\/p>\n<\/li>\n<li data-start=\"269\" data-end=\"287\">\n<p data-start=\"271\" data-end=\"287\">Albrecht Mayer<\/p>\n<\/li>\n<li data-start=\"288\" data-end=\"307\">\n<p data-start=\"290\" data-end=\"307\">Maurice Bourgue<\/p>\n<\/li>\n<li data-start=\"308\" data-end=\"324\">\n<p data-start=\"310\" data-end=\"324\">Ram\u00f3n Ortega<\/p>\n<\/li>\n<li data-start=\"325\" data-end=\"346\">\n<p data-start=\"327\" data-end=\"346\">Thomas Inderm\u00fchle<\/p>\n<\/li>\n<li data-start=\"347\" data-end=\"354\">\n<p data-start=\"349\" data-end=\"354\">USA<\/p>\n<\/li>\n<li data-start=\"355\" data-end=\"363\">\n<p data-start=\"357\" data-end=\"363\">LORY<\/p>\n<\/li>\n<li data-start=\"364\" data-end=\"371\">\n<p data-start=\"366\" data-end=\"371\">H49<\/p>\n<\/li>\n<li data-start=\"372\" data-end=\"382\">\n<p data-start=\"374\" data-end=\"382\">Glotin<\/p>\n<\/li>\n<li data-start=\"383\" data-end=\"397\">\n<p data-start=\"385\" data-end=\"397\">Rigoutat 2<\/p>\n<\/li>\n<li data-start=\"398\" data-end=\"408\">\n<p data-start=\"400\" data-end=\"408\">Willy 12<\/p>\n<\/li>\n<\/ul>\n<h2>Estilos de pala con forma:<\/h2>\n<ul data-start=\"218\" data-end=\"408\">\n<li data-start=\"383\" data-end=\"397\">\n<p data-start=\"385\" data-end=\"397\">Europeo<\/p>\n<\/li>\n<li data-start=\"398\" data-end=\"408\">\n<p data-start=\"400\" data-end=\"408\">Americano<\/p>\n<\/li>\n<\/ul>\n<h2>Di\u00e1metros:<\/h2>\n<ul>\n<li>9,5\u201310 mm<\/li>\n<li>10\u201310,5 mm<\/li>\n<li>10,5\u201311 mm<\/li>\n<\/ul>\n<h2>Espesor:<\/h2>\n<p>De 0,54\u20130,55 mm hasta 0,60\u20130,61 mm.<\/p>\n<h2>Dureza:<\/h2>\n<ul>\n<li>Blanda<\/li>\n<li>Media<\/li>\n<li>Dura<\/li>\n<\/ul>\n","protected":false},"excerpt":{"rendered":"<p>10 unidades.<\/p>\n","protected":false},"featured_media":24869,"comment_status":"open","ping_status":"closed","template":"","meta":[],"product_brand":[],"product_cat":[479,499],"product_tag":[],"giftcard-category":[],"class_list":{"0":"post-1574","1":"product","2":"type-product","3":"status-publish","4":"has-post-thumbnail","6":"product_cat-palas","7":"product_cat-palas-oboe","8":"pa_cane-diameter-10-mm-105-mm-es","9":"pa_cane-diameter-105-mm-11-mm-es","10":"pa_cane-diameter-95-mm-10-mm-es","11":"pa_shaper-901-es","12":"pa_shaper-albrecht-mayer-es-2","13":"pa_shaper-glotin-es","14":"pa_shaper-h49-es","15":"pa_shaper-lory-es","16":"pa_shaper-m2-es","17":"pa_shaper-maurice-bourgue-es-2","18":"pa_shaper-ramon-ortega-es-2","19":"pa_shaper-rc11-es","20":"pa_shaper-rc12-es-2","21":"pa_shaper-rc13-es-2","22":"pa_shaper-rc15-es","23":"pa_shaper-rigoutat-2-es","24":"pa_shaper-thomas-indermuehle-es","25":"pa_shaper-usa-es","26":"pa_shaper-willy-12-es","27":"pa_thickness-054-mm-055-mm-es","28":"pa_thickness-055-mm-056-mm-es-2","29":"pa_thickness-056-mm-057-mm-es-2","30":"pa_thickness-057-mm-058-mm-es","31":"pa_thickness-058-mm-059-mm-es-2","32":"pa_thickness-059-mm-060-mm-es","33":"pa_thickness-060-mm-061-mm-es-2","35":"first","36":"instock","37":"featured","38":"taxable","39":"shipping-taxable","40":"purchasable","41":"product-type-variable","42":"has-default-attributes"},"yoast_head":"<!-- This site is optimized with the Yoast SEO Premium plugin v27.0 (Yoast SEO v27.2) - https:\/\/yoast.com\/product\/yoast-seo-premium-wordpress\/ -->\n<title>Palas oboe con forma EG-REEDS - www.eg-reeds.com<\/title>\n<meta name=\"description\" content=\"Palas de oboe con forma EG-REEDS. Pack de 10 piezas con forma y con la m\u00e1xima calidad. Las mejores palas de oboe \u00a1Haz tu pedido hoy!\" \/>\n<meta name=\"robots\" content=\"index, follow, max-snippet:-1, max-image-preview:large, max-video-preview:-1\" \/>\n<link rel=\"canonical\" href=\"https:\/\/eg-reeds.com\/es\/shop\/palas\/palas-oboe\/palas-oboe-con-forma-eg-reeds\/\" \/>\n<meta property=\"og:locale\" content=\"es_ES\" \/>\n<meta property=\"og:type\" content=\"article\" \/>\n<meta property=\"og:title\" content=\"Palas oboe con forma EG-REEDS\" \/>\n<meta property=\"og:description\" content=\"Palas de oboe con forma EG-REEDS. Pack de 10 piezas con forma y con la m\u00e1xima calidad. Las mejores palas de oboe \u00a1Haz tu pedido hoy!\" \/>\n<meta property=\"og:url\" content=\"https:\/\/eg-reeds.com\/es\/shop\/palas\/palas-oboe\/palas-oboe-con-forma-eg-reeds\/\" \/>\n<meta property=\"og:site_name\" content=\"www.eg-reeds.com\" \/>\n<meta property=\"article:publisher\" content=\"https:\/\/www.facebook.com\/EGREEDS\" \/>\n<meta property=\"article:modified_time\" content=\"2025-10-16T11:18:04+00:00\" \/>\n<meta property=\"og:image\" content=\"https:\/\/eg-reeds.com\/wp-content\/uploads\/2015\/02\/Processed-shaped-oboe-cane-EG-REEDS.jpg\" \/>\n\t<meta property=\"og:image:width\" content=\"640\" \/>\n\t<meta property=\"og:image:height\" content=\"544\" \/>\n\t<meta property=\"og:image:type\" content=\"image\/jpeg\" \/>\n<meta name=\"twitter:card\" content=\"summary_large_image\" \/>\n<meta name=\"twitter:site\" content=\"@egreeds\" \/>\n<meta name=\"twitter:label1\" content=\"Disponibilidad\" \/>\n\t<meta name=\"twitter:data1\" content=\"Disponible\" \/>\n<script type=\"application\/ld+json\" class=\"yoast-schema-graph\">{\"@context\":\"https:\/\/schema.org\",\"@graph\":[{\"@type\":[\"WebPage\",\"ItemPage\"],\"@id\":\"https:\/\/eg-reeds.com\/es\/shop\/palas\/palas-oboe\/palas-oboe-con-forma-eg-reeds\/\",\"url\":\"https:\/\/eg-reeds.com\/es\/shop\/palas\/palas-oboe\/palas-oboe-con-forma-eg-reeds\/\",\"name\":\"Palas oboe con forma EG-REEDS - www.eg-reeds.com\",\"isPartOf\":{\"@id\":\"https:\/\/eg-reeds.com\/es\/#website\"},\"primaryImageOfPage\":{\"@id\":\"https:\/\/eg-reeds.com\/es\/shop\/palas\/palas-oboe\/palas-oboe-con-forma-eg-reeds\/#primaryimage\"},\"image\":{\"@id\":\"https:\/\/eg-reeds.com\/es\/shop\/palas\/palas-oboe\/palas-oboe-con-forma-eg-reeds\/#primaryimage\"},\"thumbnailUrl\":\"https:\/\/eg-reeds.com\/wp-content\/uploads\/2015\/02\/Processed-shaped-oboe-cane-EG-REEDS.jpg\",\"datePublished\":\"2015-02-24T15:27:25+00:00\",\"dateModified\":\"2025-10-16T11:18:04+00:00\",\"description\":\"Palas de oboe con forma EG-REEDS. Pack de 10 piezas con forma y con la m\u00e1xima calidad. Las mejores palas de oboe \u00a1Haz tu pedido hoy!\",\"breadcrumb\":{\"@id\":\"https:\/\/eg-reeds.com\/es\/shop\/palas\/palas-oboe\/palas-oboe-con-forma-eg-reeds\/#breadcrumb\"},\"inLanguage\":\"es\",\"potentialAction\":[{\"@type\":\"ReadAction\",\"target\":[\"https:\/\/eg-reeds.com\/es\/shop\/palas\/palas-oboe\/palas-oboe-con-forma-eg-reeds\/\"]}]},{\"@type\":\"ImageObject\",\"inLanguage\":\"es\",\"@id\":\"https:\/\/eg-reeds.com\/es\/shop\/palas\/palas-oboe\/palas-oboe-con-forma-eg-reeds\/#primaryimage\",\"url\":\"https:\/\/eg-reeds.com\/wp-content\/uploads\/2015\/02\/Processed-shaped-oboe-cane-EG-REEDS.jpg\",\"contentUrl\":\"https:\/\/eg-reeds.com\/wp-content\/uploads\/2015\/02\/Processed-shaped-oboe-cane-EG-REEDS.jpg\",\"width\":640,\"height\":544,\"caption\":\"Palas oboe con forma\"},{\"@type\":\"BreadcrumbList\",\"@id\":\"https:\/\/eg-reeds.com\/es\/shop\/palas\/palas-oboe\/palas-oboe-con-forma-eg-reeds\/#breadcrumb\",\"itemListElement\":[{\"@type\":\"ListItem\",\"position\":1,\"name\":\"Inicio\",\"item\":\"https:\/\/eg-reeds.com\/es\/\"},{\"@type\":\"ListItem\",\"position\":2,\"name\":\"Tienda\",\"item\":\"https:\/\/eg-reeds.com\/es\/\"},{\"@type\":\"ListItem\",\"position\":3,\"name\":\"Palas oboe con forma EG-REEDS\"}]},{\"@type\":\"WebSite\",\"@id\":\"https:\/\/eg-reeds.com\/es\/#website\",\"url\":\"https:\/\/eg-reeds.com\/es\/\",\"name\":\"www.eg-reeds.com\",\"description\":\"Ca\u00f1as oboe\",\"publisher\":{\"@id\":\"https:\/\/eg-reeds.com\/es\/#organization\"},\"alternateName\":\"eg-reeds.com\",\"potentialAction\":[{\"@type\":\"SearchAction\",\"target\":{\"@type\":\"EntryPoint\",\"urlTemplate\":\"https:\/\/eg-reeds.com\/es\/?s={search_term_string}\"},\"query-input\":{\"@type\":\"PropertyValueSpecification\",\"valueRequired\":true,\"valueName\":\"search_term_string\"}}],\"inLanguage\":\"es\"},{\"@type\":\"Organization\",\"@id\":\"https:\/\/eg-reeds.com\/es\/#organization\",\"name\":\"www.eg-reeds.com\",\"url\":\"https:\/\/eg-reeds.com\/es\/\",\"logo\":{\"@type\":\"ImageObject\",\"inLanguage\":\"es\",\"@id\":\"https:\/\/eg-reeds.com\/es\/#\/schema\/logo\/image\/\",\"url\":\"https:\/\/eg-reeds.com\/wp-content\/uploads\/2024\/06\/Logo-scaled-e1718793906611.jpg\",\"contentUrl\":\"https:\/\/eg-reeds.com\/wp-content\/uploads\/2024\/06\/Logo-scaled-e1718793906611.jpg\",\"width\":1200,\"height\":493,\"caption\":\"www.eg-reeds.com\"},\"image\":{\"@id\":\"https:\/\/eg-reeds.com\/es\/#\/schema\/logo\/image\/\"},\"sameAs\":[\"https:\/\/www.facebook.com\/EGREEDS\",\"https:\/\/x.com\/egreeds\",\"https:\/\/www.instagram.com\/egreeds\/\",\"https:\/\/www.youtube.com\/c\/EGREEDS\",\"https:\/\/www.threads.net\/@egreeds\",\"https:\/\/www.tiktok.com\/@egreeds\"]}]}<\/script>\n<meta property=\"og:availability\" content=\"instock\" \/>\n<meta property=\"product:availability\" content=\"instock\" \/>\n<meta property=\"product:retailer_item_id\" content=\"PAOB-F\" \/>\n<meta property=\"product:condition\" content=\"new\" \/>\n<!-- \/ Yoast SEO Premium plugin. -->","yoast_head_json":{"title":"Palas oboe con forma EG-REEDS - www.eg-reeds.com","description":"Palas de oboe con forma EG-REEDS. Pack de 10 piezas con forma y con la m\u00e1xima calidad. Las mejores palas de oboe \u00a1Haz tu pedido hoy!","robots":{"index":"index","follow":"follow","max-snippet":"max-snippet:-1","max-image-preview":"max-image-preview:large","max-video-preview":"max-video-preview:-1"},"canonical":"https:\/\/eg-reeds.com\/es\/shop\/palas\/palas-oboe\/palas-oboe-con-forma-eg-reeds\/","og_locale":"es_ES","og_type":"article","og_title":"Palas oboe con forma EG-REEDS","og_description":"Palas de oboe con forma EG-REEDS. Pack de 10 piezas con forma y con la m\u00e1xima calidad. Las mejores palas de oboe \u00a1Haz tu pedido hoy!","og_url":"https:\/\/eg-reeds.com\/es\/shop\/palas\/palas-oboe\/palas-oboe-con-forma-eg-reeds\/","og_site_name":"www.eg-reeds.com","article_publisher":"https:\/\/www.facebook.com\/EGREEDS","article_modified_time":"2025-10-16T11:18:04+00:00","og_image":[{"width":640,"height":544,"url":"https:\/\/eg-reeds.com\/wp-content\/uploads\/2015\/02\/Processed-shaped-oboe-cane-EG-REEDS.jpg","type":"image\/jpeg"}],"twitter_card":"summary_large_image","twitter_site":"@egreeds","twitter_misc":{"Disponibilidad":"Disponible"},"schema":{"@context":"https:\/\/schema.org","@graph":[{"@type":["WebPage","ItemPage"],"@id":"https:\/\/eg-reeds.com\/es\/shop\/palas\/palas-oboe\/palas-oboe-con-forma-eg-reeds\/","url":"https:\/\/eg-reeds.com\/es\/shop\/palas\/palas-oboe\/palas-oboe-con-forma-eg-reeds\/","name":"Palas oboe con forma EG-REEDS - www.eg-reeds.com","isPartOf":{"@id":"https:\/\/eg-reeds.com\/es\/#website"},"primaryImageOfPage":{"@id":"https:\/\/eg-reeds.com\/es\/shop\/palas\/palas-oboe\/palas-oboe-con-forma-eg-reeds\/#primaryimage"},"image":{"@id":"https:\/\/eg-reeds.com\/es\/shop\/palas\/palas-oboe\/palas-oboe-con-forma-eg-reeds\/#primaryimage"},"thumbnailUrl":"https:\/\/eg-reeds.com\/wp-content\/uploads\/2015\/02\/Processed-shaped-oboe-cane-EG-REEDS.jpg","datePublished":"2015-02-24T15:27:25+00:00","dateModified":"2025-10-16T11:18:04+00:00","description":"Palas de oboe con forma EG-REEDS. Pack de 10 piezas con forma y con la m\u00e1xima calidad. Las mejores palas de oboe \u00a1Haz tu pedido hoy!","breadcrumb":{"@id":"https:\/\/eg-reeds.com\/es\/shop\/palas\/palas-oboe\/palas-oboe-con-forma-eg-reeds\/#breadcrumb"},"inLanguage":"es","potentialAction":[{"@type":"ReadAction","target":["https:\/\/eg-reeds.com\/es\/shop\/palas\/palas-oboe\/palas-oboe-con-forma-eg-reeds\/"]}]},{"@type":"ImageObject","inLanguage":"es","@id":"https:\/\/eg-reeds.com\/es\/shop\/palas\/palas-oboe\/palas-oboe-con-forma-eg-reeds\/#primaryimage","url":"https:\/\/eg-reeds.com\/wp-content\/uploads\/2015\/02\/Processed-shaped-oboe-cane-EG-REEDS.jpg","contentUrl":"https:\/\/eg-reeds.com\/wp-content\/uploads\/2015\/02\/Processed-shaped-oboe-cane-EG-REEDS.jpg","width":640,"height":544,"caption":"Palas oboe con forma"},{"@type":"BreadcrumbList","@id":"https:\/\/eg-reeds.com\/es\/shop\/palas\/palas-oboe\/palas-oboe-con-forma-eg-reeds\/#breadcrumb","itemListElement":[{"@type":"ListItem","position":1,"name":"Inicio","item":"https:\/\/eg-reeds.com\/es\/"},{"@type":"ListItem","position":2,"name":"Tienda","item":"https:\/\/eg-reeds.com\/es\/"},{"@type":"ListItem","position":3,"name":"Palas oboe con forma EG-REEDS"}]},{"@type":"WebSite","@id":"https:\/\/eg-reeds.com\/es\/#website","url":"https:\/\/eg-reeds.com\/es\/","name":"www.eg-reeds.com","description":"Ca\u00f1as oboe","publisher":{"@id":"https:\/\/eg-reeds.com\/es\/#organization"},"alternateName":"eg-reeds.com","potentialAction":[{"@type":"SearchAction","target":{"@type":"EntryPoint","urlTemplate":"https:\/\/eg-reeds.com\/es\/?s={search_term_string}"},"query-input":{"@type":"PropertyValueSpecification","valueRequired":true,"valueName":"search_term_string"}}],"inLanguage":"es"},{"@type":"Organization","@id":"https:\/\/eg-reeds.com\/es\/#organization","name":"www.eg-reeds.com","url":"https:\/\/eg-reeds.com\/es\/","logo":{"@type":"ImageObject","inLanguage":"es","@id":"https:\/\/eg-reeds.com\/es\/#\/schema\/logo\/image\/","url":"https:\/\/eg-reeds.com\/wp-content\/uploads\/2024\/06\/Logo-scaled-e1718793906611.jpg","contentUrl":"https:\/\/eg-reeds.com\/wp-content\/uploads\/2024\/06\/Logo-scaled-e1718793906611.jpg","width":1200,"height":493,"caption":"www.eg-reeds.com"},"image":{"@id":"https:\/\/eg-reeds.com\/es\/#\/schema\/logo\/image\/"},"sameAs":["https:\/\/www.facebook.com\/EGREEDS","https:\/\/x.com\/egreeds","https:\/\/www.instagram.com\/egreeds\/","https:\/\/www.youtube.com\/c\/EGREEDS","https:\/\/www.threads.net\/@egreeds","https:\/\/www.tiktok.com\/@egreeds"]}]},"og_availability":"instock","product_availability":"instock","product_retailer_item_id":"PAOB-F","product_condition":"new"},"_links":{"self":[{"href":"https:\/\/eg-reeds.com\/es\/wp-json\/wp\/v2\/product\/1574","targetHints":{"allow":["GET"]}}],"collection":[{"href":"https:\/\/eg-reeds.com\/es\/wp-json\/wp\/v2\/product"}],"about":[{"href":"https:\/\/eg-reeds.com\/es\/wp-json\/wp\/v2\/types\/product"}],"replies":[{"embeddable":true,"href":"https:\/\/eg-reeds.com\/es\/wp-json\/wp\/v2\/comments?post=1574"}],"wp:featuredmedia":[{"embeddable":true,"href":"https:\/\/eg-reeds.com\/es\/wp-json\/wp\/v2\/media\/24869"}],"wp:attachment":[{"href":"https:\/\/eg-reeds.com\/es\/wp-json\/wp\/v2\/media?parent=1574"}],"wp:term":[{"taxonomy":"product_brand","embeddable":true,"href":"https:\/\/eg-reeds.com\/es\/wp-json\/wp\/v2\/product_brand?post=1574"},{"taxonomy":"product_cat","embeddable":true,"href":"https:\/\/eg-reeds.com\/es\/wp-json\/wp\/v2\/product_cat?post=1574"},{"taxonomy":"product_tag","embeddable":true,"href":"https:\/\/eg-reeds.com\/es\/wp-json\/wp\/v2\/product_tag?post=1574"},{"taxonomy":"giftcard-category","embeddable":true,"href":"https:\/\/eg-reeds.com\/es\/wp-json\/wp\/v2\/giftcard-category?post=1574"}],"curies":[{"name":"wp","href":"https:\/\/api.w.org\/{rel}","templated":true}]}}