{"id":1584,"date":"2015-02-24T17:12:17","date_gmt":"2015-02-24T17:12:17","guid":{"rendered":"http:\/\/localhost:8888\/shop\/uncategorized\/tubos-premium-para-oboe-12-kilo\/"},"modified":"2020-07-29T13:54:28","modified_gmt":"2020-07-29T11:54:28","slug":"tubos-oboe-eg-reeds-100","status":"publish","type":"product","link":"https:\/\/eg-reeds.com\/es\/shop\/tubos\/tubos-oboe-eg-reeds-100\/","title":{"rendered":"Tubos oboe EG-REEDS (100 gr.)"},"content":{"rendered":"<h1><strong>Tubos oboe EG-REEDS (100 gr.)<\/strong><\/h1>\n<p>Tubos oboe EG-REEDS. Gracias al clima mediterr\u00e1neo suave, obtenemos tubos de dureza media y un color dorado, por nuestro cuidadoso proceso de secado. Nuestros tubos son seleccionados uno por uno y se cortan en el momento justo de maduraci\u00f3n. Cada tubo se mide y se corta con las m\u00e1quinas m\u00e1s precisas, para una clasificaci\u00f3n cuidada. Los tubos de oboe EG-REEDS proporcionan una madera de la m\u00e1s alta calidad para tus ca\u00f1as, lo que te dar\u00e1 tranquilidad y un sonido lleno de arm\u00f3nicos.<\/p>\n<p>&nbsp;<\/p>\n<p><iframe loading=\"lazy\" title=\"Donde secamos nuestra ca\u00f1a para oboe\" width=\"1020\" height=\"574\" src=\"https:\/\/www.youtube.com\/embed\/EfDiJlTumk8?feature=oembed\" frameborder=\"0\" allow=\"accelerometer; autoplay; encrypted-media; gyroscope; picture-in-picture\" allowfullscreen><\/iframe><\/p>\n","protected":false},"excerpt":{"rendered":"<p>Tubos oboe EG-REEDS (100 gr.) Tubos oboe EG-REEDS. Gracias al clima mediterr\u00e1neo suave, obtenemos tubos de dureza media y un color dorado, por nuestro cuidadoso proceso de secado. Nuestros tubos son seleccionados uno por uno y se cortan en el momento justo de maduraci\u00f3n. Cada tubo se mide y se corta con las m\u00e1quinas m\u00e1s [&#8230;]\n","protected":false},"featured_media":24880,"comment_status":"open","ping_status":"closed","template":"","meta":[],"product_brand":[],"product_cat":[482],"product_tag":[],"giftcard-category":[],"class_list":{"0":"post-1584","1":"product","2":"type-product","3":"status-publish","4":"has-post-thumbnail","6":"product_cat-tubos","7":"pa_cane-diameter-10-mm-105-mm-es","8":"pa_cane-diameter-105-mm-11-mm-es","9":"pa_cane-diameter-11mm-115-mm-es","10":"pa_cane-diameter-9-mm-95-mm-es","11":"pa_cane-diameter-95-mm-10-mm-es","13":"first","14":"instock","15":"taxable","16":"shipping-taxable","17":"purchasable","18":"product-type-variable"},"yoast_head":"<!-- This site is optimized with the Yoast SEO Premium plugin v27.0 (Yoast SEO v27.4) - https:\/\/yoast.com\/product\/yoast-seo-premium-wordpress\/ -->\n<title>Tubos oboe EG-REEDS (100 gr.) - www.eg-reeds.com<\/title>\n<meta name=\"description\" content=\"Tubos oboe EG-REEDS. Gracias al clima mediterr\u00e1neo suave, obtenemos tubos de dureza media y un color dorado, por nuestro cuidadoso proceso de secado.\" \/>\n<meta name=\"robots\" content=\"index, follow, max-snippet:-1, max-image-preview:large, max-video-preview:-1\" \/>\n<link rel=\"canonical\" href=\"https:\/\/eg-reeds.com\/es\/shop\/tubos\/tubos-oboe-eg-reeds-100\/\" \/>\n<meta property=\"og:locale\" content=\"es_ES\" \/>\n<meta property=\"og:type\" content=\"article\" \/>\n<meta property=\"og:title\" content=\"Tubos oboe EG-REEDS (100 gr.)\" \/>\n<meta property=\"og:description\" content=\"Tubos oboe EG-REEDS. Gracias al clima mediterr\u00e1neo suave, obtenemos tubos de dureza media y un color dorado, por nuestro cuidadoso proceso de secado.\" \/>\n<meta property=\"og:url\" content=\"https:\/\/eg-reeds.com\/es\/shop\/tubos\/tubos-oboe-eg-reeds-100\/\" \/>\n<meta property=\"og:site_name\" content=\"www.eg-reeds.com\" \/>\n<meta property=\"article:publisher\" content=\"https:\/\/www.facebook.com\/EGREEDS\" \/>\n<meta property=\"article:modified_time\" content=\"2020-07-29T11:54:28+00:00\" \/>\n<meta property=\"og:image\" content=\"https:\/\/eg-reeds.com\/wp-content\/uploads\/2015\/02\/oboe-tube-cane-100g-EG-REEDS.jpg\" \/>\n\t<meta property=\"og:image:width\" content=\"640\" \/>\n\t<meta property=\"og:image:height\" content=\"544\" \/>\n\t<meta property=\"og:image:type\" content=\"image\/jpeg\" \/>\n<meta name=\"twitter:card\" content=\"summary_large_image\" \/>\n<meta name=\"twitter:site\" content=\"@egreeds\" \/>\n<meta name=\"twitter:label1\" content=\"Disponibilidad\" \/>\n\t<meta name=\"twitter:data1\" content=\"Disponible\" \/>\n<script type=\"application\/ld+json\" class=\"yoast-schema-graph\">{\"@context\":\"https:\\\/\\\/schema.org\",\"@graph\":[{\"@type\":[\"WebPage\",\"ItemPage\"],\"@id\":\"https:\\\/\\\/eg-reeds.com\\\/es\\\/shop\\\/tubos\\\/tubos-oboe-eg-reeds-100\\\/\",\"url\":\"https:\\\/\\\/eg-reeds.com\\\/es\\\/shop\\\/tubos\\\/tubos-oboe-eg-reeds-100\\\/\",\"name\":\"Tubos oboe EG-REEDS (100 gr.) - www.eg-reeds.com\",\"isPartOf\":{\"@id\":\"https:\\\/\\\/eg-reeds.com\\\/es\\\/#website\"},\"primaryImageOfPage\":{\"@id\":\"https:\\\/\\\/eg-reeds.com\\\/es\\\/shop\\\/tubos\\\/tubos-oboe-eg-reeds-100\\\/#primaryimage\"},\"image\":{\"@id\":\"https:\\\/\\\/eg-reeds.com\\\/es\\\/shop\\\/tubos\\\/tubos-oboe-eg-reeds-100\\\/#primaryimage\"},\"thumbnailUrl\":\"https:\\\/\\\/eg-reeds.com\\\/wp-content\\\/uploads\\\/2015\\\/02\\\/oboe-tube-cane-100g-EG-REEDS.jpg\",\"datePublished\":\"2015-02-24T17:12:17+00:00\",\"dateModified\":\"2020-07-29T11:54:28+00:00\",\"description\":\"Tubos oboe EG-REEDS. Gracias al clima mediterr\u00e1neo suave, obtenemos tubos de dureza media y un color dorado, por nuestro cuidadoso proceso de secado.\",\"breadcrumb\":{\"@id\":\"https:\\\/\\\/eg-reeds.com\\\/es\\\/shop\\\/tubos\\\/tubos-oboe-eg-reeds-100\\\/#breadcrumb\"},\"inLanguage\":\"es\",\"potentialAction\":[{\"@type\":\"ReadAction\",\"target\":[\"https:\\\/\\\/eg-reeds.com\\\/es\\\/shop\\\/tubos\\\/tubos-oboe-eg-reeds-100\\\/\"]}]},{\"@type\":\"ImageObject\",\"inLanguage\":\"es\",\"@id\":\"https:\\\/\\\/eg-reeds.com\\\/es\\\/shop\\\/tubos\\\/tubos-oboe-eg-reeds-100\\\/#primaryimage\",\"url\":\"https:\\\/\\\/eg-reeds.com\\\/wp-content\\\/uploads\\\/2015\\\/02\\\/oboe-tube-cane-100g-EG-REEDS.jpg\",\"contentUrl\":\"https:\\\/\\\/eg-reeds.com\\\/wp-content\\\/uploads\\\/2015\\\/02\\\/oboe-tube-cane-100g-EG-REEDS.jpg\",\"width\":640,\"height\":544,\"caption\":\"Tubos oboe EG-REEDS\"},{\"@type\":\"BreadcrumbList\",\"@id\":\"https:\\\/\\\/eg-reeds.com\\\/es\\\/shop\\\/tubos\\\/tubos-oboe-eg-reeds-100\\\/#breadcrumb\",\"itemListElement\":[{\"@type\":\"ListItem\",\"position\":1,\"name\":\"Inicio\",\"item\":\"https:\\\/\\\/eg-reeds.com\\\/es\\\/\"},{\"@type\":\"ListItem\",\"position\":2,\"name\":\"Tienda\",\"item\":\"https:\\\/\\\/eg-reeds.com\\\/es\\\/\"},{\"@type\":\"ListItem\",\"position\":3,\"name\":\"Tubos oboe EG-REEDS (100 gr.)\"}]},{\"@type\":\"WebSite\",\"@id\":\"https:\\\/\\\/eg-reeds.com\\\/es\\\/#website\",\"url\":\"https:\\\/\\\/eg-reeds.com\\\/es\\\/\",\"name\":\"www.eg-reeds.com\",\"description\":\"Ca\u00f1as oboe\",\"publisher\":{\"@id\":\"https:\\\/\\\/eg-reeds.com\\\/es\\\/#organization\"},\"alternateName\":\"eg-reeds.com\",\"potentialAction\":[{\"@type\":\"SearchAction\",\"target\":{\"@type\":\"EntryPoint\",\"urlTemplate\":\"https:\\\/\\\/eg-reeds.com\\\/es\\\/?s={search_term_string}\"},\"query-input\":{\"@type\":\"PropertyValueSpecification\",\"valueRequired\":true,\"valueName\":\"search_term_string\"}}],\"inLanguage\":\"es\"},{\"@type\":\"Organization\",\"@id\":\"https:\\\/\\\/eg-reeds.com\\\/es\\\/#organization\",\"name\":\"www.eg-reeds.com\",\"url\":\"https:\\\/\\\/eg-reeds.com\\\/es\\\/\",\"logo\":{\"@type\":\"ImageObject\",\"inLanguage\":\"es\",\"@id\":\"https:\\\/\\\/eg-reeds.com\\\/es\\\/#\\\/schema\\\/logo\\\/image\\\/\",\"url\":\"https:\\\/\\\/eg-reeds.com\\\/wp-content\\\/uploads\\\/2024\\\/06\\\/Logo-scaled-e1718793906611.jpg\",\"contentUrl\":\"https:\\\/\\\/eg-reeds.com\\\/wp-content\\\/uploads\\\/2024\\\/06\\\/Logo-scaled-e1718793906611.jpg\",\"width\":1200,\"height\":493,\"caption\":\"www.eg-reeds.com\"},\"image\":{\"@id\":\"https:\\\/\\\/eg-reeds.com\\\/es\\\/#\\\/schema\\\/logo\\\/image\\\/\"},\"sameAs\":[\"https:\\\/\\\/www.facebook.com\\\/EGREEDS\",\"https:\\\/\\\/x.com\\\/egreeds\",\"https:\\\/\\\/www.instagram.com\\\/egreeds\\\/\",\"https:\\\/\\\/www.youtube.com\\\/c\\\/EGREEDS\",\"https:\\\/\\\/www.threads.net\\\/@egreeds\",\"https:\\\/\\\/www.tiktok.com\\\/@egreeds\"]}]}<\/script>\n<meta property=\"og:availability\" content=\"instock\" \/>\n<meta property=\"product:availability\" content=\"instock\" \/>\n<meta property=\"product:retailer_item_id\" content=\"TB100\" \/>\n<meta property=\"product:condition\" content=\"new\" \/>\n<!-- \/ Yoast SEO Premium plugin. -->","yoast_head_json":{"title":"Tubos oboe EG-REEDS (100 gr.) - www.eg-reeds.com","description":"Tubos oboe EG-REEDS. Gracias al clima mediterr\u00e1neo suave, obtenemos tubos de dureza media y un color dorado, por nuestro cuidadoso proceso de secado.","robots":{"index":"index","follow":"follow","max-snippet":"max-snippet:-1","max-image-preview":"max-image-preview:large","max-video-preview":"max-video-preview:-1"},"canonical":"https:\/\/eg-reeds.com\/es\/shop\/tubos\/tubos-oboe-eg-reeds-100\/","og_locale":"es_ES","og_type":"article","og_title":"Tubos oboe EG-REEDS (100 gr.)","og_description":"Tubos oboe EG-REEDS. Gracias al clima mediterr\u00e1neo suave, obtenemos tubos de dureza media y un color dorado, por nuestro cuidadoso proceso de secado.","og_url":"https:\/\/eg-reeds.com\/es\/shop\/tubos\/tubos-oboe-eg-reeds-100\/","og_site_name":"www.eg-reeds.com","article_publisher":"https:\/\/www.facebook.com\/EGREEDS","article_modified_time":"2020-07-29T11:54:28+00:00","og_image":[{"width":640,"height":544,"url":"https:\/\/eg-reeds.com\/wp-content\/uploads\/2015\/02\/oboe-tube-cane-100g-EG-REEDS.jpg","type":"image\/jpeg"}],"twitter_card":"summary_large_image","twitter_site":"@egreeds","twitter_misc":{"Disponibilidad":"Disponible"},"schema":{"@context":"https:\/\/schema.org","@graph":[{"@type":["WebPage","ItemPage"],"@id":"https:\/\/eg-reeds.com\/es\/shop\/tubos\/tubos-oboe-eg-reeds-100\/","url":"https:\/\/eg-reeds.com\/es\/shop\/tubos\/tubos-oboe-eg-reeds-100\/","name":"Tubos oboe EG-REEDS (100 gr.) - www.eg-reeds.com","isPartOf":{"@id":"https:\/\/eg-reeds.com\/es\/#website"},"primaryImageOfPage":{"@id":"https:\/\/eg-reeds.com\/es\/shop\/tubos\/tubos-oboe-eg-reeds-100\/#primaryimage"},"image":{"@id":"https:\/\/eg-reeds.com\/es\/shop\/tubos\/tubos-oboe-eg-reeds-100\/#primaryimage"},"thumbnailUrl":"https:\/\/eg-reeds.com\/wp-content\/uploads\/2015\/02\/oboe-tube-cane-100g-EG-REEDS.jpg","datePublished":"2015-02-24T17:12:17+00:00","dateModified":"2020-07-29T11:54:28+00:00","description":"Tubos oboe EG-REEDS. Gracias al clima mediterr\u00e1neo suave, obtenemos tubos de dureza media y un color dorado, por nuestro cuidadoso proceso de secado.","breadcrumb":{"@id":"https:\/\/eg-reeds.com\/es\/shop\/tubos\/tubos-oboe-eg-reeds-100\/#breadcrumb"},"inLanguage":"es","potentialAction":[{"@type":"ReadAction","target":["https:\/\/eg-reeds.com\/es\/shop\/tubos\/tubos-oboe-eg-reeds-100\/"]}]},{"@type":"ImageObject","inLanguage":"es","@id":"https:\/\/eg-reeds.com\/es\/shop\/tubos\/tubos-oboe-eg-reeds-100\/#primaryimage","url":"https:\/\/eg-reeds.com\/wp-content\/uploads\/2015\/02\/oboe-tube-cane-100g-EG-REEDS.jpg","contentUrl":"https:\/\/eg-reeds.com\/wp-content\/uploads\/2015\/02\/oboe-tube-cane-100g-EG-REEDS.jpg","width":640,"height":544,"caption":"Tubos oboe EG-REEDS"},{"@type":"BreadcrumbList","@id":"https:\/\/eg-reeds.com\/es\/shop\/tubos\/tubos-oboe-eg-reeds-100\/#breadcrumb","itemListElement":[{"@type":"ListItem","position":1,"name":"Inicio","item":"https:\/\/eg-reeds.com\/es\/"},{"@type":"ListItem","position":2,"name":"Tienda","item":"https:\/\/eg-reeds.com\/es\/"},{"@type":"ListItem","position":3,"name":"Tubos oboe EG-REEDS (100 gr.)"}]},{"@type":"WebSite","@id":"https:\/\/eg-reeds.com\/es\/#website","url":"https:\/\/eg-reeds.com\/es\/","name":"www.eg-reeds.com","description":"Ca\u00f1as oboe","publisher":{"@id":"https:\/\/eg-reeds.com\/es\/#organization"},"alternateName":"eg-reeds.com","potentialAction":[{"@type":"SearchAction","target":{"@type":"EntryPoint","urlTemplate":"https:\/\/eg-reeds.com\/es\/?s={search_term_string}"},"query-input":{"@type":"PropertyValueSpecification","valueRequired":true,"valueName":"search_term_string"}}],"inLanguage":"es"},{"@type":"Organization","@id":"https:\/\/eg-reeds.com\/es\/#organization","name":"www.eg-reeds.com","url":"https:\/\/eg-reeds.com\/es\/","logo":{"@type":"ImageObject","inLanguage":"es","@id":"https:\/\/eg-reeds.com\/es\/#\/schema\/logo\/image\/","url":"https:\/\/eg-reeds.com\/wp-content\/uploads\/2024\/06\/Logo-scaled-e1718793906611.jpg","contentUrl":"https:\/\/eg-reeds.com\/wp-content\/uploads\/2024\/06\/Logo-scaled-e1718793906611.jpg","width":1200,"height":493,"caption":"www.eg-reeds.com"},"image":{"@id":"https:\/\/eg-reeds.com\/es\/#\/schema\/logo\/image\/"},"sameAs":["https:\/\/www.facebook.com\/EGREEDS","https:\/\/x.com\/egreeds","https:\/\/www.instagram.com\/egreeds\/","https:\/\/www.youtube.com\/c\/EGREEDS","https:\/\/www.threads.net\/@egreeds","https:\/\/www.tiktok.com\/@egreeds"]}]},"og_availability":"instock","product_availability":"instock","product_retailer_item_id":"TB100","product_condition":"new"},"_links":{"self":[{"href":"https:\/\/eg-reeds.com\/es\/wp-json\/wp\/v2\/product\/1584","targetHints":{"allow":["GET"]}}],"collection":[{"href":"https:\/\/eg-reeds.com\/es\/wp-json\/wp\/v2\/product"}],"about":[{"href":"https:\/\/eg-reeds.com\/es\/wp-json\/wp\/v2\/types\/product"}],"replies":[{"embeddable":true,"href":"https:\/\/eg-reeds.com\/es\/wp-json\/wp\/v2\/comments?post=1584"}],"wp:featuredmedia":[{"embeddable":true,"href":"https:\/\/eg-reeds.com\/es\/wp-json\/wp\/v2\/media\/24880"}],"wp:attachment":[{"href":"https:\/\/eg-reeds.com\/es\/wp-json\/wp\/v2\/media?parent=1584"}],"wp:term":[{"taxonomy":"product_brand","embeddable":true,"href":"https:\/\/eg-reeds.com\/es\/wp-json\/wp\/v2\/product_brand?post=1584"},{"taxonomy":"product_cat","embeddable":true,"href":"https:\/\/eg-reeds.com\/es\/wp-json\/wp\/v2\/product_cat?post=1584"},{"taxonomy":"product_tag","embeddable":true,"href":"https:\/\/eg-reeds.com\/es\/wp-json\/wp\/v2\/product_tag?post=1584"},{"taxonomy":"giftcard-category","embeddable":true,"href":"https:\/\/eg-reeds.com\/es\/wp-json\/wp\/v2\/giftcard-category?post=1584"}],"curies":[{"name":"wp","href":"https:\/\/api.w.org\/{rel}","templated":true}]}}