{"id":19209,"date":"2016-10-28T12:42:47","date_gmt":"2016-10-28T11:42:47","guid":{"rendered":"http:\/\/eg-reeds.com\/es\/shop\/palas\/palas-oboe-de-amor-gubiadas-eg-reeds\/"},"modified":"2023-03-30T09:12:57","modified_gmt":"2023-03-30T08:12:57","slug":"palas-oboe-de-amor-gubiadas-eg-reeds","status":"publish","type":"product","link":"https:\/\/eg-reeds.com\/es\/shop\/palas\/palas-oboe-de-amor-gubiadas-eg-reeds\/","title":{"rendered":"Palas oboe de amor gubiadas EG-REEDS"},"content":{"rendered":"<h1><strong>Palas oboe de amor gubiadas EG-REEDS (10 unidades).<\/strong><\/h1>\n<p>Palas oboe de amor gubiadas EG-REEDS. Palas gubiadas usando las herramientas m\u00e1s modernas para obtener la mayor precisi\u00f3n. Nuestras palas gubiadas se miden una a una con la m\u00e1quina de control de flexibilidad para tener un riguroso control de calidad. Nuestras palas de oboe de amor gubiadas, est\u00e1n hechas siguiendo los niveles de calidad m\u00e1s altos de EG-REEDS.<\/p>\n","protected":false},"excerpt":{"rendered":"<p>10 unidades.<\/p>\n","protected":false},"featured_media":23175,"comment_status":"open","ping_status":"closed","template":"","meta":[],"product_brand":[],"product_cat":[479,1341],"product_tag":[],"giftcard-category":[],"class_list":{"0":"post-19209","1":"product","2":"type-product","3":"status-publish","4":"has-post-thumbnail","6":"product_cat-palas","7":"product_cat-palas-oboe-de-amor","8":"pa_cane-diameter-105-mm-11-mm-es","9":"pa_cane-diameter-11mm-115-mm-es","10":"pa_thickness-058-mm-059-mm-es-2","11":"pa_thickness-059-mm-060-mm-es","12":"pa_thickness-060-mm-061-mm-es-2","14":"first","15":"instock","16":"taxable","17":"shipping-taxable","18":"purchasable","19":"product-type-variable","20":"has-default-attributes"},"yoast_head":"<!-- This site is optimized with the Yoast SEO Premium plugin v27.0 (Yoast SEO v27.4) - https:\/\/yoast.com\/product\/yoast-seo-premium-wordpress\/ -->\n<title>Palas oboe de amor gubiadas EG-REEDS - www.eg-reeds.com<\/title>\n<meta name=\"description\" content=\"Palas oboe de amor gubiadas EG-REEDS. Nuestras palas de oboe de amor gubiadas, est\u00e1n hechas siguiendo los niveles de calidad m\u00e1s altos.\" \/>\n<meta name=\"robots\" content=\"index, follow, max-snippet:-1, max-image-preview:large, max-video-preview:-1\" \/>\n<link rel=\"canonical\" href=\"https:\/\/eg-reeds.com\/es\/shop\/palas\/palas-oboe-de-amor-gubiadas-eg-reeds\/\" \/>\n<meta property=\"og:locale\" content=\"es_ES\" \/>\n<meta property=\"og:type\" content=\"article\" \/>\n<meta property=\"og:title\" content=\"Palas oboe de amor gubiadas EG-REEDS\" \/>\n<meta property=\"og:description\" content=\"Palas oboe de amor gubiadas EG-REEDS. Nuestras palas de oboe de amor gubiadas, est\u00e1n hechas siguiendo los niveles de calidad m\u00e1s altos.\" \/>\n<meta property=\"og:url\" content=\"https:\/\/eg-reeds.com\/es\/shop\/palas\/palas-oboe-de-amor-gubiadas-eg-reeds\/\" \/>\n<meta property=\"og:site_name\" content=\"www.eg-reeds.com\" \/>\n<meta property=\"article:publisher\" content=\"https:\/\/www.facebook.com\/EGREEDS\" \/>\n<meta property=\"article:modified_time\" content=\"2023-03-30T08:12:57+00:00\" \/>\n<meta property=\"og:image\" content=\"https:\/\/eg-reeds.com\/wp-content\/uploads\/2017\/01\/processed-englis-horn-cane-gouged-EG-REEDS.jpg\" \/>\n\t<meta property=\"og:image:width\" content=\"640\" \/>\n\t<meta property=\"og:image:height\" content=\"544\" \/>\n\t<meta property=\"og:image:type\" content=\"image\/jpeg\" \/>\n<meta name=\"twitter:card\" content=\"summary_large_image\" \/>\n<meta name=\"twitter:site\" content=\"@egreeds\" \/>\n<meta name=\"twitter:label1\" content=\"Disponibilidad\" \/>\n\t<meta name=\"twitter:data1\" content=\"Disponible\" \/>\n<script type=\"application\/ld+json\" class=\"yoast-schema-graph\">{\"@context\":\"https:\\\/\\\/schema.org\",\"@graph\":[{\"@type\":[\"WebPage\",\"ItemPage\"],\"@id\":\"https:\\\/\\\/eg-reeds.com\\\/es\\\/shop\\\/palas\\\/palas-oboe-de-amor-gubiadas-eg-reeds\\\/\",\"url\":\"https:\\\/\\\/eg-reeds.com\\\/es\\\/shop\\\/palas\\\/palas-oboe-de-amor-gubiadas-eg-reeds\\\/\",\"name\":\"Palas oboe de amor gubiadas EG-REEDS - www.eg-reeds.com\",\"isPartOf\":{\"@id\":\"https:\\\/\\\/eg-reeds.com\\\/es\\\/#website\"},\"primaryImageOfPage\":{\"@id\":\"https:\\\/\\\/eg-reeds.com\\\/es\\\/shop\\\/palas\\\/palas-oboe-de-amor-gubiadas-eg-reeds\\\/#primaryimage\"},\"image\":{\"@id\":\"https:\\\/\\\/eg-reeds.com\\\/es\\\/shop\\\/palas\\\/palas-oboe-de-amor-gubiadas-eg-reeds\\\/#primaryimage\"},\"thumbnailUrl\":\"https:\\\/\\\/eg-reeds.com\\\/wp-content\\\/uploads\\\/2017\\\/01\\\/processed-englis-horn-cane-gouged-EG-REEDS.jpg\",\"datePublished\":\"2016-10-28T11:42:47+00:00\",\"dateModified\":\"2023-03-30T08:12:57+00:00\",\"description\":\"Palas oboe de amor gubiadas EG-REEDS. Nuestras palas de oboe de amor gubiadas, est\u00e1n hechas siguiendo los niveles de calidad m\u00e1s altos.\",\"breadcrumb\":{\"@id\":\"https:\\\/\\\/eg-reeds.com\\\/es\\\/shop\\\/palas\\\/palas-oboe-de-amor-gubiadas-eg-reeds\\\/#breadcrumb\"},\"inLanguage\":\"es\",\"potentialAction\":[{\"@type\":\"ReadAction\",\"target\":[\"https:\\\/\\\/eg-reeds.com\\\/es\\\/shop\\\/palas\\\/palas-oboe-de-amor-gubiadas-eg-reeds\\\/\"]}]},{\"@type\":\"ImageObject\",\"inLanguage\":\"es\",\"@id\":\"https:\\\/\\\/eg-reeds.com\\\/es\\\/shop\\\/palas\\\/palas-oboe-de-amor-gubiadas-eg-reeds\\\/#primaryimage\",\"url\":\"https:\\\/\\\/eg-reeds.com\\\/wp-content\\\/uploads\\\/2017\\\/01\\\/processed-englis-horn-cane-gouged-EG-REEDS.jpg\",\"contentUrl\":\"https:\\\/\\\/eg-reeds.com\\\/wp-content\\\/uploads\\\/2017\\\/01\\\/processed-englis-horn-cane-gouged-EG-REEDS.jpg\",\"width\":640,\"height\":544,\"caption\":\"Palas gubiadas\"},{\"@type\":\"BreadcrumbList\",\"@id\":\"https:\\\/\\\/eg-reeds.com\\\/es\\\/shop\\\/palas\\\/palas-oboe-de-amor-gubiadas-eg-reeds\\\/#breadcrumb\",\"itemListElement\":[{\"@type\":\"ListItem\",\"position\":1,\"name\":\"Inicio\",\"item\":\"https:\\\/\\\/eg-reeds.com\\\/es\\\/\"},{\"@type\":\"ListItem\",\"position\":2,\"name\":\"Tienda\",\"item\":\"https:\\\/\\\/eg-reeds.com\\\/es\\\/\"},{\"@type\":\"ListItem\",\"position\":3,\"name\":\"Palas oboe de amor gubiadas EG-REEDS\"}]},{\"@type\":\"WebSite\",\"@id\":\"https:\\\/\\\/eg-reeds.com\\\/es\\\/#website\",\"url\":\"https:\\\/\\\/eg-reeds.com\\\/es\\\/\",\"name\":\"www.eg-reeds.com\",\"description\":\"Ca\u00f1as oboe\",\"publisher\":{\"@id\":\"https:\\\/\\\/eg-reeds.com\\\/es\\\/#organization\"},\"alternateName\":\"eg-reeds.com\",\"potentialAction\":[{\"@type\":\"SearchAction\",\"target\":{\"@type\":\"EntryPoint\",\"urlTemplate\":\"https:\\\/\\\/eg-reeds.com\\\/es\\\/?s={search_term_string}\"},\"query-input\":{\"@type\":\"PropertyValueSpecification\",\"valueRequired\":true,\"valueName\":\"search_term_string\"}}],\"inLanguage\":\"es\"},{\"@type\":\"Organization\",\"@id\":\"https:\\\/\\\/eg-reeds.com\\\/es\\\/#organization\",\"name\":\"www.eg-reeds.com\",\"url\":\"https:\\\/\\\/eg-reeds.com\\\/es\\\/\",\"logo\":{\"@type\":\"ImageObject\",\"inLanguage\":\"es\",\"@id\":\"https:\\\/\\\/eg-reeds.com\\\/es\\\/#\\\/schema\\\/logo\\\/image\\\/\",\"url\":\"https:\\\/\\\/eg-reeds.com\\\/wp-content\\\/uploads\\\/2024\\\/06\\\/Logo-scaled-e1718793906611.jpg\",\"contentUrl\":\"https:\\\/\\\/eg-reeds.com\\\/wp-content\\\/uploads\\\/2024\\\/06\\\/Logo-scaled-e1718793906611.jpg\",\"width\":1200,\"height\":493,\"caption\":\"www.eg-reeds.com\"},\"image\":{\"@id\":\"https:\\\/\\\/eg-reeds.com\\\/es\\\/#\\\/schema\\\/logo\\\/image\\\/\"},\"sameAs\":[\"https:\\\/\\\/www.facebook.com\\\/EGREEDS\",\"https:\\\/\\\/x.com\\\/egreeds\",\"https:\\\/\\\/www.instagram.com\\\/egreeds\\\/\",\"https:\\\/\\\/www.youtube.com\\\/c\\\/EGREEDS\",\"https:\\\/\\\/www.threads.net\\\/@egreeds\",\"https:\\\/\\\/www.tiktok.com\\\/@egreeds\"]}]}<\/script>\n<meta property=\"og:availability\" content=\"instock\" \/>\n<meta property=\"product:availability\" content=\"instock\" \/>\n<meta property=\"product:retailer_item_id\" content=\"PAOBA-G\" \/>\n<meta property=\"product:condition\" content=\"new\" \/>\n<!-- \/ Yoast SEO Premium plugin. -->","yoast_head_json":{"title":"Palas oboe de amor gubiadas EG-REEDS - www.eg-reeds.com","description":"Palas oboe de amor gubiadas EG-REEDS. Nuestras palas de oboe de amor gubiadas, est\u00e1n hechas siguiendo los niveles de calidad m\u00e1s altos.","robots":{"index":"index","follow":"follow","max-snippet":"max-snippet:-1","max-image-preview":"max-image-preview:large","max-video-preview":"max-video-preview:-1"},"canonical":"https:\/\/eg-reeds.com\/es\/shop\/palas\/palas-oboe-de-amor-gubiadas-eg-reeds\/","og_locale":"es_ES","og_type":"article","og_title":"Palas oboe de amor gubiadas EG-REEDS","og_description":"Palas oboe de amor gubiadas EG-REEDS. Nuestras palas de oboe de amor gubiadas, est\u00e1n hechas siguiendo los niveles de calidad m\u00e1s altos.","og_url":"https:\/\/eg-reeds.com\/es\/shop\/palas\/palas-oboe-de-amor-gubiadas-eg-reeds\/","og_site_name":"www.eg-reeds.com","article_publisher":"https:\/\/www.facebook.com\/EGREEDS","article_modified_time":"2023-03-30T08:12:57+00:00","og_image":[{"width":640,"height":544,"url":"https:\/\/eg-reeds.com\/wp-content\/uploads\/2017\/01\/processed-englis-horn-cane-gouged-EG-REEDS.jpg","type":"image\/jpeg"}],"twitter_card":"summary_large_image","twitter_site":"@egreeds","twitter_misc":{"Disponibilidad":"Disponible"},"schema":{"@context":"https:\/\/schema.org","@graph":[{"@type":["WebPage","ItemPage"],"@id":"https:\/\/eg-reeds.com\/es\/shop\/palas\/palas-oboe-de-amor-gubiadas-eg-reeds\/","url":"https:\/\/eg-reeds.com\/es\/shop\/palas\/palas-oboe-de-amor-gubiadas-eg-reeds\/","name":"Palas oboe de amor gubiadas EG-REEDS - www.eg-reeds.com","isPartOf":{"@id":"https:\/\/eg-reeds.com\/es\/#website"},"primaryImageOfPage":{"@id":"https:\/\/eg-reeds.com\/es\/shop\/palas\/palas-oboe-de-amor-gubiadas-eg-reeds\/#primaryimage"},"image":{"@id":"https:\/\/eg-reeds.com\/es\/shop\/palas\/palas-oboe-de-amor-gubiadas-eg-reeds\/#primaryimage"},"thumbnailUrl":"https:\/\/eg-reeds.com\/wp-content\/uploads\/2017\/01\/processed-englis-horn-cane-gouged-EG-REEDS.jpg","datePublished":"2016-10-28T11:42:47+00:00","dateModified":"2023-03-30T08:12:57+00:00","description":"Palas oboe de amor gubiadas EG-REEDS. Nuestras palas de oboe de amor gubiadas, est\u00e1n hechas siguiendo los niveles de calidad m\u00e1s altos.","breadcrumb":{"@id":"https:\/\/eg-reeds.com\/es\/shop\/palas\/palas-oboe-de-amor-gubiadas-eg-reeds\/#breadcrumb"},"inLanguage":"es","potentialAction":[{"@type":"ReadAction","target":["https:\/\/eg-reeds.com\/es\/shop\/palas\/palas-oboe-de-amor-gubiadas-eg-reeds\/"]}]},{"@type":"ImageObject","inLanguage":"es","@id":"https:\/\/eg-reeds.com\/es\/shop\/palas\/palas-oboe-de-amor-gubiadas-eg-reeds\/#primaryimage","url":"https:\/\/eg-reeds.com\/wp-content\/uploads\/2017\/01\/processed-englis-horn-cane-gouged-EG-REEDS.jpg","contentUrl":"https:\/\/eg-reeds.com\/wp-content\/uploads\/2017\/01\/processed-englis-horn-cane-gouged-EG-REEDS.jpg","width":640,"height":544,"caption":"Palas gubiadas"},{"@type":"BreadcrumbList","@id":"https:\/\/eg-reeds.com\/es\/shop\/palas\/palas-oboe-de-amor-gubiadas-eg-reeds\/#breadcrumb","itemListElement":[{"@type":"ListItem","position":1,"name":"Inicio","item":"https:\/\/eg-reeds.com\/es\/"},{"@type":"ListItem","position":2,"name":"Tienda","item":"https:\/\/eg-reeds.com\/es\/"},{"@type":"ListItem","position":3,"name":"Palas oboe de amor gubiadas EG-REEDS"}]},{"@type":"WebSite","@id":"https:\/\/eg-reeds.com\/es\/#website","url":"https:\/\/eg-reeds.com\/es\/","name":"www.eg-reeds.com","description":"Ca\u00f1as oboe","publisher":{"@id":"https:\/\/eg-reeds.com\/es\/#organization"},"alternateName":"eg-reeds.com","potentialAction":[{"@type":"SearchAction","target":{"@type":"EntryPoint","urlTemplate":"https:\/\/eg-reeds.com\/es\/?s={search_term_string}"},"query-input":{"@type":"PropertyValueSpecification","valueRequired":true,"valueName":"search_term_string"}}],"inLanguage":"es"},{"@type":"Organization","@id":"https:\/\/eg-reeds.com\/es\/#organization","name":"www.eg-reeds.com","url":"https:\/\/eg-reeds.com\/es\/","logo":{"@type":"ImageObject","inLanguage":"es","@id":"https:\/\/eg-reeds.com\/es\/#\/schema\/logo\/image\/","url":"https:\/\/eg-reeds.com\/wp-content\/uploads\/2024\/06\/Logo-scaled-e1718793906611.jpg","contentUrl":"https:\/\/eg-reeds.com\/wp-content\/uploads\/2024\/06\/Logo-scaled-e1718793906611.jpg","width":1200,"height":493,"caption":"www.eg-reeds.com"},"image":{"@id":"https:\/\/eg-reeds.com\/es\/#\/schema\/logo\/image\/"},"sameAs":["https:\/\/www.facebook.com\/EGREEDS","https:\/\/x.com\/egreeds","https:\/\/www.instagram.com\/egreeds\/","https:\/\/www.youtube.com\/c\/EGREEDS","https:\/\/www.threads.net\/@egreeds","https:\/\/www.tiktok.com\/@egreeds"]}]},"og_availability":"instock","product_availability":"instock","product_retailer_item_id":"PAOBA-G","product_condition":"new"},"_links":{"self":[{"href":"https:\/\/eg-reeds.com\/es\/wp-json\/wp\/v2\/product\/19209","targetHints":{"allow":["GET"]}}],"collection":[{"href":"https:\/\/eg-reeds.com\/es\/wp-json\/wp\/v2\/product"}],"about":[{"href":"https:\/\/eg-reeds.com\/es\/wp-json\/wp\/v2\/types\/product"}],"replies":[{"embeddable":true,"href":"https:\/\/eg-reeds.com\/es\/wp-json\/wp\/v2\/comments?post=19209"}],"wp:featuredmedia":[{"embeddable":true,"href":"https:\/\/eg-reeds.com\/es\/wp-json\/wp\/v2\/media\/23175"}],"wp:attachment":[{"href":"https:\/\/eg-reeds.com\/es\/wp-json\/wp\/v2\/media?parent=19209"}],"wp:term":[{"taxonomy":"product_brand","embeddable":true,"href":"https:\/\/eg-reeds.com\/es\/wp-json\/wp\/v2\/product_brand?post=19209"},{"taxonomy":"product_cat","embeddable":true,"href":"https:\/\/eg-reeds.com\/es\/wp-json\/wp\/v2\/product_cat?post=19209"},{"taxonomy":"product_tag","embeddable":true,"href":"https:\/\/eg-reeds.com\/es\/wp-json\/wp\/v2\/product_tag?post=19209"},{"taxonomy":"giftcard-category","embeddable":true,"href":"https:\/\/eg-reeds.com\/es\/wp-json\/wp\/v2\/giftcard-category?post=19209"}],"curies":[{"name":"wp","href":"https:\/\/api.w.org\/{rel}","templated":true}]}}