{"id":26102,"date":"2017-04-27T10:19:15","date_gmt":"2017-04-27T10:19:15","guid":{"rendered":"http:\/\/eg-reeds.com\/es\/shop\/maquinas-hacer-canas-es\/reeds-n-stuff-es\/maquina-de-raspado-reeds-n-stuff\/"},"modified":"2024-05-03T10:57:50","modified_gmt":"2024-05-03T09:57:50","slug":"maquina-de-raspado-reeds-n-stuff","status":"publish","type":"product","link":"https:\/\/eg-reeds.com\/es\/shop\/maquinas-hacer-canas\/reeds-n-stuff\/maquina-de-raspado-reeds-n-stuff\/","title":{"rendered":"M\u00e1quina de raspado Reeds &#8216;n stuff"},"content":{"rendered":"<h1><strong>M\u00e1quina de raspado Reeds &#8216;n stuff.<\/strong><\/h1>\n<p>M\u00e1quina de raspado Reeds &#8216;n Stuff para ca\u00f1as de oboe. Tres cosas conducen a un sonido y una resonancia incomparables: la gran variedad de formas, los ajustes del largo del raspado y las pesta\u00f1as. Permiten flexibilidad y m\u00e1s que eso, ca\u00f1as perfectas.<\/p>\n<p><a href=\"http:\/\/eg-reeds.com\/template-list-reeds-n-stuff\/\" target=\"_blank\" rel=\"noopener noreferrer\">Listado de moldes<\/a><\/p>\n<p>Entrega en 7-10 d\u00edas.<\/p>\n<p><span style=\"color: #333333;\">Esta m\u00e1quina de raspar ca\u00f1as de oboe, tambi\u00e9n est\u00e1 disponible para corno ingl\u00e9s, oboe de amor, oboe vien\u00e9s, oboe barroco y oboe bajo. Por favor contacta con nosotros para m\u00e1s informaci\u00f3n en <a href=\"mailto:info@eg-reeds.com\" target=\"_blank\" rel=\"noopener\">info@eg-reeds.com\u00a0<\/a><\/span><\/p>\n<p>&nbsp;<\/p>\n<h3><strong>Precisi\u00f3n y ajuste.<\/strong><\/h3>\n<p>Nuestra cuchilla es extra dura y se forma en una forma redondeada con una piedra de diamante. Esto permite la reproducci\u00f3n de los raspados de ca\u00f1a m\u00e1s detallados. Al cambiar la cuchilla, el indicador del ajuste de la cuchilla hace que sea incre\u00edblemente f\u00e1cil establecer su posici\u00f3n perfecta.<\/p>\n<p><img loading=\"lazy\" decoding=\"async\" class=\"wp-image-29636 size-medium aligncenter\" src=\"http:\/\/eg-reeds.com\/wp-content\/uploads\/2017\/04\/detail_f10-13200-0010_01.jpg\" alt=\"Transport bag oboe profiling machine \" width=\"300\" height=\"240\" srcset=\"https:\/\/eg-reeds.com\/wp-content\/uploads\/2017\/04\/detail_f10-13200-0010_01.jpg 1500w, https:\/\/eg-reeds.com\/wp-content\/uploads\/2017\/04\/detail_f10-13200-0010_01-600x480.jpg 600w, https:\/\/eg-reeds.com\/wp-content\/uploads\/2017\/04\/detail_f10-13200-0010_01-300x240.jpg 300w, https:\/\/eg-reeds.com\/wp-content\/uploads\/2017\/04\/detail_f10-13200-0010_01-768x614.jpg 768w, https:\/\/eg-reeds.com\/wp-content\/uploads\/2017\/04\/detail_f10-13200-0010_01-1024x819.jpg 1024w, https:\/\/eg-reeds.com\/wp-content\/uploads\/2017\/04\/detail_f10-13200-0010_01-510x408.jpg 510w\" sizes=\"auto, (max-width: 300px) 100vw, 300px\" \/><\/p>\n<h3><strong>Bolsa de transporte incluida.<\/strong><\/h3>\n<p>El estuche de transporte Reeds &#8216;n Stuff presenta un dise\u00f1o simple que es f\u00e1cil de usar. El interior de espuma permite un transporte seguro y proporciona un ajuste perfecto. Las herramientas para usar la m\u00e1quina se pueden almacenar en el compartimento cerrado con cremallera en la parte superior de la caja. El mango le brinda portabilidad donde sea que lo necesite.<\/p>\n<p>&nbsp;<\/p>\n<h3><strong>Uso simple.<\/strong><\/h3>\n<p>Hecho para resultados precisos y uso simple.<\/p>\n<p><iframe loading=\"lazy\" title=\"Reeds\u00b4n stuff profiling machine demo by Udo Heng\" width=\"1020\" height=\"574\" src=\"https:\/\/www.youtube.com\/embed\/26PPs7VpWDI?feature=oembed\" frameborder=\"0\" allow=\"accelerometer; autoplay; clipboard-write; encrypted-media; gyroscope; picture-in-picture; web-share\" referrerpolicy=\"strict-origin-when-cross-origin\" allowfullscreen><\/iframe><\/p>\n","protected":false},"excerpt":{"rendered":"<p><a href=\"http:\/\/eg-reeds.com\/template-list-reeds-n-stuff\/\" target=\"_blank\" rel=\"noopener noreferrer\">Listado de moldes<\/a><\/p>\n","protected":false},"featured_media":26350,"comment_status":"open","ping_status":"closed","template":"","meta":[],"product_brand":[],"product_cat":[2923],"product_tag":[],"giftcard-category":[],"class_list":{"0":"post-26102","1":"product","2":"type-product","3":"status-publish","4":"has-post-thumbnail","6":"product_cat-reeds-n-stuff","7":"product_shipping_class-rmm-es","9":"first","10":"instock","11":"sold-individually","12":"taxable","13":"shipping-taxable","14":"purchasable","15":"product-type-variable"},"yoast_head":"<!-- This site is optimized with the Yoast SEO Premium plugin v27.0 (Yoast SEO v27.4) - https:\/\/yoast.com\/product\/yoast-seo-premium-wordpress\/ -->\n<title>M\u00e1quina de raspado Reeds &#039;n stuff - www.eg-reeds.com<\/title>\n<meta name=\"description\" content=\"M\u00e1quina de raspado Reeds &#039;n Stuff para ca\u00f1as de oboe. Tambi\u00e9n disponible esta m\u00e1quina de raspar ca\u00f1as para corno ingl\u00e9s, oboe barroco, vien\u00e9s.\" \/>\n<meta name=\"robots\" content=\"index, follow, max-snippet:-1, max-image-preview:large, max-video-preview:-1\" \/>\n<link rel=\"canonical\" href=\"https:\/\/eg-reeds.com\/es\/shop\/maquinas-hacer-canas\/reeds-n-stuff\/maquina-de-raspado-reeds-n-stuff\/\" \/>\n<meta property=\"og:locale\" content=\"es_ES\" \/>\n<meta property=\"og:type\" content=\"article\" \/>\n<meta property=\"og:title\" content=\"M\u00e1quina de raspado Reeds &#039;n stuff\" \/>\n<meta property=\"og:description\" content=\"M\u00e1quina de raspado Reeds &#039;n Stuff para ca\u00f1as de oboe. Tambi\u00e9n disponible esta m\u00e1quina de raspar ca\u00f1as para corno ingl\u00e9s, oboe barroco, vien\u00e9s.\" \/>\n<meta property=\"og:url\" content=\"https:\/\/eg-reeds.com\/es\/shop\/maquinas-hacer-canas\/reeds-n-stuff\/maquina-de-raspado-reeds-n-stuff\/\" \/>\n<meta property=\"og:site_name\" content=\"www.eg-reeds.com\" \/>\n<meta property=\"article:publisher\" content=\"https:\/\/www.facebook.com\/EGREEDS\" \/>\n<meta property=\"article:modified_time\" content=\"2024-05-03T09:57:50+00:00\" \/>\n<meta property=\"og:image\" content=\"https:\/\/eg-reeds.com\/wp-content\/uploads\/2017\/04\/Reeds-n-Stuff-profiling-machine-1.jpg\" \/>\n\t<meta property=\"og:image:width\" content=\"640\" \/>\n\t<meta property=\"og:image:height\" content=\"544\" \/>\n\t<meta property=\"og:image:type\" content=\"image\/jpeg\" \/>\n<meta name=\"twitter:card\" content=\"summary_large_image\" \/>\n<meta name=\"twitter:site\" content=\"@egreeds\" \/>\n<meta name=\"twitter:label1\" content=\"Disponibilidad\" \/>\n\t<meta name=\"twitter:data1\" content=\"Disponible\" \/>\n<script type=\"application\/ld+json\" class=\"yoast-schema-graph\">{\"@context\":\"https:\\\/\\\/schema.org\",\"@graph\":[{\"@type\":[\"WebPage\",\"ItemPage\"],\"@id\":\"https:\\\/\\\/eg-reeds.com\\\/es\\\/shop\\\/maquinas-hacer-canas\\\/reeds-n-stuff\\\/maquina-de-raspado-reeds-n-stuff\\\/\",\"url\":\"https:\\\/\\\/eg-reeds.com\\\/es\\\/shop\\\/maquinas-hacer-canas\\\/reeds-n-stuff\\\/maquina-de-raspado-reeds-n-stuff\\\/\",\"name\":\"M\u00e1quina de raspado Reeds 'n stuff - www.eg-reeds.com\",\"isPartOf\":{\"@id\":\"https:\\\/\\\/eg-reeds.com\\\/es\\\/#website\"},\"primaryImageOfPage\":{\"@id\":\"https:\\\/\\\/eg-reeds.com\\\/es\\\/shop\\\/maquinas-hacer-canas\\\/reeds-n-stuff\\\/maquina-de-raspado-reeds-n-stuff\\\/#primaryimage\"},\"image\":{\"@id\":\"https:\\\/\\\/eg-reeds.com\\\/es\\\/shop\\\/maquinas-hacer-canas\\\/reeds-n-stuff\\\/maquina-de-raspado-reeds-n-stuff\\\/#primaryimage\"},\"thumbnailUrl\":\"https:\\\/\\\/eg-reeds.com\\\/wp-content\\\/uploads\\\/2017\\\/04\\\/Reeds-n-Stuff-profiling-machine-1.jpg\",\"datePublished\":\"2017-04-27T10:19:15+00:00\",\"dateModified\":\"2024-05-03T09:57:50+00:00\",\"description\":\"M\u00e1quina de raspado Reeds 'n Stuff para ca\u00f1as de oboe. Tambi\u00e9n disponible esta m\u00e1quina de raspar ca\u00f1as para corno ingl\u00e9s, oboe barroco, vien\u00e9s.\",\"breadcrumb\":{\"@id\":\"https:\\\/\\\/eg-reeds.com\\\/es\\\/shop\\\/maquinas-hacer-canas\\\/reeds-n-stuff\\\/maquina-de-raspado-reeds-n-stuff\\\/#breadcrumb\"},\"inLanguage\":\"es\",\"potentialAction\":[{\"@type\":\"ReadAction\",\"target\":[\"https:\\\/\\\/eg-reeds.com\\\/es\\\/shop\\\/maquinas-hacer-canas\\\/reeds-n-stuff\\\/maquina-de-raspado-reeds-n-stuff\\\/\"]}]},{\"@type\":\"ImageObject\",\"inLanguage\":\"es\",\"@id\":\"https:\\\/\\\/eg-reeds.com\\\/es\\\/shop\\\/maquinas-hacer-canas\\\/reeds-n-stuff\\\/maquina-de-raspado-reeds-n-stuff\\\/#primaryimage\",\"url\":\"https:\\\/\\\/eg-reeds.com\\\/wp-content\\\/uploads\\\/2017\\\/04\\\/Reeds-n-Stuff-profiling-machine-1.jpg\",\"contentUrl\":\"https:\\\/\\\/eg-reeds.com\\\/wp-content\\\/uploads\\\/2017\\\/04\\\/Reeds-n-Stuff-profiling-machine-1.jpg\",\"width\":640,\"height\":544,\"caption\":\"M\u00e1quina de raspado Reeds 'n stuff\"},{\"@type\":\"BreadcrumbList\",\"@id\":\"https:\\\/\\\/eg-reeds.com\\\/es\\\/shop\\\/maquinas-hacer-canas\\\/reeds-n-stuff\\\/maquina-de-raspado-reeds-n-stuff\\\/#breadcrumb\",\"itemListElement\":[{\"@type\":\"ListItem\",\"position\":1,\"name\":\"Inicio\",\"item\":\"https:\\\/\\\/eg-reeds.com\\\/es\\\/\"},{\"@type\":\"ListItem\",\"position\":2,\"name\":\"Tienda\",\"item\":\"https:\\\/\\\/eg-reeds.com\\\/es\\\/\"},{\"@type\":\"ListItem\",\"position\":3,\"name\":\"M\u00e1quina de raspado Reeds &#8216;n stuff\"}]},{\"@type\":\"WebSite\",\"@id\":\"https:\\\/\\\/eg-reeds.com\\\/es\\\/#website\",\"url\":\"https:\\\/\\\/eg-reeds.com\\\/es\\\/\",\"name\":\"www.eg-reeds.com\",\"description\":\"Ca\u00f1as oboe\",\"publisher\":{\"@id\":\"https:\\\/\\\/eg-reeds.com\\\/es\\\/#organization\"},\"alternateName\":\"eg-reeds.com\",\"potentialAction\":[{\"@type\":\"SearchAction\",\"target\":{\"@type\":\"EntryPoint\",\"urlTemplate\":\"https:\\\/\\\/eg-reeds.com\\\/es\\\/?s={search_term_string}\"},\"query-input\":{\"@type\":\"PropertyValueSpecification\",\"valueRequired\":true,\"valueName\":\"search_term_string\"}}],\"inLanguage\":\"es\"},{\"@type\":\"Organization\",\"@id\":\"https:\\\/\\\/eg-reeds.com\\\/es\\\/#organization\",\"name\":\"www.eg-reeds.com\",\"url\":\"https:\\\/\\\/eg-reeds.com\\\/es\\\/\",\"logo\":{\"@type\":\"ImageObject\",\"inLanguage\":\"es\",\"@id\":\"https:\\\/\\\/eg-reeds.com\\\/es\\\/#\\\/schema\\\/logo\\\/image\\\/\",\"url\":\"https:\\\/\\\/eg-reeds.com\\\/wp-content\\\/uploads\\\/2024\\\/06\\\/Logo-scaled-e1718793906611.jpg\",\"contentUrl\":\"https:\\\/\\\/eg-reeds.com\\\/wp-content\\\/uploads\\\/2024\\\/06\\\/Logo-scaled-e1718793906611.jpg\",\"width\":1200,\"height\":493,\"caption\":\"www.eg-reeds.com\"},\"image\":{\"@id\":\"https:\\\/\\\/eg-reeds.com\\\/es\\\/#\\\/schema\\\/logo\\\/image\\\/\"},\"sameAs\":[\"https:\\\/\\\/www.facebook.com\\\/EGREEDS\",\"https:\\\/\\\/x.com\\\/egreeds\",\"https:\\\/\\\/www.instagram.com\\\/egreeds\\\/\",\"https:\\\/\\\/www.youtube.com\\\/c\\\/EGREEDS\",\"https:\\\/\\\/www.threads.net\\\/@egreeds\",\"https:\\\/\\\/www.tiktok.com\\\/@egreeds\"]}]}<\/script>\n<meta property=\"og:availability\" content=\"instock\" \/>\n<meta property=\"product:availability\" content=\"instock\" \/>\n<meta property=\"product:retailer_item_id\" content=\"MRSR - F10-13200\" \/>\n<meta property=\"product:condition\" content=\"new\" \/>\n<!-- \/ Yoast SEO Premium plugin. -->","yoast_head_json":{"title":"M\u00e1quina de raspado Reeds 'n stuff - www.eg-reeds.com","description":"M\u00e1quina de raspado Reeds 'n Stuff para ca\u00f1as de oboe. Tambi\u00e9n disponible esta m\u00e1quina de raspar ca\u00f1as para corno ingl\u00e9s, oboe barroco, vien\u00e9s.","robots":{"index":"index","follow":"follow","max-snippet":"max-snippet:-1","max-image-preview":"max-image-preview:large","max-video-preview":"max-video-preview:-1"},"canonical":"https:\/\/eg-reeds.com\/es\/shop\/maquinas-hacer-canas\/reeds-n-stuff\/maquina-de-raspado-reeds-n-stuff\/","og_locale":"es_ES","og_type":"article","og_title":"M\u00e1quina de raspado Reeds 'n stuff","og_description":"M\u00e1quina de raspado Reeds 'n Stuff para ca\u00f1as de oboe. Tambi\u00e9n disponible esta m\u00e1quina de raspar ca\u00f1as para corno ingl\u00e9s, oboe barroco, vien\u00e9s.","og_url":"https:\/\/eg-reeds.com\/es\/shop\/maquinas-hacer-canas\/reeds-n-stuff\/maquina-de-raspado-reeds-n-stuff\/","og_site_name":"www.eg-reeds.com","article_publisher":"https:\/\/www.facebook.com\/EGREEDS","article_modified_time":"2024-05-03T09:57:50+00:00","og_image":[{"width":640,"height":544,"url":"https:\/\/eg-reeds.com\/wp-content\/uploads\/2017\/04\/Reeds-n-Stuff-profiling-machine-1.jpg","type":"image\/jpeg"}],"twitter_card":"summary_large_image","twitter_site":"@egreeds","twitter_misc":{"Disponibilidad":"Disponible"},"schema":{"@context":"https:\/\/schema.org","@graph":[{"@type":["WebPage","ItemPage"],"@id":"https:\/\/eg-reeds.com\/es\/shop\/maquinas-hacer-canas\/reeds-n-stuff\/maquina-de-raspado-reeds-n-stuff\/","url":"https:\/\/eg-reeds.com\/es\/shop\/maquinas-hacer-canas\/reeds-n-stuff\/maquina-de-raspado-reeds-n-stuff\/","name":"M\u00e1quina de raspado Reeds 'n stuff - www.eg-reeds.com","isPartOf":{"@id":"https:\/\/eg-reeds.com\/es\/#website"},"primaryImageOfPage":{"@id":"https:\/\/eg-reeds.com\/es\/shop\/maquinas-hacer-canas\/reeds-n-stuff\/maquina-de-raspado-reeds-n-stuff\/#primaryimage"},"image":{"@id":"https:\/\/eg-reeds.com\/es\/shop\/maquinas-hacer-canas\/reeds-n-stuff\/maquina-de-raspado-reeds-n-stuff\/#primaryimage"},"thumbnailUrl":"https:\/\/eg-reeds.com\/wp-content\/uploads\/2017\/04\/Reeds-n-Stuff-profiling-machine-1.jpg","datePublished":"2017-04-27T10:19:15+00:00","dateModified":"2024-05-03T09:57:50+00:00","description":"M\u00e1quina de raspado Reeds 'n Stuff para ca\u00f1as de oboe. Tambi\u00e9n disponible esta m\u00e1quina de raspar ca\u00f1as para corno ingl\u00e9s, oboe barroco, vien\u00e9s.","breadcrumb":{"@id":"https:\/\/eg-reeds.com\/es\/shop\/maquinas-hacer-canas\/reeds-n-stuff\/maquina-de-raspado-reeds-n-stuff\/#breadcrumb"},"inLanguage":"es","potentialAction":[{"@type":"ReadAction","target":["https:\/\/eg-reeds.com\/es\/shop\/maquinas-hacer-canas\/reeds-n-stuff\/maquina-de-raspado-reeds-n-stuff\/"]}]},{"@type":"ImageObject","inLanguage":"es","@id":"https:\/\/eg-reeds.com\/es\/shop\/maquinas-hacer-canas\/reeds-n-stuff\/maquina-de-raspado-reeds-n-stuff\/#primaryimage","url":"https:\/\/eg-reeds.com\/wp-content\/uploads\/2017\/04\/Reeds-n-Stuff-profiling-machine-1.jpg","contentUrl":"https:\/\/eg-reeds.com\/wp-content\/uploads\/2017\/04\/Reeds-n-Stuff-profiling-machine-1.jpg","width":640,"height":544,"caption":"M\u00e1quina de raspado Reeds 'n stuff"},{"@type":"BreadcrumbList","@id":"https:\/\/eg-reeds.com\/es\/shop\/maquinas-hacer-canas\/reeds-n-stuff\/maquina-de-raspado-reeds-n-stuff\/#breadcrumb","itemListElement":[{"@type":"ListItem","position":1,"name":"Inicio","item":"https:\/\/eg-reeds.com\/es\/"},{"@type":"ListItem","position":2,"name":"Tienda","item":"https:\/\/eg-reeds.com\/es\/"},{"@type":"ListItem","position":3,"name":"M\u00e1quina de raspado Reeds &#8216;n stuff"}]},{"@type":"WebSite","@id":"https:\/\/eg-reeds.com\/es\/#website","url":"https:\/\/eg-reeds.com\/es\/","name":"www.eg-reeds.com","description":"Ca\u00f1as oboe","publisher":{"@id":"https:\/\/eg-reeds.com\/es\/#organization"},"alternateName":"eg-reeds.com","potentialAction":[{"@type":"SearchAction","target":{"@type":"EntryPoint","urlTemplate":"https:\/\/eg-reeds.com\/es\/?s={search_term_string}"},"query-input":{"@type":"PropertyValueSpecification","valueRequired":true,"valueName":"search_term_string"}}],"inLanguage":"es"},{"@type":"Organization","@id":"https:\/\/eg-reeds.com\/es\/#organization","name":"www.eg-reeds.com","url":"https:\/\/eg-reeds.com\/es\/","logo":{"@type":"ImageObject","inLanguage":"es","@id":"https:\/\/eg-reeds.com\/es\/#\/schema\/logo\/image\/","url":"https:\/\/eg-reeds.com\/wp-content\/uploads\/2024\/06\/Logo-scaled-e1718793906611.jpg","contentUrl":"https:\/\/eg-reeds.com\/wp-content\/uploads\/2024\/06\/Logo-scaled-e1718793906611.jpg","width":1200,"height":493,"caption":"www.eg-reeds.com"},"image":{"@id":"https:\/\/eg-reeds.com\/es\/#\/schema\/logo\/image\/"},"sameAs":["https:\/\/www.facebook.com\/EGREEDS","https:\/\/x.com\/egreeds","https:\/\/www.instagram.com\/egreeds\/","https:\/\/www.youtube.com\/c\/EGREEDS","https:\/\/www.threads.net\/@egreeds","https:\/\/www.tiktok.com\/@egreeds"]}]},"og_availability":"instock","product_availability":"instock","product_retailer_item_id":"MRSR - F10-13200","product_condition":"new"},"_links":{"self":[{"href":"https:\/\/eg-reeds.com\/es\/wp-json\/wp\/v2\/product\/26102","targetHints":{"allow":["GET"]}}],"collection":[{"href":"https:\/\/eg-reeds.com\/es\/wp-json\/wp\/v2\/product"}],"about":[{"href":"https:\/\/eg-reeds.com\/es\/wp-json\/wp\/v2\/types\/product"}],"replies":[{"embeddable":true,"href":"https:\/\/eg-reeds.com\/es\/wp-json\/wp\/v2\/comments?post=26102"}],"wp:featuredmedia":[{"embeddable":true,"href":"https:\/\/eg-reeds.com\/es\/wp-json\/wp\/v2\/media\/26350"}],"wp:attachment":[{"href":"https:\/\/eg-reeds.com\/es\/wp-json\/wp\/v2\/media?parent=26102"}],"wp:term":[{"taxonomy":"product_brand","embeddable":true,"href":"https:\/\/eg-reeds.com\/es\/wp-json\/wp\/v2\/product_brand?post=26102"},{"taxonomy":"product_cat","embeddable":true,"href":"https:\/\/eg-reeds.com\/es\/wp-json\/wp\/v2\/product_cat?post=26102"},{"taxonomy":"product_tag","embeddable":true,"href":"https:\/\/eg-reeds.com\/es\/wp-json\/wp\/v2\/product_tag?post=26102"},{"taxonomy":"giftcard-category","embeddable":true,"href":"https:\/\/eg-reeds.com\/es\/wp-json\/wp\/v2\/giftcard-category?post=26102"}],"curies":[{"name":"wp","href":"https:\/\/api.w.org\/{rel}","templated":true}]}}