{"id":27922,"date":"2017-11-29T18:58:36","date_gmt":"2017-11-29T17:58:37","guid":{"rendered":"http:\/\/eg-reeds.com\/es\/shop\/accesorios-es\/cuter-de-seguridad-con-cuchilla-retractil\/"},"modified":"2024-12-02T08:20:46","modified_gmt":"2024-12-02T07:20:46","slug":"cuter-de-seguridad-con-cuchilla-retractil","status":"publish","type":"product","link":"https:\/\/eg-reeds.com\/es\/shop\/accesorios\/cuter-de-seguridad-con-cuchilla-retractil\/","title":{"rendered":"C\u00fater de seguridad con cuchilla retr\u00e1ctil"},"content":{"rendered":"<h1><strong>C\u00fater de seguridad con cuchilla retr\u00e1ctil para ca\u00f1as de oboe.<\/strong><\/h1>\n<p>C\u00fater de seguridad con cuchilla retr\u00e1ctil. Para raspar ca\u00f1as de oboe. Hoja trapezoidal retr\u00e1ctil.\u00a0Tambi\u00e9n para ca\u00f1as de corno ingl\u00e9s, oboe de amor y oboe barroco.<\/p>\n<p>Su hoja trapezoidal retr\u00e1ctil garantiza cortes precisos, ofreciendo mayor seguridad durante el trabajo. Ideal para obo\u00edstas que buscan una herramienta fiable y vers\u00e1til para raspar ca\u00f1as con facilidad y precisi\u00f3n.<\/p>\n","protected":false},"excerpt":{"rendered":"<p>C\u00fater de seguridad con cuchilla retr\u00e1ctil para ca\u00f1as de oboe. C\u00fater de seguridad con cuchilla retr\u00e1ctil. Para raspar ca\u00f1as de oboe. Hoja trapezoidal retr\u00e1ctil.\u00a0Tambi\u00e9n para ca\u00f1as de corno ingl\u00e9s, oboe de amor y oboe barroco. Su hoja trapezoidal retr\u00e1ctil garantiza cortes precisos, ofreciendo mayor seguridad durante el trabajo. Ideal para obo\u00edstas que buscan una herramienta [&#8230;]\n","protected":false},"featured_media":28108,"comment_status":"open","ping_status":"closed","template":"","meta":[],"product_brand":[],"product_cat":[1306,1311],"product_tag":[],"giftcard-category":[],"class_list":{"0":"post-27922","1":"product","2":"type-product","3":"status-publish","4":"has-post-thumbnail","6":"product_cat-accesorios","7":"product_cat-navajas","9":"first","10":"instock","11":"taxable","12":"shipping-taxable","13":"purchasable","14":"product-type-simple"},"yoast_head":"<!-- This site is optimized with the Yoast SEO Premium plugin v27.0 (Yoast SEO v27.4) - https:\/\/yoast.com\/product\/yoast-seo-premium-wordpress\/ -->\n<title>C\u00fater de seguridad con cuchilla retr\u00e1ctil - www.eg-reeds.com<\/title>\n<meta name=\"description\" content=\"C\u00fater de seguridad con cuchilla retr\u00e1ctil. Para raspar ca\u00f1as de oboe. Hoja trapezoidal.\u00a0Tambi\u00e9n para ca\u00f1as de corno ingl\u00e9s, oboe de amor y oboe barroco.\" \/>\n<meta name=\"robots\" content=\"index, follow, max-snippet:-1, max-image-preview:large, max-video-preview:-1\" \/>\n<link rel=\"canonical\" href=\"https:\/\/eg-reeds.com\/es\/shop\/accesorios\/cuter-de-seguridad-con-cuchilla-retractil\/\" \/>\n<meta property=\"og:locale\" content=\"es_ES\" \/>\n<meta property=\"og:type\" content=\"article\" \/>\n<meta property=\"og:title\" content=\"C\u00fater de seguridad con cuchilla retr\u00e1ctil\" \/>\n<meta property=\"og:description\" content=\"C\u00fater de seguridad con cuchilla retr\u00e1ctil. Para raspar ca\u00f1as de oboe. Hoja trapezoidal.\u00a0Tambi\u00e9n para ca\u00f1as de corno ingl\u00e9s, oboe de amor y oboe barroco.\" \/>\n<meta property=\"og:url\" content=\"https:\/\/eg-reeds.com\/es\/shop\/accesorios\/cuter-de-seguridad-con-cuchilla-retractil\/\" \/>\n<meta property=\"og:site_name\" content=\"www.eg-reeds.com\" \/>\n<meta property=\"article:publisher\" content=\"https:\/\/www.facebook.com\/EGREEDS\" \/>\n<meta property=\"article:modified_time\" content=\"2024-12-02T07:20:46+00:00\" \/>\n<meta property=\"og:image\" content=\"https:\/\/eg-reeds.com\/wp-content\/uploads\/2017\/11\/Retractable-cutter-for-oboe-reeds.jpg\" \/>\n\t<meta property=\"og:image:width\" content=\"640\" \/>\n\t<meta property=\"og:image:height\" content=\"544\" \/>\n\t<meta property=\"og:image:type\" content=\"image\/jpeg\" \/>\n<meta name=\"twitter:card\" content=\"summary_large_image\" \/>\n<meta name=\"twitter:site\" content=\"@egreeds\" \/>\n<meta name=\"twitter:label1\" content=\"Precio\" \/>\n\t<meta name=\"twitter:data1\" content=\"12,00&euro;\" \/>\n\t<meta name=\"twitter:label2\" content=\"Disponibilidad\" \/>\n\t<meta name=\"twitter:data2\" content=\"Disponible\" \/>\n<script type=\"application\/ld+json\" class=\"yoast-schema-graph\">{\"@context\":\"https:\\\/\\\/schema.org\",\"@graph\":[{\"@type\":[\"WebPage\",\"ItemPage\"],\"@id\":\"https:\\\/\\\/eg-reeds.com\\\/es\\\/shop\\\/accesorios\\\/cuter-de-seguridad-con-cuchilla-retractil\\\/\",\"url\":\"https:\\\/\\\/eg-reeds.com\\\/es\\\/shop\\\/accesorios\\\/cuter-de-seguridad-con-cuchilla-retractil\\\/\",\"name\":\"C\u00fater de seguridad con cuchilla retr\u00e1ctil - www.eg-reeds.com\",\"isPartOf\":{\"@id\":\"https:\\\/\\\/eg-reeds.com\\\/es\\\/#website\"},\"primaryImageOfPage\":{\"@id\":\"https:\\\/\\\/eg-reeds.com\\\/es\\\/shop\\\/accesorios\\\/cuter-de-seguridad-con-cuchilla-retractil\\\/#primaryimage\"},\"image\":{\"@id\":\"https:\\\/\\\/eg-reeds.com\\\/es\\\/shop\\\/accesorios\\\/cuter-de-seguridad-con-cuchilla-retractil\\\/#primaryimage\"},\"thumbnailUrl\":\"https:\\\/\\\/eg-reeds.com\\\/wp-content\\\/uploads\\\/2017\\\/11\\\/Retractable-cutter-for-oboe-reeds.jpg\",\"datePublished\":\"2017-11-29T17:58:37+00:00\",\"dateModified\":\"2024-12-02T07:20:46+00:00\",\"description\":\"C\u00fater de seguridad con cuchilla retr\u00e1ctil. Para raspar ca\u00f1as de oboe. Hoja trapezoidal.\u00a0Tambi\u00e9n para ca\u00f1as de corno ingl\u00e9s, oboe de amor y oboe barroco.\",\"breadcrumb\":{\"@id\":\"https:\\\/\\\/eg-reeds.com\\\/es\\\/shop\\\/accesorios\\\/cuter-de-seguridad-con-cuchilla-retractil\\\/#breadcrumb\"},\"inLanguage\":\"es\",\"potentialAction\":[{\"@type\":\"ReadAction\",\"target\":[\"https:\\\/\\\/eg-reeds.com\\\/es\\\/shop\\\/accesorios\\\/cuter-de-seguridad-con-cuchilla-retractil\\\/\"]}]},{\"@type\":\"ImageObject\",\"inLanguage\":\"es\",\"@id\":\"https:\\\/\\\/eg-reeds.com\\\/es\\\/shop\\\/accesorios\\\/cuter-de-seguridad-con-cuchilla-retractil\\\/#primaryimage\",\"url\":\"https:\\\/\\\/eg-reeds.com\\\/wp-content\\\/uploads\\\/2017\\\/11\\\/Retractable-cutter-for-oboe-reeds.jpg\",\"contentUrl\":\"https:\\\/\\\/eg-reeds.com\\\/wp-content\\\/uploads\\\/2017\\\/11\\\/Retractable-cutter-for-oboe-reeds.jpg\",\"width\":640,\"height\":544,\"caption\":\"C\u00fater cuchilla retr\u00e1ctil\"},{\"@type\":\"BreadcrumbList\",\"@id\":\"https:\\\/\\\/eg-reeds.com\\\/es\\\/shop\\\/accesorios\\\/cuter-de-seguridad-con-cuchilla-retractil\\\/#breadcrumb\",\"itemListElement\":[{\"@type\":\"ListItem\",\"position\":1,\"name\":\"Inicio\",\"item\":\"https:\\\/\\\/eg-reeds.com\\\/es\\\/\"},{\"@type\":\"ListItem\",\"position\":2,\"name\":\"Tienda\",\"item\":\"https:\\\/\\\/eg-reeds.com\\\/es\\\/\"},{\"@type\":\"ListItem\",\"position\":3,\"name\":\"C\u00fater de seguridad con cuchilla retr\u00e1ctil\"}]},{\"@type\":\"WebSite\",\"@id\":\"https:\\\/\\\/eg-reeds.com\\\/es\\\/#website\",\"url\":\"https:\\\/\\\/eg-reeds.com\\\/es\\\/\",\"name\":\"www.eg-reeds.com\",\"description\":\"Ca\u00f1as oboe\",\"publisher\":{\"@id\":\"https:\\\/\\\/eg-reeds.com\\\/es\\\/#organization\"},\"alternateName\":\"eg-reeds.com\",\"potentialAction\":[{\"@type\":\"SearchAction\",\"target\":{\"@type\":\"EntryPoint\",\"urlTemplate\":\"https:\\\/\\\/eg-reeds.com\\\/es\\\/?s={search_term_string}\"},\"query-input\":{\"@type\":\"PropertyValueSpecification\",\"valueRequired\":true,\"valueName\":\"search_term_string\"}}],\"inLanguage\":\"es\"},{\"@type\":\"Organization\",\"@id\":\"https:\\\/\\\/eg-reeds.com\\\/es\\\/#organization\",\"name\":\"www.eg-reeds.com\",\"url\":\"https:\\\/\\\/eg-reeds.com\\\/es\\\/\",\"logo\":{\"@type\":\"ImageObject\",\"inLanguage\":\"es\",\"@id\":\"https:\\\/\\\/eg-reeds.com\\\/es\\\/#\\\/schema\\\/logo\\\/image\\\/\",\"url\":\"https:\\\/\\\/eg-reeds.com\\\/wp-content\\\/uploads\\\/2024\\\/06\\\/Logo-scaled-e1718793906611.jpg\",\"contentUrl\":\"https:\\\/\\\/eg-reeds.com\\\/wp-content\\\/uploads\\\/2024\\\/06\\\/Logo-scaled-e1718793906611.jpg\",\"width\":1200,\"height\":493,\"caption\":\"www.eg-reeds.com\"},\"image\":{\"@id\":\"https:\\\/\\\/eg-reeds.com\\\/es\\\/#\\\/schema\\\/logo\\\/image\\\/\"},\"sameAs\":[\"https:\\\/\\\/www.facebook.com\\\/EGREEDS\",\"https:\\\/\\\/x.com\\\/egreeds\",\"https:\\\/\\\/www.instagram.com\\\/egreeds\\\/\",\"https:\\\/\\\/www.youtube.com\\\/c\\\/EGREEDS\",\"https:\\\/\\\/www.threads.net\\\/@egreeds\",\"https:\\\/\\\/www.tiktok.com\\\/@egreeds\"]}]}<\/script>\n<meta property=\"product:price:amount\" content=\"12.00\" \/>\n<meta property=\"product:price:currency\" content=\"EUR\" \/>\n<meta property=\"og:availability\" content=\"instock\" \/>\n<meta property=\"product:availability\" content=\"instock\" \/>\n<meta property=\"product:condition\" content=\"new\" \/>\n<!-- \/ Yoast SEO Premium plugin. -->","yoast_head_json":{"title":"C\u00fater de seguridad con cuchilla retr\u00e1ctil - www.eg-reeds.com","description":"C\u00fater de seguridad con cuchilla retr\u00e1ctil. Para raspar ca\u00f1as de oboe. Hoja trapezoidal.\u00a0Tambi\u00e9n para ca\u00f1as de corno ingl\u00e9s, oboe de amor y oboe barroco.","robots":{"index":"index","follow":"follow","max-snippet":"max-snippet:-1","max-image-preview":"max-image-preview:large","max-video-preview":"max-video-preview:-1"},"canonical":"https:\/\/eg-reeds.com\/es\/shop\/accesorios\/cuter-de-seguridad-con-cuchilla-retractil\/","og_locale":"es_ES","og_type":"article","og_title":"C\u00fater de seguridad con cuchilla retr\u00e1ctil","og_description":"C\u00fater de seguridad con cuchilla retr\u00e1ctil. Para raspar ca\u00f1as de oboe. Hoja trapezoidal.\u00a0Tambi\u00e9n para ca\u00f1as de corno ingl\u00e9s, oboe de amor y oboe barroco.","og_url":"https:\/\/eg-reeds.com\/es\/shop\/accesorios\/cuter-de-seguridad-con-cuchilla-retractil\/","og_site_name":"www.eg-reeds.com","article_publisher":"https:\/\/www.facebook.com\/EGREEDS","article_modified_time":"2024-12-02T07:20:46+00:00","og_image":[{"width":640,"height":544,"url":"https:\/\/eg-reeds.com\/wp-content\/uploads\/2017\/11\/Retractable-cutter-for-oboe-reeds.jpg","type":"image\/jpeg"}],"twitter_card":"summary_large_image","twitter_site":"@egreeds","twitter_misc":{"Precio":"12,00&euro;","Disponibilidad":"Disponible"},"schema":{"@context":"https:\/\/schema.org","@graph":[{"@type":["WebPage","ItemPage"],"@id":"https:\/\/eg-reeds.com\/es\/shop\/accesorios\/cuter-de-seguridad-con-cuchilla-retractil\/","url":"https:\/\/eg-reeds.com\/es\/shop\/accesorios\/cuter-de-seguridad-con-cuchilla-retractil\/","name":"C\u00fater de seguridad con cuchilla retr\u00e1ctil - www.eg-reeds.com","isPartOf":{"@id":"https:\/\/eg-reeds.com\/es\/#website"},"primaryImageOfPage":{"@id":"https:\/\/eg-reeds.com\/es\/shop\/accesorios\/cuter-de-seguridad-con-cuchilla-retractil\/#primaryimage"},"image":{"@id":"https:\/\/eg-reeds.com\/es\/shop\/accesorios\/cuter-de-seguridad-con-cuchilla-retractil\/#primaryimage"},"thumbnailUrl":"https:\/\/eg-reeds.com\/wp-content\/uploads\/2017\/11\/Retractable-cutter-for-oboe-reeds.jpg","datePublished":"2017-11-29T17:58:37+00:00","dateModified":"2024-12-02T07:20:46+00:00","description":"C\u00fater de seguridad con cuchilla retr\u00e1ctil. Para raspar ca\u00f1as de oboe. Hoja trapezoidal.\u00a0Tambi\u00e9n para ca\u00f1as de corno ingl\u00e9s, oboe de amor y oboe barroco.","breadcrumb":{"@id":"https:\/\/eg-reeds.com\/es\/shop\/accesorios\/cuter-de-seguridad-con-cuchilla-retractil\/#breadcrumb"},"inLanguage":"es","potentialAction":[{"@type":"ReadAction","target":["https:\/\/eg-reeds.com\/es\/shop\/accesorios\/cuter-de-seguridad-con-cuchilla-retractil\/"]}]},{"@type":"ImageObject","inLanguage":"es","@id":"https:\/\/eg-reeds.com\/es\/shop\/accesorios\/cuter-de-seguridad-con-cuchilla-retractil\/#primaryimage","url":"https:\/\/eg-reeds.com\/wp-content\/uploads\/2017\/11\/Retractable-cutter-for-oboe-reeds.jpg","contentUrl":"https:\/\/eg-reeds.com\/wp-content\/uploads\/2017\/11\/Retractable-cutter-for-oboe-reeds.jpg","width":640,"height":544,"caption":"C\u00fater cuchilla retr\u00e1ctil"},{"@type":"BreadcrumbList","@id":"https:\/\/eg-reeds.com\/es\/shop\/accesorios\/cuter-de-seguridad-con-cuchilla-retractil\/#breadcrumb","itemListElement":[{"@type":"ListItem","position":1,"name":"Inicio","item":"https:\/\/eg-reeds.com\/es\/"},{"@type":"ListItem","position":2,"name":"Tienda","item":"https:\/\/eg-reeds.com\/es\/"},{"@type":"ListItem","position":3,"name":"C\u00fater de seguridad con cuchilla retr\u00e1ctil"}]},{"@type":"WebSite","@id":"https:\/\/eg-reeds.com\/es\/#website","url":"https:\/\/eg-reeds.com\/es\/","name":"www.eg-reeds.com","description":"Ca\u00f1as oboe","publisher":{"@id":"https:\/\/eg-reeds.com\/es\/#organization"},"alternateName":"eg-reeds.com","potentialAction":[{"@type":"SearchAction","target":{"@type":"EntryPoint","urlTemplate":"https:\/\/eg-reeds.com\/es\/?s={search_term_string}"},"query-input":{"@type":"PropertyValueSpecification","valueRequired":true,"valueName":"search_term_string"}}],"inLanguage":"es"},{"@type":"Organization","@id":"https:\/\/eg-reeds.com\/es\/#organization","name":"www.eg-reeds.com","url":"https:\/\/eg-reeds.com\/es\/","logo":{"@type":"ImageObject","inLanguage":"es","@id":"https:\/\/eg-reeds.com\/es\/#\/schema\/logo\/image\/","url":"https:\/\/eg-reeds.com\/wp-content\/uploads\/2024\/06\/Logo-scaled-e1718793906611.jpg","contentUrl":"https:\/\/eg-reeds.com\/wp-content\/uploads\/2024\/06\/Logo-scaled-e1718793906611.jpg","width":1200,"height":493,"caption":"www.eg-reeds.com"},"image":{"@id":"https:\/\/eg-reeds.com\/es\/#\/schema\/logo\/image\/"},"sameAs":["https:\/\/www.facebook.com\/EGREEDS","https:\/\/x.com\/egreeds","https:\/\/www.instagram.com\/egreeds\/","https:\/\/www.youtube.com\/c\/EGREEDS","https:\/\/www.threads.net\/@egreeds","https:\/\/www.tiktok.com\/@egreeds"]}]},"product_price_amount":"12.00","product_price_currency":"EUR","og_availability":"instock","product_availability":"instock","product_condition":"new"},"_links":{"self":[{"href":"https:\/\/eg-reeds.com\/es\/wp-json\/wp\/v2\/product\/27922","targetHints":{"allow":["GET"]}}],"collection":[{"href":"https:\/\/eg-reeds.com\/es\/wp-json\/wp\/v2\/product"}],"about":[{"href":"https:\/\/eg-reeds.com\/es\/wp-json\/wp\/v2\/types\/product"}],"replies":[{"embeddable":true,"href":"https:\/\/eg-reeds.com\/es\/wp-json\/wp\/v2\/comments?post=27922"}],"wp:featuredmedia":[{"embeddable":true,"href":"https:\/\/eg-reeds.com\/es\/wp-json\/wp\/v2\/media\/28108"}],"wp:attachment":[{"href":"https:\/\/eg-reeds.com\/es\/wp-json\/wp\/v2\/media?parent=27922"}],"wp:term":[{"taxonomy":"product_brand","embeddable":true,"href":"https:\/\/eg-reeds.com\/es\/wp-json\/wp\/v2\/product_brand?post=27922"},{"taxonomy":"product_cat","embeddable":true,"href":"https:\/\/eg-reeds.com\/es\/wp-json\/wp\/v2\/product_cat?post=27922"},{"taxonomy":"product_tag","embeddable":true,"href":"https:\/\/eg-reeds.com\/es\/wp-json\/wp\/v2\/product_tag?post=27922"},{"taxonomy":"giftcard-category","embeddable":true,"href":"https:\/\/eg-reeds.com\/es\/wp-json\/wp\/v2\/giftcard-category?post=27922"}],"curies":[{"name":"wp","href":"https:\/\/api.w.org\/{rel}","templated":true}]}}