{"id":28067,"date":"2017-12-04T13:16:00","date_gmt":"2017-12-04T12:16:01","guid":{"rendered":"http:\/\/eg-reeds.com\/es\/shop\/maquinas-hacer-canas-es\/maquina-de-raspado-willy-wettstein-version-mini\/"},"modified":"2020-03-20T09:49:01","modified_gmt":"2020-03-20T08:49:01","slug":"maquina-de-raspado-willy-wettstein-version-mini","status":"publish","type":"product","link":"https:\/\/eg-reeds.com\/es\/shop\/maquinas-hacer-canas\/willy-wettstein\/maquina-de-raspado-willy-wettstein-version-mini\/","title":{"rendered":"M\u00e1quina de raspado Willy Wettstein (versi\u00f3n mini)"},"content":{"rendered":"<h4><strong>M\u00e1quina de raspado Willy Wettstein (versi\u00f3n mini).<\/strong><\/h4>\n<p>M\u00e1quina de raspado Willy Wettstein (versi\u00f3n mini) para ca\u00f1as de oboe o de oboe y corno ingl\u00e9s.<\/p>\n<p>Con estuche incluido.<\/p>\n<p>En este momento hay 3 moldes disponibles:<\/p>\n<p>&nbsp;<\/p>\n<p><img loading=\"lazy\" decoding=\"async\" class=\"aligncenter size-full wp-image-31520\" src=\"http:\/\/eg-reeds.com\/wp-content\/uploads\/2017\/12\/1319.11.jpg\" alt=\"1319.11\" width=\"1754\" height=\"1239\" srcset=\"https:\/\/eg-reeds.com\/wp-content\/uploads\/2017\/12\/1319.11.jpg 1754w, https:\/\/eg-reeds.com\/wp-content\/uploads\/2017\/12\/1319.11-600x424.jpg 600w, https:\/\/eg-reeds.com\/wp-content\/uploads\/2017\/12\/1319.11-300x212.jpg 300w, https:\/\/eg-reeds.com\/wp-content\/uploads\/2017\/12\/1319.11-768x543.jpg 768w, https:\/\/eg-reeds.com\/wp-content\/uploads\/2017\/12\/1319.11-1024x723.jpg 1024w, https:\/\/eg-reeds.com\/wp-content\/uploads\/2017\/12\/1319.11-510x360.jpg 510w\" sizes=\"auto, (max-width: 1754px) 100vw, 1754px\" \/> <img loading=\"lazy\" decoding=\"async\" class=\"aligncenter size-full wp-image-31531\" src=\"http:\/\/eg-reeds.com\/wp-content\/uploads\/2017\/12\/1216.8.jpg\" alt=\"1216.8\" width=\"1754\" height=\"1239\" srcset=\"https:\/\/eg-reeds.com\/wp-content\/uploads\/2017\/12\/1216.8.jpg 1754w, https:\/\/eg-reeds.com\/wp-content\/uploads\/2017\/12\/1216.8-600x424.jpg 600w, https:\/\/eg-reeds.com\/wp-content\/uploads\/2017\/12\/1216.8-300x212.jpg 300w, https:\/\/eg-reeds.com\/wp-content\/uploads\/2017\/12\/1216.8-768x543.jpg 768w, https:\/\/eg-reeds.com\/wp-content\/uploads\/2017\/12\/1216.8-1024x723.jpg 1024w, https:\/\/eg-reeds.com\/wp-content\/uploads\/2017\/12\/1216.8-510x360.jpg 510w\" sizes=\"auto, (max-width: 1754px) 100vw, 1754px\" \/> <img loading=\"lazy\" decoding=\"async\" class=\"aligncenter size-full wp-image-31542\" src=\"http:\/\/eg-reeds.com\/wp-content\/uploads\/2017\/12\/1216.4.jpg\" alt=\"1216.4\" width=\"1754\" height=\"1239\" srcset=\"https:\/\/eg-reeds.com\/wp-content\/uploads\/2017\/12\/1216.4.jpg 1754w, https:\/\/eg-reeds.com\/wp-content\/uploads\/2017\/12\/1216.4-600x424.jpg 600w, https:\/\/eg-reeds.com\/wp-content\/uploads\/2017\/12\/1216.4-300x212.jpg 300w, https:\/\/eg-reeds.com\/wp-content\/uploads\/2017\/12\/1216.4-768x543.jpg 768w, https:\/\/eg-reeds.com\/wp-content\/uploads\/2017\/12\/1216.4-1024x723.jpg 1024w, https:\/\/eg-reeds.com\/wp-content\/uploads\/2017\/12\/1216.4-510x360.jpg 510w\" sizes=\"auto, (max-width: 1754px) 100vw, 1754px\" \/><\/p>\n","protected":false},"excerpt":{"rendered":"<p>Estuche de la m\u00e1quina incluido<\/p>\n","protected":false},"featured_media":28308,"comment_status":"open","ping_status":"closed","template":"","meta":[],"product_brand":[],"product_cat":[480,1360],"product_tag":[3102],"giftcard-category":[],"class_list":{"0":"post-28067","1":"product","2":"type-product","3":"status-publish","4":"has-post-thumbnail","6":"product_cat-maquinas-hacer-canas","7":"product_cat-willy-wettstein","8":"product_tag-willy-wettstein","9":"product_shipping_class-rmm-es","11":"first","12":"outofstock","13":"taxable","14":"shipping-taxable","15":"product-type-variable"},"yoast_head":"<!-- This site is optimized with the Yoast SEO Premium plugin v27.0 (Yoast SEO v27.2) - https:\/\/yoast.com\/product\/yoast-seo-premium-wordpress\/ -->\n<title>M\u00e1quina de raspado Willy Wettstein (versi\u00f3n mini)<\/title>\n<meta name=\"description\" content=\"M\u00e1quina de raspado Willy Wettstein (versi\u00f3n mini) para ca\u00f1as de oboe y corno ingl\u00e9s. Con estuche incluido. Oboe-Atelier Wettstein.\" \/>\n<meta name=\"robots\" content=\"index, follow, max-snippet:-1, max-image-preview:large, max-video-preview:-1\" \/>\n<link rel=\"canonical\" href=\"https:\/\/eg-reeds.com\/es\/shop\/maquinas-hacer-canas\/willy-wettstein\/maquina-de-raspado-willy-wettstein-version-mini\/\" \/>\n<meta property=\"og:locale\" content=\"es_ES\" \/>\n<meta property=\"og:type\" content=\"article\" \/>\n<meta property=\"og:title\" content=\"M\u00e1quina de raspado Willy Wettstein (versi\u00f3n mini)\" \/>\n<meta property=\"og:description\" content=\"M\u00e1quina de raspado Willy Wettstein (versi\u00f3n mini) para ca\u00f1as de oboe y corno ingl\u00e9s. Con estuche incluido. Oboe-Atelier Wettstein.\" \/>\n<meta property=\"og:url\" content=\"https:\/\/eg-reeds.com\/es\/shop\/maquinas-hacer-canas\/willy-wettstein\/maquina-de-raspado-willy-wettstein-version-mini\/\" \/>\n<meta property=\"og:site_name\" content=\"www.eg-reeds.com\" \/>\n<meta property=\"article:publisher\" content=\"https:\/\/www.facebook.com\/EGREEDS\" \/>\n<meta property=\"article:modified_time\" content=\"2020-03-20T08:49:01+00:00\" \/>\n<meta property=\"og:image\" content=\"https:\/\/eg-reeds.com\/wp-content\/uploads\/2017\/12\/Willy-Wettstein-oboe-reed-profiler-1.jpg\" \/>\n\t<meta property=\"og:image:width\" content=\"640\" \/>\n\t<meta property=\"og:image:height\" content=\"480\" \/>\n\t<meta property=\"og:image:type\" content=\"image\/jpeg\" \/>\n<meta name=\"twitter:card\" content=\"summary_large_image\" \/>\n<meta name=\"twitter:site\" content=\"@egreeds\" \/>\n<meta name=\"twitter:label1\" content=\"Disponibilidad\" \/>\n\t<meta name=\"twitter:data1\" content=\"Sin existencias\" \/>\n<script type=\"application\/ld+json\" class=\"yoast-schema-graph\">{\"@context\":\"https:\/\/schema.org\",\"@graph\":[{\"@type\":[\"WebPage\",\"ItemPage\"],\"@id\":\"https:\/\/eg-reeds.com\/es\/shop\/maquinas-hacer-canas\/willy-wettstein\/maquina-de-raspado-willy-wettstein-version-mini\/\",\"url\":\"https:\/\/eg-reeds.com\/es\/shop\/maquinas-hacer-canas\/willy-wettstein\/maquina-de-raspado-willy-wettstein-version-mini\/\",\"name\":\"M\u00e1quina de raspado Willy Wettstein (versi\u00f3n mini)\",\"isPartOf\":{\"@id\":\"https:\/\/eg-reeds.com\/es\/#website\"},\"primaryImageOfPage\":{\"@id\":\"https:\/\/eg-reeds.com\/es\/shop\/maquinas-hacer-canas\/willy-wettstein\/maquina-de-raspado-willy-wettstein-version-mini\/#primaryimage\"},\"image\":{\"@id\":\"https:\/\/eg-reeds.com\/es\/shop\/maquinas-hacer-canas\/willy-wettstein\/maquina-de-raspado-willy-wettstein-version-mini\/#primaryimage\"},\"thumbnailUrl\":\"https:\/\/eg-reeds.com\/wp-content\/uploads\/2017\/12\/Willy-Wettstein-oboe-reed-profiler-1.jpg\",\"datePublished\":\"2017-12-04T12:16:01+00:00\",\"dateModified\":\"2020-03-20T08:49:01+00:00\",\"description\":\"M\u00e1quina de raspado Willy Wettstein (versi\u00f3n mini) para ca\u00f1as de oboe y corno ingl\u00e9s. Con estuche incluido. Oboe-Atelier Wettstein.\",\"breadcrumb\":{\"@id\":\"https:\/\/eg-reeds.com\/es\/shop\/maquinas-hacer-canas\/willy-wettstein\/maquina-de-raspado-willy-wettstein-version-mini\/#breadcrumb\"},\"inLanguage\":\"es\",\"potentialAction\":[{\"@type\":\"ReadAction\",\"target\":[\"https:\/\/eg-reeds.com\/es\/shop\/maquinas-hacer-canas\/willy-wettstein\/maquina-de-raspado-willy-wettstein-version-mini\/\"]}]},{\"@type\":\"ImageObject\",\"inLanguage\":\"es\",\"@id\":\"https:\/\/eg-reeds.com\/es\/shop\/maquinas-hacer-canas\/willy-wettstein\/maquina-de-raspado-willy-wettstein-version-mini\/#primaryimage\",\"url\":\"https:\/\/eg-reeds.com\/wp-content\/uploads\/2017\/12\/Willy-Wettstein-oboe-reed-profiler-1.jpg\",\"contentUrl\":\"https:\/\/eg-reeds.com\/wp-content\/uploads\/2017\/12\/Willy-Wettstein-oboe-reed-profiler-1.jpg\",\"width\":640,\"height\":480,\"caption\":\"M\u00e1quina de raspado Willy Wettstein (versi\u00f3n mini)\"},{\"@type\":\"BreadcrumbList\",\"@id\":\"https:\/\/eg-reeds.com\/es\/shop\/maquinas-hacer-canas\/willy-wettstein\/maquina-de-raspado-willy-wettstein-version-mini\/#breadcrumb\",\"itemListElement\":[{\"@type\":\"ListItem\",\"position\":1,\"name\":\"Inicio\",\"item\":\"https:\/\/eg-reeds.com\/es\/\"},{\"@type\":\"ListItem\",\"position\":2,\"name\":\"Tienda\",\"item\":\"https:\/\/eg-reeds.com\/es\/\"},{\"@type\":\"ListItem\",\"position\":3,\"name\":\"M\u00e1quina de raspado Willy Wettstein (versi\u00f3n mini)\"}]},{\"@type\":\"WebSite\",\"@id\":\"https:\/\/eg-reeds.com\/es\/#website\",\"url\":\"https:\/\/eg-reeds.com\/es\/\",\"name\":\"www.eg-reeds.com\",\"description\":\"Ca\u00f1as oboe\",\"publisher\":{\"@id\":\"https:\/\/eg-reeds.com\/es\/#organization\"},\"alternateName\":\"eg-reeds.com\",\"potentialAction\":[{\"@type\":\"SearchAction\",\"target\":{\"@type\":\"EntryPoint\",\"urlTemplate\":\"https:\/\/eg-reeds.com\/es\/?s={search_term_string}\"},\"query-input\":{\"@type\":\"PropertyValueSpecification\",\"valueRequired\":true,\"valueName\":\"search_term_string\"}}],\"inLanguage\":\"es\"},{\"@type\":\"Organization\",\"@id\":\"https:\/\/eg-reeds.com\/es\/#organization\",\"name\":\"www.eg-reeds.com\",\"url\":\"https:\/\/eg-reeds.com\/es\/\",\"logo\":{\"@type\":\"ImageObject\",\"inLanguage\":\"es\",\"@id\":\"https:\/\/eg-reeds.com\/es\/#\/schema\/logo\/image\/\",\"url\":\"https:\/\/eg-reeds.com\/wp-content\/uploads\/2024\/06\/Logo-scaled-e1718793906611.jpg\",\"contentUrl\":\"https:\/\/eg-reeds.com\/wp-content\/uploads\/2024\/06\/Logo-scaled-e1718793906611.jpg\",\"width\":1200,\"height\":493,\"caption\":\"www.eg-reeds.com\"},\"image\":{\"@id\":\"https:\/\/eg-reeds.com\/es\/#\/schema\/logo\/image\/\"},\"sameAs\":[\"https:\/\/www.facebook.com\/EGREEDS\",\"https:\/\/x.com\/egreeds\",\"https:\/\/www.instagram.com\/egreeds\/\",\"https:\/\/www.youtube.com\/c\/EGREEDS\",\"https:\/\/www.threads.net\/@egreeds\",\"https:\/\/www.tiktok.com\/@egreeds\"]}]}<\/script>\n<meta property=\"og:availability\" content=\"out of stock\" \/>\n<meta property=\"product:availability\" content=\"out of stock\" \/>\n<meta property=\"product:retailer_item_id\" content=\"MWWR\" \/>\n<meta property=\"product:condition\" content=\"new\" \/>\n<!-- \/ Yoast SEO Premium plugin. -->","yoast_head_json":{"title":"M\u00e1quina de raspado Willy Wettstein (versi\u00f3n mini)","description":"M\u00e1quina de raspado Willy Wettstein (versi\u00f3n mini) para ca\u00f1as de oboe y corno ingl\u00e9s. Con estuche incluido. Oboe-Atelier Wettstein.","robots":{"index":"index","follow":"follow","max-snippet":"max-snippet:-1","max-image-preview":"max-image-preview:large","max-video-preview":"max-video-preview:-1"},"canonical":"https:\/\/eg-reeds.com\/es\/shop\/maquinas-hacer-canas\/willy-wettstein\/maquina-de-raspado-willy-wettstein-version-mini\/","og_locale":"es_ES","og_type":"article","og_title":"M\u00e1quina de raspado Willy Wettstein (versi\u00f3n mini)","og_description":"M\u00e1quina de raspado Willy Wettstein (versi\u00f3n mini) para ca\u00f1as de oboe y corno ingl\u00e9s. Con estuche incluido. Oboe-Atelier Wettstein.","og_url":"https:\/\/eg-reeds.com\/es\/shop\/maquinas-hacer-canas\/willy-wettstein\/maquina-de-raspado-willy-wettstein-version-mini\/","og_site_name":"www.eg-reeds.com","article_publisher":"https:\/\/www.facebook.com\/EGREEDS","article_modified_time":"2020-03-20T08:49:01+00:00","og_image":[{"width":640,"height":480,"url":"https:\/\/eg-reeds.com\/wp-content\/uploads\/2017\/12\/Willy-Wettstein-oboe-reed-profiler-1.jpg","type":"image\/jpeg"}],"twitter_card":"summary_large_image","twitter_site":"@egreeds","twitter_misc":{"Disponibilidad":"Sin existencias"},"schema":{"@context":"https:\/\/schema.org","@graph":[{"@type":["WebPage","ItemPage"],"@id":"https:\/\/eg-reeds.com\/es\/shop\/maquinas-hacer-canas\/willy-wettstein\/maquina-de-raspado-willy-wettstein-version-mini\/","url":"https:\/\/eg-reeds.com\/es\/shop\/maquinas-hacer-canas\/willy-wettstein\/maquina-de-raspado-willy-wettstein-version-mini\/","name":"M\u00e1quina de raspado Willy Wettstein (versi\u00f3n mini)","isPartOf":{"@id":"https:\/\/eg-reeds.com\/es\/#website"},"primaryImageOfPage":{"@id":"https:\/\/eg-reeds.com\/es\/shop\/maquinas-hacer-canas\/willy-wettstein\/maquina-de-raspado-willy-wettstein-version-mini\/#primaryimage"},"image":{"@id":"https:\/\/eg-reeds.com\/es\/shop\/maquinas-hacer-canas\/willy-wettstein\/maquina-de-raspado-willy-wettstein-version-mini\/#primaryimage"},"thumbnailUrl":"https:\/\/eg-reeds.com\/wp-content\/uploads\/2017\/12\/Willy-Wettstein-oboe-reed-profiler-1.jpg","datePublished":"2017-12-04T12:16:01+00:00","dateModified":"2020-03-20T08:49:01+00:00","description":"M\u00e1quina de raspado Willy Wettstein (versi\u00f3n mini) para ca\u00f1as de oboe y corno ingl\u00e9s. Con estuche incluido. Oboe-Atelier Wettstein.","breadcrumb":{"@id":"https:\/\/eg-reeds.com\/es\/shop\/maquinas-hacer-canas\/willy-wettstein\/maquina-de-raspado-willy-wettstein-version-mini\/#breadcrumb"},"inLanguage":"es","potentialAction":[{"@type":"ReadAction","target":["https:\/\/eg-reeds.com\/es\/shop\/maquinas-hacer-canas\/willy-wettstein\/maquina-de-raspado-willy-wettstein-version-mini\/"]}]},{"@type":"ImageObject","inLanguage":"es","@id":"https:\/\/eg-reeds.com\/es\/shop\/maquinas-hacer-canas\/willy-wettstein\/maquina-de-raspado-willy-wettstein-version-mini\/#primaryimage","url":"https:\/\/eg-reeds.com\/wp-content\/uploads\/2017\/12\/Willy-Wettstein-oboe-reed-profiler-1.jpg","contentUrl":"https:\/\/eg-reeds.com\/wp-content\/uploads\/2017\/12\/Willy-Wettstein-oboe-reed-profiler-1.jpg","width":640,"height":480,"caption":"M\u00e1quina de raspado Willy Wettstein (versi\u00f3n mini)"},{"@type":"BreadcrumbList","@id":"https:\/\/eg-reeds.com\/es\/shop\/maquinas-hacer-canas\/willy-wettstein\/maquina-de-raspado-willy-wettstein-version-mini\/#breadcrumb","itemListElement":[{"@type":"ListItem","position":1,"name":"Inicio","item":"https:\/\/eg-reeds.com\/es\/"},{"@type":"ListItem","position":2,"name":"Tienda","item":"https:\/\/eg-reeds.com\/es\/"},{"@type":"ListItem","position":3,"name":"M\u00e1quina de raspado Willy Wettstein (versi\u00f3n mini)"}]},{"@type":"WebSite","@id":"https:\/\/eg-reeds.com\/es\/#website","url":"https:\/\/eg-reeds.com\/es\/","name":"www.eg-reeds.com","description":"Ca\u00f1as oboe","publisher":{"@id":"https:\/\/eg-reeds.com\/es\/#organization"},"alternateName":"eg-reeds.com","potentialAction":[{"@type":"SearchAction","target":{"@type":"EntryPoint","urlTemplate":"https:\/\/eg-reeds.com\/es\/?s={search_term_string}"},"query-input":{"@type":"PropertyValueSpecification","valueRequired":true,"valueName":"search_term_string"}}],"inLanguage":"es"},{"@type":"Organization","@id":"https:\/\/eg-reeds.com\/es\/#organization","name":"www.eg-reeds.com","url":"https:\/\/eg-reeds.com\/es\/","logo":{"@type":"ImageObject","inLanguage":"es","@id":"https:\/\/eg-reeds.com\/es\/#\/schema\/logo\/image\/","url":"https:\/\/eg-reeds.com\/wp-content\/uploads\/2024\/06\/Logo-scaled-e1718793906611.jpg","contentUrl":"https:\/\/eg-reeds.com\/wp-content\/uploads\/2024\/06\/Logo-scaled-e1718793906611.jpg","width":1200,"height":493,"caption":"www.eg-reeds.com"},"image":{"@id":"https:\/\/eg-reeds.com\/es\/#\/schema\/logo\/image\/"},"sameAs":["https:\/\/www.facebook.com\/EGREEDS","https:\/\/x.com\/egreeds","https:\/\/www.instagram.com\/egreeds\/","https:\/\/www.youtube.com\/c\/EGREEDS","https:\/\/www.threads.net\/@egreeds","https:\/\/www.tiktok.com\/@egreeds"]}]},"og_availability":"out of stock","product_availability":"out of stock","product_retailer_item_id":"MWWR","product_condition":"new"},"_links":{"self":[{"href":"https:\/\/eg-reeds.com\/es\/wp-json\/wp\/v2\/product\/28067","targetHints":{"allow":["GET"]}}],"collection":[{"href":"https:\/\/eg-reeds.com\/es\/wp-json\/wp\/v2\/product"}],"about":[{"href":"https:\/\/eg-reeds.com\/es\/wp-json\/wp\/v2\/types\/product"}],"replies":[{"embeddable":true,"href":"https:\/\/eg-reeds.com\/es\/wp-json\/wp\/v2\/comments?post=28067"}],"wp:featuredmedia":[{"embeddable":true,"href":"https:\/\/eg-reeds.com\/es\/wp-json\/wp\/v2\/media\/28308"}],"wp:attachment":[{"href":"https:\/\/eg-reeds.com\/es\/wp-json\/wp\/v2\/media?parent=28067"}],"wp:term":[{"taxonomy":"product_brand","embeddable":true,"href":"https:\/\/eg-reeds.com\/es\/wp-json\/wp\/v2\/product_brand?post=28067"},{"taxonomy":"product_cat","embeddable":true,"href":"https:\/\/eg-reeds.com\/es\/wp-json\/wp\/v2\/product_cat?post=28067"},{"taxonomy":"product_tag","embeddable":true,"href":"https:\/\/eg-reeds.com\/es\/wp-json\/wp\/v2\/product_tag?post=28067"},{"taxonomy":"giftcard-category","embeddable":true,"href":"https:\/\/eg-reeds.com\/es\/wp-json\/wp\/v2\/giftcard-category?post=28067"}],"curies":[{"name":"wp","href":"https:\/\/api.w.org\/{rel}","templated":true}]}}