{"id":29607,"date":"2018-02-03T11:56:06","date_gmt":"2018-02-03T10:56:06","guid":{"rendered":"http:\/\/eg-reeds.com\/?post_type=product&#038;p=29607"},"modified":"2024-05-03T10:34:05","modified_gmt":"2024-05-03T09:34:05","slug":"maquina-de-dar-forma-reeds-n-stuff","status":"publish","type":"product","link":"https:\/\/eg-reeds.com\/es\/shop\/maquinas-hacer-canas\/reeds-n-stuff\/maquina-de-dar-forma-reeds-n-stuff\/","title":{"rendered":"M\u00e1quina de dar forma Reeds &#8216;n Stuff"},"content":{"rendered":"<h1><strong>M\u00e1quina de dar forma Reeds &#8216;n Stuff.<\/strong><\/h1>\n<p>M\u00e1quina de dar forma Reeds &#8216;n Stuff. <span style=\"color: #333333;\">Tambi\u00e9n disponible para corno ingl\u00e9s, oboe de amor, oboe vien\u00e9s, oboe barroco y oboe bajo. Por favor contacta con nosotros. <strong>Sin bolsa de transporte.<\/strong> Viene en la caja de cart\u00f3n, pero si necesitas la bolsa de transporte, escr\u00edbenos un email a <a href=\"mailto:info@eg-reeds.com\" target=\"_blank\" rel=\"noopener\">info@eg-reeds.com<\/a> y te enviaremos el presupuesto.<\/span><\/p>\n<p class=\"LC20lb MBeuO DKV0Md\">La m\u00e1quina con Forma RC Roseau Chantant oboe tiene un incremento en el precio.<\/p>\n<p><a href=\"https:\/\/eg-reeds.com\/es\/formas-reeds-n-stuff\/\" target=\"_blank\" rel=\"noopener noreferrer\">Listado de formas<\/a><\/p>\n<p>Por favor escr\u00edbenos la forma que necesitas en las notas de cliente del pedido (en la p\u00e1gina de Finalizar pedido).<\/p>\n<p>Env\u00edo en 7-10 d\u00edas seg\u00fan stock.<\/p>\n<p>&nbsp;<\/p>\n<p>Te dejamos aqu\u00ed las principales caracter\u00edsticas de esta m\u00e1quina:<\/p>\n<ul>\n<li><strong>Da forma a palas de oboe sin esfuerzo:<\/strong> los rodamientos de precisi\u00f3n garantizan un deslizamiento suave para dar forma sin esfuerzo.<\/li>\n<li><strong>M\u00e1s vida \u00fatil de la cuchilla:<\/strong> la altura ajustable utiliza toda la longitud de la cuchilla, lo que extiende su vida \u00fatil.<\/li>\n<li><strong>Dise\u00f1o ergon\u00f3mico:<\/strong> asas c\u00f3modas para dar forma sin fatiga.<\/li>\n<li><strong>Sujeci\u00f3n segura:<\/strong> sujeta la pala de forma segura mientras le da forma y marca el punto de plegado.<\/li>\n<li><strong>Variedad de formas:<\/strong> encuentra la forma perfecta para tu tipo de oboe.<\/li>\n<\/ul>\n<p>&nbsp;<\/p>\n<p><iframe loading=\"lazy\" title=\"Fassonschneider f\u00fcr Oboe - Shaping machine for oboe\" width=\"1020\" height=\"574\" src=\"https:\/\/www.youtube.com\/embed\/uvpOwqg_Jww?feature=oembed\" frameborder=\"0\" allow=\"accelerometer; autoplay; clipboard-write; encrypted-media; gyroscope; picture-in-picture; web-share\" referrerpolicy=\"strict-origin-when-cross-origin\" allowfullscreen><\/iframe><\/p>\n","protected":false},"excerpt":{"rendered":"<p><a href=\"https:\/\/eg-reeds.com\/es\/formas-reeds-n-stuff\/\" target=\"_blank\" rel=\"noopener noreferrer\">Listado de formas<\/a><\/p>\n","protected":false},"featured_media":29750,"comment_status":"open","ping_status":"closed","template":"","meta":[],"product_brand":[],"product_cat":[2923],"product_tag":[],"giftcard-category":[],"class_list":{"0":"post-29607","1":"product","2":"type-product","3":"status-publish","4":"has-post-thumbnail","6":"product_cat-reeds-n-stuff","7":"product_shipping_class-rmm-es","9":"first","10":"instock","11":"taxable","12":"shipping-taxable","13":"purchasable","14":"product-type-variable"},"yoast_head":"<!-- This site is optimized with the Yoast SEO Premium plugin v27.0 (Yoast SEO v27.3) - https:\/\/yoast.com\/product\/yoast-seo-premium-wordpress\/ -->\n<title>M\u00e1quina de dar forma Reeds &#039;n Stuff - www.eg-reeds.com<\/title>\n<meta name=\"description\" content=\"M\u00e1quina de dar forma Reeds &#039;n Stuff para palas de oboe. Tambi\u00e9n para corno ingl\u00e9s, oboe de amor, oboe vien\u00e9s, barroco, bajo y cl\u00e1sico.\" \/>\n<meta name=\"robots\" content=\"index, follow, max-snippet:-1, max-image-preview:large, max-video-preview:-1\" \/>\n<link rel=\"canonical\" href=\"https:\/\/eg-reeds.com\/es\/shop\/maquinas-hacer-canas\/reeds-n-stuff\/maquina-de-dar-forma-reeds-n-stuff\/\" \/>\n<meta property=\"og:locale\" content=\"es_ES\" \/>\n<meta property=\"og:type\" content=\"article\" \/>\n<meta property=\"og:title\" content=\"Shaping machine Reeds &#039;n Stuff\" \/>\n<meta property=\"og:description\" content=\"Shaping machine Reeds &#039;n Stuff for oboe cane. Also available for English horn, Oboe d&#039;amore, Viennese oboe, Baroque oboe and Bass oboe cane.\" \/>\n<meta property=\"og:url\" content=\"https:\/\/eg-reeds.com\/es\/shop\/maquinas-hacer-canas\/reeds-n-stuff\/maquina-de-dar-forma-reeds-n-stuff\/\" \/>\n<meta property=\"og:site_name\" content=\"www.eg-reeds.com\" \/>\n<meta property=\"article:publisher\" content=\"https:\/\/www.facebook.com\/EGREEDS\" \/>\n<meta property=\"article:modified_time\" content=\"2024-05-03T09:34:05+00:00\" \/>\n<meta property=\"og:image\" content=\"https:\/\/eg-reeds.com\/wp-content\/uploads\/2018\/02\/Shaping-machine-Reeds-n-Stuff.jpg\" \/>\n\t<meta property=\"og:image:width\" content=\"1500\" \/>\n\t<meta property=\"og:image:height\" content=\"1000\" \/>\n\t<meta property=\"og:image:type\" content=\"image\/jpeg\" \/>\n<meta name=\"twitter:card\" content=\"summary_large_image\" \/>\n<meta name=\"twitter:title\" content=\"Shaping machine Reeds &#039;n Stuff\" \/>\n<meta name=\"twitter:description\" content=\"Shaping machine Reeds &#039;n Stuff for oboe cane. Also available for English horn, Oboe d&#039;amore, Viennese oboe, Baroque oboe and Bass oboe cane.\" \/>\n<meta name=\"twitter:site\" content=\"@egreeds\" \/>\n<meta name=\"twitter:label1\" content=\"Disponibilidad\" \/>\n\t<meta name=\"twitter:data1\" content=\"Disponible\" \/>\n<script type=\"application\/ld+json\" class=\"yoast-schema-graph\">{\"@context\":\"https:\\\/\\\/schema.org\",\"@graph\":[{\"@type\":[\"WebPage\",\"ItemPage\"],\"@id\":\"https:\\\/\\\/eg-reeds.com\\\/es\\\/shop\\\/maquinas-hacer-canas\\\/reeds-n-stuff\\\/maquina-de-dar-forma-reeds-n-stuff\\\/\",\"url\":\"https:\\\/\\\/eg-reeds.com\\\/es\\\/shop\\\/maquinas-hacer-canas\\\/reeds-n-stuff\\\/maquina-de-dar-forma-reeds-n-stuff\\\/\",\"name\":\"M\u00e1quina de dar forma Reeds 'n Stuff - www.eg-reeds.com\",\"isPartOf\":{\"@id\":\"https:\\\/\\\/eg-reeds.com\\\/es\\\/#website\"},\"primaryImageOfPage\":{\"@id\":\"https:\\\/\\\/eg-reeds.com\\\/es\\\/shop\\\/maquinas-hacer-canas\\\/reeds-n-stuff\\\/maquina-de-dar-forma-reeds-n-stuff\\\/#primaryimage\"},\"image\":{\"@id\":\"https:\\\/\\\/eg-reeds.com\\\/es\\\/shop\\\/maquinas-hacer-canas\\\/reeds-n-stuff\\\/maquina-de-dar-forma-reeds-n-stuff\\\/#primaryimage\"},\"thumbnailUrl\":\"https:\\\/\\\/eg-reeds.com\\\/wp-content\\\/uploads\\\/2018\\\/02\\\/Shaping-machine-Reeds-n-Stuff.jpg\",\"datePublished\":\"2018-02-03T10:56:06+00:00\",\"dateModified\":\"2024-05-03T09:34:05+00:00\",\"description\":\"M\u00e1quina de dar forma Reeds 'n Stuff para palas de oboe. Tambi\u00e9n para corno ingl\u00e9s, oboe de amor, oboe vien\u00e9s, barroco, bajo y cl\u00e1sico.\",\"breadcrumb\":{\"@id\":\"https:\\\/\\\/eg-reeds.com\\\/es\\\/shop\\\/maquinas-hacer-canas\\\/reeds-n-stuff\\\/maquina-de-dar-forma-reeds-n-stuff\\\/#breadcrumb\"},\"inLanguage\":\"es\",\"potentialAction\":[{\"@type\":\"ReadAction\",\"target\":[\"https:\\\/\\\/eg-reeds.com\\\/es\\\/shop\\\/maquinas-hacer-canas\\\/reeds-n-stuff\\\/maquina-de-dar-forma-reeds-n-stuff\\\/\"]}]},{\"@type\":\"ImageObject\",\"inLanguage\":\"es\",\"@id\":\"https:\\\/\\\/eg-reeds.com\\\/es\\\/shop\\\/maquinas-hacer-canas\\\/reeds-n-stuff\\\/maquina-de-dar-forma-reeds-n-stuff\\\/#primaryimage\",\"url\":\"https:\\\/\\\/eg-reeds.com\\\/wp-content\\\/uploads\\\/2018\\\/02\\\/Shaping-machine-Reeds-n-Stuff.jpg\",\"contentUrl\":\"https:\\\/\\\/eg-reeds.com\\\/wp-content\\\/uploads\\\/2018\\\/02\\\/Shaping-machine-Reeds-n-Stuff.jpg\",\"width\":1500,\"height\":1000,\"caption\":\"M\u00e1quina de dar forma Reeds 'n Stuff\"},{\"@type\":\"BreadcrumbList\",\"@id\":\"https:\\\/\\\/eg-reeds.com\\\/es\\\/shop\\\/maquinas-hacer-canas\\\/reeds-n-stuff\\\/maquina-de-dar-forma-reeds-n-stuff\\\/#breadcrumb\",\"itemListElement\":[{\"@type\":\"ListItem\",\"position\":1,\"name\":\"Inicio\",\"item\":\"https:\\\/\\\/eg-reeds.com\\\/es\\\/\"},{\"@type\":\"ListItem\",\"position\":2,\"name\":\"Tienda\",\"item\":\"https:\\\/\\\/eg-reeds.com\\\/es\\\/\"},{\"@type\":\"ListItem\",\"position\":3,\"name\":\"M\u00e1quina de dar forma Reeds &#8216;n Stuff\"}]},{\"@type\":\"WebSite\",\"@id\":\"https:\\\/\\\/eg-reeds.com\\\/es\\\/#website\",\"url\":\"https:\\\/\\\/eg-reeds.com\\\/es\\\/\",\"name\":\"www.eg-reeds.com\",\"description\":\"Ca\u00f1as oboe\",\"publisher\":{\"@id\":\"https:\\\/\\\/eg-reeds.com\\\/es\\\/#organization\"},\"alternateName\":\"eg-reeds.com\",\"potentialAction\":[{\"@type\":\"SearchAction\",\"target\":{\"@type\":\"EntryPoint\",\"urlTemplate\":\"https:\\\/\\\/eg-reeds.com\\\/es\\\/?s={search_term_string}\"},\"query-input\":{\"@type\":\"PropertyValueSpecification\",\"valueRequired\":true,\"valueName\":\"search_term_string\"}}],\"inLanguage\":\"es\"},{\"@type\":\"Organization\",\"@id\":\"https:\\\/\\\/eg-reeds.com\\\/es\\\/#organization\",\"name\":\"www.eg-reeds.com\",\"url\":\"https:\\\/\\\/eg-reeds.com\\\/es\\\/\",\"logo\":{\"@type\":\"ImageObject\",\"inLanguage\":\"es\",\"@id\":\"https:\\\/\\\/eg-reeds.com\\\/es\\\/#\\\/schema\\\/logo\\\/image\\\/\",\"url\":\"https:\\\/\\\/eg-reeds.com\\\/wp-content\\\/uploads\\\/2024\\\/06\\\/Logo-scaled-e1718793906611.jpg\",\"contentUrl\":\"https:\\\/\\\/eg-reeds.com\\\/wp-content\\\/uploads\\\/2024\\\/06\\\/Logo-scaled-e1718793906611.jpg\",\"width\":1200,\"height\":493,\"caption\":\"www.eg-reeds.com\"},\"image\":{\"@id\":\"https:\\\/\\\/eg-reeds.com\\\/es\\\/#\\\/schema\\\/logo\\\/image\\\/\"},\"sameAs\":[\"https:\\\/\\\/www.facebook.com\\\/EGREEDS\",\"https:\\\/\\\/x.com\\\/egreeds\",\"https:\\\/\\\/www.instagram.com\\\/egreeds\\\/\",\"https:\\\/\\\/www.youtube.com\\\/c\\\/EGREEDS\",\"https:\\\/\\\/www.threads.net\\\/@egreeds\",\"https:\\\/\\\/www.tiktok.com\\\/@egreeds\"]}]}<\/script>\n<meta property=\"og:availability\" content=\"instock\" \/>\n<meta property=\"product:availability\" content=\"instock\" \/>\n<meta property=\"product:retailer_item_id\" content=\"MRSF - F10-16000\" \/>\n<meta property=\"product:condition\" content=\"new\" \/>\n<!-- \/ Yoast SEO Premium plugin. -->","yoast_head_json":{"title":"M\u00e1quina de dar forma Reeds 'n Stuff - www.eg-reeds.com","description":"M\u00e1quina de dar forma Reeds 'n Stuff para palas de oboe. Tambi\u00e9n para corno ingl\u00e9s, oboe de amor, oboe vien\u00e9s, barroco, bajo y cl\u00e1sico.","robots":{"index":"index","follow":"follow","max-snippet":"max-snippet:-1","max-image-preview":"max-image-preview:large","max-video-preview":"max-video-preview:-1"},"canonical":"https:\/\/eg-reeds.com\/es\/shop\/maquinas-hacer-canas\/reeds-n-stuff\/maquina-de-dar-forma-reeds-n-stuff\/","og_locale":"es_ES","og_type":"article","og_title":"Shaping machine Reeds 'n Stuff","og_description":"Shaping machine Reeds 'n Stuff for oboe cane. Also available for English horn, Oboe d'amore, Viennese oboe, Baroque oboe and Bass oboe cane.","og_url":"https:\/\/eg-reeds.com\/es\/shop\/maquinas-hacer-canas\/reeds-n-stuff\/maquina-de-dar-forma-reeds-n-stuff\/","og_site_name":"www.eg-reeds.com","article_publisher":"https:\/\/www.facebook.com\/EGREEDS","article_modified_time":"2024-05-03T09:34:05+00:00","og_image":[{"width":1500,"height":1000,"url":"https:\/\/eg-reeds.com\/wp-content\/uploads\/2018\/02\/Shaping-machine-Reeds-n-Stuff.jpg","type":"image\/jpeg"}],"twitter_card":"summary_large_image","twitter_title":"Shaping machine Reeds 'n Stuff","twitter_description":"Shaping machine Reeds 'n Stuff for oboe cane. Also available for English horn, Oboe d'amore, Viennese oboe, Baroque oboe and Bass oboe cane.","twitter_site":"@egreeds","twitter_misc":{"Disponibilidad":"Disponible"},"schema":{"@context":"https:\/\/schema.org","@graph":[{"@type":["WebPage","ItemPage"],"@id":"https:\/\/eg-reeds.com\/es\/shop\/maquinas-hacer-canas\/reeds-n-stuff\/maquina-de-dar-forma-reeds-n-stuff\/","url":"https:\/\/eg-reeds.com\/es\/shop\/maquinas-hacer-canas\/reeds-n-stuff\/maquina-de-dar-forma-reeds-n-stuff\/","name":"M\u00e1quina de dar forma Reeds 'n Stuff - www.eg-reeds.com","isPartOf":{"@id":"https:\/\/eg-reeds.com\/es\/#website"},"primaryImageOfPage":{"@id":"https:\/\/eg-reeds.com\/es\/shop\/maquinas-hacer-canas\/reeds-n-stuff\/maquina-de-dar-forma-reeds-n-stuff\/#primaryimage"},"image":{"@id":"https:\/\/eg-reeds.com\/es\/shop\/maquinas-hacer-canas\/reeds-n-stuff\/maquina-de-dar-forma-reeds-n-stuff\/#primaryimage"},"thumbnailUrl":"https:\/\/eg-reeds.com\/wp-content\/uploads\/2018\/02\/Shaping-machine-Reeds-n-Stuff.jpg","datePublished":"2018-02-03T10:56:06+00:00","dateModified":"2024-05-03T09:34:05+00:00","description":"M\u00e1quina de dar forma Reeds 'n Stuff para palas de oboe. Tambi\u00e9n para corno ingl\u00e9s, oboe de amor, oboe vien\u00e9s, barroco, bajo y cl\u00e1sico.","breadcrumb":{"@id":"https:\/\/eg-reeds.com\/es\/shop\/maquinas-hacer-canas\/reeds-n-stuff\/maquina-de-dar-forma-reeds-n-stuff\/#breadcrumb"},"inLanguage":"es","potentialAction":[{"@type":"ReadAction","target":["https:\/\/eg-reeds.com\/es\/shop\/maquinas-hacer-canas\/reeds-n-stuff\/maquina-de-dar-forma-reeds-n-stuff\/"]}]},{"@type":"ImageObject","inLanguage":"es","@id":"https:\/\/eg-reeds.com\/es\/shop\/maquinas-hacer-canas\/reeds-n-stuff\/maquina-de-dar-forma-reeds-n-stuff\/#primaryimage","url":"https:\/\/eg-reeds.com\/wp-content\/uploads\/2018\/02\/Shaping-machine-Reeds-n-Stuff.jpg","contentUrl":"https:\/\/eg-reeds.com\/wp-content\/uploads\/2018\/02\/Shaping-machine-Reeds-n-Stuff.jpg","width":1500,"height":1000,"caption":"M\u00e1quina de dar forma Reeds 'n Stuff"},{"@type":"BreadcrumbList","@id":"https:\/\/eg-reeds.com\/es\/shop\/maquinas-hacer-canas\/reeds-n-stuff\/maquina-de-dar-forma-reeds-n-stuff\/#breadcrumb","itemListElement":[{"@type":"ListItem","position":1,"name":"Inicio","item":"https:\/\/eg-reeds.com\/es\/"},{"@type":"ListItem","position":2,"name":"Tienda","item":"https:\/\/eg-reeds.com\/es\/"},{"@type":"ListItem","position":3,"name":"M\u00e1quina de dar forma Reeds &#8216;n Stuff"}]},{"@type":"WebSite","@id":"https:\/\/eg-reeds.com\/es\/#website","url":"https:\/\/eg-reeds.com\/es\/","name":"www.eg-reeds.com","description":"Ca\u00f1as oboe","publisher":{"@id":"https:\/\/eg-reeds.com\/es\/#organization"},"alternateName":"eg-reeds.com","potentialAction":[{"@type":"SearchAction","target":{"@type":"EntryPoint","urlTemplate":"https:\/\/eg-reeds.com\/es\/?s={search_term_string}"},"query-input":{"@type":"PropertyValueSpecification","valueRequired":true,"valueName":"search_term_string"}}],"inLanguage":"es"},{"@type":"Organization","@id":"https:\/\/eg-reeds.com\/es\/#organization","name":"www.eg-reeds.com","url":"https:\/\/eg-reeds.com\/es\/","logo":{"@type":"ImageObject","inLanguage":"es","@id":"https:\/\/eg-reeds.com\/es\/#\/schema\/logo\/image\/","url":"https:\/\/eg-reeds.com\/wp-content\/uploads\/2024\/06\/Logo-scaled-e1718793906611.jpg","contentUrl":"https:\/\/eg-reeds.com\/wp-content\/uploads\/2024\/06\/Logo-scaled-e1718793906611.jpg","width":1200,"height":493,"caption":"www.eg-reeds.com"},"image":{"@id":"https:\/\/eg-reeds.com\/es\/#\/schema\/logo\/image\/"},"sameAs":["https:\/\/www.facebook.com\/EGREEDS","https:\/\/x.com\/egreeds","https:\/\/www.instagram.com\/egreeds\/","https:\/\/www.youtube.com\/c\/EGREEDS","https:\/\/www.threads.net\/@egreeds","https:\/\/www.tiktok.com\/@egreeds"]}]},"og_availability":"instock","product_availability":"instock","product_retailer_item_id":"MRSF - F10-16000","product_condition":"new"},"_links":{"self":[{"href":"https:\/\/eg-reeds.com\/es\/wp-json\/wp\/v2\/product\/29607","targetHints":{"allow":["GET"]}}],"collection":[{"href":"https:\/\/eg-reeds.com\/es\/wp-json\/wp\/v2\/product"}],"about":[{"href":"https:\/\/eg-reeds.com\/es\/wp-json\/wp\/v2\/types\/product"}],"replies":[{"embeddable":true,"href":"https:\/\/eg-reeds.com\/es\/wp-json\/wp\/v2\/comments?post=29607"}],"wp:featuredmedia":[{"embeddable":true,"href":"https:\/\/eg-reeds.com\/es\/wp-json\/wp\/v2\/media\/29750"}],"wp:attachment":[{"href":"https:\/\/eg-reeds.com\/es\/wp-json\/wp\/v2\/media?parent=29607"}],"wp:term":[{"taxonomy":"product_brand","embeddable":true,"href":"https:\/\/eg-reeds.com\/es\/wp-json\/wp\/v2\/product_brand?post=29607"},{"taxonomy":"product_cat","embeddable":true,"href":"https:\/\/eg-reeds.com\/es\/wp-json\/wp\/v2\/product_cat?post=29607"},{"taxonomy":"product_tag","embeddable":true,"href":"https:\/\/eg-reeds.com\/es\/wp-json\/wp\/v2\/product_tag?post=29607"},{"taxonomy":"giftcard-category","embeddable":true,"href":"https:\/\/eg-reeds.com\/es\/wp-json\/wp\/v2\/giftcard-category?post=29607"}],"curies":[{"name":"wp","href":"https:\/\/api.w.org\/{rel}","templated":true}]}}