{"id":29658,"date":"2018-02-03T14:07:06","date_gmt":"2018-02-03T13:07:09","guid":{"rendered":"http:\/\/eg-reeds.com\/?post_type=product&#038;p=29658"},"modified":"2020-11-25T11:09:51","modified_gmt":"2020-11-25T10:09:51","slug":"gubiadora-reeds-n-stuff","status":"publish","type":"product","link":"https:\/\/eg-reeds.com\/es\/shop\/maquinas-hacer-canas\/reeds-n-stuff\/gubiadora-reeds-n-stuff\/","title":{"rendered":"Gubiadora Reeds &#8216;n Stuff"},"content":{"rendered":"<h1><strong>Gubiadora\u00a0<\/strong><strong>Reeds &#8216;n Stuff.<\/strong><\/h1>\n<p>Gubiadora Reeds &#8216;n Stuff. M\u00e1quina de gubiar palas de oboe. Tambi\u00e9n disponible para palas de corno ingl\u00e9s, oboe de amor, oboe barroco o oboe vien\u00e9s.<\/p>\n<h4>Entrega en 7-10 d\u00edas.<\/h4>\n<p>&nbsp;<\/p>\n<h3><strong>La m\u00e1quina definitiva para gubiar tus palas.<\/strong><\/h3>\n<p>La gubiadora Reeds &#8216;n Stuff es la m\u00e1quina definitiva para gubiar tus palas. Su cuchilla cil\u00edndrica de nuevo dise\u00f1o proporciona cortes m\u00e1s precisos y una superficie perfectamente lisa. Y un ingenioso ajuste de espesor mantiene la hoja centrada en cualquier configuraci\u00f3n. Olv\u00eddate de todos los problemas que has escuchado sobre las antiguas m\u00e1quinas de gubiar. Cambiar las cuchillas ahora es muy f\u00e1cil, \u00a1cualquiera puede hacerlo! No es necesario enviar la m\u00e1quina a la f\u00e1brica para el ajuste, no hay problemas despu\u00e9s de afilar las cuchillas.<\/p>\n<p>&nbsp;<\/p>\n<p><iframe loading=\"lazy\" title=\"Innenhobelmaschine &quot;Reeds &#039;n Stuff&quot;\" width=\"1020\" height=\"574\" src=\"https:\/\/www.youtube.com\/embed\/jaX-lc0xKqo?start=1&#038;feature=oembed\" frameborder=\"0\" allow=\"accelerometer; autoplay; clipboard-write; encrypted-media; gyroscope; picture-in-picture\" allowfullscreen><\/iframe><\/p>\n","protected":false},"excerpt":{"rendered":"<p>Gubiadora\u00a0Reeds &#8216;n Stuff. Gubiadora Reeds &#8216;n Stuff. M\u00e1quina de gubiar palas de oboe. Tambi\u00e9n disponible para palas de corno ingl\u00e9s, oboe de amor, oboe barroco o oboe vien\u00e9s. Entrega en 7-10 d\u00edas. &nbsp; La m\u00e1quina definitiva para gubiar tus palas. La gubiadora Reeds &#8216;n Stuff es la m\u00e1quina definitiva para gubiar tus palas. Su cuchilla [&#8230;]\n","protected":false},"featured_media":29739,"comment_status":"open","ping_status":"closed","template":"","meta":[],"product_brand":[],"product_cat":[2923],"product_tag":[],"giftcard-category":[],"class_list":{"0":"post-29658","1":"product","2":"type-product","3":"status-publish","4":"has-post-thumbnail","6":"product_cat-reeds-n-stuff","7":"product_shipping_class-rmm-es","8":"pa_cane-diameter-10-mm-es","9":"pa_cane-diameter-10-5-mm-es","10":"pa_cane-diameter-11-mm-es","11":"pa_cane-diameter-11-5-mm-es","12":"pa_cane-diameter-12-mm-corno-ingles","13":"pa_cane-diameter-12-mm-oboe-vienes","14":"pa_cane-diameter-12-5-mm-corno-ingles","15":"pa_cane-diameter-14-mm-oboe-barroco","16":"pa_cane-diameter-15-mm-oboe-barroco","17":"pa_cane-diameter-16-mm-oboe-barroco","19":"first","20":"instock","21":"taxable","22":"shipping-taxable","23":"purchasable","24":"product-type-variable"},"yoast_head":"<!-- This site is optimized with the Yoast SEO Premium plugin v27.0 (Yoast SEO v27.4) - https:\/\/yoast.com\/product\/yoast-seo-premium-wordpress\/ -->\n<title>Gubiadora Reeds &#039;n Stuff - www.eg-reeds.com<\/title>\n<meta name=\"description\" content=\"Gubiadora Reeds &#039;n Stuff. Gubiadora Reeds &#039;n Stuff. M\u00e1quina de gubiar palas de oboe. Tambi\u00e9n disponible para palas de corno ingl\u00e9s, oboe de amor, oboe barroco o oboe vien\u00e9s. La m\u00e1quina definitiva para gubiar tus palas. Gubiadora Reeds &#039;n Stuff de Udo Heng.\" \/>\n<meta name=\"robots\" content=\"index, follow, max-snippet:-1, max-image-preview:large, max-video-preview:-1\" \/>\n<link rel=\"canonical\" href=\"https:\/\/eg-reeds.com\/es\/shop\/maquinas-hacer-canas\/reeds-n-stuff\/gubiadora-reeds-n-stuff\/\" \/>\n<meta property=\"og:locale\" content=\"es_ES\" \/>\n<meta property=\"og:type\" content=\"article\" \/>\n<meta property=\"og:title\" content=\"Gubiadora Reeds &#039;n Stuff\" \/>\n<meta property=\"og:description\" content=\"Gubiadora Reeds &#039;n Stuff. Gubiadora Reeds &#039;n Stuff. M\u00e1quina de gubiar palas de oboe. Tambi\u00e9n disponible para palas de corno ingl\u00e9s, oboe de amor, oboe barroco o oboe vien\u00e9s. La m\u00e1quina definitiva para gubiar tus palas. Gubiadora Reeds &#039;n Stuff de Udo Heng.\" \/>\n<meta property=\"og:url\" content=\"https:\/\/eg-reeds.com\/es\/shop\/maquinas-hacer-canas\/reeds-n-stuff\/gubiadora-reeds-n-stuff\/\" \/>\n<meta property=\"og:site_name\" content=\"www.eg-reeds.com\" \/>\n<meta property=\"article:publisher\" content=\"https:\/\/www.facebook.com\/EGREEDS\" \/>\n<meta property=\"article:modified_time\" content=\"2020-11-25T10:09:51+00:00\" \/>\n<meta property=\"og:image\" content=\"https:\/\/eg-reeds.com\/wp-content\/uploads\/2018\/02\/Gouging-machine-RS.jpg\" \/>\n\t<meta property=\"og:image:width\" content=\"1500\" \/>\n\t<meta property=\"og:image:height\" content=\"964\" \/>\n\t<meta property=\"og:image:type\" content=\"image\/jpeg\" \/>\n<meta name=\"twitter:card\" content=\"summary_large_image\" \/>\n<meta name=\"twitter:site\" content=\"@egreeds\" \/>\n<meta name=\"twitter:label1\" content=\"Disponibilidad\" \/>\n\t<meta name=\"twitter:data1\" content=\"Disponible\" \/>\n<script type=\"application\/ld+json\" class=\"yoast-schema-graph\">{\"@context\":\"https:\\\/\\\/schema.org\",\"@graph\":[{\"@type\":[\"WebPage\",\"ItemPage\"],\"@id\":\"https:\\\/\\\/eg-reeds.com\\\/es\\\/shop\\\/maquinas-hacer-canas\\\/reeds-n-stuff\\\/gubiadora-reeds-n-stuff\\\/\",\"url\":\"https:\\\/\\\/eg-reeds.com\\\/es\\\/shop\\\/maquinas-hacer-canas\\\/reeds-n-stuff\\\/gubiadora-reeds-n-stuff\\\/\",\"name\":\"Gubiadora Reeds 'n Stuff - www.eg-reeds.com\",\"isPartOf\":{\"@id\":\"https:\\\/\\\/eg-reeds.com\\\/es\\\/#website\"},\"primaryImageOfPage\":{\"@id\":\"https:\\\/\\\/eg-reeds.com\\\/es\\\/shop\\\/maquinas-hacer-canas\\\/reeds-n-stuff\\\/gubiadora-reeds-n-stuff\\\/#primaryimage\"},\"image\":{\"@id\":\"https:\\\/\\\/eg-reeds.com\\\/es\\\/shop\\\/maquinas-hacer-canas\\\/reeds-n-stuff\\\/gubiadora-reeds-n-stuff\\\/#primaryimage\"},\"thumbnailUrl\":\"https:\\\/\\\/eg-reeds.com\\\/wp-content\\\/uploads\\\/2018\\\/02\\\/Gouging-machine-RS.jpg\",\"datePublished\":\"2018-02-03T13:07:09+00:00\",\"dateModified\":\"2020-11-25T10:09:51+00:00\",\"description\":\"Gubiadora Reeds 'n Stuff. Gubiadora Reeds 'n Stuff. M\u00e1quina de gubiar palas de oboe. Tambi\u00e9n disponible para palas de corno ingl\u00e9s, oboe de amor, oboe barroco o oboe vien\u00e9s. La m\u00e1quina definitiva para gubiar tus palas. Gubiadora Reeds 'n Stuff de Udo Heng.\",\"breadcrumb\":{\"@id\":\"https:\\\/\\\/eg-reeds.com\\\/es\\\/shop\\\/maquinas-hacer-canas\\\/reeds-n-stuff\\\/gubiadora-reeds-n-stuff\\\/#breadcrumb\"},\"inLanguage\":\"es\",\"potentialAction\":[{\"@type\":\"ReadAction\",\"target\":[\"https:\\\/\\\/eg-reeds.com\\\/es\\\/shop\\\/maquinas-hacer-canas\\\/reeds-n-stuff\\\/gubiadora-reeds-n-stuff\\\/\"]}]},{\"@type\":\"ImageObject\",\"inLanguage\":\"es\",\"@id\":\"https:\\\/\\\/eg-reeds.com\\\/es\\\/shop\\\/maquinas-hacer-canas\\\/reeds-n-stuff\\\/gubiadora-reeds-n-stuff\\\/#primaryimage\",\"url\":\"https:\\\/\\\/eg-reeds.com\\\/wp-content\\\/uploads\\\/2018\\\/02\\\/Gouging-machine-RS.jpg\",\"contentUrl\":\"https:\\\/\\\/eg-reeds.com\\\/wp-content\\\/uploads\\\/2018\\\/02\\\/Gouging-machine-RS.jpg\",\"width\":1500,\"height\":964,\"caption\":\"Gubiadora Reeds 'n Stuff\"},{\"@type\":\"BreadcrumbList\",\"@id\":\"https:\\\/\\\/eg-reeds.com\\\/es\\\/shop\\\/maquinas-hacer-canas\\\/reeds-n-stuff\\\/gubiadora-reeds-n-stuff\\\/#breadcrumb\",\"itemListElement\":[{\"@type\":\"ListItem\",\"position\":1,\"name\":\"Inicio\",\"item\":\"https:\\\/\\\/eg-reeds.com\\\/es\\\/\"},{\"@type\":\"ListItem\",\"position\":2,\"name\":\"Tienda\",\"item\":\"https:\\\/\\\/eg-reeds.com\\\/es\\\/\"},{\"@type\":\"ListItem\",\"position\":3,\"name\":\"Gubiadora Reeds &#8216;n Stuff\"}]},{\"@type\":\"WebSite\",\"@id\":\"https:\\\/\\\/eg-reeds.com\\\/es\\\/#website\",\"url\":\"https:\\\/\\\/eg-reeds.com\\\/es\\\/\",\"name\":\"www.eg-reeds.com\",\"description\":\"Ca\u00f1as oboe\",\"publisher\":{\"@id\":\"https:\\\/\\\/eg-reeds.com\\\/es\\\/#organization\"},\"alternateName\":\"eg-reeds.com\",\"potentialAction\":[{\"@type\":\"SearchAction\",\"target\":{\"@type\":\"EntryPoint\",\"urlTemplate\":\"https:\\\/\\\/eg-reeds.com\\\/es\\\/?s={search_term_string}\"},\"query-input\":{\"@type\":\"PropertyValueSpecification\",\"valueRequired\":true,\"valueName\":\"search_term_string\"}}],\"inLanguage\":\"es\"},{\"@type\":\"Organization\",\"@id\":\"https:\\\/\\\/eg-reeds.com\\\/es\\\/#organization\",\"name\":\"www.eg-reeds.com\",\"url\":\"https:\\\/\\\/eg-reeds.com\\\/es\\\/\",\"logo\":{\"@type\":\"ImageObject\",\"inLanguage\":\"es\",\"@id\":\"https:\\\/\\\/eg-reeds.com\\\/es\\\/#\\\/schema\\\/logo\\\/image\\\/\",\"url\":\"https:\\\/\\\/eg-reeds.com\\\/wp-content\\\/uploads\\\/2024\\\/06\\\/Logo-scaled-e1718793906611.jpg\",\"contentUrl\":\"https:\\\/\\\/eg-reeds.com\\\/wp-content\\\/uploads\\\/2024\\\/06\\\/Logo-scaled-e1718793906611.jpg\",\"width\":1200,\"height\":493,\"caption\":\"www.eg-reeds.com\"},\"image\":{\"@id\":\"https:\\\/\\\/eg-reeds.com\\\/es\\\/#\\\/schema\\\/logo\\\/image\\\/\"},\"sameAs\":[\"https:\\\/\\\/www.facebook.com\\\/EGREEDS\",\"https:\\\/\\\/x.com\\\/egreeds\",\"https:\\\/\\\/www.instagram.com\\\/egreeds\\\/\",\"https:\\\/\\\/www.youtube.com\\\/c\\\/EGREEDS\",\"https:\\\/\\\/www.threads.net\\\/@egreeds\",\"https:\\\/\\\/www.tiktok.com\\\/@egreeds\"]}]}<\/script>\n<meta property=\"og:availability\" content=\"instock\" \/>\n<meta property=\"product:availability\" content=\"instock\" \/>\n<meta property=\"product:retailer_item_id\" content=\"MRSG - F10-10000-1050\" \/>\n<meta property=\"product:condition\" content=\"new\" \/>\n<!-- \/ Yoast SEO Premium plugin. -->","yoast_head_json":{"title":"Gubiadora Reeds 'n Stuff - www.eg-reeds.com","description":"Gubiadora Reeds 'n Stuff. Gubiadora Reeds 'n Stuff. M\u00e1quina de gubiar palas de oboe. Tambi\u00e9n disponible para palas de corno ingl\u00e9s, oboe de amor, oboe barroco o oboe vien\u00e9s. La m\u00e1quina definitiva para gubiar tus palas. Gubiadora Reeds 'n Stuff de Udo Heng.","robots":{"index":"index","follow":"follow","max-snippet":"max-snippet:-1","max-image-preview":"max-image-preview:large","max-video-preview":"max-video-preview:-1"},"canonical":"https:\/\/eg-reeds.com\/es\/shop\/maquinas-hacer-canas\/reeds-n-stuff\/gubiadora-reeds-n-stuff\/","og_locale":"es_ES","og_type":"article","og_title":"Gubiadora Reeds 'n Stuff","og_description":"Gubiadora Reeds 'n Stuff. Gubiadora Reeds 'n Stuff. M\u00e1quina de gubiar palas de oboe. Tambi\u00e9n disponible para palas de corno ingl\u00e9s, oboe de amor, oboe barroco o oboe vien\u00e9s. La m\u00e1quina definitiva para gubiar tus palas. Gubiadora Reeds 'n Stuff de Udo Heng.","og_url":"https:\/\/eg-reeds.com\/es\/shop\/maquinas-hacer-canas\/reeds-n-stuff\/gubiadora-reeds-n-stuff\/","og_site_name":"www.eg-reeds.com","article_publisher":"https:\/\/www.facebook.com\/EGREEDS","article_modified_time":"2020-11-25T10:09:51+00:00","og_image":[{"width":1500,"height":964,"url":"https:\/\/eg-reeds.com\/wp-content\/uploads\/2018\/02\/Gouging-machine-RS.jpg","type":"image\/jpeg"}],"twitter_card":"summary_large_image","twitter_site":"@egreeds","twitter_misc":{"Disponibilidad":"Disponible"},"schema":{"@context":"https:\/\/schema.org","@graph":[{"@type":["WebPage","ItemPage"],"@id":"https:\/\/eg-reeds.com\/es\/shop\/maquinas-hacer-canas\/reeds-n-stuff\/gubiadora-reeds-n-stuff\/","url":"https:\/\/eg-reeds.com\/es\/shop\/maquinas-hacer-canas\/reeds-n-stuff\/gubiadora-reeds-n-stuff\/","name":"Gubiadora Reeds 'n Stuff - www.eg-reeds.com","isPartOf":{"@id":"https:\/\/eg-reeds.com\/es\/#website"},"primaryImageOfPage":{"@id":"https:\/\/eg-reeds.com\/es\/shop\/maquinas-hacer-canas\/reeds-n-stuff\/gubiadora-reeds-n-stuff\/#primaryimage"},"image":{"@id":"https:\/\/eg-reeds.com\/es\/shop\/maquinas-hacer-canas\/reeds-n-stuff\/gubiadora-reeds-n-stuff\/#primaryimage"},"thumbnailUrl":"https:\/\/eg-reeds.com\/wp-content\/uploads\/2018\/02\/Gouging-machine-RS.jpg","datePublished":"2018-02-03T13:07:09+00:00","dateModified":"2020-11-25T10:09:51+00:00","description":"Gubiadora Reeds 'n Stuff. Gubiadora Reeds 'n Stuff. M\u00e1quina de gubiar palas de oboe. Tambi\u00e9n disponible para palas de corno ingl\u00e9s, oboe de amor, oboe barroco o oboe vien\u00e9s. La m\u00e1quina definitiva para gubiar tus palas. Gubiadora Reeds 'n Stuff de Udo Heng.","breadcrumb":{"@id":"https:\/\/eg-reeds.com\/es\/shop\/maquinas-hacer-canas\/reeds-n-stuff\/gubiadora-reeds-n-stuff\/#breadcrumb"},"inLanguage":"es","potentialAction":[{"@type":"ReadAction","target":["https:\/\/eg-reeds.com\/es\/shop\/maquinas-hacer-canas\/reeds-n-stuff\/gubiadora-reeds-n-stuff\/"]}]},{"@type":"ImageObject","inLanguage":"es","@id":"https:\/\/eg-reeds.com\/es\/shop\/maquinas-hacer-canas\/reeds-n-stuff\/gubiadora-reeds-n-stuff\/#primaryimage","url":"https:\/\/eg-reeds.com\/wp-content\/uploads\/2018\/02\/Gouging-machine-RS.jpg","contentUrl":"https:\/\/eg-reeds.com\/wp-content\/uploads\/2018\/02\/Gouging-machine-RS.jpg","width":1500,"height":964,"caption":"Gubiadora Reeds 'n Stuff"},{"@type":"BreadcrumbList","@id":"https:\/\/eg-reeds.com\/es\/shop\/maquinas-hacer-canas\/reeds-n-stuff\/gubiadora-reeds-n-stuff\/#breadcrumb","itemListElement":[{"@type":"ListItem","position":1,"name":"Inicio","item":"https:\/\/eg-reeds.com\/es\/"},{"@type":"ListItem","position":2,"name":"Tienda","item":"https:\/\/eg-reeds.com\/es\/"},{"@type":"ListItem","position":3,"name":"Gubiadora Reeds &#8216;n Stuff"}]},{"@type":"WebSite","@id":"https:\/\/eg-reeds.com\/es\/#website","url":"https:\/\/eg-reeds.com\/es\/","name":"www.eg-reeds.com","description":"Ca\u00f1as oboe","publisher":{"@id":"https:\/\/eg-reeds.com\/es\/#organization"},"alternateName":"eg-reeds.com","potentialAction":[{"@type":"SearchAction","target":{"@type":"EntryPoint","urlTemplate":"https:\/\/eg-reeds.com\/es\/?s={search_term_string}"},"query-input":{"@type":"PropertyValueSpecification","valueRequired":true,"valueName":"search_term_string"}}],"inLanguage":"es"},{"@type":"Organization","@id":"https:\/\/eg-reeds.com\/es\/#organization","name":"www.eg-reeds.com","url":"https:\/\/eg-reeds.com\/es\/","logo":{"@type":"ImageObject","inLanguage":"es","@id":"https:\/\/eg-reeds.com\/es\/#\/schema\/logo\/image\/","url":"https:\/\/eg-reeds.com\/wp-content\/uploads\/2024\/06\/Logo-scaled-e1718793906611.jpg","contentUrl":"https:\/\/eg-reeds.com\/wp-content\/uploads\/2024\/06\/Logo-scaled-e1718793906611.jpg","width":1200,"height":493,"caption":"www.eg-reeds.com"},"image":{"@id":"https:\/\/eg-reeds.com\/es\/#\/schema\/logo\/image\/"},"sameAs":["https:\/\/www.facebook.com\/EGREEDS","https:\/\/x.com\/egreeds","https:\/\/www.instagram.com\/egreeds\/","https:\/\/www.youtube.com\/c\/EGREEDS","https:\/\/www.threads.net\/@egreeds","https:\/\/www.tiktok.com\/@egreeds"]}]},"og_availability":"instock","product_availability":"instock","product_retailer_item_id":"MRSG - F10-10000-1050","product_condition":"new"},"_links":{"self":[{"href":"https:\/\/eg-reeds.com\/es\/wp-json\/wp\/v2\/product\/29658","targetHints":{"allow":["GET"]}}],"collection":[{"href":"https:\/\/eg-reeds.com\/es\/wp-json\/wp\/v2\/product"}],"about":[{"href":"https:\/\/eg-reeds.com\/es\/wp-json\/wp\/v2\/types\/product"}],"replies":[{"embeddable":true,"href":"https:\/\/eg-reeds.com\/es\/wp-json\/wp\/v2\/comments?post=29658"}],"wp:featuredmedia":[{"embeddable":true,"href":"https:\/\/eg-reeds.com\/es\/wp-json\/wp\/v2\/media\/29739"}],"wp:attachment":[{"href":"https:\/\/eg-reeds.com\/es\/wp-json\/wp\/v2\/media?parent=29658"}],"wp:term":[{"taxonomy":"product_brand","embeddable":true,"href":"https:\/\/eg-reeds.com\/es\/wp-json\/wp\/v2\/product_brand?post=29658"},{"taxonomy":"product_cat","embeddable":true,"href":"https:\/\/eg-reeds.com\/es\/wp-json\/wp\/v2\/product_cat?post=29658"},{"taxonomy":"product_tag","embeddable":true,"href":"https:\/\/eg-reeds.com\/es\/wp-json\/wp\/v2\/product_tag?post=29658"},{"taxonomy":"giftcard-category","embeddable":true,"href":"https:\/\/eg-reeds.com\/es\/wp-json\/wp\/v2\/giftcard-category?post=29658"}],"curies":[{"name":"wp","href":"https:\/\/api.w.org\/{rel}","templated":true}]}}