{"id":29687,"date":"2018-02-03T16:22:02","date_gmt":"2018-02-03T15:22:05","guid":{"rendered":"http:\/\/eg-reeds.com\/?post_type=product&#038;p=29687"},"modified":"2020-11-25T11:10:55","modified_gmt":"2020-11-25T10:10:55","slug":"pregubiadora-reeds-n-stuff","status":"publish","type":"product","link":"https:\/\/eg-reeds.com\/es\/shop\/maquinas-hacer-canas\/reeds-n-stuff\/pregubiadora-reeds-n-stuff\/","title":{"rendered":"Pregubiadora Reeds &#8216;n Stuff"},"content":{"rendered":"<h1><strong>Pregubiadora Reeds &#8216;n Stuff.<\/strong><\/h1>\n<p>Pregubiadora Reeds &#8216;n Stuff para palas de oboe, corno ingl\u00e9s y oboe barroco.<\/p>\n<p>Una ingeniosa puesta en acci\u00f3n circular de la cuchilla pregubia las palas hasta que quedan listas justo para pasar por la gubiadora.<\/p>\n<p>La m\u00e1quina pregubiadora prolonga la vida de tu m\u00e1quina gubiadora porque reduce el desgaste de las cuchillas.<\/p>\n<p>Disponible en los siguientes di\u00e1metros: \u00d8 10 \/ 10.5 \/ 11 \/ 12 \/ 12.5 o Oboe Barroco. Otros di\u00e1metros bajo pedido.<\/p>\n<p>Entrega en 7-10 d\u00edas.<\/p>\n<p><iframe loading=\"lazy\" title=\"Vorhobelmaschine f\u00fcr Oboe\" width=\"1020\" height=\"574\" src=\"https:\/\/www.youtube.com\/embed\/IIDIcd0Mg1s?feature=oembed\" frameborder=\"0\" allow=\"accelerometer; autoplay; clipboard-write; encrypted-media; gyroscope; picture-in-picture\" allowfullscreen><\/iframe><\/p>\n","protected":false},"excerpt":{"rendered":"<p>Pregubiadora Reeds &#8216;n Stuff. Pregubiadora Reeds &#8216;n Stuff para palas de oboe, corno ingl\u00e9s y oboe barroco. Una ingeniosa puesta en acci\u00f3n circular de la cuchilla pregubia las palas hasta que quedan listas justo para pasar por la gubiadora. La m\u00e1quina pregubiadora prolonga la vida de tu m\u00e1quina gubiadora porque reduce el desgaste de las [&#8230;]\n","protected":false},"featured_media":29717,"comment_status":"open","ping_status":"closed","template":"","meta":[],"product_brand":[],"product_cat":[2923],"product_tag":[],"giftcard-category":[],"class_list":{"0":"post-29687","1":"product","2":"type-product","3":"status-publish","4":"has-post-thumbnail","6":"product_cat-reeds-n-stuff","7":"product_shipping_class-rmm-es","8":"pa_cane-diameter-10-es","9":"pa_cane-diameter-105-es","10":"pa_cane-diameter-11-es-2","11":"pa_cane-diameter-115-es","12":"pa_cane-diameter-12-es-2","13":"pa_cane-diameter-125-es-2","14":"pa_cane-diameter-14-es","15":"pa_cane-diameter-15-es","16":"pa_cane-diameter-16-es-2","18":"first","19":"instock","20":"taxable","21":"shipping-taxable","22":"purchasable","23":"product-type-variable"},"yoast_head":"<!-- This site is optimized with the Yoast SEO Premium plugin v27.0 (Yoast SEO v27.3) - https:\/\/yoast.com\/product\/yoast-seo-premium-wordpress\/ -->\n<title>Pregubiadora Reeds &#039;n Stuff - www.eg-reeds.com<\/title>\n<meta name=\"description\" content=\"Pregubiadora Reeds &#039;n Stuff para palas de oboe, corno ingl\u00e9s y oboe barroco. La m\u00e1quina pregubiadora prolonga la vida de tu m\u00e1quina gubiadora.\" \/>\n<meta name=\"robots\" content=\"index, follow, max-snippet:-1, max-image-preview:large, max-video-preview:-1\" \/>\n<link rel=\"canonical\" href=\"https:\/\/eg-reeds.com\/es\/shop\/maquinas-hacer-canas\/reeds-n-stuff\/pregubiadora-reeds-n-stuff\/\" \/>\n<meta property=\"og:locale\" content=\"es_ES\" \/>\n<meta property=\"og:type\" content=\"article\" \/>\n<meta property=\"og:title\" content=\"Pregubiadora Reeds &#039;n Stuff\" \/>\n<meta property=\"og:description\" content=\"Pregubiadora Reeds &#039;n Stuff para palas de oboe, corno ingl\u00e9s y oboe barroco. La m\u00e1quina pregubiadora prolonga la vida de tu m\u00e1quina gubiadora.\" \/>\n<meta property=\"og:url\" content=\"https:\/\/eg-reeds.com\/es\/shop\/maquinas-hacer-canas\/reeds-n-stuff\/pregubiadora-reeds-n-stuff\/\" \/>\n<meta property=\"og:site_name\" content=\"www.eg-reeds.com\" \/>\n<meta property=\"article:publisher\" content=\"https:\/\/www.facebook.com\/EGREEDS\" \/>\n<meta property=\"article:modified_time\" content=\"2020-11-25T10:10:55+00:00\" \/>\n<meta property=\"og:image\" content=\"https:\/\/eg-reeds.com\/wp-content\/uploads\/2018\/02\/Pregouging-machine-Reeds-n-Stuff.jpg\" \/>\n\t<meta property=\"og:image:width\" content=\"1500\" \/>\n\t<meta property=\"og:image:height\" content=\"962\" \/>\n\t<meta property=\"og:image:type\" content=\"image\/jpeg\" \/>\n<meta name=\"twitter:card\" content=\"summary_large_image\" \/>\n<meta name=\"twitter:site\" content=\"@egreeds\" \/>\n<meta name=\"twitter:label1\" content=\"Disponibilidad\" \/>\n\t<meta name=\"twitter:data1\" content=\"Disponible\" \/>\n<script type=\"application\/ld+json\" class=\"yoast-schema-graph\">{\"@context\":\"https:\\\/\\\/schema.org\",\"@graph\":[{\"@type\":[\"WebPage\",\"ItemPage\"],\"@id\":\"https:\\\/\\\/eg-reeds.com\\\/es\\\/shop\\\/maquinas-hacer-canas\\\/reeds-n-stuff\\\/pregubiadora-reeds-n-stuff\\\/\",\"url\":\"https:\\\/\\\/eg-reeds.com\\\/es\\\/shop\\\/maquinas-hacer-canas\\\/reeds-n-stuff\\\/pregubiadora-reeds-n-stuff\\\/\",\"name\":\"Pregubiadora Reeds 'n Stuff - www.eg-reeds.com\",\"isPartOf\":{\"@id\":\"https:\\\/\\\/eg-reeds.com\\\/es\\\/#website\"},\"primaryImageOfPage\":{\"@id\":\"https:\\\/\\\/eg-reeds.com\\\/es\\\/shop\\\/maquinas-hacer-canas\\\/reeds-n-stuff\\\/pregubiadora-reeds-n-stuff\\\/#primaryimage\"},\"image\":{\"@id\":\"https:\\\/\\\/eg-reeds.com\\\/es\\\/shop\\\/maquinas-hacer-canas\\\/reeds-n-stuff\\\/pregubiadora-reeds-n-stuff\\\/#primaryimage\"},\"thumbnailUrl\":\"https:\\\/\\\/eg-reeds.com\\\/wp-content\\\/uploads\\\/2018\\\/02\\\/Pregouging-machine-Reeds-n-Stuff.jpg\",\"datePublished\":\"2018-02-03T15:22:05+00:00\",\"dateModified\":\"2020-11-25T10:10:55+00:00\",\"description\":\"Pregubiadora Reeds 'n Stuff para palas de oboe, corno ingl\u00e9s y oboe barroco. La m\u00e1quina pregubiadora prolonga la vida de tu m\u00e1quina gubiadora.\",\"breadcrumb\":{\"@id\":\"https:\\\/\\\/eg-reeds.com\\\/es\\\/shop\\\/maquinas-hacer-canas\\\/reeds-n-stuff\\\/pregubiadora-reeds-n-stuff\\\/#breadcrumb\"},\"inLanguage\":\"es\",\"potentialAction\":[{\"@type\":\"ReadAction\",\"target\":[\"https:\\\/\\\/eg-reeds.com\\\/es\\\/shop\\\/maquinas-hacer-canas\\\/reeds-n-stuff\\\/pregubiadora-reeds-n-stuff\\\/\"]}]},{\"@type\":\"ImageObject\",\"inLanguage\":\"es\",\"@id\":\"https:\\\/\\\/eg-reeds.com\\\/es\\\/shop\\\/maquinas-hacer-canas\\\/reeds-n-stuff\\\/pregubiadora-reeds-n-stuff\\\/#primaryimage\",\"url\":\"https:\\\/\\\/eg-reeds.com\\\/wp-content\\\/uploads\\\/2018\\\/02\\\/Pregouging-machine-Reeds-n-Stuff.jpg\",\"contentUrl\":\"https:\\\/\\\/eg-reeds.com\\\/wp-content\\\/uploads\\\/2018\\\/02\\\/Pregouging-machine-Reeds-n-Stuff.jpg\",\"width\":1500,\"height\":962,\"caption\":\"Pregubiadora Reeds 'n Stuff\"},{\"@type\":\"BreadcrumbList\",\"@id\":\"https:\\\/\\\/eg-reeds.com\\\/es\\\/shop\\\/maquinas-hacer-canas\\\/reeds-n-stuff\\\/pregubiadora-reeds-n-stuff\\\/#breadcrumb\",\"itemListElement\":[{\"@type\":\"ListItem\",\"position\":1,\"name\":\"Inicio\",\"item\":\"https:\\\/\\\/eg-reeds.com\\\/es\\\/\"},{\"@type\":\"ListItem\",\"position\":2,\"name\":\"Tienda\",\"item\":\"https:\\\/\\\/eg-reeds.com\\\/es\\\/\"},{\"@type\":\"ListItem\",\"position\":3,\"name\":\"Pregubiadora Reeds &#8216;n Stuff\"}]},{\"@type\":\"WebSite\",\"@id\":\"https:\\\/\\\/eg-reeds.com\\\/es\\\/#website\",\"url\":\"https:\\\/\\\/eg-reeds.com\\\/es\\\/\",\"name\":\"www.eg-reeds.com\",\"description\":\"Ca\u00f1as oboe\",\"publisher\":{\"@id\":\"https:\\\/\\\/eg-reeds.com\\\/es\\\/#organization\"},\"alternateName\":\"eg-reeds.com\",\"potentialAction\":[{\"@type\":\"SearchAction\",\"target\":{\"@type\":\"EntryPoint\",\"urlTemplate\":\"https:\\\/\\\/eg-reeds.com\\\/es\\\/?s={search_term_string}\"},\"query-input\":{\"@type\":\"PropertyValueSpecification\",\"valueRequired\":true,\"valueName\":\"search_term_string\"}}],\"inLanguage\":\"es\"},{\"@type\":\"Organization\",\"@id\":\"https:\\\/\\\/eg-reeds.com\\\/es\\\/#organization\",\"name\":\"www.eg-reeds.com\",\"url\":\"https:\\\/\\\/eg-reeds.com\\\/es\\\/\",\"logo\":{\"@type\":\"ImageObject\",\"inLanguage\":\"es\",\"@id\":\"https:\\\/\\\/eg-reeds.com\\\/es\\\/#\\\/schema\\\/logo\\\/image\\\/\",\"url\":\"https:\\\/\\\/eg-reeds.com\\\/wp-content\\\/uploads\\\/2024\\\/06\\\/Logo-scaled-e1718793906611.jpg\",\"contentUrl\":\"https:\\\/\\\/eg-reeds.com\\\/wp-content\\\/uploads\\\/2024\\\/06\\\/Logo-scaled-e1718793906611.jpg\",\"width\":1200,\"height\":493,\"caption\":\"www.eg-reeds.com\"},\"image\":{\"@id\":\"https:\\\/\\\/eg-reeds.com\\\/es\\\/#\\\/schema\\\/logo\\\/image\\\/\"},\"sameAs\":[\"https:\\\/\\\/www.facebook.com\\\/EGREEDS\",\"https:\\\/\\\/x.com\\\/egreeds\",\"https:\\\/\\\/www.instagram.com\\\/egreeds\\\/\",\"https:\\\/\\\/www.youtube.com\\\/c\\\/EGREEDS\",\"https:\\\/\\\/www.threads.net\\\/@egreeds\",\"https:\\\/\\\/www.tiktok.com\\\/@egreeds\"]}]}<\/script>\n<meta property=\"og:availability\" content=\"instock\" \/>\n<meta property=\"product:availability\" content=\"instock\" \/>\n<meta property=\"product:retailer_item_id\" content=\"MRSP - F10-12000-1050\" \/>\n<meta property=\"product:condition\" content=\"new\" \/>\n<!-- \/ Yoast SEO Premium plugin. -->","yoast_head_json":{"title":"Pregubiadora Reeds 'n Stuff - www.eg-reeds.com","description":"Pregubiadora Reeds 'n Stuff para palas de oboe, corno ingl\u00e9s y oboe barroco. La m\u00e1quina pregubiadora prolonga la vida de tu m\u00e1quina gubiadora.","robots":{"index":"index","follow":"follow","max-snippet":"max-snippet:-1","max-image-preview":"max-image-preview:large","max-video-preview":"max-video-preview:-1"},"canonical":"https:\/\/eg-reeds.com\/es\/shop\/maquinas-hacer-canas\/reeds-n-stuff\/pregubiadora-reeds-n-stuff\/","og_locale":"es_ES","og_type":"article","og_title":"Pregubiadora Reeds 'n Stuff","og_description":"Pregubiadora Reeds 'n Stuff para palas de oboe, corno ingl\u00e9s y oboe barroco. La m\u00e1quina pregubiadora prolonga la vida de tu m\u00e1quina gubiadora.","og_url":"https:\/\/eg-reeds.com\/es\/shop\/maquinas-hacer-canas\/reeds-n-stuff\/pregubiadora-reeds-n-stuff\/","og_site_name":"www.eg-reeds.com","article_publisher":"https:\/\/www.facebook.com\/EGREEDS","article_modified_time":"2020-11-25T10:10:55+00:00","og_image":[{"width":1500,"height":962,"url":"https:\/\/eg-reeds.com\/wp-content\/uploads\/2018\/02\/Pregouging-machine-Reeds-n-Stuff.jpg","type":"image\/jpeg"}],"twitter_card":"summary_large_image","twitter_site":"@egreeds","twitter_misc":{"Disponibilidad":"Disponible"},"schema":{"@context":"https:\/\/schema.org","@graph":[{"@type":["WebPage","ItemPage"],"@id":"https:\/\/eg-reeds.com\/es\/shop\/maquinas-hacer-canas\/reeds-n-stuff\/pregubiadora-reeds-n-stuff\/","url":"https:\/\/eg-reeds.com\/es\/shop\/maquinas-hacer-canas\/reeds-n-stuff\/pregubiadora-reeds-n-stuff\/","name":"Pregubiadora Reeds 'n Stuff - www.eg-reeds.com","isPartOf":{"@id":"https:\/\/eg-reeds.com\/es\/#website"},"primaryImageOfPage":{"@id":"https:\/\/eg-reeds.com\/es\/shop\/maquinas-hacer-canas\/reeds-n-stuff\/pregubiadora-reeds-n-stuff\/#primaryimage"},"image":{"@id":"https:\/\/eg-reeds.com\/es\/shop\/maquinas-hacer-canas\/reeds-n-stuff\/pregubiadora-reeds-n-stuff\/#primaryimage"},"thumbnailUrl":"https:\/\/eg-reeds.com\/wp-content\/uploads\/2018\/02\/Pregouging-machine-Reeds-n-Stuff.jpg","datePublished":"2018-02-03T15:22:05+00:00","dateModified":"2020-11-25T10:10:55+00:00","description":"Pregubiadora Reeds 'n Stuff para palas de oboe, corno ingl\u00e9s y oboe barroco. La m\u00e1quina pregubiadora prolonga la vida de tu m\u00e1quina gubiadora.","breadcrumb":{"@id":"https:\/\/eg-reeds.com\/es\/shop\/maquinas-hacer-canas\/reeds-n-stuff\/pregubiadora-reeds-n-stuff\/#breadcrumb"},"inLanguage":"es","potentialAction":[{"@type":"ReadAction","target":["https:\/\/eg-reeds.com\/es\/shop\/maquinas-hacer-canas\/reeds-n-stuff\/pregubiadora-reeds-n-stuff\/"]}]},{"@type":"ImageObject","inLanguage":"es","@id":"https:\/\/eg-reeds.com\/es\/shop\/maquinas-hacer-canas\/reeds-n-stuff\/pregubiadora-reeds-n-stuff\/#primaryimage","url":"https:\/\/eg-reeds.com\/wp-content\/uploads\/2018\/02\/Pregouging-machine-Reeds-n-Stuff.jpg","contentUrl":"https:\/\/eg-reeds.com\/wp-content\/uploads\/2018\/02\/Pregouging-machine-Reeds-n-Stuff.jpg","width":1500,"height":962,"caption":"Pregubiadora Reeds 'n Stuff"},{"@type":"BreadcrumbList","@id":"https:\/\/eg-reeds.com\/es\/shop\/maquinas-hacer-canas\/reeds-n-stuff\/pregubiadora-reeds-n-stuff\/#breadcrumb","itemListElement":[{"@type":"ListItem","position":1,"name":"Inicio","item":"https:\/\/eg-reeds.com\/es\/"},{"@type":"ListItem","position":2,"name":"Tienda","item":"https:\/\/eg-reeds.com\/es\/"},{"@type":"ListItem","position":3,"name":"Pregubiadora Reeds &#8216;n Stuff"}]},{"@type":"WebSite","@id":"https:\/\/eg-reeds.com\/es\/#website","url":"https:\/\/eg-reeds.com\/es\/","name":"www.eg-reeds.com","description":"Ca\u00f1as oboe","publisher":{"@id":"https:\/\/eg-reeds.com\/es\/#organization"},"alternateName":"eg-reeds.com","potentialAction":[{"@type":"SearchAction","target":{"@type":"EntryPoint","urlTemplate":"https:\/\/eg-reeds.com\/es\/?s={search_term_string}"},"query-input":{"@type":"PropertyValueSpecification","valueRequired":true,"valueName":"search_term_string"}}],"inLanguage":"es"},{"@type":"Organization","@id":"https:\/\/eg-reeds.com\/es\/#organization","name":"www.eg-reeds.com","url":"https:\/\/eg-reeds.com\/es\/","logo":{"@type":"ImageObject","inLanguage":"es","@id":"https:\/\/eg-reeds.com\/es\/#\/schema\/logo\/image\/","url":"https:\/\/eg-reeds.com\/wp-content\/uploads\/2024\/06\/Logo-scaled-e1718793906611.jpg","contentUrl":"https:\/\/eg-reeds.com\/wp-content\/uploads\/2024\/06\/Logo-scaled-e1718793906611.jpg","width":1200,"height":493,"caption":"www.eg-reeds.com"},"image":{"@id":"https:\/\/eg-reeds.com\/es\/#\/schema\/logo\/image\/"},"sameAs":["https:\/\/www.facebook.com\/EGREEDS","https:\/\/x.com\/egreeds","https:\/\/www.instagram.com\/egreeds\/","https:\/\/www.youtube.com\/c\/EGREEDS","https:\/\/www.threads.net\/@egreeds","https:\/\/www.tiktok.com\/@egreeds"]}]},"og_availability":"instock","product_availability":"instock","product_retailer_item_id":"MRSP - F10-12000-1050","product_condition":"new"},"_links":{"self":[{"href":"https:\/\/eg-reeds.com\/es\/wp-json\/wp\/v2\/product\/29687","targetHints":{"allow":["GET"]}}],"collection":[{"href":"https:\/\/eg-reeds.com\/es\/wp-json\/wp\/v2\/product"}],"about":[{"href":"https:\/\/eg-reeds.com\/es\/wp-json\/wp\/v2\/types\/product"}],"replies":[{"embeddable":true,"href":"https:\/\/eg-reeds.com\/es\/wp-json\/wp\/v2\/comments?post=29687"}],"wp:featuredmedia":[{"embeddable":true,"href":"https:\/\/eg-reeds.com\/es\/wp-json\/wp\/v2\/media\/29717"}],"wp:attachment":[{"href":"https:\/\/eg-reeds.com\/es\/wp-json\/wp\/v2\/media?parent=29687"}],"wp:term":[{"taxonomy":"product_brand","embeddable":true,"href":"https:\/\/eg-reeds.com\/es\/wp-json\/wp\/v2\/product_brand?post=29687"},{"taxonomy":"product_cat","embeddable":true,"href":"https:\/\/eg-reeds.com\/es\/wp-json\/wp\/v2\/product_cat?post=29687"},{"taxonomy":"product_tag","embeddable":true,"href":"https:\/\/eg-reeds.com\/es\/wp-json\/wp\/v2\/product_tag?post=29687"},{"taxonomy":"giftcard-category","embeddable":true,"href":"https:\/\/eg-reeds.com\/es\/wp-json\/wp\/v2\/giftcard-category?post=29687"}],"curies":[{"name":"wp","href":"https:\/\/api.w.org\/{rel}","templated":true}]}}