{"id":3013,"date":"2015-02-03T08:56:55","date_gmt":"2015-02-03T07:56:55","guid":{"rendered":"http:\/\/eg-reeds.com\/shop\/uncategorized\/palas-pregubiadas-de-oboe-10-unidades\/"},"modified":"2024-03-15T13:38:52","modified_gmt":"2024-03-15T12:38:52","slug":"palas-oboe-pregubiadas-eg-reeds","status":"publish","type":"product","link":"https:\/\/eg-reeds.com\/es\/shop\/palas\/palas-oboe\/palas-oboe-pregubiadas-eg-reeds\/","title":{"rendered":"Palas oboe pregubiadas EG-REEDS"},"content":{"rendered":"<h1><strong>Palas oboe pregubiadas EG-REEDS (10 unidades).<\/strong><\/h1>\n<p>Palas oboe pregubiadas EG-REEDS. \u00bfPensando en comprar palas pregubiadas? Nuestras palas pregubiadas son el resultado de un meticuloso proceso de selecci\u00f3n, en el que cada una es escogida de acuerdo con los rigurosos est\u00e1ndares de calidad de EG-REEDS.<\/p>\n<p>Desde el momento en que seleccionamos la materia prima hasta que llega a tus manos, nos comprometemos a ofrecerte lo mejor. Nuestras palas pregubiadas son sometidas a estrictas pruebas de calidad para garantizar que cumplan con nuestras exigentes expectativas y con las tuyas.<\/p>\n<p>Con EG-REEDS, puedes estar seguro de que est\u00e1s obteniendo productos de la m\u00e1s alta calidad, dise\u00f1ados para brindarte un rendimiento excepcional y una respuesta musical incomparable. \u00danete a la comunidad de m\u00fasicos profesionales y aficionados que conf\u00edan en nuestras palas para oboe para alcanzar sus metas musicales.<\/p>\n<p>Si quieres pon\u00e9rtelo todav\u00eda m\u00e1s f\u00e1cil puedes comprar nuestras <a href=\"https:\/\/eg-reeds.com\/es\/shop\/palas\/palas-oboe\/palas-oboe-gubiadas-eg-reeds\/\" target=\"_blank\" rel=\"noopener\"><strong>palas de oboe gubiadas<\/strong><\/a> o <strong><a href=\"https:\/\/eg-reeds.com\/es\/shop\/palas\/palas-oboe\/palas-oboe-con-forma-eg-reeds\/\" target=\"_blank\" rel=\"noopener\">con forma<\/a><\/strong>.<\/p>\n","protected":false},"excerpt":{"rendered":"<p>10 unidades.<\/p>\n","protected":false},"featured_media":24858,"comment_status":"open","ping_status":"closed","template":"","meta":[],"product_brand":[],"product_cat":[479,499],"product_tag":[],"giftcard-category":[],"class_list":{"0":"post-3013","1":"product","2":"type-product","3":"status-publish","4":"has-post-thumbnail","6":"product_cat-palas","7":"product_cat-palas-oboe","8":"pa_cane-diameter-10-mm-105-mm-es","9":"pa_cane-diameter-105-mm-11-mm-es","10":"pa_cane-diameter-95-mm-10-mm-es","12":"first","13":"instock","14":"taxable","15":"shipping-taxable","16":"purchasable","17":"product-type-variable"},"yoast_head":"<!-- This site is optimized with the Yoast SEO Premium plugin v27.0 (Yoast SEO v27.4) - https:\/\/yoast.com\/product\/yoast-seo-premium-wordpress\/ -->\n<title>Palas oboe pregubiadas EG-REEDS - www.eg-reeds.com<\/title>\n<meta name=\"description\" content=\"Palas oboe pregubiadas EG-REEDS.\u00a0Nuestras palas pregubiadas son escogidas una a una de acuerdo con nuestros rigurosos est\u00e1ndares de calidad y los tuyos.\" \/>\n<meta name=\"robots\" content=\"index, follow, max-snippet:-1, max-image-preview:large, max-video-preview:-1\" \/>\n<link rel=\"canonical\" href=\"https:\/\/eg-reeds.com\/es\/shop\/palas\/palas-oboe\/palas-oboe-pregubiadas-eg-reeds\/\" \/>\n<meta property=\"og:locale\" content=\"es_ES\" \/>\n<meta property=\"og:type\" content=\"article\" \/>\n<meta property=\"og:title\" content=\"Palas oboe pregubiadas EG-REEDS\" \/>\n<meta property=\"og:description\" content=\"Palas oboe pregubiadas EG-REEDS.\u00a0Nuestras palas pregubiadas son escogidas una a una de acuerdo con nuestros rigurosos est\u00e1ndares de calidad y los tuyos.\" \/>\n<meta property=\"og:url\" content=\"https:\/\/eg-reeds.com\/es\/shop\/palas\/palas-oboe\/palas-oboe-pregubiadas-eg-reeds\/\" \/>\n<meta property=\"og:site_name\" content=\"www.eg-reeds.com\" \/>\n<meta property=\"article:publisher\" content=\"https:\/\/www.facebook.com\/EGREEDS\" \/>\n<meta property=\"article:modified_time\" content=\"2024-03-15T12:38:52+00:00\" \/>\n<meta property=\"og:image\" content=\"https:\/\/eg-reeds.com\/wp-content\/uploads\/2015\/02\/Processed-oboe-cane-pregouged-EG-REEDS.jpg\" \/>\n\t<meta property=\"og:image:width\" content=\"640\" \/>\n\t<meta property=\"og:image:height\" content=\"544\" \/>\n\t<meta property=\"og:image:type\" content=\"image\/jpeg\" \/>\n<meta name=\"twitter:card\" content=\"summary_large_image\" \/>\n<meta name=\"twitter:site\" content=\"@egreeds\" \/>\n<meta name=\"twitter:label1\" content=\"Disponibilidad\" \/>\n\t<meta name=\"twitter:data1\" content=\"Disponible\" \/>\n<script type=\"application\/ld+json\" class=\"yoast-schema-graph\">{\"@context\":\"https:\\\/\\\/schema.org\",\"@graph\":[{\"@type\":[\"WebPage\",\"ItemPage\"],\"@id\":\"https:\\\/\\\/eg-reeds.com\\\/es\\\/shop\\\/palas\\\/palas-oboe\\\/palas-oboe-pregubiadas-eg-reeds\\\/\",\"url\":\"https:\\\/\\\/eg-reeds.com\\\/es\\\/shop\\\/palas\\\/palas-oboe\\\/palas-oboe-pregubiadas-eg-reeds\\\/\",\"name\":\"Palas oboe pregubiadas EG-REEDS - www.eg-reeds.com\",\"isPartOf\":{\"@id\":\"https:\\\/\\\/eg-reeds.com\\\/es\\\/#website\"},\"primaryImageOfPage\":{\"@id\":\"https:\\\/\\\/eg-reeds.com\\\/es\\\/shop\\\/palas\\\/palas-oboe\\\/palas-oboe-pregubiadas-eg-reeds\\\/#primaryimage\"},\"image\":{\"@id\":\"https:\\\/\\\/eg-reeds.com\\\/es\\\/shop\\\/palas\\\/palas-oboe\\\/palas-oboe-pregubiadas-eg-reeds\\\/#primaryimage\"},\"thumbnailUrl\":\"https:\\\/\\\/eg-reeds.com\\\/wp-content\\\/uploads\\\/2015\\\/02\\\/Processed-oboe-cane-pregouged-EG-REEDS.jpg\",\"datePublished\":\"2015-02-03T07:56:55+00:00\",\"dateModified\":\"2024-03-15T12:38:52+00:00\",\"description\":\"Palas oboe pregubiadas EG-REEDS.\u00a0Nuestras palas pregubiadas son escogidas una a una de acuerdo con nuestros rigurosos est\u00e1ndares de calidad y los tuyos.\",\"breadcrumb\":{\"@id\":\"https:\\\/\\\/eg-reeds.com\\\/es\\\/shop\\\/palas\\\/palas-oboe\\\/palas-oboe-pregubiadas-eg-reeds\\\/#breadcrumb\"},\"inLanguage\":\"es\",\"potentialAction\":[{\"@type\":\"ReadAction\",\"target\":[\"https:\\\/\\\/eg-reeds.com\\\/es\\\/shop\\\/palas\\\/palas-oboe\\\/palas-oboe-pregubiadas-eg-reeds\\\/\"]}]},{\"@type\":\"ImageObject\",\"inLanguage\":\"es\",\"@id\":\"https:\\\/\\\/eg-reeds.com\\\/es\\\/shop\\\/palas\\\/palas-oboe\\\/palas-oboe-pregubiadas-eg-reeds\\\/#primaryimage\",\"url\":\"https:\\\/\\\/eg-reeds.com\\\/wp-content\\\/uploads\\\/2015\\\/02\\\/Processed-oboe-cane-pregouged-EG-REEDS.jpg\",\"contentUrl\":\"https:\\\/\\\/eg-reeds.com\\\/wp-content\\\/uploads\\\/2015\\\/02\\\/Processed-oboe-cane-pregouged-EG-REEDS.jpg\",\"width\":640,\"height\":544,\"caption\":\"palas pregubiadas oboe\"},{\"@type\":\"BreadcrumbList\",\"@id\":\"https:\\\/\\\/eg-reeds.com\\\/es\\\/shop\\\/palas\\\/palas-oboe\\\/palas-oboe-pregubiadas-eg-reeds\\\/#breadcrumb\",\"itemListElement\":[{\"@type\":\"ListItem\",\"position\":1,\"name\":\"Inicio\",\"item\":\"https:\\\/\\\/eg-reeds.com\\\/es\\\/\"},{\"@type\":\"ListItem\",\"position\":2,\"name\":\"Tienda\",\"item\":\"https:\\\/\\\/eg-reeds.com\\\/es\\\/\"},{\"@type\":\"ListItem\",\"position\":3,\"name\":\"Palas oboe pregubiadas EG-REEDS\"}]},{\"@type\":\"WebSite\",\"@id\":\"https:\\\/\\\/eg-reeds.com\\\/es\\\/#website\",\"url\":\"https:\\\/\\\/eg-reeds.com\\\/es\\\/\",\"name\":\"www.eg-reeds.com\",\"description\":\"Ca\u00f1as oboe\",\"publisher\":{\"@id\":\"https:\\\/\\\/eg-reeds.com\\\/es\\\/#organization\"},\"alternateName\":\"eg-reeds.com\",\"potentialAction\":[{\"@type\":\"SearchAction\",\"target\":{\"@type\":\"EntryPoint\",\"urlTemplate\":\"https:\\\/\\\/eg-reeds.com\\\/es\\\/?s={search_term_string}\"},\"query-input\":{\"@type\":\"PropertyValueSpecification\",\"valueRequired\":true,\"valueName\":\"search_term_string\"}}],\"inLanguage\":\"es\"},{\"@type\":\"Organization\",\"@id\":\"https:\\\/\\\/eg-reeds.com\\\/es\\\/#organization\",\"name\":\"www.eg-reeds.com\",\"url\":\"https:\\\/\\\/eg-reeds.com\\\/es\\\/\",\"logo\":{\"@type\":\"ImageObject\",\"inLanguage\":\"es\",\"@id\":\"https:\\\/\\\/eg-reeds.com\\\/es\\\/#\\\/schema\\\/logo\\\/image\\\/\",\"url\":\"https:\\\/\\\/eg-reeds.com\\\/wp-content\\\/uploads\\\/2024\\\/06\\\/Logo-scaled-e1718793906611.jpg\",\"contentUrl\":\"https:\\\/\\\/eg-reeds.com\\\/wp-content\\\/uploads\\\/2024\\\/06\\\/Logo-scaled-e1718793906611.jpg\",\"width\":1200,\"height\":493,\"caption\":\"www.eg-reeds.com\"},\"image\":{\"@id\":\"https:\\\/\\\/eg-reeds.com\\\/es\\\/#\\\/schema\\\/logo\\\/image\\\/\"},\"sameAs\":[\"https:\\\/\\\/www.facebook.com\\\/EGREEDS\",\"https:\\\/\\\/x.com\\\/egreeds\",\"https:\\\/\\\/www.instagram.com\\\/egreeds\\\/\",\"https:\\\/\\\/www.youtube.com\\\/c\\\/EGREEDS\",\"https:\\\/\\\/www.threads.net\\\/@egreeds\",\"https:\\\/\\\/www.tiktok.com\\\/@egreeds\"]}]}<\/script>\n<meta property=\"og:availability\" content=\"instock\" \/>\n<meta property=\"product:availability\" content=\"instock\" \/>\n<meta property=\"product:retailer_item_id\" content=\"PAOB-P\" \/>\n<meta property=\"product:condition\" content=\"new\" \/>\n<!-- \/ Yoast SEO Premium plugin. -->","yoast_head_json":{"title":"Palas oboe pregubiadas EG-REEDS - www.eg-reeds.com","description":"Palas oboe pregubiadas EG-REEDS.\u00a0Nuestras palas pregubiadas son escogidas una a una de acuerdo con nuestros rigurosos est\u00e1ndares de calidad y los tuyos.","robots":{"index":"index","follow":"follow","max-snippet":"max-snippet:-1","max-image-preview":"max-image-preview:large","max-video-preview":"max-video-preview:-1"},"canonical":"https:\/\/eg-reeds.com\/es\/shop\/palas\/palas-oboe\/palas-oboe-pregubiadas-eg-reeds\/","og_locale":"es_ES","og_type":"article","og_title":"Palas oboe pregubiadas EG-REEDS","og_description":"Palas oboe pregubiadas EG-REEDS.\u00a0Nuestras palas pregubiadas son escogidas una a una de acuerdo con nuestros rigurosos est\u00e1ndares de calidad y los tuyos.","og_url":"https:\/\/eg-reeds.com\/es\/shop\/palas\/palas-oboe\/palas-oboe-pregubiadas-eg-reeds\/","og_site_name":"www.eg-reeds.com","article_publisher":"https:\/\/www.facebook.com\/EGREEDS","article_modified_time":"2024-03-15T12:38:52+00:00","og_image":[{"width":640,"height":544,"url":"https:\/\/eg-reeds.com\/wp-content\/uploads\/2015\/02\/Processed-oboe-cane-pregouged-EG-REEDS.jpg","type":"image\/jpeg"}],"twitter_card":"summary_large_image","twitter_site":"@egreeds","twitter_misc":{"Disponibilidad":"Disponible"},"schema":{"@context":"https:\/\/schema.org","@graph":[{"@type":["WebPage","ItemPage"],"@id":"https:\/\/eg-reeds.com\/es\/shop\/palas\/palas-oboe\/palas-oboe-pregubiadas-eg-reeds\/","url":"https:\/\/eg-reeds.com\/es\/shop\/palas\/palas-oboe\/palas-oboe-pregubiadas-eg-reeds\/","name":"Palas oboe pregubiadas EG-REEDS - www.eg-reeds.com","isPartOf":{"@id":"https:\/\/eg-reeds.com\/es\/#website"},"primaryImageOfPage":{"@id":"https:\/\/eg-reeds.com\/es\/shop\/palas\/palas-oboe\/palas-oboe-pregubiadas-eg-reeds\/#primaryimage"},"image":{"@id":"https:\/\/eg-reeds.com\/es\/shop\/palas\/palas-oboe\/palas-oboe-pregubiadas-eg-reeds\/#primaryimage"},"thumbnailUrl":"https:\/\/eg-reeds.com\/wp-content\/uploads\/2015\/02\/Processed-oboe-cane-pregouged-EG-REEDS.jpg","datePublished":"2015-02-03T07:56:55+00:00","dateModified":"2024-03-15T12:38:52+00:00","description":"Palas oboe pregubiadas EG-REEDS.\u00a0Nuestras palas pregubiadas son escogidas una a una de acuerdo con nuestros rigurosos est\u00e1ndares de calidad y los tuyos.","breadcrumb":{"@id":"https:\/\/eg-reeds.com\/es\/shop\/palas\/palas-oboe\/palas-oboe-pregubiadas-eg-reeds\/#breadcrumb"},"inLanguage":"es","potentialAction":[{"@type":"ReadAction","target":["https:\/\/eg-reeds.com\/es\/shop\/palas\/palas-oboe\/palas-oboe-pregubiadas-eg-reeds\/"]}]},{"@type":"ImageObject","inLanguage":"es","@id":"https:\/\/eg-reeds.com\/es\/shop\/palas\/palas-oboe\/palas-oboe-pregubiadas-eg-reeds\/#primaryimage","url":"https:\/\/eg-reeds.com\/wp-content\/uploads\/2015\/02\/Processed-oboe-cane-pregouged-EG-REEDS.jpg","contentUrl":"https:\/\/eg-reeds.com\/wp-content\/uploads\/2015\/02\/Processed-oboe-cane-pregouged-EG-REEDS.jpg","width":640,"height":544,"caption":"palas pregubiadas oboe"},{"@type":"BreadcrumbList","@id":"https:\/\/eg-reeds.com\/es\/shop\/palas\/palas-oboe\/palas-oboe-pregubiadas-eg-reeds\/#breadcrumb","itemListElement":[{"@type":"ListItem","position":1,"name":"Inicio","item":"https:\/\/eg-reeds.com\/es\/"},{"@type":"ListItem","position":2,"name":"Tienda","item":"https:\/\/eg-reeds.com\/es\/"},{"@type":"ListItem","position":3,"name":"Palas oboe pregubiadas EG-REEDS"}]},{"@type":"WebSite","@id":"https:\/\/eg-reeds.com\/es\/#website","url":"https:\/\/eg-reeds.com\/es\/","name":"www.eg-reeds.com","description":"Ca\u00f1as oboe","publisher":{"@id":"https:\/\/eg-reeds.com\/es\/#organization"},"alternateName":"eg-reeds.com","potentialAction":[{"@type":"SearchAction","target":{"@type":"EntryPoint","urlTemplate":"https:\/\/eg-reeds.com\/es\/?s={search_term_string}"},"query-input":{"@type":"PropertyValueSpecification","valueRequired":true,"valueName":"search_term_string"}}],"inLanguage":"es"},{"@type":"Organization","@id":"https:\/\/eg-reeds.com\/es\/#organization","name":"www.eg-reeds.com","url":"https:\/\/eg-reeds.com\/es\/","logo":{"@type":"ImageObject","inLanguage":"es","@id":"https:\/\/eg-reeds.com\/es\/#\/schema\/logo\/image\/","url":"https:\/\/eg-reeds.com\/wp-content\/uploads\/2024\/06\/Logo-scaled-e1718793906611.jpg","contentUrl":"https:\/\/eg-reeds.com\/wp-content\/uploads\/2024\/06\/Logo-scaled-e1718793906611.jpg","width":1200,"height":493,"caption":"www.eg-reeds.com"},"image":{"@id":"https:\/\/eg-reeds.com\/es\/#\/schema\/logo\/image\/"},"sameAs":["https:\/\/www.facebook.com\/EGREEDS","https:\/\/x.com\/egreeds","https:\/\/www.instagram.com\/egreeds\/","https:\/\/www.youtube.com\/c\/EGREEDS","https:\/\/www.threads.net\/@egreeds","https:\/\/www.tiktok.com\/@egreeds"]}]},"og_availability":"instock","product_availability":"instock","product_retailer_item_id":"PAOB-P","product_condition":"new"},"_links":{"self":[{"href":"https:\/\/eg-reeds.com\/es\/wp-json\/wp\/v2\/product\/3013","targetHints":{"allow":["GET"]}}],"collection":[{"href":"https:\/\/eg-reeds.com\/es\/wp-json\/wp\/v2\/product"}],"about":[{"href":"https:\/\/eg-reeds.com\/es\/wp-json\/wp\/v2\/types\/product"}],"replies":[{"embeddable":true,"href":"https:\/\/eg-reeds.com\/es\/wp-json\/wp\/v2\/comments?post=3013"}],"wp:featuredmedia":[{"embeddable":true,"href":"https:\/\/eg-reeds.com\/es\/wp-json\/wp\/v2\/media\/24858"}],"wp:attachment":[{"href":"https:\/\/eg-reeds.com\/es\/wp-json\/wp\/v2\/media?parent=3013"}],"wp:term":[{"taxonomy":"product_brand","embeddable":true,"href":"https:\/\/eg-reeds.com\/es\/wp-json\/wp\/v2\/product_brand?post=3013"},{"taxonomy":"product_cat","embeddable":true,"href":"https:\/\/eg-reeds.com\/es\/wp-json\/wp\/v2\/product_cat?post=3013"},{"taxonomy":"product_tag","embeddable":true,"href":"https:\/\/eg-reeds.com\/es\/wp-json\/wp\/v2\/product_tag?post=3013"},{"taxonomy":"giftcard-category","embeddable":true,"href":"https:\/\/eg-reeds.com\/es\/wp-json\/wp\/v2\/giftcard-category?post=3013"}],"curies":[{"name":"wp","href":"https:\/\/api.w.org\/{rel}","templated":true}]}}