{"id":3036,"date":"2015-02-03T08:49:26","date_gmt":"2015-02-03T06:49:26","guid":{"rendered":"http:\/\/eg-reeds.com\/shop\/uncategorized\/cana-profesional-de-oboe-personalizada\/"},"modified":"2026-04-10T10:39:56","modified_gmt":"2026-04-10T08:39:56","slug":"cana-oboe-profesional-personalizada-eg-reeds","status":"publish","type":"product","link":"https:\/\/eg-reeds.com\/es\/shop\/canas-profesionales\/canas-oboe\/cana-oboe-profesional-personalizada-eg-reeds\/","title":{"rendered":"Ca\u00f1a oboe profesional personalizada EG-REEDS"},"content":{"rendered":"<h1><strong>Ca\u00f1a oboe profesional personalizada EG-REEDS.<\/strong><\/h1>\n<p>Ca\u00f1a oboe profesional personalizada EG-REEDS.\u00a0Pedido m\u00ednimo 3 ca\u00f1as iguales.<\/p>\n<p>Por favor ten en cuenta que el tiempo de fabricaci\u00f3n para ca\u00f1as personalizadas es de 2 semanas aproximadamente.<\/p>\n<p>\u00bfFalta de tiempo?\u00a0Con las ca\u00f1as profesionales personalizadas de EG-REEDS, este problema se convierte en cosa del pasado. S\u00f3lo tienes que comprar ca\u00f1as de oboe personalizadas en nuestra web y tendr\u00e1s las ca\u00f1as que deseas en la comodidad de tu hogar, todo con unos pocos clics.<\/p>\n<p>Imagina tener la capacidad de dise\u00f1ar tu ca\u00f1a ideal, adaptada espec\u00edficamente a tus preferencias y necesidades musicales. Con EG-REEDS, esto es completamente posible. Nuestra web te ofrece una amplia gama de opciones, desde el di\u00e1metro y el espesor de la pala hasta la forma y tudel de la ca\u00f1a, para que puedas crear la ca\u00f1a de oboe perfecta para ti.<\/p>\n<p>Lo mejor de todo es que nuestras ca\u00f1as personalizadas siempre son de la m\u00e1s alta calidad. Cada una de nuestras ca\u00f1as es meticulosamente hecha y probada por obo\u00edstas profesionales, asegurando un rendimiento y calidad excepcionales. Adem\u00e1s, al ser completamente personalizadas seg\u00fan tus gustos, puedes sentirte segur@ al tocar, sabiendo que est\u00e1s utilizando una ca\u00f1a que se adapta a ti de manera \u00fanica.<\/p>\n<p>Con EG-REEDS, las ca\u00f1as te llegar\u00e1n listas para tocar. Te liberar\u00e1s de la preocupaci\u00f3n por hacer ca\u00f1as y podr\u00e1s concentrarte plenamente en tu m\u00fasica. Ya sea en el escenario o en el estudio, nuestras ca\u00f1as personalizadas te brindan la libertad de disfrutar plenamente de tu pasi\u00f3n por el oboe. \u00bfPor qu\u00e9 conformarte con menos cuando puedes tener exactamente lo que necesitas? \u00a1Haz tu pedido hoy mismo y experimenta la diferencia con EG-REEDS!<\/p>\n<p>Todas nuestras ca\u00f1as son probadas una a una por \u00c9ric Gonz\u00e1lez. Con\u00f3cenos aqu\u00ed: <a href=\"https:\/\/eg-reeds.com\/es\/sobre-nosotros-eg-reeds\/\" target=\"_blank\" rel=\"noopener\">https:\/\/eg-reeds.com\/es\/sobre-nosotros-eg-reeds\/<\/a><\/p>\n<p>&nbsp;<\/p>\n","protected":false},"excerpt":{"rendered":"<p>Pedido m\u00ednimo 3 ca\u00f1as iguales.<\/p>\n<p>Tiempo aproximado de fabricaci\u00f3n: 7-10 d\u00edas.<\/p>\n","protected":false},"featured_media":24649,"comment_status":"open","ping_status":"closed","template":"","meta":[],"product_brand":[],"product_cat":[502,477],"product_tag":[],"giftcard-category":[],"class_list":{"0":"post-3036","1":"product","2":"type-product","3":"status-publish","4":"has-post-thumbnail","6":"product_cat-canas-oboe","7":"product_cat-canas-profesionales","8":"pa_brass-wire-no-es","9":"pa_brass-wire-si","10":"pa_cane-diameter-10-mm-105-mm-es","11":"pa_cane-diameter-105-mm-11-mm-es","12":"pa_cane-diameter-95-mm-10-mm-es","13":"pa_length-of-finished-reed-70-mm-es","14":"pa_length-of-finished-reed-71-mm-es-2","15":"pa_length-of-finished-reed-72-mm-es-2","16":"pa_length-of-finished-reed-73-mm-es-2","17":"pa_shaper-901-es","18":"pa_shaper-albrecht-mayer-es-2","19":"pa_shaper-glotin-es","20":"pa_shaper-h49-es","21":"pa_shaper-lory-es","22":"pa_shaper-m2-es","23":"pa_shaper-maurice-bourgue-es-2","24":"pa_shaper-ramon-ortega-es-2","25":"pa_shaper-rc11-es","26":"pa_shaper-rc12-es-2","27":"pa_shaper-rc13-es-2","28":"pa_shaper-rc15-es","29":"pa_shaper-rigoutat-2-es","30":"pa_shaper-thomas-indermuehle-es","31":"pa_shaper-usa-es","32":"pa_shaper-willy-12-es","33":"pa_staple-chiarugi-45-2-es","34":"pa_staple-chiarugi-45-2-2-es","35":"pa_staple-chiarugi-45-5-es","36":"pa_staple-chiarugi-46-2-es-2","37":"pa_staple-chiarugi-46-2-2-es","38":"pa_staple-chiarugi-46-5-es-2","39":"pa_staple-chiarugi-47-2-es-2","40":"pa_staple-chiarugi-47-2-2-es","41":"pa_staple-chiarugi-47-5-es-2","42":"pa_staple-guercio-d1146-es-2","43":"pa_staple-guercio-d1147-es-2","44":"pa_staple-guercio-d1246-es-2","45":"pa_staple-guercio-d1247-es-2","46":"pa_staple-mayer-46-es","47":"pa_staple-mayer-47-es","48":"pa_staple-uwe-henze-e6-46-es","49":"pa_staple-uwe-henze-e6-47-es","50":"pa_staple-uwe-henze-e8-46-es","51":"pa_staple-uwe-henze-e8-47-es","52":"pa_thickness-055-mm-056-mm-es-2","53":"pa_thickness-056-mm-057-mm-es-2","54":"pa_thickness-057-mm-058-mm-es","55":"pa_thickness-058-mm-059-mm-es-2","56":"pa_thickness-059-mm-060-mm-es","57":"pa_thickness-060-mm-061-mm-es-2","59":"first","60":"instock","61":"featured","62":"taxable","63":"shipping-taxable","64":"purchasable","65":"product-type-variable"},"yoast_head":"<!-- This site is optimized with the Yoast SEO Premium plugin v27.0 (Yoast SEO v27.5) - https:\/\/yoast.com\/product\/yoast-seo-premium-wordpress\/ -->\n<title>Ca\u00f1a oboe profesional personalizada EG-REEDS - www.eg-reeds.com<\/title>\n<meta name=\"description\" content=\"Ca\u00f1a oboe profesional personalizada EG-REEDS. Dise\u00f1a y compra tu ca\u00f1a ideal de oboe, adaptada espec\u00edficamente a tus preferencias y necesidades.\" \/>\n<meta name=\"robots\" content=\"index, follow, max-snippet:-1, max-image-preview:large, max-video-preview:-1\" \/>\n<link rel=\"canonical\" href=\"https:\/\/eg-reeds.com\/es\/shop\/canas-profesionales\/canas-oboe\/cana-oboe-profesional-personalizada-eg-reeds\/\" \/>\n<meta property=\"og:locale\" content=\"es_ES\" \/>\n<meta property=\"og:type\" content=\"article\" \/>\n<meta property=\"og:title\" content=\"Ca\u00f1a oboe profesional personalizada EG-REEDS\" \/>\n<meta property=\"og:description\" content=\"Ca\u00f1a oboe profesional personalizada EG-REEDS. Dise\u00f1a y compra tu ca\u00f1a ideal de oboe, adaptada espec\u00edficamente a tus preferencias y necesidades.\" \/>\n<meta property=\"og:url\" content=\"https:\/\/eg-reeds.com\/es\/shop\/canas-profesionales\/canas-oboe\/cana-oboe-profesional-personalizada-eg-reeds\/\" \/>\n<meta property=\"og:site_name\" content=\"www.eg-reeds.com\" \/>\n<meta property=\"article:publisher\" content=\"https:\/\/www.facebook.com\/EGREEDS\" \/>\n<meta property=\"article:modified_time\" content=\"2026-04-10T08:39:56+00:00\" \/>\n<meta property=\"og:image\" content=\"https:\/\/eg-reeds.com\/wp-content\/uploads\/2015\/02\/Professional-custome-oboe-reed-EG-REEDS-1.jpg\" \/>\n\t<meta property=\"og:image:width\" content=\"640\" \/>\n\t<meta property=\"og:image:height\" content=\"544\" \/>\n\t<meta property=\"og:image:type\" content=\"image\/jpeg\" \/>\n<meta name=\"twitter:card\" content=\"summary_large_image\" \/>\n<meta name=\"twitter:image\" content=\"http:\/\/eg-reeds.com\/wp-content\/uploads\/2015\/02\/Professional-custome-oboe-reed-EG-REEDS-1.jpg\" \/>\n<meta name=\"twitter:site\" content=\"@egreeds\" \/>\n<meta name=\"twitter:label1\" content=\"Disponibilidad\" \/>\n\t<meta name=\"twitter:data1\" content=\"Disponible\" \/>\n<script type=\"application\/ld+json\" class=\"yoast-schema-graph\">{\"@context\":\"https:\\\/\\\/schema.org\",\"@graph\":[{\"@type\":[\"WebPage\",\"ItemPage\"],\"@id\":\"https:\\\/\\\/eg-reeds.com\\\/es\\\/shop\\\/canas-profesionales\\\/canas-oboe\\\/cana-oboe-profesional-personalizada-eg-reeds\\\/\",\"url\":\"https:\\\/\\\/eg-reeds.com\\\/es\\\/shop\\\/canas-profesionales\\\/canas-oboe\\\/cana-oboe-profesional-personalizada-eg-reeds\\\/\",\"name\":\"Ca\u00f1a oboe profesional personalizada EG-REEDS - www.eg-reeds.com\",\"isPartOf\":{\"@id\":\"https:\\\/\\\/eg-reeds.com\\\/es\\\/#website\"},\"primaryImageOfPage\":{\"@id\":\"https:\\\/\\\/eg-reeds.com\\\/es\\\/shop\\\/canas-profesionales\\\/canas-oboe\\\/cana-oboe-profesional-personalizada-eg-reeds\\\/#primaryimage\"},\"image\":{\"@id\":\"https:\\\/\\\/eg-reeds.com\\\/es\\\/shop\\\/canas-profesionales\\\/canas-oboe\\\/cana-oboe-profesional-personalizada-eg-reeds\\\/#primaryimage\"},\"thumbnailUrl\":\"https:\\\/\\\/eg-reeds.com\\\/wp-content\\\/uploads\\\/2015\\\/02\\\/Professional-custome-oboe-reed-EG-REEDS-1.jpg\",\"datePublished\":\"2015-02-03T06:49:26+00:00\",\"dateModified\":\"2026-04-10T08:39:56+00:00\",\"description\":\"Ca\u00f1a oboe profesional personalizada EG-REEDS. Dise\u00f1a y compra tu ca\u00f1a ideal de oboe, adaptada espec\u00edficamente a tus preferencias y necesidades.\",\"breadcrumb\":{\"@id\":\"https:\\\/\\\/eg-reeds.com\\\/es\\\/shop\\\/canas-profesionales\\\/canas-oboe\\\/cana-oboe-profesional-personalizada-eg-reeds\\\/#breadcrumb\"},\"inLanguage\":\"es\",\"potentialAction\":[{\"@type\":\"ReadAction\",\"target\":[\"https:\\\/\\\/eg-reeds.com\\\/es\\\/shop\\\/canas-profesionales\\\/canas-oboe\\\/cana-oboe-profesional-personalizada-eg-reeds\\\/\"]}]},{\"@type\":\"ImageObject\",\"inLanguage\":\"es\",\"@id\":\"https:\\\/\\\/eg-reeds.com\\\/es\\\/shop\\\/canas-profesionales\\\/canas-oboe\\\/cana-oboe-profesional-personalizada-eg-reeds\\\/#primaryimage\",\"url\":\"https:\\\/\\\/eg-reeds.com\\\/wp-content\\\/uploads\\\/2015\\\/02\\\/Professional-custome-oboe-reed-EG-REEDS-1.jpg\",\"contentUrl\":\"https:\\\/\\\/eg-reeds.com\\\/wp-content\\\/uploads\\\/2015\\\/02\\\/Professional-custome-oboe-reed-EG-REEDS-1.jpg\",\"width\":640,\"height\":544,\"caption\":\"Ca\u00f1a oboe profesional personalizada\"},{\"@type\":\"BreadcrumbList\",\"@id\":\"https:\\\/\\\/eg-reeds.com\\\/es\\\/shop\\\/canas-profesionales\\\/canas-oboe\\\/cana-oboe-profesional-personalizada-eg-reeds\\\/#breadcrumb\",\"itemListElement\":[{\"@type\":\"ListItem\",\"position\":1,\"name\":\"Inicio\",\"item\":\"https:\\\/\\\/eg-reeds.com\\\/es\\\/tienda\\\/\"},{\"@type\":\"ListItem\",\"position\":2,\"name\":\"Tienda\",\"item\":\"https:\\\/\\\/eg-reeds.com\\\/es\\\/tienda\\\/\"},{\"@type\":\"ListItem\",\"position\":3,\"name\":\"Ca\u00f1a oboe profesional personalizada EG-REEDS\"}]},{\"@type\":\"WebSite\",\"@id\":\"https:\\\/\\\/eg-reeds.com\\\/es\\\/#website\",\"url\":\"https:\\\/\\\/eg-reeds.com\\\/es\\\/\",\"name\":\"www.eg-reeds.com\",\"description\":\"Ca\u00f1as oboe\",\"publisher\":{\"@id\":\"https:\\\/\\\/eg-reeds.com\\\/es\\\/#organization\"},\"alternateName\":\"eg-reeds.com\",\"potentialAction\":[{\"@type\":\"SearchAction\",\"target\":{\"@type\":\"EntryPoint\",\"urlTemplate\":\"https:\\\/\\\/eg-reeds.com\\\/es\\\/?s={search_term_string}\"},\"query-input\":{\"@type\":\"PropertyValueSpecification\",\"valueRequired\":true,\"valueName\":\"search_term_string\"}}],\"inLanguage\":\"es\"},{\"@type\":\"Organization\",\"@id\":\"https:\\\/\\\/eg-reeds.com\\\/es\\\/#organization\",\"name\":\"www.eg-reeds.com\",\"url\":\"https:\\\/\\\/eg-reeds.com\\\/es\\\/\",\"logo\":{\"@type\":\"ImageObject\",\"inLanguage\":\"es\",\"@id\":\"https:\\\/\\\/eg-reeds.com\\\/es\\\/#\\\/schema\\\/logo\\\/image\\\/\",\"url\":\"https:\\\/\\\/eg-reeds.com\\\/wp-content\\\/uploads\\\/2024\\\/06\\\/Logo-scaled-e1718793906611.jpg\",\"contentUrl\":\"https:\\\/\\\/eg-reeds.com\\\/wp-content\\\/uploads\\\/2024\\\/06\\\/Logo-scaled-e1718793906611.jpg\",\"width\":1200,\"height\":493,\"caption\":\"www.eg-reeds.com\"},\"image\":{\"@id\":\"https:\\\/\\\/eg-reeds.com\\\/es\\\/#\\\/schema\\\/logo\\\/image\\\/\"},\"sameAs\":[\"https:\\\/\\\/www.facebook.com\\\/EGREEDS\",\"https:\\\/\\\/x.com\\\/egreeds\",\"https:\\\/\\\/www.instagram.com\\\/egreeds\\\/\",\"https:\\\/\\\/www.youtube.com\\\/c\\\/EGREEDS\",\"https:\\\/\\\/www.threads.net\\\/@egreeds\",\"https:\\\/\\\/www.tiktok.com\\\/@egreeds\"]}]}<\/script>\n<meta property=\"og:availability\" content=\"instock\" \/>\n<meta property=\"product:availability\" content=\"instock\" \/>\n<meta property=\"product:retailer_item_id\" content=\"CPOB-C\" \/>\n<meta property=\"product:condition\" content=\"new\" \/>\n<!-- \/ Yoast SEO Premium plugin. -->","yoast_head_json":{"title":"Ca\u00f1a oboe profesional personalizada EG-REEDS - www.eg-reeds.com","description":"Ca\u00f1a oboe profesional personalizada EG-REEDS. Dise\u00f1a y compra tu ca\u00f1a ideal de oboe, adaptada espec\u00edficamente a tus preferencias y necesidades.","robots":{"index":"index","follow":"follow","max-snippet":"max-snippet:-1","max-image-preview":"max-image-preview:large","max-video-preview":"max-video-preview:-1"},"canonical":"https:\/\/eg-reeds.com\/es\/shop\/canas-profesionales\/canas-oboe\/cana-oboe-profesional-personalizada-eg-reeds\/","og_locale":"es_ES","og_type":"article","og_title":"Ca\u00f1a oboe profesional personalizada EG-REEDS","og_description":"Ca\u00f1a oboe profesional personalizada EG-REEDS. Dise\u00f1a y compra tu ca\u00f1a ideal de oboe, adaptada espec\u00edficamente a tus preferencias y necesidades.","og_url":"https:\/\/eg-reeds.com\/es\/shop\/canas-profesionales\/canas-oboe\/cana-oboe-profesional-personalizada-eg-reeds\/","og_site_name":"www.eg-reeds.com","article_publisher":"https:\/\/www.facebook.com\/EGREEDS","article_modified_time":"2026-04-10T08:39:56+00:00","og_image":[{"width":640,"height":544,"url":"https:\/\/eg-reeds.com\/wp-content\/uploads\/2015\/02\/Professional-custome-oboe-reed-EG-REEDS-1.jpg","type":"image\/jpeg"}],"twitter_card":"summary_large_image","twitter_image":"http:\/\/eg-reeds.com\/wp-content\/uploads\/2015\/02\/Professional-custome-oboe-reed-EG-REEDS-1.jpg","twitter_site":"@egreeds","twitter_misc":{"Disponibilidad":"Disponible"},"schema":{"@context":"https:\/\/schema.org","@graph":[{"@type":["WebPage","ItemPage"],"@id":"https:\/\/eg-reeds.com\/es\/shop\/canas-profesionales\/canas-oboe\/cana-oboe-profesional-personalizada-eg-reeds\/","url":"https:\/\/eg-reeds.com\/es\/shop\/canas-profesionales\/canas-oboe\/cana-oboe-profesional-personalizada-eg-reeds\/","name":"Ca\u00f1a oboe profesional personalizada EG-REEDS - www.eg-reeds.com","isPartOf":{"@id":"https:\/\/eg-reeds.com\/es\/#website"},"primaryImageOfPage":{"@id":"https:\/\/eg-reeds.com\/es\/shop\/canas-profesionales\/canas-oboe\/cana-oboe-profesional-personalizada-eg-reeds\/#primaryimage"},"image":{"@id":"https:\/\/eg-reeds.com\/es\/shop\/canas-profesionales\/canas-oboe\/cana-oboe-profesional-personalizada-eg-reeds\/#primaryimage"},"thumbnailUrl":"https:\/\/eg-reeds.com\/wp-content\/uploads\/2015\/02\/Professional-custome-oboe-reed-EG-REEDS-1.jpg","datePublished":"2015-02-03T06:49:26+00:00","dateModified":"2026-04-10T08:39:56+00:00","description":"Ca\u00f1a oboe profesional personalizada EG-REEDS. Dise\u00f1a y compra tu ca\u00f1a ideal de oboe, adaptada espec\u00edficamente a tus preferencias y necesidades.","breadcrumb":{"@id":"https:\/\/eg-reeds.com\/es\/shop\/canas-profesionales\/canas-oboe\/cana-oboe-profesional-personalizada-eg-reeds\/#breadcrumb"},"inLanguage":"es","potentialAction":[{"@type":"ReadAction","target":["https:\/\/eg-reeds.com\/es\/shop\/canas-profesionales\/canas-oboe\/cana-oboe-profesional-personalizada-eg-reeds\/"]}]},{"@type":"ImageObject","inLanguage":"es","@id":"https:\/\/eg-reeds.com\/es\/shop\/canas-profesionales\/canas-oboe\/cana-oboe-profesional-personalizada-eg-reeds\/#primaryimage","url":"https:\/\/eg-reeds.com\/wp-content\/uploads\/2015\/02\/Professional-custome-oboe-reed-EG-REEDS-1.jpg","contentUrl":"https:\/\/eg-reeds.com\/wp-content\/uploads\/2015\/02\/Professional-custome-oboe-reed-EG-REEDS-1.jpg","width":640,"height":544,"caption":"Ca\u00f1a oboe profesional personalizada"},{"@type":"BreadcrumbList","@id":"https:\/\/eg-reeds.com\/es\/shop\/canas-profesionales\/canas-oboe\/cana-oboe-profesional-personalizada-eg-reeds\/#breadcrumb","itemListElement":[{"@type":"ListItem","position":1,"name":"Inicio","item":"https:\/\/eg-reeds.com\/es\/tienda\/"},{"@type":"ListItem","position":2,"name":"Tienda","item":"https:\/\/eg-reeds.com\/es\/tienda\/"},{"@type":"ListItem","position":3,"name":"Ca\u00f1a oboe profesional personalizada EG-REEDS"}]},{"@type":"WebSite","@id":"https:\/\/eg-reeds.com\/es\/#website","url":"https:\/\/eg-reeds.com\/es\/","name":"www.eg-reeds.com","description":"Ca\u00f1as oboe","publisher":{"@id":"https:\/\/eg-reeds.com\/es\/#organization"},"alternateName":"eg-reeds.com","potentialAction":[{"@type":"SearchAction","target":{"@type":"EntryPoint","urlTemplate":"https:\/\/eg-reeds.com\/es\/?s={search_term_string}"},"query-input":{"@type":"PropertyValueSpecification","valueRequired":true,"valueName":"search_term_string"}}],"inLanguage":"es"},{"@type":"Organization","@id":"https:\/\/eg-reeds.com\/es\/#organization","name":"www.eg-reeds.com","url":"https:\/\/eg-reeds.com\/es\/","logo":{"@type":"ImageObject","inLanguage":"es","@id":"https:\/\/eg-reeds.com\/es\/#\/schema\/logo\/image\/","url":"https:\/\/eg-reeds.com\/wp-content\/uploads\/2024\/06\/Logo-scaled-e1718793906611.jpg","contentUrl":"https:\/\/eg-reeds.com\/wp-content\/uploads\/2024\/06\/Logo-scaled-e1718793906611.jpg","width":1200,"height":493,"caption":"www.eg-reeds.com"},"image":{"@id":"https:\/\/eg-reeds.com\/es\/#\/schema\/logo\/image\/"},"sameAs":["https:\/\/www.facebook.com\/EGREEDS","https:\/\/x.com\/egreeds","https:\/\/www.instagram.com\/egreeds\/","https:\/\/www.youtube.com\/c\/EGREEDS","https:\/\/www.threads.net\/@egreeds","https:\/\/www.tiktok.com\/@egreeds"]}]},"og_availability":"instock","product_availability":"instock","product_retailer_item_id":"CPOB-C","product_condition":"new"},"_links":{"self":[{"href":"https:\/\/eg-reeds.com\/es\/wp-json\/wp\/v2\/product\/3036","targetHints":{"allow":["GET"]}}],"collection":[{"href":"https:\/\/eg-reeds.com\/es\/wp-json\/wp\/v2\/product"}],"about":[{"href":"https:\/\/eg-reeds.com\/es\/wp-json\/wp\/v2\/types\/product"}],"replies":[{"embeddable":true,"href":"https:\/\/eg-reeds.com\/es\/wp-json\/wp\/v2\/comments?post=3036"}],"wp:featuredmedia":[{"embeddable":true,"href":"https:\/\/eg-reeds.com\/es\/wp-json\/wp\/v2\/media\/24649"}],"wp:attachment":[{"href":"https:\/\/eg-reeds.com\/es\/wp-json\/wp\/v2\/media?parent=3036"}],"wp:term":[{"taxonomy":"product_brand","embeddable":true,"href":"https:\/\/eg-reeds.com\/es\/wp-json\/wp\/v2\/product_brand?post=3036"},{"taxonomy":"product_cat","embeddable":true,"href":"https:\/\/eg-reeds.com\/es\/wp-json\/wp\/v2\/product_cat?post=3036"},{"taxonomy":"product_tag","embeddable":true,"href":"https:\/\/eg-reeds.com\/es\/wp-json\/wp\/v2\/product_tag?post=3036"},{"taxonomy":"giftcard-category","embeddable":true,"href":"https:\/\/eg-reeds.com\/es\/wp-json\/wp\/v2\/giftcard-category?post=3036"}],"curies":[{"name":"wp","href":"https:\/\/api.w.org\/{rel}","templated":true}]}}