{"id":3037,"date":"2015-02-03T08:50:39","date_gmt":"2015-02-03T08:50:39","guid":{"rendered":"http:\/\/eg-reeds.com\/shop\/uncategorized\/cana-de-oboe-profesional\/"},"modified":"2026-04-13T17:47:38","modified_gmt":"2026-04-13T15:47:38","slug":"cana-oboe-profesional-eg-reeds","status":"publish","type":"product","link":"https:\/\/eg-reeds.com\/es\/shop\/canas-profesionales\/canas-oboe\/cana-oboe-profesional-eg-reeds\/","title":{"rendered":"Ca\u00f1a oboe profesional EG-REEDS"},"content":{"rendered":"<h1><strong>Ca\u00f1a oboe profesional EG-REEDS.<\/strong><\/h1>\n<p>Ca\u00f1a oboe profesional EG-REEDS. \u00bfNecesitas comprar ca\u00f1as de oboe? Solo escoge entre un par de caracter\u00edsticas y EG-REEDS har\u00e1 tus ca\u00f1as profesionales de oboe para ti. Recibir\u00e1s ca\u00f1as de primera calidad al mejor precio.<\/p>\n<p>Solo tienes que elegir la dureza y el tudel. El resto lo proporciona la experiencia de los profesionales de EG-REEDS. Todas nuestras ca\u00f1as son probadas por obo\u00edstas profesionales una a una. Nuestro equipo de profesionales con a\u00f1os de experiencia tanto en el mundo profesional de oboe, como en la fabricaci\u00f3n de ca\u00f1as de oboe se encargar\u00e1 de cada detalle. As\u00ed podemos garantizar que recibes ca\u00f1as de primera calidad en la comodidad de tu hogar.<\/p>\n<p>Cada ca\u00f1a es meticulosamente elaborada y probada para asegurar su calidad y consistencia, antes de ser enviada a tu puerta lista para que le des tu toque final y comiences a disfrutar de tu m\u00fasica.<\/p>\n<p>Con EG-REEDS, puedes confiar en que est\u00e1s comprando ca\u00f1as profesionales que cumplen con los m\u00e1s altos est\u00e1ndares de calidad. Nuestro compromiso con la excelencia y la satisfacci\u00f3n del cliente garantiza que tu experiencia musical sea lo m\u00e1s gratificante posible.<\/p>\n<p>\u00a1No esperes m\u00e1s a probar las ca\u00f1as profesionales para oboe de EG-REEDS, las mejores ca\u00f1as, elegidas por los profesionales de oboe m\u00e1s exigentes!<\/p>\n<p>&nbsp;<\/p>\n<h2>Medidas ca\u00f1a oboe profesional EG-REEDS.<\/h2>\n<p>El di\u00e1metro es 10 &#8211; 10,5mm. La longitud del raspado es entre 10 y 11 mm. La longitud de la ca\u00f1a acabada depende del tudel, seg\u00fan sea de 45, 46 o 47. A continuaci\u00f3n tienes la tabla con cada medida:<\/p>\n<ul>\n<li>47mm (longitud del tudel) &#8211; 72mm (longitud ca\u00f1a terminada)<\/li>\n<li>46mm (longitud del tudel) &#8211; 71mm (longitud ca\u00f1a terminada)<\/li>\n<li>45mm (longitud del tudel) &#8211; 70mm (longitud ca\u00f1a terminada)<\/li>\n<\/ul>\n<p>&nbsp;<\/p>\n<h2>Ca\u00f1as probadas una a una por profesionales.<\/h2>\n<div>Todas nuestras ca\u00f1as de oboe son probadas una a una por \u00c9ric Gonz\u00e1lez, obo\u00edsta profesional. Puedes ver su CV y v\u00eddeos como solista en su p\u00e1gina web: <a href=\"http:\/\/www.ericgonzalezoboe.com\" target=\"_blank\" rel=\"noopener\">www.ericgonzalezoboe.com<\/a> y en nuestro canal de Youtube: <a href=\"https:\/\/www.youtube.com\/c\/EGREEDS\/videos\" target=\"_blank\" rel=\"noopener\">www.youtube.com\/c\/EGREEDS\/videos<\/a><\/div>\n<div><\/div>\n<div>\t<div id=\"gap-78850838\" class=\"gap-element clearfix\" style=\"display:block; height:auto;\">\n\t\t\n<style>\n#gap-78850838 {\n  padding-top: 30px;\n}\n<\/style>\n\t<\/div>\n\t<\/div>\n<h3><strong>\u00c9ric Gonz\u00e1lez<\/strong><\/h3>\n<p style=\"text-align: justify;\"><strong>\u00c9ric Gonz\u00e1lez<\/strong> naci\u00f3 en Ponferrada (Le\u00f3n) en 1986. A los 8 a\u00f1os inici\u00f3 sus estudios de oboe en el Conservatorio de Ponferrada (Le\u00f3n) con Salvador Ferrer.\u00a0Posteriormente se traslad\u00f3 al Conservatorio Superior de M\u00fasica de La Coru\u00f1a donde realiz\u00f3 el primer a\u00f1o de estudios superiores. Despu\u00e9s de ese a\u00f1o, su carrera musical dio un salto, al ganar una beca para estudiar en el Conservatorio Superior de M\u00fasica del Liceo de Barcelona con el profesor Jos\u00e9 Manuel Gonz\u00e1lez, oboe principal de la Real Orquesta Sinf\u00f3nica de Sevilla, donde finaliz\u00f3 con las m\u00e1s altas calificaciones.<\/p>\n<p style=\"text-align: justify;\">Tras completar sus estudios en Barcelona, continu\u00f3 su formaci\u00f3n en M\u00fanich (Alemania) con el profesor Ingo Goritzki. Durante toda su formaci\u00f3n, tambi\u00e9n ha realizado cursos de especializaci\u00f3n con solistas de talla internacional como: Fran\u00e7ois Leleux, Stefan Schilli, Thomas Inderm\u00fchle, Lucas Mac\u00edas, Albrecht Mayer, Dominik Wollenweber, Washington Barella, Mizuho Yoshsii, Victor \u00c1nchel, Juan Manuel Lumbreras, Yeon-Hee Kwak, Christian Schmitt, Jos\u00e9 Luis Garc\u00eda, Gareth Hulsen, Emmanuel Abb\u00fcl y Eduardo Mart\u00ednez.<\/p>\n<div class=\"row\"  id=\"row-1341190779\">\r\n\r\n\n\t<div id=\"col-1046520551\" class=\"col medium-1\/2 large-6\"  >\n\t\t\t\t<div class=\"col-inner\"  >\n\t\t\t\n\t\t\t\r\n<iframe loading=\"lazy\" src=\"https:\/\/www.youtube.com\/embed\/-JkFg3uEjIk\" width=\"560\" height=\"315\" frameborder=\"0\" allowfullscreen=\"allowfullscreen\" data-mce-fragment=\"1\"><\/iframe>\r\n\r\n<strong>Eric Gonzalez - English horn (corno ingl\u00e9s)<\/strong>\r\n\r\n\t\t<\/div>\n\t\t\t\t\t<\/div>\n\n\t\r\n\n\t<div id=\"col-1707524993\" class=\"col medium-1\/2 large-6\"  >\n\t\t\t\t<div class=\"col-inner\"  >\n\t\t\t\n\t\t\t\r\n<iframe loading=\"lazy\" src=\"https:\/\/www.youtube.com\/embed\/hX8n6FSxyYY\" width=\"560\" height=\"315\" frameborder=\"0\" allowfullscreen=\"allowfullscreen\" data-mce-fragment=\"1\"><\/iframe>\r\n\r\n<strong>Eric Gonzalez - oboe<\/strong>\r\n\r\n\t\t<\/div>\n\t\t\t\t\t<\/div>\n\n\t\r\n\r\n<\/div>\r\n\r\n&nbsp;\n<h4 style=\"text-align: center;\">\u00c9ric Gonz\u00e1lez, oboe<\/h4>\n<p style=\"text-align: justify;\">\u00c9ric Gonz\u00e1lez tambi\u00e9n ha formado parte y colaborado con j\u00f3venes orquestas y orquesta profesionales como: Joven Orquesta de Castilla y Le\u00f3n, Joven Orquesta Nacional de Catalu\u00f1a, Joven Orquesta Nacional de Holanda, Real Orquesta Sinf\u00f3nica de Sevilla, Orquesta de C\u00e1mara de Lugano (Suiza) o la Orquesta de C\u00e1mara de Baviera (Alemania). Con estas orquestas ha realizado conciertos en pa\u00edses como Espa\u00f1a, Alemania, Francia, Italia, Suiza, Inglaterra, Rusia o Corea del Sur.<\/p>\n<p style=\"text-align: justify;\">Desde el a\u00f1o 2012 hasta el 2014 \u00c9ric Gonz\u00e1lez fue oboe principal de la GYSO \u201cGuiyang Symphony Orchestra\u201d de Guiyang (China). Orquesta con la que adem\u00e1s interpret\u00f3\u00a0como solista el Concierto para oboe y viol\u00edn de J.S Bach BWV 1060 y realiz\u00f3\u00a0giras por las principales ciudades asi\u00e1ticas. En 2014\u00a0fue nombrado \u201cArtista Yamaha\u201d de oboe y \u201cArtista Lor\u00e9e\u201d para corno ingl\u00e9s.<\/p>\n<p>Desde 2014 hasta 2017 fue oboe principal y jefe de secci\u00f3n en la Orquesta Cl\u00e1sica de Madeira.<\/p>\n<p>Desde 2015 es el propietario y fundador de\u00a0EG-REEDS, empresa dedicada a la fabricaci\u00f3n de ca\u00f1as de oboe y corno ingl\u00e9s. Adem\u00e1s imparte masterclass de oboe y fabricaci\u00f3n de ca\u00f1as.<\/p>\n<h2><\/h2>\n<h2>M\u00e1s opciones para tus ca\u00f1as profesionales.<\/h2>\n<p>Si deseas elegir entre m\u00e1s opciones para tus ca\u00f1as profesionales, te recomendamos probar nuestras\u00a0<a href=\"https:\/\/eg-reeds.com\/es\/shop\/canas-profesionales\/canas-oboe\/cana-oboe-profesional-personalizada-eg-reeds\/\" target=\"_blank\" rel=\"noopener noreferrer\">ca\u00f1as de oboe personalizadas<\/a>.<\/p>\n<p>Con ellas podr\u00e1s elegir muchos m\u00e1s par\u00e1metros, por ejemplo di\u00e1metro, espesor, el tipo de tudel que quieres, si deseas alambre o no, etc.<\/p>\n<p><img loading=\"lazy\" decoding=\"async\" class=\"aligncenter wp-image-22999 size-full\" title=\"Ca\u00f1a oboe profesional EG-REEDS\" src=\"https:\/\/eg-reeds.com\/wp-content\/uploads\/2017\/01\/Professional-oboe-reeds-EG-REEDS.jpg\" alt=\"Ca\u00f1a oboe profesional\" width=\"640\" height=\"544\" srcset=\"https:\/\/eg-reeds.com\/wp-content\/uploads\/2017\/01\/Professional-oboe-reeds-EG-REEDS.jpg 640w, https:\/\/eg-reeds.com\/wp-content\/uploads\/2017\/01\/Professional-oboe-reeds-EG-REEDS-600x510.jpg 600w\" sizes=\"auto, (max-width: 640px) 100vw, 640px\" \/><\/p>\n<p style=\"text-align: center;\">Ca\u00f1a oboe profesional EG-REEDS<\/p>\n","protected":false},"excerpt":{"rendered":"<p>Ca\u00f1a oboe profesional EG-REEDS.<\/p>\n","protected":false},"featured_media":22999,"comment_status":"open","ping_status":"closed","template":"","meta":[],"product_brand":[],"product_cat":[502,477],"product_tag":[3596],"giftcard-category":[],"class_list":{"0":"post-3037","1":"product","2":"type-product","3":"status-publish","4":"has-post-thumbnail","6":"product_cat-canas-oboe","7":"product_cat-canas-profesionales","8":"product_tag-cana-oboe-profesional-eg-reeds","9":"pa_length-of-finished-reed-71-mm-es-2","10":"pa_length-of-finished-reed-72-mm-es-2","11":"pa_length-of-finished-reed-73-mm-es-2","12":"pa_staple-chiarugi-45-2-es","13":"pa_staple-chiarugi-46-2-es-2","14":"pa_staple-chiarugi-47-2-es-2","16":"first","17":"instock","18":"featured","19":"taxable","20":"shipping-taxable","21":"purchasable","22":"product-type-variable","23":"has-default-attributes"},"yoast_head":"<!-- This site is optimized with the Yoast SEO Premium plugin v27.0 (Yoast SEO v27.4) - https:\/\/yoast.com\/product\/yoast-seo-premium-wordpress\/ -->\n<title>Ca\u00f1a oboe profesional EG-REEDS - www.eg-reeds.com<\/title>\n<meta name=\"description\" content=\"Ca\u00f1a oboe profesional EG-REEDS.\u00a0Ca\u00f1as de m\u00e1xima calidad a buen precio. Todas nuestras\u00a0ca\u00f1as profesionales son probadas una a una.\" \/>\n<meta name=\"robots\" content=\"index, follow, max-snippet:-1, max-image-preview:large, max-video-preview:-1\" \/>\n<link rel=\"canonical\" href=\"https:\/\/eg-reeds.com\/es\/shop\/canas-profesionales\/canas-oboe\/cana-oboe-profesional-eg-reeds\/\" \/>\n<meta property=\"og:locale\" content=\"es_ES\" \/>\n<meta property=\"og:type\" content=\"article\" \/>\n<meta property=\"og:title\" content=\"Ca\u00f1a oboe profesional EG-REEDS\" \/>\n<meta property=\"og:description\" content=\"Ca\u00f1a oboe profesional EG-REEDS\" \/>\n<meta property=\"og:url\" content=\"https:\/\/eg-reeds.com\/es\/shop\/canas-profesionales\/canas-oboe\/cana-oboe-profesional-eg-reeds\/\" \/>\n<meta property=\"og:site_name\" content=\"www.eg-reeds.com\" \/>\n<meta property=\"article:publisher\" content=\"https:\/\/www.facebook.com\/EGREEDS\" \/>\n<meta property=\"article:modified_time\" content=\"2026-04-13T15:47:38+00:00\" \/>\n<meta property=\"og:image\" content=\"https:\/\/eg-reeds.com\/wp-content\/uploads\/2017\/01\/Professional-oboe-reeds-EG-REEDS.jpg\" \/>\n\t<meta property=\"og:image:width\" content=\"640\" \/>\n\t<meta property=\"og:image:height\" content=\"544\" \/>\n\t<meta property=\"og:image:type\" content=\"image\/jpeg\" \/>\n<meta name=\"twitter:card\" content=\"summary_large_image\" \/>\n<meta name=\"twitter:title\" content=\"Ca\u00f1a oboe profesional EG-REEDS\" \/>\n<meta name=\"twitter:site\" content=\"@egreeds\" \/>\n<meta name=\"twitter:label1\" content=\"Disponibilidad\" \/>\n\t<meta name=\"twitter:data1\" content=\"Disponible\" \/>\n<script type=\"application\/ld+json\" class=\"yoast-schema-graph\">{\"@context\":\"https:\\\/\\\/schema.org\",\"@graph\":[{\"@type\":[\"WebPage\",\"ItemPage\"],\"@id\":\"https:\\\/\\\/eg-reeds.com\\\/es\\\/shop\\\/canas-profesionales\\\/canas-oboe\\\/cana-oboe-profesional-eg-reeds\\\/\",\"url\":\"https:\\\/\\\/eg-reeds.com\\\/es\\\/shop\\\/canas-profesionales\\\/canas-oboe\\\/cana-oboe-profesional-eg-reeds\\\/\",\"name\":\"Ca\u00f1a oboe profesional EG-REEDS - www.eg-reeds.com\",\"isPartOf\":{\"@id\":\"https:\\\/\\\/eg-reeds.com\\\/es\\\/#website\"},\"primaryImageOfPage\":{\"@id\":\"https:\\\/\\\/eg-reeds.com\\\/es\\\/shop\\\/canas-profesionales\\\/canas-oboe\\\/cana-oboe-profesional-eg-reeds\\\/#primaryimage\"},\"image\":{\"@id\":\"https:\\\/\\\/eg-reeds.com\\\/es\\\/shop\\\/canas-profesionales\\\/canas-oboe\\\/cana-oboe-profesional-eg-reeds\\\/#primaryimage\"},\"thumbnailUrl\":\"https:\\\/\\\/eg-reeds.com\\\/wp-content\\\/uploads\\\/2017\\\/01\\\/Professional-oboe-reeds-EG-REEDS.jpg\",\"datePublished\":\"2015-02-03T08:50:39+00:00\",\"dateModified\":\"2026-04-13T15:47:38+00:00\",\"description\":\"Ca\u00f1a oboe profesional EG-REEDS.\u00a0Ca\u00f1as de m\u00e1xima calidad a buen precio. Todas nuestras\u00a0ca\u00f1as profesionales son probadas una a una.\",\"breadcrumb\":{\"@id\":\"https:\\\/\\\/eg-reeds.com\\\/es\\\/shop\\\/canas-profesionales\\\/canas-oboe\\\/cana-oboe-profesional-eg-reeds\\\/#breadcrumb\"},\"inLanguage\":\"es\",\"potentialAction\":[{\"@type\":\"ReadAction\",\"target\":[\"https:\\\/\\\/eg-reeds.com\\\/es\\\/shop\\\/canas-profesionales\\\/canas-oboe\\\/cana-oboe-profesional-eg-reeds\\\/\"]}]},{\"@type\":\"ImageObject\",\"inLanguage\":\"es\",\"@id\":\"https:\\\/\\\/eg-reeds.com\\\/es\\\/shop\\\/canas-profesionales\\\/canas-oboe\\\/cana-oboe-profesional-eg-reeds\\\/#primaryimage\",\"url\":\"https:\\\/\\\/eg-reeds.com\\\/wp-content\\\/uploads\\\/2017\\\/01\\\/Professional-oboe-reeds-EG-REEDS.jpg\",\"contentUrl\":\"https:\\\/\\\/eg-reeds.com\\\/wp-content\\\/uploads\\\/2017\\\/01\\\/Professional-oboe-reeds-EG-REEDS.jpg\",\"width\":640,\"height\":544,\"caption\":\"Ca\u00f1a oboe profesional\"},{\"@type\":\"BreadcrumbList\",\"@id\":\"https:\\\/\\\/eg-reeds.com\\\/es\\\/shop\\\/canas-profesionales\\\/canas-oboe\\\/cana-oboe-profesional-eg-reeds\\\/#breadcrumb\",\"itemListElement\":[{\"@type\":\"ListItem\",\"position\":1,\"name\":\"Inicio\",\"item\":\"https:\\\/\\\/eg-reeds.com\\\/es\\\/\"},{\"@type\":\"ListItem\",\"position\":2,\"name\":\"Tienda\",\"item\":\"https:\\\/\\\/eg-reeds.com\\\/es\\\/\"},{\"@type\":\"ListItem\",\"position\":3,\"name\":\"Ca\u00f1a oboe profesional EG-REEDS\"}]},{\"@type\":\"WebSite\",\"@id\":\"https:\\\/\\\/eg-reeds.com\\\/es\\\/#website\",\"url\":\"https:\\\/\\\/eg-reeds.com\\\/es\\\/\",\"name\":\"www.eg-reeds.com\",\"description\":\"Ca\u00f1as oboe\",\"publisher\":{\"@id\":\"https:\\\/\\\/eg-reeds.com\\\/es\\\/#organization\"},\"alternateName\":\"eg-reeds.com\",\"potentialAction\":[{\"@type\":\"SearchAction\",\"target\":{\"@type\":\"EntryPoint\",\"urlTemplate\":\"https:\\\/\\\/eg-reeds.com\\\/es\\\/?s={search_term_string}\"},\"query-input\":{\"@type\":\"PropertyValueSpecification\",\"valueRequired\":true,\"valueName\":\"search_term_string\"}}],\"inLanguage\":\"es\"},{\"@type\":\"Organization\",\"@id\":\"https:\\\/\\\/eg-reeds.com\\\/es\\\/#organization\",\"name\":\"www.eg-reeds.com\",\"url\":\"https:\\\/\\\/eg-reeds.com\\\/es\\\/\",\"logo\":{\"@type\":\"ImageObject\",\"inLanguage\":\"es\",\"@id\":\"https:\\\/\\\/eg-reeds.com\\\/es\\\/#\\\/schema\\\/logo\\\/image\\\/\",\"url\":\"https:\\\/\\\/eg-reeds.com\\\/wp-content\\\/uploads\\\/2024\\\/06\\\/Logo-scaled-e1718793906611.jpg\",\"contentUrl\":\"https:\\\/\\\/eg-reeds.com\\\/wp-content\\\/uploads\\\/2024\\\/06\\\/Logo-scaled-e1718793906611.jpg\",\"width\":1200,\"height\":493,\"caption\":\"www.eg-reeds.com\"},\"image\":{\"@id\":\"https:\\\/\\\/eg-reeds.com\\\/es\\\/#\\\/schema\\\/logo\\\/image\\\/\"},\"sameAs\":[\"https:\\\/\\\/www.facebook.com\\\/EGREEDS\",\"https:\\\/\\\/x.com\\\/egreeds\",\"https:\\\/\\\/www.instagram.com\\\/egreeds\\\/\",\"https:\\\/\\\/www.youtube.com\\\/c\\\/EGREEDS\",\"https:\\\/\\\/www.threads.net\\\/@egreeds\",\"https:\\\/\\\/www.tiktok.com\\\/@egreeds\"]}]}<\/script>\n<meta property=\"og:availability\" content=\"instock\" \/>\n<meta property=\"product:availability\" content=\"instock\" \/>\n<meta property=\"product:retailer_item_id\" content=\"CPOB\" \/>\n<meta property=\"product:condition\" content=\"new\" \/>\n<!-- \/ Yoast SEO Premium plugin. -->","yoast_head_json":{"title":"Ca\u00f1a oboe profesional EG-REEDS - www.eg-reeds.com","description":"Ca\u00f1a oboe profesional EG-REEDS.\u00a0Ca\u00f1as de m\u00e1xima calidad a buen precio. Todas nuestras\u00a0ca\u00f1as profesionales son probadas una a una.","robots":{"index":"index","follow":"follow","max-snippet":"max-snippet:-1","max-image-preview":"max-image-preview:large","max-video-preview":"max-video-preview:-1"},"canonical":"https:\/\/eg-reeds.com\/es\/shop\/canas-profesionales\/canas-oboe\/cana-oboe-profesional-eg-reeds\/","og_locale":"es_ES","og_type":"article","og_title":"Ca\u00f1a oboe profesional EG-REEDS","og_description":"Ca\u00f1a oboe profesional EG-REEDS","og_url":"https:\/\/eg-reeds.com\/es\/shop\/canas-profesionales\/canas-oboe\/cana-oboe-profesional-eg-reeds\/","og_site_name":"www.eg-reeds.com","article_publisher":"https:\/\/www.facebook.com\/EGREEDS","article_modified_time":"2026-04-13T15:47:38+00:00","og_image":[{"width":640,"height":544,"url":"https:\/\/eg-reeds.com\/wp-content\/uploads\/2017\/01\/Professional-oboe-reeds-EG-REEDS.jpg","type":"image\/jpeg"}],"twitter_card":"summary_large_image","twitter_title":"Ca\u00f1a oboe profesional EG-REEDS","twitter_site":"@egreeds","twitter_misc":{"Disponibilidad":"Disponible"},"schema":{"@context":"https:\/\/schema.org","@graph":[{"@type":["WebPage","ItemPage"],"@id":"https:\/\/eg-reeds.com\/es\/shop\/canas-profesionales\/canas-oboe\/cana-oboe-profesional-eg-reeds\/","url":"https:\/\/eg-reeds.com\/es\/shop\/canas-profesionales\/canas-oboe\/cana-oboe-profesional-eg-reeds\/","name":"Ca\u00f1a oboe profesional EG-REEDS - www.eg-reeds.com","isPartOf":{"@id":"https:\/\/eg-reeds.com\/es\/#website"},"primaryImageOfPage":{"@id":"https:\/\/eg-reeds.com\/es\/shop\/canas-profesionales\/canas-oboe\/cana-oboe-profesional-eg-reeds\/#primaryimage"},"image":{"@id":"https:\/\/eg-reeds.com\/es\/shop\/canas-profesionales\/canas-oboe\/cana-oboe-profesional-eg-reeds\/#primaryimage"},"thumbnailUrl":"https:\/\/eg-reeds.com\/wp-content\/uploads\/2017\/01\/Professional-oboe-reeds-EG-REEDS.jpg","datePublished":"2015-02-03T08:50:39+00:00","dateModified":"2026-04-13T15:47:38+00:00","description":"Ca\u00f1a oboe profesional EG-REEDS.\u00a0Ca\u00f1as de m\u00e1xima calidad a buen precio. Todas nuestras\u00a0ca\u00f1as profesionales son probadas una a una.","breadcrumb":{"@id":"https:\/\/eg-reeds.com\/es\/shop\/canas-profesionales\/canas-oboe\/cana-oboe-profesional-eg-reeds\/#breadcrumb"},"inLanguage":"es","potentialAction":[{"@type":"ReadAction","target":["https:\/\/eg-reeds.com\/es\/shop\/canas-profesionales\/canas-oboe\/cana-oboe-profesional-eg-reeds\/"]}]},{"@type":"ImageObject","inLanguage":"es","@id":"https:\/\/eg-reeds.com\/es\/shop\/canas-profesionales\/canas-oboe\/cana-oboe-profesional-eg-reeds\/#primaryimage","url":"https:\/\/eg-reeds.com\/wp-content\/uploads\/2017\/01\/Professional-oboe-reeds-EG-REEDS.jpg","contentUrl":"https:\/\/eg-reeds.com\/wp-content\/uploads\/2017\/01\/Professional-oboe-reeds-EG-REEDS.jpg","width":640,"height":544,"caption":"Ca\u00f1a oboe profesional"},{"@type":"BreadcrumbList","@id":"https:\/\/eg-reeds.com\/es\/shop\/canas-profesionales\/canas-oboe\/cana-oboe-profesional-eg-reeds\/#breadcrumb","itemListElement":[{"@type":"ListItem","position":1,"name":"Inicio","item":"https:\/\/eg-reeds.com\/es\/"},{"@type":"ListItem","position":2,"name":"Tienda","item":"https:\/\/eg-reeds.com\/es\/"},{"@type":"ListItem","position":3,"name":"Ca\u00f1a oboe profesional EG-REEDS"}]},{"@type":"WebSite","@id":"https:\/\/eg-reeds.com\/es\/#website","url":"https:\/\/eg-reeds.com\/es\/","name":"www.eg-reeds.com","description":"Ca\u00f1as oboe","publisher":{"@id":"https:\/\/eg-reeds.com\/es\/#organization"},"alternateName":"eg-reeds.com","potentialAction":[{"@type":"SearchAction","target":{"@type":"EntryPoint","urlTemplate":"https:\/\/eg-reeds.com\/es\/?s={search_term_string}"},"query-input":{"@type":"PropertyValueSpecification","valueRequired":true,"valueName":"search_term_string"}}],"inLanguage":"es"},{"@type":"Organization","@id":"https:\/\/eg-reeds.com\/es\/#organization","name":"www.eg-reeds.com","url":"https:\/\/eg-reeds.com\/es\/","logo":{"@type":"ImageObject","inLanguage":"es","@id":"https:\/\/eg-reeds.com\/es\/#\/schema\/logo\/image\/","url":"https:\/\/eg-reeds.com\/wp-content\/uploads\/2024\/06\/Logo-scaled-e1718793906611.jpg","contentUrl":"https:\/\/eg-reeds.com\/wp-content\/uploads\/2024\/06\/Logo-scaled-e1718793906611.jpg","width":1200,"height":493,"caption":"www.eg-reeds.com"},"image":{"@id":"https:\/\/eg-reeds.com\/es\/#\/schema\/logo\/image\/"},"sameAs":["https:\/\/www.facebook.com\/EGREEDS","https:\/\/x.com\/egreeds","https:\/\/www.instagram.com\/egreeds\/","https:\/\/www.youtube.com\/c\/EGREEDS","https:\/\/www.threads.net\/@egreeds","https:\/\/www.tiktok.com\/@egreeds"]}]},"og_availability":"instock","product_availability":"instock","product_retailer_item_id":"CPOB","product_condition":"new"},"_links":{"self":[{"href":"https:\/\/eg-reeds.com\/es\/wp-json\/wp\/v2\/product\/3037","targetHints":{"allow":["GET"]}}],"collection":[{"href":"https:\/\/eg-reeds.com\/es\/wp-json\/wp\/v2\/product"}],"about":[{"href":"https:\/\/eg-reeds.com\/es\/wp-json\/wp\/v2\/types\/product"}],"replies":[{"embeddable":true,"href":"https:\/\/eg-reeds.com\/es\/wp-json\/wp\/v2\/comments?post=3037"}],"wp:featuredmedia":[{"embeddable":true,"href":"https:\/\/eg-reeds.com\/es\/wp-json\/wp\/v2\/media\/22999"}],"wp:attachment":[{"href":"https:\/\/eg-reeds.com\/es\/wp-json\/wp\/v2\/media?parent=3037"}],"wp:term":[{"taxonomy":"product_brand","embeddable":true,"href":"https:\/\/eg-reeds.com\/es\/wp-json\/wp\/v2\/product_brand?post=3037"},{"taxonomy":"product_cat","embeddable":true,"href":"https:\/\/eg-reeds.com\/es\/wp-json\/wp\/v2\/product_cat?post=3037"},{"taxonomy":"product_tag","embeddable":true,"href":"https:\/\/eg-reeds.com\/es\/wp-json\/wp\/v2\/product_tag?post=3037"},{"taxonomy":"giftcard-category","embeddable":true,"href":"https:\/\/eg-reeds.com\/es\/wp-json\/wp\/v2\/giftcard-category?post=3037"}],"curies":[{"name":"wp","href":"https:\/\/api.w.org\/{rel}","templated":true}]}}