{"id":3041,"date":"2015-02-03T08:00:16","date_gmt":"2015-02-03T07:00:16","guid":{"rendered":"http:\/\/eg-reeds.com\/shop\/uncategorized\/cana-de-oboe-para-estudiante-nivel-intermedio\/"},"modified":"2025-05-29T05:50:32","modified_gmt":"2025-05-29T03:50:32","slug":"cana-oboe-estudiante-nivel-intermedio-eg-reeds","status":"publish","type":"product","link":"https:\/\/eg-reeds.com\/es\/shop\/canas-y-palas-estudiante\/cana-oboe-estudiante-nivel-intermedio-eg-reeds\/","title":{"rendered":"Ca\u00f1a oboe estudiante intermedio EG-REEDS"},"content":{"rendered":"<h1><b>Ca\u00f1a oboe estudiante intermedio EG-REEDS.<\/b><\/h1>\n<p class=\"\" data-start=\"299\" data-end=\"644\">Nuestras ca\u00f1as de oboe de estudiante de nivel intermedio est\u00e1n dise\u00f1adas para acompa\u00f1arte en esa etapa clave en la que t\u00e9cnica y expresi\u00f3n comienzan a ir de la mano. Fabricadas con los mismos materiales de alta calidad y el cuidado artesanal que aplicamos a nuestras ca\u00f1as profesionales. La densidad de la ca\u00f1a se selecciona cuidadosamente para estudiantes de nivel intermedio, brindando mayor flexibilidad y control para aquellos estudiantes que como t\u00fa buscan perfeccionar su t\u00e9cnica.<\/p>\n<p class=\"\" data-start=\"646\" data-end=\"857\">Seleccionamos cuidadosamente la densidad de cada ca\u00f1a para ofrecerte <strong data-start=\"715\" data-end=\"776\">mayor control, mejor respuesta y una emisi\u00f3n m\u00e1s flexible<\/strong>, ideal para desarrollar tu sonido personal y afrontar repertorios m\u00e1s exigentes.<\/p>\n<p>&nbsp;<\/p>\n<h2>\ud83c\udfaf \u00bfPara qui\u00e9n est\u00e1n recomendadas las ca\u00f1as de oboe de estudiante intermedio?<\/h2>\n<p data-start=\"859\" data-end=\"1146\">Las ca\u00f1as de oboe de estudiante intermedio est\u00e1n pensadas para estudiantes de oboe a partir de su tercer a\u00f1o tocando, hasta los primeros cursos de grado profesional. Aun as\u00ed, te recomendamos consultar siempre con tu profesor o profesora: nadie mejor que ellos para orientarte seg\u00fan tu nivel y estilo.<\/p>\n<ul>\n<li class=\"bullet-checkmark\" data-start=\"1185\" data-end=\"1457\"><strong data-start=\"1188\" data-end=\"1215\">Sonido equilibrado y afinado<\/strong>.<\/li>\n<li class=\"bullet-checkmark\" data-start=\"1185\" data-end=\"1457\"><strong data-start=\"1271\" data-end=\"1311\">Mayor control y facilidad de emisi\u00f3n<\/strong>.<\/li>\n<li class=\"bullet-checkmark\" data-start=\"1185\" data-end=\"1457\"><strong data-start=\"1359\" data-end=\"1401\">Calidad profesional a precio accesible<\/strong>.<\/li>\n<\/ul>\n<p>&nbsp;<\/p>\n<h2 data-start=\"1464\" data-end=\"1606\">Preguntas frecuentes sobre la ca\u00f1a de oboe de estudiante intermedio.<\/h2>\n<ul>\n<li data-start=\"295\" data-end=\"619\"><strong data-start=\"295\" data-end=\"345\">\u00a0\u00bfPara qu\u00e9 nivel est\u00e1 recomendada esta ca\u00f1a?<\/strong><br data-start=\"345\" data-end=\"348\" \/>Est\u00e1 dise\u00f1ada para estudiantes intermedios, generalmente a partir del tercer a\u00f1o tocando el oboe y hasta los primeros cursos de grado profesional. Aun as\u00ed, es importante que lo consultes con tu profesor o profesora para asegurarte de que es la m\u00e1s adecuada para tu nivel.<\/li>\n<li data-start=\"621\" data-end=\"930\"><strong data-start=\"621\" data-end=\"674\">\u00bfEn qu\u00e9 se diferencia de una ca\u00f1a profesional?<\/strong><br data-start=\"674\" data-end=\"677\" \/>Aunque comparte materiales y proceso artesanal con nuestras ca\u00f1as profesionales, esta versi\u00f3n tiene una <strong data-start=\"781\" data-end=\"812\">densidad de ca\u00f1a y una forma de la pala especiales<\/strong>\u00a0para facilitar el control, la articulaci\u00f3n y la emisi\u00f3n de los estudiantes de nivel intermedio.<\/li>\n<li data-start=\"932\" data-end=\"1096\"><strong data-start=\"932\" data-end=\"966\">\u00bfQu\u00e9 tipo de sonido ofrece?<\/strong><br data-start=\"966\" data-end=\"969\" \/>Ofrece un <strong data-start=\"979\" data-end=\"1019\">sonido afinado y equilibrado<\/strong>, con <strong>f\u00e1cil emisi\u00f3n<\/strong> ideal para estudiantes.<\/li>\n<li data-start=\"1098\" data-end=\"1389\"><strong data-start=\"1098\" data-end=\"1147\">\u00bfPuedo usar esta ca\u00f1a si soy principiante?<\/strong><br data-start=\"1147\" data-end=\"1150\" \/>No es lo m\u00e1s recomendable. Para estudiantes que est\u00e1n empezando, EG-REEDS te ofrece <strong><a href=\"https:\/\/eg-reeds.com\/es\/shop\/canas-y-palas-estudiante\/cana-oboe-estudiante-iniciacion-eg-reeds\/\" target=\"_blank\" rel=\"noopener\">ca\u00f1as de iniciaci\u00f3n<\/a><\/strong> con una resistencia m\u00e1s suave que facilita el aprendizaje inicial. Esta ca\u00f1a intermedia est\u00e1 pensada para quienes ya tienen una base.<\/li>\n<\/ul>\n<p class=\"\" data-start=\"1464\" data-end=\"1606\"><br data-start=\"1522\" data-end=\"1525\" \/><strong data-start=\"1525\" data-end=\"1606\">Hazte ya con tus ca\u00f1as de oboe EG-REEDS para estudiantes de nivel intermedio al mejor precio.<\/strong><\/p>\n<p data-start=\"1464\" data-end=\"1606\">\u00bfQuieres saber cu\u00e1l es la ca\u00f1a ideal para ti seg\u00fan tu nivel? Te dejamos este art\u00edculo de nuestro blog con toda la informaci\u00f3n sobre <strong><a href=\"https:\/\/eg-reeds.com\/es\/canas-de-oboe-la-cana-ideal-para-cada-etapa\/\" target=\"_blank\" rel=\"noopener\">la ca\u00f1a ideal para cada etapa<\/a><\/strong>.<\/p>\n","protected":false},"excerpt":{"rendered":"<p>1 unidad.<\/p>\n","protected":false},"featured_media":35911,"comment_status":"open","ping_status":"closed","template":"","meta":[],"product_brand":[],"product_cat":[500],"product_tag":[5043],"giftcard-category":[],"class_list":{"0":"post-3041","1":"product","2":"type-product","3":"status-publish","4":"has-post-thumbnail","6":"product_cat-canas-y-palas-estudiante","7":"product_tag-cana-oboe-estudiante-intermedio-eg-reeds","9":"first","10":"instock","11":"featured","12":"taxable","13":"shipping-taxable","14":"purchasable","15":"product-type-simple"},"yoast_head":"<!-- This site is optimized with the Yoast SEO Premium plugin v27.0 (Yoast SEO v27.2) - https:\/\/yoast.com\/product\/yoast-seo-premium-wordpress\/ -->\n<title>Ca\u00f1a oboe estudiante intermedio EG-REEDS - www.eg-reeds.com<\/title>\n<meta name=\"description\" content=\"Ca\u00f1a oboe estudiante intermedio EG-REEDS. Aqu\u00ed puedes comprar las mejores ca\u00f1as de oboe de estudiante al mejor precio, con la m\u00e1xima calidad de EG-REEDS.\" \/>\n<meta name=\"robots\" content=\"index, follow, max-snippet:-1, max-image-preview:large, max-video-preview:-1\" \/>\n<link rel=\"canonical\" href=\"https:\/\/eg-reeds.com\/es\/shop\/canas-y-palas-estudiante\/cana-oboe-estudiante-nivel-intermedio-eg-reeds\/\" \/>\n<meta property=\"og:locale\" content=\"es_ES\" \/>\n<meta property=\"og:type\" content=\"article\" \/>\n<meta property=\"og:title\" content=\"Ca\u00f1a oboe estudiante intermedio EG-REEDS\" \/>\n<meta property=\"og:description\" content=\"Ca\u00f1a oboe estudiante intermedio EG-REEDS. Aqu\u00ed puedes comprar las mejores ca\u00f1as de oboe de estudiante al mejor precio, con la m\u00e1xima calidad de EG-REEDS.\" \/>\n<meta property=\"og:url\" content=\"https:\/\/eg-reeds.com\/es\/shop\/canas-y-palas-estudiante\/cana-oboe-estudiante-nivel-intermedio-eg-reeds\/\" \/>\n<meta property=\"og:site_name\" content=\"www.eg-reeds.com\" \/>\n<meta property=\"article:publisher\" content=\"https:\/\/www.facebook.com\/EGREEDS\" \/>\n<meta property=\"article:modified_time\" content=\"2025-05-29T03:50:32+00:00\" \/>\n<meta property=\"og:image\" content=\"https:\/\/eg-reeds.com\/wp-content\/uploads\/2015\/02\/intermediate-oboe-reed-EG-REEDS.jpg\" \/>\n\t<meta property=\"og:image:width\" content=\"1280\" \/>\n\t<meta property=\"og:image:height\" content=\"1088\" \/>\n\t<meta property=\"og:image:type\" content=\"image\/jpeg\" \/>\n<meta name=\"twitter:card\" content=\"summary_large_image\" \/>\n<meta name=\"twitter:site\" content=\"@egreeds\" \/>\n<meta name=\"twitter:label1\" content=\"Precio\" \/>\n\t<meta name=\"twitter:data1\" content=\"14,50&euro;\" \/>\n\t<meta name=\"twitter:label2\" content=\"Disponibilidad\" \/>\n\t<meta name=\"twitter:data2\" content=\"Disponible\" \/>\n<script type=\"application\/ld+json\" class=\"yoast-schema-graph\">{\"@context\":\"https:\/\/schema.org\",\"@graph\":[{\"@type\":[\"WebPage\",\"ItemPage\"],\"@id\":\"https:\/\/eg-reeds.com\/es\/shop\/canas-y-palas-estudiante\/cana-oboe-estudiante-nivel-intermedio-eg-reeds\/\",\"url\":\"https:\/\/eg-reeds.com\/es\/shop\/canas-y-palas-estudiante\/cana-oboe-estudiante-nivel-intermedio-eg-reeds\/\",\"name\":\"Ca\u00f1a oboe estudiante intermedio EG-REEDS - www.eg-reeds.com\",\"isPartOf\":{\"@id\":\"https:\/\/eg-reeds.com\/es\/#website\"},\"primaryImageOfPage\":{\"@id\":\"https:\/\/eg-reeds.com\/es\/shop\/canas-y-palas-estudiante\/cana-oboe-estudiante-nivel-intermedio-eg-reeds\/#primaryimage\"},\"image\":{\"@id\":\"https:\/\/eg-reeds.com\/es\/shop\/canas-y-palas-estudiante\/cana-oboe-estudiante-nivel-intermedio-eg-reeds\/#primaryimage\"},\"thumbnailUrl\":\"https:\/\/eg-reeds.com\/wp-content\/uploads\/2015\/02\/intermediate-oboe-reed-EG-REEDS.jpg\",\"datePublished\":\"2015-02-03T07:00:16+00:00\",\"dateModified\":\"2025-05-29T03:50:32+00:00\",\"description\":\"Ca\u00f1a oboe estudiante intermedio EG-REEDS. Aqu\u00ed puedes comprar las mejores ca\u00f1as de oboe de estudiante al mejor precio, con la m\u00e1xima calidad de EG-REEDS.\",\"breadcrumb\":{\"@id\":\"https:\/\/eg-reeds.com\/es\/shop\/canas-y-palas-estudiante\/cana-oboe-estudiante-nivel-intermedio-eg-reeds\/#breadcrumb\"},\"inLanguage\":\"es\",\"potentialAction\":[{\"@type\":\"ReadAction\",\"target\":[\"https:\/\/eg-reeds.com\/es\/shop\/canas-y-palas-estudiante\/cana-oboe-estudiante-nivel-intermedio-eg-reeds\/\"]}]},{\"@type\":\"ImageObject\",\"inLanguage\":\"es\",\"@id\":\"https:\/\/eg-reeds.com\/es\/shop\/canas-y-palas-estudiante\/cana-oboe-estudiante-nivel-intermedio-eg-reeds\/#primaryimage\",\"url\":\"https:\/\/eg-reeds.com\/wp-content\/uploads\/2015\/02\/intermediate-oboe-reed-EG-REEDS.jpg\",\"contentUrl\":\"https:\/\/eg-reeds.com\/wp-content\/uploads\/2015\/02\/intermediate-oboe-reed-EG-REEDS.jpg\",\"width\":1280,\"height\":1088,\"caption\":\"Ca\u00f1a oboe estudiante intermedio EG-REEDS\"},{\"@type\":\"BreadcrumbList\",\"@id\":\"https:\/\/eg-reeds.com\/es\/shop\/canas-y-palas-estudiante\/cana-oboe-estudiante-nivel-intermedio-eg-reeds\/#breadcrumb\",\"itemListElement\":[{\"@type\":\"ListItem\",\"position\":1,\"name\":\"Inicio\",\"item\":\"https:\/\/eg-reeds.com\/es\/\"},{\"@type\":\"ListItem\",\"position\":2,\"name\":\"Tienda\",\"item\":\"https:\/\/eg-reeds.com\/es\/\"},{\"@type\":\"ListItem\",\"position\":3,\"name\":\"Ca\u00f1a oboe estudiante intermedio EG-REEDS\"}]},{\"@type\":\"WebSite\",\"@id\":\"https:\/\/eg-reeds.com\/es\/#website\",\"url\":\"https:\/\/eg-reeds.com\/es\/\",\"name\":\"www.eg-reeds.com\",\"description\":\"Ca\u00f1as oboe\",\"publisher\":{\"@id\":\"https:\/\/eg-reeds.com\/es\/#organization\"},\"alternateName\":\"eg-reeds.com\",\"potentialAction\":[{\"@type\":\"SearchAction\",\"target\":{\"@type\":\"EntryPoint\",\"urlTemplate\":\"https:\/\/eg-reeds.com\/es\/?s={search_term_string}\"},\"query-input\":{\"@type\":\"PropertyValueSpecification\",\"valueRequired\":true,\"valueName\":\"search_term_string\"}}],\"inLanguage\":\"es\"},{\"@type\":\"Organization\",\"@id\":\"https:\/\/eg-reeds.com\/es\/#organization\",\"name\":\"www.eg-reeds.com\",\"url\":\"https:\/\/eg-reeds.com\/es\/\",\"logo\":{\"@type\":\"ImageObject\",\"inLanguage\":\"es\",\"@id\":\"https:\/\/eg-reeds.com\/es\/#\/schema\/logo\/image\/\",\"url\":\"https:\/\/eg-reeds.com\/wp-content\/uploads\/2024\/06\/Logo-scaled-e1718793906611.jpg\",\"contentUrl\":\"https:\/\/eg-reeds.com\/wp-content\/uploads\/2024\/06\/Logo-scaled-e1718793906611.jpg\",\"width\":1200,\"height\":493,\"caption\":\"www.eg-reeds.com\"},\"image\":{\"@id\":\"https:\/\/eg-reeds.com\/es\/#\/schema\/logo\/image\/\"},\"sameAs\":[\"https:\/\/www.facebook.com\/EGREEDS\",\"https:\/\/x.com\/egreeds\",\"https:\/\/www.instagram.com\/egreeds\/\",\"https:\/\/www.youtube.com\/c\/EGREEDS\",\"https:\/\/www.threads.net\/@egreeds\",\"https:\/\/www.tiktok.com\/@egreeds\"]}]}<\/script>\n<meta property=\"product:price:amount\" content=\"14.50\" \/>\n<meta property=\"product:price:currency\" content=\"EUR\" \/>\n<meta property=\"og:availability\" content=\"instock\" \/>\n<meta property=\"product:availability\" content=\"instock\" \/>\n<meta property=\"product:retailer_item_id\" content=\"CEI\" \/>\n<meta property=\"product:condition\" content=\"new\" \/>\n<!-- \/ Yoast SEO Premium plugin. -->","yoast_head_json":{"title":"Ca\u00f1a oboe estudiante intermedio EG-REEDS - www.eg-reeds.com","description":"Ca\u00f1a oboe estudiante intermedio EG-REEDS. Aqu\u00ed puedes comprar las mejores ca\u00f1as de oboe de estudiante al mejor precio, con la m\u00e1xima calidad de EG-REEDS.","robots":{"index":"index","follow":"follow","max-snippet":"max-snippet:-1","max-image-preview":"max-image-preview:large","max-video-preview":"max-video-preview:-1"},"canonical":"https:\/\/eg-reeds.com\/es\/shop\/canas-y-palas-estudiante\/cana-oboe-estudiante-nivel-intermedio-eg-reeds\/","og_locale":"es_ES","og_type":"article","og_title":"Ca\u00f1a oboe estudiante intermedio EG-REEDS","og_description":"Ca\u00f1a oboe estudiante intermedio EG-REEDS. Aqu\u00ed puedes comprar las mejores ca\u00f1as de oboe de estudiante al mejor precio, con la m\u00e1xima calidad de EG-REEDS.","og_url":"https:\/\/eg-reeds.com\/es\/shop\/canas-y-palas-estudiante\/cana-oboe-estudiante-nivel-intermedio-eg-reeds\/","og_site_name":"www.eg-reeds.com","article_publisher":"https:\/\/www.facebook.com\/EGREEDS","article_modified_time":"2025-05-29T03:50:32+00:00","og_image":[{"width":1280,"height":1088,"url":"https:\/\/eg-reeds.com\/wp-content\/uploads\/2015\/02\/intermediate-oboe-reed-EG-REEDS.jpg","type":"image\/jpeg"}],"twitter_card":"summary_large_image","twitter_site":"@egreeds","twitter_misc":{"Precio":"14,50&euro;","Disponibilidad":"Disponible"},"schema":{"@context":"https:\/\/schema.org","@graph":[{"@type":["WebPage","ItemPage"],"@id":"https:\/\/eg-reeds.com\/es\/shop\/canas-y-palas-estudiante\/cana-oboe-estudiante-nivel-intermedio-eg-reeds\/","url":"https:\/\/eg-reeds.com\/es\/shop\/canas-y-palas-estudiante\/cana-oboe-estudiante-nivel-intermedio-eg-reeds\/","name":"Ca\u00f1a oboe estudiante intermedio EG-REEDS - www.eg-reeds.com","isPartOf":{"@id":"https:\/\/eg-reeds.com\/es\/#website"},"primaryImageOfPage":{"@id":"https:\/\/eg-reeds.com\/es\/shop\/canas-y-palas-estudiante\/cana-oboe-estudiante-nivel-intermedio-eg-reeds\/#primaryimage"},"image":{"@id":"https:\/\/eg-reeds.com\/es\/shop\/canas-y-palas-estudiante\/cana-oboe-estudiante-nivel-intermedio-eg-reeds\/#primaryimage"},"thumbnailUrl":"https:\/\/eg-reeds.com\/wp-content\/uploads\/2015\/02\/intermediate-oboe-reed-EG-REEDS.jpg","datePublished":"2015-02-03T07:00:16+00:00","dateModified":"2025-05-29T03:50:32+00:00","description":"Ca\u00f1a oboe estudiante intermedio EG-REEDS. Aqu\u00ed puedes comprar las mejores ca\u00f1as de oboe de estudiante al mejor precio, con la m\u00e1xima calidad de EG-REEDS.","breadcrumb":{"@id":"https:\/\/eg-reeds.com\/es\/shop\/canas-y-palas-estudiante\/cana-oboe-estudiante-nivel-intermedio-eg-reeds\/#breadcrumb"},"inLanguage":"es","potentialAction":[{"@type":"ReadAction","target":["https:\/\/eg-reeds.com\/es\/shop\/canas-y-palas-estudiante\/cana-oboe-estudiante-nivel-intermedio-eg-reeds\/"]}]},{"@type":"ImageObject","inLanguage":"es","@id":"https:\/\/eg-reeds.com\/es\/shop\/canas-y-palas-estudiante\/cana-oboe-estudiante-nivel-intermedio-eg-reeds\/#primaryimage","url":"https:\/\/eg-reeds.com\/wp-content\/uploads\/2015\/02\/intermediate-oboe-reed-EG-REEDS.jpg","contentUrl":"https:\/\/eg-reeds.com\/wp-content\/uploads\/2015\/02\/intermediate-oboe-reed-EG-REEDS.jpg","width":1280,"height":1088,"caption":"Ca\u00f1a oboe estudiante intermedio EG-REEDS"},{"@type":"BreadcrumbList","@id":"https:\/\/eg-reeds.com\/es\/shop\/canas-y-palas-estudiante\/cana-oboe-estudiante-nivel-intermedio-eg-reeds\/#breadcrumb","itemListElement":[{"@type":"ListItem","position":1,"name":"Inicio","item":"https:\/\/eg-reeds.com\/es\/"},{"@type":"ListItem","position":2,"name":"Tienda","item":"https:\/\/eg-reeds.com\/es\/"},{"@type":"ListItem","position":3,"name":"Ca\u00f1a oboe estudiante intermedio EG-REEDS"}]},{"@type":"WebSite","@id":"https:\/\/eg-reeds.com\/es\/#website","url":"https:\/\/eg-reeds.com\/es\/","name":"www.eg-reeds.com","description":"Ca\u00f1as oboe","publisher":{"@id":"https:\/\/eg-reeds.com\/es\/#organization"},"alternateName":"eg-reeds.com","potentialAction":[{"@type":"SearchAction","target":{"@type":"EntryPoint","urlTemplate":"https:\/\/eg-reeds.com\/es\/?s={search_term_string}"},"query-input":{"@type":"PropertyValueSpecification","valueRequired":true,"valueName":"search_term_string"}}],"inLanguage":"es"},{"@type":"Organization","@id":"https:\/\/eg-reeds.com\/es\/#organization","name":"www.eg-reeds.com","url":"https:\/\/eg-reeds.com\/es\/","logo":{"@type":"ImageObject","inLanguage":"es","@id":"https:\/\/eg-reeds.com\/es\/#\/schema\/logo\/image\/","url":"https:\/\/eg-reeds.com\/wp-content\/uploads\/2024\/06\/Logo-scaled-e1718793906611.jpg","contentUrl":"https:\/\/eg-reeds.com\/wp-content\/uploads\/2024\/06\/Logo-scaled-e1718793906611.jpg","width":1200,"height":493,"caption":"www.eg-reeds.com"},"image":{"@id":"https:\/\/eg-reeds.com\/es\/#\/schema\/logo\/image\/"},"sameAs":["https:\/\/www.facebook.com\/EGREEDS","https:\/\/x.com\/egreeds","https:\/\/www.instagram.com\/egreeds\/","https:\/\/www.youtube.com\/c\/EGREEDS","https:\/\/www.threads.net\/@egreeds","https:\/\/www.tiktok.com\/@egreeds"]}]},"product_price_amount":"14.50","product_price_currency":"EUR","og_availability":"instock","product_availability":"instock","product_retailer_item_id":"CEI","product_condition":"new"},"_links":{"self":[{"href":"https:\/\/eg-reeds.com\/es\/wp-json\/wp\/v2\/product\/3041","targetHints":{"allow":["GET"]}}],"collection":[{"href":"https:\/\/eg-reeds.com\/es\/wp-json\/wp\/v2\/product"}],"about":[{"href":"https:\/\/eg-reeds.com\/es\/wp-json\/wp\/v2\/types\/product"}],"replies":[{"embeddable":true,"href":"https:\/\/eg-reeds.com\/es\/wp-json\/wp\/v2\/comments?post=3041"}],"wp:featuredmedia":[{"embeddable":true,"href":"https:\/\/eg-reeds.com\/es\/wp-json\/wp\/v2\/media\/35911"}],"wp:attachment":[{"href":"https:\/\/eg-reeds.com\/es\/wp-json\/wp\/v2\/media?parent=3041"}],"wp:term":[{"taxonomy":"product_brand","embeddable":true,"href":"https:\/\/eg-reeds.com\/es\/wp-json\/wp\/v2\/product_brand?post=3041"},{"taxonomy":"product_cat","embeddable":true,"href":"https:\/\/eg-reeds.com\/es\/wp-json\/wp\/v2\/product_cat?post=3041"},{"taxonomy":"product_tag","embeddable":true,"href":"https:\/\/eg-reeds.com\/es\/wp-json\/wp\/v2\/product_tag?post=3041"},{"taxonomy":"giftcard-category","embeddable":true,"href":"https:\/\/eg-reeds.com\/es\/wp-json\/wp\/v2\/giftcard-category?post=3041"}],"curies":[{"name":"wp","href":"https:\/\/api.w.org\/{rel}","templated":true}]}}