{"id":3042,"date":"2015-02-03T09:01:09","date_gmt":"2015-02-03T08:01:09","guid":{"rendered":"http:\/\/eg-reeds.com\/shop\/uncategorized\/pala-gubiada-y-con-forma-para-estudiantes-10-unidades\/"},"modified":"2024-10-15T14:01:25","modified_gmt":"2024-10-15T12:01:25","slug":"palas-oboe-estudiante-con-forma-eg-reeds","status":"publish","type":"product","link":"https:\/\/eg-reeds.com\/es\/shop\/canas-y-palas-estudiante\/palas-oboe-estudiante-con-forma-eg-reeds\/","title":{"rendered":"Palas oboe estudiante con forma EG-REEDS"},"content":{"rendered":"<h1><strong>Palas oboe estudiante con forma EG-REEDS (10 unidades).<\/strong><\/h1>\n<p>Palas oboe estudiante con forma EG-REEDS. Ideales para estudiantes* y a un precio realmente barato. Aqu\u00ed puedes comprar las palas m\u00e1s baratas para aprender a hacer ca\u00f1as sin gastar mucho dinero.<\/p>\n<p>* Este producto puede contener diferentes formas, gubiados, di\u00e1metros, muchas manchas o piezas arrugadas. No apto para uso profesional. Si quieres palas para estudiantes para tocar, prueba nuestras <a href=\"https:\/\/eg-reeds.com\/es\/shop\/palas\/palas-oboe\/palas-oboe-con-forma-eg-reeds\/\" target=\"_blank\" rel=\"noopener noreferrer\">palas con forma profesionales<\/a> y selecciona dureza blanda.<\/p>\n<p>&nbsp;<\/p>\n<h2><strong>Palas oboe de estudiante, ideales para aprender a hacer ca\u00f1as al mejor precio.<\/strong><\/h2>\n<p><strong>\u00bfBuscas palas de oboe baratas para estudiantes?<\/strong> Las palas con forma EG-REEDS son la elecci\u00f3n perfecta para aquellos que est\u00e1n dando sus primeros pasos en el mundo del oboe. Dise\u00f1adas espec\u00edficamente para facilitar el aprendizaje, estas palas ofrecen una excelente relaci\u00f3n calidad-precio. Nuestro objetivo es proporcionarte palas asequibles que te permitan practicar y perfeccionar tus habilidades en la fabricaci\u00f3n de ca\u00f1as sin que tengas que realizar una gran inversi\u00f3n.<\/p>\n<p>En nuestra tienda, encontrar\u00e1s, adem\u00e1s, una amplia selecci\u00f3n de productos dise\u00f1ados para estudiantes.<\/p>\n<p>Con nuestras palas para estudiantes, podr\u00e1s experimentar y desarrollar tus habilidades sin preocuparte por el coste. \u00a1Compra hoy y empieza a crear tus propias ca\u00f1as de oboe de forma econ\u00f3mica y efectiva!<\/p>\n","protected":false},"excerpt":{"rendered":"<p>10 unidades.<\/p>\n<p>Ver descripci\u00f3n abajo.<\/p>\n","protected":false},"featured_media":4541,"comment_status":"closed","ping_status":"closed","template":"","meta":[],"product_brand":[],"product_cat":[500],"product_tag":[],"giftcard-category":[],"class_list":{"0":"post-3042","1":"product","2":"type-product","3":"status-publish","4":"has-post-thumbnail","6":"product_cat-canas-y-palas-estudiante","8":"first","9":"instock","10":"featured","11":"taxable","12":"shipping-taxable","13":"purchasable","14":"product-type-simple"},"yoast_head":"<!-- This site is optimized with the Yoast SEO Premium plugin v27.0 (Yoast SEO v27.4) - https:\/\/yoast.com\/product\/yoast-seo-premium-wordpress\/ -->\n<title>Palas oboe estudiante con forma EG-REEDS - www.eg-reeds.com<\/title>\n<meta name=\"description\" content=\"\u00bfBuscas palas de oboe baratas para estudiantes? Palas oboe estudiante con forma EG-REEDS. Palas baratas para aprender a hacer ca\u00f1as sin gastar mucho dinero.\" \/>\n<meta name=\"robots\" content=\"index, follow, max-snippet:-1, max-image-preview:large, max-video-preview:-1\" \/>\n<link rel=\"canonical\" href=\"https:\/\/eg-reeds.com\/es\/shop\/canas-y-palas-estudiante\/palas-oboe-estudiante-con-forma-eg-reeds\/\" \/>\n<meta property=\"og:locale\" content=\"es_ES\" \/>\n<meta property=\"og:type\" content=\"article\" \/>\n<meta property=\"og:title\" content=\"Palas oboe estudiante con forma EG-REEDS\" \/>\n<meta property=\"og:description\" content=\"\u00bfBuscas palas de oboe baratas para estudiantes? Palas oboe estudiante con forma EG-REEDS. Palas baratas para aprender a hacer ca\u00f1as sin gastar mucho dinero.\" \/>\n<meta property=\"og:url\" content=\"https:\/\/eg-reeds.com\/es\/shop\/canas-y-palas-estudiante\/palas-oboe-estudiante-con-forma-eg-reeds\/\" \/>\n<meta property=\"og:site_name\" content=\"www.eg-reeds.com\" \/>\n<meta property=\"article:publisher\" content=\"https:\/\/www.facebook.com\/EGREEDS\" \/>\n<meta property=\"article:modified_time\" content=\"2024-10-15T12:01:25+00:00\" \/>\n<meta property=\"og:image\" content=\"https:\/\/eg-reeds.com\/wp-content\/uploads\/2015\/02\/Student-Selection-Gouged-and-Shaped-Oboe-Cane-10-units.jpg\" \/>\n\t<meta property=\"og:image:width\" content=\"1280\" \/>\n\t<meta property=\"og:image:height\" content=\"854\" \/>\n\t<meta property=\"og:image:type\" content=\"image\/jpeg\" \/>\n<meta name=\"twitter:card\" content=\"summary_large_image\" \/>\n<meta name=\"twitter:site\" content=\"@egreeds\" \/>\n<meta name=\"twitter:label1\" content=\"Precio\" \/>\n\t<meta name=\"twitter:data1\" content=\"10,90&euro;\" \/>\n\t<meta name=\"twitter:label2\" content=\"Disponibilidad\" \/>\n\t<meta name=\"twitter:data2\" content=\"Disponible\" \/>\n<script type=\"application\/ld+json\" class=\"yoast-schema-graph\">{\"@context\":\"https:\\\/\\\/schema.org\",\"@graph\":[{\"@type\":[\"WebPage\",\"ItemPage\"],\"@id\":\"https:\\\/\\\/eg-reeds.com\\\/es\\\/shop\\\/canas-y-palas-estudiante\\\/palas-oboe-estudiante-con-forma-eg-reeds\\\/\",\"url\":\"https:\\\/\\\/eg-reeds.com\\\/es\\\/shop\\\/canas-y-palas-estudiante\\\/palas-oboe-estudiante-con-forma-eg-reeds\\\/\",\"name\":\"Palas oboe estudiante con forma EG-REEDS - www.eg-reeds.com\",\"isPartOf\":{\"@id\":\"https:\\\/\\\/eg-reeds.com\\\/es\\\/#website\"},\"primaryImageOfPage\":{\"@id\":\"https:\\\/\\\/eg-reeds.com\\\/es\\\/shop\\\/canas-y-palas-estudiante\\\/palas-oboe-estudiante-con-forma-eg-reeds\\\/#primaryimage\"},\"image\":{\"@id\":\"https:\\\/\\\/eg-reeds.com\\\/es\\\/shop\\\/canas-y-palas-estudiante\\\/palas-oboe-estudiante-con-forma-eg-reeds\\\/#primaryimage\"},\"thumbnailUrl\":\"https:\\\/\\\/eg-reeds.com\\\/wp-content\\\/uploads\\\/2015\\\/02\\\/Student-Selection-Gouged-and-Shaped-Oboe-Cane-10-units.jpg\",\"datePublished\":\"2015-02-03T08:01:09+00:00\",\"dateModified\":\"2024-10-15T12:01:25+00:00\",\"description\":\"\u00bfBuscas palas de oboe baratas para estudiantes? Palas oboe estudiante con forma EG-REEDS. Palas baratas para aprender a hacer ca\u00f1as sin gastar mucho dinero.\",\"breadcrumb\":{\"@id\":\"https:\\\/\\\/eg-reeds.com\\\/es\\\/shop\\\/canas-y-palas-estudiante\\\/palas-oboe-estudiante-con-forma-eg-reeds\\\/#breadcrumb\"},\"inLanguage\":\"es\",\"potentialAction\":[{\"@type\":\"ReadAction\",\"target\":[\"https:\\\/\\\/eg-reeds.com\\\/es\\\/shop\\\/canas-y-palas-estudiante\\\/palas-oboe-estudiante-con-forma-eg-reeds\\\/\"]}]},{\"@type\":\"ImageObject\",\"inLanguage\":\"es\",\"@id\":\"https:\\\/\\\/eg-reeds.com\\\/es\\\/shop\\\/canas-y-palas-estudiante\\\/palas-oboe-estudiante-con-forma-eg-reeds\\\/#primaryimage\",\"url\":\"https:\\\/\\\/eg-reeds.com\\\/wp-content\\\/uploads\\\/2015\\\/02\\\/Student-Selection-Gouged-and-Shaped-Oboe-Cane-10-units.jpg\",\"contentUrl\":\"https:\\\/\\\/eg-reeds.com\\\/wp-content\\\/uploads\\\/2015\\\/02\\\/Student-Selection-Gouged-and-Shaped-Oboe-Cane-10-units.jpg\",\"width\":1280,\"height\":854,\"caption\":\"Palas oboe estudiante baratas\"},{\"@type\":\"BreadcrumbList\",\"@id\":\"https:\\\/\\\/eg-reeds.com\\\/es\\\/shop\\\/canas-y-palas-estudiante\\\/palas-oboe-estudiante-con-forma-eg-reeds\\\/#breadcrumb\",\"itemListElement\":[{\"@type\":\"ListItem\",\"position\":1,\"name\":\"Inicio\",\"item\":\"https:\\\/\\\/eg-reeds.com\\\/es\\\/\"},{\"@type\":\"ListItem\",\"position\":2,\"name\":\"Tienda\",\"item\":\"https:\\\/\\\/eg-reeds.com\\\/es\\\/\"},{\"@type\":\"ListItem\",\"position\":3,\"name\":\"Palas oboe estudiante con forma EG-REEDS\"}]},{\"@type\":\"WebSite\",\"@id\":\"https:\\\/\\\/eg-reeds.com\\\/es\\\/#website\",\"url\":\"https:\\\/\\\/eg-reeds.com\\\/es\\\/\",\"name\":\"www.eg-reeds.com\",\"description\":\"Ca\u00f1as oboe\",\"publisher\":{\"@id\":\"https:\\\/\\\/eg-reeds.com\\\/es\\\/#organization\"},\"alternateName\":\"eg-reeds.com\",\"potentialAction\":[{\"@type\":\"SearchAction\",\"target\":{\"@type\":\"EntryPoint\",\"urlTemplate\":\"https:\\\/\\\/eg-reeds.com\\\/es\\\/?s={search_term_string}\"},\"query-input\":{\"@type\":\"PropertyValueSpecification\",\"valueRequired\":true,\"valueName\":\"search_term_string\"}}],\"inLanguage\":\"es\"},{\"@type\":\"Organization\",\"@id\":\"https:\\\/\\\/eg-reeds.com\\\/es\\\/#organization\",\"name\":\"www.eg-reeds.com\",\"url\":\"https:\\\/\\\/eg-reeds.com\\\/es\\\/\",\"logo\":{\"@type\":\"ImageObject\",\"inLanguage\":\"es\",\"@id\":\"https:\\\/\\\/eg-reeds.com\\\/es\\\/#\\\/schema\\\/logo\\\/image\\\/\",\"url\":\"https:\\\/\\\/eg-reeds.com\\\/wp-content\\\/uploads\\\/2024\\\/06\\\/Logo-scaled-e1718793906611.jpg\",\"contentUrl\":\"https:\\\/\\\/eg-reeds.com\\\/wp-content\\\/uploads\\\/2024\\\/06\\\/Logo-scaled-e1718793906611.jpg\",\"width\":1200,\"height\":493,\"caption\":\"www.eg-reeds.com\"},\"image\":{\"@id\":\"https:\\\/\\\/eg-reeds.com\\\/es\\\/#\\\/schema\\\/logo\\\/image\\\/\"},\"sameAs\":[\"https:\\\/\\\/www.facebook.com\\\/EGREEDS\",\"https:\\\/\\\/x.com\\\/egreeds\",\"https:\\\/\\\/www.instagram.com\\\/egreeds\\\/\",\"https:\\\/\\\/www.youtube.com\\\/c\\\/EGREEDS\",\"https:\\\/\\\/www.threads.net\\\/@egreeds\",\"https:\\\/\\\/www.tiktok.com\\\/@egreeds\"]}]}<\/script>\n<meta property=\"product:price:amount\" content=\"10.90\" \/>\n<meta property=\"product:price:currency\" content=\"EUR\" \/>\n<meta property=\"og:availability\" content=\"instock\" \/>\n<meta property=\"product:availability\" content=\"instock\" \/>\n<meta property=\"product:retailer_item_id\" content=\"CEP\" \/>\n<meta property=\"product:condition\" content=\"new\" \/>\n<!-- \/ Yoast SEO Premium plugin. -->","yoast_head_json":{"title":"Palas oboe estudiante con forma EG-REEDS - www.eg-reeds.com","description":"\u00bfBuscas palas de oboe baratas para estudiantes? Palas oboe estudiante con forma EG-REEDS. Palas baratas para aprender a hacer ca\u00f1as sin gastar mucho dinero.","robots":{"index":"index","follow":"follow","max-snippet":"max-snippet:-1","max-image-preview":"max-image-preview:large","max-video-preview":"max-video-preview:-1"},"canonical":"https:\/\/eg-reeds.com\/es\/shop\/canas-y-palas-estudiante\/palas-oboe-estudiante-con-forma-eg-reeds\/","og_locale":"es_ES","og_type":"article","og_title":"Palas oboe estudiante con forma EG-REEDS","og_description":"\u00bfBuscas palas de oboe baratas para estudiantes? Palas oboe estudiante con forma EG-REEDS. Palas baratas para aprender a hacer ca\u00f1as sin gastar mucho dinero.","og_url":"https:\/\/eg-reeds.com\/es\/shop\/canas-y-palas-estudiante\/palas-oboe-estudiante-con-forma-eg-reeds\/","og_site_name":"www.eg-reeds.com","article_publisher":"https:\/\/www.facebook.com\/EGREEDS","article_modified_time":"2024-10-15T12:01:25+00:00","og_image":[{"width":1280,"height":854,"url":"https:\/\/eg-reeds.com\/wp-content\/uploads\/2015\/02\/Student-Selection-Gouged-and-Shaped-Oboe-Cane-10-units.jpg","type":"image\/jpeg"}],"twitter_card":"summary_large_image","twitter_site":"@egreeds","twitter_misc":{"Precio":"10,90&euro;","Disponibilidad":"Disponible"},"schema":{"@context":"https:\/\/schema.org","@graph":[{"@type":["WebPage","ItemPage"],"@id":"https:\/\/eg-reeds.com\/es\/shop\/canas-y-palas-estudiante\/palas-oboe-estudiante-con-forma-eg-reeds\/","url":"https:\/\/eg-reeds.com\/es\/shop\/canas-y-palas-estudiante\/palas-oboe-estudiante-con-forma-eg-reeds\/","name":"Palas oboe estudiante con forma EG-REEDS - www.eg-reeds.com","isPartOf":{"@id":"https:\/\/eg-reeds.com\/es\/#website"},"primaryImageOfPage":{"@id":"https:\/\/eg-reeds.com\/es\/shop\/canas-y-palas-estudiante\/palas-oboe-estudiante-con-forma-eg-reeds\/#primaryimage"},"image":{"@id":"https:\/\/eg-reeds.com\/es\/shop\/canas-y-palas-estudiante\/palas-oboe-estudiante-con-forma-eg-reeds\/#primaryimage"},"thumbnailUrl":"https:\/\/eg-reeds.com\/wp-content\/uploads\/2015\/02\/Student-Selection-Gouged-and-Shaped-Oboe-Cane-10-units.jpg","datePublished":"2015-02-03T08:01:09+00:00","dateModified":"2024-10-15T12:01:25+00:00","description":"\u00bfBuscas palas de oboe baratas para estudiantes? Palas oboe estudiante con forma EG-REEDS. Palas baratas para aprender a hacer ca\u00f1as sin gastar mucho dinero.","breadcrumb":{"@id":"https:\/\/eg-reeds.com\/es\/shop\/canas-y-palas-estudiante\/palas-oboe-estudiante-con-forma-eg-reeds\/#breadcrumb"},"inLanguage":"es","potentialAction":[{"@type":"ReadAction","target":["https:\/\/eg-reeds.com\/es\/shop\/canas-y-palas-estudiante\/palas-oboe-estudiante-con-forma-eg-reeds\/"]}]},{"@type":"ImageObject","inLanguage":"es","@id":"https:\/\/eg-reeds.com\/es\/shop\/canas-y-palas-estudiante\/palas-oboe-estudiante-con-forma-eg-reeds\/#primaryimage","url":"https:\/\/eg-reeds.com\/wp-content\/uploads\/2015\/02\/Student-Selection-Gouged-and-Shaped-Oboe-Cane-10-units.jpg","contentUrl":"https:\/\/eg-reeds.com\/wp-content\/uploads\/2015\/02\/Student-Selection-Gouged-and-Shaped-Oboe-Cane-10-units.jpg","width":1280,"height":854,"caption":"Palas oboe estudiante baratas"},{"@type":"BreadcrumbList","@id":"https:\/\/eg-reeds.com\/es\/shop\/canas-y-palas-estudiante\/palas-oboe-estudiante-con-forma-eg-reeds\/#breadcrumb","itemListElement":[{"@type":"ListItem","position":1,"name":"Inicio","item":"https:\/\/eg-reeds.com\/es\/"},{"@type":"ListItem","position":2,"name":"Tienda","item":"https:\/\/eg-reeds.com\/es\/"},{"@type":"ListItem","position":3,"name":"Palas oboe estudiante con forma EG-REEDS"}]},{"@type":"WebSite","@id":"https:\/\/eg-reeds.com\/es\/#website","url":"https:\/\/eg-reeds.com\/es\/","name":"www.eg-reeds.com","description":"Ca\u00f1as oboe","publisher":{"@id":"https:\/\/eg-reeds.com\/es\/#organization"},"alternateName":"eg-reeds.com","potentialAction":[{"@type":"SearchAction","target":{"@type":"EntryPoint","urlTemplate":"https:\/\/eg-reeds.com\/es\/?s={search_term_string}"},"query-input":{"@type":"PropertyValueSpecification","valueRequired":true,"valueName":"search_term_string"}}],"inLanguage":"es"},{"@type":"Organization","@id":"https:\/\/eg-reeds.com\/es\/#organization","name":"www.eg-reeds.com","url":"https:\/\/eg-reeds.com\/es\/","logo":{"@type":"ImageObject","inLanguage":"es","@id":"https:\/\/eg-reeds.com\/es\/#\/schema\/logo\/image\/","url":"https:\/\/eg-reeds.com\/wp-content\/uploads\/2024\/06\/Logo-scaled-e1718793906611.jpg","contentUrl":"https:\/\/eg-reeds.com\/wp-content\/uploads\/2024\/06\/Logo-scaled-e1718793906611.jpg","width":1200,"height":493,"caption":"www.eg-reeds.com"},"image":{"@id":"https:\/\/eg-reeds.com\/es\/#\/schema\/logo\/image\/"},"sameAs":["https:\/\/www.facebook.com\/EGREEDS","https:\/\/x.com\/egreeds","https:\/\/www.instagram.com\/egreeds\/","https:\/\/www.youtube.com\/c\/EGREEDS","https:\/\/www.threads.net\/@egreeds","https:\/\/www.tiktok.com\/@egreeds"]}]},"product_price_amount":"10.90","product_price_currency":"EUR","og_availability":"instock","product_availability":"instock","product_retailer_item_id":"CEP","product_condition":"new"},"_links":{"self":[{"href":"https:\/\/eg-reeds.com\/es\/wp-json\/wp\/v2\/product\/3042","targetHints":{"allow":["GET"]}}],"collection":[{"href":"https:\/\/eg-reeds.com\/es\/wp-json\/wp\/v2\/product"}],"about":[{"href":"https:\/\/eg-reeds.com\/es\/wp-json\/wp\/v2\/types\/product"}],"replies":[{"embeddable":true,"href":"https:\/\/eg-reeds.com\/es\/wp-json\/wp\/v2\/comments?post=3042"}],"wp:featuredmedia":[{"embeddable":true,"href":"https:\/\/eg-reeds.com\/es\/wp-json\/wp\/v2\/media\/4541"}],"wp:attachment":[{"href":"https:\/\/eg-reeds.com\/es\/wp-json\/wp\/v2\/media?parent=3042"}],"wp:term":[{"taxonomy":"product_brand","embeddable":true,"href":"https:\/\/eg-reeds.com\/es\/wp-json\/wp\/v2\/product_brand?post=3042"},{"taxonomy":"product_cat","embeddable":true,"href":"https:\/\/eg-reeds.com\/es\/wp-json\/wp\/v2\/product_cat?post=3042"},{"taxonomy":"product_tag","embeddable":true,"href":"https:\/\/eg-reeds.com\/es\/wp-json\/wp\/v2\/product_tag?post=3042"},{"taxonomy":"giftcard-category","embeddable":true,"href":"https:\/\/eg-reeds.com\/es\/wp-json\/wp\/v2\/giftcard-category?post=3042"}],"curies":[{"name":"wp","href":"https:\/\/api.w.org\/{rel}","templated":true}]}}