{"id":3047,"date":"2015-02-24T12:20:42","date_gmt":"2015-02-24T11:20:42","guid":{"rendered":"http:\/\/eg-reeds.com\/shop\/uncategorized\/cana-de-oboe-para-estudiantes-nivel-basico\/"},"modified":"2025-09-23T10:18:02","modified_gmt":"2025-09-23T08:18:02","slug":"cana-oboe-estudiante-iniciacion-eg-reeds","status":"publish","type":"product","link":"https:\/\/eg-reeds.com\/es\/shop\/canas-y-palas-estudiante\/cana-oboe-estudiante-iniciacion-eg-reeds\/","title":{"rendered":"Ca\u00f1a oboe estudiante iniciaci\u00f3n EG-REEDS"},"content":{"rendered":"<h1><b>Ca\u00f1a oboe estudiante iniciaci\u00f3n EG-REEDS.<\/b><\/h1>\n<p>Ca\u00f1a oboe estudiante iniciaci\u00f3n EG-REEDS. Comprar ca\u00f1as de oboe baratas para estudiantes y de la m\u00e1xima calidad nunca fue tan f\u00e1cil. Fabricadas con el mismo material de nuestras ca\u00f1as profesionales, las ca\u00f1as de oboe de estudiante iniciaci\u00f3n, est\u00e1n especialmente dise\u00f1adas para principiantes que dan sus primeros pasos en el mundo del oboe.<\/p>\n<p>Seleccionamos cuidadosamente la densidad de cada ca\u00f1a para adaptarla a las necesidades espec\u00edficas de los estudiantes principiantes, garantizando una facilidad de emisi\u00f3n \u00f3ptima. Esto facilita la experiencia de aprendizaje del oboe a los estudiantes que est\u00e1n comenzando en este apasionante instrumento. Adem\u00e1s, nuestras ca\u00f1as para oboe de iniciaci\u00f3n est\u00e1n disponibles al mejor precio, ofreciendo una opci\u00f3n asequible para los estudiantes y sus padres.<\/p>\n<p>Recomendamos nuestras ca\u00f1as de oboe para estudiantes de iniciaci\u00f3n durante los primeros 3 a\u00f1os de pr\u00e1ctica del oboe. Sin embargo, siempre es importante seguir el consejo personalizado del profesor de m\u00fasica, quien puede proporcionar recomendaciones m\u00e1s adaptadas a las necesidades individuales de cada estudiante.<\/p>\n<p>Con EG-REEDS, puedes confiar en que est\u00e1s adquiriendo ca\u00f1as de oboe a bajo precio, pero de calidad excepcional. Especialmente dise\u00f1adas para ayudar a los estudiantes a alcanzar su m\u00e1ximo potencial musical desde el principio. \u00a1Hazte con tus ca\u00f1as para oboe de iniciaci\u00f3n hoy mismo y comienza tu viaje musical con EG-REEDS!<\/p>\n<p data-sourcepos=\"7:1-7:20\"><strong>Caracter\u00edsticas:<\/strong><\/p>\n<ul data-sourcepos=\"15:1-18:0\">\n<li data-sourcepos=\"9:1-9:112\"><strong>Densidad de la ca\u00f1a cuidadosamente seleccionada<\/strong> para facilitar la emisi\u00f3n y la producci\u00f3n de notas claras.<\/li>\n<li data-sourcepos=\"10:1-10:66\"><strong>Dise\u00f1o especialmente adaptado<\/strong> que permite un mejor control y articulaci\u00f3n.<\/li>\n<li data-sourcepos=\"15:1-15:58\"><strong>Facilita el aprendizaje<\/strong> del oboe desde el principio.<\/li>\n<li data-sourcepos=\"16:1-16:79\"><strong>Permite a los estudiantes<\/strong> enfocarse en la t\u00e9cnica.<\/li>\n<li data-sourcepos=\"17:1-18:0\"><strong>Ofrece una excelente relaci\u00f3n calidad-precio.<\/strong><\/li>\n<\/ul>\n<p><iframe loading=\"lazy\" title=\"Ca\u00f1a oboe iniciaci\u00f3n \/ Beginner oboe reed EG-REEDS\" width=\"563\" height=\"1000\" src=\"https:\/\/www.youtube.com\/embed\/jQrKLGNkaQg?feature=oembed\" frameborder=\"0\" allow=\"accelerometer; autoplay; clipboard-write; encrypted-media; gyroscope; picture-in-picture; web-share\" referrerpolicy=\"strict-origin-when-cross-origin\" allowfullscreen><\/iframe><\/p>\n","protected":false},"excerpt":{"rendered":"<p>1 unidad.<\/p>\n","protected":false},"featured_media":35944,"comment_status":"open","ping_status":"closed","template":"","meta":[],"product_brand":[],"product_cat":[500],"product_tag":[],"giftcard-category":[],"class_list":{"0":"post-3047","1":"product","2":"type-product","3":"status-publish","4":"has-post-thumbnail","6":"product_cat-canas-y-palas-estudiante","8":"first","9":"instock","10":"featured","11":"taxable","12":"shipping-taxable","13":"purchasable","14":"product-type-simple"},"yoast_head":"<!-- This site is optimized with the Yoast SEO Premium plugin v27.0 (Yoast SEO v27.4) - https:\/\/yoast.com\/product\/yoast-seo-premium-wordpress\/ -->\n<title>Ca\u00f1a oboe estudiante iniciaci\u00f3n EG-REEDS - www.eg-reeds.com<\/title>\n<meta name=\"description\" content=\"Ca\u00f1a oboe estudiante iniciaci\u00f3n EG-REEDS. La ca\u00f1a ideal para estudiantes que empiezan con el oboe, al mejor precio. Ca\u00f1as baratas para principiantes.\" \/>\n<meta name=\"robots\" content=\"index, follow, max-snippet:-1, max-image-preview:large, max-video-preview:-1\" \/>\n<link rel=\"canonical\" href=\"https:\/\/eg-reeds.com\/es\/shop\/canas-y-palas-estudiante\/cana-oboe-estudiante-iniciacion-eg-reeds\/\" \/>\n<meta property=\"og:locale\" content=\"es_ES\" \/>\n<meta property=\"og:type\" content=\"article\" \/>\n<meta property=\"og:title\" content=\"Ca\u00f1a oboe estudiante iniciaci\u00f3n EG-REEDS\" \/>\n<meta property=\"og:description\" content=\"Ca\u00f1a oboe estudiante iniciaci\u00f3n EG-REEDS. La ca\u00f1a ideal para estudiantes que empiezan con el oboe, al mejor precio. Ca\u00f1as baratas para principiantes.\" \/>\n<meta property=\"og:url\" content=\"https:\/\/eg-reeds.com\/es\/shop\/canas-y-palas-estudiante\/cana-oboe-estudiante-iniciacion-eg-reeds\/\" \/>\n<meta property=\"og:site_name\" content=\"www.eg-reeds.com\" \/>\n<meta property=\"article:publisher\" content=\"https:\/\/www.facebook.com\/EGREEDS\" \/>\n<meta property=\"article:modified_time\" content=\"2025-09-23T08:18:02+00:00\" \/>\n<meta property=\"og:image\" content=\"https:\/\/eg-reeds.com\/wp-content\/uploads\/2015\/02\/Beginner-oboe-reed-.jpg\" \/>\n\t<meta property=\"og:image:width\" content=\"640\" \/>\n\t<meta property=\"og:image:height\" content=\"544\" \/>\n\t<meta property=\"og:image:type\" content=\"image\/jpeg\" \/>\n<meta name=\"twitter:card\" content=\"summary_large_image\" \/>\n<meta name=\"twitter:image\" content=\"http:\/\/eg-reeds.com\/wp-content\/uploads\/2015\/02\/Beginner-oboe-reed-.jpg\" \/>\n<meta name=\"twitter:site\" content=\"@egreeds\" \/>\n<meta name=\"twitter:label1\" content=\"Precio\" \/>\n\t<meta name=\"twitter:data1\" content=\"11,50&euro;\" \/>\n\t<meta name=\"twitter:label2\" content=\"Disponibilidad\" \/>\n\t<meta name=\"twitter:data2\" content=\"Disponible\" \/>\n<script type=\"application\/ld+json\" class=\"yoast-schema-graph\">{\"@context\":\"https:\\\/\\\/schema.org\",\"@graph\":[{\"@type\":[\"WebPage\",\"ItemPage\"],\"@id\":\"https:\\\/\\\/eg-reeds.com\\\/es\\\/shop\\\/canas-y-palas-estudiante\\\/cana-oboe-estudiante-iniciacion-eg-reeds\\\/\",\"url\":\"https:\\\/\\\/eg-reeds.com\\\/es\\\/shop\\\/canas-y-palas-estudiante\\\/cana-oboe-estudiante-iniciacion-eg-reeds\\\/\",\"name\":\"Ca\u00f1a oboe estudiante iniciaci\u00f3n EG-REEDS - www.eg-reeds.com\",\"isPartOf\":{\"@id\":\"https:\\\/\\\/eg-reeds.com\\\/es\\\/#website\"},\"primaryImageOfPage\":{\"@id\":\"https:\\\/\\\/eg-reeds.com\\\/es\\\/shop\\\/canas-y-palas-estudiante\\\/cana-oboe-estudiante-iniciacion-eg-reeds\\\/#primaryimage\"},\"image\":{\"@id\":\"https:\\\/\\\/eg-reeds.com\\\/es\\\/shop\\\/canas-y-palas-estudiante\\\/cana-oboe-estudiante-iniciacion-eg-reeds\\\/#primaryimage\"},\"thumbnailUrl\":\"https:\\\/\\\/eg-reeds.com\\\/wp-content\\\/uploads\\\/2015\\\/02\\\/Beginner-oboe-reed-eg-reeds.jpg\",\"datePublished\":\"2015-02-24T11:20:42+00:00\",\"dateModified\":\"2025-09-23T08:18:02+00:00\",\"description\":\"Ca\u00f1a oboe estudiante iniciaci\u00f3n EG-REEDS. La ca\u00f1a ideal para estudiantes que empiezan con el oboe, al mejor precio. Ca\u00f1as baratas para principiantes.\",\"breadcrumb\":{\"@id\":\"https:\\\/\\\/eg-reeds.com\\\/es\\\/shop\\\/canas-y-palas-estudiante\\\/cana-oboe-estudiante-iniciacion-eg-reeds\\\/#breadcrumb\"},\"inLanguage\":\"es\",\"potentialAction\":[{\"@type\":\"ReadAction\",\"target\":[\"https:\\\/\\\/eg-reeds.com\\\/es\\\/shop\\\/canas-y-palas-estudiante\\\/cana-oboe-estudiante-iniciacion-eg-reeds\\\/\"]}]},{\"@type\":\"ImageObject\",\"inLanguage\":\"es\",\"@id\":\"https:\\\/\\\/eg-reeds.com\\\/es\\\/shop\\\/canas-y-palas-estudiante\\\/cana-oboe-estudiante-iniciacion-eg-reeds\\\/#primaryimage\",\"url\":\"https:\\\/\\\/eg-reeds.com\\\/wp-content\\\/uploads\\\/2015\\\/02\\\/Beginner-oboe-reed-eg-reeds.jpg\",\"contentUrl\":\"https:\\\/\\\/eg-reeds.com\\\/wp-content\\\/uploads\\\/2015\\\/02\\\/Beginner-oboe-reed-eg-reeds.jpg\",\"width\":1280,\"height\":1088,\"caption\":\"Ca\u00f1a oboe estudiante iniciaci\u00f3n EG-REEDS\"},{\"@type\":\"BreadcrumbList\",\"@id\":\"https:\\\/\\\/eg-reeds.com\\\/es\\\/shop\\\/canas-y-palas-estudiante\\\/cana-oboe-estudiante-iniciacion-eg-reeds\\\/#breadcrumb\",\"itemListElement\":[{\"@type\":\"ListItem\",\"position\":1,\"name\":\"Inicio\",\"item\":\"https:\\\/\\\/eg-reeds.com\\\/es\\\/\"},{\"@type\":\"ListItem\",\"position\":2,\"name\":\"Tienda\",\"item\":\"https:\\\/\\\/eg-reeds.com\\\/es\\\/\"},{\"@type\":\"ListItem\",\"position\":3,\"name\":\"Ca\u00f1a oboe estudiante iniciaci\u00f3n EG-REEDS\"}]},{\"@type\":\"WebSite\",\"@id\":\"https:\\\/\\\/eg-reeds.com\\\/es\\\/#website\",\"url\":\"https:\\\/\\\/eg-reeds.com\\\/es\\\/\",\"name\":\"www.eg-reeds.com\",\"description\":\"Ca\u00f1as oboe\",\"publisher\":{\"@id\":\"https:\\\/\\\/eg-reeds.com\\\/es\\\/#organization\"},\"alternateName\":\"eg-reeds.com\",\"potentialAction\":[{\"@type\":\"SearchAction\",\"target\":{\"@type\":\"EntryPoint\",\"urlTemplate\":\"https:\\\/\\\/eg-reeds.com\\\/es\\\/?s={search_term_string}\"},\"query-input\":{\"@type\":\"PropertyValueSpecification\",\"valueRequired\":true,\"valueName\":\"search_term_string\"}}],\"inLanguage\":\"es\"},{\"@type\":\"Organization\",\"@id\":\"https:\\\/\\\/eg-reeds.com\\\/es\\\/#organization\",\"name\":\"www.eg-reeds.com\",\"url\":\"https:\\\/\\\/eg-reeds.com\\\/es\\\/\",\"logo\":{\"@type\":\"ImageObject\",\"inLanguage\":\"es\",\"@id\":\"https:\\\/\\\/eg-reeds.com\\\/es\\\/#\\\/schema\\\/logo\\\/image\\\/\",\"url\":\"https:\\\/\\\/eg-reeds.com\\\/wp-content\\\/uploads\\\/2024\\\/06\\\/Logo-scaled-e1718793906611.jpg\",\"contentUrl\":\"https:\\\/\\\/eg-reeds.com\\\/wp-content\\\/uploads\\\/2024\\\/06\\\/Logo-scaled-e1718793906611.jpg\",\"width\":1200,\"height\":493,\"caption\":\"www.eg-reeds.com\"},\"image\":{\"@id\":\"https:\\\/\\\/eg-reeds.com\\\/es\\\/#\\\/schema\\\/logo\\\/image\\\/\"},\"sameAs\":[\"https:\\\/\\\/www.facebook.com\\\/EGREEDS\",\"https:\\\/\\\/x.com\\\/egreeds\",\"https:\\\/\\\/www.instagram.com\\\/egreeds\\\/\",\"https:\\\/\\\/www.youtube.com\\\/c\\\/EGREEDS\",\"https:\\\/\\\/www.threads.net\\\/@egreeds\",\"https:\\\/\\\/www.tiktok.com\\\/@egreeds\"]}]}<\/script>\n<meta property=\"product:price:amount\" content=\"11.50\" \/>\n<meta property=\"product:price:currency\" content=\"EUR\" \/>\n<meta property=\"og:availability\" content=\"instock\" \/>\n<meta property=\"product:availability\" content=\"instock\" \/>\n<meta property=\"product:retailer_item_id\" content=\"CEB\" \/>\n<meta property=\"product:condition\" content=\"new\" \/>\n<!-- \/ Yoast SEO Premium plugin. -->","yoast_head_json":{"title":"Ca\u00f1a oboe estudiante iniciaci\u00f3n EG-REEDS - www.eg-reeds.com","description":"Ca\u00f1a oboe estudiante iniciaci\u00f3n EG-REEDS. La ca\u00f1a ideal para estudiantes que empiezan con el oboe, al mejor precio. Ca\u00f1as baratas para principiantes.","robots":{"index":"index","follow":"follow","max-snippet":"max-snippet:-1","max-image-preview":"max-image-preview:large","max-video-preview":"max-video-preview:-1"},"canonical":"https:\/\/eg-reeds.com\/es\/shop\/canas-y-palas-estudiante\/cana-oboe-estudiante-iniciacion-eg-reeds\/","og_locale":"es_ES","og_type":"article","og_title":"Ca\u00f1a oboe estudiante iniciaci\u00f3n EG-REEDS","og_description":"Ca\u00f1a oboe estudiante iniciaci\u00f3n EG-REEDS. La ca\u00f1a ideal para estudiantes que empiezan con el oboe, al mejor precio. Ca\u00f1as baratas para principiantes.","og_url":"https:\/\/eg-reeds.com\/es\/shop\/canas-y-palas-estudiante\/cana-oboe-estudiante-iniciacion-eg-reeds\/","og_site_name":"www.eg-reeds.com","article_publisher":"https:\/\/www.facebook.com\/EGREEDS","article_modified_time":"2025-09-23T08:18:02+00:00","og_image":[{"width":640,"height":544,"url":"https:\/\/eg-reeds.com\/wp-content\/uploads\/2015\/02\/Beginner-oboe-reed-.jpg","type":"image\/jpeg"}],"twitter_card":"summary_large_image","twitter_image":"http:\/\/eg-reeds.com\/wp-content\/uploads\/2015\/02\/Beginner-oboe-reed-.jpg","twitter_site":"@egreeds","twitter_misc":{"Precio":"11,50&euro;","Disponibilidad":"Disponible"},"schema":{"@context":"https:\/\/schema.org","@graph":[{"@type":["WebPage","ItemPage"],"@id":"https:\/\/eg-reeds.com\/es\/shop\/canas-y-palas-estudiante\/cana-oboe-estudiante-iniciacion-eg-reeds\/","url":"https:\/\/eg-reeds.com\/es\/shop\/canas-y-palas-estudiante\/cana-oboe-estudiante-iniciacion-eg-reeds\/","name":"Ca\u00f1a oboe estudiante iniciaci\u00f3n EG-REEDS - www.eg-reeds.com","isPartOf":{"@id":"https:\/\/eg-reeds.com\/es\/#website"},"primaryImageOfPage":{"@id":"https:\/\/eg-reeds.com\/es\/shop\/canas-y-palas-estudiante\/cana-oboe-estudiante-iniciacion-eg-reeds\/#primaryimage"},"image":{"@id":"https:\/\/eg-reeds.com\/es\/shop\/canas-y-palas-estudiante\/cana-oboe-estudiante-iniciacion-eg-reeds\/#primaryimage"},"thumbnailUrl":"https:\/\/eg-reeds.com\/wp-content\/uploads\/2015\/02\/Beginner-oboe-reed-eg-reeds.jpg","datePublished":"2015-02-24T11:20:42+00:00","dateModified":"2025-09-23T08:18:02+00:00","description":"Ca\u00f1a oboe estudiante iniciaci\u00f3n EG-REEDS. La ca\u00f1a ideal para estudiantes que empiezan con el oboe, al mejor precio. Ca\u00f1as baratas para principiantes.","breadcrumb":{"@id":"https:\/\/eg-reeds.com\/es\/shop\/canas-y-palas-estudiante\/cana-oboe-estudiante-iniciacion-eg-reeds\/#breadcrumb"},"inLanguage":"es","potentialAction":[{"@type":"ReadAction","target":["https:\/\/eg-reeds.com\/es\/shop\/canas-y-palas-estudiante\/cana-oboe-estudiante-iniciacion-eg-reeds\/"]}]},{"@type":"ImageObject","inLanguage":"es","@id":"https:\/\/eg-reeds.com\/es\/shop\/canas-y-palas-estudiante\/cana-oboe-estudiante-iniciacion-eg-reeds\/#primaryimage","url":"https:\/\/eg-reeds.com\/wp-content\/uploads\/2015\/02\/Beginner-oboe-reed-eg-reeds.jpg","contentUrl":"https:\/\/eg-reeds.com\/wp-content\/uploads\/2015\/02\/Beginner-oboe-reed-eg-reeds.jpg","width":1280,"height":1088,"caption":"Ca\u00f1a oboe estudiante iniciaci\u00f3n EG-REEDS"},{"@type":"BreadcrumbList","@id":"https:\/\/eg-reeds.com\/es\/shop\/canas-y-palas-estudiante\/cana-oboe-estudiante-iniciacion-eg-reeds\/#breadcrumb","itemListElement":[{"@type":"ListItem","position":1,"name":"Inicio","item":"https:\/\/eg-reeds.com\/es\/"},{"@type":"ListItem","position":2,"name":"Tienda","item":"https:\/\/eg-reeds.com\/es\/"},{"@type":"ListItem","position":3,"name":"Ca\u00f1a oboe estudiante iniciaci\u00f3n EG-REEDS"}]},{"@type":"WebSite","@id":"https:\/\/eg-reeds.com\/es\/#website","url":"https:\/\/eg-reeds.com\/es\/","name":"www.eg-reeds.com","description":"Ca\u00f1as oboe","publisher":{"@id":"https:\/\/eg-reeds.com\/es\/#organization"},"alternateName":"eg-reeds.com","potentialAction":[{"@type":"SearchAction","target":{"@type":"EntryPoint","urlTemplate":"https:\/\/eg-reeds.com\/es\/?s={search_term_string}"},"query-input":{"@type":"PropertyValueSpecification","valueRequired":true,"valueName":"search_term_string"}}],"inLanguage":"es"},{"@type":"Organization","@id":"https:\/\/eg-reeds.com\/es\/#organization","name":"www.eg-reeds.com","url":"https:\/\/eg-reeds.com\/es\/","logo":{"@type":"ImageObject","inLanguage":"es","@id":"https:\/\/eg-reeds.com\/es\/#\/schema\/logo\/image\/","url":"https:\/\/eg-reeds.com\/wp-content\/uploads\/2024\/06\/Logo-scaled-e1718793906611.jpg","contentUrl":"https:\/\/eg-reeds.com\/wp-content\/uploads\/2024\/06\/Logo-scaled-e1718793906611.jpg","width":1200,"height":493,"caption":"www.eg-reeds.com"},"image":{"@id":"https:\/\/eg-reeds.com\/es\/#\/schema\/logo\/image\/"},"sameAs":["https:\/\/www.facebook.com\/EGREEDS","https:\/\/x.com\/egreeds","https:\/\/www.instagram.com\/egreeds\/","https:\/\/www.youtube.com\/c\/EGREEDS","https:\/\/www.threads.net\/@egreeds","https:\/\/www.tiktok.com\/@egreeds"]}]},"product_price_amount":"11.50","product_price_currency":"EUR","og_availability":"instock","product_availability":"instock","product_retailer_item_id":"CEB","product_condition":"new"},"_links":{"self":[{"href":"https:\/\/eg-reeds.com\/es\/wp-json\/wp\/v2\/product\/3047","targetHints":{"allow":["GET"]}}],"collection":[{"href":"https:\/\/eg-reeds.com\/es\/wp-json\/wp\/v2\/product"}],"about":[{"href":"https:\/\/eg-reeds.com\/es\/wp-json\/wp\/v2\/types\/product"}],"replies":[{"embeddable":true,"href":"https:\/\/eg-reeds.com\/es\/wp-json\/wp\/v2\/comments?post=3047"}],"wp:featuredmedia":[{"embeddable":true,"href":"https:\/\/eg-reeds.com\/es\/wp-json\/wp\/v2\/media\/35944"}],"wp:attachment":[{"href":"https:\/\/eg-reeds.com\/es\/wp-json\/wp\/v2\/media?parent=3047"}],"wp:term":[{"taxonomy":"product_brand","embeddable":true,"href":"https:\/\/eg-reeds.com\/es\/wp-json\/wp\/v2\/product_brand?post=3047"},{"taxonomy":"product_cat","embeddable":true,"href":"https:\/\/eg-reeds.com\/es\/wp-json\/wp\/v2\/product_cat?post=3047"},{"taxonomy":"product_tag","embeddable":true,"href":"https:\/\/eg-reeds.com\/es\/wp-json\/wp\/v2\/product_tag?post=3047"},{"taxonomy":"giftcard-category","embeddable":true,"href":"https:\/\/eg-reeds.com\/es\/wp-json\/wp\/v2\/giftcard-category?post=3047"}],"curies":[{"name":"wp","href":"https:\/\/api.w.org\/{rel}","templated":true}]}}