{"id":32188,"date":"2018-08-29T11:39:07","date_gmt":"2018-08-29T09:39:07","guid":{"rendered":"http:\/\/eg-reeds.com\/?post_type=product&#038;p=32188"},"modified":"2018-08-29T14:52:41","modified_gmt":"2018-08-29T12:52:41","slug":"hilo-para-canas-gris","status":"publish","type":"product","link":"https:\/\/eg-reeds.com\/es\/shop\/accesorios\/hilo\/hilo-para-canas-gris\/","title":{"rendered":"Hilo para ca\u00f1as gris"},"content":{"rendered":"<h4><strong>Hilo para ca\u00f1as gris.<\/strong><\/h4>\n<p>Hilo de nylon de alta calidad ideal para atar ca\u00f1as. 100% nylon de tres puntas y 0,30 mil\u00edmetros de di\u00e1metro. Bobinas de 250\u00a0metros de largo. Disponibles en una gran variedad de colores.<\/p>\n","protected":false},"excerpt":{"rendered":"<p>Hilo para ca\u00f1as gris. Hilo de nylon de alta calidad ideal para atar ca\u00f1as. 100% nylon de tres puntas y 0,30 mil\u00edmetros de di\u00e1metro. Bobinas de 250\u00a0metros de largo. Disponibles en una gran variedad de colores.<\/p>\n","protected":false},"featured_media":32228,"comment_status":"open","ping_status":"closed","template":"","meta":[],"product_brand":[],"product_cat":[1306,441],"product_tag":[],"giftcard-category":[],"class_list":{"0":"post-32188","1":"product","2":"type-product","3":"status-publish","4":"has-post-thumbnail","6":"product_cat-accesorios","7":"product_cat-hilo","9":"first","10":"instock","11":"taxable","12":"shipping-taxable","13":"purchasable","14":"product-type-simple"},"yoast_head":"<!-- This site is optimized with the Yoast SEO Premium plugin v27.0 (Yoast SEO v27.2) - https:\/\/yoast.com\/product\/yoast-seo-premium-wordpress\/ -->\n<title>Hilo para ca\u00f1as rojo<\/title>\n<meta name=\"description\" content=\"Hilo para ca\u00f1as gris, Hilo para ca\u00f1as oboe, hilo para ca\u00f1as, bobina hilo oboe, hilo oboe nylon, hilo oboe nailon, hilo oboe\" \/>\n<meta name=\"robots\" content=\"index, follow, max-snippet:-1, max-image-preview:large, max-video-preview:-1\" \/>\n<link rel=\"canonical\" href=\"https:\/\/eg-reeds.com\/es\/shop\/accesorios\/hilo\/hilo-para-canas-gris\/\" \/>\n<meta property=\"og:locale\" content=\"es_ES\" \/>\n<meta property=\"og:type\" content=\"article\" \/>\n<meta property=\"og:title\" content=\"Hilo para ca\u00f1as gris\" \/>\n<meta property=\"og:description\" content=\"Hilo para ca\u00f1as gris, Hilo para ca\u00f1as oboe, hilo para ca\u00f1as, bobina hilo oboe, hilo oboe nylon, hilo oboe nailon, hilo oboe\" \/>\n<meta property=\"og:url\" content=\"https:\/\/eg-reeds.com\/es\/shop\/accesorios\/hilo\/hilo-para-canas-gris\/\" \/>\n<meta property=\"og:site_name\" content=\"www.eg-reeds.com\" \/>\n<meta property=\"article:publisher\" content=\"https:\/\/www.facebook.com\/EGREEDS\" \/>\n<meta property=\"article:modified_time\" content=\"2018-08-29T12:52:41+00:00\" \/>\n<meta property=\"og:image\" content=\"https:\/\/eg-reeds.com\/wp-content\/uploads\/2018\/08\/Gray-thread-for-reeds-1.jpg\" \/>\n\t<meta property=\"og:image:width\" content=\"1083\" \/>\n\t<meta property=\"og:image:height\" content=\"1280\" \/>\n\t<meta property=\"og:image:type\" content=\"image\/jpeg\" \/>\n<meta name=\"twitter:card\" content=\"summary_large_image\" \/>\n<meta name=\"twitter:site\" content=\"@egreeds\" \/>\n<meta name=\"twitter:label1\" content=\"Precio\" \/>\n\t<meta name=\"twitter:data1\" content=\"9,90&euro;\" \/>\n\t<meta name=\"twitter:label2\" content=\"Disponibilidad\" \/>\n\t<meta name=\"twitter:data2\" content=\"Disponible\" \/>\n<script type=\"application\/ld+json\" class=\"yoast-schema-graph\">{\"@context\":\"https:\/\/schema.org\",\"@graph\":[{\"@type\":[\"WebPage\",\"ItemPage\"],\"@id\":\"https:\/\/eg-reeds.com\/es\/shop\/accesorios\/hilo\/hilo-para-canas-gris\/\",\"url\":\"https:\/\/eg-reeds.com\/es\/shop\/accesorios\/hilo\/hilo-para-canas-gris\/\",\"name\":\"Hilo para ca\u00f1as rojo\",\"isPartOf\":{\"@id\":\"https:\/\/eg-reeds.com\/es\/#website\"},\"primaryImageOfPage\":{\"@id\":\"https:\/\/eg-reeds.com\/es\/shop\/accesorios\/hilo\/hilo-para-canas-gris\/#primaryimage\"},\"image\":{\"@id\":\"https:\/\/eg-reeds.com\/es\/shop\/accesorios\/hilo\/hilo-para-canas-gris\/#primaryimage\"},\"thumbnailUrl\":\"https:\/\/eg-reeds.com\/wp-content\/uploads\/2018\/08\/Gray-thread-for-reeds-1.jpg\",\"datePublished\":\"2018-08-29T09:39:07+00:00\",\"dateModified\":\"2018-08-29T12:52:41+00:00\",\"description\":\"Hilo para ca\u00f1as gris, Hilo para ca\u00f1as oboe, hilo para ca\u00f1as, bobina hilo oboe, hilo oboe nylon, hilo oboe nailon, hilo oboe\",\"breadcrumb\":{\"@id\":\"https:\/\/eg-reeds.com\/es\/shop\/accesorios\/hilo\/hilo-para-canas-gris\/#breadcrumb\"},\"inLanguage\":\"es\",\"potentialAction\":[{\"@type\":\"ReadAction\",\"target\":[\"https:\/\/eg-reeds.com\/es\/shop\/accesorios\/hilo\/hilo-para-canas-gris\/\"]}]},{\"@type\":\"ImageObject\",\"inLanguage\":\"es\",\"@id\":\"https:\/\/eg-reeds.com\/es\/shop\/accesorios\/hilo\/hilo-para-canas-gris\/#primaryimage\",\"url\":\"https:\/\/eg-reeds.com\/wp-content\/uploads\/2018\/08\/Gray-thread-for-reeds-1.jpg\",\"contentUrl\":\"https:\/\/eg-reeds.com\/wp-content\/uploads\/2018\/08\/Gray-thread-for-reeds-1.jpg\",\"width\":1083,\"height\":1280,\"caption\":\"Hilo para ca\u00f1as gris\"},{\"@type\":\"BreadcrumbList\",\"@id\":\"https:\/\/eg-reeds.com\/es\/shop\/accesorios\/hilo\/hilo-para-canas-gris\/#breadcrumb\",\"itemListElement\":[{\"@type\":\"ListItem\",\"position\":1,\"name\":\"Inicio\",\"item\":\"https:\/\/eg-reeds.com\/es\/\"},{\"@type\":\"ListItem\",\"position\":2,\"name\":\"Tienda\",\"item\":\"https:\/\/eg-reeds.com\/es\/\"},{\"@type\":\"ListItem\",\"position\":3,\"name\":\"Hilo para ca\u00f1as gris\"}]},{\"@type\":\"WebSite\",\"@id\":\"https:\/\/eg-reeds.com\/es\/#website\",\"url\":\"https:\/\/eg-reeds.com\/es\/\",\"name\":\"www.eg-reeds.com\",\"description\":\"Ca\u00f1as oboe\",\"publisher\":{\"@id\":\"https:\/\/eg-reeds.com\/es\/#organization\"},\"alternateName\":\"eg-reeds.com\",\"potentialAction\":[{\"@type\":\"SearchAction\",\"target\":{\"@type\":\"EntryPoint\",\"urlTemplate\":\"https:\/\/eg-reeds.com\/es\/?s={search_term_string}\"},\"query-input\":{\"@type\":\"PropertyValueSpecification\",\"valueRequired\":true,\"valueName\":\"search_term_string\"}}],\"inLanguage\":\"es\"},{\"@type\":\"Organization\",\"@id\":\"https:\/\/eg-reeds.com\/es\/#organization\",\"name\":\"www.eg-reeds.com\",\"url\":\"https:\/\/eg-reeds.com\/es\/\",\"logo\":{\"@type\":\"ImageObject\",\"inLanguage\":\"es\",\"@id\":\"https:\/\/eg-reeds.com\/es\/#\/schema\/logo\/image\/\",\"url\":\"https:\/\/eg-reeds.com\/wp-content\/uploads\/2024\/06\/Logo-scaled-e1718793906611.jpg\",\"contentUrl\":\"https:\/\/eg-reeds.com\/wp-content\/uploads\/2024\/06\/Logo-scaled-e1718793906611.jpg\",\"width\":1200,\"height\":493,\"caption\":\"www.eg-reeds.com\"},\"image\":{\"@id\":\"https:\/\/eg-reeds.com\/es\/#\/schema\/logo\/image\/\"},\"sameAs\":[\"https:\/\/www.facebook.com\/EGREEDS\",\"https:\/\/x.com\/egreeds\",\"https:\/\/www.instagram.com\/egreeds\/\",\"https:\/\/www.youtube.com\/c\/EGREEDS\",\"https:\/\/www.threads.net\/@egreeds\",\"https:\/\/www.tiktok.com\/@egreeds\"]}]}<\/script>\n<meta property=\"product:price:amount\" content=\"9.90\" \/>\n<meta property=\"product:price:currency\" content=\"EUR\" \/>\n<meta property=\"og:availability\" content=\"instock\" \/>\n<meta property=\"product:availability\" content=\"instock\" \/>\n<meta property=\"product:retailer_item_id\" content=\"ACHGR\" \/>\n<meta property=\"product:condition\" content=\"new\" \/>\n<!-- \/ Yoast SEO Premium plugin. -->","yoast_head_json":{"title":"Hilo para ca\u00f1as rojo","description":"Hilo para ca\u00f1as gris, Hilo para ca\u00f1as oboe, hilo para ca\u00f1as, bobina hilo oboe, hilo oboe nylon, hilo oboe nailon, hilo oboe","robots":{"index":"index","follow":"follow","max-snippet":"max-snippet:-1","max-image-preview":"max-image-preview:large","max-video-preview":"max-video-preview:-1"},"canonical":"https:\/\/eg-reeds.com\/es\/shop\/accesorios\/hilo\/hilo-para-canas-gris\/","og_locale":"es_ES","og_type":"article","og_title":"Hilo para ca\u00f1as gris","og_description":"Hilo para ca\u00f1as gris, Hilo para ca\u00f1as oboe, hilo para ca\u00f1as, bobina hilo oboe, hilo oboe nylon, hilo oboe nailon, hilo oboe","og_url":"https:\/\/eg-reeds.com\/es\/shop\/accesorios\/hilo\/hilo-para-canas-gris\/","og_site_name":"www.eg-reeds.com","article_publisher":"https:\/\/www.facebook.com\/EGREEDS","article_modified_time":"2018-08-29T12:52:41+00:00","og_image":[{"width":1083,"height":1280,"url":"https:\/\/eg-reeds.com\/wp-content\/uploads\/2018\/08\/Gray-thread-for-reeds-1.jpg","type":"image\/jpeg"}],"twitter_card":"summary_large_image","twitter_site":"@egreeds","twitter_misc":{"Precio":"9,90&euro;","Disponibilidad":"Disponible"},"schema":{"@context":"https:\/\/schema.org","@graph":[{"@type":["WebPage","ItemPage"],"@id":"https:\/\/eg-reeds.com\/es\/shop\/accesorios\/hilo\/hilo-para-canas-gris\/","url":"https:\/\/eg-reeds.com\/es\/shop\/accesorios\/hilo\/hilo-para-canas-gris\/","name":"Hilo para ca\u00f1as rojo","isPartOf":{"@id":"https:\/\/eg-reeds.com\/es\/#website"},"primaryImageOfPage":{"@id":"https:\/\/eg-reeds.com\/es\/shop\/accesorios\/hilo\/hilo-para-canas-gris\/#primaryimage"},"image":{"@id":"https:\/\/eg-reeds.com\/es\/shop\/accesorios\/hilo\/hilo-para-canas-gris\/#primaryimage"},"thumbnailUrl":"https:\/\/eg-reeds.com\/wp-content\/uploads\/2018\/08\/Gray-thread-for-reeds-1.jpg","datePublished":"2018-08-29T09:39:07+00:00","dateModified":"2018-08-29T12:52:41+00:00","description":"Hilo para ca\u00f1as gris, Hilo para ca\u00f1as oboe, hilo para ca\u00f1as, bobina hilo oboe, hilo oboe nylon, hilo oboe nailon, hilo oboe","breadcrumb":{"@id":"https:\/\/eg-reeds.com\/es\/shop\/accesorios\/hilo\/hilo-para-canas-gris\/#breadcrumb"},"inLanguage":"es","potentialAction":[{"@type":"ReadAction","target":["https:\/\/eg-reeds.com\/es\/shop\/accesorios\/hilo\/hilo-para-canas-gris\/"]}]},{"@type":"ImageObject","inLanguage":"es","@id":"https:\/\/eg-reeds.com\/es\/shop\/accesorios\/hilo\/hilo-para-canas-gris\/#primaryimage","url":"https:\/\/eg-reeds.com\/wp-content\/uploads\/2018\/08\/Gray-thread-for-reeds-1.jpg","contentUrl":"https:\/\/eg-reeds.com\/wp-content\/uploads\/2018\/08\/Gray-thread-for-reeds-1.jpg","width":1083,"height":1280,"caption":"Hilo para ca\u00f1as gris"},{"@type":"BreadcrumbList","@id":"https:\/\/eg-reeds.com\/es\/shop\/accesorios\/hilo\/hilo-para-canas-gris\/#breadcrumb","itemListElement":[{"@type":"ListItem","position":1,"name":"Inicio","item":"https:\/\/eg-reeds.com\/es\/"},{"@type":"ListItem","position":2,"name":"Tienda","item":"https:\/\/eg-reeds.com\/es\/"},{"@type":"ListItem","position":3,"name":"Hilo para ca\u00f1as gris"}]},{"@type":"WebSite","@id":"https:\/\/eg-reeds.com\/es\/#website","url":"https:\/\/eg-reeds.com\/es\/","name":"www.eg-reeds.com","description":"Ca\u00f1as oboe","publisher":{"@id":"https:\/\/eg-reeds.com\/es\/#organization"},"alternateName":"eg-reeds.com","potentialAction":[{"@type":"SearchAction","target":{"@type":"EntryPoint","urlTemplate":"https:\/\/eg-reeds.com\/es\/?s={search_term_string}"},"query-input":{"@type":"PropertyValueSpecification","valueRequired":true,"valueName":"search_term_string"}}],"inLanguage":"es"},{"@type":"Organization","@id":"https:\/\/eg-reeds.com\/es\/#organization","name":"www.eg-reeds.com","url":"https:\/\/eg-reeds.com\/es\/","logo":{"@type":"ImageObject","inLanguage":"es","@id":"https:\/\/eg-reeds.com\/es\/#\/schema\/logo\/image\/","url":"https:\/\/eg-reeds.com\/wp-content\/uploads\/2024\/06\/Logo-scaled-e1718793906611.jpg","contentUrl":"https:\/\/eg-reeds.com\/wp-content\/uploads\/2024\/06\/Logo-scaled-e1718793906611.jpg","width":1200,"height":493,"caption":"www.eg-reeds.com"},"image":{"@id":"https:\/\/eg-reeds.com\/es\/#\/schema\/logo\/image\/"},"sameAs":["https:\/\/www.facebook.com\/EGREEDS","https:\/\/x.com\/egreeds","https:\/\/www.instagram.com\/egreeds\/","https:\/\/www.youtube.com\/c\/EGREEDS","https:\/\/www.threads.net\/@egreeds","https:\/\/www.tiktok.com\/@egreeds"]}]},"product_price_amount":"9.90","product_price_currency":"EUR","og_availability":"instock","product_availability":"instock","product_retailer_item_id":"ACHGR","product_condition":"new"},"_links":{"self":[{"href":"https:\/\/eg-reeds.com\/es\/wp-json\/wp\/v2\/product\/32188","targetHints":{"allow":["GET"]}}],"collection":[{"href":"https:\/\/eg-reeds.com\/es\/wp-json\/wp\/v2\/product"}],"about":[{"href":"https:\/\/eg-reeds.com\/es\/wp-json\/wp\/v2\/types\/product"}],"replies":[{"embeddable":true,"href":"https:\/\/eg-reeds.com\/es\/wp-json\/wp\/v2\/comments?post=32188"}],"wp:featuredmedia":[{"embeddable":true,"href":"https:\/\/eg-reeds.com\/es\/wp-json\/wp\/v2\/media\/32228"}],"wp:attachment":[{"href":"https:\/\/eg-reeds.com\/es\/wp-json\/wp\/v2\/media?parent=32188"}],"wp:term":[{"taxonomy":"product_brand","embeddable":true,"href":"https:\/\/eg-reeds.com\/es\/wp-json\/wp\/v2\/product_brand?post=32188"},{"taxonomy":"product_cat","embeddable":true,"href":"https:\/\/eg-reeds.com\/es\/wp-json\/wp\/v2\/product_cat?post=32188"},{"taxonomy":"product_tag","embeddable":true,"href":"https:\/\/eg-reeds.com\/es\/wp-json\/wp\/v2\/product_tag?post=32188"},{"taxonomy":"giftcard-category","embeddable":true,"href":"https:\/\/eg-reeds.com\/es\/wp-json\/wp\/v2\/giftcard-category?post=32188"}],"curies":[{"name":"wp","href":"https:\/\/api.w.org\/{rel}","templated":true}]}}