{"id":33178,"date":"2018-09-30T22:00:02","date_gmt":"2018-09-30T20:00:02","guid":{"rendered":"http:\/\/eg-reeds.com\/shop\/sin%20categorizar\/oboe-iniciacion-eg-reeds\/"},"modified":"2026-01-20T10:42:40","modified_gmt":"2026-01-20T09:42:40","slug":"oboe-iniciacion-eg-reeds","status":"publish","type":"product","link":"https:\/\/eg-reeds.com\/es\/shop\/oboes\/oboe-iniciacion-eg-reeds\/","title":{"rendered":"Oboe iniciaci\u00f3n EG-REEDS"},"content":{"rendered":"<h1><strong>Oboe iniciaci\u00f3n EG-REEDS.<\/strong><\/h1>\n<p><span style=\"font-weight: 400;\">El oboe iniciaci\u00f3n EG-REEDS tiene todas las<\/span><span style=\"font-weight: 400;\"> llaves necesarias para los estudiantes que comienzan con el oboe. <\/span>Es perfecto para los primeros a\u00f1os de conservatorio: su dise\u00f1o ergon\u00f3mico est\u00e1 especialmente dise\u00f1ado para manos peque\u00f1as y su peso ligero (poco m\u00e1s de 500 gramos) permite tocar con comodidad desde el primer d\u00eda.<\/p>\n<article class=\"text-token-text-primary w-full focus:outline-none [--shadow-height:45px] has-data-writing-block:pointer-events-none has-data-writing-block:-mt-(--shadow-height) has-data-writing-block:pt-(--shadow-height) [&amp;:has([data-writing-block])&gt;*]:pointer-events-auto [content-visibility:auto] supports-[content-visibility:auto]:[contain-intrinsic-size:auto_100lvh] scroll-mt-[calc(var(--header-height)+min(200px,max(70px,20svh)))]\" dir=\"auto\" tabindex=\"-1\" data-turn-id=\"ba592401-4cff-4075-b984-de125b02a968\" data-testid=\"conversation-turn-2\" data-scroll-anchor=\"true\" data-turn=\"assistant\">\n<div class=\"text-base my-auto mx-auto pb-10 [--thread-content-margin:--spacing(4)] thread-sm:[--thread-content-margin:--spacing(6)] thread-lg:[--thread-content-margin:--spacing(16)] px-(--thread-content-margin)\">\n<div class=\"[--thread-content-max-width:40rem] thread-lg:[--thread-content-max-width:48rem] mx-auto max-w-(--thread-content-max-width) flex-1 group\/turn-messages focus-visible:outline-hidden relative flex w-full min-w-0 flex-col agent-turn\" tabindex=\"-1\">\n<div class=\"z-0 flex min-h-[46px] justify-start\"><span style=\"font-weight: 400;\">Es semi-autom\u00e1tico, con tercera octava, si grave y fa-mib de la mano izquierda. Est\u00e1n hechos en composite (mezcla de madera y ABS) con llaves plateadas y adaptadas para que los estudiantes lleguen mejor a ellas. Todo esto hace un oboe m\u00e1s ergon\u00f3mico, ligero, pero a la vez muy resistente y f\u00e1cil de hacer sonar. <\/span><span style=\"color: #555555;\">Incluido en el precio va el estuche de transporte tipo mochila, 1 ca\u00f1a de nivel iniciaci\u00f3n EG-REEDS, limpiador y vaselina.<\/span><\/div>\n<\/div>\n<\/div>\n<\/article>\n<p>Descubre el equilibrio perfecto entre precio y rendimiento con este oboe barato, pero de gran calidad, para estudiantes que comienzan. Dise\u00f1ado para apoyar a principiantes y j\u00f3venes m\u00fasicos, este oboe ofrece un sonido excelente, durabilidad y facilidad de ejecuci\u00f3n a un precio accesible. Ideal para estudiantes que comienzan su camino musical, garantiza una calidad fiable sin gastar de m\u00e1s, asegurando que la pr\u00e1ctica del instrumento sea una experiencia gratificante.<\/p>\n<p><iframe loading=\"lazy\" title=\"Demostraci\u00f3n oboe iniciaci\u00f3n EG-REEDS por Javier P\u00e9rez\" width=\"1020\" height=\"574\" src=\"https:\/\/www.youtube.com\/embed\/QwZV6gOr1CQ?feature=oembed\" frameborder=\"0\" allow=\"accelerometer; autoplay; clipboard-write; encrypted-media; gyroscope; picture-in-picture; web-share\" referrerpolicy=\"strict-origin-when-cross-origin\" allowfullscreen><\/iframe><\/p>\n<h3>\t<div id=\"gap-2130355671\" class=\"gap-element clearfix\" style=\"display:block; height:auto;\">\n\t\t\n<style>\n#gap-2130355671 {\n  padding-top: 60px;\n}\n<\/style>\n\t<\/div>\n\t<\/h3>\n<h2><strong>Oboe barato de estudiante.<\/strong><\/h2>\n<p><span style=\"font-weight: 400;\">Cada oboe ha sido cuidadosamente dise\u00f1ado y probado, aplicando todos nuestros conocimientos y tambi\u00e9n tomando como referencia las peticiones de los profesores, los cuales saben mejor que nadie lo que necesitan los alumnos.<\/span><\/p>\n<p><span style=\"font-weight: 400;\">Son oboes de alta calidad a buen precio. M\u00e1s informaci\u00f3n y fotos en nuestro blog: <a href=\"https:\/\/eg-reeds.com\/es\/oboes-iniciacion-eg-reeds\" target=\"_blank\" rel=\"noopener noreferrer\">www.eg-reeds.com\/es\/oboes-iniciacion-eg-reeds<\/a><\/span><\/p>\n<p><span style=\"font-weight: 400;\">Para cualquier informaci\u00f3n adicional estamos a vuestra disposici\u00f3n en el email <a href=\"mailto:info@eg-reeds.com\" target=\"_blank\" rel=\"noopener noreferrer\">info@eg-reeds.com<\/a>.<\/span><\/p>\n<p>&nbsp;<\/p>\n<h2><strong>Especificaciones y v\u00eddeo del oboe iniciaci\u00f3n EG-REEDS.\u00a0<\/strong><\/h2>\n<ul>\n<li class=\"bullet-checkmark\">Modelo Iniciaci\u00f3n:\u00a0 con tercera octava, si grave, fa y mib de la mano izquierda.<\/li>\n<li>Especialmente dise\u00f1ado para manos peque\u00f1as.<\/li>\n<li class=\"bullet-checkmark\">Semi-autom\u00e1tico.<\/li>\n<li class=\"bullet-checkmark\">Cuerpo de composite (mezcla de madera y ABS).<\/li>\n<li class=\"bullet-checkmark\">Llaves plateadas.<\/li>\n<li class=\"bullet-checkmark\">Incluido en el precio: Estuche de transporte, 1 <a href=\"https:\/\/eg-reeds.com\/es\/shop\/canas-y-palas-estudiante\/cana-oboe-estudiante-iniciacion-eg-reeds\/\" target=\"_blank\" rel=\"noopener\">ca\u00f1a de nivel iniciaci\u00f3n EG-REEDS<\/a>, limpiador y vaselina.<\/li>\n<\/ul>\n<p>&nbsp;<\/p>\n<p><iframe loading=\"lazy\" title=\"\u00bfEstudiante y buscas el oboe ideal para empezar? \/ Are you a student looking for the perfect oboe?\" width=\"563\" height=\"1000\" src=\"https:\/\/www.youtube.com\/embed\/GeFLhUD_9T0?feature=oembed\" frameborder=\"0\" allow=\"accelerometer; autoplay; clipboard-write; encrypted-media; gyroscope; picture-in-picture; web-share\" referrerpolicy=\"strict-origin-when-cross-origin\" allowfullscreen><\/iframe><\/p>\n","protected":false},"excerpt":{"rendered":"<p>Oboe para estudiantes de nivel iniciaci\u00f3n especial para manos peque\u00f1as.<\/p>\n","protected":false},"featured_media":33294,"comment_status":"open","ping_status":"closed","template":"","meta":[],"product_brand":[],"product_cat":[3785],"product_tag":[2316],"giftcard-category":[],"class_list":{"0":"post-33178","1":"product","2":"type-product","3":"status-publish","4":"has-post-thumbnail","6":"product_cat-oboes","7":"product_tag-oboe-es","8":"product_shipping_class-rmm-es","10":"first","11":"instock","12":"featured","13":"taxable","14":"shipping-taxable","15":"purchasable","16":"product-type-simple"},"yoast_head":"<!-- This site is optimized with the Yoast SEO Premium plugin v27.0 (Yoast SEO v27.4) - https:\/\/yoast.com\/product\/yoast-seo-premium-wordpress\/ -->\n<title>Oboe iniciaci\u00f3n EG-REEDS - www.eg-reeds.com<\/title>\n<meta name=\"description\" content=\"Oboe Iniciaci\u00f3n EG-REEDS. Especial para estudiantes que empiezan. Adaptado a manos peque\u00f1as. Oboe barato de estudiante de alta calidad a buen precio.\" \/>\n<meta name=\"robots\" content=\"index, follow, max-snippet:-1, max-image-preview:large, max-video-preview:-1\" \/>\n<link rel=\"canonical\" href=\"https:\/\/eg-reeds.com\/es\/shop\/oboes\/oboe-iniciacion-eg-reeds\/\" \/>\n<meta property=\"og:locale\" content=\"es_ES\" \/>\n<meta property=\"og:type\" content=\"article\" \/>\n<meta property=\"og:title\" content=\"Oboe iniciaci\u00f3n EG-REEDS\" \/>\n<meta property=\"og:description\" content=\"Oboe Iniciaci\u00f3n EG-REEDS. Especial para estudiantes que empiezan. Adaptado a manos peque\u00f1as. Oboe barato de estudiante de alta calidad a buen precio.\" \/>\n<meta property=\"og:url\" content=\"https:\/\/eg-reeds.com\/es\/shop\/oboes\/oboe-iniciacion-eg-reeds\/\" \/>\n<meta property=\"og:site_name\" content=\"www.eg-reeds.com\" \/>\n<meta property=\"article:publisher\" content=\"https:\/\/www.facebook.com\/EGREEDS\" \/>\n<meta property=\"article:modified_time\" content=\"2026-01-20T09:42:40+00:00\" \/>\n<meta property=\"og:image\" content=\"https:\/\/eg-reeds.com\/wp-content\/uploads\/2018\/09\/oboe-beginner-EG-REEDS.jpg\" \/>\n\t<meta property=\"og:image:width\" content=\"853\" \/>\n\t<meta property=\"og:image:height\" content=\"1280\" \/>\n\t<meta property=\"og:image:type\" content=\"image\/jpeg\" \/>\n<meta name=\"twitter:card\" content=\"summary_large_image\" \/>\n<meta name=\"twitter:site\" content=\"@egreeds\" \/>\n<meta name=\"twitter:label1\" content=\"Precio\" \/>\n\t<meta name=\"twitter:data1\" content=\"1.350,00&euro;\" \/>\n\t<meta name=\"twitter:label2\" content=\"Disponibilidad\" \/>\n\t<meta name=\"twitter:data2\" content=\"Disponible\" \/>\n<script type=\"application\/ld+json\" class=\"yoast-schema-graph\">{\"@context\":\"https:\\\/\\\/schema.org\",\"@graph\":[{\"@type\":[\"WebPage\",\"ItemPage\"],\"@id\":\"https:\\\/\\\/eg-reeds.com\\\/es\\\/shop\\\/oboes\\\/oboe-iniciacion-eg-reeds\\\/\",\"url\":\"https:\\\/\\\/eg-reeds.com\\\/es\\\/shop\\\/oboes\\\/oboe-iniciacion-eg-reeds\\\/\",\"name\":\"Oboe iniciaci\u00f3n EG-REEDS - www.eg-reeds.com\",\"isPartOf\":{\"@id\":\"https:\\\/\\\/eg-reeds.com\\\/es\\\/#website\"},\"primaryImageOfPage\":{\"@id\":\"https:\\\/\\\/eg-reeds.com\\\/es\\\/shop\\\/oboes\\\/oboe-iniciacion-eg-reeds\\\/#primaryimage\"},\"image\":{\"@id\":\"https:\\\/\\\/eg-reeds.com\\\/es\\\/shop\\\/oboes\\\/oboe-iniciacion-eg-reeds\\\/#primaryimage\"},\"thumbnailUrl\":\"https:\\\/\\\/eg-reeds.com\\\/wp-content\\\/uploads\\\/2018\\\/09\\\/oboe-beginner-EG-REEDS.jpg\",\"datePublished\":\"2018-09-30T20:00:02+00:00\",\"dateModified\":\"2026-01-20T09:42:40+00:00\",\"description\":\"Oboe Iniciaci\u00f3n EG-REEDS. Especial para estudiantes que empiezan. Adaptado a manos peque\u00f1as. Oboe barato de estudiante de alta calidad a buen precio.\",\"breadcrumb\":{\"@id\":\"https:\\\/\\\/eg-reeds.com\\\/es\\\/shop\\\/oboes\\\/oboe-iniciacion-eg-reeds\\\/#breadcrumb\"},\"inLanguage\":\"es\",\"potentialAction\":[{\"@type\":\"ReadAction\",\"target\":[\"https:\\\/\\\/eg-reeds.com\\\/es\\\/shop\\\/oboes\\\/oboe-iniciacion-eg-reeds\\\/\"]}]},{\"@type\":\"ImageObject\",\"inLanguage\":\"es\",\"@id\":\"https:\\\/\\\/eg-reeds.com\\\/es\\\/shop\\\/oboes\\\/oboe-iniciacion-eg-reeds\\\/#primaryimage\",\"url\":\"https:\\\/\\\/eg-reeds.com\\\/wp-content\\\/uploads\\\/2018\\\/09\\\/oboe-beginner-EG-REEDS.jpg\",\"contentUrl\":\"https:\\\/\\\/eg-reeds.com\\\/wp-content\\\/uploads\\\/2018\\\/09\\\/oboe-beginner-EG-REEDS.jpg\",\"width\":853,\"height\":1280,\"caption\":\"Oboe estudiante iniciaci\u00f3n principiante\"},{\"@type\":\"BreadcrumbList\",\"@id\":\"https:\\\/\\\/eg-reeds.com\\\/es\\\/shop\\\/oboes\\\/oboe-iniciacion-eg-reeds\\\/#breadcrumb\",\"itemListElement\":[{\"@type\":\"ListItem\",\"position\":1,\"name\":\"Inicio\",\"item\":\"https:\\\/\\\/eg-reeds.com\\\/es\\\/\"},{\"@type\":\"ListItem\",\"position\":2,\"name\":\"Tienda\",\"item\":\"https:\\\/\\\/eg-reeds.com\\\/es\\\/\"},{\"@type\":\"ListItem\",\"position\":3,\"name\":\"Oboe iniciaci\u00f3n EG-REEDS\"}]},{\"@type\":\"WebSite\",\"@id\":\"https:\\\/\\\/eg-reeds.com\\\/es\\\/#website\",\"url\":\"https:\\\/\\\/eg-reeds.com\\\/es\\\/\",\"name\":\"www.eg-reeds.com\",\"description\":\"Ca\u00f1as oboe\",\"publisher\":{\"@id\":\"https:\\\/\\\/eg-reeds.com\\\/es\\\/#organization\"},\"alternateName\":\"eg-reeds.com\",\"potentialAction\":[{\"@type\":\"SearchAction\",\"target\":{\"@type\":\"EntryPoint\",\"urlTemplate\":\"https:\\\/\\\/eg-reeds.com\\\/es\\\/?s={search_term_string}\"},\"query-input\":{\"@type\":\"PropertyValueSpecification\",\"valueRequired\":true,\"valueName\":\"search_term_string\"}}],\"inLanguage\":\"es\"},{\"@type\":\"Organization\",\"@id\":\"https:\\\/\\\/eg-reeds.com\\\/es\\\/#organization\",\"name\":\"www.eg-reeds.com\",\"url\":\"https:\\\/\\\/eg-reeds.com\\\/es\\\/\",\"logo\":{\"@type\":\"ImageObject\",\"inLanguage\":\"es\",\"@id\":\"https:\\\/\\\/eg-reeds.com\\\/es\\\/#\\\/schema\\\/logo\\\/image\\\/\",\"url\":\"https:\\\/\\\/eg-reeds.com\\\/wp-content\\\/uploads\\\/2024\\\/06\\\/Logo-scaled-e1718793906611.jpg\",\"contentUrl\":\"https:\\\/\\\/eg-reeds.com\\\/wp-content\\\/uploads\\\/2024\\\/06\\\/Logo-scaled-e1718793906611.jpg\",\"width\":1200,\"height\":493,\"caption\":\"www.eg-reeds.com\"},\"image\":{\"@id\":\"https:\\\/\\\/eg-reeds.com\\\/es\\\/#\\\/schema\\\/logo\\\/image\\\/\"},\"sameAs\":[\"https:\\\/\\\/www.facebook.com\\\/EGREEDS\",\"https:\\\/\\\/x.com\\\/egreeds\",\"https:\\\/\\\/www.instagram.com\\\/egreeds\\\/\",\"https:\\\/\\\/www.youtube.com\\\/c\\\/EGREEDS\",\"https:\\\/\\\/www.threads.net\\\/@egreeds\",\"https:\\\/\\\/www.tiktok.com\\\/@egreeds\"]}]}<\/script>\n<meta property=\"product:price:amount\" content=\"1350.00\" \/>\n<meta property=\"product:price:currency\" content=\"EUR\" \/>\n<meta property=\"og:availability\" content=\"instock\" \/>\n<meta property=\"product:availability\" content=\"instock\" \/>\n<meta property=\"product:retailer_item_id\" content=\"OB\" \/>\n<meta property=\"product:condition\" content=\"new\" \/>\n<!-- \/ Yoast SEO Premium plugin. -->","yoast_head_json":{"title":"Oboe iniciaci\u00f3n EG-REEDS - www.eg-reeds.com","description":"Oboe Iniciaci\u00f3n EG-REEDS. Especial para estudiantes que empiezan. Adaptado a manos peque\u00f1as. Oboe barato de estudiante de alta calidad a buen precio.","robots":{"index":"index","follow":"follow","max-snippet":"max-snippet:-1","max-image-preview":"max-image-preview:large","max-video-preview":"max-video-preview:-1"},"canonical":"https:\/\/eg-reeds.com\/es\/shop\/oboes\/oboe-iniciacion-eg-reeds\/","og_locale":"es_ES","og_type":"article","og_title":"Oboe iniciaci\u00f3n EG-REEDS","og_description":"Oboe Iniciaci\u00f3n EG-REEDS. Especial para estudiantes que empiezan. Adaptado a manos peque\u00f1as. Oboe barato de estudiante de alta calidad a buen precio.","og_url":"https:\/\/eg-reeds.com\/es\/shop\/oboes\/oboe-iniciacion-eg-reeds\/","og_site_name":"www.eg-reeds.com","article_publisher":"https:\/\/www.facebook.com\/EGREEDS","article_modified_time":"2026-01-20T09:42:40+00:00","og_image":[{"width":853,"height":1280,"url":"https:\/\/eg-reeds.com\/wp-content\/uploads\/2018\/09\/oboe-beginner-EG-REEDS.jpg","type":"image\/jpeg"}],"twitter_card":"summary_large_image","twitter_site":"@egreeds","twitter_misc":{"Precio":"1.350,00&euro;","Disponibilidad":"Disponible"},"schema":{"@context":"https:\/\/schema.org","@graph":[{"@type":["WebPage","ItemPage"],"@id":"https:\/\/eg-reeds.com\/es\/shop\/oboes\/oboe-iniciacion-eg-reeds\/","url":"https:\/\/eg-reeds.com\/es\/shop\/oboes\/oboe-iniciacion-eg-reeds\/","name":"Oboe iniciaci\u00f3n EG-REEDS - www.eg-reeds.com","isPartOf":{"@id":"https:\/\/eg-reeds.com\/es\/#website"},"primaryImageOfPage":{"@id":"https:\/\/eg-reeds.com\/es\/shop\/oboes\/oboe-iniciacion-eg-reeds\/#primaryimage"},"image":{"@id":"https:\/\/eg-reeds.com\/es\/shop\/oboes\/oboe-iniciacion-eg-reeds\/#primaryimage"},"thumbnailUrl":"https:\/\/eg-reeds.com\/wp-content\/uploads\/2018\/09\/oboe-beginner-EG-REEDS.jpg","datePublished":"2018-09-30T20:00:02+00:00","dateModified":"2026-01-20T09:42:40+00:00","description":"Oboe Iniciaci\u00f3n EG-REEDS. Especial para estudiantes que empiezan. Adaptado a manos peque\u00f1as. Oboe barato de estudiante de alta calidad a buen precio.","breadcrumb":{"@id":"https:\/\/eg-reeds.com\/es\/shop\/oboes\/oboe-iniciacion-eg-reeds\/#breadcrumb"},"inLanguage":"es","potentialAction":[{"@type":"ReadAction","target":["https:\/\/eg-reeds.com\/es\/shop\/oboes\/oboe-iniciacion-eg-reeds\/"]}]},{"@type":"ImageObject","inLanguage":"es","@id":"https:\/\/eg-reeds.com\/es\/shop\/oboes\/oboe-iniciacion-eg-reeds\/#primaryimage","url":"https:\/\/eg-reeds.com\/wp-content\/uploads\/2018\/09\/oboe-beginner-EG-REEDS.jpg","contentUrl":"https:\/\/eg-reeds.com\/wp-content\/uploads\/2018\/09\/oboe-beginner-EG-REEDS.jpg","width":853,"height":1280,"caption":"Oboe estudiante iniciaci\u00f3n principiante"},{"@type":"BreadcrumbList","@id":"https:\/\/eg-reeds.com\/es\/shop\/oboes\/oboe-iniciacion-eg-reeds\/#breadcrumb","itemListElement":[{"@type":"ListItem","position":1,"name":"Inicio","item":"https:\/\/eg-reeds.com\/es\/"},{"@type":"ListItem","position":2,"name":"Tienda","item":"https:\/\/eg-reeds.com\/es\/"},{"@type":"ListItem","position":3,"name":"Oboe iniciaci\u00f3n EG-REEDS"}]},{"@type":"WebSite","@id":"https:\/\/eg-reeds.com\/es\/#website","url":"https:\/\/eg-reeds.com\/es\/","name":"www.eg-reeds.com","description":"Ca\u00f1as oboe","publisher":{"@id":"https:\/\/eg-reeds.com\/es\/#organization"},"alternateName":"eg-reeds.com","potentialAction":[{"@type":"SearchAction","target":{"@type":"EntryPoint","urlTemplate":"https:\/\/eg-reeds.com\/es\/?s={search_term_string}"},"query-input":{"@type":"PropertyValueSpecification","valueRequired":true,"valueName":"search_term_string"}}],"inLanguage":"es"},{"@type":"Organization","@id":"https:\/\/eg-reeds.com\/es\/#organization","name":"www.eg-reeds.com","url":"https:\/\/eg-reeds.com\/es\/","logo":{"@type":"ImageObject","inLanguage":"es","@id":"https:\/\/eg-reeds.com\/es\/#\/schema\/logo\/image\/","url":"https:\/\/eg-reeds.com\/wp-content\/uploads\/2024\/06\/Logo-scaled-e1718793906611.jpg","contentUrl":"https:\/\/eg-reeds.com\/wp-content\/uploads\/2024\/06\/Logo-scaled-e1718793906611.jpg","width":1200,"height":493,"caption":"www.eg-reeds.com"},"image":{"@id":"https:\/\/eg-reeds.com\/es\/#\/schema\/logo\/image\/"},"sameAs":["https:\/\/www.facebook.com\/EGREEDS","https:\/\/x.com\/egreeds","https:\/\/www.instagram.com\/egreeds\/","https:\/\/www.youtube.com\/c\/EGREEDS","https:\/\/www.threads.net\/@egreeds","https:\/\/www.tiktok.com\/@egreeds"]}]},"product_price_amount":"1350.00","product_price_currency":"EUR","og_availability":"instock","product_availability":"instock","product_retailer_item_id":"OB","product_condition":"new"},"_links":{"self":[{"href":"https:\/\/eg-reeds.com\/es\/wp-json\/wp\/v2\/product\/33178","targetHints":{"allow":["GET"]}}],"collection":[{"href":"https:\/\/eg-reeds.com\/es\/wp-json\/wp\/v2\/product"}],"about":[{"href":"https:\/\/eg-reeds.com\/es\/wp-json\/wp\/v2\/types\/product"}],"replies":[{"embeddable":true,"href":"https:\/\/eg-reeds.com\/es\/wp-json\/wp\/v2\/comments?post=33178"}],"wp:featuredmedia":[{"embeddable":true,"href":"https:\/\/eg-reeds.com\/es\/wp-json\/wp\/v2\/media\/33294"}],"wp:attachment":[{"href":"https:\/\/eg-reeds.com\/es\/wp-json\/wp\/v2\/media?parent=33178"}],"wp:term":[{"taxonomy":"product_brand","embeddable":true,"href":"https:\/\/eg-reeds.com\/es\/wp-json\/wp\/v2\/product_brand?post=33178"},{"taxonomy":"product_cat","embeddable":true,"href":"https:\/\/eg-reeds.com\/es\/wp-json\/wp\/v2\/product_cat?post=33178"},{"taxonomy":"product_tag","embeddable":true,"href":"https:\/\/eg-reeds.com\/es\/wp-json\/wp\/v2\/product_tag?post=33178"},{"taxonomy":"giftcard-category","embeddable":true,"href":"https:\/\/eg-reeds.com\/es\/wp-json\/wp\/v2\/giftcard-category?post=33178"}],"curies":[{"name":"wp","href":"https:\/\/api.w.org\/{rel}","templated":true}]}}