{"id":34139,"date":"2018-11-20T18:59:32","date_gmt":"2018-11-20T16:59:32","guid":{"rendered":"http:\/\/eg-reeds.com\/shop\/sin%20categorizar\/isaac-albeniz-cuartetos-para-oboe-y-cuerdas\/"},"modified":"2021-06-07T12:09:26","modified_gmt":"2021-06-07T10:09:26","slug":"isaac-albeniz-cuartetos-para-oboe-y-cuerdas","status":"publish","type":"product","link":"https:\/\/eg-reeds.com\/es\/shop\/partituras\/isaac-albeniz-cuartetos-para-oboe-y-cuerdas\/","title":{"rendered":"Cuartetos para oboe y cuerdas &#8211; Isaac Alb\u00e9niz."},"content":{"rendered":"<h4><strong>Cuartetos para oboe y cuerdas &#8211; Isaac Alb\u00e9niz. <\/strong><\/h4>\n<p>Cuartetos para oboe y cuerdas &#8211; Isaac Alb\u00e9niz.<\/p>\n<p><strong>Tango.\u00a0<\/strong><\/p>\n<p>Op. 165 n\u00ba 2 de la suite \u00abEspa\u00f1a\u00bb.<\/p>\n<p><strong>C\u00f3rdoba.<\/strong><\/p>\n<p>Op. 232 n\u00ba 4 de \u00abChants d&#8217;Espagne\u00bb.<\/p>\n<p>&nbsp;<\/p>\n<p>Arreglado por Jos\u00e9 Colom\u00e9 para oboe, viol\u00edn, viola y violoncello.<\/p>\n<p>Editor: Kadel Music.<\/p>\n<p>&nbsp;<\/p>\n<p>CD:<\/p>\n<div class=\"woocommerce \"><div class=\"products row row-small large-columns-3 medium-columns-2 small-columns-2 has-equal-box-heights\">\n<div class=\"product-small col has-hover product type-product post-33594 status-publish first instock product_cat-cd-discos has-post-thumbnail taxable shipping-taxable purchasable product-type-simple\">\n\t<div class=\"col-inner\">\n\t\n<div class=\"badge-container absolute left top z-1\">\n\n<\/div>\n\t<div class=\"product-small box \">\n\t\t<div class=\"box-image\">\n\t\t\t<div class=\"image-fade_in_back\">\n\t\t\t\t<a href=\"https:\/\/eg-reeds.com\/es\/shop\/cd-discos\/cuartetos-para-oboe-y-cuerdas-cuarteto-emispherio\/\">\n\t\t\t\t\t<img loading=\"lazy\" decoding=\"async\" width=\"800\" height=\"800\" src=\"https:\/\/eg-reeds.com\/wp-content\/uploads\/2018\/10\/Quartets-for-Oboe-and-Strings-by-Cuarteto-Emispherio-1024x1024.jpg\" class=\"attachment-woocommerce_thumbnail size-woocommerce_thumbnail\" alt=\"Cuartetos para oboe y cuerdas - Cuarteto Emispherio\" srcset=\"https:\/\/eg-reeds.com\/wp-content\/uploads\/2018\/10\/Quartets-for-Oboe-and-Strings-by-Cuarteto-Emispherio-1024x1024.jpg 1024w, https:\/\/eg-reeds.com\/wp-content\/uploads\/2018\/10\/Quartets-for-Oboe-and-Strings-by-Cuarteto-Emispherio-600x600.jpg 600w, https:\/\/eg-reeds.com\/wp-content\/uploads\/2018\/10\/Quartets-for-Oboe-and-Strings-by-Cuarteto-Emispherio-100x100.jpg 100w, https:\/\/eg-reeds.com\/wp-content\/uploads\/2018\/10\/Quartets-for-Oboe-and-Strings-by-Cuarteto-Emispherio-300x300.jpg 300w, https:\/\/eg-reeds.com\/wp-content\/uploads\/2018\/10\/Quartets-for-Oboe-and-Strings-by-Cuarteto-Emispherio-768x768.jpg 768w, https:\/\/eg-reeds.com\/wp-content\/uploads\/2018\/10\/Quartets-for-Oboe-and-Strings-by-Cuarteto-Emispherio-337x337.jpg 337w, https:\/\/eg-reeds.com\/wp-content\/uploads\/2018\/10\/Quartets-for-Oboe-and-Strings-by-Cuarteto-Emispherio-510x510.jpg 510w, https:\/\/eg-reeds.com\/wp-content\/uploads\/2018\/10\/Quartets-for-Oboe-and-Strings-by-Cuarteto-Emispherio.jpg 1412w\" sizes=\"auto, (max-width: 800px) 100vw, 800px\" \/><img loading=\"lazy\" decoding=\"async\" width=\"800\" height=\"800\" src=\"https:\/\/eg-reeds.com\/wp-content\/uploads\/2018\/10\/Quartets-for-Oboe-and-Strings-by-Cuarteto-Emispherio-2-800x800.jpg\" class=\"show-on-hover absolute fill hide-for-small back-image\" alt=\"Cuartetos para oboe y cuerdas Sarah Roper\" aria-hidden=\"true\" srcset=\"https:\/\/eg-reeds.com\/wp-content\/uploads\/2018\/10\/Quartets-for-Oboe-and-Strings-by-Cuarteto-Emispherio-2-800x800.jpg 800w, https:\/\/eg-reeds.com\/wp-content\/uploads\/2018\/10\/Quartets-for-Oboe-and-Strings-by-Cuarteto-Emispherio-2-100x100.jpg 100w, https:\/\/eg-reeds.com\/wp-content\/uploads\/2018\/10\/Quartets-for-Oboe-and-Strings-by-Cuarteto-Emispherio-2-300x300.jpg 300w, https:\/\/eg-reeds.com\/wp-content\/uploads\/2018\/10\/Quartets-for-Oboe-and-Strings-by-Cuarteto-Emispherio-2-337x337.jpg 337w\" sizes=\"auto, (max-width: 800px) 100vw, 800px\" \/>\t\t\t\t<\/a>\n\t\t\t<\/div>\n\t\t\t<div class=\"image-tools is-small top right show-on-hover\">\n\t\t\t\t\t\t\t<\/div>\n\t\t\t<div class=\"image-tools is-small hide-for-small bottom left show-on-hover\">\n\t\t\t\t\t\t\t<\/div>\n\t\t\t<div class=\"image-tools grid-tools text-center hide-for-small bottom hover-slide-in show-on-hover\">\n\t\t\t\t<a href=\"\/es\/wp-json\/wp\/v2\/product\/34139?add-to-cart=33594\" aria-describedby=\"woocommerce_loop_add_to_cart_link_describedby_33594\" data-quantity=\"1\" class=\"add-to-cart-grid no-padding is-transparent product_type_simple add_to_cart_button ajax_add_to_cart\" data-product_id=\"33594\" data-product_sku=\"CDEmispherio\" aria-label=\"A\u00f1adir al carrito: &ldquo;Cuartetos para oboe y cuerdas - Cuarteto Emispherio&rdquo;\" rel=\"nofollow\" data-success_message=\"\u00abCuartetos para oboe y cuerdas - Cuarteto Emispherio\u00bb se ha a\u00f1adido a tu carrito\" role=\"button\"><div class=\"cart-icon tooltip is-small\" title=\"A\u00f1adir a la cesta\"><strong>+<\/strong><\/div><\/a>\t<span id=\"woocommerce_loop_add_to_cart_link_describedby_33594\" class=\"screen-reader-text\">\n\t\t\t<\/span>\n\t\t\t<\/div>\n\t\t\t\t\t<\/div>\n\n\t\t<div class=\"box-text box-text-products text-center grid-style-2\">\n\t\t\t<div class=\"title-wrapper\"><p class=\"name product-title woocommerce-loop-product__title\"><a href=\"https:\/\/eg-reeds.com\/es\/shop\/cd-discos\/cuartetos-para-oboe-y-cuerdas-cuarteto-emispherio\/\" class=\"woocommerce-LoopProduct-link woocommerce-loop-product__link\">Cuartetos para oboe y cuerdas &#8211; Cuarteto Emispherio<\/a><\/p><\/div><div class=\"price-wrapper\">\n\t<span class=\"price\"><span class='ywcrbp_regular_price'> <span class=\"woocommerce-Price-amount amount\"><bdi>14,95<span class=\"woocommerce-Price-currencySymbol\">&euro;<\/span><\/bdi><\/span><\/span> <\/span>\n<\/div>\t\t<\/div>\n\t<\/div>\n\t\t<\/div>\n<\/div><\/div><!-- row -->\n<\/div>\n","protected":false},"excerpt":{"rendered":"<p>Cuartetos para oboe y cuerdas &#8211; Isaac Alb\u00e9niz. Cuartetos para oboe y cuerdas &#8211; Isaac Alb\u00e9niz. Tango.\u00a0 Op. 165 n\u00ba 2 de la suite \u00abEspa\u00f1a\u00bb. C\u00f3rdoba. Op. 232 n\u00ba 4 de \u00abChants d&#8217;Espagne\u00bb. &nbsp; Arreglado por Jos\u00e9 Colom\u00e9 para oboe, viol\u00edn, viola y violoncello. Editor: Kadel Music. &nbsp; CD:<\/p>\n","protected":false},"featured_media":34126,"comment_status":"open","ping_status":"closed","template":"","meta":[],"product_brand":[],"product_cat":[3798],"product_tag":[],"giftcard-category":[],"class_list":{"0":"post-34139","1":"product","2":"type-product","3":"status-publish","4":"has-post-thumbnail","6":"product_cat-partituras","8":"first","9":"outofstock","10":"taxable","11":"shipping-taxable","12":"purchasable","13":"product-type-simple"},"yoast_head":"<!-- This site is optimized with the Yoast SEO Premium plugin v27.0 (Yoast SEO v27.4) - https:\/\/yoast.com\/product\/yoast-seo-premium-wordpress\/ -->\n<title>Cuartetos para oboe y cuerdas - Isaac Alb\u00e9niz. - www.eg-reeds.com<\/title>\n<meta name=\"description\" content=\"Cuartetos para oboe y cuerdas - Isaac Alb\u00e9niz. Tango.\u00a0 Op. 165 n\u00ba 2 de la suite &quot;Espa\u00f1a&quot;. C\u00f3rdoba. Op. 232 n\u00ba 4 de &quot;Chants d&#039;Espagne&quot;. Arreglado por Jos\u00e9 Colom\u00e9 para oboe, viol\u00edn, viola y violoncello.\" \/>\n<meta name=\"robots\" content=\"index, follow, max-snippet:-1, max-image-preview:large, max-video-preview:-1\" \/>\n<link rel=\"canonical\" href=\"https:\/\/eg-reeds.com\/es\/shop\/partituras\/isaac-albeniz-cuartetos-para-oboe-y-cuerdas\/\" \/>\n<meta property=\"og:locale\" content=\"es_ES\" \/>\n<meta property=\"og:type\" content=\"article\" \/>\n<meta property=\"og:title\" content=\"Cuartetos para oboe y cuerdas - Isaac Alb\u00e9niz.\" \/>\n<meta property=\"og:description\" content=\"Cuartetos para oboe y cuerdas - Isaac Alb\u00e9niz. Tango.\u00a0 Op. 165 n\u00ba 2 de la suite &quot;Espa\u00f1a&quot;. C\u00f3rdoba. Op. 232 n\u00ba 4 de &quot;Chants d&#039;Espagne&quot;. Arreglado por Jos\u00e9 Colom\u00e9 para oboe, viol\u00edn, viola y violoncello.\" \/>\n<meta property=\"og:url\" content=\"https:\/\/eg-reeds.com\/es\/shop\/partituras\/isaac-albeniz-cuartetos-para-oboe-y-cuerdas\/\" \/>\n<meta property=\"og:site_name\" content=\"www.eg-reeds.com\" \/>\n<meta property=\"article:publisher\" content=\"https:\/\/www.facebook.com\/EGREEDS\" \/>\n<meta property=\"article:modified_time\" content=\"2021-06-07T10:09:26+00:00\" \/>\n<meta property=\"og:image\" content=\"https:\/\/eg-reeds.com\/wp-content\/uploads\/2018\/11\/Isaac-albeniz-Quartets-for-oboe-and-strings.jpg\" \/>\n\t<meta property=\"og:image:width\" content=\"371\" \/>\n\t<meta property=\"og:image:height\" content=\"529\" \/>\n\t<meta property=\"og:image:type\" content=\"image\/jpeg\" \/>\n<meta name=\"twitter:card\" content=\"summary_large_image\" \/>\n<meta name=\"twitter:site\" content=\"@egreeds\" \/>\n<meta name=\"twitter:label1\" content=\"Precio\" \/>\n\t<meta name=\"twitter:data1\" content=\"14,95&euro;\" \/>\n\t<meta name=\"twitter:label2\" content=\"Disponibilidad\" \/>\n\t<meta name=\"twitter:data2\" content=\"Sin existencias\" \/>\n<script type=\"application\/ld+json\" class=\"yoast-schema-graph\">{\"@context\":\"https:\\\/\\\/schema.org\",\"@graph\":[{\"@type\":[\"WebPage\",\"ItemPage\"],\"@id\":\"https:\\\/\\\/eg-reeds.com\\\/es\\\/shop\\\/partituras\\\/isaac-albeniz-cuartetos-para-oboe-y-cuerdas\\\/\",\"url\":\"https:\\\/\\\/eg-reeds.com\\\/es\\\/shop\\\/partituras\\\/isaac-albeniz-cuartetos-para-oboe-y-cuerdas\\\/\",\"name\":\"Cuartetos para oboe y cuerdas - Isaac Alb\u00e9niz. - www.eg-reeds.com\",\"isPartOf\":{\"@id\":\"https:\\\/\\\/eg-reeds.com\\\/es\\\/#website\"},\"primaryImageOfPage\":{\"@id\":\"https:\\\/\\\/eg-reeds.com\\\/es\\\/shop\\\/partituras\\\/isaac-albeniz-cuartetos-para-oboe-y-cuerdas\\\/#primaryimage\"},\"image\":{\"@id\":\"https:\\\/\\\/eg-reeds.com\\\/es\\\/shop\\\/partituras\\\/isaac-albeniz-cuartetos-para-oboe-y-cuerdas\\\/#primaryimage\"},\"thumbnailUrl\":\"https:\\\/\\\/eg-reeds.com\\\/wp-content\\\/uploads\\\/2018\\\/11\\\/Isaac-albeniz-Quartets-for-oboe-and-strings.jpg\",\"datePublished\":\"2018-11-20T16:59:32+00:00\",\"dateModified\":\"2021-06-07T10:09:26+00:00\",\"description\":\"Cuartetos para oboe y cuerdas - Isaac Alb\u00e9niz. Tango.\u00a0 Op. 165 n\u00ba 2 de la suite \\\"Espa\u00f1a\\\". C\u00f3rdoba. Op. 232 n\u00ba 4 de \\\"Chants d'Espagne\\\". Arreglado por Jos\u00e9 Colom\u00e9 para oboe, viol\u00edn, viola y violoncello.\",\"breadcrumb\":{\"@id\":\"https:\\\/\\\/eg-reeds.com\\\/es\\\/shop\\\/partituras\\\/isaac-albeniz-cuartetos-para-oboe-y-cuerdas\\\/#breadcrumb\"},\"inLanguage\":\"es\",\"potentialAction\":[{\"@type\":\"ReadAction\",\"target\":[\"https:\\\/\\\/eg-reeds.com\\\/es\\\/shop\\\/partituras\\\/isaac-albeniz-cuartetos-para-oboe-y-cuerdas\\\/\"]}]},{\"@type\":\"ImageObject\",\"inLanguage\":\"es\",\"@id\":\"https:\\\/\\\/eg-reeds.com\\\/es\\\/shop\\\/partituras\\\/isaac-albeniz-cuartetos-para-oboe-y-cuerdas\\\/#primaryimage\",\"url\":\"https:\\\/\\\/eg-reeds.com\\\/wp-content\\\/uploads\\\/2018\\\/11\\\/Isaac-albeniz-Quartets-for-oboe-and-strings.jpg\",\"contentUrl\":\"https:\\\/\\\/eg-reeds.com\\\/wp-content\\\/uploads\\\/2018\\\/11\\\/Isaac-albeniz-Quartets-for-oboe-and-strings.jpg\",\"width\":371,\"height\":529,\"caption\":\"Cuartetos para oboe y cuerdas - Isaac Alb\u00e9niz\"},{\"@type\":\"BreadcrumbList\",\"@id\":\"https:\\\/\\\/eg-reeds.com\\\/es\\\/shop\\\/partituras\\\/isaac-albeniz-cuartetos-para-oboe-y-cuerdas\\\/#breadcrumb\",\"itemListElement\":[{\"@type\":\"ListItem\",\"position\":1,\"name\":\"Inicio\",\"item\":\"https:\\\/\\\/eg-reeds.com\\\/es\\\/\"},{\"@type\":\"ListItem\",\"position\":2,\"name\":\"Tienda\",\"item\":\"https:\\\/\\\/eg-reeds.com\\\/es\\\/\"},{\"@type\":\"ListItem\",\"position\":3,\"name\":\"Cuartetos para oboe y cuerdas &#8211; Isaac Alb\u00e9niz.\"}]},{\"@type\":\"WebSite\",\"@id\":\"https:\\\/\\\/eg-reeds.com\\\/es\\\/#website\",\"url\":\"https:\\\/\\\/eg-reeds.com\\\/es\\\/\",\"name\":\"www.eg-reeds.com\",\"description\":\"Ca\u00f1as oboe\",\"publisher\":{\"@id\":\"https:\\\/\\\/eg-reeds.com\\\/es\\\/#organization\"},\"alternateName\":\"eg-reeds.com\",\"potentialAction\":[{\"@type\":\"SearchAction\",\"target\":{\"@type\":\"EntryPoint\",\"urlTemplate\":\"https:\\\/\\\/eg-reeds.com\\\/es\\\/?s={search_term_string}\"},\"query-input\":{\"@type\":\"PropertyValueSpecification\",\"valueRequired\":true,\"valueName\":\"search_term_string\"}}],\"inLanguage\":\"es\"},{\"@type\":\"Organization\",\"@id\":\"https:\\\/\\\/eg-reeds.com\\\/es\\\/#organization\",\"name\":\"www.eg-reeds.com\",\"url\":\"https:\\\/\\\/eg-reeds.com\\\/es\\\/\",\"logo\":{\"@type\":\"ImageObject\",\"inLanguage\":\"es\",\"@id\":\"https:\\\/\\\/eg-reeds.com\\\/es\\\/#\\\/schema\\\/logo\\\/image\\\/\",\"url\":\"https:\\\/\\\/eg-reeds.com\\\/wp-content\\\/uploads\\\/2024\\\/06\\\/Logo-scaled-e1718793906611.jpg\",\"contentUrl\":\"https:\\\/\\\/eg-reeds.com\\\/wp-content\\\/uploads\\\/2024\\\/06\\\/Logo-scaled-e1718793906611.jpg\",\"width\":1200,\"height\":493,\"caption\":\"www.eg-reeds.com\"},\"image\":{\"@id\":\"https:\\\/\\\/eg-reeds.com\\\/es\\\/#\\\/schema\\\/logo\\\/image\\\/\"},\"sameAs\":[\"https:\\\/\\\/www.facebook.com\\\/EGREEDS\",\"https:\\\/\\\/x.com\\\/egreeds\",\"https:\\\/\\\/www.instagram.com\\\/egreeds\\\/\",\"https:\\\/\\\/www.youtube.com\\\/c\\\/EGREEDS\",\"https:\\\/\\\/www.threads.net\\\/@egreeds\",\"https:\\\/\\\/www.tiktok.com\\\/@egreeds\"]}]}<\/script>\n<meta property=\"product:price:amount\" content=\"14.95\" \/>\n<meta property=\"product:price:currency\" content=\"EUR\" \/>\n<meta property=\"og:availability\" content=\"out of stock\" \/>\n<meta property=\"product:availability\" content=\"out of stock\" \/>\n<meta property=\"product:retailer_item_id\" content=\"SMAlbeniz\" \/>\n<meta property=\"product:condition\" content=\"new\" \/>\n<!-- \/ Yoast SEO Premium plugin. -->","yoast_head_json":{"title":"Cuartetos para oboe y cuerdas - Isaac Alb\u00e9niz. - www.eg-reeds.com","description":"Cuartetos para oboe y cuerdas - Isaac Alb\u00e9niz. Tango.\u00a0 Op. 165 n\u00ba 2 de la suite \"Espa\u00f1a\". C\u00f3rdoba. Op. 232 n\u00ba 4 de \"Chants d'Espagne\". Arreglado por Jos\u00e9 Colom\u00e9 para oboe, viol\u00edn, viola y violoncello.","robots":{"index":"index","follow":"follow","max-snippet":"max-snippet:-1","max-image-preview":"max-image-preview:large","max-video-preview":"max-video-preview:-1"},"canonical":"https:\/\/eg-reeds.com\/es\/shop\/partituras\/isaac-albeniz-cuartetos-para-oboe-y-cuerdas\/","og_locale":"es_ES","og_type":"article","og_title":"Cuartetos para oboe y cuerdas - Isaac Alb\u00e9niz.","og_description":"Cuartetos para oboe y cuerdas - Isaac Alb\u00e9niz. Tango.\u00a0 Op. 165 n\u00ba 2 de la suite \"Espa\u00f1a\". C\u00f3rdoba. Op. 232 n\u00ba 4 de \"Chants d'Espagne\". Arreglado por Jos\u00e9 Colom\u00e9 para oboe, viol\u00edn, viola y violoncello.","og_url":"https:\/\/eg-reeds.com\/es\/shop\/partituras\/isaac-albeniz-cuartetos-para-oboe-y-cuerdas\/","og_site_name":"www.eg-reeds.com","article_publisher":"https:\/\/www.facebook.com\/EGREEDS","article_modified_time":"2021-06-07T10:09:26+00:00","og_image":[{"width":371,"height":529,"url":"https:\/\/eg-reeds.com\/wp-content\/uploads\/2018\/11\/Isaac-albeniz-Quartets-for-oboe-and-strings.jpg","type":"image\/jpeg"}],"twitter_card":"summary_large_image","twitter_site":"@egreeds","twitter_misc":{"Precio":"14,95&euro;","Disponibilidad":"Sin existencias"},"schema":{"@context":"https:\/\/schema.org","@graph":[{"@type":["WebPage","ItemPage"],"@id":"https:\/\/eg-reeds.com\/es\/shop\/partituras\/isaac-albeniz-cuartetos-para-oboe-y-cuerdas\/","url":"https:\/\/eg-reeds.com\/es\/shop\/partituras\/isaac-albeniz-cuartetos-para-oboe-y-cuerdas\/","name":"Cuartetos para oboe y cuerdas - Isaac Alb\u00e9niz. - www.eg-reeds.com","isPartOf":{"@id":"https:\/\/eg-reeds.com\/es\/#website"},"primaryImageOfPage":{"@id":"https:\/\/eg-reeds.com\/es\/shop\/partituras\/isaac-albeniz-cuartetos-para-oboe-y-cuerdas\/#primaryimage"},"image":{"@id":"https:\/\/eg-reeds.com\/es\/shop\/partituras\/isaac-albeniz-cuartetos-para-oboe-y-cuerdas\/#primaryimage"},"thumbnailUrl":"https:\/\/eg-reeds.com\/wp-content\/uploads\/2018\/11\/Isaac-albeniz-Quartets-for-oboe-and-strings.jpg","datePublished":"2018-11-20T16:59:32+00:00","dateModified":"2021-06-07T10:09:26+00:00","description":"Cuartetos para oboe y cuerdas - Isaac Alb\u00e9niz. Tango.\u00a0 Op. 165 n\u00ba 2 de la suite \"Espa\u00f1a\". C\u00f3rdoba. Op. 232 n\u00ba 4 de \"Chants d'Espagne\". Arreglado por Jos\u00e9 Colom\u00e9 para oboe, viol\u00edn, viola y violoncello.","breadcrumb":{"@id":"https:\/\/eg-reeds.com\/es\/shop\/partituras\/isaac-albeniz-cuartetos-para-oboe-y-cuerdas\/#breadcrumb"},"inLanguage":"es","potentialAction":[{"@type":"ReadAction","target":["https:\/\/eg-reeds.com\/es\/shop\/partituras\/isaac-albeniz-cuartetos-para-oboe-y-cuerdas\/"]}]},{"@type":"ImageObject","inLanguage":"es","@id":"https:\/\/eg-reeds.com\/es\/shop\/partituras\/isaac-albeniz-cuartetos-para-oboe-y-cuerdas\/#primaryimage","url":"https:\/\/eg-reeds.com\/wp-content\/uploads\/2018\/11\/Isaac-albeniz-Quartets-for-oboe-and-strings.jpg","contentUrl":"https:\/\/eg-reeds.com\/wp-content\/uploads\/2018\/11\/Isaac-albeniz-Quartets-for-oboe-and-strings.jpg","width":371,"height":529,"caption":"Cuartetos para oboe y cuerdas - Isaac Alb\u00e9niz"},{"@type":"BreadcrumbList","@id":"https:\/\/eg-reeds.com\/es\/shop\/partituras\/isaac-albeniz-cuartetos-para-oboe-y-cuerdas\/#breadcrumb","itemListElement":[{"@type":"ListItem","position":1,"name":"Inicio","item":"https:\/\/eg-reeds.com\/es\/"},{"@type":"ListItem","position":2,"name":"Tienda","item":"https:\/\/eg-reeds.com\/es\/"},{"@type":"ListItem","position":3,"name":"Cuartetos para oboe y cuerdas &#8211; Isaac Alb\u00e9niz."}]},{"@type":"WebSite","@id":"https:\/\/eg-reeds.com\/es\/#website","url":"https:\/\/eg-reeds.com\/es\/","name":"www.eg-reeds.com","description":"Ca\u00f1as oboe","publisher":{"@id":"https:\/\/eg-reeds.com\/es\/#organization"},"alternateName":"eg-reeds.com","potentialAction":[{"@type":"SearchAction","target":{"@type":"EntryPoint","urlTemplate":"https:\/\/eg-reeds.com\/es\/?s={search_term_string}"},"query-input":{"@type":"PropertyValueSpecification","valueRequired":true,"valueName":"search_term_string"}}],"inLanguage":"es"},{"@type":"Organization","@id":"https:\/\/eg-reeds.com\/es\/#organization","name":"www.eg-reeds.com","url":"https:\/\/eg-reeds.com\/es\/","logo":{"@type":"ImageObject","inLanguage":"es","@id":"https:\/\/eg-reeds.com\/es\/#\/schema\/logo\/image\/","url":"https:\/\/eg-reeds.com\/wp-content\/uploads\/2024\/06\/Logo-scaled-e1718793906611.jpg","contentUrl":"https:\/\/eg-reeds.com\/wp-content\/uploads\/2024\/06\/Logo-scaled-e1718793906611.jpg","width":1200,"height":493,"caption":"www.eg-reeds.com"},"image":{"@id":"https:\/\/eg-reeds.com\/es\/#\/schema\/logo\/image\/"},"sameAs":["https:\/\/www.facebook.com\/EGREEDS","https:\/\/x.com\/egreeds","https:\/\/www.instagram.com\/egreeds\/","https:\/\/www.youtube.com\/c\/EGREEDS","https:\/\/www.threads.net\/@egreeds","https:\/\/www.tiktok.com\/@egreeds"]}]},"product_price_amount":"14.95","product_price_currency":"EUR","og_availability":"out of stock","product_availability":"out of stock","product_retailer_item_id":"SMAlbeniz","product_condition":"new"},"_links":{"self":[{"href":"https:\/\/eg-reeds.com\/es\/wp-json\/wp\/v2\/product\/34139","targetHints":{"allow":["GET"]}}],"collection":[{"href":"https:\/\/eg-reeds.com\/es\/wp-json\/wp\/v2\/product"}],"about":[{"href":"https:\/\/eg-reeds.com\/es\/wp-json\/wp\/v2\/types\/product"}],"replies":[{"embeddable":true,"href":"https:\/\/eg-reeds.com\/es\/wp-json\/wp\/v2\/comments?post=34139"}],"wp:featuredmedia":[{"embeddable":true,"href":"https:\/\/eg-reeds.com\/es\/wp-json\/wp\/v2\/media\/34126"}],"wp:attachment":[{"href":"https:\/\/eg-reeds.com\/es\/wp-json\/wp\/v2\/media?parent=34139"}],"wp:term":[{"taxonomy":"product_brand","embeddable":true,"href":"https:\/\/eg-reeds.com\/es\/wp-json\/wp\/v2\/product_brand?post=34139"},{"taxonomy":"product_cat","embeddable":true,"href":"https:\/\/eg-reeds.com\/es\/wp-json\/wp\/v2\/product_cat?post=34139"},{"taxonomy":"product_tag","embeddable":true,"href":"https:\/\/eg-reeds.com\/es\/wp-json\/wp\/v2\/product_tag?post=34139"},{"taxonomy":"giftcard-category","embeddable":true,"href":"https:\/\/eg-reeds.com\/es\/wp-json\/wp\/v2\/giftcard-category?post=34139"}],"curies":[{"name":"wp","href":"https:\/\/api.w.org\/{rel}","templated":true}]}}