{"id":35711,"date":"2019-05-09T10:37:49","date_gmt":"2019-05-09T09:37:49","guid":{"rendered":"http:\/\/eg-reeds.com\/shop\/sincategorizar\/cana-oboe-mayer\/"},"modified":"2024-04-15T10:44:23","modified_gmt":"2024-04-15T09:44:23","slug":"cana-oboe-mayer","status":"publish","type":"product","link":"https:\/\/eg-reeds.com\/es\/shop\/canas-profesionales\/canas-oboe\/cana-oboe-mayer\/","title":{"rendered":"Ca\u00f1a oboe Mayer"},"content":{"rendered":"<h1><strong>Ca\u00f1a oboe Mayer.\u00a0<\/strong><\/h1>\n<p>Ca\u00f1a oboe Mayer es una ca\u00f1a de nivel profesional hecha por la experiencia de los profesionales de EG-REEDS. La forma es Albrecht Mayer y el tudel puede ser\u00a0<a href=\"https:\/\/eg-reeds.com\/es\/shop\/tudeles\/tudel-oboe-albrecht-mayer-47\/\" target=\"_blank\" rel=\"noopener noreferrer\">Guercio Albrecht Mayer 47<\/a>\u00a0o 46.<\/p>\n<p data-sourcepos=\"11:1-11:264\">\u00bfBuscas una ca\u00f1a de oboe que te brinde un sonido oscuro y una interpretaci\u00f3n fluida? La ca\u00f1a oboe Mayer de EG-REEDS es la elecci\u00f3n perfecta. Elaborada con palas de alta calidad y forma Mayer, esta ca\u00f1a ofrece:<\/p>\n<ul data-sourcepos=\"13:1-16:0\">\n<li data-sourcepos=\"13:1-13:111\"><strong>Sonido oscuro y rico:<\/strong>\u00a0Disfruta de un timbre profundo y resonante que te permitir\u00e1 expresarte con matices.<\/li>\n<li data-sourcepos=\"14:1-14:127\"><strong>Afinaci\u00f3n estable:<\/strong> Esta ca\u00f1a mantiene una afinaci\u00f3n precisa en todo el registro.<\/li>\n<li data-sourcepos=\"15:1-16:0\"><strong>Emisi\u00f3n f\u00e1cil y sin esfuerzo:<\/strong>\u00a0Toca con fluidez y precisi\u00f3n gracias a la respuesta r\u00e1pida y sensible de la ca\u00f1a.<\/li>\n<\/ul>\n<p>&nbsp;<\/p>\n<p data-sourcepos=\"17:1-17:29\"><strong>Personal\u00edzala a tu gusto:<\/strong><\/p>\n<p data-sourcepos=\"19:1-19:168\">Elige el tudel que mejor se adapte a tu oboe (Guercio Albrecht Mayer 47 o 46) y la dureza que prefieras. Adem\u00e1s, puedes optar por incluir alambre o no.<\/p>\n<p>&nbsp;<\/p>\n<p><strong>Rec\u00edbela lista para tocar:<\/strong><\/p>\n<p>Cada ca\u00f1a se prueba meticulosamente antes de enviarse, para que la recibas lista para disfrutar de tu interpretaci\u00f3n, tanto si eres obo\u00edsta profesional como estudiante.<\/p>\n<p>&nbsp;<\/p>\n<h2 data-sourcepos=\"25:1-25:21\"><strong>Especificaciones Ca\u00f1a Mayer:<\/strong><\/h2>\n<ul data-sourcepos=\"27:1-31:0\">\n<li data-sourcepos=\"27:1-27:57\">Pala: EG-REEDS<\/li>\n<li data-sourcepos=\"27:1-27:57\">Forma: Mayer<\/li>\n<li data-sourcepos=\"27:1-27:57\">Tudel: Guercio Mayer 47 o 46<\/li>\n<li data-sourcepos=\"27:1-27:57\">Largo del raspado: entre 10 y 11 mm<\/li>\n<li>Largo de la ca\u00f1a acabada: depende del tudel (ver tabla)\n<ul data-sourcepos=\"27:1-31:0\">\n<li data-sourcepos=\"27:1-27:57\">Tudel Guercio Mayer 47 mm &#8211; Ca\u00f1a terminada: 72 mm<\/li>\n<li data-sourcepos=\"30:1-31:0\">Tudel Guercio Mayer 46 mm &#8211; Ca\u00f1a terminada: 71 mm<\/li>\n<\/ul>\n<\/li>\n<\/ul>\n","protected":false},"excerpt":{"rendered":"<p>Ca\u00f1a profesional de oboe Mayer<\/p>\n","protected":false},"featured_media":35710,"comment_status":"open","ping_status":"closed","template":"","meta":[],"product_brand":[],"product_cat":[502,477],"product_tag":[],"giftcard-category":[],"class_list":{"0":"post-35711","1":"product","2":"type-product","3":"status-publish","4":"has-post-thumbnail","6":"product_cat-canas-oboe","7":"product_cat-canas-profesionales","8":"pa_brass-wire-no-es","9":"pa_brass-wire-si","10":"pa_staple-mayer-46-es","11":"pa_staple-mayer-47-es","13":"first","14":"instock","15":"featured","16":"taxable","17":"shipping-taxable","18":"purchasable","19":"product-type-variable","20":"has-default-attributes"},"yoast_head":"<!-- This site is optimized with the Yoast SEO Premium plugin v27.0 (Yoast SEO v27.2) - https:\/\/yoast.com\/product\/yoast-seo-premium-wordpress\/ -->\n<title>Ca\u00f1a oboe Mayer - www.eg-reeds.com<\/title>\n<meta name=\"description\" content=\"Ca\u00f1a oboe Mayer. La ca\u00f1a profesional Mayer de EG-REEDS, ofrece un sonido oscuro, afinaci\u00f3n estable y f\u00e1cil emisi\u00f3n. Elige tudel ,dureza y si quieres alambre\" \/>\n<meta name=\"robots\" content=\"index, follow, max-snippet:-1, max-image-preview:large, max-video-preview:-1\" \/>\n<link rel=\"canonical\" href=\"https:\/\/eg-reeds.com\/es\/shop\/canas-profesionales\/canas-oboe\/cana-oboe-mayer\/\" \/>\n<meta property=\"og:locale\" content=\"es_ES\" \/>\n<meta property=\"og:type\" content=\"article\" \/>\n<meta property=\"og:title\" content=\"Ca\u00f1a oboe Mayer\" \/>\n<meta property=\"og:description\" content=\"Ca\u00f1a oboe Mayer. La ca\u00f1a profesional Mayer de EG-REEDS, ofrece un sonido oscuro, afinaci\u00f3n estable y f\u00e1cil emisi\u00f3n. Elige tudel ,dureza y si quieres alambre\" \/>\n<meta property=\"og:url\" content=\"https:\/\/eg-reeds.com\/es\/shop\/canas-profesionales\/canas-oboe\/cana-oboe-mayer\/\" \/>\n<meta property=\"og:site_name\" content=\"www.eg-reeds.com\" \/>\n<meta property=\"article:publisher\" content=\"https:\/\/www.facebook.com\/EGREEDS\" \/>\n<meta property=\"article:modified_time\" content=\"2024-04-15T09:44:23+00:00\" \/>\n<meta property=\"og:image\" content=\"https:\/\/eg-reeds.com\/wp-content\/uploads\/2019\/05\/Oboe-reed-mayer.jpg\" \/>\n\t<meta property=\"og:image:width\" content=\"1280\" \/>\n\t<meta property=\"og:image:height\" content=\"1088\" \/>\n\t<meta property=\"og:image:type\" content=\"image\/jpeg\" \/>\n<meta name=\"twitter:card\" content=\"summary_large_image\" \/>\n<meta name=\"twitter:site\" content=\"@egreeds\" \/>\n<meta name=\"twitter:label1\" content=\"Disponibilidad\" \/>\n\t<meta name=\"twitter:data1\" content=\"Disponible\" \/>\n<script type=\"application\/ld+json\" class=\"yoast-schema-graph\">{\"@context\":\"https:\/\/schema.org\",\"@graph\":[{\"@type\":[\"WebPage\",\"ItemPage\"],\"@id\":\"https:\/\/eg-reeds.com\/es\/shop\/canas-profesionales\/canas-oboe\/cana-oboe-mayer\/\",\"url\":\"https:\/\/eg-reeds.com\/es\/shop\/canas-profesionales\/canas-oboe\/cana-oboe-mayer\/\",\"name\":\"Ca\u00f1a oboe Mayer - www.eg-reeds.com\",\"isPartOf\":{\"@id\":\"https:\/\/eg-reeds.com\/es\/#website\"},\"primaryImageOfPage\":{\"@id\":\"https:\/\/eg-reeds.com\/es\/shop\/canas-profesionales\/canas-oboe\/cana-oboe-mayer\/#primaryimage\"},\"image\":{\"@id\":\"https:\/\/eg-reeds.com\/es\/shop\/canas-profesionales\/canas-oboe\/cana-oboe-mayer\/#primaryimage\"},\"thumbnailUrl\":\"https:\/\/eg-reeds.com\/wp-content\/uploads\/2019\/05\/Oboe-reed-mayer.jpg\",\"datePublished\":\"2019-05-09T09:37:49+00:00\",\"dateModified\":\"2024-04-15T09:44:23+00:00\",\"description\":\"Ca\u00f1a oboe Mayer. La ca\u00f1a profesional Mayer de EG-REEDS, ofrece un sonido oscuro, afinaci\u00f3n estable y f\u00e1cil emisi\u00f3n. Elige tudel ,dureza y si quieres alambre\",\"breadcrumb\":{\"@id\":\"https:\/\/eg-reeds.com\/es\/shop\/canas-profesionales\/canas-oboe\/cana-oboe-mayer\/#breadcrumb\"},\"inLanguage\":\"es\",\"potentialAction\":[{\"@type\":\"ReadAction\",\"target\":[\"https:\/\/eg-reeds.com\/es\/shop\/canas-profesionales\/canas-oboe\/cana-oboe-mayer\/\"]}]},{\"@type\":\"ImageObject\",\"inLanguage\":\"es\",\"@id\":\"https:\/\/eg-reeds.com\/es\/shop\/canas-profesionales\/canas-oboe\/cana-oboe-mayer\/#primaryimage\",\"url\":\"https:\/\/eg-reeds.com\/wp-content\/uploads\/2019\/05\/Oboe-reed-mayer.jpg\",\"contentUrl\":\"https:\/\/eg-reeds.com\/wp-content\/uploads\/2019\/05\/Oboe-reed-mayer.jpg\",\"width\":1280,\"height\":1088,\"caption\":\"Ca\u00f1a oboe Mayer profesional\"},{\"@type\":\"BreadcrumbList\",\"@id\":\"https:\/\/eg-reeds.com\/es\/shop\/canas-profesionales\/canas-oboe\/cana-oboe-mayer\/#breadcrumb\",\"itemListElement\":[{\"@type\":\"ListItem\",\"position\":1,\"name\":\"Inicio\",\"item\":\"https:\/\/eg-reeds.com\/es\/\"},{\"@type\":\"ListItem\",\"position\":2,\"name\":\"Tienda\",\"item\":\"https:\/\/eg-reeds.com\/es\/\"},{\"@type\":\"ListItem\",\"position\":3,\"name\":\"Ca\u00f1a oboe Mayer\"}]},{\"@type\":\"WebSite\",\"@id\":\"https:\/\/eg-reeds.com\/es\/#website\",\"url\":\"https:\/\/eg-reeds.com\/es\/\",\"name\":\"www.eg-reeds.com\",\"description\":\"Ca\u00f1as oboe\",\"publisher\":{\"@id\":\"https:\/\/eg-reeds.com\/es\/#organization\"},\"alternateName\":\"eg-reeds.com\",\"potentialAction\":[{\"@type\":\"SearchAction\",\"target\":{\"@type\":\"EntryPoint\",\"urlTemplate\":\"https:\/\/eg-reeds.com\/es\/?s={search_term_string}\"},\"query-input\":{\"@type\":\"PropertyValueSpecification\",\"valueRequired\":true,\"valueName\":\"search_term_string\"}}],\"inLanguage\":\"es\"},{\"@type\":\"Organization\",\"@id\":\"https:\/\/eg-reeds.com\/es\/#organization\",\"name\":\"www.eg-reeds.com\",\"url\":\"https:\/\/eg-reeds.com\/es\/\",\"logo\":{\"@type\":\"ImageObject\",\"inLanguage\":\"es\",\"@id\":\"https:\/\/eg-reeds.com\/es\/#\/schema\/logo\/image\/\",\"url\":\"https:\/\/eg-reeds.com\/wp-content\/uploads\/2024\/06\/Logo-scaled-e1718793906611.jpg\",\"contentUrl\":\"https:\/\/eg-reeds.com\/wp-content\/uploads\/2024\/06\/Logo-scaled-e1718793906611.jpg\",\"width\":1200,\"height\":493,\"caption\":\"www.eg-reeds.com\"},\"image\":{\"@id\":\"https:\/\/eg-reeds.com\/es\/#\/schema\/logo\/image\/\"},\"sameAs\":[\"https:\/\/www.facebook.com\/EGREEDS\",\"https:\/\/x.com\/egreeds\",\"https:\/\/www.instagram.com\/egreeds\/\",\"https:\/\/www.youtube.com\/c\/EGREEDS\",\"https:\/\/www.threads.net\/@egreeds\",\"https:\/\/www.tiktok.com\/@egreeds\"]}]}<\/script>\n<meta property=\"og:availability\" content=\"instock\" \/>\n<meta property=\"product:availability\" content=\"instock\" \/>\n<meta property=\"product:retailer_item_id\" content=\"CPOB-Mayer\" \/>\n<meta property=\"product:condition\" content=\"new\" \/>\n<!-- \/ Yoast SEO Premium plugin. -->","yoast_head_json":{"title":"Ca\u00f1a oboe Mayer - www.eg-reeds.com","description":"Ca\u00f1a oboe Mayer. La ca\u00f1a profesional Mayer de EG-REEDS, ofrece un sonido oscuro, afinaci\u00f3n estable y f\u00e1cil emisi\u00f3n. Elige tudel ,dureza y si quieres alambre","robots":{"index":"index","follow":"follow","max-snippet":"max-snippet:-1","max-image-preview":"max-image-preview:large","max-video-preview":"max-video-preview:-1"},"canonical":"https:\/\/eg-reeds.com\/es\/shop\/canas-profesionales\/canas-oboe\/cana-oboe-mayer\/","og_locale":"es_ES","og_type":"article","og_title":"Ca\u00f1a oboe Mayer","og_description":"Ca\u00f1a oboe Mayer. La ca\u00f1a profesional Mayer de EG-REEDS, ofrece un sonido oscuro, afinaci\u00f3n estable y f\u00e1cil emisi\u00f3n. Elige tudel ,dureza y si quieres alambre","og_url":"https:\/\/eg-reeds.com\/es\/shop\/canas-profesionales\/canas-oboe\/cana-oboe-mayer\/","og_site_name":"www.eg-reeds.com","article_publisher":"https:\/\/www.facebook.com\/EGREEDS","article_modified_time":"2024-04-15T09:44:23+00:00","og_image":[{"width":1280,"height":1088,"url":"https:\/\/eg-reeds.com\/wp-content\/uploads\/2019\/05\/Oboe-reed-mayer.jpg","type":"image\/jpeg"}],"twitter_card":"summary_large_image","twitter_site":"@egreeds","twitter_misc":{"Disponibilidad":"Disponible"},"schema":{"@context":"https:\/\/schema.org","@graph":[{"@type":["WebPage","ItemPage"],"@id":"https:\/\/eg-reeds.com\/es\/shop\/canas-profesionales\/canas-oboe\/cana-oboe-mayer\/","url":"https:\/\/eg-reeds.com\/es\/shop\/canas-profesionales\/canas-oboe\/cana-oboe-mayer\/","name":"Ca\u00f1a oboe Mayer - www.eg-reeds.com","isPartOf":{"@id":"https:\/\/eg-reeds.com\/es\/#website"},"primaryImageOfPage":{"@id":"https:\/\/eg-reeds.com\/es\/shop\/canas-profesionales\/canas-oboe\/cana-oboe-mayer\/#primaryimage"},"image":{"@id":"https:\/\/eg-reeds.com\/es\/shop\/canas-profesionales\/canas-oboe\/cana-oboe-mayer\/#primaryimage"},"thumbnailUrl":"https:\/\/eg-reeds.com\/wp-content\/uploads\/2019\/05\/Oboe-reed-mayer.jpg","datePublished":"2019-05-09T09:37:49+00:00","dateModified":"2024-04-15T09:44:23+00:00","description":"Ca\u00f1a oboe Mayer. La ca\u00f1a profesional Mayer de EG-REEDS, ofrece un sonido oscuro, afinaci\u00f3n estable y f\u00e1cil emisi\u00f3n. Elige tudel ,dureza y si quieres alambre","breadcrumb":{"@id":"https:\/\/eg-reeds.com\/es\/shop\/canas-profesionales\/canas-oboe\/cana-oboe-mayer\/#breadcrumb"},"inLanguage":"es","potentialAction":[{"@type":"ReadAction","target":["https:\/\/eg-reeds.com\/es\/shop\/canas-profesionales\/canas-oboe\/cana-oboe-mayer\/"]}]},{"@type":"ImageObject","inLanguage":"es","@id":"https:\/\/eg-reeds.com\/es\/shop\/canas-profesionales\/canas-oboe\/cana-oboe-mayer\/#primaryimage","url":"https:\/\/eg-reeds.com\/wp-content\/uploads\/2019\/05\/Oboe-reed-mayer.jpg","contentUrl":"https:\/\/eg-reeds.com\/wp-content\/uploads\/2019\/05\/Oboe-reed-mayer.jpg","width":1280,"height":1088,"caption":"Ca\u00f1a oboe Mayer profesional"},{"@type":"BreadcrumbList","@id":"https:\/\/eg-reeds.com\/es\/shop\/canas-profesionales\/canas-oboe\/cana-oboe-mayer\/#breadcrumb","itemListElement":[{"@type":"ListItem","position":1,"name":"Inicio","item":"https:\/\/eg-reeds.com\/es\/"},{"@type":"ListItem","position":2,"name":"Tienda","item":"https:\/\/eg-reeds.com\/es\/"},{"@type":"ListItem","position":3,"name":"Ca\u00f1a oboe Mayer"}]},{"@type":"WebSite","@id":"https:\/\/eg-reeds.com\/es\/#website","url":"https:\/\/eg-reeds.com\/es\/","name":"www.eg-reeds.com","description":"Ca\u00f1as oboe","publisher":{"@id":"https:\/\/eg-reeds.com\/es\/#organization"},"alternateName":"eg-reeds.com","potentialAction":[{"@type":"SearchAction","target":{"@type":"EntryPoint","urlTemplate":"https:\/\/eg-reeds.com\/es\/?s={search_term_string}"},"query-input":{"@type":"PropertyValueSpecification","valueRequired":true,"valueName":"search_term_string"}}],"inLanguage":"es"},{"@type":"Organization","@id":"https:\/\/eg-reeds.com\/es\/#organization","name":"www.eg-reeds.com","url":"https:\/\/eg-reeds.com\/es\/","logo":{"@type":"ImageObject","inLanguage":"es","@id":"https:\/\/eg-reeds.com\/es\/#\/schema\/logo\/image\/","url":"https:\/\/eg-reeds.com\/wp-content\/uploads\/2024\/06\/Logo-scaled-e1718793906611.jpg","contentUrl":"https:\/\/eg-reeds.com\/wp-content\/uploads\/2024\/06\/Logo-scaled-e1718793906611.jpg","width":1200,"height":493,"caption":"www.eg-reeds.com"},"image":{"@id":"https:\/\/eg-reeds.com\/es\/#\/schema\/logo\/image\/"},"sameAs":["https:\/\/www.facebook.com\/EGREEDS","https:\/\/x.com\/egreeds","https:\/\/www.instagram.com\/egreeds\/","https:\/\/www.youtube.com\/c\/EGREEDS","https:\/\/www.threads.net\/@egreeds","https:\/\/www.tiktok.com\/@egreeds"]}]},"og_availability":"instock","product_availability":"instock","product_retailer_item_id":"CPOB-Mayer","product_condition":"new"},"_links":{"self":[{"href":"https:\/\/eg-reeds.com\/es\/wp-json\/wp\/v2\/product\/35711","targetHints":{"allow":["GET"]}}],"collection":[{"href":"https:\/\/eg-reeds.com\/es\/wp-json\/wp\/v2\/product"}],"about":[{"href":"https:\/\/eg-reeds.com\/es\/wp-json\/wp\/v2\/types\/product"}],"replies":[{"embeddable":true,"href":"https:\/\/eg-reeds.com\/es\/wp-json\/wp\/v2\/comments?post=35711"}],"wp:featuredmedia":[{"embeddable":true,"href":"https:\/\/eg-reeds.com\/es\/wp-json\/wp\/v2\/media\/35710"}],"wp:attachment":[{"href":"https:\/\/eg-reeds.com\/es\/wp-json\/wp\/v2\/media?parent=35711"}],"wp:term":[{"taxonomy":"product_brand","embeddable":true,"href":"https:\/\/eg-reeds.com\/es\/wp-json\/wp\/v2\/product_brand?post=35711"},{"taxonomy":"product_cat","embeddable":true,"href":"https:\/\/eg-reeds.com\/es\/wp-json\/wp\/v2\/product_cat?post=35711"},{"taxonomy":"product_tag","embeddable":true,"href":"https:\/\/eg-reeds.com\/es\/wp-json\/wp\/v2\/product_tag?post=35711"},{"taxonomy":"giftcard-category","embeddable":true,"href":"https:\/\/eg-reeds.com\/es\/wp-json\/wp\/v2\/giftcard-category?post=35711"}],"curies":[{"name":"wp","href":"https:\/\/api.w.org\/{rel}","templated":true}]}}