{"id":36326,"date":"2019-05-28T14:03:48","date_gmt":"2019-05-28T12:03:48","guid":{"rendered":"http:\/\/eg-reeds.com\/shop\/sincategorizar\/medidor-de-dureza-digital-reeds-n-stuff\/"},"modified":"2025-03-26T08:47:11","modified_gmt":"2025-03-26T07:47:11","slug":"medidor-de-dureza-digital-reeds-n-stuff","status":"publish","type":"product","link":"https:\/\/eg-reeds.com\/es\/shop\/accesorios\/medicion\/medidor-de-dureza-digital-reeds-n-stuff\/","title":{"rendered":"Medidor de dureza digital Reeds &#8216;n Stuff"},"content":{"rendered":"<h1><strong>Medidor de dureza digital Reeds &#8216;n Stuff.<\/strong><\/h1>\n<p>El medidor de dureza digital de Reeds &#8216;n Stuff es una herramienta esencial para obo\u00edstas y fabricantes de ca\u00f1as que buscan precisi\u00f3n en su trabajo. Este dispositivo de \u00faltima generaci\u00f3n mide con precisi\u00f3n la dureza de las palas de oboe, permiti\u00e9ndote seleccionar el material ideal para ti.<\/p>\n<p>Equipado con una pantalla digital clara y f\u00e1cil de leer, ofrece resultados r\u00e1pidos y precisos. Su dise\u00f1o ergon\u00f3mico garantiza un uso c\u00f3modo, mientras que su construcci\u00f3n robusta asegura durabilidad y fiabilidad a largo plazo.<\/p>\n<p>Perfecto tanto para profesionales como para estudiantes, este instrumento se convierte en un aliado indispensable para perfeccionar tu t\u00e9cnica de fabricaci\u00f3n de ca\u00f1as y alcanzar una calidad superior.<\/p>\n<p>&nbsp;<\/p>\n<p>\u00bfBuscas medir con precisi\u00f3n digital la dureza de tus palas de oboe?\ud83d\udccf<\/p>\n<p><b><br \/>\n<\/b>Necesitas el\u00a0<strong>Medidor de dureza Reeds &#8216;n Stuff:<\/strong><\/p>\n<p>\u2705\u00a0obt\u00e9n mediciones exactas al instante<\/p>\n<p>\u2705 elige las mejores palas para crear tus ca\u00f1as perfectas<\/p>\n<p>\u2705 f\u00e1cil de usar<\/p>\n<p>&nbsp;<\/p>\n<p>Env\u00edo en aproximadamente 7 d\u00edas, dependiendo del stock.<\/p>\n<p><iframe loading=\"lazy\" title=\"Medidor de dureza Reeds &#039;n Stuff \ud83d\udccfReeds &#039;n Stuff Hardness Tester\" width=\"1020\" height=\"574\" src=\"https:\/\/www.youtube.com\/embed\/uPha6dxrbPQ?feature=oembed\" frameborder=\"0\" allow=\"accelerometer; autoplay; clipboard-write; encrypted-media; gyroscope; picture-in-picture; web-share\" referrerpolicy=\"strict-origin-when-cross-origin\" allowfullscreen><\/iframe><\/p>\n","protected":false},"excerpt":{"rendered":"<p>Medidor de dureza digital Reeds &#8216;n Stuff. El medidor de dureza digital de Reeds &#8216;n Stuff es una herramienta esencial para obo\u00edstas y fabricantes de ca\u00f1as que buscan precisi\u00f3n en su trabajo. Este dispositivo de \u00faltima generaci\u00f3n mide con precisi\u00f3n la dureza de las palas de oboe, permiti\u00e9ndote seleccionar el material ideal para ti. Equipado [&#8230;]\n","protected":false},"featured_media":55001,"comment_status":"open","ping_status":"closed","template":"","meta":[],"product_brand":[],"product_cat":[1306,5169,2923],"product_tag":[],"giftcard-category":[],"class_list":{"0":"post-36326","1":"product","2":"type-product","3":"status-publish","4":"has-post-thumbnail","6":"product_cat-accesorios","7":"product_cat-medicion","8":"product_cat-reeds-n-stuff","10":"first","11":"instock","12":"taxable","13":"shipping-taxable","14":"purchasable","15":"product-type-simple"},"yoast_head":"<!-- This site is optimized with the Yoast SEO Premium plugin v27.0 (Yoast SEO v27.4) - https:\/\/yoast.com\/product\/yoast-seo-premium-wordpress\/ -->\n<title>Medidor de dureza digital Reeds &#039;n Stuff - www.eg-reeds.com<\/title>\n<meta name=\"description\" content=\"Medidor de dureza digital Reeds &#039;n Stuff. Mide con precisi\u00f3n la dureza de las palas de oboe, permiti\u00e9ndote seleccionar el material ideal para ti.\" \/>\n<meta name=\"robots\" content=\"index, follow, max-snippet:-1, max-image-preview:large, max-video-preview:-1\" \/>\n<link rel=\"canonical\" href=\"https:\/\/eg-reeds.com\/es\/shop\/accesorios\/medicion\/medidor-de-dureza-digital-reeds-n-stuff\/\" \/>\n<meta property=\"og:locale\" content=\"es_ES\" \/>\n<meta property=\"og:type\" content=\"article\" \/>\n<meta property=\"og:title\" content=\"Medidor de dureza digital Reeds &#039;n Stuff\" \/>\n<meta property=\"og:description\" content=\"Medidor de dureza digital Reeds &#039;n Stuff. Mide con precisi\u00f3n la dureza de las palas de oboe, permiti\u00e9ndote seleccionar el material ideal para ti.\" \/>\n<meta property=\"og:url\" content=\"https:\/\/eg-reeds.com\/es\/shop\/accesorios\/medicion\/medidor-de-dureza-digital-reeds-n-stuff\/\" \/>\n<meta property=\"og:site_name\" content=\"www.eg-reeds.com\" \/>\n<meta property=\"article:publisher\" content=\"https:\/\/www.facebook.com\/EGREEDS\" \/>\n<meta property=\"article:modified_time\" content=\"2025-03-26T07:47:11+00:00\" \/>\n<meta property=\"og:image\" content=\"https:\/\/eg-reeds.com\/wp-content\/uploads\/2019\/05\/Digital-Hardness-Tester-for-Oboe.jpg\" \/>\n\t<meta property=\"og:image:width\" content=\"1200\" \/>\n\t<meta property=\"og:image:height\" content=\"960\" \/>\n\t<meta property=\"og:image:type\" content=\"image\/jpeg\" \/>\n<meta name=\"twitter:card\" content=\"summary_large_image\" \/>\n<meta name=\"twitter:site\" content=\"@egreeds\" \/>\n<meta name=\"twitter:label1\" content=\"Precio\" \/>\n\t<meta name=\"twitter:data1\" content=\"602,90&euro;\" \/>\n\t<meta name=\"twitter:label2\" content=\"Disponibilidad\" \/>\n\t<meta name=\"twitter:data2\" content=\"Disponible\" \/>\n<script type=\"application\/ld+json\" class=\"yoast-schema-graph\">{\"@context\":\"https:\\\/\\\/schema.org\",\"@graph\":[{\"@type\":[\"WebPage\",\"ItemPage\"],\"@id\":\"https:\\\/\\\/eg-reeds.com\\\/es\\\/shop\\\/accesorios\\\/medicion\\\/medidor-de-dureza-digital-reeds-n-stuff\\\/\",\"url\":\"https:\\\/\\\/eg-reeds.com\\\/es\\\/shop\\\/accesorios\\\/medicion\\\/medidor-de-dureza-digital-reeds-n-stuff\\\/\",\"name\":\"Medidor de dureza digital Reeds 'n Stuff - www.eg-reeds.com\",\"isPartOf\":{\"@id\":\"https:\\\/\\\/eg-reeds.com\\\/es\\\/#website\"},\"primaryImageOfPage\":{\"@id\":\"https:\\\/\\\/eg-reeds.com\\\/es\\\/shop\\\/accesorios\\\/medicion\\\/medidor-de-dureza-digital-reeds-n-stuff\\\/#primaryimage\"},\"image\":{\"@id\":\"https:\\\/\\\/eg-reeds.com\\\/es\\\/shop\\\/accesorios\\\/medicion\\\/medidor-de-dureza-digital-reeds-n-stuff\\\/#primaryimage\"},\"thumbnailUrl\":\"https:\\\/\\\/eg-reeds.com\\\/wp-content\\\/uploads\\\/2019\\\/05\\\/Digital-Hardness-Tester-for-Oboe.jpg\",\"datePublished\":\"2019-05-28T12:03:48+00:00\",\"dateModified\":\"2025-03-26T07:47:11+00:00\",\"description\":\"Medidor de dureza digital Reeds 'n Stuff. Mide con precisi\u00f3n la dureza de las palas de oboe, permiti\u00e9ndote seleccionar el material ideal para ti.\",\"breadcrumb\":{\"@id\":\"https:\\\/\\\/eg-reeds.com\\\/es\\\/shop\\\/accesorios\\\/medicion\\\/medidor-de-dureza-digital-reeds-n-stuff\\\/#breadcrumb\"},\"inLanguage\":\"es\",\"potentialAction\":[{\"@type\":\"ReadAction\",\"target\":[\"https:\\\/\\\/eg-reeds.com\\\/es\\\/shop\\\/accesorios\\\/medicion\\\/medidor-de-dureza-digital-reeds-n-stuff\\\/\"]}]},{\"@type\":\"ImageObject\",\"inLanguage\":\"es\",\"@id\":\"https:\\\/\\\/eg-reeds.com\\\/es\\\/shop\\\/accesorios\\\/medicion\\\/medidor-de-dureza-digital-reeds-n-stuff\\\/#primaryimage\",\"url\":\"https:\\\/\\\/eg-reeds.com\\\/wp-content\\\/uploads\\\/2019\\\/05\\\/Digital-Hardness-Tester-for-Oboe.jpg\",\"contentUrl\":\"https:\\\/\\\/eg-reeds.com\\\/wp-content\\\/uploads\\\/2019\\\/05\\\/Digital-Hardness-Tester-for-Oboe.jpg\",\"width\":1200,\"height\":960,\"caption\":\"Medidor de dureza digital oboe\"},{\"@type\":\"BreadcrumbList\",\"@id\":\"https:\\\/\\\/eg-reeds.com\\\/es\\\/shop\\\/accesorios\\\/medicion\\\/medidor-de-dureza-digital-reeds-n-stuff\\\/#breadcrumb\",\"itemListElement\":[{\"@type\":\"ListItem\",\"position\":1,\"name\":\"Inicio\",\"item\":\"https:\\\/\\\/eg-reeds.com\\\/es\\\/\"},{\"@type\":\"ListItem\",\"position\":2,\"name\":\"Tienda\",\"item\":\"https:\\\/\\\/eg-reeds.com\\\/es\\\/\"},{\"@type\":\"ListItem\",\"position\":3,\"name\":\"Medidor de dureza digital Reeds &#8216;n Stuff\"}]},{\"@type\":\"WebSite\",\"@id\":\"https:\\\/\\\/eg-reeds.com\\\/es\\\/#website\",\"url\":\"https:\\\/\\\/eg-reeds.com\\\/es\\\/\",\"name\":\"www.eg-reeds.com\",\"description\":\"Ca\u00f1as oboe\",\"publisher\":{\"@id\":\"https:\\\/\\\/eg-reeds.com\\\/es\\\/#organization\"},\"alternateName\":\"eg-reeds.com\",\"potentialAction\":[{\"@type\":\"SearchAction\",\"target\":{\"@type\":\"EntryPoint\",\"urlTemplate\":\"https:\\\/\\\/eg-reeds.com\\\/es\\\/?s={search_term_string}\"},\"query-input\":{\"@type\":\"PropertyValueSpecification\",\"valueRequired\":true,\"valueName\":\"search_term_string\"}}],\"inLanguage\":\"es\"},{\"@type\":\"Organization\",\"@id\":\"https:\\\/\\\/eg-reeds.com\\\/es\\\/#organization\",\"name\":\"www.eg-reeds.com\",\"url\":\"https:\\\/\\\/eg-reeds.com\\\/es\\\/\",\"logo\":{\"@type\":\"ImageObject\",\"inLanguage\":\"es\",\"@id\":\"https:\\\/\\\/eg-reeds.com\\\/es\\\/#\\\/schema\\\/logo\\\/image\\\/\",\"url\":\"https:\\\/\\\/eg-reeds.com\\\/wp-content\\\/uploads\\\/2024\\\/06\\\/Logo-scaled-e1718793906611.jpg\",\"contentUrl\":\"https:\\\/\\\/eg-reeds.com\\\/wp-content\\\/uploads\\\/2024\\\/06\\\/Logo-scaled-e1718793906611.jpg\",\"width\":1200,\"height\":493,\"caption\":\"www.eg-reeds.com\"},\"image\":{\"@id\":\"https:\\\/\\\/eg-reeds.com\\\/es\\\/#\\\/schema\\\/logo\\\/image\\\/\"},\"sameAs\":[\"https:\\\/\\\/www.facebook.com\\\/EGREEDS\",\"https:\\\/\\\/x.com\\\/egreeds\",\"https:\\\/\\\/www.instagram.com\\\/egreeds\\\/\",\"https:\\\/\\\/www.youtube.com\\\/c\\\/EGREEDS\",\"https:\\\/\\\/www.threads.net\\\/@egreeds\",\"https:\\\/\\\/www.tiktok.com\\\/@egreeds\"]}]}<\/script>\n<meta property=\"product:price:amount\" content=\"602.90\" \/>\n<meta property=\"product:price:currency\" content=\"EUR\" \/>\n<meta property=\"og:availability\" content=\"instock\" \/>\n<meta property=\"product:availability\" content=\"instock\" \/>\n<meta property=\"product:retailer_item_id\" content=\"F11-14100\" \/>\n<meta property=\"product:condition\" content=\"new\" \/>\n<!-- \/ Yoast SEO Premium plugin. -->","yoast_head_json":{"title":"Medidor de dureza digital Reeds 'n Stuff - www.eg-reeds.com","description":"Medidor de dureza digital Reeds 'n Stuff. Mide con precisi\u00f3n la dureza de las palas de oboe, permiti\u00e9ndote seleccionar el material ideal para ti.","robots":{"index":"index","follow":"follow","max-snippet":"max-snippet:-1","max-image-preview":"max-image-preview:large","max-video-preview":"max-video-preview:-1"},"canonical":"https:\/\/eg-reeds.com\/es\/shop\/accesorios\/medicion\/medidor-de-dureza-digital-reeds-n-stuff\/","og_locale":"es_ES","og_type":"article","og_title":"Medidor de dureza digital Reeds 'n Stuff","og_description":"Medidor de dureza digital Reeds 'n Stuff. Mide con precisi\u00f3n la dureza de las palas de oboe, permiti\u00e9ndote seleccionar el material ideal para ti.","og_url":"https:\/\/eg-reeds.com\/es\/shop\/accesorios\/medicion\/medidor-de-dureza-digital-reeds-n-stuff\/","og_site_name":"www.eg-reeds.com","article_publisher":"https:\/\/www.facebook.com\/EGREEDS","article_modified_time":"2025-03-26T07:47:11+00:00","og_image":[{"width":1200,"height":960,"url":"https:\/\/eg-reeds.com\/wp-content\/uploads\/2019\/05\/Digital-Hardness-Tester-for-Oboe.jpg","type":"image\/jpeg"}],"twitter_card":"summary_large_image","twitter_site":"@egreeds","twitter_misc":{"Precio":"602,90&euro;","Disponibilidad":"Disponible"},"schema":{"@context":"https:\/\/schema.org","@graph":[{"@type":["WebPage","ItemPage"],"@id":"https:\/\/eg-reeds.com\/es\/shop\/accesorios\/medicion\/medidor-de-dureza-digital-reeds-n-stuff\/","url":"https:\/\/eg-reeds.com\/es\/shop\/accesorios\/medicion\/medidor-de-dureza-digital-reeds-n-stuff\/","name":"Medidor de dureza digital Reeds 'n Stuff - www.eg-reeds.com","isPartOf":{"@id":"https:\/\/eg-reeds.com\/es\/#website"},"primaryImageOfPage":{"@id":"https:\/\/eg-reeds.com\/es\/shop\/accesorios\/medicion\/medidor-de-dureza-digital-reeds-n-stuff\/#primaryimage"},"image":{"@id":"https:\/\/eg-reeds.com\/es\/shop\/accesorios\/medicion\/medidor-de-dureza-digital-reeds-n-stuff\/#primaryimage"},"thumbnailUrl":"https:\/\/eg-reeds.com\/wp-content\/uploads\/2019\/05\/Digital-Hardness-Tester-for-Oboe.jpg","datePublished":"2019-05-28T12:03:48+00:00","dateModified":"2025-03-26T07:47:11+00:00","description":"Medidor de dureza digital Reeds 'n Stuff. Mide con precisi\u00f3n la dureza de las palas de oboe, permiti\u00e9ndote seleccionar el material ideal para ti.","breadcrumb":{"@id":"https:\/\/eg-reeds.com\/es\/shop\/accesorios\/medicion\/medidor-de-dureza-digital-reeds-n-stuff\/#breadcrumb"},"inLanguage":"es","potentialAction":[{"@type":"ReadAction","target":["https:\/\/eg-reeds.com\/es\/shop\/accesorios\/medicion\/medidor-de-dureza-digital-reeds-n-stuff\/"]}]},{"@type":"ImageObject","inLanguage":"es","@id":"https:\/\/eg-reeds.com\/es\/shop\/accesorios\/medicion\/medidor-de-dureza-digital-reeds-n-stuff\/#primaryimage","url":"https:\/\/eg-reeds.com\/wp-content\/uploads\/2019\/05\/Digital-Hardness-Tester-for-Oboe.jpg","contentUrl":"https:\/\/eg-reeds.com\/wp-content\/uploads\/2019\/05\/Digital-Hardness-Tester-for-Oboe.jpg","width":1200,"height":960,"caption":"Medidor de dureza digital oboe"},{"@type":"BreadcrumbList","@id":"https:\/\/eg-reeds.com\/es\/shop\/accesorios\/medicion\/medidor-de-dureza-digital-reeds-n-stuff\/#breadcrumb","itemListElement":[{"@type":"ListItem","position":1,"name":"Inicio","item":"https:\/\/eg-reeds.com\/es\/"},{"@type":"ListItem","position":2,"name":"Tienda","item":"https:\/\/eg-reeds.com\/es\/"},{"@type":"ListItem","position":3,"name":"Medidor de dureza digital Reeds &#8216;n Stuff"}]},{"@type":"WebSite","@id":"https:\/\/eg-reeds.com\/es\/#website","url":"https:\/\/eg-reeds.com\/es\/","name":"www.eg-reeds.com","description":"Ca\u00f1as oboe","publisher":{"@id":"https:\/\/eg-reeds.com\/es\/#organization"},"alternateName":"eg-reeds.com","potentialAction":[{"@type":"SearchAction","target":{"@type":"EntryPoint","urlTemplate":"https:\/\/eg-reeds.com\/es\/?s={search_term_string}"},"query-input":{"@type":"PropertyValueSpecification","valueRequired":true,"valueName":"search_term_string"}}],"inLanguage":"es"},{"@type":"Organization","@id":"https:\/\/eg-reeds.com\/es\/#organization","name":"www.eg-reeds.com","url":"https:\/\/eg-reeds.com\/es\/","logo":{"@type":"ImageObject","inLanguage":"es","@id":"https:\/\/eg-reeds.com\/es\/#\/schema\/logo\/image\/","url":"https:\/\/eg-reeds.com\/wp-content\/uploads\/2024\/06\/Logo-scaled-e1718793906611.jpg","contentUrl":"https:\/\/eg-reeds.com\/wp-content\/uploads\/2024\/06\/Logo-scaled-e1718793906611.jpg","width":1200,"height":493,"caption":"www.eg-reeds.com"},"image":{"@id":"https:\/\/eg-reeds.com\/es\/#\/schema\/logo\/image\/"},"sameAs":["https:\/\/www.facebook.com\/EGREEDS","https:\/\/x.com\/egreeds","https:\/\/www.instagram.com\/egreeds\/","https:\/\/www.youtube.com\/c\/EGREEDS","https:\/\/www.threads.net\/@egreeds","https:\/\/www.tiktok.com\/@egreeds"]}]},"product_price_amount":"602.90","product_price_currency":"EUR","og_availability":"instock","product_availability":"instock","product_retailer_item_id":"F11-14100","product_condition":"new"},"_links":{"self":[{"href":"https:\/\/eg-reeds.com\/es\/wp-json\/wp\/v2\/product\/36326","targetHints":{"allow":["GET"]}}],"collection":[{"href":"https:\/\/eg-reeds.com\/es\/wp-json\/wp\/v2\/product"}],"about":[{"href":"https:\/\/eg-reeds.com\/es\/wp-json\/wp\/v2\/types\/product"}],"replies":[{"embeddable":true,"href":"https:\/\/eg-reeds.com\/es\/wp-json\/wp\/v2\/comments?post=36326"}],"wp:featuredmedia":[{"embeddable":true,"href":"https:\/\/eg-reeds.com\/es\/wp-json\/wp\/v2\/media\/55001"}],"wp:attachment":[{"href":"https:\/\/eg-reeds.com\/es\/wp-json\/wp\/v2\/media?parent=36326"}],"wp:term":[{"taxonomy":"product_brand","embeddable":true,"href":"https:\/\/eg-reeds.com\/es\/wp-json\/wp\/v2\/product_brand?post=36326"},{"taxonomy":"product_cat","embeddable":true,"href":"https:\/\/eg-reeds.com\/es\/wp-json\/wp\/v2\/product_cat?post=36326"},{"taxonomy":"product_tag","embeddable":true,"href":"https:\/\/eg-reeds.com\/es\/wp-json\/wp\/v2\/product_tag?post=36326"},{"taxonomy":"giftcard-category","embeddable":true,"href":"https:\/\/eg-reeds.com\/es\/wp-json\/wp\/v2\/giftcard-category?post=36326"}],"curies":[{"name":"wp","href":"https:\/\/api.w.org\/{rel}","templated":true}]}}