{"id":37534,"date":"2019-09-27T10:17:44","date_gmt":"2019-09-27T08:17:44","guid":{"rendered":"http:\/\/eg-reeds.com\/shop\/sin%20categor\u00eda\/guillotina-cana-oboe-corno-ingles-reeds-n-stuff\/"},"modified":"2025-02-13T12:36:33","modified_gmt":"2025-02-13T11:36:33","slug":"guillotina-cana-oboe-corno-ingles-reeds-n-stuff","status":"publish","type":"product","link":"https:\/\/eg-reeds.com\/es\/shop\/maquinas-hacer-canas\/reeds-n-stuff\/guillotina-cana-oboe-corno-ingles-reeds-n-stuff\/","title":{"rendered":"Guillotina ca\u00f1a oboe y corno ingl\u00e9s Reeds &#8216;n Stuff"},"content":{"rendered":"<h1 class=\"none-show-mobile\"><strong>Guillotina ca\u00f1a oboe y corno ingl\u00e9s Reeds &#8216;n Stuff.<\/strong><\/h1>\n<p class=\"none-show-mobile\">Guillotina para ca\u00f1as de oboe y corno ingl\u00e9s Reeds &#8216;n Stuff.<\/p>\n<p class=\"none-show-mobile\">Esta guillotina es una herramienta esencial para los int\u00e9rpretes de oboe y corno ingl\u00e9s. Su capacidad de corte de precisi\u00f3n y su tope de longitud ajustable son caracter\u00edsticas importantes.<\/p>\n<p class=\"none-show-mobile\">El hecho de que pueda realizar cortes muy finos y permita ver el punto de corte desde diferentes \u00e1ngulos mejora a\u00fan m\u00e1s su utilidad. La capacidad de reafilar la hoja de corte de acero endurecido es una ventaja para que dure m\u00e1s tiempo.<\/p>\n<p>Sus mejores caracter\u00edsticas:<\/p>\n<ol>\n<li><strong>Corte:<\/strong> Garantiza cortes perfectos para las puntas de las ca\u00f1as.<\/li>\n<li><strong>Compatibilidad:<\/strong> Se puede usar tanto para ca\u00f1as raspadas como sin raspar.<\/li>\n<li><strong>Longitud ajustable:<\/strong> Puede preestablecerse para cortes consistentes en las longitudes deseadas.<\/li>\n<li><strong>Versatilidad:<\/strong> Ideal tanto para ca\u00f1as de oboe como de corno ingl\u00e9s.<\/li>\n<li><strong>Reafilable:<\/strong> el cortador de acero endurecido se puede reafilar si es necesario.<\/li>\n<\/ol>\n<p>&nbsp;<\/p>\n<p>Env\u00edo en 7 d\u00edas aproximadamente dependiendo del stock.<\/p>\n<p>&nbsp;<\/p>\n<p>&nbsp;<\/p>\n","protected":false},"excerpt":{"rendered":"<p>Garantiza cortes perfectos para la punta de la ca\u00f1a de oboe.<\/p>\n","protected":false},"featured_media":37556,"comment_status":"open","ping_status":"closed","template":"","meta":[],"product_brand":[],"product_cat":[2923],"product_tag":[],"giftcard-category":[],"class_list":{"0":"post-37534","1":"product","2":"type-product","3":"status-publish","4":"has-post-thumbnail","6":"product_cat-reeds-n-stuff","7":"product_shipping_class-rmm-es","9":"first","10":"instock","11":"taxable","12":"shipping-taxable","13":"purchasable","14":"product-type-simple"},"yoast_head":"<!-- This site is optimized with the Yoast SEO Premium plugin v27.0 (Yoast SEO v27.4) - https:\/\/yoast.com\/product\/yoast-seo-premium-wordpress\/ -->\n<title>Guillotina ca\u00f1a oboe y corno ingl\u00e9s Reeds &#039;n Stuff - www.eg-reeds.com<\/title>\n<meta name=\"description\" content=\"Guillotina para ca\u00f1as de oboe y corno ingl\u00e9s Reeds &#039;n Stuff. Esta guillotina es una herramienta esencial para los int\u00e9rpretes de oboe y corno ingl\u00e9s.\" \/>\n<meta name=\"robots\" content=\"index, follow, max-snippet:-1, max-image-preview:large, max-video-preview:-1\" \/>\n<link rel=\"canonical\" href=\"https:\/\/eg-reeds.com\/es\/shop\/maquinas-hacer-canas\/reeds-n-stuff\/guillotina-cana-oboe-corno-ingles-reeds-n-stuff\/\" \/>\n<meta property=\"og:locale\" content=\"es_ES\" \/>\n<meta property=\"og:type\" content=\"article\" \/>\n<meta property=\"og:title\" content=\"Guillotina ca\u00f1a oboe y corno ingl\u00e9s Reeds &#039;n Stuff\" \/>\n<meta property=\"og:description\" content=\"Guillotina para ca\u00f1as de oboe y corno ingl\u00e9s Reeds &#039;n Stuff. Esta guillotina es una herramienta esencial para los int\u00e9rpretes de oboe y corno ingl\u00e9s.\" \/>\n<meta property=\"og:url\" content=\"https:\/\/eg-reeds.com\/es\/shop\/maquinas-hacer-canas\/reeds-n-stuff\/guillotina-cana-oboe-corno-ingles-reeds-n-stuff\/\" \/>\n<meta property=\"og:site_name\" content=\"www.eg-reeds.com\" \/>\n<meta property=\"article:publisher\" content=\"https:\/\/www.facebook.com\/EGREEDS\" \/>\n<meta property=\"article:modified_time\" content=\"2025-02-13T11:36:33+00:00\" \/>\n<meta property=\"og:image\" content=\"https:\/\/eg-reeds.com\/wp-content\/uploads\/2019\/09\/Reed-tip-guillotine-Reeds-n-Stuff.jpg\" \/>\n\t<meta property=\"og:image:width\" content=\"1500\" \/>\n\t<meta property=\"og:image:height\" content=\"1000\" \/>\n\t<meta property=\"og:image:type\" content=\"image\/jpeg\" \/>\n<meta name=\"twitter:card\" content=\"summary_large_image\" \/>\n<meta name=\"twitter:site\" content=\"@egreeds\" \/>\n<meta name=\"twitter:label1\" content=\"Precio\" \/>\n\t<meta name=\"twitter:data1\" content=\"219,63&euro;\" \/>\n\t<meta name=\"twitter:label2\" content=\"Disponibilidad\" \/>\n\t<meta name=\"twitter:data2\" content=\"Disponible\" \/>\n<script type=\"application\/ld+json\" class=\"yoast-schema-graph\">{\"@context\":\"https:\\\/\\\/schema.org\",\"@graph\":[{\"@type\":[\"WebPage\",\"ItemPage\"],\"@id\":\"https:\\\/\\\/eg-reeds.com\\\/es\\\/shop\\\/maquinas-hacer-canas\\\/reeds-n-stuff\\\/guillotina-cana-oboe-corno-ingles-reeds-n-stuff\\\/\",\"url\":\"https:\\\/\\\/eg-reeds.com\\\/es\\\/shop\\\/maquinas-hacer-canas\\\/reeds-n-stuff\\\/guillotina-cana-oboe-corno-ingles-reeds-n-stuff\\\/\",\"name\":\"Guillotina ca\u00f1a oboe y corno ingl\u00e9s Reeds 'n Stuff - www.eg-reeds.com\",\"isPartOf\":{\"@id\":\"https:\\\/\\\/eg-reeds.com\\\/es\\\/#website\"},\"primaryImageOfPage\":{\"@id\":\"https:\\\/\\\/eg-reeds.com\\\/es\\\/shop\\\/maquinas-hacer-canas\\\/reeds-n-stuff\\\/guillotina-cana-oboe-corno-ingles-reeds-n-stuff\\\/#primaryimage\"},\"image\":{\"@id\":\"https:\\\/\\\/eg-reeds.com\\\/es\\\/shop\\\/maquinas-hacer-canas\\\/reeds-n-stuff\\\/guillotina-cana-oboe-corno-ingles-reeds-n-stuff\\\/#primaryimage\"},\"thumbnailUrl\":\"https:\\\/\\\/eg-reeds.com\\\/wp-content\\\/uploads\\\/2019\\\/09\\\/Reed-tip-guillotine-Reeds-n-Stuff.jpg\",\"datePublished\":\"2019-09-27T08:17:44+00:00\",\"dateModified\":\"2025-02-13T11:36:33+00:00\",\"description\":\"Guillotina para ca\u00f1as de oboe y corno ingl\u00e9s Reeds 'n Stuff. Esta guillotina es una herramienta esencial para los int\u00e9rpretes de oboe y corno ingl\u00e9s.\",\"breadcrumb\":{\"@id\":\"https:\\\/\\\/eg-reeds.com\\\/es\\\/shop\\\/maquinas-hacer-canas\\\/reeds-n-stuff\\\/guillotina-cana-oboe-corno-ingles-reeds-n-stuff\\\/#breadcrumb\"},\"inLanguage\":\"es\",\"potentialAction\":[{\"@type\":\"ReadAction\",\"target\":[\"https:\\\/\\\/eg-reeds.com\\\/es\\\/shop\\\/maquinas-hacer-canas\\\/reeds-n-stuff\\\/guillotina-cana-oboe-corno-ingles-reeds-n-stuff\\\/\"]}]},{\"@type\":\"ImageObject\",\"inLanguage\":\"es\",\"@id\":\"https:\\\/\\\/eg-reeds.com\\\/es\\\/shop\\\/maquinas-hacer-canas\\\/reeds-n-stuff\\\/guillotina-cana-oboe-corno-ingles-reeds-n-stuff\\\/#primaryimage\",\"url\":\"https:\\\/\\\/eg-reeds.com\\\/wp-content\\\/uploads\\\/2019\\\/09\\\/Reed-tip-guillotine-Reeds-n-Stuff.jpg\",\"contentUrl\":\"https:\\\/\\\/eg-reeds.com\\\/wp-content\\\/uploads\\\/2019\\\/09\\\/Reed-tip-guillotine-Reeds-n-Stuff.jpg\",\"width\":1500,\"height\":1000,\"caption\":\"Guillotina ca\u00f1a oboe Reeds 'n Stuff\"},{\"@type\":\"BreadcrumbList\",\"@id\":\"https:\\\/\\\/eg-reeds.com\\\/es\\\/shop\\\/maquinas-hacer-canas\\\/reeds-n-stuff\\\/guillotina-cana-oboe-corno-ingles-reeds-n-stuff\\\/#breadcrumb\",\"itemListElement\":[{\"@type\":\"ListItem\",\"position\":1,\"name\":\"Inicio\",\"item\":\"https:\\\/\\\/eg-reeds.com\\\/es\\\/\"},{\"@type\":\"ListItem\",\"position\":2,\"name\":\"Tienda\",\"item\":\"https:\\\/\\\/eg-reeds.com\\\/es\\\/\"},{\"@type\":\"ListItem\",\"position\":3,\"name\":\"Guillotina ca\u00f1a oboe y corno ingl\u00e9s Reeds &#8216;n Stuff\"}]},{\"@type\":\"WebSite\",\"@id\":\"https:\\\/\\\/eg-reeds.com\\\/es\\\/#website\",\"url\":\"https:\\\/\\\/eg-reeds.com\\\/es\\\/\",\"name\":\"www.eg-reeds.com\",\"description\":\"Ca\u00f1as oboe\",\"publisher\":{\"@id\":\"https:\\\/\\\/eg-reeds.com\\\/es\\\/#organization\"},\"alternateName\":\"eg-reeds.com\",\"potentialAction\":[{\"@type\":\"SearchAction\",\"target\":{\"@type\":\"EntryPoint\",\"urlTemplate\":\"https:\\\/\\\/eg-reeds.com\\\/es\\\/?s={search_term_string}\"},\"query-input\":{\"@type\":\"PropertyValueSpecification\",\"valueRequired\":true,\"valueName\":\"search_term_string\"}}],\"inLanguage\":\"es\"},{\"@type\":\"Organization\",\"@id\":\"https:\\\/\\\/eg-reeds.com\\\/es\\\/#organization\",\"name\":\"www.eg-reeds.com\",\"url\":\"https:\\\/\\\/eg-reeds.com\\\/es\\\/\",\"logo\":{\"@type\":\"ImageObject\",\"inLanguage\":\"es\",\"@id\":\"https:\\\/\\\/eg-reeds.com\\\/es\\\/#\\\/schema\\\/logo\\\/image\\\/\",\"url\":\"https:\\\/\\\/eg-reeds.com\\\/wp-content\\\/uploads\\\/2024\\\/06\\\/Logo-scaled-e1718793906611.jpg\",\"contentUrl\":\"https:\\\/\\\/eg-reeds.com\\\/wp-content\\\/uploads\\\/2024\\\/06\\\/Logo-scaled-e1718793906611.jpg\",\"width\":1200,\"height\":493,\"caption\":\"www.eg-reeds.com\"},\"image\":{\"@id\":\"https:\\\/\\\/eg-reeds.com\\\/es\\\/#\\\/schema\\\/logo\\\/image\\\/\"},\"sameAs\":[\"https:\\\/\\\/www.facebook.com\\\/EGREEDS\",\"https:\\\/\\\/x.com\\\/egreeds\",\"https:\\\/\\\/www.instagram.com\\\/egreeds\\\/\",\"https:\\\/\\\/www.youtube.com\\\/c\\\/EGREEDS\",\"https:\\\/\\\/www.threads.net\\\/@egreeds\",\"https:\\\/\\\/www.tiktok.com\\\/@egreeds\"]}]}<\/script>\n<meta property=\"product:price:amount\" content=\"219.63\" \/>\n<meta property=\"product:price:currency\" content=\"EUR\" \/>\n<meta property=\"og:availability\" content=\"instock\" \/>\n<meta property=\"product:availability\" content=\"instock\" \/>\n<meta property=\"product:retailer_item_id\" content=\"MRSGC - F10-15000-01\" \/>\n<meta property=\"product:condition\" content=\"new\" \/>\n<!-- \/ Yoast SEO Premium plugin. -->","yoast_head_json":{"title":"Guillotina ca\u00f1a oboe y corno ingl\u00e9s Reeds 'n Stuff - www.eg-reeds.com","description":"Guillotina para ca\u00f1as de oboe y corno ingl\u00e9s Reeds 'n Stuff. Esta guillotina es una herramienta esencial para los int\u00e9rpretes de oboe y corno ingl\u00e9s.","robots":{"index":"index","follow":"follow","max-snippet":"max-snippet:-1","max-image-preview":"max-image-preview:large","max-video-preview":"max-video-preview:-1"},"canonical":"https:\/\/eg-reeds.com\/es\/shop\/maquinas-hacer-canas\/reeds-n-stuff\/guillotina-cana-oboe-corno-ingles-reeds-n-stuff\/","og_locale":"es_ES","og_type":"article","og_title":"Guillotina ca\u00f1a oboe y corno ingl\u00e9s Reeds 'n Stuff","og_description":"Guillotina para ca\u00f1as de oboe y corno ingl\u00e9s Reeds 'n Stuff. Esta guillotina es una herramienta esencial para los int\u00e9rpretes de oboe y corno ingl\u00e9s.","og_url":"https:\/\/eg-reeds.com\/es\/shop\/maquinas-hacer-canas\/reeds-n-stuff\/guillotina-cana-oboe-corno-ingles-reeds-n-stuff\/","og_site_name":"www.eg-reeds.com","article_publisher":"https:\/\/www.facebook.com\/EGREEDS","article_modified_time":"2025-02-13T11:36:33+00:00","og_image":[{"width":1500,"height":1000,"url":"https:\/\/eg-reeds.com\/wp-content\/uploads\/2019\/09\/Reed-tip-guillotine-Reeds-n-Stuff.jpg","type":"image\/jpeg"}],"twitter_card":"summary_large_image","twitter_site":"@egreeds","twitter_misc":{"Precio":"219,63&euro;","Disponibilidad":"Disponible"},"schema":{"@context":"https:\/\/schema.org","@graph":[{"@type":["WebPage","ItemPage"],"@id":"https:\/\/eg-reeds.com\/es\/shop\/maquinas-hacer-canas\/reeds-n-stuff\/guillotina-cana-oboe-corno-ingles-reeds-n-stuff\/","url":"https:\/\/eg-reeds.com\/es\/shop\/maquinas-hacer-canas\/reeds-n-stuff\/guillotina-cana-oboe-corno-ingles-reeds-n-stuff\/","name":"Guillotina ca\u00f1a oboe y corno ingl\u00e9s Reeds 'n Stuff - www.eg-reeds.com","isPartOf":{"@id":"https:\/\/eg-reeds.com\/es\/#website"},"primaryImageOfPage":{"@id":"https:\/\/eg-reeds.com\/es\/shop\/maquinas-hacer-canas\/reeds-n-stuff\/guillotina-cana-oboe-corno-ingles-reeds-n-stuff\/#primaryimage"},"image":{"@id":"https:\/\/eg-reeds.com\/es\/shop\/maquinas-hacer-canas\/reeds-n-stuff\/guillotina-cana-oboe-corno-ingles-reeds-n-stuff\/#primaryimage"},"thumbnailUrl":"https:\/\/eg-reeds.com\/wp-content\/uploads\/2019\/09\/Reed-tip-guillotine-Reeds-n-Stuff.jpg","datePublished":"2019-09-27T08:17:44+00:00","dateModified":"2025-02-13T11:36:33+00:00","description":"Guillotina para ca\u00f1as de oboe y corno ingl\u00e9s Reeds 'n Stuff. Esta guillotina es una herramienta esencial para los int\u00e9rpretes de oboe y corno ingl\u00e9s.","breadcrumb":{"@id":"https:\/\/eg-reeds.com\/es\/shop\/maquinas-hacer-canas\/reeds-n-stuff\/guillotina-cana-oboe-corno-ingles-reeds-n-stuff\/#breadcrumb"},"inLanguage":"es","potentialAction":[{"@type":"ReadAction","target":["https:\/\/eg-reeds.com\/es\/shop\/maquinas-hacer-canas\/reeds-n-stuff\/guillotina-cana-oboe-corno-ingles-reeds-n-stuff\/"]}]},{"@type":"ImageObject","inLanguage":"es","@id":"https:\/\/eg-reeds.com\/es\/shop\/maquinas-hacer-canas\/reeds-n-stuff\/guillotina-cana-oboe-corno-ingles-reeds-n-stuff\/#primaryimage","url":"https:\/\/eg-reeds.com\/wp-content\/uploads\/2019\/09\/Reed-tip-guillotine-Reeds-n-Stuff.jpg","contentUrl":"https:\/\/eg-reeds.com\/wp-content\/uploads\/2019\/09\/Reed-tip-guillotine-Reeds-n-Stuff.jpg","width":1500,"height":1000,"caption":"Guillotina ca\u00f1a oboe Reeds 'n Stuff"},{"@type":"BreadcrumbList","@id":"https:\/\/eg-reeds.com\/es\/shop\/maquinas-hacer-canas\/reeds-n-stuff\/guillotina-cana-oboe-corno-ingles-reeds-n-stuff\/#breadcrumb","itemListElement":[{"@type":"ListItem","position":1,"name":"Inicio","item":"https:\/\/eg-reeds.com\/es\/"},{"@type":"ListItem","position":2,"name":"Tienda","item":"https:\/\/eg-reeds.com\/es\/"},{"@type":"ListItem","position":3,"name":"Guillotina ca\u00f1a oboe y corno ingl\u00e9s Reeds &#8216;n Stuff"}]},{"@type":"WebSite","@id":"https:\/\/eg-reeds.com\/es\/#website","url":"https:\/\/eg-reeds.com\/es\/","name":"www.eg-reeds.com","description":"Ca\u00f1as oboe","publisher":{"@id":"https:\/\/eg-reeds.com\/es\/#organization"},"alternateName":"eg-reeds.com","potentialAction":[{"@type":"SearchAction","target":{"@type":"EntryPoint","urlTemplate":"https:\/\/eg-reeds.com\/es\/?s={search_term_string}"},"query-input":{"@type":"PropertyValueSpecification","valueRequired":true,"valueName":"search_term_string"}}],"inLanguage":"es"},{"@type":"Organization","@id":"https:\/\/eg-reeds.com\/es\/#organization","name":"www.eg-reeds.com","url":"https:\/\/eg-reeds.com\/es\/","logo":{"@type":"ImageObject","inLanguage":"es","@id":"https:\/\/eg-reeds.com\/es\/#\/schema\/logo\/image\/","url":"https:\/\/eg-reeds.com\/wp-content\/uploads\/2024\/06\/Logo-scaled-e1718793906611.jpg","contentUrl":"https:\/\/eg-reeds.com\/wp-content\/uploads\/2024\/06\/Logo-scaled-e1718793906611.jpg","width":1200,"height":493,"caption":"www.eg-reeds.com"},"image":{"@id":"https:\/\/eg-reeds.com\/es\/#\/schema\/logo\/image\/"},"sameAs":["https:\/\/www.facebook.com\/EGREEDS","https:\/\/x.com\/egreeds","https:\/\/www.instagram.com\/egreeds\/","https:\/\/www.youtube.com\/c\/EGREEDS","https:\/\/www.threads.net\/@egreeds","https:\/\/www.tiktok.com\/@egreeds"]}]},"product_price_amount":"219.63","product_price_currency":"EUR","og_availability":"instock","product_availability":"instock","product_retailer_item_id":"MRSGC - F10-15000-01","product_condition":"new"},"_links":{"self":[{"href":"https:\/\/eg-reeds.com\/es\/wp-json\/wp\/v2\/product\/37534","targetHints":{"allow":["GET"]}}],"collection":[{"href":"https:\/\/eg-reeds.com\/es\/wp-json\/wp\/v2\/product"}],"about":[{"href":"https:\/\/eg-reeds.com\/es\/wp-json\/wp\/v2\/types\/product"}],"replies":[{"embeddable":true,"href":"https:\/\/eg-reeds.com\/es\/wp-json\/wp\/v2\/comments?post=37534"}],"wp:featuredmedia":[{"embeddable":true,"href":"https:\/\/eg-reeds.com\/es\/wp-json\/wp\/v2\/media\/37556"}],"wp:attachment":[{"href":"https:\/\/eg-reeds.com\/es\/wp-json\/wp\/v2\/media?parent=37534"}],"wp:term":[{"taxonomy":"product_brand","embeddable":true,"href":"https:\/\/eg-reeds.com\/es\/wp-json\/wp\/v2\/product_brand?post=37534"},{"taxonomy":"product_cat","embeddable":true,"href":"https:\/\/eg-reeds.com\/es\/wp-json\/wp\/v2\/product_cat?post=37534"},{"taxonomy":"product_tag","embeddable":true,"href":"https:\/\/eg-reeds.com\/es\/wp-json\/wp\/v2\/product_tag?post=37534"},{"taxonomy":"giftcard-category","embeddable":true,"href":"https:\/\/eg-reeds.com\/es\/wp-json\/wp\/v2\/giftcard-category?post=37534"}],"curies":[{"name":"wp","href":"https:\/\/api.w.org\/{rel}","templated":true}]}}