{"id":42245,"date":"2020-11-03T17:39:40","date_gmt":"2020-11-09T08:55:40","guid":{"rendered":"http:\/\/eg-reeds.com\/?post_type=product&#038;p=42245"},"modified":"2024-02-17T10:38:52","modified_gmt":"2024-02-17T09:38:52","slug":"maquina-raspado-el-cubo-reed-machines","status":"publish","type":"product","link":"https:\/\/eg-reeds.com\/es\/shop\/maquinas-hacer-canas\/reed-machines-es\/maquina-raspado-el-cubo-reed-machines\/","title":{"rendered":"M\u00e1quina raspado El Cubo Reed Machines"},"content":{"rendered":"<h1><strong>M\u00e1quina raspado El Cubo Reed Machines.<\/strong><\/h1>\n<p>M\u00e1quina raspado El Cubo Reed Machines. Para todos los tipos de ca\u00f1a de oboe.<\/p>\n<ul class=\"ul1\">\n<li class=\"li2\">Molde est\u00e1ndar. Para moldes personalizados por favor contacta con nosotros en <a href=\"mailto:info@eg-reeds.com\" target=\"_blank\" rel=\"noopener noreferrer\">info@eg-reeds.com<\/a> .<\/li>\n<li>Cuchilla redonda. Esto quiere decir que se puede usar en m\u00faltiples posiciones, d\u00e1ndole una vida mucho m\u00e1s larga, que nos permita hacer miles de ca\u00f1as.<\/li>\n<li>A la hora de raspar la ca\u00f1a se puede girar 180\u00b0 sin quitarla de la m\u00e1quina.\u00a0 Esto hace que el raspado de la ca\u00f1a de oboe sea m\u00e1s r\u00e1pido y m\u00e1s sim\u00e9trico entre las dos palas.<\/li>\n<li class=\"li2\">La m\u00e1quina tiene un estuche de transporte r\u00edgido de dimensiones 100 mm x 100 mm x 100 mm.<\/li>\n<li class=\"li2\">Las fotos y las descripciones pueden cambiar ligeramente.<\/li>\n<\/ul>\n<p>&nbsp;<\/p>\n<p><iframe loading=\"lazy\" title=\"The cube profiling oboe reed machine demo by Reeds Machines\" width=\"1020\" height=\"574\" src=\"https:\/\/www.youtube.com\/embed\/ekf32Y0ZoUI?feature=oembed\" frameborder=\"0\" allow=\"accelerometer; autoplay; clipboard-write; encrypted-media; gyroscope; picture-in-picture\" allowfullscreen><\/iframe><\/p>\n<h4 style=\"text-align: center;\"><a href=\"https:\/\/www.youtube.com\/watch?v=ekf32Y0ZoUI\" target=\"_blank\" rel=\"noopener noreferrer\">https:\/\/www.youtube.com\/watch?v=ekf32Y0ZoUI<\/a><\/h4>\n<h2><\/h2>\n<h2>En la m\u00e1quina de raspado El Cubo puedes ajustar las siguientes opciones:<\/h2>\n<ul class=\"ul1\">\n<li class=\"li2\">Longitud de la punta.<\/li>\n<li>Espesor de la punta.<\/li>\n<li class=\"li2\">Largo del raspado.<\/li>\n<li class=\"li2\">Final del raspado en forma de \u00abV\u00bb o \u00abW\u00bb.<\/li>\n<li class=\"li2\">Fuerza de la cuchilla.<\/li>\n<li class=\"li2\">Espesor del final del raspado mientras que el de la punta permanece igual, este es el ajuste m\u00e1s importante (y \u00fanico) de la m\u00e1quina.<\/li>\n<li class=\"li2\">Es posible raspar solo el primer mil\u00edmetro de la punta de la ca\u00f1a.<\/li>\n<\/ul>\n<p>&nbsp;<\/p>\n<p>Fuente: Reed Machines.<\/p>\n","protected":false},"excerpt":{"rendered":"<p>M\u00e1quina de raspar para todos los tipos de ca\u00f1a de oboe. Puedes ver la descripci\u00f3n y las opciones que puedes ajustar abajo.<\/p>\n","protected":false},"featured_media":48790,"comment_status":"open","ping_status":"closed","template":"","meta":[],"product_brand":[],"product_cat":[8445],"product_tag":[8447,8446],"giftcard-category":[],"class_list":{"0":"post-42245","1":"product","2":"type-product","3":"status-publish","4":"has-post-thumbnail","6":"product_cat-reed-machines-es","7":"product_tag-maquinas-hacer-canas","8":"product_tag-maquinas-raspar","9":"product_shipping_class-rmm-es","11":"first","12":"onbackorder","13":"taxable","14":"shipping-taxable","15":"purchasable","16":"product-type-simple"},"yoast_head":"<!-- This site is optimized with the Yoast SEO Premium plugin v27.0 (Yoast SEO v27.4) - https:\/\/yoast.com\/product\/yoast-seo-premium-wordpress\/ -->\n<title>M\u00e1quina raspado El Cubo Reed Machines - www.eg-reeds.com<\/title>\n<meta name=\"description\" content=\"M\u00e1quina raspado El Cubo Reed Machines. M\u00e1quina de raspar para todos los tipos de ca\u00f1a de oboe. En esta m\u00e1quina puedes ajustar muchas opciones.\" \/>\n<meta name=\"robots\" content=\"index, follow, max-snippet:-1, max-image-preview:large, max-video-preview:-1\" \/>\n<link rel=\"canonical\" href=\"https:\/\/eg-reeds.com\/es\/shop\/maquinas-hacer-canas\/reed-machines-es\/maquina-raspado-el-cubo-reed-machines\/\" \/>\n<meta property=\"og:locale\" content=\"es_ES\" \/>\n<meta property=\"og:type\" content=\"article\" \/>\n<meta property=\"og:title\" content=\"M\u00e1quina raspado El Cubo Reed Machines\" \/>\n<meta property=\"og:description\" content=\"M\u00e1quina raspado El Cubo Reed Machines. M\u00e1quina de raspar para todos los tipos de ca\u00f1a de oboe. En esta m\u00e1quina puedes ajustar muchas opciones.\" \/>\n<meta property=\"og:url\" content=\"https:\/\/eg-reeds.com\/es\/shop\/maquinas-hacer-canas\/reed-machines-es\/maquina-raspado-el-cubo-reed-machines\/\" \/>\n<meta property=\"og:site_name\" content=\"www.eg-reeds.com\" \/>\n<meta property=\"article:publisher\" content=\"https:\/\/www.facebook.com\/EGREEDS\" \/>\n<meta property=\"article:modified_time\" content=\"2024-02-17T09:38:52+00:00\" \/>\n<meta property=\"og:image\" content=\"https:\/\/eg-reeds.com\/wp-content\/uploads\/2020\/11\/Reed-machines-profiler-The-Cube-1-scaled.jpg\" \/>\n\t<meta property=\"og:image:width\" content=\"2560\" \/>\n\t<meta property=\"og:image:height\" content=\"1600\" \/>\n\t<meta property=\"og:image:type\" content=\"image\/jpeg\" \/>\n<meta name=\"twitter:card\" content=\"summary_large_image\" \/>\n<meta name=\"twitter:site\" content=\"@egreeds\" \/>\n<meta name=\"twitter:label1\" content=\"Precio\" \/>\n\t<meta name=\"twitter:data1\" content=\"2.350,00&euro;\" \/>\n\t<meta name=\"twitter:label2\" content=\"Disponibilidad\" \/>\n\t<meta name=\"twitter:data2\" content=\"Disponible para reservar\" \/>\n<script type=\"application\/ld+json\" class=\"yoast-schema-graph\">{\"@context\":\"https:\\\/\\\/schema.org\",\"@graph\":[{\"@type\":[\"WebPage\",\"ItemPage\"],\"@id\":\"https:\\\/\\\/eg-reeds.com\\\/es\\\/shop\\\/maquinas-hacer-canas\\\/reed-machines-es\\\/maquina-raspado-el-cubo-reed-machines\\\/\",\"url\":\"https:\\\/\\\/eg-reeds.com\\\/es\\\/shop\\\/maquinas-hacer-canas\\\/reed-machines-es\\\/maquina-raspado-el-cubo-reed-machines\\\/\",\"name\":\"M\u00e1quina raspado El Cubo Reed Machines - www.eg-reeds.com\",\"isPartOf\":{\"@id\":\"https:\\\/\\\/eg-reeds.com\\\/es\\\/#website\"},\"primaryImageOfPage\":{\"@id\":\"https:\\\/\\\/eg-reeds.com\\\/es\\\/shop\\\/maquinas-hacer-canas\\\/reed-machines-es\\\/maquina-raspado-el-cubo-reed-machines\\\/#primaryimage\"},\"image\":{\"@id\":\"https:\\\/\\\/eg-reeds.com\\\/es\\\/shop\\\/maquinas-hacer-canas\\\/reed-machines-es\\\/maquina-raspado-el-cubo-reed-machines\\\/#primaryimage\"},\"thumbnailUrl\":\"https:\\\/\\\/eg-reeds.com\\\/wp-content\\\/uploads\\\/2020\\\/11\\\/Reed-machines-profiler-The-Cube-1-scaled.jpg\",\"datePublished\":\"2020-11-09T08:55:40+00:00\",\"dateModified\":\"2024-02-17T09:38:52+00:00\",\"description\":\"M\u00e1quina raspado El Cubo Reed Machines. M\u00e1quina de raspar para todos los tipos de ca\u00f1a de oboe. En esta m\u00e1quina puedes ajustar muchas opciones.\",\"breadcrumb\":{\"@id\":\"https:\\\/\\\/eg-reeds.com\\\/es\\\/shop\\\/maquinas-hacer-canas\\\/reed-machines-es\\\/maquina-raspado-el-cubo-reed-machines\\\/#breadcrumb\"},\"inLanguage\":\"es\",\"potentialAction\":[{\"@type\":\"ReadAction\",\"target\":[\"https:\\\/\\\/eg-reeds.com\\\/es\\\/shop\\\/maquinas-hacer-canas\\\/reed-machines-es\\\/maquina-raspado-el-cubo-reed-machines\\\/\"]}]},{\"@type\":\"ImageObject\",\"inLanguage\":\"es\",\"@id\":\"https:\\\/\\\/eg-reeds.com\\\/es\\\/shop\\\/maquinas-hacer-canas\\\/reed-machines-es\\\/maquina-raspado-el-cubo-reed-machines\\\/#primaryimage\",\"url\":\"https:\\\/\\\/eg-reeds.com\\\/wp-content\\\/uploads\\\/2020\\\/11\\\/Reed-machines-profiler-The-Cube-1-scaled.jpg\",\"contentUrl\":\"https:\\\/\\\/eg-reeds.com\\\/wp-content\\\/uploads\\\/2020\\\/11\\\/Reed-machines-profiler-The-Cube-1-scaled.jpg\",\"width\":2560,\"height\":1600,\"caption\":\"El cubo m\u00e1quina raspar oboe\"},{\"@type\":\"BreadcrumbList\",\"@id\":\"https:\\\/\\\/eg-reeds.com\\\/es\\\/shop\\\/maquinas-hacer-canas\\\/reed-machines-es\\\/maquina-raspado-el-cubo-reed-machines\\\/#breadcrumb\",\"itemListElement\":[{\"@type\":\"ListItem\",\"position\":1,\"name\":\"Inicio\",\"item\":\"https:\\\/\\\/eg-reeds.com\\\/es\\\/\"},{\"@type\":\"ListItem\",\"position\":2,\"name\":\"Tienda\",\"item\":\"https:\\\/\\\/eg-reeds.com\\\/es\\\/\"},{\"@type\":\"ListItem\",\"position\":3,\"name\":\"M\u00e1quina raspado El Cubo Reed Machines\"}]},{\"@type\":\"WebSite\",\"@id\":\"https:\\\/\\\/eg-reeds.com\\\/es\\\/#website\",\"url\":\"https:\\\/\\\/eg-reeds.com\\\/es\\\/\",\"name\":\"www.eg-reeds.com\",\"description\":\"Ca\u00f1as oboe\",\"publisher\":{\"@id\":\"https:\\\/\\\/eg-reeds.com\\\/es\\\/#organization\"},\"alternateName\":\"eg-reeds.com\",\"potentialAction\":[{\"@type\":\"SearchAction\",\"target\":{\"@type\":\"EntryPoint\",\"urlTemplate\":\"https:\\\/\\\/eg-reeds.com\\\/es\\\/?s={search_term_string}\"},\"query-input\":{\"@type\":\"PropertyValueSpecification\",\"valueRequired\":true,\"valueName\":\"search_term_string\"}}],\"inLanguage\":\"es\"},{\"@type\":\"Organization\",\"@id\":\"https:\\\/\\\/eg-reeds.com\\\/es\\\/#organization\",\"name\":\"www.eg-reeds.com\",\"url\":\"https:\\\/\\\/eg-reeds.com\\\/es\\\/\",\"logo\":{\"@type\":\"ImageObject\",\"inLanguage\":\"es\",\"@id\":\"https:\\\/\\\/eg-reeds.com\\\/es\\\/#\\\/schema\\\/logo\\\/image\\\/\",\"url\":\"https:\\\/\\\/eg-reeds.com\\\/wp-content\\\/uploads\\\/2024\\\/06\\\/Logo-scaled-e1718793906611.jpg\",\"contentUrl\":\"https:\\\/\\\/eg-reeds.com\\\/wp-content\\\/uploads\\\/2024\\\/06\\\/Logo-scaled-e1718793906611.jpg\",\"width\":1200,\"height\":493,\"caption\":\"www.eg-reeds.com\"},\"image\":{\"@id\":\"https:\\\/\\\/eg-reeds.com\\\/es\\\/#\\\/schema\\\/logo\\\/image\\\/\"},\"sameAs\":[\"https:\\\/\\\/www.facebook.com\\\/EGREEDS\",\"https:\\\/\\\/x.com\\\/egreeds\",\"https:\\\/\\\/www.instagram.com\\\/egreeds\\\/\",\"https:\\\/\\\/www.youtube.com\\\/c\\\/EGREEDS\",\"https:\\\/\\\/www.threads.net\\\/@egreeds\",\"https:\\\/\\\/www.tiktok.com\\\/@egreeds\"]}]}<\/script>\n<meta property=\"product:price:amount\" content=\"2350.00\" \/>\n<meta property=\"product:price:currency\" content=\"EUR\" \/>\n<meta property=\"og:availability\" content=\"backorder\" \/>\n<meta property=\"product:availability\" content=\"available for order\" \/>\n<meta property=\"product:retailer_item_id\" content=\"MRMR\" \/>\n<meta property=\"product:condition\" content=\"new\" \/>\n<!-- \/ Yoast SEO Premium plugin. -->","yoast_head_json":{"title":"M\u00e1quina raspado El Cubo Reed Machines - www.eg-reeds.com","description":"M\u00e1quina raspado El Cubo Reed Machines. M\u00e1quina de raspar para todos los tipos de ca\u00f1a de oboe. En esta m\u00e1quina puedes ajustar muchas opciones.","robots":{"index":"index","follow":"follow","max-snippet":"max-snippet:-1","max-image-preview":"max-image-preview:large","max-video-preview":"max-video-preview:-1"},"canonical":"https:\/\/eg-reeds.com\/es\/shop\/maquinas-hacer-canas\/reed-machines-es\/maquina-raspado-el-cubo-reed-machines\/","og_locale":"es_ES","og_type":"article","og_title":"M\u00e1quina raspado El Cubo Reed Machines","og_description":"M\u00e1quina raspado El Cubo Reed Machines. M\u00e1quina de raspar para todos los tipos de ca\u00f1a de oboe. En esta m\u00e1quina puedes ajustar muchas opciones.","og_url":"https:\/\/eg-reeds.com\/es\/shop\/maquinas-hacer-canas\/reed-machines-es\/maquina-raspado-el-cubo-reed-machines\/","og_site_name":"www.eg-reeds.com","article_publisher":"https:\/\/www.facebook.com\/EGREEDS","article_modified_time":"2024-02-17T09:38:52+00:00","og_image":[{"width":2560,"height":1600,"url":"https:\/\/eg-reeds.com\/wp-content\/uploads\/2020\/11\/Reed-machines-profiler-The-Cube-1-scaled.jpg","type":"image\/jpeg"}],"twitter_card":"summary_large_image","twitter_site":"@egreeds","twitter_misc":{"Precio":"2.350,00&euro;","Disponibilidad":"Disponible para reservar"},"schema":{"@context":"https:\/\/schema.org","@graph":[{"@type":["WebPage","ItemPage"],"@id":"https:\/\/eg-reeds.com\/es\/shop\/maquinas-hacer-canas\/reed-machines-es\/maquina-raspado-el-cubo-reed-machines\/","url":"https:\/\/eg-reeds.com\/es\/shop\/maquinas-hacer-canas\/reed-machines-es\/maquina-raspado-el-cubo-reed-machines\/","name":"M\u00e1quina raspado El Cubo Reed Machines - www.eg-reeds.com","isPartOf":{"@id":"https:\/\/eg-reeds.com\/es\/#website"},"primaryImageOfPage":{"@id":"https:\/\/eg-reeds.com\/es\/shop\/maquinas-hacer-canas\/reed-machines-es\/maquina-raspado-el-cubo-reed-machines\/#primaryimage"},"image":{"@id":"https:\/\/eg-reeds.com\/es\/shop\/maquinas-hacer-canas\/reed-machines-es\/maquina-raspado-el-cubo-reed-machines\/#primaryimage"},"thumbnailUrl":"https:\/\/eg-reeds.com\/wp-content\/uploads\/2020\/11\/Reed-machines-profiler-The-Cube-1-scaled.jpg","datePublished":"2020-11-09T08:55:40+00:00","dateModified":"2024-02-17T09:38:52+00:00","description":"M\u00e1quina raspado El Cubo Reed Machines. M\u00e1quina de raspar para todos los tipos de ca\u00f1a de oboe. En esta m\u00e1quina puedes ajustar muchas opciones.","breadcrumb":{"@id":"https:\/\/eg-reeds.com\/es\/shop\/maquinas-hacer-canas\/reed-machines-es\/maquina-raspado-el-cubo-reed-machines\/#breadcrumb"},"inLanguage":"es","potentialAction":[{"@type":"ReadAction","target":["https:\/\/eg-reeds.com\/es\/shop\/maquinas-hacer-canas\/reed-machines-es\/maquina-raspado-el-cubo-reed-machines\/"]}]},{"@type":"ImageObject","inLanguage":"es","@id":"https:\/\/eg-reeds.com\/es\/shop\/maquinas-hacer-canas\/reed-machines-es\/maquina-raspado-el-cubo-reed-machines\/#primaryimage","url":"https:\/\/eg-reeds.com\/wp-content\/uploads\/2020\/11\/Reed-machines-profiler-The-Cube-1-scaled.jpg","contentUrl":"https:\/\/eg-reeds.com\/wp-content\/uploads\/2020\/11\/Reed-machines-profiler-The-Cube-1-scaled.jpg","width":2560,"height":1600,"caption":"El cubo m\u00e1quina raspar oboe"},{"@type":"BreadcrumbList","@id":"https:\/\/eg-reeds.com\/es\/shop\/maquinas-hacer-canas\/reed-machines-es\/maquina-raspado-el-cubo-reed-machines\/#breadcrumb","itemListElement":[{"@type":"ListItem","position":1,"name":"Inicio","item":"https:\/\/eg-reeds.com\/es\/"},{"@type":"ListItem","position":2,"name":"Tienda","item":"https:\/\/eg-reeds.com\/es\/"},{"@type":"ListItem","position":3,"name":"M\u00e1quina raspado El Cubo Reed Machines"}]},{"@type":"WebSite","@id":"https:\/\/eg-reeds.com\/es\/#website","url":"https:\/\/eg-reeds.com\/es\/","name":"www.eg-reeds.com","description":"Ca\u00f1as oboe","publisher":{"@id":"https:\/\/eg-reeds.com\/es\/#organization"},"alternateName":"eg-reeds.com","potentialAction":[{"@type":"SearchAction","target":{"@type":"EntryPoint","urlTemplate":"https:\/\/eg-reeds.com\/es\/?s={search_term_string}"},"query-input":{"@type":"PropertyValueSpecification","valueRequired":true,"valueName":"search_term_string"}}],"inLanguage":"es"},{"@type":"Organization","@id":"https:\/\/eg-reeds.com\/es\/#organization","name":"www.eg-reeds.com","url":"https:\/\/eg-reeds.com\/es\/","logo":{"@type":"ImageObject","inLanguage":"es","@id":"https:\/\/eg-reeds.com\/es\/#\/schema\/logo\/image\/","url":"https:\/\/eg-reeds.com\/wp-content\/uploads\/2024\/06\/Logo-scaled-e1718793906611.jpg","contentUrl":"https:\/\/eg-reeds.com\/wp-content\/uploads\/2024\/06\/Logo-scaled-e1718793906611.jpg","width":1200,"height":493,"caption":"www.eg-reeds.com"},"image":{"@id":"https:\/\/eg-reeds.com\/es\/#\/schema\/logo\/image\/"},"sameAs":["https:\/\/www.facebook.com\/EGREEDS","https:\/\/x.com\/egreeds","https:\/\/www.instagram.com\/egreeds\/","https:\/\/www.youtube.com\/c\/EGREEDS","https:\/\/www.threads.net\/@egreeds","https:\/\/www.tiktok.com\/@egreeds"]}]},"product_price_amount":"2350.00","product_price_currency":"EUR","og_availability":"backorder","product_availability":"available for order","product_retailer_item_id":"MRMR","product_condition":"new"},"_links":{"self":[{"href":"https:\/\/eg-reeds.com\/es\/wp-json\/wp\/v2\/product\/42245","targetHints":{"allow":["GET"]}}],"collection":[{"href":"https:\/\/eg-reeds.com\/es\/wp-json\/wp\/v2\/product"}],"about":[{"href":"https:\/\/eg-reeds.com\/es\/wp-json\/wp\/v2\/types\/product"}],"replies":[{"embeddable":true,"href":"https:\/\/eg-reeds.com\/es\/wp-json\/wp\/v2\/comments?post=42245"}],"wp:featuredmedia":[{"embeddable":true,"href":"https:\/\/eg-reeds.com\/es\/wp-json\/wp\/v2\/media\/48790"}],"wp:attachment":[{"href":"https:\/\/eg-reeds.com\/es\/wp-json\/wp\/v2\/media?parent=42245"}],"wp:term":[{"taxonomy":"product_brand","embeddable":true,"href":"https:\/\/eg-reeds.com\/es\/wp-json\/wp\/v2\/product_brand?post=42245"},{"taxonomy":"product_cat","embeddable":true,"href":"https:\/\/eg-reeds.com\/es\/wp-json\/wp\/v2\/product_cat?post=42245"},{"taxonomy":"product_tag","embeddable":true,"href":"https:\/\/eg-reeds.com\/es\/wp-json\/wp\/v2\/product_tag?post=42245"},{"taxonomy":"giftcard-category","embeddable":true,"href":"https:\/\/eg-reeds.com\/es\/wp-json\/wp\/v2\/giftcard-category?post=42245"}],"curies":[{"name":"wp","href":"https:\/\/api.w.org\/{rel}","templated":true}]}}