{"id":46411,"date":"2022-06-23T17:51:53","date_gmt":"2022-06-23T15:51:53","guid":{"rendered":"http:\/\/eg-reeds.com\/?post_type=product&#038;p=46411"},"modified":"2025-09-02T13:23:13","modified_gmt":"2025-09-02T11:23:13","slug":"oboe-intermedio-eg-reeds","status":"publish","type":"product","link":"https:\/\/eg-reeds.com\/es\/shop\/oboes\/oboe-intermedio-eg-reeds\/","title":{"rendered":"Oboe intermedio EG-REEDS"},"content":{"rendered":"<h1><strong>Oboe intermedio EG-REEDS.<\/strong><\/h1>\n<p>Oboe intermedio EG-REEDS. Nuestro oboe EG-REEDS para estudiantes de nivel intermedio tiene sistema de conservatorio completo con todas las llaves y semi autom\u00e1tico. Con llaves plateadas. Es un instrumento de nivel semi profesional. Fabricado en composite, que es un material especial mezcla de madera y ABS. Esto hace un oboe ligero, pero al mismo tiempo muy resistente. Si necesitas comprar un oboe de estudiante econ\u00f3mico, pero de calidad, este es tu instrumento.<\/p>\n<p>Oboe completo, semi profesional, con el que el estudiante puede tocar durante muchos a\u00f1os. Tambi\u00e9n pensado para aficionados que quieran disfrutar del oboe con un buen instrumento a buen precio. Produce un bonito sonido, con buena afinaci\u00f3n y es de f\u00e1cil emisi\u00f3n. Un oboe de buena calidad al mejor precio.<\/p>\n<p>En el precio est\u00e1 incluido el estuche de tipo mochila que se puede llevar en varias posiciones. Tambi\u00e9n una ca\u00f1a intermedia EG-REEDS, el limpiador interior y vaselina.<\/p>\n<p>Para cualquier duda o consulta puedes contactar con nosotros en el siguiente email: <a href=\"mailto:info@eg-reeds.com\" target=\"_blank\" rel=\"noopener noreferrer\">info@eg-reeds.com<\/a>.<\/p>\n<ul>\n<li class=\"bullet-checkmark\">Modelo intermedio. Semi profesional.<\/li>\n<li class=\"fx-list__item list-item fx-list__item--circle bullet-checkmark\"><span class=\"fx-text fx-text--plus list-item__text\">Sistema de conservatorio completo.<\/span><\/li>\n<li class=\"bullet-checkmark\">Semi autom\u00e1tico.<\/li>\n<li class=\"bullet-checkmark\">Hecho en composite (mezcla de madera y ABS).<\/li>\n<li class=\"bullet-checkmark\">Llaves plateadas.<\/li>\n<li class=\"bullet-checkmark\">Incluido en el precio: Estuche (tipo mochila), 1 <a href=\"https:\/\/eg-reeds.com\/es\/shop\/canas-y-palas-estudiante\/cana-oboe-estudiante-nivel-intermedio-eg-reeds\/\" target=\"_blank\" rel=\"noopener\">ca\u00f1a intermedia EG-REEDS<\/a>, limpiador interior y vaselina.<\/li>\n<\/ul>\n<p><iframe loading=\"lazy\" title=\"Oboe estudiante intermedio EG-REEDS.\" width=\"1020\" height=\"574\" src=\"https:\/\/www.youtube.com\/embed\/dVxxXZ975dE?feature=oembed\" frameborder=\"0\" allow=\"accelerometer; autoplay; clipboard-write; encrypted-media; gyroscope; picture-in-picture; web-share\" referrerpolicy=\"strict-origin-when-cross-origin\" allowfullscreen><\/iframe><\/p>\n<h2><strong>\u00bfPor qu\u00e9 elegir el oboe intermedio de EG-REEDS?<\/strong><\/h2>\n<p>Este instrumento es la elecci\u00f3n ideal para estudiantes avanzados y aficionados que quieren mejorar sus habilidades musicales sin necesidad de invertir en un instrumento profesional. Con un dise\u00f1o robusto, materiales de alta calidad y un precio competitivo, el oboe intermedio de EG-REEDS ofrece el equilibrio perfecto entre rendimiento y coste. \u00a1Descubre por qu\u00e9 m\u00fasicos de todo el mundo eligen EG-REEDS para su trayectoria musical!<\/p>\n<p><strong>Compra ahora tu oboe intermedio y comienza a tocar con un instrumento de calidad.<\/strong><\/p>\n<p>Si necesitas un oboe para estudiantes que empiezan con el instrumento, te recomendamos el <a href=\"https:\/\/eg-reeds.com\/es\/shop\/oboes\/oboe-iniciacion-eg-reeds\/\" target=\"_blank\" rel=\"noopener\">oboe de iniciaci\u00f3n.<\/a><\/p>\n<p>&nbsp;<\/p>\n<p>&nbsp;<\/p>\n","protected":false},"excerpt":{"rendered":"<p>Oboe semi profesional EG-REEDS. Para estudiantes de nivel intermedio.<\/p>\n","protected":false},"featured_media":46440,"comment_status":"open","ping_status":"closed","template":"","meta":[],"product_brand":[],"product_cat":[3785],"product_tag":[2316],"giftcard-category":[],"class_list":{"0":"post-46411","1":"product","2":"type-product","3":"status-publish","4":"has-post-thumbnail","6":"product_cat-oboes","7":"product_tag-oboe-es","8":"product_shipping_class-rmm-es","10":"first","11":"instock","12":"featured","13":"taxable","14":"shipping-taxable","15":"purchasable","16":"product-type-simple"},"yoast_head":"<!-- This site is optimized with the Yoast SEO Premium plugin v27.0 (Yoast SEO v27.2) - https:\/\/yoast.com\/product\/yoast-seo-premium-wordpress\/ -->\n<title>Oboe intermedio EG-REEDS - www.eg-reeds.com<\/title>\n<meta name=\"description\" content=\"Oboe intermedio EG-REEDS. Sistema conservatorio completo. Es un instrumento semi profesional. Para comprar un oboe de estudiante de calidad a buen precio.\" \/>\n<meta name=\"robots\" content=\"index, follow, max-snippet:-1, max-image-preview:large, max-video-preview:-1\" \/>\n<link rel=\"canonical\" href=\"https:\/\/eg-reeds.com\/es\/shop\/oboes\/oboe-intermedio-eg-reeds\/\" \/>\n<meta property=\"og:locale\" content=\"es_ES\" \/>\n<meta property=\"og:type\" content=\"article\" \/>\n<meta property=\"og:title\" content=\"Oboe intermedio EG-REEDS\" \/>\n<meta property=\"og:description\" content=\"Oboe intermedio EG-REEDS. Sistema conservatorio completo. Es un instrumento semi profesional. Para comprar un oboe de estudiante de calidad a buen precio.\" \/>\n<meta property=\"og:url\" content=\"https:\/\/eg-reeds.com\/es\/shop\/oboes\/oboe-intermedio-eg-reeds\/\" \/>\n<meta property=\"og:site_name\" content=\"www.eg-reeds.com\" \/>\n<meta property=\"article:publisher\" content=\"https:\/\/www.facebook.com\/EGREEDS\" \/>\n<meta property=\"article:modified_time\" content=\"2025-09-02T11:23:13+00:00\" \/>\n<meta property=\"og:image\" content=\"https:\/\/eg-reeds.com\/wp-content\/uploads\/2022\/06\/Intermediate-oboe-EG-REEDS-e1708535406935.jpeg\" \/>\n\t<meta property=\"og:image:width\" content=\"400\" \/>\n\t<meta property=\"og:image:height\" content=\"340\" \/>\n\t<meta property=\"og:image:type\" content=\"image\/jpeg\" \/>\n<meta name=\"twitter:card\" content=\"summary_large_image\" \/>\n<meta name=\"twitter:site\" content=\"@egreeds\" \/>\n<meta name=\"twitter:label1\" content=\"Precio\" \/>\n\t<meta name=\"twitter:data1\" content=\"2.490,00&euro;\" \/>\n\t<meta name=\"twitter:label2\" content=\"Disponibilidad\" \/>\n\t<meta name=\"twitter:data2\" content=\"Disponible\" \/>\n<script type=\"application\/ld+json\" class=\"yoast-schema-graph\">{\"@context\":\"https:\/\/schema.org\",\"@graph\":[{\"@type\":[\"WebPage\",\"ItemPage\"],\"@id\":\"https:\/\/eg-reeds.com\/es\/shop\/oboes\/oboe-intermedio-eg-reeds\/\",\"url\":\"https:\/\/eg-reeds.com\/es\/shop\/oboes\/oboe-intermedio-eg-reeds\/\",\"name\":\"Oboe intermedio EG-REEDS - www.eg-reeds.com\",\"isPartOf\":{\"@id\":\"https:\/\/eg-reeds.com\/es\/#website\"},\"primaryImageOfPage\":{\"@id\":\"https:\/\/eg-reeds.com\/es\/shop\/oboes\/oboe-intermedio-eg-reeds\/#primaryimage\"},\"image\":{\"@id\":\"https:\/\/eg-reeds.com\/es\/shop\/oboes\/oboe-intermedio-eg-reeds\/#primaryimage\"},\"thumbnailUrl\":\"https:\/\/eg-reeds.com\/wp-content\/uploads\/2022\/06\/Intermediate-oboe-EG-REEDS-e1708535406935.jpeg\",\"datePublished\":\"2022-06-23T15:51:53+00:00\",\"dateModified\":\"2025-09-02T11:23:13+00:00\",\"description\":\"Oboe intermedio EG-REEDS. Sistema conservatorio completo. Es un instrumento semi profesional. Para comprar un oboe de estudiante de calidad a buen precio.\",\"breadcrumb\":{\"@id\":\"https:\/\/eg-reeds.com\/es\/shop\/oboes\/oboe-intermedio-eg-reeds\/#breadcrumb\"},\"inLanguage\":\"es\",\"potentialAction\":[{\"@type\":\"ReadAction\",\"target\":[\"https:\/\/eg-reeds.com\/es\/shop\/oboes\/oboe-intermedio-eg-reeds\/\"]}]},{\"@type\":\"ImageObject\",\"inLanguage\":\"es\",\"@id\":\"https:\/\/eg-reeds.com\/es\/shop\/oboes\/oboe-intermedio-eg-reeds\/#primaryimage\",\"url\":\"https:\/\/eg-reeds.com\/wp-content\/uploads\/2022\/06\/Intermediate-oboe-EG-REEDS-e1708535406935.jpeg\",\"contentUrl\":\"https:\/\/eg-reeds.com\/wp-content\/uploads\/2022\/06\/Intermediate-oboe-EG-REEDS-e1708535406935.jpeg\",\"width\":400,\"height\":340,\"caption\":\"Oboe intermedio EG-REEDS\"},{\"@type\":\"BreadcrumbList\",\"@id\":\"https:\/\/eg-reeds.com\/es\/shop\/oboes\/oboe-intermedio-eg-reeds\/#breadcrumb\",\"itemListElement\":[{\"@type\":\"ListItem\",\"position\":1,\"name\":\"Inicio\",\"item\":\"https:\/\/eg-reeds.com\/es\/\"},{\"@type\":\"ListItem\",\"position\":2,\"name\":\"Tienda\",\"item\":\"https:\/\/eg-reeds.com\/es\/\"},{\"@type\":\"ListItem\",\"position\":3,\"name\":\"Oboe intermedio EG-REEDS\"}]},{\"@type\":\"WebSite\",\"@id\":\"https:\/\/eg-reeds.com\/es\/#website\",\"url\":\"https:\/\/eg-reeds.com\/es\/\",\"name\":\"www.eg-reeds.com\",\"description\":\"Ca\u00f1as oboe\",\"publisher\":{\"@id\":\"https:\/\/eg-reeds.com\/es\/#organization\"},\"alternateName\":\"eg-reeds.com\",\"potentialAction\":[{\"@type\":\"SearchAction\",\"target\":{\"@type\":\"EntryPoint\",\"urlTemplate\":\"https:\/\/eg-reeds.com\/es\/?s={search_term_string}\"},\"query-input\":{\"@type\":\"PropertyValueSpecification\",\"valueRequired\":true,\"valueName\":\"search_term_string\"}}],\"inLanguage\":\"es\"},{\"@type\":\"Organization\",\"@id\":\"https:\/\/eg-reeds.com\/es\/#organization\",\"name\":\"www.eg-reeds.com\",\"url\":\"https:\/\/eg-reeds.com\/es\/\",\"logo\":{\"@type\":\"ImageObject\",\"inLanguage\":\"es\",\"@id\":\"https:\/\/eg-reeds.com\/es\/#\/schema\/logo\/image\/\",\"url\":\"https:\/\/eg-reeds.com\/wp-content\/uploads\/2024\/06\/Logo-scaled-e1718793906611.jpg\",\"contentUrl\":\"https:\/\/eg-reeds.com\/wp-content\/uploads\/2024\/06\/Logo-scaled-e1718793906611.jpg\",\"width\":1200,\"height\":493,\"caption\":\"www.eg-reeds.com\"},\"image\":{\"@id\":\"https:\/\/eg-reeds.com\/es\/#\/schema\/logo\/image\/\"},\"sameAs\":[\"https:\/\/www.facebook.com\/EGREEDS\",\"https:\/\/x.com\/egreeds\",\"https:\/\/www.instagram.com\/egreeds\/\",\"https:\/\/www.youtube.com\/c\/EGREEDS\",\"https:\/\/www.threads.net\/@egreeds\",\"https:\/\/www.tiktok.com\/@egreeds\"]}]}<\/script>\n<meta property=\"product:price:amount\" content=\"2490.00\" \/>\n<meta property=\"product:price:currency\" content=\"EUR\" \/>\n<meta property=\"og:availability\" content=\"instock\" \/>\n<meta property=\"product:availability\" content=\"instock\" \/>\n<meta property=\"product:retailer_item_id\" content=\"OB-I\" \/>\n<meta property=\"product:condition\" content=\"new\" \/>\n<!-- \/ Yoast SEO Premium plugin. -->","yoast_head_json":{"title":"Oboe intermedio EG-REEDS - www.eg-reeds.com","description":"Oboe intermedio EG-REEDS. Sistema conservatorio completo. Es un instrumento semi profesional. Para comprar un oboe de estudiante de calidad a buen precio.","robots":{"index":"index","follow":"follow","max-snippet":"max-snippet:-1","max-image-preview":"max-image-preview:large","max-video-preview":"max-video-preview:-1"},"canonical":"https:\/\/eg-reeds.com\/es\/shop\/oboes\/oboe-intermedio-eg-reeds\/","og_locale":"es_ES","og_type":"article","og_title":"Oboe intermedio EG-REEDS","og_description":"Oboe intermedio EG-REEDS. Sistema conservatorio completo. Es un instrumento semi profesional. Para comprar un oboe de estudiante de calidad a buen precio.","og_url":"https:\/\/eg-reeds.com\/es\/shop\/oboes\/oboe-intermedio-eg-reeds\/","og_site_name":"www.eg-reeds.com","article_publisher":"https:\/\/www.facebook.com\/EGREEDS","article_modified_time":"2025-09-02T11:23:13+00:00","og_image":[{"width":400,"height":340,"url":"https:\/\/eg-reeds.com\/wp-content\/uploads\/2022\/06\/Intermediate-oboe-EG-REEDS-e1708535406935.jpeg","type":"image\/jpeg"}],"twitter_card":"summary_large_image","twitter_site":"@egreeds","twitter_misc":{"Precio":"2.490,00&euro;","Disponibilidad":"Disponible"},"schema":{"@context":"https:\/\/schema.org","@graph":[{"@type":["WebPage","ItemPage"],"@id":"https:\/\/eg-reeds.com\/es\/shop\/oboes\/oboe-intermedio-eg-reeds\/","url":"https:\/\/eg-reeds.com\/es\/shop\/oboes\/oboe-intermedio-eg-reeds\/","name":"Oboe intermedio EG-REEDS - www.eg-reeds.com","isPartOf":{"@id":"https:\/\/eg-reeds.com\/es\/#website"},"primaryImageOfPage":{"@id":"https:\/\/eg-reeds.com\/es\/shop\/oboes\/oboe-intermedio-eg-reeds\/#primaryimage"},"image":{"@id":"https:\/\/eg-reeds.com\/es\/shop\/oboes\/oboe-intermedio-eg-reeds\/#primaryimage"},"thumbnailUrl":"https:\/\/eg-reeds.com\/wp-content\/uploads\/2022\/06\/Intermediate-oboe-EG-REEDS-e1708535406935.jpeg","datePublished":"2022-06-23T15:51:53+00:00","dateModified":"2025-09-02T11:23:13+00:00","description":"Oboe intermedio EG-REEDS. Sistema conservatorio completo. Es un instrumento semi profesional. Para comprar un oboe de estudiante de calidad a buen precio.","breadcrumb":{"@id":"https:\/\/eg-reeds.com\/es\/shop\/oboes\/oboe-intermedio-eg-reeds\/#breadcrumb"},"inLanguage":"es","potentialAction":[{"@type":"ReadAction","target":["https:\/\/eg-reeds.com\/es\/shop\/oboes\/oboe-intermedio-eg-reeds\/"]}]},{"@type":"ImageObject","inLanguage":"es","@id":"https:\/\/eg-reeds.com\/es\/shop\/oboes\/oboe-intermedio-eg-reeds\/#primaryimage","url":"https:\/\/eg-reeds.com\/wp-content\/uploads\/2022\/06\/Intermediate-oboe-EG-REEDS-e1708535406935.jpeg","contentUrl":"https:\/\/eg-reeds.com\/wp-content\/uploads\/2022\/06\/Intermediate-oboe-EG-REEDS-e1708535406935.jpeg","width":400,"height":340,"caption":"Oboe intermedio EG-REEDS"},{"@type":"BreadcrumbList","@id":"https:\/\/eg-reeds.com\/es\/shop\/oboes\/oboe-intermedio-eg-reeds\/#breadcrumb","itemListElement":[{"@type":"ListItem","position":1,"name":"Inicio","item":"https:\/\/eg-reeds.com\/es\/"},{"@type":"ListItem","position":2,"name":"Tienda","item":"https:\/\/eg-reeds.com\/es\/"},{"@type":"ListItem","position":3,"name":"Oboe intermedio EG-REEDS"}]},{"@type":"WebSite","@id":"https:\/\/eg-reeds.com\/es\/#website","url":"https:\/\/eg-reeds.com\/es\/","name":"www.eg-reeds.com","description":"Ca\u00f1as oboe","publisher":{"@id":"https:\/\/eg-reeds.com\/es\/#organization"},"alternateName":"eg-reeds.com","potentialAction":[{"@type":"SearchAction","target":{"@type":"EntryPoint","urlTemplate":"https:\/\/eg-reeds.com\/es\/?s={search_term_string}"},"query-input":{"@type":"PropertyValueSpecification","valueRequired":true,"valueName":"search_term_string"}}],"inLanguage":"es"},{"@type":"Organization","@id":"https:\/\/eg-reeds.com\/es\/#organization","name":"www.eg-reeds.com","url":"https:\/\/eg-reeds.com\/es\/","logo":{"@type":"ImageObject","inLanguage":"es","@id":"https:\/\/eg-reeds.com\/es\/#\/schema\/logo\/image\/","url":"https:\/\/eg-reeds.com\/wp-content\/uploads\/2024\/06\/Logo-scaled-e1718793906611.jpg","contentUrl":"https:\/\/eg-reeds.com\/wp-content\/uploads\/2024\/06\/Logo-scaled-e1718793906611.jpg","width":1200,"height":493,"caption":"www.eg-reeds.com"},"image":{"@id":"https:\/\/eg-reeds.com\/es\/#\/schema\/logo\/image\/"},"sameAs":["https:\/\/www.facebook.com\/EGREEDS","https:\/\/x.com\/egreeds","https:\/\/www.instagram.com\/egreeds\/","https:\/\/www.youtube.com\/c\/EGREEDS","https:\/\/www.threads.net\/@egreeds","https:\/\/www.tiktok.com\/@egreeds"]}]},"product_price_amount":"2490.00","product_price_currency":"EUR","og_availability":"instock","product_availability":"instock","product_retailer_item_id":"OB-I","product_condition":"new"},"_links":{"self":[{"href":"https:\/\/eg-reeds.com\/es\/wp-json\/wp\/v2\/product\/46411","targetHints":{"allow":["GET"]}}],"collection":[{"href":"https:\/\/eg-reeds.com\/es\/wp-json\/wp\/v2\/product"}],"about":[{"href":"https:\/\/eg-reeds.com\/es\/wp-json\/wp\/v2\/types\/product"}],"replies":[{"embeddable":true,"href":"https:\/\/eg-reeds.com\/es\/wp-json\/wp\/v2\/comments?post=46411"}],"wp:featuredmedia":[{"embeddable":true,"href":"https:\/\/eg-reeds.com\/es\/wp-json\/wp\/v2\/media\/46440"}],"wp:attachment":[{"href":"https:\/\/eg-reeds.com\/es\/wp-json\/wp\/v2\/media?parent=46411"}],"wp:term":[{"taxonomy":"product_brand","embeddable":true,"href":"https:\/\/eg-reeds.com\/es\/wp-json\/wp\/v2\/product_brand?post=46411"},{"taxonomy":"product_cat","embeddable":true,"href":"https:\/\/eg-reeds.com\/es\/wp-json\/wp\/v2\/product_cat?post=46411"},{"taxonomy":"product_tag","embeddable":true,"href":"https:\/\/eg-reeds.com\/es\/wp-json\/wp\/v2\/product_tag?post=46411"},{"taxonomy":"giftcard-category","embeddable":true,"href":"https:\/\/eg-reeds.com\/es\/wp-json\/wp\/v2\/giftcard-category?post=46411"}],"curies":[{"name":"wp","href":"https:\/\/api.w.org\/{rel}","templated":true}]}}