{"id":48266,"date":"2023-09-15T20:19:14","date_gmt":"2023-09-15T18:19:18","guid":{"rendered":"http:\/\/eg-reeds.com\/?post_type=product&#038;p=48266"},"modified":"2025-12-29T22:26:26","modified_gmt":"2025-12-29T21:26:26","slug":"lapiz-clave-de-sol","status":"publish","type":"product","link":"https:\/\/eg-reeds.com\/es\/shop\/regalos-musicales\/lapiz-clave-de-sol\/","title":{"rendered":"L\u00e1piz clave de sol"},"content":{"rendered":"<h1><strong>L\u00e1piz clave de sol.<\/strong><\/h1>\n<p>L\u00e1piz de m\u00fasica con forma de clave de sol y goma de borrar. Color negro.<\/p>\n","protected":false},"excerpt":{"rendered":"<p>L\u00e1piz clave de sol. L\u00e1piz de m\u00fasica con forma de clave de sol y goma de borrar. Color negro.<\/p>\n","protected":false},"featured_media":48348,"comment_status":"open","ping_status":"closed","template":"","meta":[],"product_brand":[],"product_cat":[3773],"product_tag":[],"giftcard-category":[],"class_list":{"0":"post-48266","1":"product","2":"type-product","3":"status-publish","4":"has-post-thumbnail","6":"product_cat-regalos-musicales","8":"first","9":"instock","10":"taxable","11":"shipping-taxable","12":"purchasable","13":"product-type-simple"},"yoast_head":"<!-- This site is optimized with the Yoast SEO Premium plugin v27.0 (Yoast SEO v27.2) - https:\/\/yoast.com\/product\/yoast-seo-premium-wordpress\/ -->\n<title>L\u00e1piz clave de sol - www.eg-reeds.com<\/title>\n<meta name=\"description\" content=\"L\u00e1piz de m\u00fasica con clave de sol y goma de borrar. Color negro.\" \/>\n<meta name=\"robots\" content=\"index, follow, max-snippet:-1, max-image-preview:large, max-video-preview:-1\" \/>\n<link rel=\"canonical\" href=\"https:\/\/eg-reeds.com\/es\/shop\/regalos-musicales\/lapiz-clave-de-sol\/\" \/>\n<meta property=\"og:locale\" content=\"es_ES\" \/>\n<meta property=\"og:type\" content=\"article\" \/>\n<meta property=\"og:title\" content=\"L\u00e1piz clave de sol\" \/>\n<meta property=\"og:description\" content=\"L\u00e1piz de m\u00fasica con clave de sol y goma de borrar. Color negro.\" \/>\n<meta property=\"og:url\" content=\"https:\/\/eg-reeds.com\/es\/shop\/regalos-musicales\/lapiz-clave-de-sol\/\" \/>\n<meta property=\"og:site_name\" content=\"www.eg-reeds.com\" \/>\n<meta property=\"article:publisher\" content=\"https:\/\/www.facebook.com\/EGREEDS\" \/>\n<meta property=\"article:modified_time\" content=\"2025-12-29T21:26:26+00:00\" \/>\n<meta property=\"og:image\" content=\"https:\/\/eg-reeds.com\/wp-content\/uploads\/2023\/09\/Treble-clef-pencil.jpeg\" \/>\n\t<meta property=\"og:image:width\" content=\"497\" \/>\n\t<meta property=\"og:image:height\" content=\"766\" \/>\n\t<meta property=\"og:image:type\" content=\"image\/jpeg\" \/>\n<meta name=\"twitter:card\" content=\"summary_large_image\" \/>\n<meta name=\"twitter:site\" content=\"@egreeds\" \/>\n<meta name=\"twitter:label1\" content=\"Precio\" \/>\n\t<meta name=\"twitter:data1\" content=\"3,00&euro;\" \/>\n\t<meta name=\"twitter:label2\" content=\"Disponibilidad\" \/>\n\t<meta name=\"twitter:data2\" content=\"Disponible\" \/>\n<script type=\"application\/ld+json\" class=\"yoast-schema-graph\">{\"@context\":\"https:\/\/schema.org\",\"@graph\":[{\"@type\":[\"WebPage\",\"ItemPage\"],\"@id\":\"https:\/\/eg-reeds.com\/es\/shop\/regalos-musicales\/lapiz-clave-de-sol\/\",\"url\":\"https:\/\/eg-reeds.com\/es\/shop\/regalos-musicales\/lapiz-clave-de-sol\/\",\"name\":\"L\u00e1piz clave de sol - www.eg-reeds.com\",\"isPartOf\":{\"@id\":\"https:\/\/eg-reeds.com\/es\/#website\"},\"primaryImageOfPage\":{\"@id\":\"https:\/\/eg-reeds.com\/es\/shop\/regalos-musicales\/lapiz-clave-de-sol\/#primaryimage\"},\"image\":{\"@id\":\"https:\/\/eg-reeds.com\/es\/shop\/regalos-musicales\/lapiz-clave-de-sol\/#primaryimage\"},\"thumbnailUrl\":\"https:\/\/eg-reeds.com\/wp-content\/uploads\/2023\/09\/Treble-clef-pencil.jpeg\",\"datePublished\":\"2023-09-15T18:19:18+00:00\",\"dateModified\":\"2025-12-29T21:26:26+00:00\",\"description\":\"L\u00e1piz de m\u00fasica con clave de sol y goma de borrar. Color negro.\",\"breadcrumb\":{\"@id\":\"https:\/\/eg-reeds.com\/es\/shop\/regalos-musicales\/lapiz-clave-de-sol\/#breadcrumb\"},\"inLanguage\":\"es\",\"potentialAction\":[{\"@type\":\"ReadAction\",\"target\":[\"https:\/\/eg-reeds.com\/es\/shop\/regalos-musicales\/lapiz-clave-de-sol\/\"]}]},{\"@type\":\"ImageObject\",\"inLanguage\":\"es\",\"@id\":\"https:\/\/eg-reeds.com\/es\/shop\/regalos-musicales\/lapiz-clave-de-sol\/#primaryimage\",\"url\":\"https:\/\/eg-reeds.com\/wp-content\/uploads\/2023\/09\/Treble-clef-pencil.jpeg\",\"contentUrl\":\"https:\/\/eg-reeds.com\/wp-content\/uploads\/2023\/09\/Treble-clef-pencil.jpeg\",\"width\":497,\"height\":766,\"caption\":\"L\u00e1piz clave de sol m\u00fasica\"},{\"@type\":\"BreadcrumbList\",\"@id\":\"https:\/\/eg-reeds.com\/es\/shop\/regalos-musicales\/lapiz-clave-de-sol\/#breadcrumb\",\"itemListElement\":[{\"@type\":\"ListItem\",\"position\":1,\"name\":\"Inicio\",\"item\":\"https:\/\/eg-reeds.com\/es\/\"},{\"@type\":\"ListItem\",\"position\":2,\"name\":\"Tienda\",\"item\":\"https:\/\/eg-reeds.com\/es\/\"},{\"@type\":\"ListItem\",\"position\":3,\"name\":\"L\u00e1piz clave de sol\"}]},{\"@type\":\"WebSite\",\"@id\":\"https:\/\/eg-reeds.com\/es\/#website\",\"url\":\"https:\/\/eg-reeds.com\/es\/\",\"name\":\"www.eg-reeds.com\",\"description\":\"Ca\u00f1as oboe\",\"publisher\":{\"@id\":\"https:\/\/eg-reeds.com\/es\/#organization\"},\"alternateName\":\"eg-reeds.com\",\"potentialAction\":[{\"@type\":\"SearchAction\",\"target\":{\"@type\":\"EntryPoint\",\"urlTemplate\":\"https:\/\/eg-reeds.com\/es\/?s={search_term_string}\"},\"query-input\":{\"@type\":\"PropertyValueSpecification\",\"valueRequired\":true,\"valueName\":\"search_term_string\"}}],\"inLanguage\":\"es\"},{\"@type\":\"Organization\",\"@id\":\"https:\/\/eg-reeds.com\/es\/#organization\",\"name\":\"www.eg-reeds.com\",\"url\":\"https:\/\/eg-reeds.com\/es\/\",\"logo\":{\"@type\":\"ImageObject\",\"inLanguage\":\"es\",\"@id\":\"https:\/\/eg-reeds.com\/es\/#\/schema\/logo\/image\/\",\"url\":\"https:\/\/eg-reeds.com\/wp-content\/uploads\/2024\/06\/Logo-scaled-e1718793906611.jpg\",\"contentUrl\":\"https:\/\/eg-reeds.com\/wp-content\/uploads\/2024\/06\/Logo-scaled-e1718793906611.jpg\",\"width\":1200,\"height\":493,\"caption\":\"www.eg-reeds.com\"},\"image\":{\"@id\":\"https:\/\/eg-reeds.com\/es\/#\/schema\/logo\/image\/\"},\"sameAs\":[\"https:\/\/www.facebook.com\/EGREEDS\",\"https:\/\/x.com\/egreeds\",\"https:\/\/www.instagram.com\/egreeds\/\",\"https:\/\/www.youtube.com\/c\/EGREEDS\",\"https:\/\/www.threads.net\/@egreeds\",\"https:\/\/www.tiktok.com\/@egreeds\"]}]}<\/script>\n<meta property=\"product:price:amount\" content=\"3.00\" \/>\n<meta property=\"product:price:currency\" content=\"EUR\" \/>\n<meta property=\"og:availability\" content=\"instock\" \/>\n<meta property=\"product:availability\" content=\"instock\" \/>\n<meta property=\"product:retailer_item_id\" content=\"RL-1\" \/>\n<meta property=\"product:condition\" content=\"new\" \/>\n<!-- \/ Yoast SEO Premium plugin. -->","yoast_head_json":{"title":"L\u00e1piz clave de sol - www.eg-reeds.com","description":"L\u00e1piz de m\u00fasica con clave de sol y goma de borrar. Color negro.","robots":{"index":"index","follow":"follow","max-snippet":"max-snippet:-1","max-image-preview":"max-image-preview:large","max-video-preview":"max-video-preview:-1"},"canonical":"https:\/\/eg-reeds.com\/es\/shop\/regalos-musicales\/lapiz-clave-de-sol\/","og_locale":"es_ES","og_type":"article","og_title":"L\u00e1piz clave de sol","og_description":"L\u00e1piz de m\u00fasica con clave de sol y goma de borrar. Color negro.","og_url":"https:\/\/eg-reeds.com\/es\/shop\/regalos-musicales\/lapiz-clave-de-sol\/","og_site_name":"www.eg-reeds.com","article_publisher":"https:\/\/www.facebook.com\/EGREEDS","article_modified_time":"2025-12-29T21:26:26+00:00","og_image":[{"width":497,"height":766,"url":"https:\/\/eg-reeds.com\/wp-content\/uploads\/2023\/09\/Treble-clef-pencil.jpeg","type":"image\/jpeg"}],"twitter_card":"summary_large_image","twitter_site":"@egreeds","twitter_misc":{"Precio":"3,00&euro;","Disponibilidad":"Disponible"},"schema":{"@context":"https:\/\/schema.org","@graph":[{"@type":["WebPage","ItemPage"],"@id":"https:\/\/eg-reeds.com\/es\/shop\/regalos-musicales\/lapiz-clave-de-sol\/","url":"https:\/\/eg-reeds.com\/es\/shop\/regalos-musicales\/lapiz-clave-de-sol\/","name":"L\u00e1piz clave de sol - www.eg-reeds.com","isPartOf":{"@id":"https:\/\/eg-reeds.com\/es\/#website"},"primaryImageOfPage":{"@id":"https:\/\/eg-reeds.com\/es\/shop\/regalos-musicales\/lapiz-clave-de-sol\/#primaryimage"},"image":{"@id":"https:\/\/eg-reeds.com\/es\/shop\/regalos-musicales\/lapiz-clave-de-sol\/#primaryimage"},"thumbnailUrl":"https:\/\/eg-reeds.com\/wp-content\/uploads\/2023\/09\/Treble-clef-pencil.jpeg","datePublished":"2023-09-15T18:19:18+00:00","dateModified":"2025-12-29T21:26:26+00:00","description":"L\u00e1piz de m\u00fasica con clave de sol y goma de borrar. Color negro.","breadcrumb":{"@id":"https:\/\/eg-reeds.com\/es\/shop\/regalos-musicales\/lapiz-clave-de-sol\/#breadcrumb"},"inLanguage":"es","potentialAction":[{"@type":"ReadAction","target":["https:\/\/eg-reeds.com\/es\/shop\/regalos-musicales\/lapiz-clave-de-sol\/"]}]},{"@type":"ImageObject","inLanguage":"es","@id":"https:\/\/eg-reeds.com\/es\/shop\/regalos-musicales\/lapiz-clave-de-sol\/#primaryimage","url":"https:\/\/eg-reeds.com\/wp-content\/uploads\/2023\/09\/Treble-clef-pencil.jpeg","contentUrl":"https:\/\/eg-reeds.com\/wp-content\/uploads\/2023\/09\/Treble-clef-pencil.jpeg","width":497,"height":766,"caption":"L\u00e1piz clave de sol m\u00fasica"},{"@type":"BreadcrumbList","@id":"https:\/\/eg-reeds.com\/es\/shop\/regalos-musicales\/lapiz-clave-de-sol\/#breadcrumb","itemListElement":[{"@type":"ListItem","position":1,"name":"Inicio","item":"https:\/\/eg-reeds.com\/es\/"},{"@type":"ListItem","position":2,"name":"Tienda","item":"https:\/\/eg-reeds.com\/es\/"},{"@type":"ListItem","position":3,"name":"L\u00e1piz clave de sol"}]},{"@type":"WebSite","@id":"https:\/\/eg-reeds.com\/es\/#website","url":"https:\/\/eg-reeds.com\/es\/","name":"www.eg-reeds.com","description":"Ca\u00f1as oboe","publisher":{"@id":"https:\/\/eg-reeds.com\/es\/#organization"},"alternateName":"eg-reeds.com","potentialAction":[{"@type":"SearchAction","target":{"@type":"EntryPoint","urlTemplate":"https:\/\/eg-reeds.com\/es\/?s={search_term_string}"},"query-input":{"@type":"PropertyValueSpecification","valueRequired":true,"valueName":"search_term_string"}}],"inLanguage":"es"},{"@type":"Organization","@id":"https:\/\/eg-reeds.com\/es\/#organization","name":"www.eg-reeds.com","url":"https:\/\/eg-reeds.com\/es\/","logo":{"@type":"ImageObject","inLanguage":"es","@id":"https:\/\/eg-reeds.com\/es\/#\/schema\/logo\/image\/","url":"https:\/\/eg-reeds.com\/wp-content\/uploads\/2024\/06\/Logo-scaled-e1718793906611.jpg","contentUrl":"https:\/\/eg-reeds.com\/wp-content\/uploads\/2024\/06\/Logo-scaled-e1718793906611.jpg","width":1200,"height":493,"caption":"www.eg-reeds.com"},"image":{"@id":"https:\/\/eg-reeds.com\/es\/#\/schema\/logo\/image\/"},"sameAs":["https:\/\/www.facebook.com\/EGREEDS","https:\/\/x.com\/egreeds","https:\/\/www.instagram.com\/egreeds\/","https:\/\/www.youtube.com\/c\/EGREEDS","https:\/\/www.threads.net\/@egreeds","https:\/\/www.tiktok.com\/@egreeds"]}]},"product_price_amount":"3.00","product_price_currency":"EUR","og_availability":"instock","product_availability":"instock","product_retailer_item_id":"RL-1","product_condition":"new"},"_links":{"self":[{"href":"https:\/\/eg-reeds.com\/es\/wp-json\/wp\/v2\/product\/48266","targetHints":{"allow":["GET"]}}],"collection":[{"href":"https:\/\/eg-reeds.com\/es\/wp-json\/wp\/v2\/product"}],"about":[{"href":"https:\/\/eg-reeds.com\/es\/wp-json\/wp\/v2\/types\/product"}],"replies":[{"embeddable":true,"href":"https:\/\/eg-reeds.com\/es\/wp-json\/wp\/v2\/comments?post=48266"}],"wp:featuredmedia":[{"embeddable":true,"href":"https:\/\/eg-reeds.com\/es\/wp-json\/wp\/v2\/media\/48348"}],"wp:attachment":[{"href":"https:\/\/eg-reeds.com\/es\/wp-json\/wp\/v2\/media?parent=48266"}],"wp:term":[{"taxonomy":"product_brand","embeddable":true,"href":"https:\/\/eg-reeds.com\/es\/wp-json\/wp\/v2\/product_brand?post=48266"},{"taxonomy":"product_cat","embeddable":true,"href":"https:\/\/eg-reeds.com\/es\/wp-json\/wp\/v2\/product_cat?post=48266"},{"taxonomy":"product_tag","embeddable":true,"href":"https:\/\/eg-reeds.com\/es\/wp-json\/wp\/v2\/product_tag?post=48266"},{"taxonomy":"giftcard-category","embeddable":true,"href":"https:\/\/eg-reeds.com\/es\/wp-json\/wp\/v2\/giftcard-category?post=48266"}],"curies":[{"name":"wp","href":"https:\/\/api.w.org\/{rel}","templated":true}]}}