{"id":48763,"date":"2023-10-02T13:32:26","date_gmt":"2023-10-02T11:32:26","guid":{"rendered":"http:\/\/eg-reeds.com\/?post_type=product&#038;p=48763"},"modified":"2026-04-07T00:42:43","modified_gmt":"2026-04-06T22:42:43","slug":"caja-para-20-canas-oboe-madera-negra","status":"publish","type":"product","link":"https:\/\/eg-reeds.com\/es\/shop\/accesorios\/cajas-de-canas\/caja-para-20-canas-oboe-madera-negra\/","title":{"rendered":"Caja para 20 ca\u00f1as oboe madera negra"},"content":{"rendered":"<h1><strong>Caja para 20 ca\u00f1as oboe madera negra.<\/strong><\/h1>\n<p><span style=\"font-size: 14.4px;\">Caja para 20 ca\u00f1as oboe madera negra. Caja para 20 ca\u00f1as hecha de madera negra, con recubrimiento interior de terciopelo negro. Lleva el sistema de sujeci\u00f3n en el medio de la ca\u00f1a para evitar movimientos y da\u00f1os en la punta de la ca\u00f1a. <\/span><\/p>\n<p><span style=\"font-size: 14.4px;\">El sistema de cerrado es autom\u00e1tico, con imanes, lo que lo hace c\u00f3modo y seguro. En ambos lados tiene un peque\u00f1o agujero de ventilaci\u00f3n para las ca\u00f1as. Es el modo de almacenamiento ideal para tus ca\u00f1as y la mejor forma de transportarlas.<\/span><\/p>\n<p>Ca\u00f1as no incluidas.<\/p>\n<h3><\/h3>\n<h3>Ventajas de la caja:<\/h3>\n<ol>\n<li><strong>Materiales de Alta Calidad<\/strong>: Fabricada con madera en color negro, lo que la hace robusta y duradera. Adem\u00e1s, su acabado refinado vale tanto para sacar en el escenario como para el estudio diario.<\/li>\n<li><strong>Interior con Terciopelo Negro<\/strong>: El recubrimiento interior de terciopelo protege cada ca\u00f1a individualmente, minimizando el riesgo de da\u00f1os y preservando la calidad de tu sonido.<\/li>\n<li><strong>Sistema de sujeci\u00f3n \u00f3ptimo<\/strong>: Cada ca\u00f1a se mantiene firmemente en su lugar, evitando movimientos no deseados y protegiendo las delicadas puntas.<\/li>\n<li><strong>Cierre magn\u00e9tico autom\u00e1tico<\/strong>: La caja cuenta con un moderno sistema de cierre magn\u00e9tico, combinando facilidad de uso con una seguridad superior. Abre y cierra tu caja sin esfuerzo, sabiendo que tus ca\u00f1as est\u00e1n siempre seguras.<\/li>\n<li><strong>Ventilaci\u00f3n<\/strong>: Con peque\u00f1os agujeros de ventilaci\u00f3n en ambos lados, nuestra caja asegura un flujo de aire \u00f3ptimo, crucial para mantener tus ca\u00f1as en condiciones perfectas.<\/li>\n<li><strong>Portabilidad y estilo<\/strong>: Su dise\u00f1o elegante y compacto hace de esta caja el compa\u00f1ero de viaje ideal, asegurando que tus ca\u00f1as lleguen en perfecto estado, sin importar d\u00f3nde te lleve tu m\u00fasica.<\/li>\n<\/ol>\n","protected":false},"excerpt":{"rendered":"<p>Ca\u00f1as no incluidas.<\/p>\n","protected":false},"featured_media":50159,"comment_status":"open","ping_status":"closed","template":"","meta":[],"product_brand":[],"product_cat":[1306,439],"product_tag":[3818],"giftcard-category":[],"class_list":{"0":"post-48763","1":"product","2":"type-product","3":"status-publish","4":"has-post-thumbnail","6":"product_cat-accesorios","7":"product_cat-cajas-de-canas","8":"product_tag-cajas-canas-oboe","10":"first","11":"instock","12":"taxable","13":"shipping-taxable","14":"purchasable","15":"product-type-simple"},"yoast_head":"<!-- This site is optimized with the Yoast SEO Premium plugin v27.0 (Yoast SEO v27.4) - https:\/\/yoast.com\/product\/yoast-seo-premium-wordpress\/ -->\n<title>Caja para 20 ca\u00f1as oboe madera negra - www.eg-reeds.com<\/title>\n<meta name=\"description\" content=\"Caja para 20 ca\u00f1as oboe madera negra. Caja para 20 ca\u00f1as hecha de madera negra, con recubrimiento interior de terciopelo negro.\" \/>\n<meta name=\"robots\" content=\"index, follow, max-snippet:-1, max-image-preview:large, max-video-preview:-1\" \/>\n<link rel=\"canonical\" href=\"https:\/\/eg-reeds.com\/es\/shop\/accesorios\/cajas-de-canas\/caja-para-20-canas-oboe-madera-negra\/\" \/>\n<meta property=\"og:locale\" content=\"es_ES\" \/>\n<meta property=\"og:type\" content=\"article\" \/>\n<meta property=\"og:title\" content=\"Caja para 20 ca\u00f1as oboe madera negra\" \/>\n<meta property=\"og:description\" content=\"Caja para 20 ca\u00f1as oboe madera negra. Caja para 20 ca\u00f1as hecha de madera negra, con recubrimiento interior de terciopelo negro.\" \/>\n<meta property=\"og:url\" content=\"https:\/\/eg-reeds.com\/es\/shop\/accesorios\/cajas-de-canas\/caja-para-20-canas-oboe-madera-negra\/\" \/>\n<meta property=\"og:site_name\" content=\"www.eg-reeds.com\" \/>\n<meta property=\"article:publisher\" content=\"https:\/\/www.facebook.com\/EGREEDS\" \/>\n<meta property=\"article:modified_time\" content=\"2026-04-06T22:42:43+00:00\" \/>\n<meta property=\"og:image\" content=\"https:\/\/eg-reeds.com\/wp-content\/uploads\/2023\/10\/Oboe-reed-case-20-reeds-black.jpeg\" \/>\n\t<meta property=\"og:image:width\" content=\"1280\" \/>\n\t<meta property=\"og:image:height\" content=\"1088\" \/>\n\t<meta property=\"og:image:type\" content=\"image\/jpeg\" \/>\n<meta name=\"twitter:card\" content=\"summary_large_image\" \/>\n<meta name=\"twitter:site\" content=\"@egreeds\" \/>\n<meta name=\"twitter:label1\" content=\"Precio\" \/>\n\t<meta name=\"twitter:data1\" content=\"55,00&euro;\" \/>\n\t<meta name=\"twitter:label2\" content=\"Disponibilidad\" \/>\n\t<meta name=\"twitter:data2\" content=\"Disponible\" \/>\n<script type=\"application\/ld+json\" class=\"yoast-schema-graph\">{\"@context\":\"https:\\\/\\\/schema.org\",\"@graph\":[{\"@type\":[\"WebPage\",\"ItemPage\"],\"@id\":\"https:\\\/\\\/eg-reeds.com\\\/es\\\/shop\\\/accesorios\\\/cajas-de-canas\\\/caja-para-20-canas-oboe-madera-negra\\\/\",\"url\":\"https:\\\/\\\/eg-reeds.com\\\/es\\\/shop\\\/accesorios\\\/cajas-de-canas\\\/caja-para-20-canas-oboe-madera-negra\\\/\",\"name\":\"Caja para 20 ca\u00f1as oboe madera negra - www.eg-reeds.com\",\"isPartOf\":{\"@id\":\"https:\\\/\\\/eg-reeds.com\\\/es\\\/#website\"},\"primaryImageOfPage\":{\"@id\":\"https:\\\/\\\/eg-reeds.com\\\/es\\\/shop\\\/accesorios\\\/cajas-de-canas\\\/caja-para-20-canas-oboe-madera-negra\\\/#primaryimage\"},\"image\":{\"@id\":\"https:\\\/\\\/eg-reeds.com\\\/es\\\/shop\\\/accesorios\\\/cajas-de-canas\\\/caja-para-20-canas-oboe-madera-negra\\\/#primaryimage\"},\"thumbnailUrl\":\"https:\\\/\\\/eg-reeds.com\\\/wp-content\\\/uploads\\\/2023\\\/10\\\/Oboe-reed-case-20-reeds-black.jpeg\",\"datePublished\":\"2023-10-02T11:32:26+00:00\",\"dateModified\":\"2026-04-06T22:42:43+00:00\",\"description\":\"Caja para 20 ca\u00f1as oboe madera negra. Caja para 20 ca\u00f1as hecha de madera negra, con recubrimiento interior de terciopelo negro.\",\"breadcrumb\":{\"@id\":\"https:\\\/\\\/eg-reeds.com\\\/es\\\/shop\\\/accesorios\\\/cajas-de-canas\\\/caja-para-20-canas-oboe-madera-negra\\\/#breadcrumb\"},\"inLanguage\":\"es\",\"potentialAction\":[{\"@type\":\"ReadAction\",\"target\":[\"https:\\\/\\\/eg-reeds.com\\\/es\\\/shop\\\/accesorios\\\/cajas-de-canas\\\/caja-para-20-canas-oboe-madera-negra\\\/\"]}]},{\"@type\":\"ImageObject\",\"inLanguage\":\"es\",\"@id\":\"https:\\\/\\\/eg-reeds.com\\\/es\\\/shop\\\/accesorios\\\/cajas-de-canas\\\/caja-para-20-canas-oboe-madera-negra\\\/#primaryimage\",\"url\":\"https:\\\/\\\/eg-reeds.com\\\/wp-content\\\/uploads\\\/2023\\\/10\\\/Oboe-reed-case-20-reeds-black.jpeg\",\"contentUrl\":\"https:\\\/\\\/eg-reeds.com\\\/wp-content\\\/uploads\\\/2023\\\/10\\\/Oboe-reed-case-20-reeds-black.jpeg\",\"width\":1280,\"height\":1088,\"caption\":\"Oboe reed case 20 reeds black\"},{\"@type\":\"BreadcrumbList\",\"@id\":\"https:\\\/\\\/eg-reeds.com\\\/es\\\/shop\\\/accesorios\\\/cajas-de-canas\\\/caja-para-20-canas-oboe-madera-negra\\\/#breadcrumb\",\"itemListElement\":[{\"@type\":\"ListItem\",\"position\":1,\"name\":\"Inicio\",\"item\":\"https:\\\/\\\/eg-reeds.com\\\/es\\\/\"},{\"@type\":\"ListItem\",\"position\":2,\"name\":\"Tienda\",\"item\":\"https:\\\/\\\/eg-reeds.com\\\/es\\\/\"},{\"@type\":\"ListItem\",\"position\":3,\"name\":\"Caja para 20 ca\u00f1as oboe madera negra\"}]},{\"@type\":\"WebSite\",\"@id\":\"https:\\\/\\\/eg-reeds.com\\\/es\\\/#website\",\"url\":\"https:\\\/\\\/eg-reeds.com\\\/es\\\/\",\"name\":\"www.eg-reeds.com\",\"description\":\"Ca\u00f1as oboe\",\"publisher\":{\"@id\":\"https:\\\/\\\/eg-reeds.com\\\/es\\\/#organization\"},\"alternateName\":\"eg-reeds.com\",\"potentialAction\":[{\"@type\":\"SearchAction\",\"target\":{\"@type\":\"EntryPoint\",\"urlTemplate\":\"https:\\\/\\\/eg-reeds.com\\\/es\\\/?s={search_term_string}\"},\"query-input\":{\"@type\":\"PropertyValueSpecification\",\"valueRequired\":true,\"valueName\":\"search_term_string\"}}],\"inLanguage\":\"es\"},{\"@type\":\"Organization\",\"@id\":\"https:\\\/\\\/eg-reeds.com\\\/es\\\/#organization\",\"name\":\"www.eg-reeds.com\",\"url\":\"https:\\\/\\\/eg-reeds.com\\\/es\\\/\",\"logo\":{\"@type\":\"ImageObject\",\"inLanguage\":\"es\",\"@id\":\"https:\\\/\\\/eg-reeds.com\\\/es\\\/#\\\/schema\\\/logo\\\/image\\\/\",\"url\":\"https:\\\/\\\/eg-reeds.com\\\/wp-content\\\/uploads\\\/2024\\\/06\\\/Logo-scaled-e1718793906611.jpg\",\"contentUrl\":\"https:\\\/\\\/eg-reeds.com\\\/wp-content\\\/uploads\\\/2024\\\/06\\\/Logo-scaled-e1718793906611.jpg\",\"width\":1200,\"height\":493,\"caption\":\"www.eg-reeds.com\"},\"image\":{\"@id\":\"https:\\\/\\\/eg-reeds.com\\\/es\\\/#\\\/schema\\\/logo\\\/image\\\/\"},\"sameAs\":[\"https:\\\/\\\/www.facebook.com\\\/EGREEDS\",\"https:\\\/\\\/x.com\\\/egreeds\",\"https:\\\/\\\/www.instagram.com\\\/egreeds\\\/\",\"https:\\\/\\\/www.youtube.com\\\/c\\\/EGREEDS\",\"https:\\\/\\\/www.threads.net\\\/@egreeds\",\"https:\\\/\\\/www.tiktok.com\\\/@egreeds\"]}]}<\/script>\n<meta property=\"product:price:amount\" content=\"55.00\" \/>\n<meta property=\"product:price:currency\" content=\"EUR\" \/>\n<meta property=\"og:availability\" content=\"instock\" \/>\n<meta property=\"product:availability\" content=\"instock\" \/>\n<meta property=\"product:retailer_item_id\" content=\"ACCAC20-Black\" \/>\n<meta property=\"product:condition\" content=\"new\" \/>\n<!-- \/ Yoast SEO Premium plugin. -->","yoast_head_json":{"title":"Caja para 20 ca\u00f1as oboe madera negra - www.eg-reeds.com","description":"Caja para 20 ca\u00f1as oboe madera negra. Caja para 20 ca\u00f1as hecha de madera negra, con recubrimiento interior de terciopelo negro.","robots":{"index":"index","follow":"follow","max-snippet":"max-snippet:-1","max-image-preview":"max-image-preview:large","max-video-preview":"max-video-preview:-1"},"canonical":"https:\/\/eg-reeds.com\/es\/shop\/accesorios\/cajas-de-canas\/caja-para-20-canas-oboe-madera-negra\/","og_locale":"es_ES","og_type":"article","og_title":"Caja para 20 ca\u00f1as oboe madera negra","og_description":"Caja para 20 ca\u00f1as oboe madera negra. Caja para 20 ca\u00f1as hecha de madera negra, con recubrimiento interior de terciopelo negro.","og_url":"https:\/\/eg-reeds.com\/es\/shop\/accesorios\/cajas-de-canas\/caja-para-20-canas-oboe-madera-negra\/","og_site_name":"www.eg-reeds.com","article_publisher":"https:\/\/www.facebook.com\/EGREEDS","article_modified_time":"2026-04-06T22:42:43+00:00","og_image":[{"width":1280,"height":1088,"url":"https:\/\/eg-reeds.com\/wp-content\/uploads\/2023\/10\/Oboe-reed-case-20-reeds-black.jpeg","type":"image\/jpeg"}],"twitter_card":"summary_large_image","twitter_site":"@egreeds","twitter_misc":{"Precio":"55,00&euro;","Disponibilidad":"Disponible"},"schema":{"@context":"https:\/\/schema.org","@graph":[{"@type":["WebPage","ItemPage"],"@id":"https:\/\/eg-reeds.com\/es\/shop\/accesorios\/cajas-de-canas\/caja-para-20-canas-oboe-madera-negra\/","url":"https:\/\/eg-reeds.com\/es\/shop\/accesorios\/cajas-de-canas\/caja-para-20-canas-oboe-madera-negra\/","name":"Caja para 20 ca\u00f1as oboe madera negra - www.eg-reeds.com","isPartOf":{"@id":"https:\/\/eg-reeds.com\/es\/#website"},"primaryImageOfPage":{"@id":"https:\/\/eg-reeds.com\/es\/shop\/accesorios\/cajas-de-canas\/caja-para-20-canas-oboe-madera-negra\/#primaryimage"},"image":{"@id":"https:\/\/eg-reeds.com\/es\/shop\/accesorios\/cajas-de-canas\/caja-para-20-canas-oboe-madera-negra\/#primaryimage"},"thumbnailUrl":"https:\/\/eg-reeds.com\/wp-content\/uploads\/2023\/10\/Oboe-reed-case-20-reeds-black.jpeg","datePublished":"2023-10-02T11:32:26+00:00","dateModified":"2026-04-06T22:42:43+00:00","description":"Caja para 20 ca\u00f1as oboe madera negra. Caja para 20 ca\u00f1as hecha de madera negra, con recubrimiento interior de terciopelo negro.","breadcrumb":{"@id":"https:\/\/eg-reeds.com\/es\/shop\/accesorios\/cajas-de-canas\/caja-para-20-canas-oboe-madera-negra\/#breadcrumb"},"inLanguage":"es","potentialAction":[{"@type":"ReadAction","target":["https:\/\/eg-reeds.com\/es\/shop\/accesorios\/cajas-de-canas\/caja-para-20-canas-oboe-madera-negra\/"]}]},{"@type":"ImageObject","inLanguage":"es","@id":"https:\/\/eg-reeds.com\/es\/shop\/accesorios\/cajas-de-canas\/caja-para-20-canas-oboe-madera-negra\/#primaryimage","url":"https:\/\/eg-reeds.com\/wp-content\/uploads\/2023\/10\/Oboe-reed-case-20-reeds-black.jpeg","contentUrl":"https:\/\/eg-reeds.com\/wp-content\/uploads\/2023\/10\/Oboe-reed-case-20-reeds-black.jpeg","width":1280,"height":1088,"caption":"Oboe reed case 20 reeds black"},{"@type":"BreadcrumbList","@id":"https:\/\/eg-reeds.com\/es\/shop\/accesorios\/cajas-de-canas\/caja-para-20-canas-oboe-madera-negra\/#breadcrumb","itemListElement":[{"@type":"ListItem","position":1,"name":"Inicio","item":"https:\/\/eg-reeds.com\/es\/"},{"@type":"ListItem","position":2,"name":"Tienda","item":"https:\/\/eg-reeds.com\/es\/"},{"@type":"ListItem","position":3,"name":"Caja para 20 ca\u00f1as oboe madera negra"}]},{"@type":"WebSite","@id":"https:\/\/eg-reeds.com\/es\/#website","url":"https:\/\/eg-reeds.com\/es\/","name":"www.eg-reeds.com","description":"Ca\u00f1as oboe","publisher":{"@id":"https:\/\/eg-reeds.com\/es\/#organization"},"alternateName":"eg-reeds.com","potentialAction":[{"@type":"SearchAction","target":{"@type":"EntryPoint","urlTemplate":"https:\/\/eg-reeds.com\/es\/?s={search_term_string}"},"query-input":{"@type":"PropertyValueSpecification","valueRequired":true,"valueName":"search_term_string"}}],"inLanguage":"es"},{"@type":"Organization","@id":"https:\/\/eg-reeds.com\/es\/#organization","name":"www.eg-reeds.com","url":"https:\/\/eg-reeds.com\/es\/","logo":{"@type":"ImageObject","inLanguage":"es","@id":"https:\/\/eg-reeds.com\/es\/#\/schema\/logo\/image\/","url":"https:\/\/eg-reeds.com\/wp-content\/uploads\/2024\/06\/Logo-scaled-e1718793906611.jpg","contentUrl":"https:\/\/eg-reeds.com\/wp-content\/uploads\/2024\/06\/Logo-scaled-e1718793906611.jpg","width":1200,"height":493,"caption":"www.eg-reeds.com"},"image":{"@id":"https:\/\/eg-reeds.com\/es\/#\/schema\/logo\/image\/"},"sameAs":["https:\/\/www.facebook.com\/EGREEDS","https:\/\/x.com\/egreeds","https:\/\/www.instagram.com\/egreeds\/","https:\/\/www.youtube.com\/c\/EGREEDS","https:\/\/www.threads.net\/@egreeds","https:\/\/www.tiktok.com\/@egreeds"]}]},"product_price_amount":"55.00","product_price_currency":"EUR","og_availability":"instock","product_availability":"instock","product_retailer_item_id":"ACCAC20-Black","product_condition":"new"},"_links":{"self":[{"href":"https:\/\/eg-reeds.com\/es\/wp-json\/wp\/v2\/product\/48763","targetHints":{"allow":["GET"]}}],"collection":[{"href":"https:\/\/eg-reeds.com\/es\/wp-json\/wp\/v2\/product"}],"about":[{"href":"https:\/\/eg-reeds.com\/es\/wp-json\/wp\/v2\/types\/product"}],"replies":[{"embeddable":true,"href":"https:\/\/eg-reeds.com\/es\/wp-json\/wp\/v2\/comments?post=48763"}],"wp:featuredmedia":[{"embeddable":true,"href":"https:\/\/eg-reeds.com\/es\/wp-json\/wp\/v2\/media\/50159"}],"wp:attachment":[{"href":"https:\/\/eg-reeds.com\/es\/wp-json\/wp\/v2\/media?parent=48763"}],"wp:term":[{"taxonomy":"product_brand","embeddable":true,"href":"https:\/\/eg-reeds.com\/es\/wp-json\/wp\/v2\/product_brand?post=48763"},{"taxonomy":"product_cat","embeddable":true,"href":"https:\/\/eg-reeds.com\/es\/wp-json\/wp\/v2\/product_cat?post=48763"},{"taxonomy":"product_tag","embeddable":true,"href":"https:\/\/eg-reeds.com\/es\/wp-json\/wp\/v2\/product_tag?post=48763"},{"taxonomy":"giftcard-category","embeddable":true,"href":"https:\/\/eg-reeds.com\/es\/wp-json\/wp\/v2\/giftcard-category?post=48763"}],"curies":[{"name":"wp","href":"https:\/\/api.w.org\/{rel}","templated":true}]}}