{"id":49501,"date":"2023-11-27T11:30:49","date_gmt":"2023-11-27T10:30:49","guid":{"rendered":"http:\/\/eg-reeds.com\/shop\/sin%20categorizar\/forma-h13-corno-ingles\/"},"modified":"2025-02-26T10:29:48","modified_gmt":"2025-02-26T09:29:48","slug":"forma-h13-corno-ingles","status":"publish","type":"product","link":"https:\/\/eg-reeds.com\/es\/shop\/accesorios\/moldes-para-dar-forma\/formas-para-corno-ingles\/forma-h13-corno-ingles\/","title":{"rendered":"Forma H13 corno ingl\u00e9s."},"content":{"rendered":"<h1>Forma H13 corno ingl\u00e9s.<\/h1>\n<p>Forma H13 corno ingl\u00e9s.<\/p>\n<p>Si necesita cualquier otra forma cont\u00e1ctanos en <strong><a href=\"mailto:info@eg-reeds.com\" target=\"_blank\" rel=\"noopener\">info@eg-reeds.com<\/a><\/strong><\/p>\n<p>Listado de formas <a href=\"https:\/\/eg-reeds.com\/es\/formas-reeds-n-stuff\/\" target=\"_blank\" rel=\"noopener\"><strong>aqu\u00ed<\/strong><\/a>.<\/p>\n<p>Tiempo de env\u00edo aproximado 7-10 d\u00edas.<\/p>\n<p>&nbsp;<\/p>\n<p><img loading=\"lazy\" decoding=\"async\" class=\"aligncenter size-full wp-image-49442\" src=\"https:\/\/eg-reeds.com\/wp-content\/uploads\/2023\/11\/H13-English-Horn-Shaper-form-.png\" alt=\"H13 English Horn Shaper \" width=\"1528\" height=\"1208\" srcset=\"https:\/\/eg-reeds.com\/wp-content\/uploads\/2023\/11\/H13-English-Horn-Shaper-form-.png 1528w, https:\/\/eg-reeds.com\/wp-content\/uploads\/2023\/11\/H13-English-Horn-Shaper-form--600x474.png 600w, https:\/\/eg-reeds.com\/wp-content\/uploads\/2023\/11\/H13-English-Horn-Shaper-form--300x237.png 300w, https:\/\/eg-reeds.com\/wp-content\/uploads\/2023\/11\/H13-English-Horn-Shaper-form--1024x810.png 1024w, https:\/\/eg-reeds.com\/wp-content\/uploads\/2023\/11\/H13-English-Horn-Shaper-form--768x607.png 768w\" sizes=\"auto, (max-width: 1528px) 100vw, 1528px\" \/><\/p>\n","protected":false},"excerpt":{"rendered":"<p>Forma H13 corno ingl\u00e9s. Forma H13 corno ingl\u00e9s. Si necesita cualquier otra forma cont\u00e1ctanos en info@eg-reeds.com Listado de formas aqu\u00ed. Tiempo de env\u00edo aproximado 7-10 d\u00edas. &nbsp;<\/p>\n","protected":false},"featured_media":49461,"comment_status":"open","ping_status":"closed","template":"","meta":[],"product_brand":[],"product_cat":[1312,2923],"product_tag":[],"giftcard-category":[],"class_list":{"0":"post-49501","1":"product","2":"type-product","3":"status-publish","4":"has-post-thumbnail","6":"product_cat-formas-para-corno-ingles","7":"product_cat-reeds-n-stuff","9":"first","10":"instock","11":"taxable","12":"shipping-taxable","13":"purchasable","14":"product-type-simple"},"yoast_head":"<!-- This site is optimized with the Yoast SEO Premium plugin v27.0 (Yoast SEO v27.2) - https:\/\/yoast.com\/product\/yoast-seo-premium-wordpress\/ -->\n<title>Forma H13 corno ingl\u00e9s. - www.eg-reeds.com<\/title>\n<meta name=\"description\" content=\"Forma H13 corno ingl\u00e9s. Forma H13 para palas de corno ingl\u00e9s.\" \/>\n<meta name=\"robots\" content=\"index, follow, max-snippet:-1, max-image-preview:large, max-video-preview:-1\" \/>\n<link rel=\"canonical\" href=\"https:\/\/eg-reeds.com\/es\/shop\/accesorios\/moldes-para-dar-forma\/formas-para-corno-ingles\/forma-h13-corno-ingles\/\" \/>\n<meta property=\"og:locale\" content=\"es_ES\" \/>\n<meta property=\"og:type\" content=\"article\" \/>\n<meta property=\"og:title\" content=\"Forma H13 corno ingl\u00e9s.\" \/>\n<meta property=\"og:description\" content=\"Forma H13 corno ingl\u00e9s. Forma H13 para palas de corno ingl\u00e9s.\" \/>\n<meta property=\"og:url\" content=\"https:\/\/eg-reeds.com\/es\/shop\/accesorios\/moldes-para-dar-forma\/formas-para-corno-ingles\/forma-h13-corno-ingles\/\" \/>\n<meta property=\"og:site_name\" content=\"www.eg-reeds.com\" \/>\n<meta property=\"article:publisher\" content=\"https:\/\/www.facebook.com\/EGREEDS\" \/>\n<meta property=\"article:modified_time\" content=\"2025-02-26T09:29:48+00:00\" \/>\n<meta property=\"og:image\" content=\"https:\/\/eg-reeds.com\/wp-content\/uploads\/2023\/11\/Shaper-form-H13-English-Horn.jpeg\" \/>\n\t<meta property=\"og:image:width\" content=\"1200\" \/>\n\t<meta property=\"og:image:height\" content=\"960\" \/>\n\t<meta property=\"og:image:type\" content=\"image\/jpeg\" \/>\n<meta name=\"twitter:card\" content=\"summary_large_image\" \/>\n<meta name=\"twitter:site\" content=\"@egreeds\" \/>\n<meta name=\"twitter:label1\" content=\"Precio\" \/>\n\t<meta name=\"twitter:data1\" content=\"193,33&euro;\" \/>\n\t<meta name=\"twitter:label2\" content=\"Disponibilidad\" \/>\n\t<meta name=\"twitter:data2\" content=\"Disponible\" \/>\n<script type=\"application\/ld+json\" class=\"yoast-schema-graph\">{\"@context\":\"https:\/\/schema.org\",\"@graph\":[{\"@type\":[\"WebPage\",\"ItemPage\"],\"@id\":\"https:\/\/eg-reeds.com\/es\/shop\/accesorios\/moldes-para-dar-forma\/formas-para-corno-ingles\/forma-h13-corno-ingles\/\",\"url\":\"https:\/\/eg-reeds.com\/es\/shop\/accesorios\/moldes-para-dar-forma\/formas-para-corno-ingles\/forma-h13-corno-ingles\/\",\"name\":\"Forma H13 corno ingl\u00e9s. - www.eg-reeds.com\",\"isPartOf\":{\"@id\":\"https:\/\/eg-reeds.com\/es\/#website\"},\"primaryImageOfPage\":{\"@id\":\"https:\/\/eg-reeds.com\/es\/shop\/accesorios\/moldes-para-dar-forma\/formas-para-corno-ingles\/forma-h13-corno-ingles\/#primaryimage\"},\"image\":{\"@id\":\"https:\/\/eg-reeds.com\/es\/shop\/accesorios\/moldes-para-dar-forma\/formas-para-corno-ingles\/forma-h13-corno-ingles\/#primaryimage\"},\"thumbnailUrl\":\"https:\/\/eg-reeds.com\/wp-content\/uploads\/2023\/11\/Shaper-form-H13-English-Horn.jpeg\",\"datePublished\":\"2023-11-27T10:30:49+00:00\",\"dateModified\":\"2025-02-26T09:29:48+00:00\",\"description\":\"Forma H13 corno ingl\u00e9s. Forma H13 para palas de corno ingl\u00e9s.\",\"breadcrumb\":{\"@id\":\"https:\/\/eg-reeds.com\/es\/shop\/accesorios\/moldes-para-dar-forma\/formas-para-corno-ingles\/forma-h13-corno-ingles\/#breadcrumb\"},\"inLanguage\":\"es\",\"potentialAction\":[{\"@type\":\"ReadAction\",\"target\":[\"https:\/\/eg-reeds.com\/es\/shop\/accesorios\/moldes-para-dar-forma\/formas-para-corno-ingles\/forma-h13-corno-ingles\/\"]}]},{\"@type\":\"ImageObject\",\"inLanguage\":\"es\",\"@id\":\"https:\/\/eg-reeds.com\/es\/shop\/accesorios\/moldes-para-dar-forma\/formas-para-corno-ingles\/forma-h13-corno-ingles\/#primaryimage\",\"url\":\"https:\/\/eg-reeds.com\/wp-content\/uploads\/2023\/11\/Shaper-form-H13-English-Horn.jpeg\",\"contentUrl\":\"https:\/\/eg-reeds.com\/wp-content\/uploads\/2023\/11\/Shaper-form-H13-English-Horn.jpeg\",\"width\":1200,\"height\":960,\"caption\":\"Forma H13 palas corno ingl\u00e9s.\"},{\"@type\":\"BreadcrumbList\",\"@id\":\"https:\/\/eg-reeds.com\/es\/shop\/accesorios\/moldes-para-dar-forma\/formas-para-corno-ingles\/forma-h13-corno-ingles\/#breadcrumb\",\"itemListElement\":[{\"@type\":\"ListItem\",\"position\":1,\"name\":\"Inicio\",\"item\":\"https:\/\/eg-reeds.com\/es\/\"},{\"@type\":\"ListItem\",\"position\":2,\"name\":\"Tienda\",\"item\":\"https:\/\/eg-reeds.com\/es\/\"},{\"@type\":\"ListItem\",\"position\":3,\"name\":\"Forma H13 corno ingl\u00e9s.\"}]},{\"@type\":\"WebSite\",\"@id\":\"https:\/\/eg-reeds.com\/es\/#website\",\"url\":\"https:\/\/eg-reeds.com\/es\/\",\"name\":\"www.eg-reeds.com\",\"description\":\"Ca\u00f1as oboe\",\"publisher\":{\"@id\":\"https:\/\/eg-reeds.com\/es\/#organization\"},\"alternateName\":\"eg-reeds.com\",\"potentialAction\":[{\"@type\":\"SearchAction\",\"target\":{\"@type\":\"EntryPoint\",\"urlTemplate\":\"https:\/\/eg-reeds.com\/es\/?s={search_term_string}\"},\"query-input\":{\"@type\":\"PropertyValueSpecification\",\"valueRequired\":true,\"valueName\":\"search_term_string\"}}],\"inLanguage\":\"es\"},{\"@type\":\"Organization\",\"@id\":\"https:\/\/eg-reeds.com\/es\/#organization\",\"name\":\"www.eg-reeds.com\",\"url\":\"https:\/\/eg-reeds.com\/es\/\",\"logo\":{\"@type\":\"ImageObject\",\"inLanguage\":\"es\",\"@id\":\"https:\/\/eg-reeds.com\/es\/#\/schema\/logo\/image\/\",\"url\":\"https:\/\/eg-reeds.com\/wp-content\/uploads\/2024\/06\/Logo-scaled-e1718793906611.jpg\",\"contentUrl\":\"https:\/\/eg-reeds.com\/wp-content\/uploads\/2024\/06\/Logo-scaled-e1718793906611.jpg\",\"width\":1200,\"height\":493,\"caption\":\"www.eg-reeds.com\"},\"image\":{\"@id\":\"https:\/\/eg-reeds.com\/es\/#\/schema\/logo\/image\/\"},\"sameAs\":[\"https:\/\/www.facebook.com\/EGREEDS\",\"https:\/\/x.com\/egreeds\",\"https:\/\/www.instagram.com\/egreeds\/\",\"https:\/\/www.youtube.com\/c\/EGREEDS\",\"https:\/\/www.threads.net\/@egreeds\",\"https:\/\/www.tiktok.com\/@egreeds\"]}]}<\/script>\n<meta property=\"product:price:amount\" content=\"193.33\" \/>\n<meta property=\"product:price:currency\" content=\"EUR\" \/>\n<meta property=\"og:availability\" content=\"instock\" \/>\n<meta property=\"product:availability\" content=\"instock\" \/>\n<meta property=\"product:retailer_item_id\" content=\"H13SF\" \/>\n<meta property=\"product:condition\" content=\"new\" \/>\n<!-- \/ Yoast SEO Premium plugin. -->","yoast_head_json":{"title":"Forma H13 corno ingl\u00e9s. - www.eg-reeds.com","description":"Forma H13 corno ingl\u00e9s. Forma H13 para palas de corno ingl\u00e9s.","robots":{"index":"index","follow":"follow","max-snippet":"max-snippet:-1","max-image-preview":"max-image-preview:large","max-video-preview":"max-video-preview:-1"},"canonical":"https:\/\/eg-reeds.com\/es\/shop\/accesorios\/moldes-para-dar-forma\/formas-para-corno-ingles\/forma-h13-corno-ingles\/","og_locale":"es_ES","og_type":"article","og_title":"Forma H13 corno ingl\u00e9s.","og_description":"Forma H13 corno ingl\u00e9s. Forma H13 para palas de corno ingl\u00e9s.","og_url":"https:\/\/eg-reeds.com\/es\/shop\/accesorios\/moldes-para-dar-forma\/formas-para-corno-ingles\/forma-h13-corno-ingles\/","og_site_name":"www.eg-reeds.com","article_publisher":"https:\/\/www.facebook.com\/EGREEDS","article_modified_time":"2025-02-26T09:29:48+00:00","og_image":[{"width":1200,"height":960,"url":"https:\/\/eg-reeds.com\/wp-content\/uploads\/2023\/11\/Shaper-form-H13-English-Horn.jpeg","type":"image\/jpeg"}],"twitter_card":"summary_large_image","twitter_site":"@egreeds","twitter_misc":{"Precio":"193,33&euro;","Disponibilidad":"Disponible"},"schema":{"@context":"https:\/\/schema.org","@graph":[{"@type":["WebPage","ItemPage"],"@id":"https:\/\/eg-reeds.com\/es\/shop\/accesorios\/moldes-para-dar-forma\/formas-para-corno-ingles\/forma-h13-corno-ingles\/","url":"https:\/\/eg-reeds.com\/es\/shop\/accesorios\/moldes-para-dar-forma\/formas-para-corno-ingles\/forma-h13-corno-ingles\/","name":"Forma H13 corno ingl\u00e9s. - www.eg-reeds.com","isPartOf":{"@id":"https:\/\/eg-reeds.com\/es\/#website"},"primaryImageOfPage":{"@id":"https:\/\/eg-reeds.com\/es\/shop\/accesorios\/moldes-para-dar-forma\/formas-para-corno-ingles\/forma-h13-corno-ingles\/#primaryimage"},"image":{"@id":"https:\/\/eg-reeds.com\/es\/shop\/accesorios\/moldes-para-dar-forma\/formas-para-corno-ingles\/forma-h13-corno-ingles\/#primaryimage"},"thumbnailUrl":"https:\/\/eg-reeds.com\/wp-content\/uploads\/2023\/11\/Shaper-form-H13-English-Horn.jpeg","datePublished":"2023-11-27T10:30:49+00:00","dateModified":"2025-02-26T09:29:48+00:00","description":"Forma H13 corno ingl\u00e9s. Forma H13 para palas de corno ingl\u00e9s.","breadcrumb":{"@id":"https:\/\/eg-reeds.com\/es\/shop\/accesorios\/moldes-para-dar-forma\/formas-para-corno-ingles\/forma-h13-corno-ingles\/#breadcrumb"},"inLanguage":"es","potentialAction":[{"@type":"ReadAction","target":["https:\/\/eg-reeds.com\/es\/shop\/accesorios\/moldes-para-dar-forma\/formas-para-corno-ingles\/forma-h13-corno-ingles\/"]}]},{"@type":"ImageObject","inLanguage":"es","@id":"https:\/\/eg-reeds.com\/es\/shop\/accesorios\/moldes-para-dar-forma\/formas-para-corno-ingles\/forma-h13-corno-ingles\/#primaryimage","url":"https:\/\/eg-reeds.com\/wp-content\/uploads\/2023\/11\/Shaper-form-H13-English-Horn.jpeg","contentUrl":"https:\/\/eg-reeds.com\/wp-content\/uploads\/2023\/11\/Shaper-form-H13-English-Horn.jpeg","width":1200,"height":960,"caption":"Forma H13 palas corno ingl\u00e9s."},{"@type":"BreadcrumbList","@id":"https:\/\/eg-reeds.com\/es\/shop\/accesorios\/moldes-para-dar-forma\/formas-para-corno-ingles\/forma-h13-corno-ingles\/#breadcrumb","itemListElement":[{"@type":"ListItem","position":1,"name":"Inicio","item":"https:\/\/eg-reeds.com\/es\/"},{"@type":"ListItem","position":2,"name":"Tienda","item":"https:\/\/eg-reeds.com\/es\/"},{"@type":"ListItem","position":3,"name":"Forma H13 corno ingl\u00e9s."}]},{"@type":"WebSite","@id":"https:\/\/eg-reeds.com\/es\/#website","url":"https:\/\/eg-reeds.com\/es\/","name":"www.eg-reeds.com","description":"Ca\u00f1as oboe","publisher":{"@id":"https:\/\/eg-reeds.com\/es\/#organization"},"alternateName":"eg-reeds.com","potentialAction":[{"@type":"SearchAction","target":{"@type":"EntryPoint","urlTemplate":"https:\/\/eg-reeds.com\/es\/?s={search_term_string}"},"query-input":{"@type":"PropertyValueSpecification","valueRequired":true,"valueName":"search_term_string"}}],"inLanguage":"es"},{"@type":"Organization","@id":"https:\/\/eg-reeds.com\/es\/#organization","name":"www.eg-reeds.com","url":"https:\/\/eg-reeds.com\/es\/","logo":{"@type":"ImageObject","inLanguage":"es","@id":"https:\/\/eg-reeds.com\/es\/#\/schema\/logo\/image\/","url":"https:\/\/eg-reeds.com\/wp-content\/uploads\/2024\/06\/Logo-scaled-e1718793906611.jpg","contentUrl":"https:\/\/eg-reeds.com\/wp-content\/uploads\/2024\/06\/Logo-scaled-e1718793906611.jpg","width":1200,"height":493,"caption":"www.eg-reeds.com"},"image":{"@id":"https:\/\/eg-reeds.com\/es\/#\/schema\/logo\/image\/"},"sameAs":["https:\/\/www.facebook.com\/EGREEDS","https:\/\/x.com\/egreeds","https:\/\/www.instagram.com\/egreeds\/","https:\/\/www.youtube.com\/c\/EGREEDS","https:\/\/www.threads.net\/@egreeds","https:\/\/www.tiktok.com\/@egreeds"]}]},"product_price_amount":"193.33","product_price_currency":"EUR","og_availability":"instock","product_availability":"instock","product_retailer_item_id":"H13SF","product_condition":"new"},"_links":{"self":[{"href":"https:\/\/eg-reeds.com\/es\/wp-json\/wp\/v2\/product\/49501","targetHints":{"allow":["GET"]}}],"collection":[{"href":"https:\/\/eg-reeds.com\/es\/wp-json\/wp\/v2\/product"}],"about":[{"href":"https:\/\/eg-reeds.com\/es\/wp-json\/wp\/v2\/types\/product"}],"replies":[{"embeddable":true,"href":"https:\/\/eg-reeds.com\/es\/wp-json\/wp\/v2\/comments?post=49501"}],"wp:featuredmedia":[{"embeddable":true,"href":"https:\/\/eg-reeds.com\/es\/wp-json\/wp\/v2\/media\/49461"}],"wp:attachment":[{"href":"https:\/\/eg-reeds.com\/es\/wp-json\/wp\/v2\/media?parent=49501"}],"wp:term":[{"taxonomy":"product_brand","embeddable":true,"href":"https:\/\/eg-reeds.com\/es\/wp-json\/wp\/v2\/product_brand?post=49501"},{"taxonomy":"product_cat","embeddable":true,"href":"https:\/\/eg-reeds.com\/es\/wp-json\/wp\/v2\/product_cat?post=49501"},{"taxonomy":"product_tag","embeddable":true,"href":"https:\/\/eg-reeds.com\/es\/wp-json\/wp\/v2\/product_tag?post=49501"},{"taxonomy":"giftcard-category","embeddable":true,"href":"https:\/\/eg-reeds.com\/es\/wp-json\/wp\/v2\/giftcard-category?post=49501"}],"curies":[{"name":"wp","href":"https:\/\/api.w.org\/{rel}","templated":true}]}}