{"id":49503,"date":"2022-03-18T11:39:19","date_gmt":"2022-03-18T10:39:19","guid":{"rendered":"http:\/\/eg-reeds.com\/shop\/sin categorizar\/cuchilla-para-maquina-de-raspar-reeds-n-stuff\/"},"modified":"2022-03-18T11:39:19","modified_gmt":"2022-03-18T10:39:19","slug":"cuchilla-para-maquina-de-raspar-reeds-n-stuff","status":"publish","type":"product","link":"https:\/\/eg-reeds.com\/es\/shop\/maquinas-hacer-canas\/reeds-n-stuff\/cuchilla-para-maquina-de-raspar-reeds-n-stuff\/","title":{"rendered":"Cuchilla para m\u00e1quina de raspar Reeds &#8216;n Stuff"},"content":{"rendered":"<h1><strong>Cuchilla para m\u00e1quina de raspar Reeds &#8216;n Stuff.<\/strong><\/h1>\n<p>Cuchilla para m\u00e1quina de raspar Reeds &#8216;n Stuff original.<\/p>\n<p>Env\u00edo en 7-10 d\u00edas dependiendo del stock.<\/p>\n<p>&nbsp;<\/p>\n","protected":false},"excerpt":{"rendered":"<p>Cuchilla para m\u00e1quina de raspar Reeds &#8216;n Stuff. Cuchilla para m\u00e1quina de raspar Reeds &#8216;n Stuff original. Env\u00edo en 7-10 d\u00edas dependiendo del stock. &nbsp;<\/p>\n","protected":false},"featured_media":46037,"comment_status":"open","ping_status":"closed","template":"","meta":[],"product_brand":[],"product_cat":[2923],"product_tag":[],"giftcard-category":[],"class_list":{"0":"post-49503","1":"product","2":"type-product","3":"status-publish","4":"has-post-thumbnail","6":"product_cat-reeds-n-stuff","8":"first","9":"instock","10":"taxable","11":"shipping-taxable","12":"purchasable","13":"product-type-simple"},"yoast_head":"<!-- This site is optimized with the Yoast SEO Premium plugin v27.0 (Yoast SEO v27.4) - https:\/\/yoast.com\/product\/yoast-seo-premium-wordpress\/ -->\n<title>Cuchilla para m\u00e1quina de raspar Reeds &#039;n Stuff - www.eg-reeds.com<\/title>\n<meta name=\"description\" content=\"Cuchilla para m\u00e1quina de raspar Reeds &#039;n Stuff.\" \/>\n<meta name=\"robots\" content=\"index, follow, max-snippet:-1, max-image-preview:large, max-video-preview:-1\" \/>\n<link rel=\"canonical\" href=\"https:\/\/eg-reeds.com\/es\/shop\/maquinas-hacer-canas\/reeds-n-stuff\/cuchilla-para-maquina-de-raspar-reeds-n-stuff\/\" \/>\n<meta property=\"og:locale\" content=\"es_ES\" \/>\n<meta property=\"og:type\" content=\"article\" \/>\n<meta property=\"og:title\" content=\"Cuchilla para m\u00e1quina de raspar Reeds &#039;n Stuff\" \/>\n<meta property=\"og:description\" content=\"Cuchilla para m\u00e1quina de raspar Reeds &#039;n Stuff.\" \/>\n<meta property=\"og:url\" content=\"https:\/\/eg-reeds.com\/es\/shop\/maquinas-hacer-canas\/reeds-n-stuff\/cuchilla-para-maquina-de-raspar-reeds-n-stuff\/\" \/>\n<meta property=\"og:site_name\" content=\"www.eg-reeds.com\" \/>\n<meta property=\"article:publisher\" content=\"https:\/\/www.facebook.com\/EGREEDS\" \/>\n<meta property=\"og:image\" content=\"https:\/\/eg-reeds.com\/wp-content\/uploads\/2022\/03\/Blade-Profiling-machine-Reeds-n-Stuff.jpeg\" \/>\n\t<meta property=\"og:image:width\" content=\"800\" \/>\n\t<meta property=\"og:image:height\" content=\"640\" \/>\n\t<meta property=\"og:image:type\" content=\"image\/jpeg\" \/>\n<meta name=\"twitter:card\" content=\"summary_large_image\" \/>\n<meta name=\"twitter:site\" content=\"@egreeds\" \/>\n<meta name=\"twitter:label1\" content=\"Precio\" \/>\n\t<meta name=\"twitter:data1\" content=\"110,00&euro;\" \/>\n\t<meta name=\"twitter:label2\" content=\"Disponibilidad\" \/>\n\t<meta name=\"twitter:data2\" content=\"Disponible\" \/>\n<script type=\"application\/ld+json\" class=\"yoast-schema-graph\">{\"@context\":\"https:\\\/\\\/schema.org\",\"@graph\":[{\"@type\":[\"WebPage\",\"ItemPage\"],\"@id\":\"https:\\\/\\\/eg-reeds.com\\\/es\\\/shop\\\/maquinas-hacer-canas\\\/reeds-n-stuff\\\/cuchilla-para-maquina-de-raspar-reeds-n-stuff\\\/\",\"url\":\"https:\\\/\\\/eg-reeds.com\\\/es\\\/shop\\\/maquinas-hacer-canas\\\/reeds-n-stuff\\\/cuchilla-para-maquina-de-raspar-reeds-n-stuff\\\/\",\"name\":\"Cuchilla para m\u00e1quina de raspar Reeds 'n Stuff - www.eg-reeds.com\",\"isPartOf\":{\"@id\":\"https:\\\/\\\/eg-reeds.com\\\/es\\\/#website\"},\"primaryImageOfPage\":{\"@id\":\"https:\\\/\\\/eg-reeds.com\\\/es\\\/shop\\\/maquinas-hacer-canas\\\/reeds-n-stuff\\\/cuchilla-para-maquina-de-raspar-reeds-n-stuff\\\/#primaryimage\"},\"image\":{\"@id\":\"https:\\\/\\\/eg-reeds.com\\\/es\\\/shop\\\/maquinas-hacer-canas\\\/reeds-n-stuff\\\/cuchilla-para-maquina-de-raspar-reeds-n-stuff\\\/#primaryimage\"},\"thumbnailUrl\":\"https:\\\/\\\/eg-reeds.com\\\/wp-content\\\/uploads\\\/2022\\\/03\\\/Blade-Profiling-machine-Reeds-n-Stuff.jpeg\",\"datePublished\":\"2022-03-18T10:39:19+00:00\",\"description\":\"Cuchilla para m\u00e1quina de raspar Reeds 'n Stuff.\",\"breadcrumb\":{\"@id\":\"https:\\\/\\\/eg-reeds.com\\\/es\\\/shop\\\/maquinas-hacer-canas\\\/reeds-n-stuff\\\/cuchilla-para-maquina-de-raspar-reeds-n-stuff\\\/#breadcrumb\"},\"inLanguage\":\"es\",\"potentialAction\":[{\"@type\":\"ReadAction\",\"target\":[\"https:\\\/\\\/eg-reeds.com\\\/es\\\/shop\\\/maquinas-hacer-canas\\\/reeds-n-stuff\\\/cuchilla-para-maquina-de-raspar-reeds-n-stuff\\\/\"]}]},{\"@type\":\"ImageObject\",\"inLanguage\":\"es\",\"@id\":\"https:\\\/\\\/eg-reeds.com\\\/es\\\/shop\\\/maquinas-hacer-canas\\\/reeds-n-stuff\\\/cuchilla-para-maquina-de-raspar-reeds-n-stuff\\\/#primaryimage\",\"url\":\"https:\\\/\\\/eg-reeds.com\\\/wp-content\\\/uploads\\\/2022\\\/03\\\/Blade-Profiling-machine-Reeds-n-Stuff.jpeg\",\"contentUrl\":\"https:\\\/\\\/eg-reeds.com\\\/wp-content\\\/uploads\\\/2022\\\/03\\\/Blade-Profiling-machine-Reeds-n-Stuff.jpeg\",\"width\":800,\"height\":640,\"caption\":\"Cuchilla para m\u00e1quina raspado Reeds 'n Stuff\"},{\"@type\":\"BreadcrumbList\",\"@id\":\"https:\\\/\\\/eg-reeds.com\\\/es\\\/shop\\\/maquinas-hacer-canas\\\/reeds-n-stuff\\\/cuchilla-para-maquina-de-raspar-reeds-n-stuff\\\/#breadcrumb\",\"itemListElement\":[{\"@type\":\"ListItem\",\"position\":1,\"name\":\"Inicio\",\"item\":\"https:\\\/\\\/eg-reeds.com\\\/es\\\/\"},{\"@type\":\"ListItem\",\"position\":2,\"name\":\"Tienda\",\"item\":\"https:\\\/\\\/eg-reeds.com\\\/es\\\/\"},{\"@type\":\"ListItem\",\"position\":3,\"name\":\"Cuchilla para m\u00e1quina de raspar Reeds &#8216;n Stuff\"}]},{\"@type\":\"WebSite\",\"@id\":\"https:\\\/\\\/eg-reeds.com\\\/es\\\/#website\",\"url\":\"https:\\\/\\\/eg-reeds.com\\\/es\\\/\",\"name\":\"www.eg-reeds.com\",\"description\":\"Ca\u00f1as oboe\",\"publisher\":{\"@id\":\"https:\\\/\\\/eg-reeds.com\\\/es\\\/#organization\"},\"alternateName\":\"eg-reeds.com\",\"potentialAction\":[{\"@type\":\"SearchAction\",\"target\":{\"@type\":\"EntryPoint\",\"urlTemplate\":\"https:\\\/\\\/eg-reeds.com\\\/es\\\/?s={search_term_string}\"},\"query-input\":{\"@type\":\"PropertyValueSpecification\",\"valueRequired\":true,\"valueName\":\"search_term_string\"}}],\"inLanguage\":\"es\"},{\"@type\":\"Organization\",\"@id\":\"https:\\\/\\\/eg-reeds.com\\\/es\\\/#organization\",\"name\":\"www.eg-reeds.com\",\"url\":\"https:\\\/\\\/eg-reeds.com\\\/es\\\/\",\"logo\":{\"@type\":\"ImageObject\",\"inLanguage\":\"es\",\"@id\":\"https:\\\/\\\/eg-reeds.com\\\/es\\\/#\\\/schema\\\/logo\\\/image\\\/\",\"url\":\"https:\\\/\\\/eg-reeds.com\\\/wp-content\\\/uploads\\\/2024\\\/06\\\/Logo-scaled-e1718793906611.jpg\",\"contentUrl\":\"https:\\\/\\\/eg-reeds.com\\\/wp-content\\\/uploads\\\/2024\\\/06\\\/Logo-scaled-e1718793906611.jpg\",\"width\":1200,\"height\":493,\"caption\":\"www.eg-reeds.com\"},\"image\":{\"@id\":\"https:\\\/\\\/eg-reeds.com\\\/es\\\/#\\\/schema\\\/logo\\\/image\\\/\"},\"sameAs\":[\"https:\\\/\\\/www.facebook.com\\\/EGREEDS\",\"https:\\\/\\\/x.com\\\/egreeds\",\"https:\\\/\\\/www.instagram.com\\\/egreeds\\\/\",\"https:\\\/\\\/www.youtube.com\\\/c\\\/EGREEDS\",\"https:\\\/\\\/www.threads.net\\\/@egreeds\",\"https:\\\/\\\/www.tiktok.com\\\/@egreeds\"]}]}<\/script>\n<meta property=\"product:price:amount\" content=\"110.00\" \/>\n<meta property=\"product:price:currency\" content=\"EUR\" \/>\n<meta property=\"og:availability\" content=\"instock\" \/>\n<meta property=\"product:availability\" content=\"instock\" \/>\n<meta property=\"product:retailer_item_id\" content=\"M10-13200-2006\" \/>\n<meta property=\"product:condition\" content=\"new\" \/>\n<!-- \/ Yoast SEO Premium plugin. -->","yoast_head_json":{"title":"Cuchilla para m\u00e1quina de raspar Reeds 'n Stuff - www.eg-reeds.com","description":"Cuchilla para m\u00e1quina de raspar Reeds 'n Stuff.","robots":{"index":"index","follow":"follow","max-snippet":"max-snippet:-1","max-image-preview":"max-image-preview:large","max-video-preview":"max-video-preview:-1"},"canonical":"https:\/\/eg-reeds.com\/es\/shop\/maquinas-hacer-canas\/reeds-n-stuff\/cuchilla-para-maquina-de-raspar-reeds-n-stuff\/","og_locale":"es_ES","og_type":"article","og_title":"Cuchilla para m\u00e1quina de raspar Reeds 'n Stuff","og_description":"Cuchilla para m\u00e1quina de raspar Reeds 'n Stuff.","og_url":"https:\/\/eg-reeds.com\/es\/shop\/maquinas-hacer-canas\/reeds-n-stuff\/cuchilla-para-maquina-de-raspar-reeds-n-stuff\/","og_site_name":"www.eg-reeds.com","article_publisher":"https:\/\/www.facebook.com\/EGREEDS","og_image":[{"width":800,"height":640,"url":"https:\/\/eg-reeds.com\/wp-content\/uploads\/2022\/03\/Blade-Profiling-machine-Reeds-n-Stuff.jpeg","type":"image\/jpeg"}],"twitter_card":"summary_large_image","twitter_site":"@egreeds","twitter_misc":{"Precio":"110,00&euro;","Disponibilidad":"Disponible"},"schema":{"@context":"https:\/\/schema.org","@graph":[{"@type":["WebPage","ItemPage"],"@id":"https:\/\/eg-reeds.com\/es\/shop\/maquinas-hacer-canas\/reeds-n-stuff\/cuchilla-para-maquina-de-raspar-reeds-n-stuff\/","url":"https:\/\/eg-reeds.com\/es\/shop\/maquinas-hacer-canas\/reeds-n-stuff\/cuchilla-para-maquina-de-raspar-reeds-n-stuff\/","name":"Cuchilla para m\u00e1quina de raspar Reeds 'n Stuff - www.eg-reeds.com","isPartOf":{"@id":"https:\/\/eg-reeds.com\/es\/#website"},"primaryImageOfPage":{"@id":"https:\/\/eg-reeds.com\/es\/shop\/maquinas-hacer-canas\/reeds-n-stuff\/cuchilla-para-maquina-de-raspar-reeds-n-stuff\/#primaryimage"},"image":{"@id":"https:\/\/eg-reeds.com\/es\/shop\/maquinas-hacer-canas\/reeds-n-stuff\/cuchilla-para-maquina-de-raspar-reeds-n-stuff\/#primaryimage"},"thumbnailUrl":"https:\/\/eg-reeds.com\/wp-content\/uploads\/2022\/03\/Blade-Profiling-machine-Reeds-n-Stuff.jpeg","datePublished":"2022-03-18T10:39:19+00:00","description":"Cuchilla para m\u00e1quina de raspar Reeds 'n Stuff.","breadcrumb":{"@id":"https:\/\/eg-reeds.com\/es\/shop\/maquinas-hacer-canas\/reeds-n-stuff\/cuchilla-para-maquina-de-raspar-reeds-n-stuff\/#breadcrumb"},"inLanguage":"es","potentialAction":[{"@type":"ReadAction","target":["https:\/\/eg-reeds.com\/es\/shop\/maquinas-hacer-canas\/reeds-n-stuff\/cuchilla-para-maquina-de-raspar-reeds-n-stuff\/"]}]},{"@type":"ImageObject","inLanguage":"es","@id":"https:\/\/eg-reeds.com\/es\/shop\/maquinas-hacer-canas\/reeds-n-stuff\/cuchilla-para-maquina-de-raspar-reeds-n-stuff\/#primaryimage","url":"https:\/\/eg-reeds.com\/wp-content\/uploads\/2022\/03\/Blade-Profiling-machine-Reeds-n-Stuff.jpeg","contentUrl":"https:\/\/eg-reeds.com\/wp-content\/uploads\/2022\/03\/Blade-Profiling-machine-Reeds-n-Stuff.jpeg","width":800,"height":640,"caption":"Cuchilla para m\u00e1quina raspado Reeds 'n Stuff"},{"@type":"BreadcrumbList","@id":"https:\/\/eg-reeds.com\/es\/shop\/maquinas-hacer-canas\/reeds-n-stuff\/cuchilla-para-maquina-de-raspar-reeds-n-stuff\/#breadcrumb","itemListElement":[{"@type":"ListItem","position":1,"name":"Inicio","item":"https:\/\/eg-reeds.com\/es\/"},{"@type":"ListItem","position":2,"name":"Tienda","item":"https:\/\/eg-reeds.com\/es\/"},{"@type":"ListItem","position":3,"name":"Cuchilla para m\u00e1quina de raspar Reeds &#8216;n Stuff"}]},{"@type":"WebSite","@id":"https:\/\/eg-reeds.com\/es\/#website","url":"https:\/\/eg-reeds.com\/es\/","name":"www.eg-reeds.com","description":"Ca\u00f1as oboe","publisher":{"@id":"https:\/\/eg-reeds.com\/es\/#organization"},"alternateName":"eg-reeds.com","potentialAction":[{"@type":"SearchAction","target":{"@type":"EntryPoint","urlTemplate":"https:\/\/eg-reeds.com\/es\/?s={search_term_string}"},"query-input":{"@type":"PropertyValueSpecification","valueRequired":true,"valueName":"search_term_string"}}],"inLanguage":"es"},{"@type":"Organization","@id":"https:\/\/eg-reeds.com\/es\/#organization","name":"www.eg-reeds.com","url":"https:\/\/eg-reeds.com\/es\/","logo":{"@type":"ImageObject","inLanguage":"es","@id":"https:\/\/eg-reeds.com\/es\/#\/schema\/logo\/image\/","url":"https:\/\/eg-reeds.com\/wp-content\/uploads\/2024\/06\/Logo-scaled-e1718793906611.jpg","contentUrl":"https:\/\/eg-reeds.com\/wp-content\/uploads\/2024\/06\/Logo-scaled-e1718793906611.jpg","width":1200,"height":493,"caption":"www.eg-reeds.com"},"image":{"@id":"https:\/\/eg-reeds.com\/es\/#\/schema\/logo\/image\/"},"sameAs":["https:\/\/www.facebook.com\/EGREEDS","https:\/\/x.com\/egreeds","https:\/\/www.instagram.com\/egreeds\/","https:\/\/www.youtube.com\/c\/EGREEDS","https:\/\/www.threads.net\/@egreeds","https:\/\/www.tiktok.com\/@egreeds"]}]},"product_price_amount":"110.00","product_price_currency":"EUR","og_availability":"instock","product_availability":"instock","product_retailer_item_id":"M10-13200-2006","product_condition":"new"},"_links":{"self":[{"href":"https:\/\/eg-reeds.com\/es\/wp-json\/wp\/v2\/product\/49503","targetHints":{"allow":["GET"]}}],"collection":[{"href":"https:\/\/eg-reeds.com\/es\/wp-json\/wp\/v2\/product"}],"about":[{"href":"https:\/\/eg-reeds.com\/es\/wp-json\/wp\/v2\/types\/product"}],"replies":[{"embeddable":true,"href":"https:\/\/eg-reeds.com\/es\/wp-json\/wp\/v2\/comments?post=49503"}],"wp:featuredmedia":[{"embeddable":true,"href":"https:\/\/eg-reeds.com\/es\/wp-json\/wp\/v2\/media\/46037"}],"wp:attachment":[{"href":"https:\/\/eg-reeds.com\/es\/wp-json\/wp\/v2\/media?parent=49503"}],"wp:term":[{"taxonomy":"product_brand","embeddable":true,"href":"https:\/\/eg-reeds.com\/es\/wp-json\/wp\/v2\/product_brand?post=49503"},{"taxonomy":"product_cat","embeddable":true,"href":"https:\/\/eg-reeds.com\/es\/wp-json\/wp\/v2\/product_cat?post=49503"},{"taxonomy":"product_tag","embeddable":true,"href":"https:\/\/eg-reeds.com\/es\/wp-json\/wp\/v2\/product_tag?post=49503"},{"taxonomy":"giftcard-category","embeddable":true,"href":"https:\/\/eg-reeds.com\/es\/wp-json\/wp\/v2\/giftcard-category?post=49503"}],"curies":[{"name":"wp","href":"https:\/\/api.w.org\/{rel}","templated":true}]}}