{"id":50868,"date":"2024-04-04T12:35:42","date_gmt":"2024-04-04T11:35:42","guid":{"rendered":"http:\/\/eg-reeds.com\/?post_type=product&#038;p=50868"},"modified":"2024-12-03T10:44:39","modified_gmt":"2024-12-03T09:44:39","slug":"cana-oboe-profesional-m2","status":"publish","type":"product","link":"https:\/\/eg-reeds.com\/es\/shop\/canas-profesionales\/canas-oboe\/cana-oboe-profesional-m2\/","title":{"rendered":"Ca\u00f1a oboe profesional M2"},"content":{"rendered":"<h1><strong>Ca\u00f1a oboe profesional M2.<\/strong><\/h1>\n<p>Ca\u00f1a de oboe profesional M2. Dise\u00f1ada especialmente para tocar con el oboe Marigaux M2, pero tambi\u00e9n compatible con cualquier otro modelo y marca de oboe. La combinaci\u00f3n de la forma M2 con nuestras palas EG-REEDS, unida a nuestra experiencia en la fabricaci\u00f3n de ca\u00f1as y el extenso desarrollo en el raspado ideal para esta forma, da como resultado ca\u00f1as de la m\u00e1s alta calidad. Elaboradas meticulosamente por profesionales del oboe, esta ca\u00f1a est\u00e1 dise\u00f1ada para cumplir con los est\u00e1ndares de los obo\u00edstas m\u00e1s exigentes.<\/p>\n<p>La ca\u00f1a de oboe M2 ofrece una respuesta f\u00e1cil, bonito color del sonido y estabilidad. Tambi\u00e9n afinaci\u00f3n precisa y una emisi\u00f3n f\u00e1cil. Todo esto resulta en una ca\u00f1a c\u00f3moda al tocar. Tanto en una sala de conciertos, estudio de grabaci\u00f3n o en el aula, puedes confiar en las ca\u00f1as M2 para ofrecer un rendimiento excepcional en todo momento.<\/p>\n<p>Con su sonido equilibrado y refinado, articulaci\u00f3n precisa y afinaci\u00f3n, la ca\u00f1a M2 permite a los obo\u00edstas expresarse con confianza y precisi\u00f3n, complementando perfectamente el exquisito sonido del oboe Marigaux M2. Tanto en pasajes virtuosos como mel\u00f3dicos, esta ca\u00f1a de oboe superar\u00e1 tus expectativas.<\/p>\n<p><iframe loading=\"lazy\" title=\"NUEVA CA\u00d1A DE OBOE M2 \/ NEW M2 PROFESSIONAL OBOE REED.\" width=\"1020\" height=\"574\" src=\"https:\/\/www.youtube.com\/embed\/_SNfL3yHV5s?feature=oembed\" frameborder=\"0\" allow=\"accelerometer; autoplay; clipboard-write; encrypted-media; gyroscope; picture-in-picture; web-share\" referrerpolicy=\"strict-origin-when-cross-origin\" allowfullscreen><\/iframe><\/p>\n<h1><strong>Especificaciones de la ca\u00f1a de oboe profesional M2<\/strong><strong>.<\/strong><\/h1>\n<p>Puedes comprar ca\u00f1as de oboe M2 simplemente eligiendo el tudel, la dureza y si deseas alambre o no. Si necesitas m\u00e1s informaci\u00f3n aqu\u00ed tienes todas las especificaciones:<\/p>\n<ul>\n<li>Pala EG-REEDS.<\/li>\n<li>Forma: M2. La forma M2 ha sido dise\u00f1ada por Lorenzo Massala.<\/li>\n<li>Tudel: Chiarugi 47 2 o 46 2.<\/li>\n<li>Largo del raspado: entre 10 y 11mm.<\/li>\n<li>Alambre opcional.<\/li>\n<li>Largo de la ca\u00f1a terminada, dependiendo del tudel:\n<ul>\n<li>Tudel Chiarugi 47 2 &#8211; Largo de la ca\u00f1a terminada 72 mm.<\/li>\n<li>Tudel Chiarugi 46 2 &#8211; Largo de la ca\u00f1a terminada 71 mm.<\/li>\n<\/ul>\n<\/li>\n<\/ul>\n","protected":false},"excerpt":{"rendered":"<p>Especialmente dise\u00f1ada para tocar con el oboe Marigaux M2.<\/p>\n","protected":false},"featured_media":51059,"comment_status":"open","ping_status":"closed","template":"","meta":[],"product_brand":[],"product_cat":[502,477],"product_tag":[],"giftcard-category":[],"class_list":{"0":"post-50868","1":"product","2":"type-product","3":"status-publish","4":"has-post-thumbnail","6":"product_cat-canas-oboe","7":"product_cat-canas-profesionales","8":"pa_brass-wire-no-es","9":"pa_brass-wire-si","10":"pa_staple-chiarugi-46-2-es-2","11":"pa_staple-chiarugi-47-2-es-2","13":"first","14":"instock","15":"featured","16":"taxable","17":"shipping-taxable","18":"purchasable","19":"product-type-variable","20":"has-default-attributes"},"yoast_head":"<!-- This site is optimized with the Yoast SEO Premium plugin v27.0 (Yoast SEO v27.2) - https:\/\/yoast.com\/product\/yoast-seo-premium-wordpress\/ -->\n<title>Ca\u00f1a oboe profesional M2 - www.eg-reeds.com<\/title>\n<meta name=\"description\" content=\"Ca\u00f1a Mayer oboe es una ca\u00f1a de nivel profesional hecha por la experiencia de los profesionales de EG-REEDS.\u00a0Forma Mayer y tudel Guercio Mayer 47 o 46.\" \/>\n<meta name=\"robots\" content=\"index, follow, max-snippet:-1, max-image-preview:large, max-video-preview:-1\" \/>\n<link rel=\"canonical\" href=\"https:\/\/eg-reeds.com\/es\/shop\/canas-profesionales\/canas-oboe\/cana-oboe-profesional-m2\/\" \/>\n<meta property=\"og:locale\" content=\"es_ES\" \/>\n<meta property=\"og:type\" content=\"article\" \/>\n<meta property=\"og:title\" content=\"Ca\u00f1a oboe profesional M2\" \/>\n<meta property=\"og:description\" content=\"Ca\u00f1a Mayer oboe es una ca\u00f1a de nivel profesional hecha por la experiencia de los profesionales de EG-REEDS.\u00a0Forma Mayer y tudel Guercio Mayer 47 o 46.\" \/>\n<meta property=\"og:url\" content=\"https:\/\/eg-reeds.com\/es\/shop\/canas-profesionales\/canas-oboe\/cana-oboe-profesional-m2\/\" \/>\n<meta property=\"og:site_name\" content=\"www.eg-reeds.com\" \/>\n<meta property=\"article:publisher\" content=\"https:\/\/www.facebook.com\/EGREEDS\" \/>\n<meta property=\"article:modified_time\" content=\"2024-12-03T09:44:39+00:00\" \/>\n<meta property=\"og:image\" content=\"https:\/\/eg-reeds.com\/wp-content\/uploads\/2024\/04\/Marigaux-M2-Professional-oboe-reed.jpeg\" \/>\n\t<meta property=\"og:image:width\" content=\"1280\" \/>\n\t<meta property=\"og:image:height\" content=\"1088\" \/>\n\t<meta property=\"og:image:type\" content=\"image\/jpeg\" \/>\n<meta name=\"twitter:card\" content=\"summary_large_image\" \/>\n<meta name=\"twitter:site\" content=\"@egreeds\" \/>\n<meta name=\"twitter:label1\" content=\"Disponibilidad\" \/>\n\t<meta name=\"twitter:data1\" content=\"Disponible\" \/>\n<script type=\"application\/ld+json\" class=\"yoast-schema-graph\">{\"@context\":\"https:\/\/schema.org\",\"@graph\":[{\"@type\":[\"WebPage\",\"ItemPage\"],\"@id\":\"https:\/\/eg-reeds.com\/es\/shop\/canas-profesionales\/canas-oboe\/cana-oboe-profesional-m2\/\",\"url\":\"https:\/\/eg-reeds.com\/es\/shop\/canas-profesionales\/canas-oboe\/cana-oboe-profesional-m2\/\",\"name\":\"Ca\u00f1a oboe profesional M2 - www.eg-reeds.com\",\"isPartOf\":{\"@id\":\"https:\/\/eg-reeds.com\/es\/#website\"},\"primaryImageOfPage\":{\"@id\":\"https:\/\/eg-reeds.com\/es\/shop\/canas-profesionales\/canas-oboe\/cana-oboe-profesional-m2\/#primaryimage\"},\"image\":{\"@id\":\"https:\/\/eg-reeds.com\/es\/shop\/canas-profesionales\/canas-oboe\/cana-oboe-profesional-m2\/#primaryimage\"},\"thumbnailUrl\":\"https:\/\/eg-reeds.com\/wp-content\/uploads\/2024\/04\/Marigaux-M2-Professional-oboe-reed.jpeg\",\"datePublished\":\"2024-04-04T11:35:42+00:00\",\"dateModified\":\"2024-12-03T09:44:39+00:00\",\"description\":\"Ca\u00f1a Mayer oboe es una ca\u00f1a de nivel profesional hecha por la experiencia de los profesionales de EG-REEDS.\u00a0Forma Mayer y tudel Guercio Mayer 47 o 46.\",\"breadcrumb\":{\"@id\":\"https:\/\/eg-reeds.com\/es\/shop\/canas-profesionales\/canas-oboe\/cana-oboe-profesional-m2\/#breadcrumb\"},\"inLanguage\":\"es\",\"potentialAction\":[{\"@type\":\"ReadAction\",\"target\":[\"https:\/\/eg-reeds.com\/es\/shop\/canas-profesionales\/canas-oboe\/cana-oboe-profesional-m2\/\"]}]},{\"@type\":\"ImageObject\",\"inLanguage\":\"es\",\"@id\":\"https:\/\/eg-reeds.com\/es\/shop\/canas-profesionales\/canas-oboe\/cana-oboe-profesional-m2\/#primaryimage\",\"url\":\"https:\/\/eg-reeds.com\/wp-content\/uploads\/2024\/04\/Marigaux-M2-Professional-oboe-reed.jpeg\",\"contentUrl\":\"https:\/\/eg-reeds.com\/wp-content\/uploads\/2024\/04\/Marigaux-M2-Professional-oboe-reed.jpeg\",\"width\":1280,\"height\":1088,\"caption\":\"Ca\u00f1a oboe profesional M2\"},{\"@type\":\"BreadcrumbList\",\"@id\":\"https:\/\/eg-reeds.com\/es\/shop\/canas-profesionales\/canas-oboe\/cana-oboe-profesional-m2\/#breadcrumb\",\"itemListElement\":[{\"@type\":\"ListItem\",\"position\":1,\"name\":\"Inicio\",\"item\":\"https:\/\/eg-reeds.com\/es\/\"},{\"@type\":\"ListItem\",\"position\":2,\"name\":\"Tienda\",\"item\":\"https:\/\/eg-reeds.com\/es\/\"},{\"@type\":\"ListItem\",\"position\":3,\"name\":\"Ca\u00f1a oboe profesional M2\"}]},{\"@type\":\"WebSite\",\"@id\":\"https:\/\/eg-reeds.com\/es\/#website\",\"url\":\"https:\/\/eg-reeds.com\/es\/\",\"name\":\"www.eg-reeds.com\",\"description\":\"Ca\u00f1as oboe\",\"publisher\":{\"@id\":\"https:\/\/eg-reeds.com\/es\/#organization\"},\"alternateName\":\"eg-reeds.com\",\"potentialAction\":[{\"@type\":\"SearchAction\",\"target\":{\"@type\":\"EntryPoint\",\"urlTemplate\":\"https:\/\/eg-reeds.com\/es\/?s={search_term_string}\"},\"query-input\":{\"@type\":\"PropertyValueSpecification\",\"valueRequired\":true,\"valueName\":\"search_term_string\"}}],\"inLanguage\":\"es\"},{\"@type\":\"Organization\",\"@id\":\"https:\/\/eg-reeds.com\/es\/#organization\",\"name\":\"www.eg-reeds.com\",\"url\":\"https:\/\/eg-reeds.com\/es\/\",\"logo\":{\"@type\":\"ImageObject\",\"inLanguage\":\"es\",\"@id\":\"https:\/\/eg-reeds.com\/es\/#\/schema\/logo\/image\/\",\"url\":\"https:\/\/eg-reeds.com\/wp-content\/uploads\/2024\/06\/Logo-scaled-e1718793906611.jpg\",\"contentUrl\":\"https:\/\/eg-reeds.com\/wp-content\/uploads\/2024\/06\/Logo-scaled-e1718793906611.jpg\",\"width\":1200,\"height\":493,\"caption\":\"www.eg-reeds.com\"},\"image\":{\"@id\":\"https:\/\/eg-reeds.com\/es\/#\/schema\/logo\/image\/\"},\"sameAs\":[\"https:\/\/www.facebook.com\/EGREEDS\",\"https:\/\/x.com\/egreeds\",\"https:\/\/www.instagram.com\/egreeds\/\",\"https:\/\/www.youtube.com\/c\/EGREEDS\",\"https:\/\/www.threads.net\/@egreeds\",\"https:\/\/www.tiktok.com\/@egreeds\"]}]}<\/script>\n<meta property=\"og:availability\" content=\"instock\" \/>\n<meta property=\"product:availability\" content=\"instock\" \/>\n<meta property=\"product:retailer_item_id\" content=\"CPOB-M2\" \/>\n<meta property=\"product:condition\" content=\"new\" \/>\n<!-- \/ Yoast SEO Premium plugin. -->","yoast_head_json":{"title":"Ca\u00f1a oboe profesional M2 - www.eg-reeds.com","description":"Ca\u00f1a Mayer oboe es una ca\u00f1a de nivel profesional hecha por la experiencia de los profesionales de EG-REEDS.\u00a0Forma Mayer y tudel Guercio Mayer 47 o 46.","robots":{"index":"index","follow":"follow","max-snippet":"max-snippet:-1","max-image-preview":"max-image-preview:large","max-video-preview":"max-video-preview:-1"},"canonical":"https:\/\/eg-reeds.com\/es\/shop\/canas-profesionales\/canas-oboe\/cana-oboe-profesional-m2\/","og_locale":"es_ES","og_type":"article","og_title":"Ca\u00f1a oboe profesional M2","og_description":"Ca\u00f1a Mayer oboe es una ca\u00f1a de nivel profesional hecha por la experiencia de los profesionales de EG-REEDS.\u00a0Forma Mayer y tudel Guercio Mayer 47 o 46.","og_url":"https:\/\/eg-reeds.com\/es\/shop\/canas-profesionales\/canas-oboe\/cana-oboe-profesional-m2\/","og_site_name":"www.eg-reeds.com","article_publisher":"https:\/\/www.facebook.com\/EGREEDS","article_modified_time":"2024-12-03T09:44:39+00:00","og_image":[{"width":1280,"height":1088,"url":"https:\/\/eg-reeds.com\/wp-content\/uploads\/2024\/04\/Marigaux-M2-Professional-oboe-reed.jpeg","type":"image\/jpeg"}],"twitter_card":"summary_large_image","twitter_site":"@egreeds","twitter_misc":{"Disponibilidad":"Disponible"},"schema":{"@context":"https:\/\/schema.org","@graph":[{"@type":["WebPage","ItemPage"],"@id":"https:\/\/eg-reeds.com\/es\/shop\/canas-profesionales\/canas-oboe\/cana-oboe-profesional-m2\/","url":"https:\/\/eg-reeds.com\/es\/shop\/canas-profesionales\/canas-oboe\/cana-oboe-profesional-m2\/","name":"Ca\u00f1a oboe profesional M2 - www.eg-reeds.com","isPartOf":{"@id":"https:\/\/eg-reeds.com\/es\/#website"},"primaryImageOfPage":{"@id":"https:\/\/eg-reeds.com\/es\/shop\/canas-profesionales\/canas-oboe\/cana-oboe-profesional-m2\/#primaryimage"},"image":{"@id":"https:\/\/eg-reeds.com\/es\/shop\/canas-profesionales\/canas-oboe\/cana-oboe-profesional-m2\/#primaryimage"},"thumbnailUrl":"https:\/\/eg-reeds.com\/wp-content\/uploads\/2024\/04\/Marigaux-M2-Professional-oboe-reed.jpeg","datePublished":"2024-04-04T11:35:42+00:00","dateModified":"2024-12-03T09:44:39+00:00","description":"Ca\u00f1a Mayer oboe es una ca\u00f1a de nivel profesional hecha por la experiencia de los profesionales de EG-REEDS.\u00a0Forma Mayer y tudel Guercio Mayer 47 o 46.","breadcrumb":{"@id":"https:\/\/eg-reeds.com\/es\/shop\/canas-profesionales\/canas-oboe\/cana-oboe-profesional-m2\/#breadcrumb"},"inLanguage":"es","potentialAction":[{"@type":"ReadAction","target":["https:\/\/eg-reeds.com\/es\/shop\/canas-profesionales\/canas-oboe\/cana-oboe-profesional-m2\/"]}]},{"@type":"ImageObject","inLanguage":"es","@id":"https:\/\/eg-reeds.com\/es\/shop\/canas-profesionales\/canas-oboe\/cana-oboe-profesional-m2\/#primaryimage","url":"https:\/\/eg-reeds.com\/wp-content\/uploads\/2024\/04\/Marigaux-M2-Professional-oboe-reed.jpeg","contentUrl":"https:\/\/eg-reeds.com\/wp-content\/uploads\/2024\/04\/Marigaux-M2-Professional-oboe-reed.jpeg","width":1280,"height":1088,"caption":"Ca\u00f1a oboe profesional M2"},{"@type":"BreadcrumbList","@id":"https:\/\/eg-reeds.com\/es\/shop\/canas-profesionales\/canas-oboe\/cana-oboe-profesional-m2\/#breadcrumb","itemListElement":[{"@type":"ListItem","position":1,"name":"Inicio","item":"https:\/\/eg-reeds.com\/es\/"},{"@type":"ListItem","position":2,"name":"Tienda","item":"https:\/\/eg-reeds.com\/es\/"},{"@type":"ListItem","position":3,"name":"Ca\u00f1a oboe profesional M2"}]},{"@type":"WebSite","@id":"https:\/\/eg-reeds.com\/es\/#website","url":"https:\/\/eg-reeds.com\/es\/","name":"www.eg-reeds.com","description":"Ca\u00f1as oboe","publisher":{"@id":"https:\/\/eg-reeds.com\/es\/#organization"},"alternateName":"eg-reeds.com","potentialAction":[{"@type":"SearchAction","target":{"@type":"EntryPoint","urlTemplate":"https:\/\/eg-reeds.com\/es\/?s={search_term_string}"},"query-input":{"@type":"PropertyValueSpecification","valueRequired":true,"valueName":"search_term_string"}}],"inLanguage":"es"},{"@type":"Organization","@id":"https:\/\/eg-reeds.com\/es\/#organization","name":"www.eg-reeds.com","url":"https:\/\/eg-reeds.com\/es\/","logo":{"@type":"ImageObject","inLanguage":"es","@id":"https:\/\/eg-reeds.com\/es\/#\/schema\/logo\/image\/","url":"https:\/\/eg-reeds.com\/wp-content\/uploads\/2024\/06\/Logo-scaled-e1718793906611.jpg","contentUrl":"https:\/\/eg-reeds.com\/wp-content\/uploads\/2024\/06\/Logo-scaled-e1718793906611.jpg","width":1200,"height":493,"caption":"www.eg-reeds.com"},"image":{"@id":"https:\/\/eg-reeds.com\/es\/#\/schema\/logo\/image\/"},"sameAs":["https:\/\/www.facebook.com\/EGREEDS","https:\/\/x.com\/egreeds","https:\/\/www.instagram.com\/egreeds\/","https:\/\/www.youtube.com\/c\/EGREEDS","https:\/\/www.threads.net\/@egreeds","https:\/\/www.tiktok.com\/@egreeds"]}]},"og_availability":"instock","product_availability":"instock","product_retailer_item_id":"CPOB-M2","product_condition":"new"},"_links":{"self":[{"href":"https:\/\/eg-reeds.com\/es\/wp-json\/wp\/v2\/product\/50868","targetHints":{"allow":["GET"]}}],"collection":[{"href":"https:\/\/eg-reeds.com\/es\/wp-json\/wp\/v2\/product"}],"about":[{"href":"https:\/\/eg-reeds.com\/es\/wp-json\/wp\/v2\/types\/product"}],"replies":[{"embeddable":true,"href":"https:\/\/eg-reeds.com\/es\/wp-json\/wp\/v2\/comments?post=50868"}],"wp:featuredmedia":[{"embeddable":true,"href":"https:\/\/eg-reeds.com\/es\/wp-json\/wp\/v2\/media\/51059"}],"wp:attachment":[{"href":"https:\/\/eg-reeds.com\/es\/wp-json\/wp\/v2\/media?parent=50868"}],"wp:term":[{"taxonomy":"product_brand","embeddable":true,"href":"https:\/\/eg-reeds.com\/es\/wp-json\/wp\/v2\/product_brand?post=50868"},{"taxonomy":"product_cat","embeddable":true,"href":"https:\/\/eg-reeds.com\/es\/wp-json\/wp\/v2\/product_cat?post=50868"},{"taxonomy":"product_tag","embeddable":true,"href":"https:\/\/eg-reeds.com\/es\/wp-json\/wp\/v2\/product_tag?post=50868"},{"taxonomy":"giftcard-category","embeddable":true,"href":"https:\/\/eg-reeds.com\/es\/wp-json\/wp\/v2\/giftcard-category?post=50868"}],"curies":[{"name":"wp","href":"https:\/\/api.w.org\/{rel}","templated":true}]}}