{"id":50897,"date":"2024-04-04T16:43:28","date_gmt":"2024-04-04T15:43:28","guid":{"rendered":"http:\/\/eg-reeds.com\/?post_type=product&#038;p=50897"},"modified":"2024-12-03T10:37:34","modified_gmt":"2024-12-03T09:37:34","slug":"cana-oboe-profesional-901","status":"publish","type":"product","link":"https:\/\/eg-reeds.com\/es\/shop\/canas-profesionales\/canas-oboe\/cana-oboe-profesional-901\/","title":{"rendered":"Ca\u00f1a oboe profesional 901"},"content":{"rendered":"<h1><strong>Ca\u00f1a oboe profesional 901.<\/strong><\/h1>\n<p>La ca\u00f1a de oboe profesional 901 est\u00e1 dise\u00f1ada espec\u00edficamente para tocar con el oboe Marigaux 901, para desarrollar todo su potencial, pero es tambi\u00e9n compatible con cualquier otro modelo y marca de oboe. Experimenta la calidad excepcional de las ca\u00f1as de oboe EG-REEDS, resultado de nuestra experiencia profesional, nuestro meticuloso proceso de fabricaci\u00f3n, palas de oboe de la m\u00e1s alta calidad y el exclusivo shaper 901 dise\u00f1ado por Lorenzo Massala.<\/p>\n<p><strong>Experimenta la Diferencia:<\/strong><\/p>\n<ul>\n<li><strong>Emisi\u00f3n y control sin esfuerzo:<\/strong> Disfruta de una experiencia al tocar c\u00f3moda con una ca\u00f1a que responde al instante.<\/li>\n<li><strong>Sonido rico y equilibrado:<\/strong> La ca\u00f1a 901 produce un hermoso sonido que complementa perfectamente la exquisita voz del oboe Marigaux. Adem\u00e1s, ofrece una buena afinaci\u00f3n y facilidad de emisi\u00f3n al tocar.<\/li>\n<li><strong>Articulaci\u00f3n y afinaci\u00f3n precisas:<\/strong> Toca con confianza sabiendo que la ca\u00f1a 901 ofrece una afinaci\u00f3n estable y permite una articulaci\u00f3n clara y n\u00edtida en todos los registros.<\/li>\n<\/ul>\n<p><strong>Desata tu Potencial:<\/strong><\/p>\n<p>Ya seas un obo\u00edsta profesional o estudiante de oboe, la ca\u00f1a profesional 901 te har\u00e1 rendir al m\u00e1ximo. Afronta repertorio virtuoso con precisi\u00f3n, expresa delicados matices con facilidad y experimenta la sensaci\u00f3n de tocar con una ca\u00f1a verdaderamente excepcional.<\/p>\n<p><strong>Ideal para:<\/strong><\/p>\n<p>Conciertos en auditorios y grandes salas.<\/p>\n<p>Sesiones en estudio de grabaci\u00f3n.<\/p>\n<p>Pr\u00e1ctica y ensayos.<\/p>\n<p>&nbsp;<\/p>\n<p>EG-REEDS: La elecci\u00f3n de los obo\u00edstas m\u00e1s exigentes.<\/p>\n<p><iframe loading=\"lazy\" title=\"NUEVA CA\u00d1A DE OBOE 901 \/ NEW 901 PROFESSIONAL OBOE REED!\" width=\"1020\" height=\"574\" src=\"https:\/\/www.youtube.com\/embed\/pCm_mq8fd0E?feature=oembed\" frameborder=\"0\" allow=\"accelerometer; autoplay; clipboard-write; encrypted-media; gyroscope; picture-in-picture; web-share\" referrerpolicy=\"strict-origin-when-cross-origin\" allowfullscreen><\/iframe><\/p>\n<h1><strong>Especificaciones de la ca\u00f1a de oboe profesional 901<\/strong><strong>.<\/strong><\/h1>\n<p>Puedes comprar ca\u00f1as de oboe 901 simplemente eligiendo el tudel, la dureza y si deseas alambre o no. Si necesitas m\u00e1s informaci\u00f3n aqu\u00ed tienes todas las especificaciones:<\/p>\n<ul>\n<li>Pala: EG-REEDS.<\/li>\n<li>Forma: 901, dise\u00f1ada por Lorenzo Massala.<\/li>\n<li>Tudel: Chiarugi 47 2 o 46 2.<\/li>\n<li>Largo del raspado: entre 10 y 11mm.<\/li>\n<li>Alambre: opcional.<\/li>\n<li>Largo de la ca\u00f1a terminada: dependiendo del tudel:\n<ul>\n<li>Chiarugi 47 2 &#8211; Largo de la ca\u00f1a terminada 72 mm.<\/li>\n<li>Chiarugi 46 2 &#8211; Largo de la ca\u00f1a terminada 71 mm.<\/li>\n<\/ul>\n<\/li>\n<\/ul>\n<p>&nbsp;<\/p>\n","protected":false},"excerpt":{"rendered":"<p>Especialmente dise\u00f1ada para tocar con el oboe Marigaux 901.<\/p>\n","protected":false},"featured_media":51095,"comment_status":"open","ping_status":"closed","template":"","meta":[],"product_brand":[],"product_cat":[502,477],"product_tag":[],"giftcard-category":[],"class_list":{"0":"post-50897","1":"product","2":"type-product","3":"status-publish","4":"has-post-thumbnail","6":"product_cat-canas-oboe","7":"product_cat-canas-profesionales","8":"pa_brass-wire-no-es","9":"pa_brass-wire-si","10":"pa_staple-chiarugi-46-2-es-2","11":"pa_staple-chiarugi-47-2-es-2","13":"first","14":"instock","15":"featured","16":"taxable","17":"shipping-taxable","18":"purchasable","19":"product-type-variable","20":"has-default-attributes"},"yoast_head":"<!-- This site is optimized with the Yoast SEO Premium plugin v27.0 (Yoast SEO v27.2) - https:\/\/yoast.com\/product\/yoast-seo-premium-wordpress\/ -->\n<title>Ca\u00f1a oboe profesional 901 - www.eg-reeds.com<\/title>\n<meta name=\"description\" content=\"Compra aqu\u00ed la ca\u00f1a de oboe profesional 901, dise\u00f1ada espec\u00edficamente para tocar con el oboe Marigaux 901. Hecha con forma 901 dise\u00f1ada por Lorenzo Massala.\" \/>\n<meta name=\"robots\" content=\"index, follow, max-snippet:-1, max-image-preview:large, max-video-preview:-1\" \/>\n<link rel=\"canonical\" href=\"https:\/\/eg-reeds.com\/es\/shop\/canas-profesionales\/canas-oboe\/cana-oboe-profesional-901\/\" \/>\n<meta property=\"og:locale\" content=\"es_ES\" \/>\n<meta property=\"og:type\" content=\"article\" \/>\n<meta property=\"og:title\" content=\"Ca\u00f1a oboe profesional 901\" \/>\n<meta property=\"og:description\" content=\"Compra aqu\u00ed la ca\u00f1a de oboe profesional 901, dise\u00f1ada espec\u00edficamente para tocar con el oboe Marigaux 901. Hecha con forma 901 dise\u00f1ada por Lorenzo Massala.\" \/>\n<meta property=\"og:url\" content=\"https:\/\/eg-reeds.com\/es\/shop\/canas-profesionales\/canas-oboe\/cana-oboe-profesional-901\/\" \/>\n<meta property=\"og:site_name\" content=\"www.eg-reeds.com\" \/>\n<meta property=\"article:publisher\" content=\"https:\/\/www.facebook.com\/EGREEDS\" \/>\n<meta property=\"article:modified_time\" content=\"2024-12-03T09:37:34+00:00\" \/>\n<meta property=\"og:image\" content=\"https:\/\/eg-reeds.com\/wp-content\/uploads\/2024\/04\/901-Professional-oboe-reed.jpeg\" \/>\n\t<meta property=\"og:image:width\" content=\"1280\" \/>\n\t<meta property=\"og:image:height\" content=\"1088\" \/>\n\t<meta property=\"og:image:type\" content=\"image\/jpeg\" \/>\n<meta name=\"twitter:card\" content=\"summary_large_image\" \/>\n<meta name=\"twitter:site\" content=\"@egreeds\" \/>\n<meta name=\"twitter:label1\" content=\"Disponibilidad\" \/>\n\t<meta name=\"twitter:data1\" content=\"Disponible\" \/>\n<script type=\"application\/ld+json\" class=\"yoast-schema-graph\">{\"@context\":\"https:\/\/schema.org\",\"@graph\":[{\"@type\":[\"WebPage\",\"ItemPage\"],\"@id\":\"https:\/\/eg-reeds.com\/es\/shop\/canas-profesionales\/canas-oboe\/cana-oboe-profesional-901\/\",\"url\":\"https:\/\/eg-reeds.com\/es\/shop\/canas-profesionales\/canas-oboe\/cana-oboe-profesional-901\/\",\"name\":\"Ca\u00f1a oboe profesional 901 - www.eg-reeds.com\",\"isPartOf\":{\"@id\":\"https:\/\/eg-reeds.com\/es\/#website\"},\"primaryImageOfPage\":{\"@id\":\"https:\/\/eg-reeds.com\/es\/shop\/canas-profesionales\/canas-oboe\/cana-oboe-profesional-901\/#primaryimage\"},\"image\":{\"@id\":\"https:\/\/eg-reeds.com\/es\/shop\/canas-profesionales\/canas-oboe\/cana-oboe-profesional-901\/#primaryimage\"},\"thumbnailUrl\":\"https:\/\/eg-reeds.com\/wp-content\/uploads\/2024\/04\/901-Professional-oboe-reed.jpeg\",\"datePublished\":\"2024-04-04T15:43:28+00:00\",\"dateModified\":\"2024-12-03T09:37:34+00:00\",\"description\":\"Compra aqu\u00ed la ca\u00f1a de oboe profesional 901, dise\u00f1ada espec\u00edficamente para tocar con el oboe Marigaux 901. Hecha con forma 901 dise\u00f1ada por Lorenzo Massala.\",\"breadcrumb\":{\"@id\":\"https:\/\/eg-reeds.com\/es\/shop\/canas-profesionales\/canas-oboe\/cana-oboe-profesional-901\/#breadcrumb\"},\"inLanguage\":\"es\",\"potentialAction\":[{\"@type\":\"ReadAction\",\"target\":[\"https:\/\/eg-reeds.com\/es\/shop\/canas-profesionales\/canas-oboe\/cana-oboe-profesional-901\/\"]}]},{\"@type\":\"ImageObject\",\"inLanguage\":\"es\",\"@id\":\"https:\/\/eg-reeds.com\/es\/shop\/canas-profesionales\/canas-oboe\/cana-oboe-profesional-901\/#primaryimage\",\"url\":\"https:\/\/eg-reeds.com\/wp-content\/uploads\/2024\/04\/901-Professional-oboe-reed.jpeg\",\"contentUrl\":\"https:\/\/eg-reeds.com\/wp-content\/uploads\/2024\/04\/901-Professional-oboe-reed.jpeg\",\"width\":1280,\"height\":1088,\"caption\":\"Ca\u00f1a oboe profesional 901\"},{\"@type\":\"BreadcrumbList\",\"@id\":\"https:\/\/eg-reeds.com\/es\/shop\/canas-profesionales\/canas-oboe\/cana-oboe-profesional-901\/#breadcrumb\",\"itemListElement\":[{\"@type\":\"ListItem\",\"position\":1,\"name\":\"Inicio\",\"item\":\"https:\/\/eg-reeds.com\/es\/\"},{\"@type\":\"ListItem\",\"position\":2,\"name\":\"Tienda\",\"item\":\"https:\/\/eg-reeds.com\/es\/\"},{\"@type\":\"ListItem\",\"position\":3,\"name\":\"Ca\u00f1a oboe profesional 901\"}]},{\"@type\":\"WebSite\",\"@id\":\"https:\/\/eg-reeds.com\/es\/#website\",\"url\":\"https:\/\/eg-reeds.com\/es\/\",\"name\":\"www.eg-reeds.com\",\"description\":\"Ca\u00f1as oboe\",\"publisher\":{\"@id\":\"https:\/\/eg-reeds.com\/es\/#organization\"},\"alternateName\":\"eg-reeds.com\",\"potentialAction\":[{\"@type\":\"SearchAction\",\"target\":{\"@type\":\"EntryPoint\",\"urlTemplate\":\"https:\/\/eg-reeds.com\/es\/?s={search_term_string}\"},\"query-input\":{\"@type\":\"PropertyValueSpecification\",\"valueRequired\":true,\"valueName\":\"search_term_string\"}}],\"inLanguage\":\"es\"},{\"@type\":\"Organization\",\"@id\":\"https:\/\/eg-reeds.com\/es\/#organization\",\"name\":\"www.eg-reeds.com\",\"url\":\"https:\/\/eg-reeds.com\/es\/\",\"logo\":{\"@type\":\"ImageObject\",\"inLanguage\":\"es\",\"@id\":\"https:\/\/eg-reeds.com\/es\/#\/schema\/logo\/image\/\",\"url\":\"https:\/\/eg-reeds.com\/wp-content\/uploads\/2024\/06\/Logo-scaled-e1718793906611.jpg\",\"contentUrl\":\"https:\/\/eg-reeds.com\/wp-content\/uploads\/2024\/06\/Logo-scaled-e1718793906611.jpg\",\"width\":1200,\"height\":493,\"caption\":\"www.eg-reeds.com\"},\"image\":{\"@id\":\"https:\/\/eg-reeds.com\/es\/#\/schema\/logo\/image\/\"},\"sameAs\":[\"https:\/\/www.facebook.com\/EGREEDS\",\"https:\/\/x.com\/egreeds\",\"https:\/\/www.instagram.com\/egreeds\/\",\"https:\/\/www.youtube.com\/c\/EGREEDS\",\"https:\/\/www.threads.net\/@egreeds\",\"https:\/\/www.tiktok.com\/@egreeds\"]}]}<\/script>\n<meta property=\"og:availability\" content=\"instock\" \/>\n<meta property=\"product:availability\" content=\"instock\" \/>\n<meta property=\"product:retailer_item_id\" content=\"CPOB-901-\" \/>\n<meta property=\"product:condition\" content=\"new\" \/>\n<!-- \/ Yoast SEO Premium plugin. -->","yoast_head_json":{"title":"Ca\u00f1a oboe profesional 901 - www.eg-reeds.com","description":"Compra aqu\u00ed la ca\u00f1a de oboe profesional 901, dise\u00f1ada espec\u00edficamente para tocar con el oboe Marigaux 901. Hecha con forma 901 dise\u00f1ada por Lorenzo Massala.","robots":{"index":"index","follow":"follow","max-snippet":"max-snippet:-1","max-image-preview":"max-image-preview:large","max-video-preview":"max-video-preview:-1"},"canonical":"https:\/\/eg-reeds.com\/es\/shop\/canas-profesionales\/canas-oboe\/cana-oboe-profesional-901\/","og_locale":"es_ES","og_type":"article","og_title":"Ca\u00f1a oboe profesional 901","og_description":"Compra aqu\u00ed la ca\u00f1a de oboe profesional 901, dise\u00f1ada espec\u00edficamente para tocar con el oboe Marigaux 901. Hecha con forma 901 dise\u00f1ada por Lorenzo Massala.","og_url":"https:\/\/eg-reeds.com\/es\/shop\/canas-profesionales\/canas-oboe\/cana-oboe-profesional-901\/","og_site_name":"www.eg-reeds.com","article_publisher":"https:\/\/www.facebook.com\/EGREEDS","article_modified_time":"2024-12-03T09:37:34+00:00","og_image":[{"width":1280,"height":1088,"url":"https:\/\/eg-reeds.com\/wp-content\/uploads\/2024\/04\/901-Professional-oboe-reed.jpeg","type":"image\/jpeg"}],"twitter_card":"summary_large_image","twitter_site":"@egreeds","twitter_misc":{"Disponibilidad":"Disponible"},"schema":{"@context":"https:\/\/schema.org","@graph":[{"@type":["WebPage","ItemPage"],"@id":"https:\/\/eg-reeds.com\/es\/shop\/canas-profesionales\/canas-oboe\/cana-oboe-profesional-901\/","url":"https:\/\/eg-reeds.com\/es\/shop\/canas-profesionales\/canas-oboe\/cana-oboe-profesional-901\/","name":"Ca\u00f1a oboe profesional 901 - www.eg-reeds.com","isPartOf":{"@id":"https:\/\/eg-reeds.com\/es\/#website"},"primaryImageOfPage":{"@id":"https:\/\/eg-reeds.com\/es\/shop\/canas-profesionales\/canas-oboe\/cana-oboe-profesional-901\/#primaryimage"},"image":{"@id":"https:\/\/eg-reeds.com\/es\/shop\/canas-profesionales\/canas-oboe\/cana-oboe-profesional-901\/#primaryimage"},"thumbnailUrl":"https:\/\/eg-reeds.com\/wp-content\/uploads\/2024\/04\/901-Professional-oboe-reed.jpeg","datePublished":"2024-04-04T15:43:28+00:00","dateModified":"2024-12-03T09:37:34+00:00","description":"Compra aqu\u00ed la ca\u00f1a de oboe profesional 901, dise\u00f1ada espec\u00edficamente para tocar con el oboe Marigaux 901. Hecha con forma 901 dise\u00f1ada por Lorenzo Massala.","breadcrumb":{"@id":"https:\/\/eg-reeds.com\/es\/shop\/canas-profesionales\/canas-oboe\/cana-oboe-profesional-901\/#breadcrumb"},"inLanguage":"es","potentialAction":[{"@type":"ReadAction","target":["https:\/\/eg-reeds.com\/es\/shop\/canas-profesionales\/canas-oboe\/cana-oboe-profesional-901\/"]}]},{"@type":"ImageObject","inLanguage":"es","@id":"https:\/\/eg-reeds.com\/es\/shop\/canas-profesionales\/canas-oboe\/cana-oboe-profesional-901\/#primaryimage","url":"https:\/\/eg-reeds.com\/wp-content\/uploads\/2024\/04\/901-Professional-oboe-reed.jpeg","contentUrl":"https:\/\/eg-reeds.com\/wp-content\/uploads\/2024\/04\/901-Professional-oboe-reed.jpeg","width":1280,"height":1088,"caption":"Ca\u00f1a oboe profesional 901"},{"@type":"BreadcrumbList","@id":"https:\/\/eg-reeds.com\/es\/shop\/canas-profesionales\/canas-oboe\/cana-oboe-profesional-901\/#breadcrumb","itemListElement":[{"@type":"ListItem","position":1,"name":"Inicio","item":"https:\/\/eg-reeds.com\/es\/"},{"@type":"ListItem","position":2,"name":"Tienda","item":"https:\/\/eg-reeds.com\/es\/"},{"@type":"ListItem","position":3,"name":"Ca\u00f1a oboe profesional 901"}]},{"@type":"WebSite","@id":"https:\/\/eg-reeds.com\/es\/#website","url":"https:\/\/eg-reeds.com\/es\/","name":"www.eg-reeds.com","description":"Ca\u00f1as oboe","publisher":{"@id":"https:\/\/eg-reeds.com\/es\/#organization"},"alternateName":"eg-reeds.com","potentialAction":[{"@type":"SearchAction","target":{"@type":"EntryPoint","urlTemplate":"https:\/\/eg-reeds.com\/es\/?s={search_term_string}"},"query-input":{"@type":"PropertyValueSpecification","valueRequired":true,"valueName":"search_term_string"}}],"inLanguage":"es"},{"@type":"Organization","@id":"https:\/\/eg-reeds.com\/es\/#organization","name":"www.eg-reeds.com","url":"https:\/\/eg-reeds.com\/es\/","logo":{"@type":"ImageObject","inLanguage":"es","@id":"https:\/\/eg-reeds.com\/es\/#\/schema\/logo\/image\/","url":"https:\/\/eg-reeds.com\/wp-content\/uploads\/2024\/06\/Logo-scaled-e1718793906611.jpg","contentUrl":"https:\/\/eg-reeds.com\/wp-content\/uploads\/2024\/06\/Logo-scaled-e1718793906611.jpg","width":1200,"height":493,"caption":"www.eg-reeds.com"},"image":{"@id":"https:\/\/eg-reeds.com\/es\/#\/schema\/logo\/image\/"},"sameAs":["https:\/\/www.facebook.com\/EGREEDS","https:\/\/x.com\/egreeds","https:\/\/www.instagram.com\/egreeds\/","https:\/\/www.youtube.com\/c\/EGREEDS","https:\/\/www.threads.net\/@egreeds","https:\/\/www.tiktok.com\/@egreeds"]}]},"og_availability":"instock","product_availability":"instock","product_retailer_item_id":"CPOB-901-","product_condition":"new"},"_links":{"self":[{"href":"https:\/\/eg-reeds.com\/es\/wp-json\/wp\/v2\/product\/50897","targetHints":{"allow":["GET"]}}],"collection":[{"href":"https:\/\/eg-reeds.com\/es\/wp-json\/wp\/v2\/product"}],"about":[{"href":"https:\/\/eg-reeds.com\/es\/wp-json\/wp\/v2\/types\/product"}],"replies":[{"embeddable":true,"href":"https:\/\/eg-reeds.com\/es\/wp-json\/wp\/v2\/comments?post=50897"}],"wp:featuredmedia":[{"embeddable":true,"href":"https:\/\/eg-reeds.com\/es\/wp-json\/wp\/v2\/media\/51095"}],"wp:attachment":[{"href":"https:\/\/eg-reeds.com\/es\/wp-json\/wp\/v2\/media?parent=50897"}],"wp:term":[{"taxonomy":"product_brand","embeddable":true,"href":"https:\/\/eg-reeds.com\/es\/wp-json\/wp\/v2\/product_brand?post=50897"},{"taxonomy":"product_cat","embeddable":true,"href":"https:\/\/eg-reeds.com\/es\/wp-json\/wp\/v2\/product_cat?post=50897"},{"taxonomy":"product_tag","embeddable":true,"href":"https:\/\/eg-reeds.com\/es\/wp-json\/wp\/v2\/product_tag?post=50897"},{"taxonomy":"giftcard-category","embeddable":true,"href":"https:\/\/eg-reeds.com\/es\/wp-json\/wp\/v2\/giftcard-category?post=50897"}],"curies":[{"name":"wp","href":"https:\/\/api.w.org\/{rel}","templated":true}]}}