{"id":51506,"date":"2024-05-24T13:02:02","date_gmt":"2024-05-28T12:04:24","guid":{"rendered":"http:\/\/eg-reeds.com\/?post_type=product&#038;p=51506"},"modified":"2025-09-03T12:13:59","modified_gmt":"2025-09-03T10:13:59","slug":"afinador-cromatico-korg-ca-2","status":"publish","type":"product","link":"https:\/\/eg-reeds.com\/es\/shop\/accesorios\/accesorios-instrumento\/afinador-cromatico-korg-ca-2\/","title":{"rendered":"Afinador crom\u00e1tico Korg CA-2"},"content":{"rendered":"<h1><strong>Afinador crom\u00e1tico Korg CA-2.<\/strong><\/h1>\n<p>Afinador crom\u00e1tico Korg CA-2. El Korg CA-2 ofrece una afinaci\u00f3n precisa para todo tipo de instrumentos, desde guitarras y bajos hasta instrumentos de viento y teclados. Su amplio rango de detecci\u00f3n (A0-C8) garantiza que pueda afinar cualquier nota de su instrumento. El CA-2 cuenta con un medidor de aguja de alta visibilidad y una pantalla grande con el nombre de la nota para una afinaci\u00f3n clara y f\u00e1cil.<\/p>\n<ul data-sourcepos=\"5:1-7:12\">\n<li data-sourcepos=\"5:1-5:49\">Afinaci\u00f3n crom\u00e1tica para todos los instrumentos<\/li>\n<li data-sourcepos=\"6:1-6:35\">Amplio rango de detecci\u00f3n (A0-C8)<\/li>\n<li data-sourcepos=\"7:1-7:12\">Medidor de aguja de alta visibilidad con pantalla de nombre de nota<\/li>\n<li data-sourcepos=\"8:1-8:26\">Dise\u00f1o compacto y ligero<\/li>\n<li data-sourcepos=\"9:1-9:53\">Aproximadamente 200 horas de duraci\u00f3n de la bater\u00eda<\/li>\n<\/ul>\n","protected":false},"excerpt":{"rendered":"<p>Afinador crom\u00e1tico Korg CA-2. Afinador crom\u00e1tico Korg CA-2. El Korg CA-2 ofrece una afinaci\u00f3n precisa para todo tipo de instrumentos, desde guitarras y bajos hasta instrumentos de viento y teclados. Su amplio rango de detecci\u00f3n (A0-C8) garantiza que pueda afinar cualquier nota de su instrumento. El CA-2 cuenta con un medidor de aguja de alta [&#8230;]\n","protected":false},"featured_media":51487,"comment_status":"open","ping_status":"closed","template":"","meta":[],"product_brand":[],"product_cat":[3578],"product_tag":[],"giftcard-category":[],"class_list":{"0":"post-51506","1":"product","2":"type-product","3":"status-publish","4":"has-post-thumbnail","6":"product_cat-accesorios-instrumento","8":"first","9":"outofstock","10":"taxable","11":"shipping-taxable","12":"purchasable","13":"product-type-simple"},"yoast_head":"<!-- This site is optimized with the Yoast SEO Premium plugin v27.0 (Yoast SEO v27.3) - https:\/\/yoast.com\/product\/yoast-seo-premium-wordpress\/ -->\n<title>Afinador crom\u00e1tico Korg CA-2 - www.eg-reeds.com<\/title>\n<meta name=\"description\" content=\"Afinador Crom\u00e1tico Korg CA-2. El Korg CA-2 ofrece una afinaci\u00f3n precisa para todo tipo de instrumentos. Dise\u00f1o compacto y ligero. Compra tu afinador aqu\u00ed.\" \/>\n<meta name=\"robots\" content=\"index, follow, max-snippet:-1, max-image-preview:large, max-video-preview:-1\" \/>\n<link rel=\"canonical\" href=\"https:\/\/eg-reeds.com\/es\/shop\/accesorios\/accesorios-instrumento\/afinador-cromatico-korg-ca-2\/\" \/>\n<meta property=\"og:locale\" content=\"es_ES\" \/>\n<meta property=\"og:type\" content=\"article\" \/>\n<meta property=\"og:title\" content=\"Afinador crom\u00e1tico Korg CA-2\" \/>\n<meta property=\"og:description\" content=\"Afinador Crom\u00e1tico Korg CA-2. El Korg CA-2 ofrece una afinaci\u00f3n precisa para todo tipo de instrumentos. Dise\u00f1o compacto y ligero. Compra tu afinador aqu\u00ed.\" \/>\n<meta property=\"og:url\" content=\"https:\/\/eg-reeds.com\/es\/shop\/accesorios\/accesorios-instrumento\/afinador-cromatico-korg-ca-2\/\" \/>\n<meta property=\"og:site_name\" content=\"www.eg-reeds.com\" \/>\n<meta property=\"article:publisher\" content=\"https:\/\/www.facebook.com\/EGREEDS\" \/>\n<meta property=\"article:modified_time\" content=\"2025-09-03T10:13:59+00:00\" \/>\n<meta property=\"og:image\" content=\"https:\/\/eg-reeds.com\/wp-content\/uploads\/2024\/05\/Korg-CA-2-Chromatic-Tuner.jpg\" \/>\n\t<meta property=\"og:image:width\" content=\"679\" \/>\n\t<meta property=\"og:image:height\" content=\"404\" \/>\n\t<meta property=\"og:image:type\" content=\"image\/jpeg\" \/>\n<meta name=\"twitter:card\" content=\"summary_large_image\" \/>\n<meta name=\"twitter:site\" content=\"@egreeds\" \/>\n<meta name=\"twitter:label1\" content=\"Precio\" \/>\n\t<meta name=\"twitter:data1\" content=\"20,00&euro;\" \/>\n\t<meta name=\"twitter:label2\" content=\"Disponibilidad\" \/>\n\t<meta name=\"twitter:data2\" content=\"Sin existencias\" \/>\n<script type=\"application\/ld+json\" class=\"yoast-schema-graph\">{\"@context\":\"https:\\\/\\\/schema.org\",\"@graph\":[{\"@type\":[\"WebPage\",\"ItemPage\"],\"@id\":\"https:\\\/\\\/eg-reeds.com\\\/es\\\/shop\\\/accesorios\\\/accesorios-instrumento\\\/afinador-cromatico-korg-ca-2\\\/\",\"url\":\"https:\\\/\\\/eg-reeds.com\\\/es\\\/shop\\\/accesorios\\\/accesorios-instrumento\\\/afinador-cromatico-korg-ca-2\\\/\",\"name\":\"Afinador crom\u00e1tico Korg CA-2 - www.eg-reeds.com\",\"isPartOf\":{\"@id\":\"https:\\\/\\\/eg-reeds.com\\\/es\\\/#website\"},\"primaryImageOfPage\":{\"@id\":\"https:\\\/\\\/eg-reeds.com\\\/es\\\/shop\\\/accesorios\\\/accesorios-instrumento\\\/afinador-cromatico-korg-ca-2\\\/#primaryimage\"},\"image\":{\"@id\":\"https:\\\/\\\/eg-reeds.com\\\/es\\\/shop\\\/accesorios\\\/accesorios-instrumento\\\/afinador-cromatico-korg-ca-2\\\/#primaryimage\"},\"thumbnailUrl\":\"https:\\\/\\\/eg-reeds.com\\\/wp-content\\\/uploads\\\/2024\\\/05\\\/Korg-CA-2-Chromatic-Tuner.jpg\",\"datePublished\":\"2024-05-28T12:04:24+00:00\",\"dateModified\":\"2025-09-03T10:13:59+00:00\",\"description\":\"Afinador Crom\u00e1tico Korg CA-2. El Korg CA-2 ofrece una afinaci\u00f3n precisa para todo tipo de instrumentos. Dise\u00f1o compacto y ligero. Compra tu afinador aqu\u00ed.\",\"breadcrumb\":{\"@id\":\"https:\\\/\\\/eg-reeds.com\\\/es\\\/shop\\\/accesorios\\\/accesorios-instrumento\\\/afinador-cromatico-korg-ca-2\\\/#breadcrumb\"},\"inLanguage\":\"es\",\"potentialAction\":[{\"@type\":\"ReadAction\",\"target\":[\"https:\\\/\\\/eg-reeds.com\\\/es\\\/shop\\\/accesorios\\\/accesorios-instrumento\\\/afinador-cromatico-korg-ca-2\\\/\"]}]},{\"@type\":\"ImageObject\",\"inLanguage\":\"es\",\"@id\":\"https:\\\/\\\/eg-reeds.com\\\/es\\\/shop\\\/accesorios\\\/accesorios-instrumento\\\/afinador-cromatico-korg-ca-2\\\/#primaryimage\",\"url\":\"https:\\\/\\\/eg-reeds.com\\\/wp-content\\\/uploads\\\/2024\\\/05\\\/Korg-CA-2-Chromatic-Tuner.jpg\",\"contentUrl\":\"https:\\\/\\\/eg-reeds.com\\\/wp-content\\\/uploads\\\/2024\\\/05\\\/Korg-CA-2-Chromatic-Tuner.jpg\",\"width\":679,\"height\":404,\"caption\":\"Afinador Korg CA-2\"},{\"@type\":\"BreadcrumbList\",\"@id\":\"https:\\\/\\\/eg-reeds.com\\\/es\\\/shop\\\/accesorios\\\/accesorios-instrumento\\\/afinador-cromatico-korg-ca-2\\\/#breadcrumb\",\"itemListElement\":[{\"@type\":\"ListItem\",\"position\":1,\"name\":\"Inicio\",\"item\":\"https:\\\/\\\/eg-reeds.com\\\/es\\\/\"},{\"@type\":\"ListItem\",\"position\":2,\"name\":\"Tienda\",\"item\":\"https:\\\/\\\/eg-reeds.com\\\/es\\\/\"},{\"@type\":\"ListItem\",\"position\":3,\"name\":\"Afinador crom\u00e1tico Korg CA-2\"}]},{\"@type\":\"WebSite\",\"@id\":\"https:\\\/\\\/eg-reeds.com\\\/es\\\/#website\",\"url\":\"https:\\\/\\\/eg-reeds.com\\\/es\\\/\",\"name\":\"www.eg-reeds.com\",\"description\":\"Ca\u00f1as oboe\",\"publisher\":{\"@id\":\"https:\\\/\\\/eg-reeds.com\\\/es\\\/#organization\"},\"alternateName\":\"eg-reeds.com\",\"potentialAction\":[{\"@type\":\"SearchAction\",\"target\":{\"@type\":\"EntryPoint\",\"urlTemplate\":\"https:\\\/\\\/eg-reeds.com\\\/es\\\/?s={search_term_string}\"},\"query-input\":{\"@type\":\"PropertyValueSpecification\",\"valueRequired\":true,\"valueName\":\"search_term_string\"}}],\"inLanguage\":\"es\"},{\"@type\":\"Organization\",\"@id\":\"https:\\\/\\\/eg-reeds.com\\\/es\\\/#organization\",\"name\":\"www.eg-reeds.com\",\"url\":\"https:\\\/\\\/eg-reeds.com\\\/es\\\/\",\"logo\":{\"@type\":\"ImageObject\",\"inLanguage\":\"es\",\"@id\":\"https:\\\/\\\/eg-reeds.com\\\/es\\\/#\\\/schema\\\/logo\\\/image\\\/\",\"url\":\"https:\\\/\\\/eg-reeds.com\\\/wp-content\\\/uploads\\\/2024\\\/06\\\/Logo-scaled-e1718793906611.jpg\",\"contentUrl\":\"https:\\\/\\\/eg-reeds.com\\\/wp-content\\\/uploads\\\/2024\\\/06\\\/Logo-scaled-e1718793906611.jpg\",\"width\":1200,\"height\":493,\"caption\":\"www.eg-reeds.com\"},\"image\":{\"@id\":\"https:\\\/\\\/eg-reeds.com\\\/es\\\/#\\\/schema\\\/logo\\\/image\\\/\"},\"sameAs\":[\"https:\\\/\\\/www.facebook.com\\\/EGREEDS\",\"https:\\\/\\\/x.com\\\/egreeds\",\"https:\\\/\\\/www.instagram.com\\\/egreeds\\\/\",\"https:\\\/\\\/www.youtube.com\\\/c\\\/EGREEDS\",\"https:\\\/\\\/www.threads.net\\\/@egreeds\",\"https:\\\/\\\/www.tiktok.com\\\/@egreeds\"]}]}<\/script>\n<meta property=\"product:price:amount\" content=\"20.00\" \/>\n<meta property=\"product:price:currency\" content=\"EUR\" \/>\n<meta property=\"og:availability\" content=\"out of stock\" \/>\n<meta property=\"product:availability\" content=\"out of stock\" \/>\n<meta property=\"product:retailer_item_id\" content=\"AAIAKorg\" \/>\n<meta property=\"product:condition\" content=\"new\" \/>\n<!-- \/ Yoast SEO Premium plugin. -->","yoast_head_json":{"title":"Afinador crom\u00e1tico Korg CA-2 - www.eg-reeds.com","description":"Afinador Crom\u00e1tico Korg CA-2. El Korg CA-2 ofrece una afinaci\u00f3n precisa para todo tipo de instrumentos. Dise\u00f1o compacto y ligero. Compra tu afinador aqu\u00ed.","robots":{"index":"index","follow":"follow","max-snippet":"max-snippet:-1","max-image-preview":"max-image-preview:large","max-video-preview":"max-video-preview:-1"},"canonical":"https:\/\/eg-reeds.com\/es\/shop\/accesorios\/accesorios-instrumento\/afinador-cromatico-korg-ca-2\/","og_locale":"es_ES","og_type":"article","og_title":"Afinador crom\u00e1tico Korg CA-2","og_description":"Afinador Crom\u00e1tico Korg CA-2. El Korg CA-2 ofrece una afinaci\u00f3n precisa para todo tipo de instrumentos. Dise\u00f1o compacto y ligero. Compra tu afinador aqu\u00ed.","og_url":"https:\/\/eg-reeds.com\/es\/shop\/accesorios\/accesorios-instrumento\/afinador-cromatico-korg-ca-2\/","og_site_name":"www.eg-reeds.com","article_publisher":"https:\/\/www.facebook.com\/EGREEDS","article_modified_time":"2025-09-03T10:13:59+00:00","og_image":[{"width":679,"height":404,"url":"https:\/\/eg-reeds.com\/wp-content\/uploads\/2024\/05\/Korg-CA-2-Chromatic-Tuner.jpg","type":"image\/jpeg"}],"twitter_card":"summary_large_image","twitter_site":"@egreeds","twitter_misc":{"Precio":"20,00&euro;","Disponibilidad":"Sin existencias"},"schema":{"@context":"https:\/\/schema.org","@graph":[{"@type":["WebPage","ItemPage"],"@id":"https:\/\/eg-reeds.com\/es\/shop\/accesorios\/accesorios-instrumento\/afinador-cromatico-korg-ca-2\/","url":"https:\/\/eg-reeds.com\/es\/shop\/accesorios\/accesorios-instrumento\/afinador-cromatico-korg-ca-2\/","name":"Afinador crom\u00e1tico Korg CA-2 - www.eg-reeds.com","isPartOf":{"@id":"https:\/\/eg-reeds.com\/es\/#website"},"primaryImageOfPage":{"@id":"https:\/\/eg-reeds.com\/es\/shop\/accesorios\/accesorios-instrumento\/afinador-cromatico-korg-ca-2\/#primaryimage"},"image":{"@id":"https:\/\/eg-reeds.com\/es\/shop\/accesorios\/accesorios-instrumento\/afinador-cromatico-korg-ca-2\/#primaryimage"},"thumbnailUrl":"https:\/\/eg-reeds.com\/wp-content\/uploads\/2024\/05\/Korg-CA-2-Chromatic-Tuner.jpg","datePublished":"2024-05-28T12:04:24+00:00","dateModified":"2025-09-03T10:13:59+00:00","description":"Afinador Crom\u00e1tico Korg CA-2. El Korg CA-2 ofrece una afinaci\u00f3n precisa para todo tipo de instrumentos. Dise\u00f1o compacto y ligero. Compra tu afinador aqu\u00ed.","breadcrumb":{"@id":"https:\/\/eg-reeds.com\/es\/shop\/accesorios\/accesorios-instrumento\/afinador-cromatico-korg-ca-2\/#breadcrumb"},"inLanguage":"es","potentialAction":[{"@type":"ReadAction","target":["https:\/\/eg-reeds.com\/es\/shop\/accesorios\/accesorios-instrumento\/afinador-cromatico-korg-ca-2\/"]}]},{"@type":"ImageObject","inLanguage":"es","@id":"https:\/\/eg-reeds.com\/es\/shop\/accesorios\/accesorios-instrumento\/afinador-cromatico-korg-ca-2\/#primaryimage","url":"https:\/\/eg-reeds.com\/wp-content\/uploads\/2024\/05\/Korg-CA-2-Chromatic-Tuner.jpg","contentUrl":"https:\/\/eg-reeds.com\/wp-content\/uploads\/2024\/05\/Korg-CA-2-Chromatic-Tuner.jpg","width":679,"height":404,"caption":"Afinador Korg CA-2"},{"@type":"BreadcrumbList","@id":"https:\/\/eg-reeds.com\/es\/shop\/accesorios\/accesorios-instrumento\/afinador-cromatico-korg-ca-2\/#breadcrumb","itemListElement":[{"@type":"ListItem","position":1,"name":"Inicio","item":"https:\/\/eg-reeds.com\/es\/"},{"@type":"ListItem","position":2,"name":"Tienda","item":"https:\/\/eg-reeds.com\/es\/"},{"@type":"ListItem","position":3,"name":"Afinador crom\u00e1tico Korg CA-2"}]},{"@type":"WebSite","@id":"https:\/\/eg-reeds.com\/es\/#website","url":"https:\/\/eg-reeds.com\/es\/","name":"www.eg-reeds.com","description":"Ca\u00f1as oboe","publisher":{"@id":"https:\/\/eg-reeds.com\/es\/#organization"},"alternateName":"eg-reeds.com","potentialAction":[{"@type":"SearchAction","target":{"@type":"EntryPoint","urlTemplate":"https:\/\/eg-reeds.com\/es\/?s={search_term_string}"},"query-input":{"@type":"PropertyValueSpecification","valueRequired":true,"valueName":"search_term_string"}}],"inLanguage":"es"},{"@type":"Organization","@id":"https:\/\/eg-reeds.com\/es\/#organization","name":"www.eg-reeds.com","url":"https:\/\/eg-reeds.com\/es\/","logo":{"@type":"ImageObject","inLanguage":"es","@id":"https:\/\/eg-reeds.com\/es\/#\/schema\/logo\/image\/","url":"https:\/\/eg-reeds.com\/wp-content\/uploads\/2024\/06\/Logo-scaled-e1718793906611.jpg","contentUrl":"https:\/\/eg-reeds.com\/wp-content\/uploads\/2024\/06\/Logo-scaled-e1718793906611.jpg","width":1200,"height":493,"caption":"www.eg-reeds.com"},"image":{"@id":"https:\/\/eg-reeds.com\/es\/#\/schema\/logo\/image\/"},"sameAs":["https:\/\/www.facebook.com\/EGREEDS","https:\/\/x.com\/egreeds","https:\/\/www.instagram.com\/egreeds\/","https:\/\/www.youtube.com\/c\/EGREEDS","https:\/\/www.threads.net\/@egreeds","https:\/\/www.tiktok.com\/@egreeds"]}]},"product_price_amount":"20.00","product_price_currency":"EUR","og_availability":"out of stock","product_availability":"out of stock","product_retailer_item_id":"AAIAKorg","product_condition":"new"},"_links":{"self":[{"href":"https:\/\/eg-reeds.com\/es\/wp-json\/wp\/v2\/product\/51506","targetHints":{"allow":["GET"]}}],"collection":[{"href":"https:\/\/eg-reeds.com\/es\/wp-json\/wp\/v2\/product"}],"about":[{"href":"https:\/\/eg-reeds.com\/es\/wp-json\/wp\/v2\/types\/product"}],"replies":[{"embeddable":true,"href":"https:\/\/eg-reeds.com\/es\/wp-json\/wp\/v2\/comments?post=51506"}],"wp:featuredmedia":[{"embeddable":true,"href":"https:\/\/eg-reeds.com\/es\/wp-json\/wp\/v2\/media\/51487"}],"wp:attachment":[{"href":"https:\/\/eg-reeds.com\/es\/wp-json\/wp\/v2\/media?parent=51506"}],"wp:term":[{"taxonomy":"product_brand","embeddable":true,"href":"https:\/\/eg-reeds.com\/es\/wp-json\/wp\/v2\/product_brand?post=51506"},{"taxonomy":"product_cat","embeddable":true,"href":"https:\/\/eg-reeds.com\/es\/wp-json\/wp\/v2\/product_cat?post=51506"},{"taxonomy":"product_tag","embeddable":true,"href":"https:\/\/eg-reeds.com\/es\/wp-json\/wp\/v2\/product_tag?post=51506"},{"taxonomy":"giftcard-category","embeddable":true,"href":"https:\/\/eg-reeds.com\/es\/wp-json\/wp\/v2\/giftcard-category?post=51506"}],"curies":[{"name":"wp","href":"https:\/\/api.w.org\/{rel}","templated":true}]}}