{"id":53567,"date":"2024-11-12T13:10:17","date_gmt":"2024-11-12T12:10:17","guid":{"rendered":"https:\/\/eg-reeds.com\/?post_type=product&#038;p=53567"},"modified":"2026-01-07T17:34:16","modified_gmt":"2026-01-07T16:34:16","slug":"pack-4-canas-oboe-profesionales","status":"publish","type":"product","link":"https:\/\/eg-reeds.com\/es\/shop\/canas-profesionales\/canas-oboe\/pack-4-canas-oboe-profesionales\/","title":{"rendered":"Pack 4 ca\u00f1as oboe profesionales"},"content":{"rendered":"<h1><strong>Pack 4 ca\u00f1as oboe profesionales &#8211; 4 modelos en un solo pack.<\/strong><\/h1>\n<p><span style=\"font-weight: 400;\">Descubre la gama completa de nuestras <strong>ca\u00f1as profesionales m\u00e1s vendidas<\/strong> con este pack que incluye las 4 ca\u00f1as de oboe profesionales <\/span><b>Mayer, PRO, M2 y 901<\/b><span style=\"font-weight: 400;\">. Ideal si deseas probar diferentes estilos y encontrar tu ca\u00f1a perfecta para cada ocasi\u00f3n. <\/span><\/p>\n<p><span style=\"font-weight: 400;\">Adem\u00e1s, el pack te <strong>permite ahorrar<\/strong>, porque tiene un descuento en comparaci\u00f3n con la compra individual de cada una de las ca\u00f1as. Solo tienes que elegir entre tudel de 47 o 46 para tu pack y la dureza que deseas: blanda, media o dura.<\/span><\/p>\n<p><strong>Ventajas del pack:<\/strong><\/p>\n<ul>\n<li style=\"font-weight: 400;\" aria-level=\"1\"><span style=\"font-weight: 400;\"><strong>Variedad:<\/strong> Prueba cuatro ca\u00f1as profesionales diferentes y descubre cu\u00e1l se adapta mejor a tu estilo.<\/span><\/li>\n<li style=\"font-weight: 400;\" aria-level=\"1\"><span style=\"font-weight: 400;\"><strong>Descuento:<\/strong> Ahorra comprando el pack en lugar de adquirirlas por separado.<\/span><\/li>\n<li style=\"font-weight: 400;\" aria-level=\"1\"><span style=\"font-weight: 400;\"><strong>Calidad EG-REEDS:<\/strong> Cada ca\u00f1a est\u00e1 dise\u00f1ada, fabricada y probada por profesionales y para profesionales.<\/span><\/li>\n<\/ul>\n<p><span style=\"font-weight: 400;\">\u00a1Prueba el pack y elige tu ca\u00f1a favorita!<\/span><\/p>\n<p><iframe loading=\"lazy\" title=\"Pack 4 ca\u00f1as de oboe profesionales \/ Pack of 4 Professional Oboe Reeds\" width=\"563\" height=\"1000\" src=\"https:\/\/www.youtube.com\/embed\/iV0u8tZ2HAc?feature=oembed\" frameborder=\"0\" allow=\"accelerometer; autoplay; clipboard-write; encrypted-media; gyroscope; picture-in-picture; web-share\" referrerpolicy=\"strict-origin-when-cross-origin\" allowfullscreen><\/iframe><\/p>\n<p>&nbsp;<\/p>\n<h2><strong>\u00bfQu\u00e9 incluye el Pack 4 ca\u00f1as oboe profesionales?<\/strong><\/h2>\n<p><span style=\"font-weight: 400;\">El pack incluye las mejores ca\u00f1as de oboe profesionales de EG-REEDS:<\/span><\/p>\n<p>&nbsp;<\/p>\n<h2><b>Ca\u00f1a oboe <a href=\"https:\/\/eg-reeds.com\/es\/shop\/canas-profesionales\/canas-oboe\/cana-oboe-mayer\/\" target=\"_blank\" rel=\"noopener\">Mayer<\/a>.<\/b><\/h2>\n<p><span style=\"font-weight: 400;\">Es una ca\u00f1a profesional dise\u00f1ada para ofrecer un sonido oscuro y una interpretaci\u00f3n fluida. Hecha con tudel Guercio Mayer 47 o 46 y la forma Mayer. Entre sus caracter\u00edsticas se destacan la afinaci\u00f3n estable y una emisi\u00f3n f\u00e1cil, ideal para lograr precisi\u00f3n y fluidez. Esta ca\u00f1a es ideal para aquellos oboistas que les gusta tocar con una gran columna de aire y tener una gran proyecci\u00f3n del sonido.\u00a0<\/span><\/p>\n<p>&nbsp;<\/p>\n<h2><b>Ca\u00f1a de <a href=\"https:\/\/eg-reeds.com\/es\/shop\/canas-profesionales\/canas-oboe\/cana-oboe-profesional-eg-reeds\/\" target=\"_blank\" rel=\"noopener\">oboe Profesional<\/a> EG-REEDS.<\/b><\/h2>\n<p><span style=\"font-weight: 400;\">Nuestra ca\u00f1a profesional est\u00e1ndar. Es una ca\u00f1a profesional que est\u00e1 dise\u00f1ada para ofrecer m\u00e1xima calidad y rendimiento. En tudel Chiarugi de 47 o 46, adapt\u00e1ndose a tus preferencias. Cada ca\u00f1a garantiza afinaci\u00f3n estable y emisi\u00f3n precisa, asegurando una experiencia musical \u00f3ptima. Ideal para quienes buscan consistencia y calidad en su sonido.<\/span><\/p>\n<p>&nbsp;<\/p>\n<h2><b>Ca\u00f1a de oboe profesional <a href=\"https:\/\/eg-reeds.com\/es\/shop\/canas-profesionales\/canas-oboe\/cana-oboe-profesional-m2\/\" target=\"_blank\" rel=\"noopener\">M2<\/a>.<\/b><span style=\"font-weight: 400;\">\u00a0<\/span><\/h2>\n<p><span style=\"font-weight: 400;\">Es una ca\u00f1a profesional dise\u00f1ada para ofrecer un sonido equilibrado, ideal para el oboe Marigaux M2, aunque tambi\u00e9n es compatible con otros modelos. Asegurando una interpretaci\u00f3n c\u00f3moda en todo momen<\/span><span style=\"font-weight: 400;\">to. Fabricada con palas hechas con la forma M2 dise\u00f1ada por Lorenzo Massala. Disponible con tudeles Chiarugi 47 y 46.<\/span><\/p>\n<p>&nbsp;<\/p>\n<h2><b>Ca\u00f1a de oboe profesional <a href=\"https:\/\/eg-reeds.com\/es\/shop\/canas-profesionales\/canas-oboe\/cana-oboe-profesional-901\/\" target=\"_blank\" rel=\"noopener\">901<\/a>.<\/b><\/h2>\n<p><span style=\"font-weight: 400;\">Est\u00e1 dise\u00f1ada para maximizar el rendimiento del oboe Marigaux 901, aunque es compatible con otros modelos. Ofrece un sonido rico y equilibrado, su dise\u00f1o permite una emisi\u00f3n f\u00e1cil y controlada, ideal para conciertos, sesiones de grabaci\u00f3n y ensayos<\/span><span style=\"font-weight: 400;\">. Fabricada con palas hechas con la forma 901 dise\u00f1ada por Lorenzo Massala. Esta ca\u00f1a est\u00e1 disponible con tudeles Chiarugi 47 o 46.<\/span><\/p>\n","protected":false},"excerpt":{"rendered":"<p><span style=\"font-weight: 400;\">Este pack incluye las 4 mejores ca\u00f1as de oboe profesionales de EG-REEDS: <\/span><b>Mayer, PRO, M2 y 901 <\/b>con<b> descuento.<\/b><\/p>\n","protected":false},"featured_media":53569,"comment_status":"open","ping_status":"closed","template":"","meta":[],"product_brand":[],"product_cat":[502],"product_tag":[],"giftcard-category":[],"class_list":{"0":"post-53567","1":"product","2":"type-product","3":"status-publish","4":"has-post-thumbnail","6":"product_cat-canas-oboe","7":"pa_staple-8562","8":"pa_staple-8561","10":"first","11":"instock","12":"sale","13":"taxable","14":"shipping-taxable","15":"purchasable","16":"product-type-variable","17":"has-default-attributes"},"yoast_head":"<!-- This site is optimized with the Yoast SEO Premium plugin v27.0 (Yoast SEO v27.4) - https:\/\/yoast.com\/product\/yoast-seo-premium-wordpress\/ -->\n<title>Pack 4 ca\u00f1as oboe profesionales - www.eg-reeds.com<\/title>\n<meta name=\"description\" content=\"Descubre nuestras mejores ca\u00f1as profesionales y m\u00e1s vendidas con este pack 4 ca\u00f1as oboe profesionales: Mayer, PRO, M2 y 901, con descuento.\" \/>\n<meta name=\"robots\" content=\"index, follow, max-snippet:-1, max-image-preview:large, max-video-preview:-1\" \/>\n<link rel=\"canonical\" href=\"https:\/\/eg-reeds.com\/es\/shop\/canas-profesionales\/canas-oboe\/pack-4-canas-oboe-profesionales\/\" \/>\n<meta property=\"og:locale\" content=\"es_ES\" \/>\n<meta property=\"og:type\" content=\"article\" \/>\n<meta property=\"og:title\" content=\"Pack 4 ca\u00f1as oboe profesionales\" \/>\n<meta property=\"og:description\" content=\"Descubre nuestras mejores ca\u00f1as profesionales y m\u00e1s vendidas con este pack 4 ca\u00f1as oboe profesionales: Mayer, PRO, M2 y 901, con descuento.\" \/>\n<meta property=\"og:url\" content=\"https:\/\/eg-reeds.com\/es\/shop\/canas-profesionales\/canas-oboe\/pack-4-canas-oboe-profesionales\/\" \/>\n<meta property=\"og:site_name\" content=\"www.eg-reeds.com\" \/>\n<meta property=\"article:publisher\" content=\"https:\/\/www.facebook.com\/EGREEDS\" \/>\n<meta property=\"article:modified_time\" content=\"2026-01-07T16:34:16+00:00\" \/>\n<meta property=\"og:image\" content=\"https:\/\/eg-reeds.com\/wp-content\/uploads\/2024\/11\/Pack-4-canas-oboe-profesionales-scaled.webp\" \/>\n\t<meta property=\"og:image:width\" content=\"2560\" \/>\n\t<meta property=\"og:image:height\" content=\"2560\" \/>\n\t<meta property=\"og:image:type\" content=\"image\/webp\" \/>\n<meta name=\"twitter:card\" content=\"summary_large_image\" \/>\n<meta name=\"twitter:site\" content=\"@egreeds\" \/>\n<meta name=\"twitter:label1\" content=\"Disponibilidad\" \/>\n\t<meta name=\"twitter:data1\" content=\"Disponible\" \/>\n<script type=\"application\/ld+json\" class=\"yoast-schema-graph\">{\"@context\":\"https:\\\/\\\/schema.org\",\"@graph\":[{\"@type\":[\"WebPage\",\"ItemPage\"],\"@id\":\"https:\\\/\\\/eg-reeds.com\\\/es\\\/shop\\\/canas-profesionales\\\/canas-oboe\\\/pack-4-canas-oboe-profesionales\\\/\",\"url\":\"https:\\\/\\\/eg-reeds.com\\\/es\\\/shop\\\/canas-profesionales\\\/canas-oboe\\\/pack-4-canas-oboe-profesionales\\\/\",\"name\":\"Pack 4 ca\u00f1as oboe profesionales - www.eg-reeds.com\",\"isPartOf\":{\"@id\":\"https:\\\/\\\/eg-reeds.com\\\/es\\\/#website\"},\"primaryImageOfPage\":{\"@id\":\"https:\\\/\\\/eg-reeds.com\\\/es\\\/shop\\\/canas-profesionales\\\/canas-oboe\\\/pack-4-canas-oboe-profesionales\\\/#primaryimage\"},\"image\":{\"@id\":\"https:\\\/\\\/eg-reeds.com\\\/es\\\/shop\\\/canas-profesionales\\\/canas-oboe\\\/pack-4-canas-oboe-profesionales\\\/#primaryimage\"},\"thumbnailUrl\":\"https:\\\/\\\/eg-reeds.com\\\/wp-content\\\/uploads\\\/2024\\\/11\\\/Pack-4-canas-oboe-profesionales-scaled.webp\",\"datePublished\":\"2024-11-12T12:10:17+00:00\",\"dateModified\":\"2026-01-07T16:34:16+00:00\",\"description\":\"Descubre nuestras mejores ca\u00f1as profesionales y m\u00e1s vendidas con este pack 4 ca\u00f1as oboe profesionales: Mayer, PRO, M2 y 901, con descuento.\",\"breadcrumb\":{\"@id\":\"https:\\\/\\\/eg-reeds.com\\\/es\\\/shop\\\/canas-profesionales\\\/canas-oboe\\\/pack-4-canas-oboe-profesionales\\\/#breadcrumb\"},\"inLanguage\":\"es\",\"potentialAction\":[{\"@type\":\"ReadAction\",\"target\":[\"https:\\\/\\\/eg-reeds.com\\\/es\\\/shop\\\/canas-profesionales\\\/canas-oboe\\\/pack-4-canas-oboe-profesionales\\\/\"]}]},{\"@type\":\"ImageObject\",\"inLanguage\":\"es\",\"@id\":\"https:\\\/\\\/eg-reeds.com\\\/es\\\/shop\\\/canas-profesionales\\\/canas-oboe\\\/pack-4-canas-oboe-profesionales\\\/#primaryimage\",\"url\":\"https:\\\/\\\/eg-reeds.com\\\/wp-content\\\/uploads\\\/2024\\\/11\\\/Pack-4-canas-oboe-profesionales-scaled.webp\",\"contentUrl\":\"https:\\\/\\\/eg-reeds.com\\\/wp-content\\\/uploads\\\/2024\\\/11\\\/Pack-4-canas-oboe-profesionales-scaled.webp\",\"width\":2560,\"height\":2560,\"caption\":\"Pack 4 can\u0303as oboe profesionales\"},{\"@type\":\"BreadcrumbList\",\"@id\":\"https:\\\/\\\/eg-reeds.com\\\/es\\\/shop\\\/canas-profesionales\\\/canas-oboe\\\/pack-4-canas-oboe-profesionales\\\/#breadcrumb\",\"itemListElement\":[{\"@type\":\"ListItem\",\"position\":1,\"name\":\"Inicio\",\"item\":\"https:\\\/\\\/eg-reeds.com\\\/es\\\/\"},{\"@type\":\"ListItem\",\"position\":2,\"name\":\"Tienda\",\"item\":\"https:\\\/\\\/eg-reeds.com\\\/es\\\/\"},{\"@type\":\"ListItem\",\"position\":3,\"name\":\"Pack 4 ca\u00f1as oboe profesionales\"}]},{\"@type\":\"WebSite\",\"@id\":\"https:\\\/\\\/eg-reeds.com\\\/es\\\/#website\",\"url\":\"https:\\\/\\\/eg-reeds.com\\\/es\\\/\",\"name\":\"www.eg-reeds.com\",\"description\":\"Ca\u00f1as oboe\",\"publisher\":{\"@id\":\"https:\\\/\\\/eg-reeds.com\\\/es\\\/#organization\"},\"alternateName\":\"eg-reeds.com\",\"potentialAction\":[{\"@type\":\"SearchAction\",\"target\":{\"@type\":\"EntryPoint\",\"urlTemplate\":\"https:\\\/\\\/eg-reeds.com\\\/es\\\/?s={search_term_string}\"},\"query-input\":{\"@type\":\"PropertyValueSpecification\",\"valueRequired\":true,\"valueName\":\"search_term_string\"}}],\"inLanguage\":\"es\"},{\"@type\":\"Organization\",\"@id\":\"https:\\\/\\\/eg-reeds.com\\\/es\\\/#organization\",\"name\":\"www.eg-reeds.com\",\"url\":\"https:\\\/\\\/eg-reeds.com\\\/es\\\/\",\"logo\":{\"@type\":\"ImageObject\",\"inLanguage\":\"es\",\"@id\":\"https:\\\/\\\/eg-reeds.com\\\/es\\\/#\\\/schema\\\/logo\\\/image\\\/\",\"url\":\"https:\\\/\\\/eg-reeds.com\\\/wp-content\\\/uploads\\\/2024\\\/06\\\/Logo-scaled-e1718793906611.jpg\",\"contentUrl\":\"https:\\\/\\\/eg-reeds.com\\\/wp-content\\\/uploads\\\/2024\\\/06\\\/Logo-scaled-e1718793906611.jpg\",\"width\":1200,\"height\":493,\"caption\":\"www.eg-reeds.com\"},\"image\":{\"@id\":\"https:\\\/\\\/eg-reeds.com\\\/es\\\/#\\\/schema\\\/logo\\\/image\\\/\"},\"sameAs\":[\"https:\\\/\\\/www.facebook.com\\\/EGREEDS\",\"https:\\\/\\\/x.com\\\/egreeds\",\"https:\\\/\\\/www.instagram.com\\\/egreeds\\\/\",\"https:\\\/\\\/www.youtube.com\\\/c\\\/EGREEDS\",\"https:\\\/\\\/www.threads.net\\\/@egreeds\",\"https:\\\/\\\/www.tiktok.com\\\/@egreeds\"]}]}<\/script>\n<meta property=\"og:availability\" content=\"instock\" \/>\n<meta property=\"product:availability\" content=\"instock\" \/>\n<meta property=\"product:retailer_item_id\" content=\"CPOB-PACK\" \/>\n<meta property=\"product:condition\" content=\"new\" \/>\n<!-- \/ Yoast SEO Premium plugin. -->","yoast_head_json":{"title":"Pack 4 ca\u00f1as oboe profesionales - www.eg-reeds.com","description":"Descubre nuestras mejores ca\u00f1as profesionales y m\u00e1s vendidas con este pack 4 ca\u00f1as oboe profesionales: Mayer, PRO, M2 y 901, con descuento.","robots":{"index":"index","follow":"follow","max-snippet":"max-snippet:-1","max-image-preview":"max-image-preview:large","max-video-preview":"max-video-preview:-1"},"canonical":"https:\/\/eg-reeds.com\/es\/shop\/canas-profesionales\/canas-oboe\/pack-4-canas-oboe-profesionales\/","og_locale":"es_ES","og_type":"article","og_title":"Pack 4 ca\u00f1as oboe profesionales","og_description":"Descubre nuestras mejores ca\u00f1as profesionales y m\u00e1s vendidas con este pack 4 ca\u00f1as oboe profesionales: Mayer, PRO, M2 y 901, con descuento.","og_url":"https:\/\/eg-reeds.com\/es\/shop\/canas-profesionales\/canas-oboe\/pack-4-canas-oboe-profesionales\/","og_site_name":"www.eg-reeds.com","article_publisher":"https:\/\/www.facebook.com\/EGREEDS","article_modified_time":"2026-01-07T16:34:16+00:00","og_image":[{"width":2560,"height":2560,"url":"https:\/\/eg-reeds.com\/wp-content\/uploads\/2024\/11\/Pack-4-canas-oboe-profesionales-scaled.webp","type":"image\/webp"}],"twitter_card":"summary_large_image","twitter_site":"@egreeds","twitter_misc":{"Disponibilidad":"Disponible"},"schema":{"@context":"https:\/\/schema.org","@graph":[{"@type":["WebPage","ItemPage"],"@id":"https:\/\/eg-reeds.com\/es\/shop\/canas-profesionales\/canas-oboe\/pack-4-canas-oboe-profesionales\/","url":"https:\/\/eg-reeds.com\/es\/shop\/canas-profesionales\/canas-oboe\/pack-4-canas-oboe-profesionales\/","name":"Pack 4 ca\u00f1as oboe profesionales - www.eg-reeds.com","isPartOf":{"@id":"https:\/\/eg-reeds.com\/es\/#website"},"primaryImageOfPage":{"@id":"https:\/\/eg-reeds.com\/es\/shop\/canas-profesionales\/canas-oboe\/pack-4-canas-oboe-profesionales\/#primaryimage"},"image":{"@id":"https:\/\/eg-reeds.com\/es\/shop\/canas-profesionales\/canas-oboe\/pack-4-canas-oboe-profesionales\/#primaryimage"},"thumbnailUrl":"https:\/\/eg-reeds.com\/wp-content\/uploads\/2024\/11\/Pack-4-canas-oboe-profesionales-scaled.webp","datePublished":"2024-11-12T12:10:17+00:00","dateModified":"2026-01-07T16:34:16+00:00","description":"Descubre nuestras mejores ca\u00f1as profesionales y m\u00e1s vendidas con este pack 4 ca\u00f1as oboe profesionales: Mayer, PRO, M2 y 901, con descuento.","breadcrumb":{"@id":"https:\/\/eg-reeds.com\/es\/shop\/canas-profesionales\/canas-oboe\/pack-4-canas-oboe-profesionales\/#breadcrumb"},"inLanguage":"es","potentialAction":[{"@type":"ReadAction","target":["https:\/\/eg-reeds.com\/es\/shop\/canas-profesionales\/canas-oboe\/pack-4-canas-oboe-profesionales\/"]}]},{"@type":"ImageObject","inLanguage":"es","@id":"https:\/\/eg-reeds.com\/es\/shop\/canas-profesionales\/canas-oboe\/pack-4-canas-oboe-profesionales\/#primaryimage","url":"https:\/\/eg-reeds.com\/wp-content\/uploads\/2024\/11\/Pack-4-canas-oboe-profesionales-scaled.webp","contentUrl":"https:\/\/eg-reeds.com\/wp-content\/uploads\/2024\/11\/Pack-4-canas-oboe-profesionales-scaled.webp","width":2560,"height":2560,"caption":"Pack 4 can\u0303as oboe profesionales"},{"@type":"BreadcrumbList","@id":"https:\/\/eg-reeds.com\/es\/shop\/canas-profesionales\/canas-oboe\/pack-4-canas-oboe-profesionales\/#breadcrumb","itemListElement":[{"@type":"ListItem","position":1,"name":"Inicio","item":"https:\/\/eg-reeds.com\/es\/"},{"@type":"ListItem","position":2,"name":"Tienda","item":"https:\/\/eg-reeds.com\/es\/"},{"@type":"ListItem","position":3,"name":"Pack 4 ca\u00f1as oboe profesionales"}]},{"@type":"WebSite","@id":"https:\/\/eg-reeds.com\/es\/#website","url":"https:\/\/eg-reeds.com\/es\/","name":"www.eg-reeds.com","description":"Ca\u00f1as oboe","publisher":{"@id":"https:\/\/eg-reeds.com\/es\/#organization"},"alternateName":"eg-reeds.com","potentialAction":[{"@type":"SearchAction","target":{"@type":"EntryPoint","urlTemplate":"https:\/\/eg-reeds.com\/es\/?s={search_term_string}"},"query-input":{"@type":"PropertyValueSpecification","valueRequired":true,"valueName":"search_term_string"}}],"inLanguage":"es"},{"@type":"Organization","@id":"https:\/\/eg-reeds.com\/es\/#organization","name":"www.eg-reeds.com","url":"https:\/\/eg-reeds.com\/es\/","logo":{"@type":"ImageObject","inLanguage":"es","@id":"https:\/\/eg-reeds.com\/es\/#\/schema\/logo\/image\/","url":"https:\/\/eg-reeds.com\/wp-content\/uploads\/2024\/06\/Logo-scaled-e1718793906611.jpg","contentUrl":"https:\/\/eg-reeds.com\/wp-content\/uploads\/2024\/06\/Logo-scaled-e1718793906611.jpg","width":1200,"height":493,"caption":"www.eg-reeds.com"},"image":{"@id":"https:\/\/eg-reeds.com\/es\/#\/schema\/logo\/image\/"},"sameAs":["https:\/\/www.facebook.com\/EGREEDS","https:\/\/x.com\/egreeds","https:\/\/www.instagram.com\/egreeds\/","https:\/\/www.youtube.com\/c\/EGREEDS","https:\/\/www.threads.net\/@egreeds","https:\/\/www.tiktok.com\/@egreeds"]}]},"og_availability":"instock","product_availability":"instock","product_retailer_item_id":"CPOB-PACK","product_condition":"new"},"_links":{"self":[{"href":"https:\/\/eg-reeds.com\/es\/wp-json\/wp\/v2\/product\/53567","targetHints":{"allow":["GET"]}}],"collection":[{"href":"https:\/\/eg-reeds.com\/es\/wp-json\/wp\/v2\/product"}],"about":[{"href":"https:\/\/eg-reeds.com\/es\/wp-json\/wp\/v2\/types\/product"}],"replies":[{"embeddable":true,"href":"https:\/\/eg-reeds.com\/es\/wp-json\/wp\/v2\/comments?post=53567"}],"wp:featuredmedia":[{"embeddable":true,"href":"https:\/\/eg-reeds.com\/es\/wp-json\/wp\/v2\/media\/53569"}],"wp:attachment":[{"href":"https:\/\/eg-reeds.com\/es\/wp-json\/wp\/v2\/media?parent=53567"}],"wp:term":[{"taxonomy":"product_brand","embeddable":true,"href":"https:\/\/eg-reeds.com\/es\/wp-json\/wp\/v2\/product_brand?post=53567"},{"taxonomy":"product_cat","embeddable":true,"href":"https:\/\/eg-reeds.com\/es\/wp-json\/wp\/v2\/product_cat?post=53567"},{"taxonomy":"product_tag","embeddable":true,"href":"https:\/\/eg-reeds.com\/es\/wp-json\/wp\/v2\/product_tag?post=53567"},{"taxonomy":"giftcard-category","embeddable":true,"href":"https:\/\/eg-reeds.com\/es\/wp-json\/wp\/v2\/giftcard-category?post=53567"}],"curies":[{"name":"wp","href":"https:\/\/api.w.org\/{rel}","templated":true}]}}