{"id":53905,"date":"2024-11-25T20:34:07","date_gmt":"2024-11-25T19:34:08","guid":{"rendered":"https:\/\/eg-reeds.com\/?post_type=product&#038;p=53905"},"modified":"2024-11-26T10:51:14","modified_gmt":"2024-11-26T09:51:14","slug":"secadero-para-25-canas-de-oboe","status":"publish","type":"product","link":"https:\/\/eg-reeds.com\/es\/shop\/accesorios\/secaderos\/secadero-para-25-canas-de-oboe\/","title":{"rendered":"Secadero para 25 ca\u00f1as de oboe"},"content":{"rendered":"<h1><strong>Secadero para 25 ca\u00f1as de oboe.<\/strong><\/h1>\n<p>\u00bfBuscas una forma pr\u00e1ctica y segura de secar y almacenar tus ca\u00f1as de oboe y corno ingl\u00e9s? El secadero para 25 ca\u00f1as de oboe EG-REEDS es el accesorio perfecto para mantener tus ca\u00f1as en \u00f3ptimas condiciones. Compacto, elegante y f\u00e1cil de transportar. Para estudiantes y profesionales. Dise\u00f1ado para 25 ca\u00f1as, garantiza un espacio \u00f3ptimo para prevenir da\u00f1os y promover un secado uniforme.<\/p>\n<p><iframe loading=\"lazy\" title=\"Secadero para ca\u00f1as de oboe\/ Drying board for oboe reeds.  #oboe\" width=\"1020\" height=\"574\" src=\"https:\/\/www.youtube.com\/embed\/MEeh5_aVfGo?feature=oembed\" frameborder=\"0\" allow=\"accelerometer; autoplay; clipboard-write; encrypted-media; gyroscope; picture-in-picture; web-share\" referrerpolicy=\"strict-origin-when-cross-origin\" allowfullscreen><\/iframe><\/p>\n<p>Disponible en varios colores, este secadero de ca\u00f1as de oboe combina funcionalidad con un dise\u00f1o elegante. Su estructura ligera y compacta facilita llevarlo a ensayos, clases o presentaciones. Impreso en 3D con materiales de alta calidad, asegura durabilidad y estabilidad a largo plazo.<\/p>\n<ul>\n<li>Para 25 ca\u00f1as de oboe o corno ingl\u00e9s.<\/li>\n<li>Previene deformaciones y da\u00f1os y favorece una ventilaci\u00f3n adecuada.<\/li>\n<li>Dise\u00f1o ligero, compacto y port\u00e1til.<\/li>\n<li>Materiales de alta calidad.<\/li>\n<li>Disponible en varios colores para elegir tu estilo personal.<\/li>\n<\/ul>\n<p><strong>\u00a1Cuida tus ca\u00f1as con estilo!<\/strong><br \/>\n<strong>A\u00f1\u00e1delo a tu carrito ahora y disfruta de un accesorio \u00fanico.<\/strong><\/p>\n<p>Ca\u00f1as no incluidas.<\/p>\n<p>Dimensiones: aproximadamente 10&#215;10 cm.<\/p>\n<p>Si necesitas otros tama\u00f1os tienes otras opciones aqu\u00ed:<\/p>\n<div class=\"woocommerce \"><div class=\"products row row-small large-columns-3 medium-columns-2 small-columns-2 has-equal-box-heights\">\n<div class=\"product-small col has-hover product type-product post-54081 status-publish first instock product_cat-accesorios product_cat-secaderos has-post-thumbnail taxable shipping-taxable purchasable product-type-variable\">\n\t<div class=\"col-inner\">\n\t\n<div class=\"badge-container absolute left top z-1\">\n\n<\/div>\n\t<div class=\"product-small box \">\n\t\t<div class=\"box-image\">\n\t\t\t<div class=\"image-fade_in_back\">\n\t\t\t\t<a href=\"https:\/\/eg-reeds.com\/es\/shop\/accesorios\/secaderos\/secadero-para-50-canas-de-oboe\/\">\n\t\t\t\t\t<img loading=\"lazy\" decoding=\"async\" width=\"800\" height=\"800\" src=\"https:\/\/eg-reeds.com\/wp-content\/uploads\/2024\/11\/MG_1262_17_11zon-1024x1024.webp\" class=\"attachment-woocommerce_thumbnail size-woocommerce_thumbnail\" alt=\"Secadero para 50 ca\u00f1as de oboe\" srcset=\"https:\/\/eg-reeds.com\/wp-content\/uploads\/2024\/11\/MG_1262_17_11zon-1024x1024.webp 1024w, https:\/\/eg-reeds.com\/wp-content\/uploads\/2024\/11\/MG_1262_17_11zon-scaled-600x600.webp 600w, https:\/\/eg-reeds.com\/wp-content\/uploads\/2024\/11\/MG_1262_17_11zon-scaled-100x100.webp 100w, https:\/\/eg-reeds.com\/wp-content\/uploads\/2024\/11\/MG_1262_17_11zon-300x300.webp 300w, https:\/\/eg-reeds.com\/wp-content\/uploads\/2024\/11\/MG_1262_17_11zon-768x768.webp 768w, https:\/\/eg-reeds.com\/wp-content\/uploads\/2024\/11\/MG_1262_17_11zon-1536x1536.webp 1536w, https:\/\/eg-reeds.com\/wp-content\/uploads\/2024\/11\/MG_1262_17_11zon-2048x2048.webp 2048w\" sizes=\"auto, (max-width: 800px) 100vw, 800px\" \/><img loading=\"lazy\" decoding=\"async\" width=\"800\" height=\"800\" src=\"https:\/\/eg-reeds.com\/wp-content\/uploads\/2024\/11\/MG_1237_13_11zon-scaled-800x800.webp\" class=\"show-on-hover absolute fill hide-for-small back-image\" alt=\"Mejor secadero ca\u00f1as oboe 3D\" aria-hidden=\"true\" srcset=\"https:\/\/eg-reeds.com\/wp-content\/uploads\/2024\/11\/MG_1237_13_11zon-scaled-800x800.webp 800w, https:\/\/eg-reeds.com\/wp-content\/uploads\/2024\/11\/MG_1237_13_11zon-scaled-100x100.webp 100w, https:\/\/eg-reeds.com\/wp-content\/uploads\/2024\/11\/MG_1237_13_11zon-300x300.webp 300w\" sizes=\"auto, (max-width: 800px) 100vw, 800px\" \/>\t\t\t\t<\/a>\n\t\t\t<\/div>\n\t\t\t<div class=\"image-tools is-small top right show-on-hover\">\n\t\t\t\t\t\t\t<\/div>\n\t\t\t<div class=\"image-tools is-small hide-for-small bottom left show-on-hover\">\n\t\t\t\t\t\t\t<\/div>\n\t\t\t<div class=\"image-tools grid-tools text-center hide-for-small bottom hover-slide-in show-on-hover\">\n\t\t\t\t<a href=\"https:\/\/eg-reeds.com\/es\/shop\/accesorios\/secaderos\/secadero-para-50-canas-de-oboe\/\" aria-describedby=\"woocommerce_loop_add_to_cart_link_describedby_54081\" data-quantity=\"1\" class=\"add-to-cart-grid no-padding is-transparent product_type_variable add_to_cart_button\" data-product_id=\"54081\" data-product_sku=\"ACSS50\" aria-label=\"Elige las opciones para &ldquo;Secadero para 50 ca\u00f1as de oboe&rdquo;\" rel=\"nofollow\"><div class=\"cart-icon tooltip is-small\" title=\"Seleccionar opciones\"><strong>+<\/strong><\/div><\/a>\t<span id=\"woocommerce_loop_add_to_cart_link_describedby_54081\" class=\"screen-reader-text\">\n\t\tEste producto tiene m\u00faltiples variantes. Las opciones se pueden elegir en la p\u00e1gina de producto\t<\/span>\n\t\t\t<\/div>\n\t\t\t\t\t<\/div>\n\n\t\t<div class=\"box-text box-text-products text-center grid-style-2\">\n\t\t\t<div class=\"title-wrapper\"><p class=\"name product-title woocommerce-loop-product__title\"><a href=\"https:\/\/eg-reeds.com\/es\/shop\/accesorios\/secaderos\/secadero-para-50-canas-de-oboe\/\" class=\"woocommerce-LoopProduct-link woocommerce-loop-product__link\">Secadero para 50 ca\u00f1as de oboe<\/a><\/p><\/div><div class=\"price-wrapper\">\n\t<span class=\"price\"><span class='ywcrbp_regular_price'>  <span class=\"woocommerce-Price-amount amount\"><bdi>49,90<span class=\"woocommerce-Price-currencySymbol\">&euro;<\/span><\/bdi><\/span><\/span><\/span>\n<\/div>\t\t<\/div>\n\t<\/div>\n\t\t<\/div>\n<\/div><\/div><!-- row -->\n<\/div> <div class=\"woocommerce \"><div class=\"products row row-small large-columns-3 medium-columns-2 small-columns-2 has-equal-box-heights\">\n<div class=\"product-small col has-hover product type-product post-53758 status-publish first instock product_cat-accesorios product_cat-secaderos has-post-thumbnail taxable shipping-taxable purchasable product-type-variable\">\n\t<div class=\"col-inner\">\n\t\n<div class=\"badge-container absolute left top z-1\">\n\n<\/div>\n\t<div class=\"product-small box \">\n\t\t<div class=\"box-image\">\n\t\t\t<div class=\"image-fade_in_back\">\n\t\t\t\t<a href=\"https:\/\/eg-reeds.com\/es\/shop\/accesorios\/secaderos\/secadero-para-10-canas-de-oboe\/\">\n\t\t\t\t\t<img loading=\"lazy\" decoding=\"async\" width=\"800\" height=\"800\" src=\"https:\/\/eg-reeds.com\/wp-content\/uploads\/2024\/11\/MG_1246_15_11zon-1024x1024.webp\" class=\"attachment-woocommerce_thumbnail size-woocommerce_thumbnail\" alt=\"secadero ca\u00f1as oboe comprar\" srcset=\"https:\/\/eg-reeds.com\/wp-content\/uploads\/2024\/11\/MG_1246_15_11zon-1024x1024.webp 1024w, https:\/\/eg-reeds.com\/wp-content\/uploads\/2024\/11\/MG_1246_15_11zon-scaled-600x600.webp 600w, https:\/\/eg-reeds.com\/wp-content\/uploads\/2024\/11\/MG_1246_15_11zon-scaled-100x100.webp 100w, https:\/\/eg-reeds.com\/wp-content\/uploads\/2024\/11\/MG_1246_15_11zon-300x300.webp 300w, https:\/\/eg-reeds.com\/wp-content\/uploads\/2024\/11\/MG_1246_15_11zon-768x768.webp 768w, https:\/\/eg-reeds.com\/wp-content\/uploads\/2024\/11\/MG_1246_15_11zon-1536x1536.webp 1536w, https:\/\/eg-reeds.com\/wp-content\/uploads\/2024\/11\/MG_1246_15_11zon-2048x2048.webp 2048w\" sizes=\"auto, (max-width: 800px) 100vw, 800px\" \/><img loading=\"lazy\" decoding=\"async\" width=\"800\" height=\"800\" src=\"https:\/\/eg-reeds.com\/wp-content\/uploads\/2024\/11\/MG_1177_8_11zon-1024x1024.webp\" class=\"show-on-hover absolute fill hide-for-small back-image\" alt=\"Secadero ca\u00f1as oboe\" aria-hidden=\"true\" srcset=\"https:\/\/eg-reeds.com\/wp-content\/uploads\/2024\/11\/MG_1177_8_11zon-1024x1024.webp 1024w, https:\/\/eg-reeds.com\/wp-content\/uploads\/2024\/11\/MG_1177_8_11zon-scaled-600x600.webp 600w, https:\/\/eg-reeds.com\/wp-content\/uploads\/2024\/11\/MG_1177_8_11zon-scaled-100x100.webp 100w, https:\/\/eg-reeds.com\/wp-content\/uploads\/2024\/11\/MG_1177_8_11zon-300x300.webp 300w, https:\/\/eg-reeds.com\/wp-content\/uploads\/2024\/11\/MG_1177_8_11zon-768x768.webp 768w, https:\/\/eg-reeds.com\/wp-content\/uploads\/2024\/11\/MG_1177_8_11zon-1536x1536.webp 1536w, https:\/\/eg-reeds.com\/wp-content\/uploads\/2024\/11\/MG_1177_8_11zon-2048x2048.webp 2048w\" sizes=\"auto, (max-width: 800px) 100vw, 800px\" \/>\t\t\t\t<\/a>\n\t\t\t<\/div>\n\t\t\t<div class=\"image-tools is-small top right show-on-hover\">\n\t\t\t\t\t\t\t<\/div>\n\t\t\t<div class=\"image-tools is-small hide-for-small bottom left show-on-hover\">\n\t\t\t\t\t\t\t<\/div>\n\t\t\t<div class=\"image-tools grid-tools text-center hide-for-small bottom hover-slide-in show-on-hover\">\n\t\t\t\t<a href=\"https:\/\/eg-reeds.com\/es\/shop\/accesorios\/secaderos\/secadero-para-10-canas-de-oboe\/\" aria-describedby=\"woocommerce_loop_add_to_cart_link_describedby_53758\" data-quantity=\"1\" class=\"add-to-cart-grid no-padding is-transparent product_type_variable add_to_cart_button\" data-product_id=\"53758\" data-product_sku=\"ACSS10\" aria-label=\"Elige las opciones para &ldquo;Secadero para 10 ca\u00f1as de oboe&rdquo;\" rel=\"nofollow\"><div class=\"cart-icon tooltip is-small\" title=\"Seleccionar opciones\"><strong>+<\/strong><\/div><\/a>\t<span id=\"woocommerce_loop_add_to_cart_link_describedby_53758\" class=\"screen-reader-text\">\n\t\tEste producto tiene m\u00faltiples variantes. Las opciones se pueden elegir en la p\u00e1gina de producto\t<\/span>\n\t\t\t<\/div>\n\t\t\t\t\t<\/div>\n\n\t\t<div class=\"box-text box-text-products text-center grid-style-2\">\n\t\t\t<div class=\"title-wrapper\"><p class=\"name product-title woocommerce-loop-product__title\"><a href=\"https:\/\/eg-reeds.com\/es\/shop\/accesorios\/secaderos\/secadero-para-10-canas-de-oboe\/\" class=\"woocommerce-LoopProduct-link woocommerce-loop-product__link\">Secadero para 10 ca\u00f1as de oboe<\/a><\/p><\/div><div class=\"price-wrapper\">\n\t<span class=\"price\"><span class='ywcrbp_regular_price'>  <span class=\"woocommerce-Price-amount amount\"><bdi>19,90<span class=\"woocommerce-Price-currencySymbol\">&euro;<\/span><\/bdi><\/span><\/span><\/span>\n<\/div>\t\t<\/div>\n\t<\/div>\n\t\t<\/div>\n<\/div><\/div><!-- row -->\n<\/div>\n","protected":false},"excerpt":{"rendered":"<p>Secadero para 25 ca\u00f1as de oboe. \u00bfBuscas una forma pr\u00e1ctica y segura de secar y almacenar tus ca\u00f1as de oboe y corno ingl\u00e9s? El secadero para 25 ca\u00f1as de oboe EG-REEDS es el accesorio perfecto para mantener tus ca\u00f1as en \u00f3ptimas condiciones. Compacto, elegante y f\u00e1cil de transportar. Para estudiantes y profesionales. Dise\u00f1ado para 25 [&#8230;]\n","protected":false},"featured_media":54055,"comment_status":"open","ping_status":"closed","template":"","meta":[],"product_brand":[],"product_cat":[1306,1423],"product_tag":[],"giftcard-category":[],"class_list":{"0":"post-53905","1":"product","2":"type-product","3":"status-publish","4":"has-post-thumbnail","6":"product_cat-accesorios","7":"product_cat-secaderos","9":"first","10":"instock","11":"taxable","12":"shipping-taxable","13":"purchasable","14":"product-type-variable"},"yoast_head":"<!-- This site is optimized with the Yoast SEO Premium plugin v27.0 (Yoast SEO v27.3) - https:\/\/yoast.com\/product\/yoast-seo-premium-wordpress\/ -->\n<title>Secadero para 25 ca\u00f1as de oboe<\/title>\n<meta name=\"description\" content=\"El secadero para 25 ca\u00f1as de oboe EG-REEDS es el accesorio ideal para cuidar y organizar tus ca\u00f1as. Dise\u00f1o compacto y f\u00e1cil de transportar. Compra aqu\u00ed.\" \/>\n<meta name=\"robots\" content=\"index, follow, max-snippet:-1, max-image-preview:large, max-video-preview:-1\" \/>\n<link rel=\"canonical\" href=\"https:\/\/eg-reeds.com\/es\/shop\/accesorios\/secaderos\/secadero-para-25-canas-de-oboe\/\" \/>\n<meta property=\"og:locale\" content=\"es_ES\" \/>\n<meta property=\"og:type\" content=\"article\" \/>\n<meta property=\"og:title\" content=\"Secadero para 25 ca\u00f1as de oboe\" \/>\n<meta property=\"og:description\" content=\"El secadero para 25 ca\u00f1as de oboe EG-REEDS es el accesorio ideal para cuidar y organizar tus ca\u00f1as. Dise\u00f1o compacto y f\u00e1cil de transportar. Compra aqu\u00ed.\" \/>\n<meta property=\"og:url\" content=\"https:\/\/eg-reeds.com\/es\/shop\/accesorios\/secaderos\/secadero-para-25-canas-de-oboe\/\" \/>\n<meta property=\"og:site_name\" content=\"www.eg-reeds.com\" \/>\n<meta property=\"article:publisher\" content=\"https:\/\/www.facebook.com\/EGREEDS\" \/>\n<meta property=\"article:modified_time\" content=\"2024-11-26T09:51:14+00:00\" \/>\n<meta property=\"og:image\" content=\"https:\/\/eg-reeds.com\/wp-content\/uploads\/2024\/11\/MG_1180_9_11zon-scaled.webp\" \/>\n\t<meta property=\"og:image:width\" content=\"2560\" \/>\n\t<meta property=\"og:image:height\" content=\"2560\" \/>\n\t<meta property=\"og:image:type\" content=\"image\/webp\" \/>\n<meta name=\"twitter:card\" content=\"summary_large_image\" \/>\n<meta name=\"twitter:site\" content=\"@egreeds\" \/>\n<meta name=\"twitter:label1\" content=\"Disponibilidad\" \/>\n\t<meta name=\"twitter:data1\" content=\"Disponible\" \/>\n<script type=\"application\/ld+json\" class=\"yoast-schema-graph\">{\"@context\":\"https:\\\/\\\/schema.org\",\"@graph\":[{\"@type\":[\"WebPage\",\"ItemPage\"],\"@id\":\"https:\\\/\\\/eg-reeds.com\\\/es\\\/shop\\\/accesorios\\\/secaderos\\\/secadero-para-25-canas-de-oboe\\\/\",\"url\":\"https:\\\/\\\/eg-reeds.com\\\/es\\\/shop\\\/accesorios\\\/secaderos\\\/secadero-para-25-canas-de-oboe\\\/\",\"name\":\"Secadero para 25 ca\u00f1as de oboe\",\"isPartOf\":{\"@id\":\"https:\\\/\\\/eg-reeds.com\\\/es\\\/#website\"},\"primaryImageOfPage\":{\"@id\":\"https:\\\/\\\/eg-reeds.com\\\/es\\\/shop\\\/accesorios\\\/secaderos\\\/secadero-para-25-canas-de-oboe\\\/#primaryimage\"},\"image\":{\"@id\":\"https:\\\/\\\/eg-reeds.com\\\/es\\\/shop\\\/accesorios\\\/secaderos\\\/secadero-para-25-canas-de-oboe\\\/#primaryimage\"},\"thumbnailUrl\":\"https:\\\/\\\/eg-reeds.com\\\/wp-content\\\/uploads\\\/2024\\\/11\\\/MG_1180_9_11zon-scaled.webp\",\"datePublished\":\"2024-11-25T19:34:08+00:00\",\"dateModified\":\"2024-11-26T09:51:14+00:00\",\"description\":\"El secadero para 25 ca\u00f1as de oboe EG-REEDS es el accesorio ideal para cuidar y organizar tus ca\u00f1as. Dise\u00f1o compacto y f\u00e1cil de transportar. Compra aqu\u00ed.\",\"breadcrumb\":{\"@id\":\"https:\\\/\\\/eg-reeds.com\\\/es\\\/shop\\\/accesorios\\\/secaderos\\\/secadero-para-25-canas-de-oboe\\\/#breadcrumb\"},\"inLanguage\":\"es\",\"potentialAction\":[{\"@type\":\"ReadAction\",\"target\":[\"https:\\\/\\\/eg-reeds.com\\\/es\\\/shop\\\/accesorios\\\/secaderos\\\/secadero-para-25-canas-de-oboe\\\/\"]}]},{\"@type\":\"ImageObject\",\"inLanguage\":\"es\",\"@id\":\"https:\\\/\\\/eg-reeds.com\\\/es\\\/shop\\\/accesorios\\\/secaderos\\\/secadero-para-25-canas-de-oboe\\\/#primaryimage\",\"url\":\"https:\\\/\\\/eg-reeds.com\\\/wp-content\\\/uploads\\\/2024\\\/11\\\/MG_1180_9_11zon-scaled.webp\",\"contentUrl\":\"https:\\\/\\\/eg-reeds.com\\\/wp-content\\\/uploads\\\/2024\\\/11\\\/MG_1180_9_11zon-scaled.webp\",\"width\":2560,\"height\":2560,\"caption\":\"Secadero ca\u00f1as oboe azul\"},{\"@type\":\"BreadcrumbList\",\"@id\":\"https:\\\/\\\/eg-reeds.com\\\/es\\\/shop\\\/accesorios\\\/secaderos\\\/secadero-para-25-canas-de-oboe\\\/#breadcrumb\",\"itemListElement\":[{\"@type\":\"ListItem\",\"position\":1,\"name\":\"Inicio\",\"item\":\"https:\\\/\\\/eg-reeds.com\\\/es\\\/\"},{\"@type\":\"ListItem\",\"position\":2,\"name\":\"Tienda\",\"item\":\"https:\\\/\\\/eg-reeds.com\\\/es\\\/\"},{\"@type\":\"ListItem\",\"position\":3,\"name\":\"Secadero para 25 ca\u00f1as de oboe\"}]},{\"@type\":\"WebSite\",\"@id\":\"https:\\\/\\\/eg-reeds.com\\\/es\\\/#website\",\"url\":\"https:\\\/\\\/eg-reeds.com\\\/es\\\/\",\"name\":\"www.eg-reeds.com\",\"description\":\"Ca\u00f1as oboe\",\"publisher\":{\"@id\":\"https:\\\/\\\/eg-reeds.com\\\/es\\\/#organization\"},\"alternateName\":\"eg-reeds.com\",\"potentialAction\":[{\"@type\":\"SearchAction\",\"target\":{\"@type\":\"EntryPoint\",\"urlTemplate\":\"https:\\\/\\\/eg-reeds.com\\\/es\\\/?s={search_term_string}\"},\"query-input\":{\"@type\":\"PropertyValueSpecification\",\"valueRequired\":true,\"valueName\":\"search_term_string\"}}],\"inLanguage\":\"es\"},{\"@type\":\"Organization\",\"@id\":\"https:\\\/\\\/eg-reeds.com\\\/es\\\/#organization\",\"name\":\"www.eg-reeds.com\",\"url\":\"https:\\\/\\\/eg-reeds.com\\\/es\\\/\",\"logo\":{\"@type\":\"ImageObject\",\"inLanguage\":\"es\",\"@id\":\"https:\\\/\\\/eg-reeds.com\\\/es\\\/#\\\/schema\\\/logo\\\/image\\\/\",\"url\":\"https:\\\/\\\/eg-reeds.com\\\/wp-content\\\/uploads\\\/2024\\\/06\\\/Logo-scaled-e1718793906611.jpg\",\"contentUrl\":\"https:\\\/\\\/eg-reeds.com\\\/wp-content\\\/uploads\\\/2024\\\/06\\\/Logo-scaled-e1718793906611.jpg\",\"width\":1200,\"height\":493,\"caption\":\"www.eg-reeds.com\"},\"image\":{\"@id\":\"https:\\\/\\\/eg-reeds.com\\\/es\\\/#\\\/schema\\\/logo\\\/image\\\/\"},\"sameAs\":[\"https:\\\/\\\/www.facebook.com\\\/EGREEDS\",\"https:\\\/\\\/x.com\\\/egreeds\",\"https:\\\/\\\/www.instagram.com\\\/egreeds\\\/\",\"https:\\\/\\\/www.youtube.com\\\/c\\\/EGREEDS\",\"https:\\\/\\\/www.threads.net\\\/@egreeds\",\"https:\\\/\\\/www.tiktok.com\\\/@egreeds\"]}]}<\/script>\n<meta property=\"og:availability\" content=\"instock\" \/>\n<meta property=\"product:availability\" content=\"instock\" \/>\n<meta property=\"product:retailer_item_id\" content=\"ACSS25\" \/>\n<meta property=\"product:condition\" content=\"new\" \/>\n<!-- \/ Yoast SEO Premium plugin. -->","yoast_head_json":{"title":"Secadero para 25 ca\u00f1as de oboe","description":"El secadero para 25 ca\u00f1as de oboe EG-REEDS es el accesorio ideal para cuidar y organizar tus ca\u00f1as. Dise\u00f1o compacto y f\u00e1cil de transportar. Compra aqu\u00ed.","robots":{"index":"index","follow":"follow","max-snippet":"max-snippet:-1","max-image-preview":"max-image-preview:large","max-video-preview":"max-video-preview:-1"},"canonical":"https:\/\/eg-reeds.com\/es\/shop\/accesorios\/secaderos\/secadero-para-25-canas-de-oboe\/","og_locale":"es_ES","og_type":"article","og_title":"Secadero para 25 ca\u00f1as de oboe","og_description":"El secadero para 25 ca\u00f1as de oboe EG-REEDS es el accesorio ideal para cuidar y organizar tus ca\u00f1as. Dise\u00f1o compacto y f\u00e1cil de transportar. Compra aqu\u00ed.","og_url":"https:\/\/eg-reeds.com\/es\/shop\/accesorios\/secaderos\/secadero-para-25-canas-de-oboe\/","og_site_name":"www.eg-reeds.com","article_publisher":"https:\/\/www.facebook.com\/EGREEDS","article_modified_time":"2024-11-26T09:51:14+00:00","og_image":[{"width":2560,"height":2560,"url":"https:\/\/eg-reeds.com\/wp-content\/uploads\/2024\/11\/MG_1180_9_11zon-scaled.webp","type":"image\/webp"}],"twitter_card":"summary_large_image","twitter_site":"@egreeds","twitter_misc":{"Disponibilidad":"Disponible"},"schema":{"@context":"https:\/\/schema.org","@graph":[{"@type":["WebPage","ItemPage"],"@id":"https:\/\/eg-reeds.com\/es\/shop\/accesorios\/secaderos\/secadero-para-25-canas-de-oboe\/","url":"https:\/\/eg-reeds.com\/es\/shop\/accesorios\/secaderos\/secadero-para-25-canas-de-oboe\/","name":"Secadero para 25 ca\u00f1as de oboe","isPartOf":{"@id":"https:\/\/eg-reeds.com\/es\/#website"},"primaryImageOfPage":{"@id":"https:\/\/eg-reeds.com\/es\/shop\/accesorios\/secaderos\/secadero-para-25-canas-de-oboe\/#primaryimage"},"image":{"@id":"https:\/\/eg-reeds.com\/es\/shop\/accesorios\/secaderos\/secadero-para-25-canas-de-oboe\/#primaryimage"},"thumbnailUrl":"https:\/\/eg-reeds.com\/wp-content\/uploads\/2024\/11\/MG_1180_9_11zon-scaled.webp","datePublished":"2024-11-25T19:34:08+00:00","dateModified":"2024-11-26T09:51:14+00:00","description":"El secadero para 25 ca\u00f1as de oboe EG-REEDS es el accesorio ideal para cuidar y organizar tus ca\u00f1as. Dise\u00f1o compacto y f\u00e1cil de transportar. Compra aqu\u00ed.","breadcrumb":{"@id":"https:\/\/eg-reeds.com\/es\/shop\/accesorios\/secaderos\/secadero-para-25-canas-de-oboe\/#breadcrumb"},"inLanguage":"es","potentialAction":[{"@type":"ReadAction","target":["https:\/\/eg-reeds.com\/es\/shop\/accesorios\/secaderos\/secadero-para-25-canas-de-oboe\/"]}]},{"@type":"ImageObject","inLanguage":"es","@id":"https:\/\/eg-reeds.com\/es\/shop\/accesorios\/secaderos\/secadero-para-25-canas-de-oboe\/#primaryimage","url":"https:\/\/eg-reeds.com\/wp-content\/uploads\/2024\/11\/MG_1180_9_11zon-scaled.webp","contentUrl":"https:\/\/eg-reeds.com\/wp-content\/uploads\/2024\/11\/MG_1180_9_11zon-scaled.webp","width":2560,"height":2560,"caption":"Secadero ca\u00f1as oboe azul"},{"@type":"BreadcrumbList","@id":"https:\/\/eg-reeds.com\/es\/shop\/accesorios\/secaderos\/secadero-para-25-canas-de-oboe\/#breadcrumb","itemListElement":[{"@type":"ListItem","position":1,"name":"Inicio","item":"https:\/\/eg-reeds.com\/es\/"},{"@type":"ListItem","position":2,"name":"Tienda","item":"https:\/\/eg-reeds.com\/es\/"},{"@type":"ListItem","position":3,"name":"Secadero para 25 ca\u00f1as de oboe"}]},{"@type":"WebSite","@id":"https:\/\/eg-reeds.com\/es\/#website","url":"https:\/\/eg-reeds.com\/es\/","name":"www.eg-reeds.com","description":"Ca\u00f1as oboe","publisher":{"@id":"https:\/\/eg-reeds.com\/es\/#organization"},"alternateName":"eg-reeds.com","potentialAction":[{"@type":"SearchAction","target":{"@type":"EntryPoint","urlTemplate":"https:\/\/eg-reeds.com\/es\/?s={search_term_string}"},"query-input":{"@type":"PropertyValueSpecification","valueRequired":true,"valueName":"search_term_string"}}],"inLanguage":"es"},{"@type":"Organization","@id":"https:\/\/eg-reeds.com\/es\/#organization","name":"www.eg-reeds.com","url":"https:\/\/eg-reeds.com\/es\/","logo":{"@type":"ImageObject","inLanguage":"es","@id":"https:\/\/eg-reeds.com\/es\/#\/schema\/logo\/image\/","url":"https:\/\/eg-reeds.com\/wp-content\/uploads\/2024\/06\/Logo-scaled-e1718793906611.jpg","contentUrl":"https:\/\/eg-reeds.com\/wp-content\/uploads\/2024\/06\/Logo-scaled-e1718793906611.jpg","width":1200,"height":493,"caption":"www.eg-reeds.com"},"image":{"@id":"https:\/\/eg-reeds.com\/es\/#\/schema\/logo\/image\/"},"sameAs":["https:\/\/www.facebook.com\/EGREEDS","https:\/\/x.com\/egreeds","https:\/\/www.instagram.com\/egreeds\/","https:\/\/www.youtube.com\/c\/EGREEDS","https:\/\/www.threads.net\/@egreeds","https:\/\/www.tiktok.com\/@egreeds"]}]},"og_availability":"instock","product_availability":"instock","product_retailer_item_id":"ACSS25","product_condition":"new"},"_links":{"self":[{"href":"https:\/\/eg-reeds.com\/es\/wp-json\/wp\/v2\/product\/53905","targetHints":{"allow":["GET"]}}],"collection":[{"href":"https:\/\/eg-reeds.com\/es\/wp-json\/wp\/v2\/product"}],"about":[{"href":"https:\/\/eg-reeds.com\/es\/wp-json\/wp\/v2\/types\/product"}],"replies":[{"embeddable":true,"href":"https:\/\/eg-reeds.com\/es\/wp-json\/wp\/v2\/comments?post=53905"}],"wp:featuredmedia":[{"embeddable":true,"href":"https:\/\/eg-reeds.com\/es\/wp-json\/wp\/v2\/media\/54055"}],"wp:attachment":[{"href":"https:\/\/eg-reeds.com\/es\/wp-json\/wp\/v2\/media?parent=53905"}],"wp:term":[{"taxonomy":"product_brand","embeddable":true,"href":"https:\/\/eg-reeds.com\/es\/wp-json\/wp\/v2\/product_brand?post=53905"},{"taxonomy":"product_cat","embeddable":true,"href":"https:\/\/eg-reeds.com\/es\/wp-json\/wp\/v2\/product_cat?post=53905"},{"taxonomy":"product_tag","embeddable":true,"href":"https:\/\/eg-reeds.com\/es\/wp-json\/wp\/v2\/product_tag?post=53905"},{"taxonomy":"giftcard-category","embeddable":true,"href":"https:\/\/eg-reeds.com\/es\/wp-json\/wp\/v2\/giftcard-category?post=53905"}],"curies":[{"name":"wp","href":"https:\/\/api.w.org\/{rel}","templated":true}]}}