{"id":54752,"date":"2025-01-13T12:03:57","date_gmt":"2025-01-13T11:03:57","guid":{"rendered":"https:\/\/eg-reeds.com\/?post_type=product&#038;p=54752"},"modified":"2025-02-21T06:17:12","modified_gmt":"2025-02-21T05:17:12","slug":"aceite-para-instrumentos-de-viento-madera-la-tromba","status":"publish","type":"product","link":"https:\/\/eg-reeds.com\/es\/shop\/accesorios\/aceite-para-instrumentos-de-viento-madera-la-tromba\/","title":{"rendered":"Aceite para instrumentos de viento madera La Tromba"},"content":{"rendered":"<h1><strong>Aceite para instrumentos de viento madera La Tromba.<\/strong><\/h1>\n<p>Aceite para instrumentos de viento madera La Tromba.<\/p>\n<ul>\n<li>Evita la acumulaci\u00f3n de condensaci\u00f3n.<\/li>\n<li>Reduce el riesgo de grietas.<\/li>\n<li>Protecci\u00f3n e hidrataci\u00f3n duradera de la madera del oboe y otros instrumentos de viento madera.<\/li>\n<\/ul>\n","protected":false},"excerpt":{"rendered":"<p>Aceite para instrumentos de viento madera La Tromba. Aceite para instrumentos de viento madera La Tromba. Evita la acumulaci\u00f3n de condensaci\u00f3n. Reduce el riesgo de grietas. Protecci\u00f3n e hidrataci\u00f3n duradera de la madera del oboe y otros instrumentos de viento madera.<\/p>\n","protected":false},"featured_media":54765,"comment_status":"open","ping_status":"closed","template":"","meta":[],"product_brand":[],"product_cat":[1306,3578,3785],"product_tag":[],"giftcard-category":[],"class_list":{"0":"post-54752","1":"product","2":"type-product","3":"status-publish","4":"has-post-thumbnail","6":"product_cat-accesorios","7":"product_cat-accesorios-instrumento","8":"product_cat-oboes","10":"first","11":"outofstock","12":"taxable","13":"shipping-taxable","14":"purchasable","15":"product-type-simple"},"yoast_head":"<!-- This site is optimized with the Yoast SEO Premium plugin v27.0 (Yoast SEO v27.2) - https:\/\/yoast.com\/product\/yoast-seo-premium-wordpress\/ -->\n<title>Aceite para instrumentos de viento madera La Tromba - www.eg-reeds.com<\/title>\n<meta name=\"description\" content=\"Aceite para instrumentos de viento madera La Tromba. Evita acumulaci\u00f3n de condensaci\u00f3n. Reduce el riesgo de grietas. Protecci\u00f3n e hidrataci\u00f3n de la madera.\" \/>\n<meta name=\"robots\" content=\"index, follow, max-snippet:-1, max-image-preview:large, max-video-preview:-1\" \/>\n<link rel=\"canonical\" href=\"https:\/\/eg-reeds.com\/es\/shop\/accesorios\/aceite-para-instrumentos-de-viento-madera-la-tromba\/\" \/>\n<meta property=\"og:locale\" content=\"es_ES\" \/>\n<meta property=\"og:type\" content=\"article\" \/>\n<meta property=\"og:title\" content=\"Aceite para instrumentos de viento madera La Tromba\" \/>\n<meta property=\"og:description\" content=\"Aceite para instrumentos de viento madera La Tromba. Evita acumulaci\u00f3n de condensaci\u00f3n. Reduce el riesgo de grietas. Protecci\u00f3n e hidrataci\u00f3n de la madera.\" \/>\n<meta property=\"og:url\" content=\"https:\/\/eg-reeds.com\/es\/shop\/accesorios\/aceite-para-instrumentos-de-viento-madera-la-tromba\/\" \/>\n<meta property=\"og:site_name\" content=\"www.eg-reeds.com\" \/>\n<meta property=\"article:publisher\" content=\"https:\/\/www.facebook.com\/EGREEDS\" \/>\n<meta property=\"article:modified_time\" content=\"2025-02-21T05:17:12+00:00\" \/>\n<meta property=\"og:image\" content=\"https:\/\/eg-reeds.com\/wp-content\/uploads\/2025\/01\/La-Tromba-oil-for-woodwind-instruments.webp\" \/>\n\t<meta property=\"og:image:width\" content=\"1280\" \/>\n\t<meta property=\"og:image:height\" content=\"1059\" \/>\n\t<meta property=\"og:image:type\" content=\"image\/webp\" \/>\n<meta name=\"twitter:card\" content=\"summary_large_image\" \/>\n<meta name=\"twitter:site\" content=\"@egreeds\" \/>\n<meta name=\"twitter:label1\" content=\"Precio\" \/>\n\t<meta name=\"twitter:data1\" content=\"9,00&euro;\" \/>\n\t<meta name=\"twitter:label2\" content=\"Disponibilidad\" \/>\n\t<meta name=\"twitter:data2\" content=\"Sin existencias\" \/>\n<script type=\"application\/ld+json\" class=\"yoast-schema-graph\">{\"@context\":\"https:\/\/schema.org\",\"@graph\":[{\"@type\":[\"WebPage\",\"ItemPage\"],\"@id\":\"https:\/\/eg-reeds.com\/es\/shop\/accesorios\/aceite-para-instrumentos-de-viento-madera-la-tromba\/\",\"url\":\"https:\/\/eg-reeds.com\/es\/shop\/accesorios\/aceite-para-instrumentos-de-viento-madera-la-tromba\/\",\"name\":\"Aceite para instrumentos de viento madera La Tromba - www.eg-reeds.com\",\"isPartOf\":{\"@id\":\"https:\/\/eg-reeds.com\/es\/#website\"},\"primaryImageOfPage\":{\"@id\":\"https:\/\/eg-reeds.com\/es\/shop\/accesorios\/aceite-para-instrumentos-de-viento-madera-la-tromba\/#primaryimage\"},\"image\":{\"@id\":\"https:\/\/eg-reeds.com\/es\/shop\/accesorios\/aceite-para-instrumentos-de-viento-madera-la-tromba\/#primaryimage\"},\"thumbnailUrl\":\"https:\/\/eg-reeds.com\/wp-content\/uploads\/2025\/01\/La-Tromba-oil-for-woodwind-instruments.webp\",\"datePublished\":\"2025-01-13T11:03:57+00:00\",\"dateModified\":\"2025-02-21T05:17:12+00:00\",\"description\":\"Aceite para instrumentos de viento madera La Tromba. Evita acumulaci\u00f3n de condensaci\u00f3n. Reduce el riesgo de grietas. Protecci\u00f3n e hidrataci\u00f3n de la madera.\",\"breadcrumb\":{\"@id\":\"https:\/\/eg-reeds.com\/es\/shop\/accesorios\/aceite-para-instrumentos-de-viento-madera-la-tromba\/#breadcrumb\"},\"inLanguage\":\"es\",\"potentialAction\":[{\"@type\":\"ReadAction\",\"target\":[\"https:\/\/eg-reeds.com\/es\/shop\/accesorios\/aceite-para-instrumentos-de-viento-madera-la-tromba\/\"]}]},{\"@type\":\"ImageObject\",\"inLanguage\":\"es\",\"@id\":\"https:\/\/eg-reeds.com\/es\/shop\/accesorios\/aceite-para-instrumentos-de-viento-madera-la-tromba\/#primaryimage\",\"url\":\"https:\/\/eg-reeds.com\/wp-content\/uploads\/2025\/01\/La-Tromba-oil-for-woodwind-instruments.webp\",\"contentUrl\":\"https:\/\/eg-reeds.com\/wp-content\/uploads\/2025\/01\/La-Tromba-oil-for-woodwind-instruments.webp\",\"width\":1280,\"height\":1059,\"caption\":\"Comprar aceite La Tromba instrumentos viento madera\"},{\"@type\":\"BreadcrumbList\",\"@id\":\"https:\/\/eg-reeds.com\/es\/shop\/accesorios\/aceite-para-instrumentos-de-viento-madera-la-tromba\/#breadcrumb\",\"itemListElement\":[{\"@type\":\"ListItem\",\"position\":1,\"name\":\"Inicio\",\"item\":\"https:\/\/eg-reeds.com\/es\/\"},{\"@type\":\"ListItem\",\"position\":2,\"name\":\"Tienda\",\"item\":\"https:\/\/eg-reeds.com\/es\/\"},{\"@type\":\"ListItem\",\"position\":3,\"name\":\"Aceite para instrumentos de viento madera La Tromba\"}]},{\"@type\":\"WebSite\",\"@id\":\"https:\/\/eg-reeds.com\/es\/#website\",\"url\":\"https:\/\/eg-reeds.com\/es\/\",\"name\":\"www.eg-reeds.com\",\"description\":\"Ca\u00f1as oboe\",\"publisher\":{\"@id\":\"https:\/\/eg-reeds.com\/es\/#organization\"},\"alternateName\":\"eg-reeds.com\",\"potentialAction\":[{\"@type\":\"SearchAction\",\"target\":{\"@type\":\"EntryPoint\",\"urlTemplate\":\"https:\/\/eg-reeds.com\/es\/?s={search_term_string}\"},\"query-input\":{\"@type\":\"PropertyValueSpecification\",\"valueRequired\":true,\"valueName\":\"search_term_string\"}}],\"inLanguage\":\"es\"},{\"@type\":\"Organization\",\"@id\":\"https:\/\/eg-reeds.com\/es\/#organization\",\"name\":\"www.eg-reeds.com\",\"url\":\"https:\/\/eg-reeds.com\/es\/\",\"logo\":{\"@type\":\"ImageObject\",\"inLanguage\":\"es\",\"@id\":\"https:\/\/eg-reeds.com\/es\/#\/schema\/logo\/image\/\",\"url\":\"https:\/\/eg-reeds.com\/wp-content\/uploads\/2024\/06\/Logo-scaled-e1718793906611.jpg\",\"contentUrl\":\"https:\/\/eg-reeds.com\/wp-content\/uploads\/2024\/06\/Logo-scaled-e1718793906611.jpg\",\"width\":1200,\"height\":493,\"caption\":\"www.eg-reeds.com\"},\"image\":{\"@id\":\"https:\/\/eg-reeds.com\/es\/#\/schema\/logo\/image\/\"},\"sameAs\":[\"https:\/\/www.facebook.com\/EGREEDS\",\"https:\/\/x.com\/egreeds\",\"https:\/\/www.instagram.com\/egreeds\/\",\"https:\/\/www.youtube.com\/c\/EGREEDS\",\"https:\/\/www.threads.net\/@egreeds\",\"https:\/\/www.tiktok.com\/@egreeds\"]}]}<\/script>\n<meta property=\"product:price:amount\" content=\"9.00\" \/>\n<meta property=\"product:price:currency\" content=\"EUR\" \/>\n<meta property=\"og:availability\" content=\"out of stock\" \/>\n<meta property=\"product:availability\" content=\"out of stock\" \/>\n<meta property=\"product:retailer_item_id\" content=\"ACAIAT1\" \/>\n<meta property=\"product:condition\" content=\"new\" \/>\n<!-- \/ Yoast SEO Premium plugin. -->","yoast_head_json":{"title":"Aceite para instrumentos de viento madera La Tromba - www.eg-reeds.com","description":"Aceite para instrumentos de viento madera La Tromba. Evita acumulaci\u00f3n de condensaci\u00f3n. Reduce el riesgo de grietas. Protecci\u00f3n e hidrataci\u00f3n de la madera.","robots":{"index":"index","follow":"follow","max-snippet":"max-snippet:-1","max-image-preview":"max-image-preview:large","max-video-preview":"max-video-preview:-1"},"canonical":"https:\/\/eg-reeds.com\/es\/shop\/accesorios\/aceite-para-instrumentos-de-viento-madera-la-tromba\/","og_locale":"es_ES","og_type":"article","og_title":"Aceite para instrumentos de viento madera La Tromba","og_description":"Aceite para instrumentos de viento madera La Tromba. Evita acumulaci\u00f3n de condensaci\u00f3n. Reduce el riesgo de grietas. Protecci\u00f3n e hidrataci\u00f3n de la madera.","og_url":"https:\/\/eg-reeds.com\/es\/shop\/accesorios\/aceite-para-instrumentos-de-viento-madera-la-tromba\/","og_site_name":"www.eg-reeds.com","article_publisher":"https:\/\/www.facebook.com\/EGREEDS","article_modified_time":"2025-02-21T05:17:12+00:00","og_image":[{"width":1280,"height":1059,"url":"https:\/\/eg-reeds.com\/wp-content\/uploads\/2025\/01\/La-Tromba-oil-for-woodwind-instruments.webp","type":"image\/webp"}],"twitter_card":"summary_large_image","twitter_site":"@egreeds","twitter_misc":{"Precio":"9,00&euro;","Disponibilidad":"Sin existencias"},"schema":{"@context":"https:\/\/schema.org","@graph":[{"@type":["WebPage","ItemPage"],"@id":"https:\/\/eg-reeds.com\/es\/shop\/accesorios\/aceite-para-instrumentos-de-viento-madera-la-tromba\/","url":"https:\/\/eg-reeds.com\/es\/shop\/accesorios\/aceite-para-instrumentos-de-viento-madera-la-tromba\/","name":"Aceite para instrumentos de viento madera La Tromba - www.eg-reeds.com","isPartOf":{"@id":"https:\/\/eg-reeds.com\/es\/#website"},"primaryImageOfPage":{"@id":"https:\/\/eg-reeds.com\/es\/shop\/accesorios\/aceite-para-instrumentos-de-viento-madera-la-tromba\/#primaryimage"},"image":{"@id":"https:\/\/eg-reeds.com\/es\/shop\/accesorios\/aceite-para-instrumentos-de-viento-madera-la-tromba\/#primaryimage"},"thumbnailUrl":"https:\/\/eg-reeds.com\/wp-content\/uploads\/2025\/01\/La-Tromba-oil-for-woodwind-instruments.webp","datePublished":"2025-01-13T11:03:57+00:00","dateModified":"2025-02-21T05:17:12+00:00","description":"Aceite para instrumentos de viento madera La Tromba. Evita acumulaci\u00f3n de condensaci\u00f3n. Reduce el riesgo de grietas. Protecci\u00f3n e hidrataci\u00f3n de la madera.","breadcrumb":{"@id":"https:\/\/eg-reeds.com\/es\/shop\/accesorios\/aceite-para-instrumentos-de-viento-madera-la-tromba\/#breadcrumb"},"inLanguage":"es","potentialAction":[{"@type":"ReadAction","target":["https:\/\/eg-reeds.com\/es\/shop\/accesorios\/aceite-para-instrumentos-de-viento-madera-la-tromba\/"]}]},{"@type":"ImageObject","inLanguage":"es","@id":"https:\/\/eg-reeds.com\/es\/shop\/accesorios\/aceite-para-instrumentos-de-viento-madera-la-tromba\/#primaryimage","url":"https:\/\/eg-reeds.com\/wp-content\/uploads\/2025\/01\/La-Tromba-oil-for-woodwind-instruments.webp","contentUrl":"https:\/\/eg-reeds.com\/wp-content\/uploads\/2025\/01\/La-Tromba-oil-for-woodwind-instruments.webp","width":1280,"height":1059,"caption":"Comprar aceite La Tromba instrumentos viento madera"},{"@type":"BreadcrumbList","@id":"https:\/\/eg-reeds.com\/es\/shop\/accesorios\/aceite-para-instrumentos-de-viento-madera-la-tromba\/#breadcrumb","itemListElement":[{"@type":"ListItem","position":1,"name":"Inicio","item":"https:\/\/eg-reeds.com\/es\/"},{"@type":"ListItem","position":2,"name":"Tienda","item":"https:\/\/eg-reeds.com\/es\/"},{"@type":"ListItem","position":3,"name":"Aceite para instrumentos de viento madera La Tromba"}]},{"@type":"WebSite","@id":"https:\/\/eg-reeds.com\/es\/#website","url":"https:\/\/eg-reeds.com\/es\/","name":"www.eg-reeds.com","description":"Ca\u00f1as oboe","publisher":{"@id":"https:\/\/eg-reeds.com\/es\/#organization"},"alternateName":"eg-reeds.com","potentialAction":[{"@type":"SearchAction","target":{"@type":"EntryPoint","urlTemplate":"https:\/\/eg-reeds.com\/es\/?s={search_term_string}"},"query-input":{"@type":"PropertyValueSpecification","valueRequired":true,"valueName":"search_term_string"}}],"inLanguage":"es"},{"@type":"Organization","@id":"https:\/\/eg-reeds.com\/es\/#organization","name":"www.eg-reeds.com","url":"https:\/\/eg-reeds.com\/es\/","logo":{"@type":"ImageObject","inLanguage":"es","@id":"https:\/\/eg-reeds.com\/es\/#\/schema\/logo\/image\/","url":"https:\/\/eg-reeds.com\/wp-content\/uploads\/2024\/06\/Logo-scaled-e1718793906611.jpg","contentUrl":"https:\/\/eg-reeds.com\/wp-content\/uploads\/2024\/06\/Logo-scaled-e1718793906611.jpg","width":1200,"height":493,"caption":"www.eg-reeds.com"},"image":{"@id":"https:\/\/eg-reeds.com\/es\/#\/schema\/logo\/image\/"},"sameAs":["https:\/\/www.facebook.com\/EGREEDS","https:\/\/x.com\/egreeds","https:\/\/www.instagram.com\/egreeds\/","https:\/\/www.youtube.com\/c\/EGREEDS","https:\/\/www.threads.net\/@egreeds","https:\/\/www.tiktok.com\/@egreeds"]}]},"product_price_amount":"9.00","product_price_currency":"EUR","og_availability":"out of stock","product_availability":"out of stock","product_retailer_item_id":"ACAIAT1","product_condition":"new"},"_links":{"self":[{"href":"https:\/\/eg-reeds.com\/es\/wp-json\/wp\/v2\/product\/54752","targetHints":{"allow":["GET"]}}],"collection":[{"href":"https:\/\/eg-reeds.com\/es\/wp-json\/wp\/v2\/product"}],"about":[{"href":"https:\/\/eg-reeds.com\/es\/wp-json\/wp\/v2\/types\/product"}],"replies":[{"embeddable":true,"href":"https:\/\/eg-reeds.com\/es\/wp-json\/wp\/v2\/comments?post=54752"}],"wp:featuredmedia":[{"embeddable":true,"href":"https:\/\/eg-reeds.com\/es\/wp-json\/wp\/v2\/media\/54765"}],"wp:attachment":[{"href":"https:\/\/eg-reeds.com\/es\/wp-json\/wp\/v2\/media?parent=54752"}],"wp:term":[{"taxonomy":"product_brand","embeddable":true,"href":"https:\/\/eg-reeds.com\/es\/wp-json\/wp\/v2\/product_brand?post=54752"},{"taxonomy":"product_cat","embeddable":true,"href":"https:\/\/eg-reeds.com\/es\/wp-json\/wp\/v2\/product_cat?post=54752"},{"taxonomy":"product_tag","embeddable":true,"href":"https:\/\/eg-reeds.com\/es\/wp-json\/wp\/v2\/product_tag?post=54752"},{"taxonomy":"giftcard-category","embeddable":true,"href":"https:\/\/eg-reeds.com\/es\/wp-json\/wp\/v2\/giftcard-category?post=54752"}],"curies":[{"name":"wp","href":"https:\/\/api.w.org\/{rel}","templated":true}]}}