{"id":55135,"date":"2025-01-30T17:22:40","date_gmt":"2025-01-30T16:22:40","guid":{"rendered":"https:\/\/eg-reeds.com\/?post_type=product&#038;p=55135"},"modified":"2026-01-14T18:18:44","modified_gmt":"2026-01-14T17:18:44","slug":"cuchilla-360-maquina-de-raspar-canas-de-oboe-reeds-n-stuff","status":"publish","type":"product","link":"https:\/\/eg-reeds.com\/es\/shop\/maquinas-hacer-canas\/reeds-n-stuff\/cuchilla-360-maquina-de-raspar-canas-de-oboe-reeds-n-stuff\/","title":{"rendered":"Cuchilla 360\u00b0 m\u00e1quina de raspar ca\u00f1as de oboe Reeds &#8216;n Stuff"},"content":{"rendered":"<h1><strong>Cuchilla 360\u00b0 para la m\u00e1quina de raspar ca\u00f1as de oboe Reeds &#8216;n Stuff.<\/strong><\/h1>\n<p>Compra aqu\u00ed tu cuchilla 360\u00b0 para la m\u00e1quina de raspado de oboe Reeds &#8216;n Stuff. Esta nueva cuchilla redonda es muy pr\u00e1ctica. Cuando la cuchilla se desafila, simplemente g\u00edrala a la siguiente secci\u00f3n afilada y contin\u00faa raspando. Esto se puede hacer al menos 6 veces, lo que permite raspar muchas ca\u00f1as antes de que sea necesario reemplazar la cuchilla.<\/p>\n<p>El tornillo que sujeta la cuchilla es f\u00e1cilmente accesible desde la parte inferior, lo que significa que, una vez ajustada la altura del soporte de la cuchilla, puedes dejarlo fijo. Simplemente afloja el tornillo, gira la cuchilla y vuelve a apretarlo. En cuesti\u00f3n de segundos, puedes seguir raspando ca\u00f1as sin necesidad de reemplazar toda la cuchilla.<\/p>\n<p>La cuchilla 360\u00b0 con su soporte se entrega con varios tornillos adicionales y el destornillador necesario para ajustar, girar y reemplazar las cuchillas.<\/p>\n<p><iframe loading=\"lazy\" title=\"Cuchilla 360\u00b0 de Reeds &#039;n Stuff: la revoluci\u00f3n en el raspado de ca\u00f1as\" width=\"1020\" height=\"574\" src=\"https:\/\/www.youtube.com\/embed\/BatU6AbUzVk?feature=oembed\" frameborder=\"0\" allow=\"accelerometer; autoplay; clipboard-write; encrypted-media; gyroscope; picture-in-picture; web-share\" referrerpolicy=\"strict-origin-when-cross-origin\" allowfullscreen><\/iframe><\/p>\n","protected":false},"excerpt":{"rendered":"<p>Cuchilla 360\u00b0 para la m\u00e1quina de raspar ca\u00f1as de oboe Reeds &#8216;n Stuff. Compra aqu\u00ed tu cuchilla 360\u00b0 para la m\u00e1quina de raspado de oboe Reeds &#8216;n Stuff. Esta nueva cuchilla redonda es muy pr\u00e1ctica. Cuando la cuchilla se desafila, simplemente g\u00edrala a la siguiente secci\u00f3n afilada y contin\u00faa raspando. Esto se puede hacer al [&#8230;]\n","protected":false},"featured_media":55124,"comment_status":"open","ping_status":"closed","template":"","meta":[],"product_brand":[],"product_cat":[2923],"product_tag":[],"giftcard-category":[],"class_list":{"0":"post-55135","1":"product","2":"type-product","3":"status-publish","4":"has-post-thumbnail","6":"product_cat-reeds-n-stuff","8":"first","9":"instock","10":"taxable","11":"shipping-taxable","12":"purchasable","13":"product-type-simple"},"yoast_head":"<!-- This site is optimized with the Yoast SEO Premium plugin v27.0 (Yoast SEO v27.4) - https:\/\/yoast.com\/product\/yoast-seo-premium-wordpress\/ -->\n<title>Cuchilla 360\u00b0 m\u00e1quina de raspar ca\u00f1as de oboe Reeds &#039;n Stuff - www.eg-reeds.com<\/title>\n<meta name=\"description\" content=\"Compra aqu\u00ed la cuchilla 360\u00b0 m\u00e1quina de raspar ca\u00f1as de oboe Reeds &#039;n Stuff. Cuando la cuchilla se desafila, simplemente g\u00edrala y contin\u00faa raspando.\" \/>\n<meta name=\"robots\" content=\"index, follow, max-snippet:-1, max-image-preview:large, max-video-preview:-1\" \/>\n<link rel=\"canonical\" href=\"https:\/\/eg-reeds.com\/es\/shop\/maquinas-hacer-canas\/reeds-n-stuff\/cuchilla-360-maquina-de-raspar-canas-de-oboe-reeds-n-stuff\/\" \/>\n<meta property=\"og:locale\" content=\"es_ES\" \/>\n<meta property=\"og:type\" content=\"article\" \/>\n<meta property=\"og:title\" content=\"Cuchilla 360\u00b0 m\u00e1quina de raspar ca\u00f1as de oboe Reeds &#039;n Stuff\" \/>\n<meta property=\"og:description\" content=\"Compra aqu\u00ed la cuchilla 360\u00b0 m\u00e1quina de raspar ca\u00f1as de oboe Reeds &#039;n Stuff. Cuando la cuchilla se desafila, simplemente g\u00edrala y contin\u00faa raspando.\" \/>\n<meta property=\"og:url\" content=\"https:\/\/eg-reeds.com\/es\/shop\/maquinas-hacer-canas\/reeds-n-stuff\/cuchilla-360-maquina-de-raspar-canas-de-oboe-reeds-n-stuff\/\" \/>\n<meta property=\"og:site_name\" content=\"www.eg-reeds.com\" \/>\n<meta property=\"article:publisher\" content=\"https:\/\/www.facebook.com\/EGREEDS\" \/>\n<meta property=\"article:modified_time\" content=\"2026-01-14T17:18:44+00:00\" \/>\n<meta property=\"og:image\" content=\"https:\/\/eg-reeds.com\/wp-content\/uploads\/2025\/01\/Captura-de-Pantalla-2025-01-30-a-las-17.16.40.png\" \/>\n\t<meta property=\"og:image:width\" content=\"1210\" \/>\n\t<meta property=\"og:image:height\" content=\"836\" \/>\n\t<meta property=\"og:image:type\" content=\"image\/png\" \/>\n<meta name=\"twitter:card\" content=\"summary_large_image\" \/>\n<meta name=\"twitter:site\" content=\"@egreeds\" \/>\n<meta name=\"twitter:label1\" content=\"Precio\" \/>\n\t<meta name=\"twitter:data1\" content=\"182,11&euro;\" \/>\n\t<meta name=\"twitter:label2\" content=\"Disponibilidad\" \/>\n\t<meta name=\"twitter:data2\" content=\"Disponible\" \/>\n<script type=\"application\/ld+json\" class=\"yoast-schema-graph\">{\"@context\":\"https:\\\/\\\/schema.org\",\"@graph\":[{\"@type\":[\"WebPage\",\"ItemPage\"],\"@id\":\"https:\\\/\\\/eg-reeds.com\\\/es\\\/shop\\\/maquinas-hacer-canas\\\/reeds-n-stuff\\\/cuchilla-360-maquina-de-raspar-canas-de-oboe-reeds-n-stuff\\\/\",\"url\":\"https:\\\/\\\/eg-reeds.com\\\/es\\\/shop\\\/maquinas-hacer-canas\\\/reeds-n-stuff\\\/cuchilla-360-maquina-de-raspar-canas-de-oboe-reeds-n-stuff\\\/\",\"name\":\"Cuchilla 360\u00b0 m\u00e1quina de raspar ca\u00f1as de oboe Reeds 'n Stuff - www.eg-reeds.com\",\"isPartOf\":{\"@id\":\"https:\\\/\\\/eg-reeds.com\\\/es\\\/#website\"},\"primaryImageOfPage\":{\"@id\":\"https:\\\/\\\/eg-reeds.com\\\/es\\\/shop\\\/maquinas-hacer-canas\\\/reeds-n-stuff\\\/cuchilla-360-maquina-de-raspar-canas-de-oboe-reeds-n-stuff\\\/#primaryimage\"},\"image\":{\"@id\":\"https:\\\/\\\/eg-reeds.com\\\/es\\\/shop\\\/maquinas-hacer-canas\\\/reeds-n-stuff\\\/cuchilla-360-maquina-de-raspar-canas-de-oboe-reeds-n-stuff\\\/#primaryimage\"},\"thumbnailUrl\":\"https:\\\/\\\/eg-reeds.com\\\/wp-content\\\/uploads\\\/2025\\\/01\\\/Captura-de-Pantalla-2025-01-30-a-las-17.16.40.png\",\"datePublished\":\"2025-01-30T16:22:40+00:00\",\"dateModified\":\"2026-01-14T17:18:44+00:00\",\"description\":\"Compra aqu\u00ed la cuchilla 360\u00b0 m\u00e1quina de raspar ca\u00f1as de oboe Reeds 'n Stuff. Cuando la cuchilla se desafila, simplemente g\u00edrala y contin\u00faa raspando.\",\"breadcrumb\":{\"@id\":\"https:\\\/\\\/eg-reeds.com\\\/es\\\/shop\\\/maquinas-hacer-canas\\\/reeds-n-stuff\\\/cuchilla-360-maquina-de-raspar-canas-de-oboe-reeds-n-stuff\\\/#breadcrumb\"},\"inLanguage\":\"es\",\"potentialAction\":[{\"@type\":\"ReadAction\",\"target\":[\"https:\\\/\\\/eg-reeds.com\\\/es\\\/shop\\\/maquinas-hacer-canas\\\/reeds-n-stuff\\\/cuchilla-360-maquina-de-raspar-canas-de-oboe-reeds-n-stuff\\\/\"]}]},{\"@type\":\"ImageObject\",\"inLanguage\":\"es\",\"@id\":\"https:\\\/\\\/eg-reeds.com\\\/es\\\/shop\\\/maquinas-hacer-canas\\\/reeds-n-stuff\\\/cuchilla-360-maquina-de-raspar-canas-de-oboe-reeds-n-stuff\\\/#primaryimage\",\"url\":\"https:\\\/\\\/eg-reeds.com\\\/wp-content\\\/uploads\\\/2025\\\/01\\\/Captura-de-Pantalla-2025-01-30-a-las-17.16.40.png\",\"contentUrl\":\"https:\\\/\\\/eg-reeds.com\\\/wp-content\\\/uploads\\\/2025\\\/01\\\/Captura-de-Pantalla-2025-01-30-a-las-17.16.40.png\",\"width\":1210,\"height\":836,\"caption\":\"Cuchilla 360\u00b0 m\u00e1quina de raspar\"},{\"@type\":\"BreadcrumbList\",\"@id\":\"https:\\\/\\\/eg-reeds.com\\\/es\\\/shop\\\/maquinas-hacer-canas\\\/reeds-n-stuff\\\/cuchilla-360-maquina-de-raspar-canas-de-oboe-reeds-n-stuff\\\/#breadcrumb\",\"itemListElement\":[{\"@type\":\"ListItem\",\"position\":1,\"name\":\"Inicio\",\"item\":\"https:\\\/\\\/eg-reeds.com\\\/es\\\/\"},{\"@type\":\"ListItem\",\"position\":2,\"name\":\"Tienda\",\"item\":\"https:\\\/\\\/eg-reeds.com\\\/es\\\/\"},{\"@type\":\"ListItem\",\"position\":3,\"name\":\"Cuchilla 360\u00b0 m\u00e1quina de raspar ca\u00f1as de oboe Reeds &#8216;n Stuff\"}]},{\"@type\":\"WebSite\",\"@id\":\"https:\\\/\\\/eg-reeds.com\\\/es\\\/#website\",\"url\":\"https:\\\/\\\/eg-reeds.com\\\/es\\\/\",\"name\":\"www.eg-reeds.com\",\"description\":\"Ca\u00f1as oboe\",\"publisher\":{\"@id\":\"https:\\\/\\\/eg-reeds.com\\\/es\\\/#organization\"},\"alternateName\":\"eg-reeds.com\",\"potentialAction\":[{\"@type\":\"SearchAction\",\"target\":{\"@type\":\"EntryPoint\",\"urlTemplate\":\"https:\\\/\\\/eg-reeds.com\\\/es\\\/?s={search_term_string}\"},\"query-input\":{\"@type\":\"PropertyValueSpecification\",\"valueRequired\":true,\"valueName\":\"search_term_string\"}}],\"inLanguage\":\"es\"},{\"@type\":\"Organization\",\"@id\":\"https:\\\/\\\/eg-reeds.com\\\/es\\\/#organization\",\"name\":\"www.eg-reeds.com\",\"url\":\"https:\\\/\\\/eg-reeds.com\\\/es\\\/\",\"logo\":{\"@type\":\"ImageObject\",\"inLanguage\":\"es\",\"@id\":\"https:\\\/\\\/eg-reeds.com\\\/es\\\/#\\\/schema\\\/logo\\\/image\\\/\",\"url\":\"https:\\\/\\\/eg-reeds.com\\\/wp-content\\\/uploads\\\/2024\\\/06\\\/Logo-scaled-e1718793906611.jpg\",\"contentUrl\":\"https:\\\/\\\/eg-reeds.com\\\/wp-content\\\/uploads\\\/2024\\\/06\\\/Logo-scaled-e1718793906611.jpg\",\"width\":1200,\"height\":493,\"caption\":\"www.eg-reeds.com\"},\"image\":{\"@id\":\"https:\\\/\\\/eg-reeds.com\\\/es\\\/#\\\/schema\\\/logo\\\/image\\\/\"},\"sameAs\":[\"https:\\\/\\\/www.facebook.com\\\/EGREEDS\",\"https:\\\/\\\/x.com\\\/egreeds\",\"https:\\\/\\\/www.instagram.com\\\/egreeds\\\/\",\"https:\\\/\\\/www.youtube.com\\\/c\\\/EGREEDS\",\"https:\\\/\\\/www.threads.net\\\/@egreeds\",\"https:\\\/\\\/www.tiktok.com\\\/@egreeds\"]}]}<\/script>\n<meta property=\"product:price:amount\" content=\"182.11\" \/>\n<meta property=\"product:price:currency\" content=\"EUR\" \/>\n<meta property=\"og:availability\" content=\"instock\" \/>\n<meta property=\"product:availability\" content=\"instock\" \/>\n<meta property=\"product:retailer_item_id\" content=\"ARSC360\" \/>\n<meta property=\"product:condition\" content=\"new\" \/>\n<!-- \/ Yoast SEO Premium plugin. -->","yoast_head_json":{"title":"Cuchilla 360\u00b0 m\u00e1quina de raspar ca\u00f1as de oboe Reeds 'n Stuff - www.eg-reeds.com","description":"Compra aqu\u00ed la cuchilla 360\u00b0 m\u00e1quina de raspar ca\u00f1as de oboe Reeds 'n Stuff. Cuando la cuchilla se desafila, simplemente g\u00edrala y contin\u00faa raspando.","robots":{"index":"index","follow":"follow","max-snippet":"max-snippet:-1","max-image-preview":"max-image-preview:large","max-video-preview":"max-video-preview:-1"},"canonical":"https:\/\/eg-reeds.com\/es\/shop\/maquinas-hacer-canas\/reeds-n-stuff\/cuchilla-360-maquina-de-raspar-canas-de-oboe-reeds-n-stuff\/","og_locale":"es_ES","og_type":"article","og_title":"Cuchilla 360\u00b0 m\u00e1quina de raspar ca\u00f1as de oboe Reeds 'n Stuff","og_description":"Compra aqu\u00ed la cuchilla 360\u00b0 m\u00e1quina de raspar ca\u00f1as de oboe Reeds 'n Stuff. Cuando la cuchilla se desafila, simplemente g\u00edrala y contin\u00faa raspando.","og_url":"https:\/\/eg-reeds.com\/es\/shop\/maquinas-hacer-canas\/reeds-n-stuff\/cuchilla-360-maquina-de-raspar-canas-de-oboe-reeds-n-stuff\/","og_site_name":"www.eg-reeds.com","article_publisher":"https:\/\/www.facebook.com\/EGREEDS","article_modified_time":"2026-01-14T17:18:44+00:00","og_image":[{"width":1210,"height":836,"url":"https:\/\/eg-reeds.com\/wp-content\/uploads\/2025\/01\/Captura-de-Pantalla-2025-01-30-a-las-17.16.40.png","type":"image\/png"}],"twitter_card":"summary_large_image","twitter_site":"@egreeds","twitter_misc":{"Precio":"182,11&euro;","Disponibilidad":"Disponible"},"schema":{"@context":"https:\/\/schema.org","@graph":[{"@type":["WebPage","ItemPage"],"@id":"https:\/\/eg-reeds.com\/es\/shop\/maquinas-hacer-canas\/reeds-n-stuff\/cuchilla-360-maquina-de-raspar-canas-de-oboe-reeds-n-stuff\/","url":"https:\/\/eg-reeds.com\/es\/shop\/maquinas-hacer-canas\/reeds-n-stuff\/cuchilla-360-maquina-de-raspar-canas-de-oboe-reeds-n-stuff\/","name":"Cuchilla 360\u00b0 m\u00e1quina de raspar ca\u00f1as de oboe Reeds 'n Stuff - www.eg-reeds.com","isPartOf":{"@id":"https:\/\/eg-reeds.com\/es\/#website"},"primaryImageOfPage":{"@id":"https:\/\/eg-reeds.com\/es\/shop\/maquinas-hacer-canas\/reeds-n-stuff\/cuchilla-360-maquina-de-raspar-canas-de-oboe-reeds-n-stuff\/#primaryimage"},"image":{"@id":"https:\/\/eg-reeds.com\/es\/shop\/maquinas-hacer-canas\/reeds-n-stuff\/cuchilla-360-maquina-de-raspar-canas-de-oboe-reeds-n-stuff\/#primaryimage"},"thumbnailUrl":"https:\/\/eg-reeds.com\/wp-content\/uploads\/2025\/01\/Captura-de-Pantalla-2025-01-30-a-las-17.16.40.png","datePublished":"2025-01-30T16:22:40+00:00","dateModified":"2026-01-14T17:18:44+00:00","description":"Compra aqu\u00ed la cuchilla 360\u00b0 m\u00e1quina de raspar ca\u00f1as de oboe Reeds 'n Stuff. Cuando la cuchilla se desafila, simplemente g\u00edrala y contin\u00faa raspando.","breadcrumb":{"@id":"https:\/\/eg-reeds.com\/es\/shop\/maquinas-hacer-canas\/reeds-n-stuff\/cuchilla-360-maquina-de-raspar-canas-de-oboe-reeds-n-stuff\/#breadcrumb"},"inLanguage":"es","potentialAction":[{"@type":"ReadAction","target":["https:\/\/eg-reeds.com\/es\/shop\/maquinas-hacer-canas\/reeds-n-stuff\/cuchilla-360-maquina-de-raspar-canas-de-oboe-reeds-n-stuff\/"]}]},{"@type":"ImageObject","inLanguage":"es","@id":"https:\/\/eg-reeds.com\/es\/shop\/maquinas-hacer-canas\/reeds-n-stuff\/cuchilla-360-maquina-de-raspar-canas-de-oboe-reeds-n-stuff\/#primaryimage","url":"https:\/\/eg-reeds.com\/wp-content\/uploads\/2025\/01\/Captura-de-Pantalla-2025-01-30-a-las-17.16.40.png","contentUrl":"https:\/\/eg-reeds.com\/wp-content\/uploads\/2025\/01\/Captura-de-Pantalla-2025-01-30-a-las-17.16.40.png","width":1210,"height":836,"caption":"Cuchilla 360\u00b0 m\u00e1quina de raspar"},{"@type":"BreadcrumbList","@id":"https:\/\/eg-reeds.com\/es\/shop\/maquinas-hacer-canas\/reeds-n-stuff\/cuchilla-360-maquina-de-raspar-canas-de-oboe-reeds-n-stuff\/#breadcrumb","itemListElement":[{"@type":"ListItem","position":1,"name":"Inicio","item":"https:\/\/eg-reeds.com\/es\/"},{"@type":"ListItem","position":2,"name":"Tienda","item":"https:\/\/eg-reeds.com\/es\/"},{"@type":"ListItem","position":3,"name":"Cuchilla 360\u00b0 m\u00e1quina de raspar ca\u00f1as de oboe Reeds &#8216;n Stuff"}]},{"@type":"WebSite","@id":"https:\/\/eg-reeds.com\/es\/#website","url":"https:\/\/eg-reeds.com\/es\/","name":"www.eg-reeds.com","description":"Ca\u00f1as oboe","publisher":{"@id":"https:\/\/eg-reeds.com\/es\/#organization"},"alternateName":"eg-reeds.com","potentialAction":[{"@type":"SearchAction","target":{"@type":"EntryPoint","urlTemplate":"https:\/\/eg-reeds.com\/es\/?s={search_term_string}"},"query-input":{"@type":"PropertyValueSpecification","valueRequired":true,"valueName":"search_term_string"}}],"inLanguage":"es"},{"@type":"Organization","@id":"https:\/\/eg-reeds.com\/es\/#organization","name":"www.eg-reeds.com","url":"https:\/\/eg-reeds.com\/es\/","logo":{"@type":"ImageObject","inLanguage":"es","@id":"https:\/\/eg-reeds.com\/es\/#\/schema\/logo\/image\/","url":"https:\/\/eg-reeds.com\/wp-content\/uploads\/2024\/06\/Logo-scaled-e1718793906611.jpg","contentUrl":"https:\/\/eg-reeds.com\/wp-content\/uploads\/2024\/06\/Logo-scaled-e1718793906611.jpg","width":1200,"height":493,"caption":"www.eg-reeds.com"},"image":{"@id":"https:\/\/eg-reeds.com\/es\/#\/schema\/logo\/image\/"},"sameAs":["https:\/\/www.facebook.com\/EGREEDS","https:\/\/x.com\/egreeds","https:\/\/www.instagram.com\/egreeds\/","https:\/\/www.youtube.com\/c\/EGREEDS","https:\/\/www.threads.net\/@egreeds","https:\/\/www.tiktok.com\/@egreeds"]}]},"product_price_amount":"182.11","product_price_currency":"EUR","og_availability":"instock","product_availability":"instock","product_retailer_item_id":"ARSC360","product_condition":"new"},"_links":{"self":[{"href":"https:\/\/eg-reeds.com\/es\/wp-json\/wp\/v2\/product\/55135","targetHints":{"allow":["GET"]}}],"collection":[{"href":"https:\/\/eg-reeds.com\/es\/wp-json\/wp\/v2\/product"}],"about":[{"href":"https:\/\/eg-reeds.com\/es\/wp-json\/wp\/v2\/types\/product"}],"replies":[{"embeddable":true,"href":"https:\/\/eg-reeds.com\/es\/wp-json\/wp\/v2\/comments?post=55135"}],"wp:featuredmedia":[{"embeddable":true,"href":"https:\/\/eg-reeds.com\/es\/wp-json\/wp\/v2\/media\/55124"}],"wp:attachment":[{"href":"https:\/\/eg-reeds.com\/es\/wp-json\/wp\/v2\/media?parent=55135"}],"wp:term":[{"taxonomy":"product_brand","embeddable":true,"href":"https:\/\/eg-reeds.com\/es\/wp-json\/wp\/v2\/product_brand?post=55135"},{"taxonomy":"product_cat","embeddable":true,"href":"https:\/\/eg-reeds.com\/es\/wp-json\/wp\/v2\/product_cat?post=55135"},{"taxonomy":"product_tag","embeddable":true,"href":"https:\/\/eg-reeds.com\/es\/wp-json\/wp\/v2\/product_tag?post=55135"},{"taxonomy":"giftcard-category","embeddable":true,"href":"https:\/\/eg-reeds.com\/es\/wp-json\/wp\/v2\/giftcard-category?post=55135"}],"curies":[{"name":"wp","href":"https:\/\/api.w.org\/{rel}","templated":true}]}}