{"id":58402,"date":"2025-09-02T09:46:45","date_gmt":"2025-09-02T07:46:45","guid":{"rendered":"https:\/\/eg-reeds.com\/?post_type=product&#038;p=58402"},"modified":"2026-02-13T22:33:03","modified_gmt":"2026-02-13T21:33:03","slug":"apoya-pulgar-para-oboe","status":"publish","type":"product","link":"https:\/\/eg-reeds.com\/es\/shop\/accesorios\/accesorios-instrumento\/apoya-pulgar-para-oboe\/","title":{"rendered":"Apoya pulgar para oboe"},"content":{"rendered":"<h1><strong>Apoya pulgar para oboe.<\/strong><\/h1>\n<p>Apoyapulgar para oboe fabricado en goma: se ajusta perfectamente al apoyapulgar del oboe, proporcionando mayor comodidad y reduciendo la presi\u00f3n sobre el pulgar durante la pr\u00e1ctica y las actuaciones. Un coj\u00edn ideal para obo\u00edstas que buscan tocar con m\u00e1s ergonom\u00eda y menos fatiga.<\/p>\n","protected":false},"excerpt":{"rendered":"<p>Apoya pulgar para oboe. Apoyapulgar para oboe fabricado en goma: se ajusta perfectamente al apoyapulgar del oboe, proporcionando mayor comodidad y reduciendo la presi\u00f3n sobre el pulgar durante la pr\u00e1ctica y las actuaciones. Un coj\u00edn ideal para obo\u00edstas que buscan tocar con m\u00e1s ergonom\u00eda y menos fatiga.<\/p>\n","protected":false},"featured_media":58477,"comment_status":"open","ping_status":"closed","template":"","meta":[],"product_brand":[],"product_cat":[3578],"product_tag":[],"giftcard-category":[],"class_list":{"0":"post-58402","1":"product","2":"type-product","3":"status-publish","4":"has-post-thumbnail","6":"product_cat-accesorios-instrumento","8":"first","9":"instock","10":"taxable","11":"shipping-taxable","12":"purchasable","13":"product-type-variable"},"yoast_head":"<!-- This site is optimized with the Yoast SEO Premium plugin v27.0 (Yoast SEO v27.4) - https:\/\/yoast.com\/product\/yoast-seo-premium-wordpress\/ -->\n<title>Apoya pulgar para oboe - www.eg-reeds.com<\/title>\n<meta name=\"description\" content=\"Apoyapulgar para oboe fabricado en goma: se ajusta perfectamente al apoyapulgar del oboe, proporcionando mayor comodidad sobre el pulgar.\" \/>\n<meta name=\"robots\" content=\"index, follow, max-snippet:-1, max-image-preview:large, max-video-preview:-1\" \/>\n<link rel=\"canonical\" href=\"https:\/\/eg-reeds.com\/es\/shop\/accesorios\/accesorios-instrumento\/apoya-pulgar-para-oboe\/\" \/>\n<meta property=\"og:locale\" content=\"es_ES\" \/>\n<meta property=\"og:type\" content=\"article\" \/>\n<meta property=\"og:title\" content=\"Apoya pulgar para oboe\" \/>\n<meta property=\"og:description\" content=\"Apoyapulgar para oboe fabricado en goma: se ajusta perfectamente al apoyapulgar del oboe, proporcionando mayor comodidad sobre el pulgar.\" \/>\n<meta property=\"og:url\" content=\"https:\/\/eg-reeds.com\/es\/shop\/accesorios\/accesorios-instrumento\/apoya-pulgar-para-oboe\/\" \/>\n<meta property=\"og:site_name\" content=\"www.eg-reeds.com\" \/>\n<meta property=\"article:publisher\" content=\"https:\/\/www.facebook.com\/EGREEDS\" \/>\n<meta property=\"article:modified_time\" content=\"2026-02-13T21:33:03+00:00\" \/>\n<meta property=\"og:image\" content=\"https:\/\/eg-reeds.com\/wp-content\/uploads\/2025\/09\/Thumb-rest-for-oboe.webp\" \/>\n\t<meta property=\"og:image:width\" content=\"1080\" \/>\n\t<meta property=\"og:image:height\" content=\"1080\" \/>\n\t<meta property=\"og:image:type\" content=\"image\/webp\" \/>\n<meta name=\"twitter:card\" content=\"summary_large_image\" \/>\n<meta name=\"twitter:site\" content=\"@egreeds\" \/>\n<meta name=\"twitter:label1\" content=\"Disponibilidad\" \/>\n\t<meta name=\"twitter:data1\" content=\"Disponible\" \/>\n<script type=\"application\/ld+json\" class=\"yoast-schema-graph\">{\"@context\":\"https:\\\/\\\/schema.org\",\"@graph\":[{\"@type\":[\"WebPage\",\"ItemPage\"],\"@id\":\"https:\\\/\\\/eg-reeds.com\\\/es\\\/shop\\\/accesorios\\\/accesorios-instrumento\\\/apoya-pulgar-para-oboe\\\/\",\"url\":\"https:\\\/\\\/eg-reeds.com\\\/es\\\/shop\\\/accesorios\\\/accesorios-instrumento\\\/apoya-pulgar-para-oboe\\\/\",\"name\":\"Apoya pulgar para oboe - www.eg-reeds.com\",\"isPartOf\":{\"@id\":\"https:\\\/\\\/eg-reeds.com\\\/es\\\/#website\"},\"primaryImageOfPage\":{\"@id\":\"https:\\\/\\\/eg-reeds.com\\\/es\\\/shop\\\/accesorios\\\/accesorios-instrumento\\\/apoya-pulgar-para-oboe\\\/#primaryimage\"},\"image\":{\"@id\":\"https:\\\/\\\/eg-reeds.com\\\/es\\\/shop\\\/accesorios\\\/accesorios-instrumento\\\/apoya-pulgar-para-oboe\\\/#primaryimage\"},\"thumbnailUrl\":\"https:\\\/\\\/eg-reeds.com\\\/wp-content\\\/uploads\\\/2025\\\/09\\\/Thumb-rest-for-oboe.webp\",\"datePublished\":\"2025-09-02T07:46:45+00:00\",\"dateModified\":\"2026-02-13T21:33:03+00:00\",\"description\":\"Apoyapulgar para oboe fabricado en goma: se ajusta perfectamente al apoyapulgar del oboe, proporcionando mayor comodidad sobre el pulgar.\",\"breadcrumb\":{\"@id\":\"https:\\\/\\\/eg-reeds.com\\\/es\\\/shop\\\/accesorios\\\/accesorios-instrumento\\\/apoya-pulgar-para-oboe\\\/#breadcrumb\"},\"inLanguage\":\"es\",\"potentialAction\":[{\"@type\":\"ReadAction\",\"target\":[\"https:\\\/\\\/eg-reeds.com\\\/es\\\/shop\\\/accesorios\\\/accesorios-instrumento\\\/apoya-pulgar-para-oboe\\\/\"]}]},{\"@type\":\"ImageObject\",\"inLanguage\":\"es\",\"@id\":\"https:\\\/\\\/eg-reeds.com\\\/es\\\/shop\\\/accesorios\\\/accesorios-instrumento\\\/apoya-pulgar-para-oboe\\\/#primaryimage\",\"url\":\"https:\\\/\\\/eg-reeds.com\\\/wp-content\\\/uploads\\\/2025\\\/09\\\/Thumb-rest-for-oboe.webp\",\"contentUrl\":\"https:\\\/\\\/eg-reeds.com\\\/wp-content\\\/uploads\\\/2025\\\/09\\\/Thumb-rest-for-oboe.webp\",\"width\":1080,\"height\":1080,\"caption\":\"Apoyapulgar oboe\"},{\"@type\":\"BreadcrumbList\",\"@id\":\"https:\\\/\\\/eg-reeds.com\\\/es\\\/shop\\\/accesorios\\\/accesorios-instrumento\\\/apoya-pulgar-para-oboe\\\/#breadcrumb\",\"itemListElement\":[{\"@type\":\"ListItem\",\"position\":1,\"name\":\"Inicio\",\"item\":\"https:\\\/\\\/eg-reeds.com\\\/es\\\/\"},{\"@type\":\"ListItem\",\"position\":2,\"name\":\"Tienda\",\"item\":\"https:\\\/\\\/eg-reeds.com\\\/es\\\/\"},{\"@type\":\"ListItem\",\"position\":3,\"name\":\"Apoya pulgar para oboe\"}]},{\"@type\":\"WebSite\",\"@id\":\"https:\\\/\\\/eg-reeds.com\\\/es\\\/#website\",\"url\":\"https:\\\/\\\/eg-reeds.com\\\/es\\\/\",\"name\":\"www.eg-reeds.com\",\"description\":\"Ca\u00f1as oboe\",\"publisher\":{\"@id\":\"https:\\\/\\\/eg-reeds.com\\\/es\\\/#organization\"},\"alternateName\":\"eg-reeds.com\",\"potentialAction\":[{\"@type\":\"SearchAction\",\"target\":{\"@type\":\"EntryPoint\",\"urlTemplate\":\"https:\\\/\\\/eg-reeds.com\\\/es\\\/?s={search_term_string}\"},\"query-input\":{\"@type\":\"PropertyValueSpecification\",\"valueRequired\":true,\"valueName\":\"search_term_string\"}}],\"inLanguage\":\"es\"},{\"@type\":\"Organization\",\"@id\":\"https:\\\/\\\/eg-reeds.com\\\/es\\\/#organization\",\"name\":\"www.eg-reeds.com\",\"url\":\"https:\\\/\\\/eg-reeds.com\\\/es\\\/\",\"logo\":{\"@type\":\"ImageObject\",\"inLanguage\":\"es\",\"@id\":\"https:\\\/\\\/eg-reeds.com\\\/es\\\/#\\\/schema\\\/logo\\\/image\\\/\",\"url\":\"https:\\\/\\\/eg-reeds.com\\\/wp-content\\\/uploads\\\/2024\\\/06\\\/Logo-scaled-e1718793906611.jpg\",\"contentUrl\":\"https:\\\/\\\/eg-reeds.com\\\/wp-content\\\/uploads\\\/2024\\\/06\\\/Logo-scaled-e1718793906611.jpg\",\"width\":1200,\"height\":493,\"caption\":\"www.eg-reeds.com\"},\"image\":{\"@id\":\"https:\\\/\\\/eg-reeds.com\\\/es\\\/#\\\/schema\\\/logo\\\/image\\\/\"},\"sameAs\":[\"https:\\\/\\\/www.facebook.com\\\/EGREEDS\",\"https:\\\/\\\/x.com\\\/egreeds\",\"https:\\\/\\\/www.instagram.com\\\/egreeds\\\/\",\"https:\\\/\\\/www.youtube.com\\\/c\\\/EGREEDS\",\"https:\\\/\\\/www.threads.net\\\/@egreeds\",\"https:\\\/\\\/www.tiktok.com\\\/@egreeds\"]}]}<\/script>\n<meta property=\"og:availability\" content=\"instock\" \/>\n<meta property=\"product:availability\" content=\"instock\" \/>\n<meta property=\"product:retailer_item_id\" content=\"AOAP\" \/>\n<meta property=\"product:condition\" content=\"new\" \/>\n<!-- \/ Yoast SEO Premium plugin. -->","yoast_head_json":{"title":"Apoya pulgar para oboe - www.eg-reeds.com","description":"Apoyapulgar para oboe fabricado en goma: se ajusta perfectamente al apoyapulgar del oboe, proporcionando mayor comodidad sobre el pulgar.","robots":{"index":"index","follow":"follow","max-snippet":"max-snippet:-1","max-image-preview":"max-image-preview:large","max-video-preview":"max-video-preview:-1"},"canonical":"https:\/\/eg-reeds.com\/es\/shop\/accesorios\/accesorios-instrumento\/apoya-pulgar-para-oboe\/","og_locale":"es_ES","og_type":"article","og_title":"Apoya pulgar para oboe","og_description":"Apoyapulgar para oboe fabricado en goma: se ajusta perfectamente al apoyapulgar del oboe, proporcionando mayor comodidad sobre el pulgar.","og_url":"https:\/\/eg-reeds.com\/es\/shop\/accesorios\/accesorios-instrumento\/apoya-pulgar-para-oboe\/","og_site_name":"www.eg-reeds.com","article_publisher":"https:\/\/www.facebook.com\/EGREEDS","article_modified_time":"2026-02-13T21:33:03+00:00","og_image":[{"width":1080,"height":1080,"url":"https:\/\/eg-reeds.com\/wp-content\/uploads\/2025\/09\/Thumb-rest-for-oboe.webp","type":"image\/webp"}],"twitter_card":"summary_large_image","twitter_site":"@egreeds","twitter_misc":{"Disponibilidad":"Disponible"},"schema":{"@context":"https:\/\/schema.org","@graph":[{"@type":["WebPage","ItemPage"],"@id":"https:\/\/eg-reeds.com\/es\/shop\/accesorios\/accesorios-instrumento\/apoya-pulgar-para-oboe\/","url":"https:\/\/eg-reeds.com\/es\/shop\/accesorios\/accesorios-instrumento\/apoya-pulgar-para-oboe\/","name":"Apoya pulgar para oboe - www.eg-reeds.com","isPartOf":{"@id":"https:\/\/eg-reeds.com\/es\/#website"},"primaryImageOfPage":{"@id":"https:\/\/eg-reeds.com\/es\/shop\/accesorios\/accesorios-instrumento\/apoya-pulgar-para-oboe\/#primaryimage"},"image":{"@id":"https:\/\/eg-reeds.com\/es\/shop\/accesorios\/accesorios-instrumento\/apoya-pulgar-para-oboe\/#primaryimage"},"thumbnailUrl":"https:\/\/eg-reeds.com\/wp-content\/uploads\/2025\/09\/Thumb-rest-for-oboe.webp","datePublished":"2025-09-02T07:46:45+00:00","dateModified":"2026-02-13T21:33:03+00:00","description":"Apoyapulgar para oboe fabricado en goma: se ajusta perfectamente al apoyapulgar del oboe, proporcionando mayor comodidad sobre el pulgar.","breadcrumb":{"@id":"https:\/\/eg-reeds.com\/es\/shop\/accesorios\/accesorios-instrumento\/apoya-pulgar-para-oboe\/#breadcrumb"},"inLanguage":"es","potentialAction":[{"@type":"ReadAction","target":["https:\/\/eg-reeds.com\/es\/shop\/accesorios\/accesorios-instrumento\/apoya-pulgar-para-oboe\/"]}]},{"@type":"ImageObject","inLanguage":"es","@id":"https:\/\/eg-reeds.com\/es\/shop\/accesorios\/accesorios-instrumento\/apoya-pulgar-para-oboe\/#primaryimage","url":"https:\/\/eg-reeds.com\/wp-content\/uploads\/2025\/09\/Thumb-rest-for-oboe.webp","contentUrl":"https:\/\/eg-reeds.com\/wp-content\/uploads\/2025\/09\/Thumb-rest-for-oboe.webp","width":1080,"height":1080,"caption":"Apoyapulgar oboe"},{"@type":"BreadcrumbList","@id":"https:\/\/eg-reeds.com\/es\/shop\/accesorios\/accesorios-instrumento\/apoya-pulgar-para-oboe\/#breadcrumb","itemListElement":[{"@type":"ListItem","position":1,"name":"Inicio","item":"https:\/\/eg-reeds.com\/es\/"},{"@type":"ListItem","position":2,"name":"Tienda","item":"https:\/\/eg-reeds.com\/es\/"},{"@type":"ListItem","position":3,"name":"Apoya pulgar para oboe"}]},{"@type":"WebSite","@id":"https:\/\/eg-reeds.com\/es\/#website","url":"https:\/\/eg-reeds.com\/es\/","name":"www.eg-reeds.com","description":"Ca\u00f1as oboe","publisher":{"@id":"https:\/\/eg-reeds.com\/es\/#organization"},"alternateName":"eg-reeds.com","potentialAction":[{"@type":"SearchAction","target":{"@type":"EntryPoint","urlTemplate":"https:\/\/eg-reeds.com\/es\/?s={search_term_string}"},"query-input":{"@type":"PropertyValueSpecification","valueRequired":true,"valueName":"search_term_string"}}],"inLanguage":"es"},{"@type":"Organization","@id":"https:\/\/eg-reeds.com\/es\/#organization","name":"www.eg-reeds.com","url":"https:\/\/eg-reeds.com\/es\/","logo":{"@type":"ImageObject","inLanguage":"es","@id":"https:\/\/eg-reeds.com\/es\/#\/schema\/logo\/image\/","url":"https:\/\/eg-reeds.com\/wp-content\/uploads\/2024\/06\/Logo-scaled-e1718793906611.jpg","contentUrl":"https:\/\/eg-reeds.com\/wp-content\/uploads\/2024\/06\/Logo-scaled-e1718793906611.jpg","width":1200,"height":493,"caption":"www.eg-reeds.com"},"image":{"@id":"https:\/\/eg-reeds.com\/es\/#\/schema\/logo\/image\/"},"sameAs":["https:\/\/www.facebook.com\/EGREEDS","https:\/\/x.com\/egreeds","https:\/\/www.instagram.com\/egreeds\/","https:\/\/www.youtube.com\/c\/EGREEDS","https:\/\/www.threads.net\/@egreeds","https:\/\/www.tiktok.com\/@egreeds"]}]},"og_availability":"instock","product_availability":"instock","product_retailer_item_id":"AOAP","product_condition":"new"},"_links":{"self":[{"href":"https:\/\/eg-reeds.com\/es\/wp-json\/wp\/v2\/product\/58402","targetHints":{"allow":["GET"]}}],"collection":[{"href":"https:\/\/eg-reeds.com\/es\/wp-json\/wp\/v2\/product"}],"about":[{"href":"https:\/\/eg-reeds.com\/es\/wp-json\/wp\/v2\/types\/product"}],"replies":[{"embeddable":true,"href":"https:\/\/eg-reeds.com\/es\/wp-json\/wp\/v2\/comments?post=58402"}],"wp:featuredmedia":[{"embeddable":true,"href":"https:\/\/eg-reeds.com\/es\/wp-json\/wp\/v2\/media\/58477"}],"wp:attachment":[{"href":"https:\/\/eg-reeds.com\/es\/wp-json\/wp\/v2\/media?parent=58402"}],"wp:term":[{"taxonomy":"product_brand","embeddable":true,"href":"https:\/\/eg-reeds.com\/es\/wp-json\/wp\/v2\/product_brand?post=58402"},{"taxonomy":"product_cat","embeddable":true,"href":"https:\/\/eg-reeds.com\/es\/wp-json\/wp\/v2\/product_cat?post=58402"},{"taxonomy":"product_tag","embeddable":true,"href":"https:\/\/eg-reeds.com\/es\/wp-json\/wp\/v2\/product_tag?post=58402"},{"taxonomy":"giftcard-category","embeddable":true,"href":"https:\/\/eg-reeds.com\/es\/wp-json\/wp\/v2\/giftcard-category?post=58402"}],"curies":[{"name":"wp","href":"https:\/\/api.w.org\/{rel}","templated":true}]}}