{"id":58449,"date":"2025-09-02T10:28:34","date_gmt":"2025-09-02T08:28:34","guid":{"rendered":"https:\/\/eg-reeds.com\/?post_type=product&#038;p=58449"},"modified":"2025-09-02T10:29:51","modified_gmt":"2025-09-02T08:29:51","slug":"cuaderno-de-musica-pentagramas","status":"publish","type":"product","link":"https:\/\/eg-reeds.com\/es\/shop\/accesorios\/accesorios-instrumento\/cuaderno-de-musica-pentagramas\/","title":{"rendered":"Cuaderno de m\u00fasica pentagramas"},"content":{"rendered":"<h1 data-start=\"449\" data-end=\"595\"><strong>Cuaderno de m\u00fasica con pentagramas.<\/strong><\/h1>\n<p data-start=\"449\" data-end=\"595\">Este <strong data-start=\"454\" data-end=\"483\">cuaderno de m\u00fasica<\/strong> es la herramienta perfecta para estudiantes, profesores y compositores que quieren anotar sus ideas de forma clara y ordenada.<\/p>\n<p data-start=\"597\" data-end=\"1008\">\u2714\ufe0f <strong data-start=\"600\" data-end=\"618\">Tama\u00f1o pr\u00e1ctico<\/strong>: 24&#215;17 cm, f\u00e1cil de llevar en mochilas y estuches de instrumentos.<br data-start=\"678\" data-end=\"681\" \/>\u2714\ufe0f <strong data-start=\"684\" data-end=\"700\">Dise\u00f1o claro<\/strong>: 5 pentagramas bien distribuidos por p\u00e1gina para escribir notas con facilidad.<br data-start=\"754\" data-end=\"757\" \/>\u2714\ufe0f <strong data-start=\"760\" data-end=\"772\">20 p\u00e1ginas<\/strong>: espacio suficiente para ejercicios, composiciones y anotaciones r\u00e1pidas.<br data-start=\"832\" data-end=\"835\" \/>\u2714\ufe0f <strong data-start=\"838\" data-end=\"858\">Tapa blanda<\/strong>: ligera y resistente, ideal para el uso diario.<\/p>\n","protected":false},"excerpt":{"rendered":"<p>Cuaderno de m\u00fasica con pentagramas. Este cuaderno de m\u00fasica es la herramienta perfecta para estudiantes, profesores y compositores que quieren anotar sus ideas de forma clara y ordenada. \u2714\ufe0f Tama\u00f1o pr\u00e1ctico: 24&#215;17 cm, f\u00e1cil de llevar en mochilas y estuches de instrumentos.\u2714\ufe0f Dise\u00f1o claro: 5 pentagramas bien distribuidos por p\u00e1gina para escribir notas con facilidad.\u2714\ufe0f [&#8230;]\n","protected":false},"featured_media":58436,"comment_status":"open","ping_status":"closed","template":"","meta":[],"product_brand":[],"product_cat":[3578,1986],"product_tag":[],"giftcard-category":[],"class_list":{"0":"post-58449","1":"product","2":"type-product","3":"status-publish","4":"has-post-thumbnail","6":"product_cat-accesorios-instrumento","7":"product_cat-otros-accesorios","9":"first","10":"instock","11":"taxable","12":"shipping-taxable","13":"purchasable","14":"product-type-simple"},"yoast_head":"<!-- This site is optimized with the Yoast SEO Premium plugin v27.0 (Yoast SEO v27.2) - https:\/\/yoast.com\/product\/yoast-seo-premium-wordpress\/ -->\n<title>Cuaderno de m\u00fasica pentagramas - www.eg-reeds.com<\/title>\n<meta name=\"description\" content=\"Cuaderno de m\u00fasica con pentagramas. Tama\u00f1o pr\u00e1ctico: 24x17 cm, f\u00e1cil de llevar en mochilas y estuches de instrumentos. 5 pentagramas por p\u00e1gina.\" \/>\n<meta name=\"robots\" content=\"index, follow, max-snippet:-1, max-image-preview:large, max-video-preview:-1\" \/>\n<link rel=\"canonical\" href=\"https:\/\/eg-reeds.com\/es\/shop\/accesorios\/accesorios-instrumento\/cuaderno-de-musica-pentagramas\/\" \/>\n<meta property=\"og:locale\" content=\"es_ES\" \/>\n<meta property=\"og:type\" content=\"article\" \/>\n<meta property=\"og:title\" content=\"Cuaderno de m\u00fasica pentagramas\" \/>\n<meta property=\"og:description\" content=\"Cuaderno de m\u00fasica con pentagramas. Tama\u00f1o pr\u00e1ctico: 24x17 cm, f\u00e1cil de llevar en mochilas y estuches de instrumentos. 5 pentagramas por p\u00e1gina.\" \/>\n<meta property=\"og:url\" content=\"https:\/\/eg-reeds.com\/es\/shop\/accesorios\/accesorios-instrumento\/cuaderno-de-musica-pentagramas\/\" \/>\n<meta property=\"og:site_name\" content=\"www.eg-reeds.com\" \/>\n<meta property=\"article:publisher\" content=\"https:\/\/www.facebook.com\/EGREEDS\" \/>\n<meta property=\"article:modified_time\" content=\"2025-09-02T08:29:51+00:00\" \/>\n<meta property=\"og:image\" content=\"https:\/\/eg-reeds.com\/wp-content\/uploads\/2025\/09\/Music-notebook.jpg\" \/>\n\t<meta property=\"og:image:width\" content=\"1408\" \/>\n\t<meta property=\"og:image:height\" content=\"1007\" \/>\n\t<meta property=\"og:image:type\" content=\"image\/jpeg\" \/>\n<meta name=\"twitter:card\" content=\"summary_large_image\" \/>\n<meta name=\"twitter:site\" content=\"@egreeds\" \/>\n<meta name=\"twitter:label1\" content=\"Precio\" \/>\n\t<meta name=\"twitter:data1\" content=\"5,00&euro;\" \/>\n\t<meta name=\"twitter:label2\" content=\"Disponibilidad\" \/>\n\t<meta name=\"twitter:data2\" content=\"Disponible\" \/>\n<script type=\"application\/ld+json\" class=\"yoast-schema-graph\">{\"@context\":\"https:\/\/schema.org\",\"@graph\":[{\"@type\":[\"WebPage\",\"ItemPage\"],\"@id\":\"https:\/\/eg-reeds.com\/es\/shop\/accesorios\/accesorios-instrumento\/cuaderno-de-musica-pentagramas\/\",\"url\":\"https:\/\/eg-reeds.com\/es\/shop\/accesorios\/accesorios-instrumento\/cuaderno-de-musica-pentagramas\/\",\"name\":\"Cuaderno de m\u00fasica pentagramas - www.eg-reeds.com\",\"isPartOf\":{\"@id\":\"https:\/\/eg-reeds.com\/es\/#website\"},\"primaryImageOfPage\":{\"@id\":\"https:\/\/eg-reeds.com\/es\/shop\/accesorios\/accesorios-instrumento\/cuaderno-de-musica-pentagramas\/#primaryimage\"},\"image\":{\"@id\":\"https:\/\/eg-reeds.com\/es\/shop\/accesorios\/accesorios-instrumento\/cuaderno-de-musica-pentagramas\/#primaryimage\"},\"thumbnailUrl\":\"https:\/\/eg-reeds.com\/wp-content\/uploads\/2025\/09\/Music-notebook.jpg\",\"datePublished\":\"2025-09-02T08:28:34+00:00\",\"dateModified\":\"2025-09-02T08:29:51+00:00\",\"description\":\"Cuaderno de m\u00fasica con pentagramas. Tama\u00f1o pr\u00e1ctico: 24x17 cm, f\u00e1cil de llevar en mochilas y estuches de instrumentos. 5 pentagramas por p\u00e1gina.\",\"breadcrumb\":{\"@id\":\"https:\/\/eg-reeds.com\/es\/shop\/accesorios\/accesorios-instrumento\/cuaderno-de-musica-pentagramas\/#breadcrumb\"},\"inLanguage\":\"es\",\"potentialAction\":[{\"@type\":\"ReadAction\",\"target\":[\"https:\/\/eg-reeds.com\/es\/shop\/accesorios\/accesorios-instrumento\/cuaderno-de-musica-pentagramas\/\"]}]},{\"@type\":\"ImageObject\",\"inLanguage\":\"es\",\"@id\":\"https:\/\/eg-reeds.com\/es\/shop\/accesorios\/accesorios-instrumento\/cuaderno-de-musica-pentagramas\/#primaryimage\",\"url\":\"https:\/\/eg-reeds.com\/wp-content\/uploads\/2025\/09\/Music-notebook.jpg\",\"contentUrl\":\"https:\/\/eg-reeds.com\/wp-content\/uploads\/2025\/09\/Music-notebook.jpg\",\"width\":1408,\"height\":1007,\"caption\":\"Cuaderno de m\u00fasica\"},{\"@type\":\"BreadcrumbList\",\"@id\":\"https:\/\/eg-reeds.com\/es\/shop\/accesorios\/accesorios-instrumento\/cuaderno-de-musica-pentagramas\/#breadcrumb\",\"itemListElement\":[{\"@type\":\"ListItem\",\"position\":1,\"name\":\"Inicio\",\"item\":\"https:\/\/eg-reeds.com\/es\/\"},{\"@type\":\"ListItem\",\"position\":2,\"name\":\"Tienda\",\"item\":\"https:\/\/eg-reeds.com\/es\/\"},{\"@type\":\"ListItem\",\"position\":3,\"name\":\"Cuaderno de m\u00fasica pentagramas\"}]},{\"@type\":\"WebSite\",\"@id\":\"https:\/\/eg-reeds.com\/es\/#website\",\"url\":\"https:\/\/eg-reeds.com\/es\/\",\"name\":\"www.eg-reeds.com\",\"description\":\"Ca\u00f1as oboe\",\"publisher\":{\"@id\":\"https:\/\/eg-reeds.com\/es\/#organization\"},\"alternateName\":\"eg-reeds.com\",\"potentialAction\":[{\"@type\":\"SearchAction\",\"target\":{\"@type\":\"EntryPoint\",\"urlTemplate\":\"https:\/\/eg-reeds.com\/es\/?s={search_term_string}\"},\"query-input\":{\"@type\":\"PropertyValueSpecification\",\"valueRequired\":true,\"valueName\":\"search_term_string\"}}],\"inLanguage\":\"es\"},{\"@type\":\"Organization\",\"@id\":\"https:\/\/eg-reeds.com\/es\/#organization\",\"name\":\"www.eg-reeds.com\",\"url\":\"https:\/\/eg-reeds.com\/es\/\",\"logo\":{\"@type\":\"ImageObject\",\"inLanguage\":\"es\",\"@id\":\"https:\/\/eg-reeds.com\/es\/#\/schema\/logo\/image\/\",\"url\":\"https:\/\/eg-reeds.com\/wp-content\/uploads\/2024\/06\/Logo-scaled-e1718793906611.jpg\",\"contentUrl\":\"https:\/\/eg-reeds.com\/wp-content\/uploads\/2024\/06\/Logo-scaled-e1718793906611.jpg\",\"width\":1200,\"height\":493,\"caption\":\"www.eg-reeds.com\"},\"image\":{\"@id\":\"https:\/\/eg-reeds.com\/es\/#\/schema\/logo\/image\/\"},\"sameAs\":[\"https:\/\/www.facebook.com\/EGREEDS\",\"https:\/\/x.com\/egreeds\",\"https:\/\/www.instagram.com\/egreeds\/\",\"https:\/\/www.youtube.com\/c\/EGREEDS\",\"https:\/\/www.threads.net\/@egreeds\",\"https:\/\/www.tiktok.com\/@egreeds\"]}]}<\/script>\n<meta property=\"product:price:amount\" content=\"5.00\" \/>\n<meta property=\"product:price:currency\" content=\"EUR\" \/>\n<meta property=\"og:availability\" content=\"instock\" \/>\n<meta property=\"product:availability\" content=\"instock\" \/>\n<meta property=\"product:retailer_item_id\" content=\"AOCP\" \/>\n<meta property=\"product:condition\" content=\"new\" \/>\n<!-- \/ Yoast SEO Premium plugin. -->","yoast_head_json":{"title":"Cuaderno de m\u00fasica pentagramas - www.eg-reeds.com","description":"Cuaderno de m\u00fasica con pentagramas. Tama\u00f1o pr\u00e1ctico: 24x17 cm, f\u00e1cil de llevar en mochilas y estuches de instrumentos. 5 pentagramas por p\u00e1gina.","robots":{"index":"index","follow":"follow","max-snippet":"max-snippet:-1","max-image-preview":"max-image-preview:large","max-video-preview":"max-video-preview:-1"},"canonical":"https:\/\/eg-reeds.com\/es\/shop\/accesorios\/accesorios-instrumento\/cuaderno-de-musica-pentagramas\/","og_locale":"es_ES","og_type":"article","og_title":"Cuaderno de m\u00fasica pentagramas","og_description":"Cuaderno de m\u00fasica con pentagramas. Tama\u00f1o pr\u00e1ctico: 24x17 cm, f\u00e1cil de llevar en mochilas y estuches de instrumentos. 5 pentagramas por p\u00e1gina.","og_url":"https:\/\/eg-reeds.com\/es\/shop\/accesorios\/accesorios-instrumento\/cuaderno-de-musica-pentagramas\/","og_site_name":"www.eg-reeds.com","article_publisher":"https:\/\/www.facebook.com\/EGREEDS","article_modified_time":"2025-09-02T08:29:51+00:00","og_image":[{"width":1408,"height":1007,"url":"https:\/\/eg-reeds.com\/wp-content\/uploads\/2025\/09\/Music-notebook.jpg","type":"image\/jpeg"}],"twitter_card":"summary_large_image","twitter_site":"@egreeds","twitter_misc":{"Precio":"5,00&euro;","Disponibilidad":"Disponible"},"schema":{"@context":"https:\/\/schema.org","@graph":[{"@type":["WebPage","ItemPage"],"@id":"https:\/\/eg-reeds.com\/es\/shop\/accesorios\/accesorios-instrumento\/cuaderno-de-musica-pentagramas\/","url":"https:\/\/eg-reeds.com\/es\/shop\/accesorios\/accesorios-instrumento\/cuaderno-de-musica-pentagramas\/","name":"Cuaderno de m\u00fasica pentagramas - www.eg-reeds.com","isPartOf":{"@id":"https:\/\/eg-reeds.com\/es\/#website"},"primaryImageOfPage":{"@id":"https:\/\/eg-reeds.com\/es\/shop\/accesorios\/accesorios-instrumento\/cuaderno-de-musica-pentagramas\/#primaryimage"},"image":{"@id":"https:\/\/eg-reeds.com\/es\/shop\/accesorios\/accesorios-instrumento\/cuaderno-de-musica-pentagramas\/#primaryimage"},"thumbnailUrl":"https:\/\/eg-reeds.com\/wp-content\/uploads\/2025\/09\/Music-notebook.jpg","datePublished":"2025-09-02T08:28:34+00:00","dateModified":"2025-09-02T08:29:51+00:00","description":"Cuaderno de m\u00fasica con pentagramas. Tama\u00f1o pr\u00e1ctico: 24x17 cm, f\u00e1cil de llevar en mochilas y estuches de instrumentos. 5 pentagramas por p\u00e1gina.","breadcrumb":{"@id":"https:\/\/eg-reeds.com\/es\/shop\/accesorios\/accesorios-instrumento\/cuaderno-de-musica-pentagramas\/#breadcrumb"},"inLanguage":"es","potentialAction":[{"@type":"ReadAction","target":["https:\/\/eg-reeds.com\/es\/shop\/accesorios\/accesorios-instrumento\/cuaderno-de-musica-pentagramas\/"]}]},{"@type":"ImageObject","inLanguage":"es","@id":"https:\/\/eg-reeds.com\/es\/shop\/accesorios\/accesorios-instrumento\/cuaderno-de-musica-pentagramas\/#primaryimage","url":"https:\/\/eg-reeds.com\/wp-content\/uploads\/2025\/09\/Music-notebook.jpg","contentUrl":"https:\/\/eg-reeds.com\/wp-content\/uploads\/2025\/09\/Music-notebook.jpg","width":1408,"height":1007,"caption":"Cuaderno de m\u00fasica"},{"@type":"BreadcrumbList","@id":"https:\/\/eg-reeds.com\/es\/shop\/accesorios\/accesorios-instrumento\/cuaderno-de-musica-pentagramas\/#breadcrumb","itemListElement":[{"@type":"ListItem","position":1,"name":"Inicio","item":"https:\/\/eg-reeds.com\/es\/"},{"@type":"ListItem","position":2,"name":"Tienda","item":"https:\/\/eg-reeds.com\/es\/"},{"@type":"ListItem","position":3,"name":"Cuaderno de m\u00fasica pentagramas"}]},{"@type":"WebSite","@id":"https:\/\/eg-reeds.com\/es\/#website","url":"https:\/\/eg-reeds.com\/es\/","name":"www.eg-reeds.com","description":"Ca\u00f1as oboe","publisher":{"@id":"https:\/\/eg-reeds.com\/es\/#organization"},"alternateName":"eg-reeds.com","potentialAction":[{"@type":"SearchAction","target":{"@type":"EntryPoint","urlTemplate":"https:\/\/eg-reeds.com\/es\/?s={search_term_string}"},"query-input":{"@type":"PropertyValueSpecification","valueRequired":true,"valueName":"search_term_string"}}],"inLanguage":"es"},{"@type":"Organization","@id":"https:\/\/eg-reeds.com\/es\/#organization","name":"www.eg-reeds.com","url":"https:\/\/eg-reeds.com\/es\/","logo":{"@type":"ImageObject","inLanguage":"es","@id":"https:\/\/eg-reeds.com\/es\/#\/schema\/logo\/image\/","url":"https:\/\/eg-reeds.com\/wp-content\/uploads\/2024\/06\/Logo-scaled-e1718793906611.jpg","contentUrl":"https:\/\/eg-reeds.com\/wp-content\/uploads\/2024\/06\/Logo-scaled-e1718793906611.jpg","width":1200,"height":493,"caption":"www.eg-reeds.com"},"image":{"@id":"https:\/\/eg-reeds.com\/es\/#\/schema\/logo\/image\/"},"sameAs":["https:\/\/www.facebook.com\/EGREEDS","https:\/\/x.com\/egreeds","https:\/\/www.instagram.com\/egreeds\/","https:\/\/www.youtube.com\/c\/EGREEDS","https:\/\/www.threads.net\/@egreeds","https:\/\/www.tiktok.com\/@egreeds"]}]},"product_price_amount":"5.00","product_price_currency":"EUR","og_availability":"instock","product_availability":"instock","product_retailer_item_id":"AOCP","product_condition":"new"},"_links":{"self":[{"href":"https:\/\/eg-reeds.com\/es\/wp-json\/wp\/v2\/product\/58449","targetHints":{"allow":["GET"]}}],"collection":[{"href":"https:\/\/eg-reeds.com\/es\/wp-json\/wp\/v2\/product"}],"about":[{"href":"https:\/\/eg-reeds.com\/es\/wp-json\/wp\/v2\/types\/product"}],"replies":[{"embeddable":true,"href":"https:\/\/eg-reeds.com\/es\/wp-json\/wp\/v2\/comments?post=58449"}],"wp:featuredmedia":[{"embeddable":true,"href":"https:\/\/eg-reeds.com\/es\/wp-json\/wp\/v2\/media\/58436"}],"wp:attachment":[{"href":"https:\/\/eg-reeds.com\/es\/wp-json\/wp\/v2\/media?parent=58449"}],"wp:term":[{"taxonomy":"product_brand","embeddable":true,"href":"https:\/\/eg-reeds.com\/es\/wp-json\/wp\/v2\/product_brand?post=58449"},{"taxonomy":"product_cat","embeddable":true,"href":"https:\/\/eg-reeds.com\/es\/wp-json\/wp\/v2\/product_cat?post=58449"},{"taxonomy":"product_tag","embeddable":true,"href":"https:\/\/eg-reeds.com\/es\/wp-json\/wp\/v2\/product_tag?post=58449"},{"taxonomy":"giftcard-category","embeddable":true,"href":"https:\/\/eg-reeds.com\/es\/wp-json\/wp\/v2\/giftcard-category?post=58449"}],"curies":[{"name":"wp","href":"https:\/\/api.w.org\/{rel}","templated":true}]}}