{"id":3395,"date":"2015-05-07T09:29:16","date_gmt":"2015-05-07T09:29:16","guid":{"rendered":"http:\/\/eg-reeds.com\/?page_id=3395"},"modified":"2024-02-23T11:38:17","modified_gmt":"2024-02-23T10:38:17","slug":"politique-de-confidentialite-et-de-cookies","status":"publish","type":"page","link":"https:\/\/eg-reeds.com\/fr\/politique-de-confidentialite-et-de-cookies\/","title":{"rendered":"Politique de confidentialit\u00e9 et de cookies"},"content":{"rendered":"<header class=\"entry-header\"><\/header>\n<div class=\"entry-content\">\n<div class=\"flex-1 overflow-hidden\">\n<div class=\"react-scroll-to-bottom--css-mjmvf-79elbk h-full\">\n<div class=\"react-scroll-to-bottom--css-mjmvf-1n7m0yu\">\n<div class=\"flex flex-col pb-9 text-sm\">\n<div class=\"w-full text-token-text-primary\" data-testid=\"conversation-turn-21\">\n<div class=\"px-4 py-2 justify-center text-base md:gap-6 m-auto\">\n<div class=\"flex flex-1 text-base mx-auto gap-3 md:px-5 lg:px-1 xl:px-5 md:max-w-3xl lg:max-w-[40rem] xl:max-w-[48rem] group final-completion\">\n<div class=\"relative flex w-full flex-col agent-turn\">\n<div class=\"flex-col gap-1 md:gap-3\">\n<div class=\"flex flex-grow flex-col max-w-full\">\n<div class=\"min-h-[20px] text-message flex flex-col items-start gap-3 whitespace-pre-wrap break-words [.text-message+&amp;]:mt-5 overflow-x-auto\" data-message-author-role=\"assistant\" data-message-id=\"15ac2cc3-7ad1-42bb-99a0-6084a9b065af\">\n<div class=\"markdown prose w-full break-words dark:prose-invert light\">\n<h1>Politique de confidentialit\u00e9<\/h1>\n<p>Lorsque nous disons \u00ab\u00a0nous\u00a0\u00bb, \u00ab\u00a0notre\u00a0\u00bb et \u00ab\u00a0EG-REEDS\u00a0\u00bb, nous faisons r\u00e9f\u00e9rence \u00e0 EG-REEDS, C.B. avec le num\u00e9ro de TVA ESE24707143, adresse C\/ Salinas 12, Ponferrada, Le\u00f3n, Espagne. Et notre site web est <a href=\"http:\/\/eg-reeds.com\/\" target=\"_new\" rel=\"noopener\">www.eg-reeds.com<\/a>.<\/p>\n<p>Cette politique de confidentialit\u00e9 est effective concernant toutes les donn\u00e9es que nous avons collect\u00e9es, ou collecterons, \u00e0 votre sujet et\/ou de vous, conform\u00e9ment \u00e0 nos conditions g\u00e9n\u00e9rales.<\/p>\n<p>En g\u00e9n\u00e9ral, la fourniture de services web chez EG-REEDS ne n\u00e9cessite pas d&rsquo;abonnement ou d&rsquo;inscription des utilisateurs.<\/p>\n<p>Toutes les informations personnelles collect\u00e9es seront utilis\u00e9es pour rendre votre visite sur notre site web aussi productive et agr\u00e9able que possible et\/ou pour compl\u00e9ter le processus d&rsquo;achat ou de contact. Assurer la confidentialit\u00e9 des donn\u00e9es personnelles des utilisateurs de notre site web est important pour EG-REEDS. Les informations personnelles collect\u00e9es peuvent inclure votre nom, adresse e-mail, num\u00e9ro de t\u00e9l\u00e9phone et\/ou de t\u00e9l\u00e9phone portable, adresse et\/ou autres. Toutes les informations personnelles des membres, abonn\u00e9s, clients ou visiteurs utilisant EG-REEDS seront trait\u00e9es conform\u00e9ment au R\u00e8glement (UE) 2016\/679 du Parlement europ\u00e9en et du Conseil du 27 avril 2016 (RGPD) et \u00e0 la Loi organique 3\/2018 du 5 d\u00e9cembre, relative \u00e0 la protection des donn\u00e9es personnelles et \u00e0 la garantie des droits num\u00e9riques (LOPD).<\/p>\n<p>L&rsquo;utilisateur dispose d&rsquo;un droit d&rsquo;acc\u00e8s, de rectification, d&rsquo;annulation, d&rsquo;opposition et de droit \u00e0 l&rsquo;oubli, et peut exercer ces droits dans les limites et exceptions de la loi applicable. Vous pouvez exercer ce droit via le site web ou par e-mail \u00e0 <a target=\"_new\" rel=\"noopener\">info@eg-reeds.com<\/a>.<\/p>\n<p>L&rsquo;utilisation du site web d&rsquo;EG-REEDS constitue l&rsquo;acceptation de cette politique de confidentialit\u00e9. L&rsquo;\u00e9quipe d&rsquo;EG-REEDS se r\u00e9serve le droit de modifier cet accord sans pr\u00e9avis. Par cons\u00e9quent, nous vous recommandons de v\u00e9rifier notre politique de confidentialit\u00e9 p\u00e9riodiquement pour \u00eatre continuellement mis \u00e0 jour.<\/p>\n<p>&nbsp;<\/p>\n<h1>Cookies<\/h1>\n<p>EG-REEDS, comme la plupart des pages web, utilise des cookies.<\/p>\n<p>Qu&rsquo;est-ce que les cookies? Un cookie est un petit morceau d&rsquo;information envoy\u00e9 par un site web et stock\u00e9 dans le navigateur de l&rsquo;utilisateur afin que le site web puisse consulter l&rsquo;activit\u00e9 pr\u00e9c\u00e9dente de l&rsquo;utilisateur. L&rsquo;utilisation de cookies ne fournit pas de donn\u00e9es personnelles des utilisateurs, qui restent anonymes.<\/p>\n<p><strong>Quels types de cookies utilise EG-REEDS?<\/strong><\/p>\n<p>Cookies analytiques: Ils sont utilis\u00e9s pour recueillir des statistiques sur l&rsquo;activit\u00e9 des utilisateurs lors de leur visite sur le site web et pour suivre l&rsquo;activit\u00e9 g\u00e9n\u00e9rale. Les informations collect\u00e9es sont anonymis\u00e9es et sont utilis\u00e9es pour optimiser l&rsquo;exp\u00e9rience de navigation sur notre site web et garantir un meilleur service client. Les utilisateurs peuvent choisir de ne pas \u00eatre suivis dans leur activit\u00e9 gr\u00e2ce aux syst\u00e8mes d&rsquo;exclusion fournis par les outils analytiques. Les exemples de cookies analytiques que nous utilisons incluent Google Analytics ou Clarity.<\/p>\n<p>Cookies techniques: Ils sont utilis\u00e9s \u00e0 des fins internes pour garantir le bon fonctionnement du site web.<\/p>\n<p>Cookies de session: Ils sont con\u00e7us pour collecter et stocker des donn\u00e9es pendant que l&rsquo;utilisateur acc\u00e8de \u00e0 un site web.<\/p>\n<p>Cookies persistants: Les cookies persistants sont stock\u00e9s sur l&rsquo;appareil de l&rsquo;utilisateur et peuvent \u00eatre consult\u00e9s et trait\u00e9s pendant une p\u00e9riode d\u00e9finie.<\/p>\n<p>Cookies propri\u00e9taires: Ils sont envoy\u00e9s \u00e0 l&rsquo;appareil de l&rsquo;utilisateur \u00e0 partir d&rsquo;un ordinateur ou d&rsquo;un domaine g\u00e9r\u00e9 par EG-REEDS, fournissant le service demand\u00e9.<\/p>\n<p>Cookies tiers: Ils sont envoy\u00e9s \u00e0 l&rsquo;appareil de l&rsquo;utilisateur \u00e0 partir d&rsquo;un ordinateur ou d&rsquo;un domaine non g\u00e9r\u00e9 par nous, mais par une autre entit\u00e9 qui collecte des donn\u00e9es via des cookies, comme c&rsquo;est le cas avec Google Analytics, Akismet ou Mailchimp.<\/p>\n<p><strong>Comment d\u00e9sactiver les cookies dans votre navigateur?<\/strong><\/p>\n<p>Les cookies peuvent \u00eatre supprim\u00e9s, accept\u00e9s ou bloqu\u00e9s selon votre d\u00e9sir, mais pour ce faire, vous devez configurer correctement votre navigateur web. Veuillez suivre les instructions fournies par votre navigateur pour g\u00e9rer les cookies. Nous fournissons des liens vers les instructions pour les navigateurs les plus populaires:<\/p>\n<ul>\n<li>Chrome: <a href=\"https:\/\/support.google.com\/chrome\/answer\/95647?hl=en\" target=\"_new\" rel=\"noopener\">https:\/\/support.google.com\/chrome\/answer\/95647?hl=en<\/a><\/li>\n<li>Firefox: <a href=\"https:\/\/support.mozilla.org\/en-US\/kb\/enable-and-disable-cookies-website-preferences\" target=\"_new\" rel=\"noopener\">https:\/\/support.mozilla.org\/en-US\/kb\/enable-and-disable-cookies-website-preferences<\/a><\/li>\n<li>Safari: <a href=\"https:\/\/support.apple.com\/en-us\/HT201265\" target=\"_new\" rel=\"noopener\">https:\/\/support.apple.com\/en-us\/HT201265<\/a><\/li>\n<li>Internet Explorer: <a href=\"http:\/\/windows.microsoft.com\/en-US\/internet-explorer\/delete-manage-cookies#ie=ie-11\" target=\"_new\" rel=\"noopener\">http:\/\/windows.microsoft.com\/en-US\/internet-explorer\/delete-manage-cookies#ie=ie-11<\/a><\/li>\n<\/ul>\n<h1>Liens vers des sites web tiers<\/h1>\n<p>EG-REEDS propose des liens vers d&rsquo;autres sites, qui, selon nous, peuvent contenir des informations\/outils utiles pour nos visiteurs. Notre politique de confidentialit\u00e9 ne s&rsquo;applique pas aux sites tiers, donc si vous visitez d&rsquo;autres sites web diff\u00e9rents, vous devez lire leur politique de confidentialit\u00e9.<\/p>\n<p>Nous ne sommes pas responsables des pratiques de confidentialit\u00e9 ou du contenu trouv\u00e9s sur de tels sites.<\/p>\n<\/div>\n<\/div>\n<\/div>\n<div class=\"mt-1 flex justify-start gap-3 empty:hidden\">\n<div class=\"text-gray-400 flex self-end lg:self-center justify-center lg:justify-start mt-0 -ml-1 h-7 visible\"><\/div>\n<\/div>\n<\/div>\n<\/div>\n<\/div>\n<\/div>\n<\/div>\n<\/div>\n<\/div>\n<\/div>\n<\/div>\n<\/div>\n","protected":false},"excerpt":{"rendered":"<p>Politique de confidentialit\u00e9 Lorsque nous disons \u00ab\u00a0nous\u00a0\u00bb, \u00ab\u00a0notre\u00a0\u00bb et \u00ab\u00a0EG-REEDS\u00a0\u00bb, nous faisons r\u00e9f\u00e9rence \u00e0 EG-REEDS, C.B. avec le num\u00e9ro de TVA ESE24707143, adresse C\/ Salinas 12, Ponferrada, Le\u00f3n, Espagne. Et notre site web est www.eg-reeds.com. Cette politique de confidentialit\u00e9 est effective concernant toutes les donn\u00e9es que nous avons collect\u00e9es, ou collecterons, \u00e0 votre sujet et\/ou [&#8230;]\n","protected":false},"author":1,"featured_media":0,"parent":0,"menu_order":0,"comment_status":"closed","ping_status":"open","template":"","meta":{"footnotes":""},"class_list":["post-3395","page","type-page","status-publish","hentry"],"yoast_head":"<!-- This site is optimized with the Yoast SEO Premium plugin v27.0 (Yoast SEO v27.3) - https:\/\/yoast.com\/product\/yoast-seo-premium-wordpress\/ -->\n<title>Politique de confidentialit\u00e9 et de cookies<\/title>\n<meta name=\"description\" content=\"EG-REEDS Politique de confidentialit\u00e9 et de cookies\" \/>\n<meta name=\"robots\" content=\"index, follow, max-snippet:-1, max-image-preview:large, max-video-preview:-1\" \/>\n<link rel=\"canonical\" href=\"https:\/\/eg-reeds.com\/fr\/politique-de-confidentialite-et-de-cookies\/\" \/>\n<meta property=\"og:locale\" content=\"fr_FR\" \/>\n<meta property=\"og:type\" content=\"article\" \/>\n<meta property=\"og:title\" content=\"Politique de confidentialit\u00e9 et de cookies\" \/>\n<meta property=\"og:description\" content=\"EG-REEDS Politique de confidentialit\u00e9 et de cookies\" \/>\n<meta property=\"og:url\" content=\"https:\/\/eg-reeds.com\/fr\/politique-de-confidentialite-et-de-cookies\/\" \/>\n<meta property=\"og:site_name\" content=\"EG-REEDS\" \/>\n<meta property=\"article:publisher\" content=\"https:\/\/www.facebook.com\/EGREEDS\" \/>\n<meta property=\"article:modified_time\" content=\"2024-02-23T10:38:17+00:00\" \/>\n<meta property=\"og:image\" content=\"https:\/\/eg-reeds.com\/wp-content\/uploads\/2018\/11\/EG-REEDS-Oboe-reeds-shop-scaled.jpg\" \/>\n\t<meta property=\"og:image:width\" content=\"2560\" \/>\n\t<meta property=\"og:image:height\" content=\"1010\" \/>\n\t<meta property=\"og:image:type\" content=\"image\/jpeg\" \/>\n<meta name=\"twitter:card\" content=\"summary_large_image\" \/>\n<meta name=\"twitter:site\" content=\"@egreeds\" \/>\n<meta name=\"twitter:label1\" content=\"Dur\u00e9e de lecture estim\u00e9e\" \/>\n\t<meta name=\"twitter:data1\" content=\"4 minutes\" \/>\n<script type=\"application\/ld+json\" class=\"yoast-schema-graph\">{\"@context\":\"https:\\\/\\\/schema.org\",\"@graph\":[{\"@type\":\"WebPage\",\"@id\":\"https:\\\/\\\/eg-reeds.com\\\/fr\\\/politique-de-confidentialite-et-de-cookies\\\/\",\"url\":\"https:\\\/\\\/eg-reeds.com\\\/fr\\\/politique-de-confidentialite-et-de-cookies\\\/\",\"name\":\"Politique de confidentialit\u00e9 et de cookies\",\"isPartOf\":{\"@id\":\"https:\\\/\\\/eg-reeds.com\\\/fr\\\/#website\"},\"datePublished\":\"2015-05-07T09:29:16+00:00\",\"dateModified\":\"2024-02-23T10:38:17+00:00\",\"description\":\"EG-REEDS Politique de confidentialit\u00e9 et de cookies\",\"breadcrumb\":{\"@id\":\"https:\\\/\\\/eg-reeds.com\\\/fr\\\/politique-de-confidentialite-et-de-cookies\\\/#breadcrumb\"},\"inLanguage\":\"fr-FR\",\"potentialAction\":[{\"@type\":\"ReadAction\",\"target\":[\"https:\\\/\\\/eg-reeds.com\\\/fr\\\/politique-de-confidentialite-et-de-cookies\\\/\"]}]},{\"@type\":\"BreadcrumbList\",\"@id\":\"https:\\\/\\\/eg-reeds.com\\\/fr\\\/politique-de-confidentialite-et-de-cookies\\\/#breadcrumb\",\"itemListElement\":[{\"@type\":\"ListItem\",\"position\":1,\"name\":\"Accueil\",\"item\":\"https:\\\/\\\/eg-reeds.com\\\/fr\\\/\"},{\"@type\":\"ListItem\",\"position\":2,\"name\":\"Politique de confidentialit\u00e9 et de cookies\"}]},{\"@type\":\"WebSite\",\"@id\":\"https:\\\/\\\/eg-reeds.com\\\/fr\\\/#website\",\"url\":\"https:\\\/\\\/eg-reeds.com\\\/fr\\\/\",\"name\":\"www.eg-reeds.com\",\"description\":\"Anches hautbois\",\"publisher\":{\"@id\":\"https:\\\/\\\/eg-reeds.com\\\/fr\\\/#organization\"},\"alternateName\":\"eg-reeds.com\",\"potentialAction\":[{\"@type\":\"SearchAction\",\"target\":{\"@type\":\"EntryPoint\",\"urlTemplate\":\"https:\\\/\\\/eg-reeds.com\\\/fr\\\/?s={search_term_string}\"},\"query-input\":{\"@type\":\"PropertyValueSpecification\",\"valueRequired\":true,\"valueName\":\"search_term_string\"}}],\"inLanguage\":\"fr-FR\"},{\"@type\":\"Organization\",\"@id\":\"https:\\\/\\\/eg-reeds.com\\\/fr\\\/#organization\",\"name\":\"www.eg-reeds.com\",\"url\":\"https:\\\/\\\/eg-reeds.com\\\/fr\\\/\",\"logo\":{\"@type\":\"ImageObject\",\"inLanguage\":\"fr-FR\",\"@id\":\"https:\\\/\\\/eg-reeds.com\\\/fr\\\/#\\\/schema\\\/logo\\\/image\\\/\",\"url\":\"https:\\\/\\\/eg-reeds.com\\\/wp-content\\\/uploads\\\/2024\\\/06\\\/Logo-scaled-e1718793906611.jpg\",\"contentUrl\":\"https:\\\/\\\/eg-reeds.com\\\/wp-content\\\/uploads\\\/2024\\\/06\\\/Logo-scaled-e1718793906611.jpg\",\"width\":1200,\"height\":493,\"caption\":\"www.eg-reeds.com\"},\"image\":{\"@id\":\"https:\\\/\\\/eg-reeds.com\\\/fr\\\/#\\\/schema\\\/logo\\\/image\\\/\"},\"sameAs\":[\"https:\\\/\\\/www.facebook.com\\\/EGREEDS\",\"https:\\\/\\\/x.com\\\/egreeds\",\"https:\\\/\\\/www.instagram.com\\\/egreeds\\\/\",\"https:\\\/\\\/www.youtube.com\\\/c\\\/EGREEDS\",\"https:\\\/\\\/www.threads.net\\\/@egreeds\",\"https:\\\/\\\/www.tiktok.com\\\/@egreeds\"]}]}<\/script>\n<!-- \/ Yoast SEO Premium plugin. -->","yoast_head_json":{"title":"Politique de confidentialit\u00e9 et de cookies","description":"EG-REEDS Politique de confidentialit\u00e9 et de cookies","robots":{"index":"index","follow":"follow","max-snippet":"max-snippet:-1","max-image-preview":"max-image-preview:large","max-video-preview":"max-video-preview:-1"},"canonical":"https:\/\/eg-reeds.com\/fr\/politique-de-confidentialite-et-de-cookies\/","og_locale":"fr_FR","og_type":"article","og_title":"Politique de confidentialit\u00e9 et de cookies","og_description":"EG-REEDS Politique de confidentialit\u00e9 et de cookies","og_url":"https:\/\/eg-reeds.com\/fr\/politique-de-confidentialite-et-de-cookies\/","og_site_name":"EG-REEDS","article_publisher":"https:\/\/www.facebook.com\/EGREEDS","article_modified_time":"2024-02-23T10:38:17+00:00","og_image":[{"width":2560,"height":1010,"url":"https:\/\/eg-reeds.com\/wp-content\/uploads\/2018\/11\/EG-REEDS-Oboe-reeds-shop-scaled.jpg","type":"image\/jpeg"}],"twitter_card":"summary_large_image","twitter_site":"@egreeds","twitter_misc":{"Dur\u00e9e de lecture estim\u00e9e":"4 minutes"},"schema":{"@context":"https:\/\/schema.org","@graph":[{"@type":"WebPage","@id":"https:\/\/eg-reeds.com\/fr\/politique-de-confidentialite-et-de-cookies\/","url":"https:\/\/eg-reeds.com\/fr\/politique-de-confidentialite-et-de-cookies\/","name":"Politique de confidentialit\u00e9 et de cookies","isPartOf":{"@id":"https:\/\/eg-reeds.com\/fr\/#website"},"datePublished":"2015-05-07T09:29:16+00:00","dateModified":"2024-02-23T10:38:17+00:00","description":"EG-REEDS Politique de confidentialit\u00e9 et de cookies","breadcrumb":{"@id":"https:\/\/eg-reeds.com\/fr\/politique-de-confidentialite-et-de-cookies\/#breadcrumb"},"inLanguage":"fr-FR","potentialAction":[{"@type":"ReadAction","target":["https:\/\/eg-reeds.com\/fr\/politique-de-confidentialite-et-de-cookies\/"]}]},{"@type":"BreadcrumbList","@id":"https:\/\/eg-reeds.com\/fr\/politique-de-confidentialite-et-de-cookies\/#breadcrumb","itemListElement":[{"@type":"ListItem","position":1,"name":"Accueil","item":"https:\/\/eg-reeds.com\/fr\/"},{"@type":"ListItem","position":2,"name":"Politique de confidentialit\u00e9 et de cookies"}]},{"@type":"WebSite","@id":"https:\/\/eg-reeds.com\/fr\/#website","url":"https:\/\/eg-reeds.com\/fr\/","name":"www.eg-reeds.com","description":"Anches hautbois","publisher":{"@id":"https:\/\/eg-reeds.com\/fr\/#organization"},"alternateName":"eg-reeds.com","potentialAction":[{"@type":"SearchAction","target":{"@type":"EntryPoint","urlTemplate":"https:\/\/eg-reeds.com\/fr\/?s={search_term_string}"},"query-input":{"@type":"PropertyValueSpecification","valueRequired":true,"valueName":"search_term_string"}}],"inLanguage":"fr-FR"},{"@type":"Organization","@id":"https:\/\/eg-reeds.com\/fr\/#organization","name":"www.eg-reeds.com","url":"https:\/\/eg-reeds.com\/fr\/","logo":{"@type":"ImageObject","inLanguage":"fr-FR","@id":"https:\/\/eg-reeds.com\/fr\/#\/schema\/logo\/image\/","url":"https:\/\/eg-reeds.com\/wp-content\/uploads\/2024\/06\/Logo-scaled-e1718793906611.jpg","contentUrl":"https:\/\/eg-reeds.com\/wp-content\/uploads\/2024\/06\/Logo-scaled-e1718793906611.jpg","width":1200,"height":493,"caption":"www.eg-reeds.com"},"image":{"@id":"https:\/\/eg-reeds.com\/fr\/#\/schema\/logo\/image\/"},"sameAs":["https:\/\/www.facebook.com\/EGREEDS","https:\/\/x.com\/egreeds","https:\/\/www.instagram.com\/egreeds\/","https:\/\/www.youtube.com\/c\/EGREEDS","https:\/\/www.threads.net\/@egreeds","https:\/\/www.tiktok.com\/@egreeds"]}]}},"_links":{"self":[{"href":"https:\/\/eg-reeds.com\/fr\/wp-json\/wp\/v2\/pages\/3395","targetHints":{"allow":["GET"]}}],"collection":[{"href":"https:\/\/eg-reeds.com\/fr\/wp-json\/wp\/v2\/pages"}],"about":[{"href":"https:\/\/eg-reeds.com\/fr\/wp-json\/wp\/v2\/types\/page"}],"author":[{"embeddable":true,"href":"https:\/\/eg-reeds.com\/fr\/wp-json\/wp\/v2\/users\/1"}],"replies":[{"embeddable":true,"href":"https:\/\/eg-reeds.com\/fr\/wp-json\/wp\/v2\/comments?post=3395"}],"version-history":[{"count":0,"href":"https:\/\/eg-reeds.com\/fr\/wp-json\/wp\/v2\/pages\/3395\/revisions"}],"wp:attachment":[{"href":"https:\/\/eg-reeds.com\/fr\/wp-json\/wp\/v2\/media?parent=3395"}],"curies":[{"name":"wp","href":"https:\/\/api.w.org\/{rel}","templated":true}]}}