{"id":4170,"date":"2015-05-13T12:06:53","date_gmt":"2015-05-13T11:06:53","guid":{"rendered":"http:\/\/eg-reeds.com\/?page_id=4170"},"modified":"2026-04-10T10:54:04","modified_gmt":"2026-04-10T08:54:04","slug":"tarifs-et-delais-de-livraison","status":"publish","type":"page","link":"https:\/\/eg-reeds.com\/fr\/tarifs-et-delais-de-livraison\/","title":{"rendered":"Tarifs et d\u00e9lais de livraison"},"content":{"rendered":"\t<div id=\"gap-312496668\" class=\"gap-element clearfix\" style=\"display:block; height:auto;\">\n\t\t\n<style>\n#gap-312496668 {\n  padding-top: 30px;\n}\n<\/style>\n\t<\/div>\n\t\n<p style=\"text-align: center;\"><span style=\"color: #627fa9;\"><strong>Vous pouvez calculer les frais de livraison en saisissant votre pays et votre adresse sur la page de paiement.<\/strong><\/span><\/p>\n<p style=\"text-align: center;\">\t<div id=\"gap-2116248881\" class=\"gap-element clearfix\" style=\"display:block; height:auto;\">\n\t\t\n<style>\n#gap-2116248881 {\n  padding-top: 30px;\n}\n<\/style>\n\t<\/div>\n\t\n<p><span style=\"color: #627fa9;\"><strong class=\"h-xlarge h-large\">\u2217<\/strong> <\/span>Les commandes ne seront trait\u00e9es qu\u2019\u00e0 partir du jour suivant la confirmation du paiement. Les week-ends, jours f\u00e9ri\u00e9s ou p\u00e9riodes de vacances, elles seront trait\u00e9es et la fabrication commencera le jour ouvr\u00e9 suivant.<\/p>\n<p><strong class=\"h-xlarge h-large\"><span style=\"color: #627fa9;\">\u2217 <span style=\"color: #339966;\">D\u00c9LAIS DE FABRICATION :<\/span><\/span><\/strong> Veuillez noter que certains produits n\u00e9cessitent plusieurs jours de fabrication s\u2019ils ne sont pas en stock. Les anches pour \u00e9tudiants n\u00e9cessitent environ 2 jours ouvr\u00e9s. Les anches professionnelles et la canne travaill\u00e9e environ 4-5 jours ouvr\u00e9s. Anches hautbois personnalis\u00e9es env. 2 semaines. Pour les commandes importantes, veuillez nous contacter.<\/p>\n<p><strong class=\"h-xlarge h-large\"><span style=\"color: #627fa9;\">\u2217 <\/span><\/strong>Vous pouvez calculer les frais de livraison en saisissant votre adresse sur la page de paiement.<\/p>\n<p><strong class=\"h-xlarge h-large\"><span style=\"color: #627fa9;\">\u2217 <\/span><\/strong>Une fois exp\u00e9di\u00e9e, la commande met environ 3 \u00e0 5 jours ouvr\u00e9s pour arriver dans les pays europ\u00e9ens proches. Et environ 5 \u00e0 10 jours ouvr\u00e9s pour les pays europ\u00e9ens plus \u00e9loign\u00e9s de l\u2019Espagne ou hors d\u2019Europe.<\/p>\n<p><strong class=\"h-xlarge h-large\"><span style=\"color: #627fa9;\">\u2217<\/span> <\/strong>Les d\u00e9lais de livraison d\u00e9pendent du transporteur et sont donn\u00e9s \u00e0 titre indicatif ; des retards peuvent survenir. Nous ne pouvons garantir aucun d\u00e9lai de livraison. Pour les pays situ\u00e9s hors de l\u2019Union europ\u00e9enne, les d\u00e9lais de livraison peuvent \u00eatre plus longs en raison des formalit\u00e9s douani\u00e8res. Les droits de douane, taxes ou frais suppl\u00e9mentaires \u00e9ventuels sont \u00e0 la charge du destinataire. Veuillez vous renseigner aupr\u00e8s de votre bureau de douane local pour plus d\u2019informations.<\/p>\n<p>&nbsp;<\/p>\n","protected":false},"excerpt":{"rendered":"<p>Vous pouvez calculer les frais de livraison en saisissant votre pays et votre adresse sur la page de paiement. \u2217 Les commandes ne seront trait\u00e9es qu\u2019\u00e0 partir du jour suivant la confirmation du paiement. Les week-ends, jours f\u00e9ri\u00e9s ou p\u00e9riodes de vacances, elles seront trait\u00e9es et la fabrication commencera le jour ouvr\u00e9 suivant. \u2217 D\u00c9LAIS [&#8230;]\n","protected":false},"author":1,"featured_media":0,"parent":0,"menu_order":0,"comment_status":"closed","ping_status":"open","template":"","meta":{"footnotes":""},"class_list":["post-4170","page","type-page","status-publish","hentry"],"yoast_head":"<!-- This site is optimized with the Yoast SEO Premium plugin v27.0 (Yoast SEO v27.4) - https:\/\/yoast.com\/product\/yoast-seo-premium-wordpress\/ -->\n<title>Tarifs et d\u00e9lais de livraison - EG-REEDS<\/title>\n<meta name=\"description\" content=\"Tarifs et d\u00e9lais de livraison\" \/>\n<meta name=\"robots\" content=\"index, follow, max-snippet:-1, max-image-preview:large, max-video-preview:-1\" \/>\n<link rel=\"canonical\" href=\"https:\/\/eg-reeds.com\/fr\/tarifs-et-delais-de-livraison\/\" \/>\n<meta property=\"og:locale\" content=\"fr_FR\" \/>\n<meta property=\"og:type\" content=\"article\" \/>\n<meta property=\"og:title\" content=\"Tarifs et d\u00e9lais de livraison\" \/>\n<meta property=\"og:description\" content=\"Tarifs et d\u00e9lais de livraison\" \/>\n<meta property=\"og:url\" content=\"https:\/\/eg-reeds.com\/fr\/tarifs-et-delais-de-livraison\/\" \/>\n<meta property=\"og:site_name\" content=\"EG-REEDS\" \/>\n<meta property=\"article:publisher\" content=\"https:\/\/www.facebook.com\/EGREEDS\" \/>\n<meta property=\"article:modified_time\" content=\"2026-04-10T08:54:04+00:00\" \/>\n<meta property=\"og:image\" content=\"https:\/\/eg-reeds.com\/wp-content\/uploads\/2018\/11\/EG-REEDS-Oboe-reeds-shop-scaled.jpg\" \/>\n\t<meta property=\"og:image:width\" content=\"2560\" \/>\n\t<meta property=\"og:image:height\" content=\"1010\" \/>\n\t<meta property=\"og:image:type\" content=\"image\/jpeg\" \/>\n<meta name=\"twitter:card\" content=\"summary_large_image\" \/>\n<meta name=\"twitter:site\" content=\"@egreeds\" \/>\n<meta name=\"twitter:label1\" content=\"Dur\u00e9e de lecture estim\u00e9e\" \/>\n\t<meta name=\"twitter:data1\" content=\"2 minutes\" \/>\n<script type=\"application\/ld+json\" class=\"yoast-schema-graph\">{\"@context\":\"https:\\\/\\\/schema.org\",\"@graph\":[{\"@type\":\"WebPage\",\"@id\":\"https:\\\/\\\/eg-reeds.com\\\/fr\\\/tarifs-et-delais-de-livraison\\\/\",\"url\":\"https:\\\/\\\/eg-reeds.com\\\/fr\\\/tarifs-et-delais-de-livraison\\\/\",\"name\":\"Tarifs et d\u00e9lais de livraison - EG-REEDS\",\"isPartOf\":{\"@id\":\"https:\\\/\\\/eg-reeds.com\\\/fr\\\/#website\"},\"datePublished\":\"2015-05-13T11:06:53+00:00\",\"dateModified\":\"2026-04-10T08:54:04+00:00\",\"description\":\"Tarifs et d\u00e9lais de livraison\",\"breadcrumb\":{\"@id\":\"https:\\\/\\\/eg-reeds.com\\\/fr\\\/tarifs-et-delais-de-livraison\\\/#breadcrumb\"},\"inLanguage\":\"fr-FR\",\"potentialAction\":[{\"@type\":\"ReadAction\",\"target\":[\"https:\\\/\\\/eg-reeds.com\\\/fr\\\/tarifs-et-delais-de-livraison\\\/\"]}]},{\"@type\":\"BreadcrumbList\",\"@id\":\"https:\\\/\\\/eg-reeds.com\\\/fr\\\/tarifs-et-delais-de-livraison\\\/#breadcrumb\",\"itemListElement\":[{\"@type\":\"ListItem\",\"position\":1,\"name\":\"Accueil\",\"item\":\"https:\\\/\\\/eg-reeds.com\\\/fr\\\/\"},{\"@type\":\"ListItem\",\"position\":2,\"name\":\"Tarifs et d\u00e9lais de livraison\"}]},{\"@type\":\"WebSite\",\"@id\":\"https:\\\/\\\/eg-reeds.com\\\/fr\\\/#website\",\"url\":\"https:\\\/\\\/eg-reeds.com\\\/fr\\\/\",\"name\":\"www.eg-reeds.com\",\"description\":\"Anches hautbois\",\"publisher\":{\"@id\":\"https:\\\/\\\/eg-reeds.com\\\/fr\\\/#organization\"},\"alternateName\":\"eg-reeds.com\",\"potentialAction\":[{\"@type\":\"SearchAction\",\"target\":{\"@type\":\"EntryPoint\",\"urlTemplate\":\"https:\\\/\\\/eg-reeds.com\\\/fr\\\/?s={search_term_string}\"},\"query-input\":{\"@type\":\"PropertyValueSpecification\",\"valueRequired\":true,\"valueName\":\"search_term_string\"}}],\"inLanguage\":\"fr-FR\"},{\"@type\":\"Organization\",\"@id\":\"https:\\\/\\\/eg-reeds.com\\\/fr\\\/#organization\",\"name\":\"www.eg-reeds.com\",\"url\":\"https:\\\/\\\/eg-reeds.com\\\/fr\\\/\",\"logo\":{\"@type\":\"ImageObject\",\"inLanguage\":\"fr-FR\",\"@id\":\"https:\\\/\\\/eg-reeds.com\\\/fr\\\/#\\\/schema\\\/logo\\\/image\\\/\",\"url\":\"https:\\\/\\\/eg-reeds.com\\\/wp-content\\\/uploads\\\/2024\\\/06\\\/Logo-scaled-e1718793906611.jpg\",\"contentUrl\":\"https:\\\/\\\/eg-reeds.com\\\/wp-content\\\/uploads\\\/2024\\\/06\\\/Logo-scaled-e1718793906611.jpg\",\"width\":1200,\"height\":493,\"caption\":\"www.eg-reeds.com\"},\"image\":{\"@id\":\"https:\\\/\\\/eg-reeds.com\\\/fr\\\/#\\\/schema\\\/logo\\\/image\\\/\"},\"sameAs\":[\"https:\\\/\\\/www.facebook.com\\\/EGREEDS\",\"https:\\\/\\\/x.com\\\/egreeds\",\"https:\\\/\\\/www.instagram.com\\\/egreeds\\\/\",\"https:\\\/\\\/www.youtube.com\\\/c\\\/EGREEDS\",\"https:\\\/\\\/www.threads.net\\\/@egreeds\",\"https:\\\/\\\/www.tiktok.com\\\/@egreeds\"]}]}<\/script>\n<!-- \/ Yoast SEO Premium plugin. -->","yoast_head_json":{"title":"Tarifs et d\u00e9lais de livraison - EG-REEDS","description":"Tarifs et d\u00e9lais de livraison","robots":{"index":"index","follow":"follow","max-snippet":"max-snippet:-1","max-image-preview":"max-image-preview:large","max-video-preview":"max-video-preview:-1"},"canonical":"https:\/\/eg-reeds.com\/fr\/tarifs-et-delais-de-livraison\/","og_locale":"fr_FR","og_type":"article","og_title":"Tarifs et d\u00e9lais de livraison","og_description":"Tarifs et d\u00e9lais de livraison","og_url":"https:\/\/eg-reeds.com\/fr\/tarifs-et-delais-de-livraison\/","og_site_name":"EG-REEDS","article_publisher":"https:\/\/www.facebook.com\/EGREEDS","article_modified_time":"2026-04-10T08:54:04+00:00","og_image":[{"width":2560,"height":1010,"url":"https:\/\/eg-reeds.com\/wp-content\/uploads\/2018\/11\/EG-REEDS-Oboe-reeds-shop-scaled.jpg","type":"image\/jpeg"}],"twitter_card":"summary_large_image","twitter_site":"@egreeds","twitter_misc":{"Dur\u00e9e de lecture estim\u00e9e":"2 minutes"},"schema":{"@context":"https:\/\/schema.org","@graph":[{"@type":"WebPage","@id":"https:\/\/eg-reeds.com\/fr\/tarifs-et-delais-de-livraison\/","url":"https:\/\/eg-reeds.com\/fr\/tarifs-et-delais-de-livraison\/","name":"Tarifs et d\u00e9lais de livraison - EG-REEDS","isPartOf":{"@id":"https:\/\/eg-reeds.com\/fr\/#website"},"datePublished":"2015-05-13T11:06:53+00:00","dateModified":"2026-04-10T08:54:04+00:00","description":"Tarifs et d\u00e9lais de livraison","breadcrumb":{"@id":"https:\/\/eg-reeds.com\/fr\/tarifs-et-delais-de-livraison\/#breadcrumb"},"inLanguage":"fr-FR","potentialAction":[{"@type":"ReadAction","target":["https:\/\/eg-reeds.com\/fr\/tarifs-et-delais-de-livraison\/"]}]},{"@type":"BreadcrumbList","@id":"https:\/\/eg-reeds.com\/fr\/tarifs-et-delais-de-livraison\/#breadcrumb","itemListElement":[{"@type":"ListItem","position":1,"name":"Accueil","item":"https:\/\/eg-reeds.com\/fr\/"},{"@type":"ListItem","position":2,"name":"Tarifs et d\u00e9lais de livraison"}]},{"@type":"WebSite","@id":"https:\/\/eg-reeds.com\/fr\/#website","url":"https:\/\/eg-reeds.com\/fr\/","name":"www.eg-reeds.com","description":"Anches hautbois","publisher":{"@id":"https:\/\/eg-reeds.com\/fr\/#organization"},"alternateName":"eg-reeds.com","potentialAction":[{"@type":"SearchAction","target":{"@type":"EntryPoint","urlTemplate":"https:\/\/eg-reeds.com\/fr\/?s={search_term_string}"},"query-input":{"@type":"PropertyValueSpecification","valueRequired":true,"valueName":"search_term_string"}}],"inLanguage":"fr-FR"},{"@type":"Organization","@id":"https:\/\/eg-reeds.com\/fr\/#organization","name":"www.eg-reeds.com","url":"https:\/\/eg-reeds.com\/fr\/","logo":{"@type":"ImageObject","inLanguage":"fr-FR","@id":"https:\/\/eg-reeds.com\/fr\/#\/schema\/logo\/image\/","url":"https:\/\/eg-reeds.com\/wp-content\/uploads\/2024\/06\/Logo-scaled-e1718793906611.jpg","contentUrl":"https:\/\/eg-reeds.com\/wp-content\/uploads\/2024\/06\/Logo-scaled-e1718793906611.jpg","width":1200,"height":493,"caption":"www.eg-reeds.com"},"image":{"@id":"https:\/\/eg-reeds.com\/fr\/#\/schema\/logo\/image\/"},"sameAs":["https:\/\/www.facebook.com\/EGREEDS","https:\/\/x.com\/egreeds","https:\/\/www.instagram.com\/egreeds\/","https:\/\/www.youtube.com\/c\/EGREEDS","https:\/\/www.threads.net\/@egreeds","https:\/\/www.tiktok.com\/@egreeds"]}]}},"_links":{"self":[{"href":"https:\/\/eg-reeds.com\/fr\/wp-json\/wp\/v2\/pages\/4170","targetHints":{"allow":["GET"]}}],"collection":[{"href":"https:\/\/eg-reeds.com\/fr\/wp-json\/wp\/v2\/pages"}],"about":[{"href":"https:\/\/eg-reeds.com\/fr\/wp-json\/wp\/v2\/types\/page"}],"author":[{"embeddable":true,"href":"https:\/\/eg-reeds.com\/fr\/wp-json\/wp\/v2\/users\/1"}],"replies":[{"embeddable":true,"href":"https:\/\/eg-reeds.com\/fr\/wp-json\/wp\/v2\/comments?post=4170"}],"version-history":[{"count":3,"href":"https:\/\/eg-reeds.com\/fr\/wp-json\/wp\/v2\/pages\/4170\/revisions"}],"predecessor-version":[{"id":60811,"href":"https:\/\/eg-reeds.com\/fr\/wp-json\/wp\/v2\/pages\/4170\/revisions\/60811"}],"wp:attachment":[{"href":"https:\/\/eg-reeds.com\/fr\/wp-json\/wp\/v2\/media?parent=4170"}],"curies":[{"name":"wp","href":"https:\/\/api.w.org\/{rel}","templated":true}]}}