{"id":17391,"date":"2015-11-23T19:22:24","date_gmt":"2015-11-23T18:22:24","guid":{"rendered":"http:\/\/eg-reeds.com\/fr\/shop\/accessoires-fr\/reed-making-folding-knife-chiarugi\/"},"modified":"2025-04-01T09:27:58","modified_gmt":"2025-04-01T08:27:58","slug":"couteau-pliant-professionnel-chiarugi","status":"publish","type":"product","link":"https:\/\/eg-reeds.com\/fr\/shop\/accessoires\/couteaux\/couteau-pliant-professionnel-chiarugi\/","title":{"rendered":"Couteau pliant professionnel Chiarugi"},"content":{"rendered":"<h1><strong>Couteau pliant professionnel Chiarugi.<\/strong><\/h1>\n<p>Couteau pliant professionnel Chiarugi. Con\u00e7u pour les hautbo\u00efstes exigeants comme vous, ce couteau allie la pr\u00e9cision millim\u00e9trique de sa lame en acier inoxydable de haute qualit\u00e9 au confort et \u00e0 la s\u00e9curit\u00e9 de son design pliant.<\/p>\n<p><strong>Caract\u00e9ristiques qui font la diff\u00e9rence :<\/strong><\/p>\n<ul>\n<li><strong>Aff\u00fbtage de pr\u00e9cision chirurgicale :<\/strong> Permet un grattage propre et pr\u00e9cis.<\/li>\n<li><strong>Acier inoxydable haute r\u00e9sistance :<\/strong> Durabilit\u00e9 et tranchant longue dur\u00e9e.<\/li>\n<li><strong>Design pliant et s\u00e9curis\u00e9 :<\/strong> Lame pliable pour un transport sans risque \u2014 parfait pour les hautbo\u00efstes en d\u00e9placement.<\/li>\n<li><strong>Poign\u00e9e ergonomique :<\/strong> Prise en main s\u00fbre et confortable.<\/li>\n<li><strong>Chiarugi, un nom synonyme d\u2019excellence :<\/strong> Une marque reconnue dans le monde entier.<\/li>\n<\/ul>\n<p>Ne ratez pas votre couteau pliant. Commandez-le d\u00e8s maintenant !<\/p>\n<p>&nbsp;<\/p>\n<div>Vous cherchez un autre mod\u00e8le de couteau ? D\u00e9couvrez <a href=\"https:\/\/eg-reeds.com\/fr\/categorie-produit\/accessoires\/couteaux\/\" target=\"_blank\" rel=\"noopener\"><strong>tous les couteaux disponibles ici<\/strong><\/a>.<\/div>\n","protected":false},"excerpt":{"rendered":"<p>Couteau pliant professionnel Chiarugi. Couteau pliant professionnel Chiarugi. Con\u00e7u pour les hautbo\u00efstes exigeants comme vous, ce couteau allie la pr\u00e9cision millim\u00e9trique de sa lame en acier inoxydable de haute qualit\u00e9 au confort et \u00e0 la s\u00e9curit\u00e9 de son design pliant. Caract\u00e9ristiques qui font la diff\u00e9rence : Aff\u00fbtage de pr\u00e9cision chirurgicale : Permet un grattage propre [&#8230;]\n","protected":false},"featured_media":23458,"comment_status":"open","ping_status":"closed","template":"","meta":[],"product_brand":[],"product_cat":[1415,1487],"product_tag":[],"giftcard-category":[],"class_list":{"0":"post-17391","1":"product","2":"type-product","3":"status-publish","4":"has-post-thumbnail","6":"product_cat-accessoires","7":"product_cat-couteaux","9":"first","10":"instock","11":"taxable","12":"shipping-taxable","13":"purchasable","14":"product-type-simple"},"yoast_head":"<!-- This site is optimized with the Yoast SEO Premium plugin v27.0 (Yoast SEO v27.4) - https:\/\/yoast.com\/product\/yoast-seo-premium-wordpress\/ -->\n<title>Couteau pliant professionnel Chiarugi - EG-REEDS<\/title>\n<meta name=\"description\" content=\"Couteau pliant professionnel Chiarugi.\u00a0Couteau \u00e0 lame rasoir professionnel pour la fabrication de roseaux. Pour hautbois et cor anglais.\" \/>\n<meta name=\"robots\" content=\"index, follow, max-snippet:-1, max-image-preview:large, max-video-preview:-1\" \/>\n<link rel=\"canonical\" href=\"https:\/\/eg-reeds.com\/fr\/shop\/accessoires\/couteaux\/couteau-pliant-professionnel-chiarugi\/\" \/>\n<meta property=\"og:locale\" content=\"fr_FR\" \/>\n<meta property=\"og:type\" content=\"article\" \/>\n<meta property=\"og:title\" content=\"Couteau pliant professionnel Chiarugi\" \/>\n<meta property=\"og:description\" content=\"Couteau pliant professionnel Chiarugi.\u00a0Couteau \u00e0 lame rasoir professionnel pour la fabrication de roseaux. Pour hautbois et cor anglais.\" \/>\n<meta property=\"og:url\" content=\"https:\/\/eg-reeds.com\/fr\/shop\/accessoires\/couteaux\/couteau-pliant-professionnel-chiarugi\/\" \/>\n<meta property=\"og:site_name\" content=\"EG-REEDS\" \/>\n<meta property=\"article:publisher\" content=\"https:\/\/www.facebook.com\/EGREEDS\" \/>\n<meta property=\"article:modified_time\" content=\"2025-04-01T08:27:58+00:00\" \/>\n<meta property=\"og:image\" content=\"https:\/\/eg-reeds.com\/wp-content\/uploads\/2017\/01\/Folding-knife-Chiarugi.jpg\" \/>\n\t<meta property=\"og:image:width\" content=\"640\" \/>\n\t<meta property=\"og:image:height\" content=\"544\" \/>\n\t<meta property=\"og:image:type\" content=\"image\/jpeg\" \/>\n<meta name=\"twitter:card\" content=\"summary_large_image\" \/>\n<meta name=\"twitter:site\" content=\"@egreeds\" \/>\n<meta name=\"twitter:label1\" content=\"Prix\" \/>\n\t<meta name=\"twitter:data1\" content=\"66,90&euro;\" \/>\n\t<meta name=\"twitter:label2\" content=\"Disponibilit\u00e9\" \/>\n\t<meta name=\"twitter:data2\" content=\"En stock\" \/>\n<script type=\"application\/ld+json\" class=\"yoast-schema-graph\">{\"@context\":\"https:\\\/\\\/schema.org\",\"@graph\":[{\"@type\":[\"WebPage\",\"ItemPage\"],\"@id\":\"https:\\\/\\\/eg-reeds.com\\\/fr\\\/shop\\\/accessoires\\\/couteaux\\\/couteau-pliant-professionnel-chiarugi\\\/\",\"url\":\"https:\\\/\\\/eg-reeds.com\\\/fr\\\/shop\\\/accessoires\\\/couteaux\\\/couteau-pliant-professionnel-chiarugi\\\/\",\"name\":\"Couteau pliant professionnel Chiarugi - EG-REEDS\",\"isPartOf\":{\"@id\":\"https:\\\/\\\/eg-reeds.com\\\/fr\\\/#website\"},\"primaryImageOfPage\":{\"@id\":\"https:\\\/\\\/eg-reeds.com\\\/fr\\\/shop\\\/accessoires\\\/couteaux\\\/couteau-pliant-professionnel-chiarugi\\\/#primaryimage\"},\"image\":{\"@id\":\"https:\\\/\\\/eg-reeds.com\\\/fr\\\/shop\\\/accessoires\\\/couteaux\\\/couteau-pliant-professionnel-chiarugi\\\/#primaryimage\"},\"thumbnailUrl\":\"https:\\\/\\\/eg-reeds.com\\\/wp-content\\\/uploads\\\/2017\\\/01\\\/Folding-knife-Chiarugi.jpg\",\"datePublished\":\"2015-11-23T18:22:24+00:00\",\"dateModified\":\"2025-04-01T08:27:58+00:00\",\"description\":\"Couteau pliant professionnel Chiarugi.\u00a0Couteau \u00e0 lame rasoir professionnel pour la fabrication de roseaux. Pour hautbois et cor anglais.\",\"breadcrumb\":{\"@id\":\"https:\\\/\\\/eg-reeds.com\\\/fr\\\/shop\\\/accessoires\\\/couteaux\\\/couteau-pliant-professionnel-chiarugi\\\/#breadcrumb\"},\"inLanguage\":\"fr-FR\",\"potentialAction\":[{\"@type\":\"ReadAction\",\"target\":[\"https:\\\/\\\/eg-reeds.com\\\/fr\\\/shop\\\/accessoires\\\/couteaux\\\/couteau-pliant-professionnel-chiarugi\\\/\"]}]},{\"@type\":\"ImageObject\",\"inLanguage\":\"fr-FR\",\"@id\":\"https:\\\/\\\/eg-reeds.com\\\/fr\\\/shop\\\/accessoires\\\/couteaux\\\/couteau-pliant-professionnel-chiarugi\\\/#primaryimage\",\"url\":\"https:\\\/\\\/eg-reeds.com\\\/wp-content\\\/uploads\\\/2017\\\/01\\\/Folding-knife-Chiarugi.jpg\",\"contentUrl\":\"https:\\\/\\\/eg-reeds.com\\\/wp-content\\\/uploads\\\/2017\\\/01\\\/Folding-knife-Chiarugi.jpg\",\"width\":640,\"height\":544,\"caption\":\"Couteau pliant professionnel Chiarugi\"},{\"@type\":\"BreadcrumbList\",\"@id\":\"https:\\\/\\\/eg-reeds.com\\\/fr\\\/shop\\\/accessoires\\\/couteaux\\\/couteau-pliant-professionnel-chiarugi\\\/#breadcrumb\",\"itemListElement\":[{\"@type\":\"ListItem\",\"position\":1,\"name\":\"Accueil\",\"item\":\"https:\\\/\\\/eg-reeds.com\\\/fr\\\/\"},{\"@type\":\"ListItem\",\"position\":2,\"name\":\"Boutique\",\"item\":\"https:\\\/\\\/eg-reeds.com\\\/fr\\\/\"},{\"@type\":\"ListItem\",\"position\":3,\"name\":\"Couteau pliant professionnel Chiarugi\"}]},{\"@type\":\"WebSite\",\"@id\":\"https:\\\/\\\/eg-reeds.com\\\/fr\\\/#website\",\"url\":\"https:\\\/\\\/eg-reeds.com\\\/fr\\\/\",\"name\":\"www.eg-reeds.com\",\"description\":\"Anches hautbois\",\"publisher\":{\"@id\":\"https:\\\/\\\/eg-reeds.com\\\/fr\\\/#organization\"},\"alternateName\":\"eg-reeds.com\",\"potentialAction\":[{\"@type\":\"SearchAction\",\"target\":{\"@type\":\"EntryPoint\",\"urlTemplate\":\"https:\\\/\\\/eg-reeds.com\\\/fr\\\/?s={search_term_string}\"},\"query-input\":{\"@type\":\"PropertyValueSpecification\",\"valueRequired\":true,\"valueName\":\"search_term_string\"}}],\"inLanguage\":\"fr-FR\"},{\"@type\":\"Organization\",\"@id\":\"https:\\\/\\\/eg-reeds.com\\\/fr\\\/#organization\",\"name\":\"www.eg-reeds.com\",\"url\":\"https:\\\/\\\/eg-reeds.com\\\/fr\\\/\",\"logo\":{\"@type\":\"ImageObject\",\"inLanguage\":\"fr-FR\",\"@id\":\"https:\\\/\\\/eg-reeds.com\\\/fr\\\/#\\\/schema\\\/logo\\\/image\\\/\",\"url\":\"https:\\\/\\\/eg-reeds.com\\\/wp-content\\\/uploads\\\/2024\\\/06\\\/Logo-scaled-e1718793906611.jpg\",\"contentUrl\":\"https:\\\/\\\/eg-reeds.com\\\/wp-content\\\/uploads\\\/2024\\\/06\\\/Logo-scaled-e1718793906611.jpg\",\"width\":1200,\"height\":493,\"caption\":\"www.eg-reeds.com\"},\"image\":{\"@id\":\"https:\\\/\\\/eg-reeds.com\\\/fr\\\/#\\\/schema\\\/logo\\\/image\\\/\"},\"sameAs\":[\"https:\\\/\\\/www.facebook.com\\\/EGREEDS\",\"https:\\\/\\\/x.com\\\/egreeds\",\"https:\\\/\\\/www.instagram.com\\\/egreeds\\\/\",\"https:\\\/\\\/www.youtube.com\\\/c\\\/EGREEDS\",\"https:\\\/\\\/www.threads.net\\\/@egreeds\",\"https:\\\/\\\/www.tiktok.com\\\/@egreeds\"]}]}<\/script>\n<meta property=\"product:price:amount\" content=\"66.90\" \/>\n<meta property=\"product:price:currency\" content=\"EUR\" \/>\n<meta property=\"og:availability\" content=\"instock\" \/>\n<meta property=\"product:availability\" content=\"instock\" \/>\n<meta property=\"product:retailer_item_id\" content=\"ACNNP\" \/>\n<meta property=\"product:condition\" content=\"new\" \/>\n<!-- \/ Yoast SEO Premium plugin. -->","yoast_head_json":{"title":"Couteau pliant professionnel Chiarugi - EG-REEDS","description":"Couteau pliant professionnel Chiarugi.\u00a0Couteau \u00e0 lame rasoir professionnel pour la fabrication de roseaux. Pour hautbois et cor anglais.","robots":{"index":"index","follow":"follow","max-snippet":"max-snippet:-1","max-image-preview":"max-image-preview:large","max-video-preview":"max-video-preview:-1"},"canonical":"https:\/\/eg-reeds.com\/fr\/shop\/accessoires\/couteaux\/couteau-pliant-professionnel-chiarugi\/","og_locale":"fr_FR","og_type":"article","og_title":"Couteau pliant professionnel Chiarugi","og_description":"Couteau pliant professionnel Chiarugi.\u00a0Couteau \u00e0 lame rasoir professionnel pour la fabrication de roseaux. Pour hautbois et cor anglais.","og_url":"https:\/\/eg-reeds.com\/fr\/shop\/accessoires\/couteaux\/couteau-pliant-professionnel-chiarugi\/","og_site_name":"EG-REEDS","article_publisher":"https:\/\/www.facebook.com\/EGREEDS","article_modified_time":"2025-04-01T08:27:58+00:00","og_image":[{"width":640,"height":544,"url":"https:\/\/eg-reeds.com\/wp-content\/uploads\/2017\/01\/Folding-knife-Chiarugi.jpg","type":"image\/jpeg"}],"twitter_card":"summary_large_image","twitter_site":"@egreeds","twitter_misc":{"Prix":"66,90&euro;","Disponibilit\u00e9":"En stock"},"schema":{"@context":"https:\/\/schema.org","@graph":[{"@type":["WebPage","ItemPage"],"@id":"https:\/\/eg-reeds.com\/fr\/shop\/accessoires\/couteaux\/couteau-pliant-professionnel-chiarugi\/","url":"https:\/\/eg-reeds.com\/fr\/shop\/accessoires\/couteaux\/couteau-pliant-professionnel-chiarugi\/","name":"Couteau pliant professionnel Chiarugi - EG-REEDS","isPartOf":{"@id":"https:\/\/eg-reeds.com\/fr\/#website"},"primaryImageOfPage":{"@id":"https:\/\/eg-reeds.com\/fr\/shop\/accessoires\/couteaux\/couteau-pliant-professionnel-chiarugi\/#primaryimage"},"image":{"@id":"https:\/\/eg-reeds.com\/fr\/shop\/accessoires\/couteaux\/couteau-pliant-professionnel-chiarugi\/#primaryimage"},"thumbnailUrl":"https:\/\/eg-reeds.com\/wp-content\/uploads\/2017\/01\/Folding-knife-Chiarugi.jpg","datePublished":"2015-11-23T18:22:24+00:00","dateModified":"2025-04-01T08:27:58+00:00","description":"Couteau pliant professionnel Chiarugi.\u00a0Couteau \u00e0 lame rasoir professionnel pour la fabrication de roseaux. Pour hautbois et cor anglais.","breadcrumb":{"@id":"https:\/\/eg-reeds.com\/fr\/shop\/accessoires\/couteaux\/couteau-pliant-professionnel-chiarugi\/#breadcrumb"},"inLanguage":"fr-FR","potentialAction":[{"@type":"ReadAction","target":["https:\/\/eg-reeds.com\/fr\/shop\/accessoires\/couteaux\/couteau-pliant-professionnel-chiarugi\/"]}]},{"@type":"ImageObject","inLanguage":"fr-FR","@id":"https:\/\/eg-reeds.com\/fr\/shop\/accessoires\/couteaux\/couteau-pliant-professionnel-chiarugi\/#primaryimage","url":"https:\/\/eg-reeds.com\/wp-content\/uploads\/2017\/01\/Folding-knife-Chiarugi.jpg","contentUrl":"https:\/\/eg-reeds.com\/wp-content\/uploads\/2017\/01\/Folding-knife-Chiarugi.jpg","width":640,"height":544,"caption":"Couteau pliant professionnel Chiarugi"},{"@type":"BreadcrumbList","@id":"https:\/\/eg-reeds.com\/fr\/shop\/accessoires\/couteaux\/couteau-pliant-professionnel-chiarugi\/#breadcrumb","itemListElement":[{"@type":"ListItem","position":1,"name":"Accueil","item":"https:\/\/eg-reeds.com\/fr\/"},{"@type":"ListItem","position":2,"name":"Boutique","item":"https:\/\/eg-reeds.com\/fr\/"},{"@type":"ListItem","position":3,"name":"Couteau pliant professionnel Chiarugi"}]},{"@type":"WebSite","@id":"https:\/\/eg-reeds.com\/fr\/#website","url":"https:\/\/eg-reeds.com\/fr\/","name":"www.eg-reeds.com","description":"Anches hautbois","publisher":{"@id":"https:\/\/eg-reeds.com\/fr\/#organization"},"alternateName":"eg-reeds.com","potentialAction":[{"@type":"SearchAction","target":{"@type":"EntryPoint","urlTemplate":"https:\/\/eg-reeds.com\/fr\/?s={search_term_string}"},"query-input":{"@type":"PropertyValueSpecification","valueRequired":true,"valueName":"search_term_string"}}],"inLanguage":"fr-FR"},{"@type":"Organization","@id":"https:\/\/eg-reeds.com\/fr\/#organization","name":"www.eg-reeds.com","url":"https:\/\/eg-reeds.com\/fr\/","logo":{"@type":"ImageObject","inLanguage":"fr-FR","@id":"https:\/\/eg-reeds.com\/fr\/#\/schema\/logo\/image\/","url":"https:\/\/eg-reeds.com\/wp-content\/uploads\/2024\/06\/Logo-scaled-e1718793906611.jpg","contentUrl":"https:\/\/eg-reeds.com\/wp-content\/uploads\/2024\/06\/Logo-scaled-e1718793906611.jpg","width":1200,"height":493,"caption":"www.eg-reeds.com"},"image":{"@id":"https:\/\/eg-reeds.com\/fr\/#\/schema\/logo\/image\/"},"sameAs":["https:\/\/www.facebook.com\/EGREEDS","https:\/\/x.com\/egreeds","https:\/\/www.instagram.com\/egreeds\/","https:\/\/www.youtube.com\/c\/EGREEDS","https:\/\/www.threads.net\/@egreeds","https:\/\/www.tiktok.com\/@egreeds"]}]},"product_price_amount":"66.90","product_price_currency":"EUR","og_availability":"instock","product_availability":"instock","product_retailer_item_id":"ACNNP","product_condition":"new"},"_links":{"self":[{"href":"https:\/\/eg-reeds.com\/fr\/wp-json\/wp\/v2\/product\/17391","targetHints":{"allow":["GET"]}}],"collection":[{"href":"https:\/\/eg-reeds.com\/fr\/wp-json\/wp\/v2\/product"}],"about":[{"href":"https:\/\/eg-reeds.com\/fr\/wp-json\/wp\/v2\/types\/product"}],"replies":[{"embeddable":true,"href":"https:\/\/eg-reeds.com\/fr\/wp-json\/wp\/v2\/comments?post=17391"}],"wp:featuredmedia":[{"embeddable":true,"href":"https:\/\/eg-reeds.com\/fr\/wp-json\/wp\/v2\/media\/23458"}],"wp:attachment":[{"href":"https:\/\/eg-reeds.com\/fr\/wp-json\/wp\/v2\/media?parent=17391"}],"wp:term":[{"taxonomy":"product_brand","embeddable":true,"href":"https:\/\/eg-reeds.com\/fr\/wp-json\/wp\/v2\/product_brand?post=17391"},{"taxonomy":"product_cat","embeddable":true,"href":"https:\/\/eg-reeds.com\/fr\/wp-json\/wp\/v2\/product_cat?post=17391"},{"taxonomy":"product_tag","embeddable":true,"href":"https:\/\/eg-reeds.com\/fr\/wp-json\/wp\/v2\/product_tag?post=17391"},{"taxonomy":"giftcard-category","embeddable":true,"href":"https:\/\/eg-reeds.com\/fr\/wp-json\/wp\/v2\/giftcard-category?post=17391"}],"curies":[{"name":"wp","href":"https:\/\/api.w.org\/{rel}","templated":true}]}}