{"id":19369,"date":"2016-10-28T20:28:41","date_gmt":"2016-10-28T18:53:29","guid":{"rendered":"http:\/\/eg-reeds.com\/fr\/?post_type=product&#038;p=19369"},"modified":"2019-12-27T18:53:06","modified_gmt":"2019-12-27T17:53:06","slug":"lame-trapezoidale-pour-cutter","status":"publish","type":"product","link":"https:\/\/eg-reeds.com\/fr\/shop\/accessoires\/lame-trapezoidale-pour-cutter\/","title":{"rendered":"Lame trap\u00e9zo\u00efdale pour cutter"},"content":{"rendered":"<h4><strong>Lame trap\u00e9zo\u00efdale pour cutter ( 10 unit\u00e9s ).<\/strong><\/h4>\n<div id=\"tw-target-text-container\" class=\"tw-ta-container tw-nfl\">\u00a0Lame trap\u00e9zo\u00efdale pour cutter.<\/div>\n","protected":false},"excerpt":{"rendered":"<p>Lame trap\u00e9zo\u00efdale pour cutter ( 10 unit\u00e9s ). \u00a0Lame trap\u00e9zo\u00efdale pour cutter.<\/p>\n","protected":false},"featured_media":23425,"comment_status":"open","ping_status":"closed","template":"","meta":[],"product_brand":[],"product_cat":[1415,1487],"product_tag":[3500],"giftcard-category":[],"class_list":{"0":"post-19369","1":"product","2":"type-product","3":"status-publish","4":"has-post-thumbnail","6":"product_cat-accessoires","7":"product_cat-couteaux","8":"product_tag-hautbois-fr","10":"first","11":"outofstock","12":"taxable","13":"shipping-taxable","14":"purchasable","15":"product-type-simple"},"yoast_head":"<!-- This site is optimized with the Yoast SEO Premium plugin v27.0 (Yoast SEO v27.4) - https:\/\/yoast.com\/product\/yoast-seo-premium-wordpress\/ -->\n<title>Lame trap\u00e9zo\u00efdale pour cutter - EG-REEDS<\/title>\n<meta name=\"description\" content=\"Lame trap\u00e9zo\u00efdale pour cutter.\" \/>\n<meta name=\"robots\" content=\"index, follow, max-snippet:-1, max-image-preview:large, max-video-preview:-1\" \/>\n<link rel=\"canonical\" href=\"https:\/\/eg-reeds.com\/fr\/shop\/accessoires\/lame-trapezoidale-pour-cutter\/\" \/>\n<meta property=\"og:locale\" content=\"fr_FR\" \/>\n<meta property=\"og:type\" content=\"article\" \/>\n<meta property=\"og:title\" content=\"Lame trap\u00e9zo\u00efdale pour cutter\" \/>\n<meta property=\"og:description\" content=\"Lame trap\u00e9zo\u00efdale pour cutter.\" \/>\n<meta property=\"og:url\" content=\"https:\/\/eg-reeds.com\/fr\/shop\/accessoires\/lame-trapezoidale-pour-cutter\/\" \/>\n<meta property=\"og:site_name\" content=\"EG-REEDS\" \/>\n<meta property=\"article:publisher\" content=\"https:\/\/www.facebook.com\/EGREEDS\" \/>\n<meta property=\"article:modified_time\" content=\"2019-12-27T17:53:06+00:00\" \/>\n<meta property=\"og:image\" content=\"https:\/\/eg-reeds.com\/wp-content\/uploads\/2017\/01\/Trapezoidal-cutter-blade.jpg\" \/>\n\t<meta property=\"og:image:width\" content=\"640\" \/>\n\t<meta property=\"og:image:height\" content=\"544\" \/>\n\t<meta property=\"og:image:type\" content=\"image\/jpeg\" \/>\n<meta name=\"twitter:card\" content=\"summary_large_image\" \/>\n<meta name=\"twitter:site\" content=\"@egreeds\" \/>\n<meta name=\"twitter:label1\" content=\"Prix\" \/>\n\t<meta name=\"twitter:data1\" content=\"9,00&euro;\" \/>\n\t<meta name=\"twitter:label2\" content=\"Disponibilit\u00e9\" \/>\n\t<meta name=\"twitter:data2\" content=\"Rupture de stock\" \/>\n<script type=\"application\/ld+json\" class=\"yoast-schema-graph\">{\"@context\":\"https:\\\/\\\/schema.org\",\"@graph\":[{\"@type\":[\"WebPage\",\"ItemPage\"],\"@id\":\"https:\\\/\\\/eg-reeds.com\\\/fr\\\/shop\\\/accessoires\\\/lame-trapezoidale-pour-cutter\\\/\",\"url\":\"https:\\\/\\\/eg-reeds.com\\\/fr\\\/shop\\\/accessoires\\\/lame-trapezoidale-pour-cutter\\\/\",\"name\":\"Lame trap\u00e9zo\u00efdale pour cutter - EG-REEDS\",\"isPartOf\":{\"@id\":\"https:\\\/\\\/eg-reeds.com\\\/fr\\\/#website\"},\"primaryImageOfPage\":{\"@id\":\"https:\\\/\\\/eg-reeds.com\\\/fr\\\/shop\\\/accessoires\\\/lame-trapezoidale-pour-cutter\\\/#primaryimage\"},\"image\":{\"@id\":\"https:\\\/\\\/eg-reeds.com\\\/fr\\\/shop\\\/accessoires\\\/lame-trapezoidale-pour-cutter\\\/#primaryimage\"},\"thumbnailUrl\":\"https:\\\/\\\/eg-reeds.com\\\/wp-content\\\/uploads\\\/2017\\\/01\\\/Trapezoidal-cutter-blade.jpg\",\"datePublished\":\"2016-10-28T18:53:29+00:00\",\"dateModified\":\"2019-12-27T17:53:06+00:00\",\"description\":\"Lame trap\u00e9zo\u00efdale pour cutter.\",\"breadcrumb\":{\"@id\":\"https:\\\/\\\/eg-reeds.com\\\/fr\\\/shop\\\/accessoires\\\/lame-trapezoidale-pour-cutter\\\/#breadcrumb\"},\"inLanguage\":\"fr-FR\",\"potentialAction\":[{\"@type\":\"ReadAction\",\"target\":[\"https:\\\/\\\/eg-reeds.com\\\/fr\\\/shop\\\/accessoires\\\/lame-trapezoidale-pour-cutter\\\/\"]}]},{\"@type\":\"ImageObject\",\"inLanguage\":\"fr-FR\",\"@id\":\"https:\\\/\\\/eg-reeds.com\\\/fr\\\/shop\\\/accessoires\\\/lame-trapezoidale-pour-cutter\\\/#primaryimage\",\"url\":\"https:\\\/\\\/eg-reeds.com\\\/wp-content\\\/uploads\\\/2017\\\/01\\\/Trapezoidal-cutter-blade.jpg\",\"contentUrl\":\"https:\\\/\\\/eg-reeds.com\\\/wp-content\\\/uploads\\\/2017\\\/01\\\/Trapezoidal-cutter-blade.jpg\",\"width\":640,\"height\":544,\"caption\":\"Lame trap\u00e9zo\u00efdale pour cutter\"},{\"@type\":\"BreadcrumbList\",\"@id\":\"https:\\\/\\\/eg-reeds.com\\\/fr\\\/shop\\\/accessoires\\\/lame-trapezoidale-pour-cutter\\\/#breadcrumb\",\"itemListElement\":[{\"@type\":\"ListItem\",\"position\":1,\"name\":\"Accueil\",\"item\":\"https:\\\/\\\/eg-reeds.com\\\/fr\\\/\"},{\"@type\":\"ListItem\",\"position\":2,\"name\":\"Boutique\",\"item\":\"https:\\\/\\\/eg-reeds.com\\\/fr\\\/\"},{\"@type\":\"ListItem\",\"position\":3,\"name\":\"Lame trap\u00e9zo\u00efdale pour cutter\"}]},{\"@type\":\"WebSite\",\"@id\":\"https:\\\/\\\/eg-reeds.com\\\/fr\\\/#website\",\"url\":\"https:\\\/\\\/eg-reeds.com\\\/fr\\\/\",\"name\":\"www.eg-reeds.com\",\"description\":\"Anches hautbois\",\"publisher\":{\"@id\":\"https:\\\/\\\/eg-reeds.com\\\/fr\\\/#organization\"},\"alternateName\":\"eg-reeds.com\",\"potentialAction\":[{\"@type\":\"SearchAction\",\"target\":{\"@type\":\"EntryPoint\",\"urlTemplate\":\"https:\\\/\\\/eg-reeds.com\\\/fr\\\/?s={search_term_string}\"},\"query-input\":{\"@type\":\"PropertyValueSpecification\",\"valueRequired\":true,\"valueName\":\"search_term_string\"}}],\"inLanguage\":\"fr-FR\"},{\"@type\":\"Organization\",\"@id\":\"https:\\\/\\\/eg-reeds.com\\\/fr\\\/#organization\",\"name\":\"www.eg-reeds.com\",\"url\":\"https:\\\/\\\/eg-reeds.com\\\/fr\\\/\",\"logo\":{\"@type\":\"ImageObject\",\"inLanguage\":\"fr-FR\",\"@id\":\"https:\\\/\\\/eg-reeds.com\\\/fr\\\/#\\\/schema\\\/logo\\\/image\\\/\",\"url\":\"https:\\\/\\\/eg-reeds.com\\\/wp-content\\\/uploads\\\/2024\\\/06\\\/Logo-scaled-e1718793906611.jpg\",\"contentUrl\":\"https:\\\/\\\/eg-reeds.com\\\/wp-content\\\/uploads\\\/2024\\\/06\\\/Logo-scaled-e1718793906611.jpg\",\"width\":1200,\"height\":493,\"caption\":\"www.eg-reeds.com\"},\"image\":{\"@id\":\"https:\\\/\\\/eg-reeds.com\\\/fr\\\/#\\\/schema\\\/logo\\\/image\\\/\"},\"sameAs\":[\"https:\\\/\\\/www.facebook.com\\\/EGREEDS\",\"https:\\\/\\\/x.com\\\/egreeds\",\"https:\\\/\\\/www.instagram.com\\\/egreeds\\\/\",\"https:\\\/\\\/www.youtube.com\\\/c\\\/EGREEDS\",\"https:\\\/\\\/www.threads.net\\\/@egreeds\",\"https:\\\/\\\/www.tiktok.com\\\/@egreeds\"]}]}<\/script>\n<meta property=\"product:price:amount\" content=\"9.00\" \/>\n<meta property=\"product:price:currency\" content=\"EUR\" \/>\n<meta property=\"og:availability\" content=\"out of stock\" \/>\n<meta property=\"product:availability\" content=\"out of stock\" \/>\n<meta property=\"product:retailer_item_id\" content=\"ACNC\" \/>\n<meta property=\"product:condition\" content=\"new\" \/>\n<!-- \/ Yoast SEO Premium plugin. -->","yoast_head_json":{"title":"Lame trap\u00e9zo\u00efdale pour cutter - EG-REEDS","description":"Lame trap\u00e9zo\u00efdale pour cutter.","robots":{"index":"index","follow":"follow","max-snippet":"max-snippet:-1","max-image-preview":"max-image-preview:large","max-video-preview":"max-video-preview:-1"},"canonical":"https:\/\/eg-reeds.com\/fr\/shop\/accessoires\/lame-trapezoidale-pour-cutter\/","og_locale":"fr_FR","og_type":"article","og_title":"Lame trap\u00e9zo\u00efdale pour cutter","og_description":"Lame trap\u00e9zo\u00efdale pour cutter.","og_url":"https:\/\/eg-reeds.com\/fr\/shop\/accessoires\/lame-trapezoidale-pour-cutter\/","og_site_name":"EG-REEDS","article_publisher":"https:\/\/www.facebook.com\/EGREEDS","article_modified_time":"2019-12-27T17:53:06+00:00","og_image":[{"width":640,"height":544,"url":"https:\/\/eg-reeds.com\/wp-content\/uploads\/2017\/01\/Trapezoidal-cutter-blade.jpg","type":"image\/jpeg"}],"twitter_card":"summary_large_image","twitter_site":"@egreeds","twitter_misc":{"Prix":"9,00&euro;","Disponibilit\u00e9":"Rupture de stock"},"schema":{"@context":"https:\/\/schema.org","@graph":[{"@type":["WebPage","ItemPage"],"@id":"https:\/\/eg-reeds.com\/fr\/shop\/accessoires\/lame-trapezoidale-pour-cutter\/","url":"https:\/\/eg-reeds.com\/fr\/shop\/accessoires\/lame-trapezoidale-pour-cutter\/","name":"Lame trap\u00e9zo\u00efdale pour cutter - EG-REEDS","isPartOf":{"@id":"https:\/\/eg-reeds.com\/fr\/#website"},"primaryImageOfPage":{"@id":"https:\/\/eg-reeds.com\/fr\/shop\/accessoires\/lame-trapezoidale-pour-cutter\/#primaryimage"},"image":{"@id":"https:\/\/eg-reeds.com\/fr\/shop\/accessoires\/lame-trapezoidale-pour-cutter\/#primaryimage"},"thumbnailUrl":"https:\/\/eg-reeds.com\/wp-content\/uploads\/2017\/01\/Trapezoidal-cutter-blade.jpg","datePublished":"2016-10-28T18:53:29+00:00","dateModified":"2019-12-27T17:53:06+00:00","description":"Lame trap\u00e9zo\u00efdale pour cutter.","breadcrumb":{"@id":"https:\/\/eg-reeds.com\/fr\/shop\/accessoires\/lame-trapezoidale-pour-cutter\/#breadcrumb"},"inLanguage":"fr-FR","potentialAction":[{"@type":"ReadAction","target":["https:\/\/eg-reeds.com\/fr\/shop\/accessoires\/lame-trapezoidale-pour-cutter\/"]}]},{"@type":"ImageObject","inLanguage":"fr-FR","@id":"https:\/\/eg-reeds.com\/fr\/shop\/accessoires\/lame-trapezoidale-pour-cutter\/#primaryimage","url":"https:\/\/eg-reeds.com\/wp-content\/uploads\/2017\/01\/Trapezoidal-cutter-blade.jpg","contentUrl":"https:\/\/eg-reeds.com\/wp-content\/uploads\/2017\/01\/Trapezoidal-cutter-blade.jpg","width":640,"height":544,"caption":"Lame trap\u00e9zo\u00efdale pour cutter"},{"@type":"BreadcrumbList","@id":"https:\/\/eg-reeds.com\/fr\/shop\/accessoires\/lame-trapezoidale-pour-cutter\/#breadcrumb","itemListElement":[{"@type":"ListItem","position":1,"name":"Accueil","item":"https:\/\/eg-reeds.com\/fr\/"},{"@type":"ListItem","position":2,"name":"Boutique","item":"https:\/\/eg-reeds.com\/fr\/"},{"@type":"ListItem","position":3,"name":"Lame trap\u00e9zo\u00efdale pour cutter"}]},{"@type":"WebSite","@id":"https:\/\/eg-reeds.com\/fr\/#website","url":"https:\/\/eg-reeds.com\/fr\/","name":"www.eg-reeds.com","description":"Anches hautbois","publisher":{"@id":"https:\/\/eg-reeds.com\/fr\/#organization"},"alternateName":"eg-reeds.com","potentialAction":[{"@type":"SearchAction","target":{"@type":"EntryPoint","urlTemplate":"https:\/\/eg-reeds.com\/fr\/?s={search_term_string}"},"query-input":{"@type":"PropertyValueSpecification","valueRequired":true,"valueName":"search_term_string"}}],"inLanguage":"fr-FR"},{"@type":"Organization","@id":"https:\/\/eg-reeds.com\/fr\/#organization","name":"www.eg-reeds.com","url":"https:\/\/eg-reeds.com\/fr\/","logo":{"@type":"ImageObject","inLanguage":"fr-FR","@id":"https:\/\/eg-reeds.com\/fr\/#\/schema\/logo\/image\/","url":"https:\/\/eg-reeds.com\/wp-content\/uploads\/2024\/06\/Logo-scaled-e1718793906611.jpg","contentUrl":"https:\/\/eg-reeds.com\/wp-content\/uploads\/2024\/06\/Logo-scaled-e1718793906611.jpg","width":1200,"height":493,"caption":"www.eg-reeds.com"},"image":{"@id":"https:\/\/eg-reeds.com\/fr\/#\/schema\/logo\/image\/"},"sameAs":["https:\/\/www.facebook.com\/EGREEDS","https:\/\/x.com\/egreeds","https:\/\/www.instagram.com\/egreeds\/","https:\/\/www.youtube.com\/c\/EGREEDS","https:\/\/www.threads.net\/@egreeds","https:\/\/www.tiktok.com\/@egreeds"]}]},"product_price_amount":"9.00","product_price_currency":"EUR","og_availability":"out of stock","product_availability":"out of stock","product_retailer_item_id":"ACNC","product_condition":"new"},"_links":{"self":[{"href":"https:\/\/eg-reeds.com\/fr\/wp-json\/wp\/v2\/product\/19369","targetHints":{"allow":["GET"]}}],"collection":[{"href":"https:\/\/eg-reeds.com\/fr\/wp-json\/wp\/v2\/product"}],"about":[{"href":"https:\/\/eg-reeds.com\/fr\/wp-json\/wp\/v2\/types\/product"}],"replies":[{"embeddable":true,"href":"https:\/\/eg-reeds.com\/fr\/wp-json\/wp\/v2\/comments?post=19369"}],"wp:featuredmedia":[{"embeddable":true,"href":"https:\/\/eg-reeds.com\/fr\/wp-json\/wp\/v2\/media\/23425"}],"wp:attachment":[{"href":"https:\/\/eg-reeds.com\/fr\/wp-json\/wp\/v2\/media?parent=19369"}],"wp:term":[{"taxonomy":"product_brand","embeddable":true,"href":"https:\/\/eg-reeds.com\/fr\/wp-json\/wp\/v2\/product_brand?post=19369"},{"taxonomy":"product_cat","embeddable":true,"href":"https:\/\/eg-reeds.com\/fr\/wp-json\/wp\/v2\/product_cat?post=19369"},{"taxonomy":"product_tag","embeddable":true,"href":"https:\/\/eg-reeds.com\/fr\/wp-json\/wp\/v2\/product_tag?post=19369"},{"taxonomy":"giftcard-category","embeddable":true,"href":"https:\/\/eg-reeds.com\/fr\/wp-json\/wp\/v2\/giftcard-category?post=19369"}],"curies":[{"name":"wp","href":"https:\/\/api.w.org\/{rel}","templated":true}]}}