{"id":26103,"date":"2017-04-27T10:19:15","date_gmt":"2017-04-27T10:19:15","guid":{"rendered":"http:\/\/eg-reeds.com\/fr\/shop\/machines\/reeds-n-stuff-fr\/machine-a-gratter-reeds-n-stuff\/"},"modified":"2023-09-14T19:38:21","modified_gmt":"2023-09-14T17:38:21","slug":"machine-a-gratter-reeds-n-stuff","status":"publish","type":"product","link":"https:\/\/eg-reeds.com\/fr\/shop\/machines\/machines-reeds-n-stuff\/machine-a-gratter-reeds-n-stuff\/","title":{"rendered":"Machine \u00e0 gratter Reeds &lsquo;n stuff"},"content":{"rendered":"<h1><strong>Machine \u00e0 gratter Reeds &lsquo;n stuff.<\/strong><\/h1>\n<p><a href=\"http:\/\/eg-reeds.com\/template-list-reeds-n-stuff\/\" target=\"_blank\" rel=\"noopener noreferrer\">Liste\u00a0des mod\u00e8les<\/a><\/p>\n<p>\u00c9TUI: inclus dans le prix.<\/p>\n<h4>Egalement disponible pour cor anglais, hautbois d&rsquo;amour, hautbois viennois, hautbois baroque et hautbois basse. Contactez nous s&rsquo;il vous plait.<\/h4>\n<h4><strong>Profiling machine Reeds &lsquo;n Stuff<\/strong><\/h4>\n<p>Profiling machine Reeds &lsquo;n Stuff for oboe reeds. Three things lead to incomparable sound and resonance: our vast assortment of templates, the length of scrape adjustments, and tongues. They allow flexibility; and more than that, perfect reeds.<\/p>\n<h4><strong>Accuracy and Adjustment<\/strong><\/h4>\n<p>Our blade is extra hardened and formed into a rounded shape with a diamond grinding stone. This allows the reproduction of even the most detailed reed profiles. When exchanging the knife, the blade adjustment dial indicator makes it incredibly easy to set the perfect blade position.<\/p>\n<h4><strong><img loading=\"lazy\" decoding=\"async\" class=\"wp-image-29639 size-medium aligncenter\" src=\"http:\/\/eg-reeds.com\/wp-content\/uploads\/2017\/04\/detail_f10-13200-0010_01.jpg\" alt=\"Transport bag oboe profiling machine\" width=\"300\" height=\"240\" srcset=\"https:\/\/eg-reeds.com\/wp-content\/uploads\/2017\/04\/detail_f10-13200-0010_01.jpg 1500w, https:\/\/eg-reeds.com\/wp-content\/uploads\/2017\/04\/detail_f10-13200-0010_01-600x480.jpg 600w\" sizes=\"auto, (max-width: 300px) 100vw, 300px\" \/>Transport Bag included.<\/strong><\/h4>\n<p>The Reeds &lsquo;n Stuff transport case features a simple design that&rsquo;s easy to use. The foam interior allows a safe transport and provides a snug fit. The tools to use the machine can be stored in the zipper closed compartment on top of the case. The handle gives Portability wherever you need it.<\/p>\n<h4><strong>Simple use.<\/strong><\/h4>\n<p>Made for precise results and simple use.<\/p>\n<p>&nbsp;<\/p>\n<p><iframe loading=\"lazy\" title=\"Reeds\u00b4n stuff profiling machine demo by Udo Heng\" width=\"1020\" height=\"574\" src=\"https:\/\/www.youtube.com\/embed\/26PPs7VpWDI?feature=oembed\" frameborder=\"0\" allow=\"accelerometer; autoplay; clipboard-write; encrypted-media; gyroscope; picture-in-picture; web-share\" referrerpolicy=\"strict-origin-when-cross-origin\" allowfullscreen><\/iframe><\/p>\n","protected":false},"excerpt":{"rendered":"<p><a href=\"http:\/\/eg-reeds.com\/template-list-reeds-n-stuff\/\" target=\"_blank\" rel=\"noopener noreferrer\">Liste\u00a0des mod\u00e8les<\/a><\/p>\n","protected":false},"featured_media":26342,"comment_status":"open","ping_status":"closed","template":"","meta":[],"product_brand":[],"product_cat":[2922],"product_tag":[],"giftcard-category":[],"class_list":{"0":"post-26103","1":"product","2":"type-product","3":"status-publish","4":"has-post-thumbnail","6":"product_cat-machines-reeds-n-stuff","7":"product_shipping_class-rmm-fr","9":"first","10":"instock","11":"sold-individually","12":"taxable","13":"shipping-taxable","14":"purchasable","15":"product-type-variable"},"yoast_head":"<!-- This site is optimized with the Yoast SEO Premium plugin v27.0 (Yoast SEO v27.4) - https:\/\/yoast.com\/product\/yoast-seo-premium-wordpress\/ -->\n<title>Machine \u00e0 gratter Reeds &#039;n stuff - EG-REEDS<\/title>\n<meta name=\"description\" content=\"Machine \u00e0 gratter Reeds &#039;n stuff, Machine \u00e0 gratter, Reeds &#039;n stuff, hautbois anches, anches hautbois, gratter anches, machine gratter hautbois\" \/>\n<meta name=\"robots\" content=\"index, follow, max-snippet:-1, max-image-preview:large, max-video-preview:-1\" \/>\n<link rel=\"canonical\" href=\"https:\/\/eg-reeds.com\/fr\/shop\/machines\/machines-reeds-n-stuff\/machine-a-gratter-reeds-n-stuff\/\" \/>\n<meta property=\"og:locale\" content=\"fr_FR\" \/>\n<meta property=\"og:type\" content=\"article\" \/>\n<meta property=\"og:title\" content=\"Machine \u00e0 gratter Reeds &#039;n stuff\" \/>\n<meta property=\"og:description\" content=\"Machine \u00e0 gratter Reeds &#039;n stuff, Machine \u00e0 gratter, Reeds &#039;n stuff, hautbois anches, anches hautbois, gratter anches, machine gratter hautbois\" \/>\n<meta property=\"og:url\" content=\"https:\/\/eg-reeds.com\/fr\/shop\/machines\/machines-reeds-n-stuff\/machine-a-gratter-reeds-n-stuff\/\" \/>\n<meta property=\"og:site_name\" content=\"EG-REEDS\" \/>\n<meta property=\"article:publisher\" content=\"https:\/\/www.facebook.com\/EGREEDS\" \/>\n<meta property=\"article:modified_time\" content=\"2023-09-14T17:38:21+00:00\" \/>\n<meta property=\"og:image\" content=\"https:\/\/eg-reeds.com\/wp-content\/uploads\/2017\/04\/Reeds-n-Stuff-profiling-machine-1.jpg\" \/>\n\t<meta property=\"og:image:width\" content=\"640\" \/>\n\t<meta property=\"og:image:height\" content=\"544\" \/>\n\t<meta property=\"og:image:type\" content=\"image\/jpeg\" \/>\n<meta name=\"twitter:card\" content=\"summary_large_image\" \/>\n<meta name=\"twitter:site\" content=\"@egreeds\" \/>\n<meta name=\"twitter:label1\" content=\"Disponibilit\u00e9\" \/>\n\t<meta name=\"twitter:data1\" content=\"En stock\" \/>\n<script type=\"application\/ld+json\" class=\"yoast-schema-graph\">{\"@context\":\"https:\\\/\\\/schema.org\",\"@graph\":[{\"@type\":[\"WebPage\",\"ItemPage\"],\"@id\":\"https:\\\/\\\/eg-reeds.com\\\/fr\\\/shop\\\/machines\\\/machines-reeds-n-stuff\\\/machine-a-gratter-reeds-n-stuff\\\/\",\"url\":\"https:\\\/\\\/eg-reeds.com\\\/fr\\\/shop\\\/machines\\\/machines-reeds-n-stuff\\\/machine-a-gratter-reeds-n-stuff\\\/\",\"name\":\"Machine \u00e0 gratter Reeds 'n stuff - EG-REEDS\",\"isPartOf\":{\"@id\":\"https:\\\/\\\/eg-reeds.com\\\/fr\\\/#website\"},\"primaryImageOfPage\":{\"@id\":\"https:\\\/\\\/eg-reeds.com\\\/fr\\\/shop\\\/machines\\\/machines-reeds-n-stuff\\\/machine-a-gratter-reeds-n-stuff\\\/#primaryimage\"},\"image\":{\"@id\":\"https:\\\/\\\/eg-reeds.com\\\/fr\\\/shop\\\/machines\\\/machines-reeds-n-stuff\\\/machine-a-gratter-reeds-n-stuff\\\/#primaryimage\"},\"thumbnailUrl\":\"https:\\\/\\\/eg-reeds.com\\\/wp-content\\\/uploads\\\/2017\\\/04\\\/Reeds-n-Stuff-profiling-machine-1.jpg\",\"datePublished\":\"2017-04-27T10:19:15+00:00\",\"dateModified\":\"2023-09-14T17:38:21+00:00\",\"description\":\"Machine \u00e0 gratter Reeds 'n stuff, Machine \u00e0 gratter, Reeds 'n stuff, hautbois anches, anches hautbois, gratter anches, machine gratter hautbois\",\"breadcrumb\":{\"@id\":\"https:\\\/\\\/eg-reeds.com\\\/fr\\\/shop\\\/machines\\\/machines-reeds-n-stuff\\\/machine-a-gratter-reeds-n-stuff\\\/#breadcrumb\"},\"inLanguage\":\"fr-FR\",\"potentialAction\":[{\"@type\":\"ReadAction\",\"target\":[\"https:\\\/\\\/eg-reeds.com\\\/fr\\\/shop\\\/machines\\\/machines-reeds-n-stuff\\\/machine-a-gratter-reeds-n-stuff\\\/\"]}]},{\"@type\":\"ImageObject\",\"inLanguage\":\"fr-FR\",\"@id\":\"https:\\\/\\\/eg-reeds.com\\\/fr\\\/shop\\\/machines\\\/machines-reeds-n-stuff\\\/machine-a-gratter-reeds-n-stuff\\\/#primaryimage\",\"url\":\"https:\\\/\\\/eg-reeds.com\\\/wp-content\\\/uploads\\\/2017\\\/04\\\/Reeds-n-Stuff-profiling-machine-1.jpg\",\"contentUrl\":\"https:\\\/\\\/eg-reeds.com\\\/wp-content\\\/uploads\\\/2017\\\/04\\\/Reeds-n-Stuff-profiling-machine-1.jpg\",\"width\":640,\"height\":544,\"caption\":\"Machine \u00e0 gratter Reeds 'n stuff\"},{\"@type\":\"BreadcrumbList\",\"@id\":\"https:\\\/\\\/eg-reeds.com\\\/fr\\\/shop\\\/machines\\\/machines-reeds-n-stuff\\\/machine-a-gratter-reeds-n-stuff\\\/#breadcrumb\",\"itemListElement\":[{\"@type\":\"ListItem\",\"position\":1,\"name\":\"Accueil\",\"item\":\"https:\\\/\\\/eg-reeds.com\\\/fr\\\/\"},{\"@type\":\"ListItem\",\"position\":2,\"name\":\"Boutique\",\"item\":\"https:\\\/\\\/eg-reeds.com\\\/fr\\\/\"},{\"@type\":\"ListItem\",\"position\":3,\"name\":\"Machine \u00e0 gratter Reeds &lsquo;n stuff\"}]},{\"@type\":\"WebSite\",\"@id\":\"https:\\\/\\\/eg-reeds.com\\\/fr\\\/#website\",\"url\":\"https:\\\/\\\/eg-reeds.com\\\/fr\\\/\",\"name\":\"www.eg-reeds.com\",\"description\":\"Anches hautbois\",\"publisher\":{\"@id\":\"https:\\\/\\\/eg-reeds.com\\\/fr\\\/#organization\"},\"alternateName\":\"eg-reeds.com\",\"potentialAction\":[{\"@type\":\"SearchAction\",\"target\":{\"@type\":\"EntryPoint\",\"urlTemplate\":\"https:\\\/\\\/eg-reeds.com\\\/fr\\\/?s={search_term_string}\"},\"query-input\":{\"@type\":\"PropertyValueSpecification\",\"valueRequired\":true,\"valueName\":\"search_term_string\"}}],\"inLanguage\":\"fr-FR\"},{\"@type\":\"Organization\",\"@id\":\"https:\\\/\\\/eg-reeds.com\\\/fr\\\/#organization\",\"name\":\"www.eg-reeds.com\",\"url\":\"https:\\\/\\\/eg-reeds.com\\\/fr\\\/\",\"logo\":{\"@type\":\"ImageObject\",\"inLanguage\":\"fr-FR\",\"@id\":\"https:\\\/\\\/eg-reeds.com\\\/fr\\\/#\\\/schema\\\/logo\\\/image\\\/\",\"url\":\"https:\\\/\\\/eg-reeds.com\\\/wp-content\\\/uploads\\\/2024\\\/06\\\/Logo-scaled-e1718793906611.jpg\",\"contentUrl\":\"https:\\\/\\\/eg-reeds.com\\\/wp-content\\\/uploads\\\/2024\\\/06\\\/Logo-scaled-e1718793906611.jpg\",\"width\":1200,\"height\":493,\"caption\":\"www.eg-reeds.com\"},\"image\":{\"@id\":\"https:\\\/\\\/eg-reeds.com\\\/fr\\\/#\\\/schema\\\/logo\\\/image\\\/\"},\"sameAs\":[\"https:\\\/\\\/www.facebook.com\\\/EGREEDS\",\"https:\\\/\\\/x.com\\\/egreeds\",\"https:\\\/\\\/www.instagram.com\\\/egreeds\\\/\",\"https:\\\/\\\/www.youtube.com\\\/c\\\/EGREEDS\",\"https:\\\/\\\/www.threads.net\\\/@egreeds\",\"https:\\\/\\\/www.tiktok.com\\\/@egreeds\"]}]}<\/script>\n<meta property=\"og:availability\" content=\"instock\" \/>\n<meta property=\"product:availability\" content=\"instock\" \/>\n<meta property=\"product:retailer_item_id\" content=\"MRSR - F10-13200\" \/>\n<meta property=\"product:condition\" content=\"new\" \/>\n<!-- \/ Yoast SEO Premium plugin. -->","yoast_head_json":{"title":"Machine \u00e0 gratter Reeds 'n stuff - EG-REEDS","description":"Machine \u00e0 gratter Reeds 'n stuff, Machine \u00e0 gratter, Reeds 'n stuff, hautbois anches, anches hautbois, gratter anches, machine gratter hautbois","robots":{"index":"index","follow":"follow","max-snippet":"max-snippet:-1","max-image-preview":"max-image-preview:large","max-video-preview":"max-video-preview:-1"},"canonical":"https:\/\/eg-reeds.com\/fr\/shop\/machines\/machines-reeds-n-stuff\/machine-a-gratter-reeds-n-stuff\/","og_locale":"fr_FR","og_type":"article","og_title":"Machine \u00e0 gratter Reeds 'n stuff","og_description":"Machine \u00e0 gratter Reeds 'n stuff, Machine \u00e0 gratter, Reeds 'n stuff, hautbois anches, anches hautbois, gratter anches, machine gratter hautbois","og_url":"https:\/\/eg-reeds.com\/fr\/shop\/machines\/machines-reeds-n-stuff\/machine-a-gratter-reeds-n-stuff\/","og_site_name":"EG-REEDS","article_publisher":"https:\/\/www.facebook.com\/EGREEDS","article_modified_time":"2023-09-14T17:38:21+00:00","og_image":[{"width":640,"height":544,"url":"https:\/\/eg-reeds.com\/wp-content\/uploads\/2017\/04\/Reeds-n-Stuff-profiling-machine-1.jpg","type":"image\/jpeg"}],"twitter_card":"summary_large_image","twitter_site":"@egreeds","twitter_misc":{"Disponibilit\u00e9":"En stock"},"schema":{"@context":"https:\/\/schema.org","@graph":[{"@type":["WebPage","ItemPage"],"@id":"https:\/\/eg-reeds.com\/fr\/shop\/machines\/machines-reeds-n-stuff\/machine-a-gratter-reeds-n-stuff\/","url":"https:\/\/eg-reeds.com\/fr\/shop\/machines\/machines-reeds-n-stuff\/machine-a-gratter-reeds-n-stuff\/","name":"Machine \u00e0 gratter Reeds 'n stuff - EG-REEDS","isPartOf":{"@id":"https:\/\/eg-reeds.com\/fr\/#website"},"primaryImageOfPage":{"@id":"https:\/\/eg-reeds.com\/fr\/shop\/machines\/machines-reeds-n-stuff\/machine-a-gratter-reeds-n-stuff\/#primaryimage"},"image":{"@id":"https:\/\/eg-reeds.com\/fr\/shop\/machines\/machines-reeds-n-stuff\/machine-a-gratter-reeds-n-stuff\/#primaryimage"},"thumbnailUrl":"https:\/\/eg-reeds.com\/wp-content\/uploads\/2017\/04\/Reeds-n-Stuff-profiling-machine-1.jpg","datePublished":"2017-04-27T10:19:15+00:00","dateModified":"2023-09-14T17:38:21+00:00","description":"Machine \u00e0 gratter Reeds 'n stuff, Machine \u00e0 gratter, Reeds 'n stuff, hautbois anches, anches hautbois, gratter anches, machine gratter hautbois","breadcrumb":{"@id":"https:\/\/eg-reeds.com\/fr\/shop\/machines\/machines-reeds-n-stuff\/machine-a-gratter-reeds-n-stuff\/#breadcrumb"},"inLanguage":"fr-FR","potentialAction":[{"@type":"ReadAction","target":["https:\/\/eg-reeds.com\/fr\/shop\/machines\/machines-reeds-n-stuff\/machine-a-gratter-reeds-n-stuff\/"]}]},{"@type":"ImageObject","inLanguage":"fr-FR","@id":"https:\/\/eg-reeds.com\/fr\/shop\/machines\/machines-reeds-n-stuff\/machine-a-gratter-reeds-n-stuff\/#primaryimage","url":"https:\/\/eg-reeds.com\/wp-content\/uploads\/2017\/04\/Reeds-n-Stuff-profiling-machine-1.jpg","contentUrl":"https:\/\/eg-reeds.com\/wp-content\/uploads\/2017\/04\/Reeds-n-Stuff-profiling-machine-1.jpg","width":640,"height":544,"caption":"Machine \u00e0 gratter Reeds 'n stuff"},{"@type":"BreadcrumbList","@id":"https:\/\/eg-reeds.com\/fr\/shop\/machines\/machines-reeds-n-stuff\/machine-a-gratter-reeds-n-stuff\/#breadcrumb","itemListElement":[{"@type":"ListItem","position":1,"name":"Accueil","item":"https:\/\/eg-reeds.com\/fr\/"},{"@type":"ListItem","position":2,"name":"Boutique","item":"https:\/\/eg-reeds.com\/fr\/"},{"@type":"ListItem","position":3,"name":"Machine \u00e0 gratter Reeds &lsquo;n stuff"}]},{"@type":"WebSite","@id":"https:\/\/eg-reeds.com\/fr\/#website","url":"https:\/\/eg-reeds.com\/fr\/","name":"www.eg-reeds.com","description":"Anches hautbois","publisher":{"@id":"https:\/\/eg-reeds.com\/fr\/#organization"},"alternateName":"eg-reeds.com","potentialAction":[{"@type":"SearchAction","target":{"@type":"EntryPoint","urlTemplate":"https:\/\/eg-reeds.com\/fr\/?s={search_term_string}"},"query-input":{"@type":"PropertyValueSpecification","valueRequired":true,"valueName":"search_term_string"}}],"inLanguage":"fr-FR"},{"@type":"Organization","@id":"https:\/\/eg-reeds.com\/fr\/#organization","name":"www.eg-reeds.com","url":"https:\/\/eg-reeds.com\/fr\/","logo":{"@type":"ImageObject","inLanguage":"fr-FR","@id":"https:\/\/eg-reeds.com\/fr\/#\/schema\/logo\/image\/","url":"https:\/\/eg-reeds.com\/wp-content\/uploads\/2024\/06\/Logo-scaled-e1718793906611.jpg","contentUrl":"https:\/\/eg-reeds.com\/wp-content\/uploads\/2024\/06\/Logo-scaled-e1718793906611.jpg","width":1200,"height":493,"caption":"www.eg-reeds.com"},"image":{"@id":"https:\/\/eg-reeds.com\/fr\/#\/schema\/logo\/image\/"},"sameAs":["https:\/\/www.facebook.com\/EGREEDS","https:\/\/x.com\/egreeds","https:\/\/www.instagram.com\/egreeds\/","https:\/\/www.youtube.com\/c\/EGREEDS","https:\/\/www.threads.net\/@egreeds","https:\/\/www.tiktok.com\/@egreeds"]}]},"og_availability":"instock","product_availability":"instock","product_retailer_item_id":"MRSR - F10-13200","product_condition":"new"},"_links":{"self":[{"href":"https:\/\/eg-reeds.com\/fr\/wp-json\/wp\/v2\/product\/26103","targetHints":{"allow":["GET"]}}],"collection":[{"href":"https:\/\/eg-reeds.com\/fr\/wp-json\/wp\/v2\/product"}],"about":[{"href":"https:\/\/eg-reeds.com\/fr\/wp-json\/wp\/v2\/types\/product"}],"replies":[{"embeddable":true,"href":"https:\/\/eg-reeds.com\/fr\/wp-json\/wp\/v2\/comments?post=26103"}],"wp:featuredmedia":[{"embeddable":true,"href":"https:\/\/eg-reeds.com\/fr\/wp-json\/wp\/v2\/media\/26342"}],"wp:attachment":[{"href":"https:\/\/eg-reeds.com\/fr\/wp-json\/wp\/v2\/media?parent=26103"}],"wp:term":[{"taxonomy":"product_brand","embeddable":true,"href":"https:\/\/eg-reeds.com\/fr\/wp-json\/wp\/v2\/product_brand?post=26103"},{"taxonomy":"product_cat","embeddable":true,"href":"https:\/\/eg-reeds.com\/fr\/wp-json\/wp\/v2\/product_cat?post=26103"},{"taxonomy":"product_tag","embeddable":true,"href":"https:\/\/eg-reeds.com\/fr\/wp-json\/wp\/v2\/product_tag?post=26103"},{"taxonomy":"giftcard-category","embeddable":true,"href":"https:\/\/eg-reeds.com\/fr\/wp-json\/wp\/v2\/giftcard-category?post=26103"}],"curies":[{"name":"wp","href":"https:\/\/api.w.org\/{rel}","templated":true}]}}