{"id":27258,"date":"2017-10-14T11:04:37","date_gmt":"2017-10-14T10:04:37","guid":{"rendered":"http:\/\/eg-reeds.com\/fr\/shop\/tubes\/tube-hautbois-chiarugi-set-de-5\/"},"modified":"2025-02-04T11:10:26","modified_gmt":"2025-02-04T10:10:26","slug":"tubes-hautbois-chiarugi-set-de-5","status":"publish","type":"product","link":"https:\/\/eg-reeds.com\/fr\/shop\/tubes\/tubes-hautbois\/chiarugi-fr\/tubes-hautbois-chiarugi-set-de-5\/","title":{"rendered":"Tubes hautbois Chiarugi (set de 5)"},"content":{"rendered":"<h1><strong>Tubes hautbois Chiarugi (set de 5).<\/strong><\/h1>\n<p>Tubes hautbois Chiarugi (set de 5). Set de tubes interchangeables pour hautbois (45 &#8211; 48 mm). Tubes de hautbois Chiarugi. <strong>Set de 5 tudels interchangeables<\/strong> en laiton pour hautbois (45-48mm). D\u00e9couvrez la flexibilit\u00e9 du set de 5 tubes Chiarugi pour hautbois, fabriqu\u00e9s en laiton de haute qualit\u00e9 et dot\u00e9s d&rsquo;un design interchangeable. Gr\u00e2ce \u00e0 leurs tailles <strong>45, 46, 47 et 48 mm<\/strong>, vous pouvez utiliser le m\u00eame anche sur diff\u00e9rents tubes pour trouver celui qui vous convient parfaitement.<\/p>\n","protected":false},"excerpt":{"rendered":"<p>Set de tubes interchangeables pour hautbois<\/p>\n","protected":false},"featured_media":27958,"comment_status":"closed","ping_status":"closed","template":"","meta":[],"product_brand":[],"product_cat":[5869,418,1170],"product_tag":[],"giftcard-category":[],"class_list":{"0":"post-27258","1":"product","2":"type-product","3":"status-publish","4":"has-post-thumbnail","6":"product_cat-chiarugi-fr","7":"product_cat-tubes","8":"product_cat-tubes-hautbois","10":"first","11":"instock","12":"taxable","13":"shipping-taxable","14":"purchasable","15":"product-type-simple"},"yoast_head":"<!-- This site is optimized with the Yoast SEO Premium plugin v27.0 (Yoast SEO v27.4) - https:\/\/yoast.com\/product\/yoast-seo-premium-wordpress\/ -->\n<title>Tubes hautbois Chiarugi (set de 5) - EG-REEDS<\/title>\n<meta name=\"description\" content=\"Tubes hautbois Chiarugi (set de 5), Tubes hautbois Chiarugi (set de 5), Set de tubes interchangeables pour hautbois (45 - 48 mm), kit tubes hautbois\" \/>\n<meta name=\"robots\" content=\"index, follow, max-snippet:-1, max-image-preview:large, max-video-preview:-1\" \/>\n<link rel=\"canonical\" href=\"https:\/\/eg-reeds.com\/fr\/shop\/tubes\/tubes-hautbois\/chiarugi-fr\/tubes-hautbois-chiarugi-set-de-5\/\" \/>\n<meta property=\"og:locale\" content=\"fr_FR\" \/>\n<meta property=\"og:type\" content=\"article\" \/>\n<meta property=\"og:title\" content=\"Tubes hautbois Chiarugi (set de 5)\" \/>\n<meta property=\"og:description\" content=\"Tubes hautbois Chiarugi (set de 5), Tubes hautbois Chiarugi (set de 5), Set de tubes interchangeables pour hautbois (45 - 48 mm), kit tubes hautbois\" \/>\n<meta property=\"og:url\" content=\"https:\/\/eg-reeds.com\/fr\/shop\/tubes\/tubes-hautbois\/chiarugi-fr\/tubes-hautbois-chiarugi-set-de-5\/\" \/>\n<meta property=\"og:site_name\" content=\"EG-REEDS\" \/>\n<meta property=\"article:publisher\" content=\"https:\/\/www.facebook.com\/EGREEDS\" \/>\n<meta property=\"article:modified_time\" content=\"2025-02-04T10:10:26+00:00\" \/>\n<meta property=\"og:image\" content=\"https:\/\/eg-reeds.com\/wp-content\/uploads\/2017\/10\/Set-oboe-staples-Chiarugi.jpg\" \/>\n\t<meta property=\"og:image:width\" content=\"640\" \/>\n\t<meta property=\"og:image:height\" content=\"544\" \/>\n\t<meta property=\"og:image:type\" content=\"image\/jpeg\" \/>\n<meta name=\"twitter:card\" content=\"summary_large_image\" \/>\n<meta name=\"twitter:site\" content=\"@egreeds\" \/>\n<meta name=\"twitter:label1\" content=\"Prix\" \/>\n\t<meta name=\"twitter:data1\" content=\"25,00&euro;\" \/>\n\t<meta name=\"twitter:label2\" content=\"Disponibilit\u00e9\" \/>\n\t<meta name=\"twitter:data2\" content=\"En stock\" \/>\n<script type=\"application\/ld+json\" class=\"yoast-schema-graph\">{\"@context\":\"https:\\\/\\\/schema.org\",\"@graph\":[{\"@type\":[\"WebPage\",\"ItemPage\"],\"@id\":\"https:\\\/\\\/eg-reeds.com\\\/fr\\\/shop\\\/tubes\\\/tubes-hautbois\\\/chiarugi-fr\\\/tubes-hautbois-chiarugi-set-de-5\\\/\",\"url\":\"https:\\\/\\\/eg-reeds.com\\\/fr\\\/shop\\\/tubes\\\/tubes-hautbois\\\/chiarugi-fr\\\/tubes-hautbois-chiarugi-set-de-5\\\/\",\"name\":\"Tubes hautbois Chiarugi (set de 5) - EG-REEDS\",\"isPartOf\":{\"@id\":\"https:\\\/\\\/eg-reeds.com\\\/fr\\\/#website\"},\"primaryImageOfPage\":{\"@id\":\"https:\\\/\\\/eg-reeds.com\\\/fr\\\/shop\\\/tubes\\\/tubes-hautbois\\\/chiarugi-fr\\\/tubes-hautbois-chiarugi-set-de-5\\\/#primaryimage\"},\"image\":{\"@id\":\"https:\\\/\\\/eg-reeds.com\\\/fr\\\/shop\\\/tubes\\\/tubes-hautbois\\\/chiarugi-fr\\\/tubes-hautbois-chiarugi-set-de-5\\\/#primaryimage\"},\"thumbnailUrl\":\"https:\\\/\\\/eg-reeds.com\\\/wp-content\\\/uploads\\\/2017\\\/10\\\/Set-oboe-staples-Chiarugi.jpg\",\"datePublished\":\"2017-10-14T10:04:37+00:00\",\"dateModified\":\"2025-02-04T10:10:26+00:00\",\"description\":\"Tubes hautbois Chiarugi (set de 5), Tubes hautbois Chiarugi (set de 5), Set de tubes interchangeables pour hautbois (45 - 48 mm), kit tubes hautbois\",\"breadcrumb\":{\"@id\":\"https:\\\/\\\/eg-reeds.com\\\/fr\\\/shop\\\/tubes\\\/tubes-hautbois\\\/chiarugi-fr\\\/tubes-hautbois-chiarugi-set-de-5\\\/#breadcrumb\"},\"inLanguage\":\"fr-FR\",\"potentialAction\":[{\"@type\":\"ReadAction\",\"target\":[\"https:\\\/\\\/eg-reeds.com\\\/fr\\\/shop\\\/tubes\\\/tubes-hautbois\\\/chiarugi-fr\\\/tubes-hautbois-chiarugi-set-de-5\\\/\"]}]},{\"@type\":\"ImageObject\",\"inLanguage\":\"fr-FR\",\"@id\":\"https:\\\/\\\/eg-reeds.com\\\/fr\\\/shop\\\/tubes\\\/tubes-hautbois\\\/chiarugi-fr\\\/tubes-hautbois-chiarugi-set-de-5\\\/#primaryimage\",\"url\":\"https:\\\/\\\/eg-reeds.com\\\/wp-content\\\/uploads\\\/2017\\\/10\\\/Set-oboe-staples-Chiarugi.jpg\",\"contentUrl\":\"https:\\\/\\\/eg-reeds.com\\\/wp-content\\\/uploads\\\/2017\\\/10\\\/Set-oboe-staples-Chiarugi.jpg\",\"width\":640,\"height\":544,\"caption\":\"Tubes hautbois Chiarugi (set de 5)\"},{\"@type\":\"BreadcrumbList\",\"@id\":\"https:\\\/\\\/eg-reeds.com\\\/fr\\\/shop\\\/tubes\\\/tubes-hautbois\\\/chiarugi-fr\\\/tubes-hautbois-chiarugi-set-de-5\\\/#breadcrumb\",\"itemListElement\":[{\"@type\":\"ListItem\",\"position\":1,\"name\":\"Accueil\",\"item\":\"https:\\\/\\\/eg-reeds.com\\\/fr\\\/\"},{\"@type\":\"ListItem\",\"position\":2,\"name\":\"Boutique\",\"item\":\"https:\\\/\\\/eg-reeds.com\\\/fr\\\/\"},{\"@type\":\"ListItem\",\"position\":3,\"name\":\"Tubes hautbois Chiarugi (set de 5)\"}]},{\"@type\":\"WebSite\",\"@id\":\"https:\\\/\\\/eg-reeds.com\\\/fr\\\/#website\",\"url\":\"https:\\\/\\\/eg-reeds.com\\\/fr\\\/\",\"name\":\"www.eg-reeds.com\",\"description\":\"Anches hautbois\",\"publisher\":{\"@id\":\"https:\\\/\\\/eg-reeds.com\\\/fr\\\/#organization\"},\"alternateName\":\"eg-reeds.com\",\"potentialAction\":[{\"@type\":\"SearchAction\",\"target\":{\"@type\":\"EntryPoint\",\"urlTemplate\":\"https:\\\/\\\/eg-reeds.com\\\/fr\\\/?s={search_term_string}\"},\"query-input\":{\"@type\":\"PropertyValueSpecification\",\"valueRequired\":true,\"valueName\":\"search_term_string\"}}],\"inLanguage\":\"fr-FR\"},{\"@type\":\"Organization\",\"@id\":\"https:\\\/\\\/eg-reeds.com\\\/fr\\\/#organization\",\"name\":\"www.eg-reeds.com\",\"url\":\"https:\\\/\\\/eg-reeds.com\\\/fr\\\/\",\"logo\":{\"@type\":\"ImageObject\",\"inLanguage\":\"fr-FR\",\"@id\":\"https:\\\/\\\/eg-reeds.com\\\/fr\\\/#\\\/schema\\\/logo\\\/image\\\/\",\"url\":\"https:\\\/\\\/eg-reeds.com\\\/wp-content\\\/uploads\\\/2024\\\/06\\\/Logo-scaled-e1718793906611.jpg\",\"contentUrl\":\"https:\\\/\\\/eg-reeds.com\\\/wp-content\\\/uploads\\\/2024\\\/06\\\/Logo-scaled-e1718793906611.jpg\",\"width\":1200,\"height\":493,\"caption\":\"www.eg-reeds.com\"},\"image\":{\"@id\":\"https:\\\/\\\/eg-reeds.com\\\/fr\\\/#\\\/schema\\\/logo\\\/image\\\/\"},\"sameAs\":[\"https:\\\/\\\/www.facebook.com\\\/EGREEDS\",\"https:\\\/\\\/x.com\\\/egreeds\",\"https:\\\/\\\/www.instagram.com\\\/egreeds\\\/\",\"https:\\\/\\\/www.youtube.com\\\/c\\\/EGREEDS\",\"https:\\\/\\\/www.threads.net\\\/@egreeds\",\"https:\\\/\\\/www.tiktok.com\\\/@egreeds\"]}]}<\/script>\n<meta property=\"product:price:amount\" content=\"25.00\" \/>\n<meta property=\"product:price:currency\" content=\"EUR\" \/>\n<meta property=\"og:availability\" content=\"instock\" \/>\n<meta property=\"product:availability\" content=\"instock\" \/>\n<meta property=\"product:retailer_item_id\" content=\"TUOBSET\" \/>\n<meta property=\"product:condition\" content=\"new\" \/>\n<!-- \/ Yoast SEO Premium plugin. -->","yoast_head_json":{"title":"Tubes hautbois Chiarugi (set de 5) - EG-REEDS","description":"Tubes hautbois Chiarugi (set de 5), Tubes hautbois Chiarugi (set de 5), Set de tubes interchangeables pour hautbois (45 - 48 mm), kit tubes hautbois","robots":{"index":"index","follow":"follow","max-snippet":"max-snippet:-1","max-image-preview":"max-image-preview:large","max-video-preview":"max-video-preview:-1"},"canonical":"https:\/\/eg-reeds.com\/fr\/shop\/tubes\/tubes-hautbois\/chiarugi-fr\/tubes-hautbois-chiarugi-set-de-5\/","og_locale":"fr_FR","og_type":"article","og_title":"Tubes hautbois Chiarugi (set de 5)","og_description":"Tubes hautbois Chiarugi (set de 5), Tubes hautbois Chiarugi (set de 5), Set de tubes interchangeables pour hautbois (45 - 48 mm), kit tubes hautbois","og_url":"https:\/\/eg-reeds.com\/fr\/shop\/tubes\/tubes-hautbois\/chiarugi-fr\/tubes-hautbois-chiarugi-set-de-5\/","og_site_name":"EG-REEDS","article_publisher":"https:\/\/www.facebook.com\/EGREEDS","article_modified_time":"2025-02-04T10:10:26+00:00","og_image":[{"width":640,"height":544,"url":"https:\/\/eg-reeds.com\/wp-content\/uploads\/2017\/10\/Set-oboe-staples-Chiarugi.jpg","type":"image\/jpeg"}],"twitter_card":"summary_large_image","twitter_site":"@egreeds","twitter_misc":{"Prix":"25,00&euro;","Disponibilit\u00e9":"En stock"},"schema":{"@context":"https:\/\/schema.org","@graph":[{"@type":["WebPage","ItemPage"],"@id":"https:\/\/eg-reeds.com\/fr\/shop\/tubes\/tubes-hautbois\/chiarugi-fr\/tubes-hautbois-chiarugi-set-de-5\/","url":"https:\/\/eg-reeds.com\/fr\/shop\/tubes\/tubes-hautbois\/chiarugi-fr\/tubes-hautbois-chiarugi-set-de-5\/","name":"Tubes hautbois Chiarugi (set de 5) - EG-REEDS","isPartOf":{"@id":"https:\/\/eg-reeds.com\/fr\/#website"},"primaryImageOfPage":{"@id":"https:\/\/eg-reeds.com\/fr\/shop\/tubes\/tubes-hautbois\/chiarugi-fr\/tubes-hautbois-chiarugi-set-de-5\/#primaryimage"},"image":{"@id":"https:\/\/eg-reeds.com\/fr\/shop\/tubes\/tubes-hautbois\/chiarugi-fr\/tubes-hautbois-chiarugi-set-de-5\/#primaryimage"},"thumbnailUrl":"https:\/\/eg-reeds.com\/wp-content\/uploads\/2017\/10\/Set-oboe-staples-Chiarugi.jpg","datePublished":"2017-10-14T10:04:37+00:00","dateModified":"2025-02-04T10:10:26+00:00","description":"Tubes hautbois Chiarugi (set de 5), Tubes hautbois Chiarugi (set de 5), Set de tubes interchangeables pour hautbois (45 - 48 mm), kit tubes hautbois","breadcrumb":{"@id":"https:\/\/eg-reeds.com\/fr\/shop\/tubes\/tubes-hautbois\/chiarugi-fr\/tubes-hautbois-chiarugi-set-de-5\/#breadcrumb"},"inLanguage":"fr-FR","potentialAction":[{"@type":"ReadAction","target":["https:\/\/eg-reeds.com\/fr\/shop\/tubes\/tubes-hautbois\/chiarugi-fr\/tubes-hautbois-chiarugi-set-de-5\/"]}]},{"@type":"ImageObject","inLanguage":"fr-FR","@id":"https:\/\/eg-reeds.com\/fr\/shop\/tubes\/tubes-hautbois\/chiarugi-fr\/tubes-hautbois-chiarugi-set-de-5\/#primaryimage","url":"https:\/\/eg-reeds.com\/wp-content\/uploads\/2017\/10\/Set-oboe-staples-Chiarugi.jpg","contentUrl":"https:\/\/eg-reeds.com\/wp-content\/uploads\/2017\/10\/Set-oboe-staples-Chiarugi.jpg","width":640,"height":544,"caption":"Tubes hautbois Chiarugi (set de 5)"},{"@type":"BreadcrumbList","@id":"https:\/\/eg-reeds.com\/fr\/shop\/tubes\/tubes-hautbois\/chiarugi-fr\/tubes-hautbois-chiarugi-set-de-5\/#breadcrumb","itemListElement":[{"@type":"ListItem","position":1,"name":"Accueil","item":"https:\/\/eg-reeds.com\/fr\/"},{"@type":"ListItem","position":2,"name":"Boutique","item":"https:\/\/eg-reeds.com\/fr\/"},{"@type":"ListItem","position":3,"name":"Tubes hautbois Chiarugi (set de 5)"}]},{"@type":"WebSite","@id":"https:\/\/eg-reeds.com\/fr\/#website","url":"https:\/\/eg-reeds.com\/fr\/","name":"www.eg-reeds.com","description":"Anches hautbois","publisher":{"@id":"https:\/\/eg-reeds.com\/fr\/#organization"},"alternateName":"eg-reeds.com","potentialAction":[{"@type":"SearchAction","target":{"@type":"EntryPoint","urlTemplate":"https:\/\/eg-reeds.com\/fr\/?s={search_term_string}"},"query-input":{"@type":"PropertyValueSpecification","valueRequired":true,"valueName":"search_term_string"}}],"inLanguage":"fr-FR"},{"@type":"Organization","@id":"https:\/\/eg-reeds.com\/fr\/#organization","name":"www.eg-reeds.com","url":"https:\/\/eg-reeds.com\/fr\/","logo":{"@type":"ImageObject","inLanguage":"fr-FR","@id":"https:\/\/eg-reeds.com\/fr\/#\/schema\/logo\/image\/","url":"https:\/\/eg-reeds.com\/wp-content\/uploads\/2024\/06\/Logo-scaled-e1718793906611.jpg","contentUrl":"https:\/\/eg-reeds.com\/wp-content\/uploads\/2024\/06\/Logo-scaled-e1718793906611.jpg","width":1200,"height":493,"caption":"www.eg-reeds.com"},"image":{"@id":"https:\/\/eg-reeds.com\/fr\/#\/schema\/logo\/image\/"},"sameAs":["https:\/\/www.facebook.com\/EGREEDS","https:\/\/x.com\/egreeds","https:\/\/www.instagram.com\/egreeds\/","https:\/\/www.youtube.com\/c\/EGREEDS","https:\/\/www.threads.net\/@egreeds","https:\/\/www.tiktok.com\/@egreeds"]}]},"product_price_amount":"25.00","product_price_currency":"EUR","og_availability":"instock","product_availability":"instock","product_retailer_item_id":"TUOBSET","product_condition":"new"},"_links":{"self":[{"href":"https:\/\/eg-reeds.com\/fr\/wp-json\/wp\/v2\/product\/27258","targetHints":{"allow":["GET"]}}],"collection":[{"href":"https:\/\/eg-reeds.com\/fr\/wp-json\/wp\/v2\/product"}],"about":[{"href":"https:\/\/eg-reeds.com\/fr\/wp-json\/wp\/v2\/types\/product"}],"replies":[{"embeddable":true,"href":"https:\/\/eg-reeds.com\/fr\/wp-json\/wp\/v2\/comments?post=27258"}],"wp:featuredmedia":[{"embeddable":true,"href":"https:\/\/eg-reeds.com\/fr\/wp-json\/wp\/v2\/media\/27958"}],"wp:attachment":[{"href":"https:\/\/eg-reeds.com\/fr\/wp-json\/wp\/v2\/media?parent=27258"}],"wp:term":[{"taxonomy":"product_brand","embeddable":true,"href":"https:\/\/eg-reeds.com\/fr\/wp-json\/wp\/v2\/product_brand?post=27258"},{"taxonomy":"product_cat","embeddable":true,"href":"https:\/\/eg-reeds.com\/fr\/wp-json\/wp\/v2\/product_cat?post=27258"},{"taxonomy":"product_tag","embeddable":true,"href":"https:\/\/eg-reeds.com\/fr\/wp-json\/wp\/v2\/product_tag?post=27258"},{"taxonomy":"giftcard-category","embeddable":true,"href":"https:\/\/eg-reeds.com\/fr\/wp-json\/wp\/v2\/giftcard-category?post=27258"}],"curies":[{"name":"wp","href":"https:\/\/api.w.org\/{rel}","templated":true}]}}