{"id":29609,"date":"2018-02-03T11:56:06","date_gmt":"2018-02-03T10:56:06","guid":{"rendered":"http:\/\/eg-reeds.com\/?post_type=product&#038;p=29609"},"modified":"2023-09-14T19:38:20","modified_gmt":"2023-09-14T17:38:20","slug":"machine-a-tailler-oboe-reeds-n-stuff","status":"publish","type":"product","link":"https:\/\/eg-reeds.com\/fr\/shop\/machines\/machines-reeds-n-stuff\/machine-a-tailler-oboe-reeds-n-stuff\/","title":{"rendered":"Machine \u00e0 tailler Reeds &lsquo;n Stuff"},"content":{"rendered":"<h1><strong>Machine \u00e0 tailler Reeds &lsquo;n Stuff.<\/strong><\/h1>\n<p>Machine \u00e0 tailler Reeds &lsquo;n Stuff pour hautbois. Egalement disponible pour cor anglais, hautbois d&rsquo;amour, hautbois viennois, hautbois baroque et hautbois basse. Contactez nous s&rsquo;il vous plait.<\/p>\n<p><a href=\"https:\/\/eg-reeds.com\/fr\/reeds-n-stuff-shaper-forms\/\" target=\"_blank\" rel=\"noopener noreferrer\">Liste des formes (Taille-anche)<\/a><\/p>\n<div>Veuillez nous indiquer la forme dont vous avez besoin dans les notes client de la commande.<\/div>\n<div><\/div>\n<div><strong>Sans sac de transport.<\/strong> Si vous avez besoin d&rsquo;un sac de transport, demandez nous un devis par mail <a href=\"mailto:info@eg-reeds.com\" target=\"_blank\" rel=\"noopener\">info@eg-reeds.com<\/a><\/div>\n<div><\/div>\n<div>Exp\u00e9dition sous 7 \u00e0 10 jours selon stock.<\/div>\n<p>&nbsp;<\/p>\n<p><iframe loading=\"lazy\" title=\"Fassonschneider f\u00fcr Oboe - Shaping machine for oboe\" width=\"1020\" height=\"574\" src=\"https:\/\/www.youtube.com\/embed\/uvpOwqg_Jww?feature=oembed\" frameborder=\"0\" allow=\"accelerometer; autoplay; clipboard-write; encrypted-media; gyroscope; picture-in-picture; web-share\" allowfullscreen><\/iframe><\/p>\n","protected":false},"excerpt":{"rendered":"<p><a href=\"https:\/\/eg-reeds.com\/fr\/reeds-n-stuff-shaper-forms\/\" target=\"_blank\" rel=\"noopener noreferrer\">Liste des formes (Taille-anche)<\/a><\/p>\n","protected":false},"featured_media":29742,"comment_status":"open","ping_status":"closed","template":"","meta":[],"product_brand":[],"product_cat":[2922],"product_tag":[],"giftcard-category":[],"class_list":{"0":"post-29609","1":"product","2":"type-product","3":"status-publish","4":"has-post-thumbnail","6":"product_cat-machines-reeds-n-stuff","7":"product_shipping_class-rmm-fr","9":"first","10":"instock","11":"taxable","12":"shipping-taxable","13":"purchasable","14":"product-type-variable"},"yoast_head":"<!-- This site is optimized with the Yoast SEO Premium plugin v27.0 (Yoast SEO v27.4) - https:\/\/yoast.com\/product\/yoast-seo-premium-wordpress\/ -->\n<title>Machine \u00e0 tailler Reeds &#039;n Stuff - EG-REEDS<\/title>\n<meta name=\"description\" content=\"Machine \u00e0 tailler Reeds &#039;n Stuff, Machine \u00e0 tailler, tailler anches, anches hautbois, hautbois\" \/>\n<meta name=\"robots\" content=\"index, follow, max-snippet:-1, max-image-preview:large, max-video-preview:-1\" \/>\n<link rel=\"canonical\" href=\"https:\/\/eg-reeds.com\/fr\/shop\/machines\/machines-reeds-n-stuff\/machine-a-tailler-oboe-reeds-n-stuff\/\" \/>\n<meta property=\"og:locale\" content=\"fr_FR\" \/>\n<meta property=\"og:type\" content=\"article\" \/>\n<meta property=\"og:title\" content=\"Shaping machine Reeds &#039;n Stuff\" \/>\n<meta property=\"og:description\" content=\"Shaping machine Reeds &#039;n Stuff for oboe cane. Also available for English horn, Oboe d&#039;amore, Viennese oboe, Baroque oboe and Bass oboe cane.\" \/>\n<meta property=\"og:url\" content=\"https:\/\/eg-reeds.com\/fr\/shop\/machines\/machines-reeds-n-stuff\/machine-a-tailler-oboe-reeds-n-stuff\/\" \/>\n<meta property=\"og:site_name\" content=\"EG-REEDS\" \/>\n<meta property=\"article:publisher\" content=\"https:\/\/www.facebook.com\/EGREEDS\" \/>\n<meta property=\"article:modified_time\" content=\"2023-09-14T17:38:20+00:00\" \/>\n<meta property=\"og:image\" content=\"https:\/\/eg-reeds.com\/wp-content\/uploads\/2018\/02\/Shaping-machine-Reeds-n-Stuff.jpg\" \/>\n\t<meta property=\"og:image:width\" content=\"1500\" \/>\n\t<meta property=\"og:image:height\" content=\"1000\" \/>\n\t<meta property=\"og:image:type\" content=\"image\/jpeg\" \/>\n<meta name=\"twitter:card\" content=\"summary_large_image\" \/>\n<meta name=\"twitter:title\" content=\"Shaping machine Reeds &#039;n Stuff\" \/>\n<meta name=\"twitter:description\" content=\"Shaping machine Reeds &#039;n Stuff for oboe cane. Also available for English horn, Oboe d&#039;amore, Viennese oboe, Baroque oboe and Bass oboe cane.\" \/>\n<meta name=\"twitter:site\" content=\"@egreeds\" \/>\n<meta name=\"twitter:label1\" content=\"Disponibilit\u00e9\" \/>\n\t<meta name=\"twitter:data1\" content=\"En stock\" \/>\n<script type=\"application\/ld+json\" class=\"yoast-schema-graph\">{\"@context\":\"https:\\\/\\\/schema.org\",\"@graph\":[{\"@type\":[\"WebPage\",\"ItemPage\"],\"@id\":\"https:\\\/\\\/eg-reeds.com\\\/fr\\\/shop\\\/machines\\\/machines-reeds-n-stuff\\\/machine-a-tailler-oboe-reeds-n-stuff\\\/\",\"url\":\"https:\\\/\\\/eg-reeds.com\\\/fr\\\/shop\\\/machines\\\/machines-reeds-n-stuff\\\/machine-a-tailler-oboe-reeds-n-stuff\\\/\",\"name\":\"Machine \u00e0 tailler Reeds 'n Stuff - EG-REEDS\",\"isPartOf\":{\"@id\":\"https:\\\/\\\/eg-reeds.com\\\/fr\\\/#website\"},\"primaryImageOfPage\":{\"@id\":\"https:\\\/\\\/eg-reeds.com\\\/fr\\\/shop\\\/machines\\\/machines-reeds-n-stuff\\\/machine-a-tailler-oboe-reeds-n-stuff\\\/#primaryimage\"},\"image\":{\"@id\":\"https:\\\/\\\/eg-reeds.com\\\/fr\\\/shop\\\/machines\\\/machines-reeds-n-stuff\\\/machine-a-tailler-oboe-reeds-n-stuff\\\/#primaryimage\"},\"thumbnailUrl\":\"https:\\\/\\\/eg-reeds.com\\\/wp-content\\\/uploads\\\/2018\\\/02\\\/Shaping-machine-Reeds-n-Stuff.jpg\",\"datePublished\":\"2018-02-03T10:56:06+00:00\",\"dateModified\":\"2023-09-14T17:38:20+00:00\",\"description\":\"Machine \u00e0 tailler Reeds 'n Stuff, Machine \u00e0 tailler, tailler anches, anches hautbois, hautbois\",\"breadcrumb\":{\"@id\":\"https:\\\/\\\/eg-reeds.com\\\/fr\\\/shop\\\/machines\\\/machines-reeds-n-stuff\\\/machine-a-tailler-oboe-reeds-n-stuff\\\/#breadcrumb\"},\"inLanguage\":\"fr-FR\",\"potentialAction\":[{\"@type\":\"ReadAction\",\"target\":[\"https:\\\/\\\/eg-reeds.com\\\/fr\\\/shop\\\/machines\\\/machines-reeds-n-stuff\\\/machine-a-tailler-oboe-reeds-n-stuff\\\/\"]}]},{\"@type\":\"ImageObject\",\"inLanguage\":\"fr-FR\",\"@id\":\"https:\\\/\\\/eg-reeds.com\\\/fr\\\/shop\\\/machines\\\/machines-reeds-n-stuff\\\/machine-a-tailler-oboe-reeds-n-stuff\\\/#primaryimage\",\"url\":\"https:\\\/\\\/eg-reeds.com\\\/wp-content\\\/uploads\\\/2018\\\/02\\\/Shaping-machine-Reeds-n-Stuff.jpg\",\"contentUrl\":\"https:\\\/\\\/eg-reeds.com\\\/wp-content\\\/uploads\\\/2018\\\/02\\\/Shaping-machine-Reeds-n-Stuff.jpg\",\"width\":1500,\"height\":1000,\"caption\":\"Machine \u00e0 tailler Reeds 'n Stuff\"},{\"@type\":\"BreadcrumbList\",\"@id\":\"https:\\\/\\\/eg-reeds.com\\\/fr\\\/shop\\\/machines\\\/machines-reeds-n-stuff\\\/machine-a-tailler-oboe-reeds-n-stuff\\\/#breadcrumb\",\"itemListElement\":[{\"@type\":\"ListItem\",\"position\":1,\"name\":\"Accueil\",\"item\":\"https:\\\/\\\/eg-reeds.com\\\/fr\\\/\"},{\"@type\":\"ListItem\",\"position\":2,\"name\":\"Boutique\",\"item\":\"https:\\\/\\\/eg-reeds.com\\\/fr\\\/\"},{\"@type\":\"ListItem\",\"position\":3,\"name\":\"Machine \u00e0 tailler Reeds &lsquo;n Stuff\"}]},{\"@type\":\"WebSite\",\"@id\":\"https:\\\/\\\/eg-reeds.com\\\/fr\\\/#website\",\"url\":\"https:\\\/\\\/eg-reeds.com\\\/fr\\\/\",\"name\":\"www.eg-reeds.com\",\"description\":\"Anches hautbois\",\"publisher\":{\"@id\":\"https:\\\/\\\/eg-reeds.com\\\/fr\\\/#organization\"},\"alternateName\":\"eg-reeds.com\",\"potentialAction\":[{\"@type\":\"SearchAction\",\"target\":{\"@type\":\"EntryPoint\",\"urlTemplate\":\"https:\\\/\\\/eg-reeds.com\\\/fr\\\/?s={search_term_string}\"},\"query-input\":{\"@type\":\"PropertyValueSpecification\",\"valueRequired\":true,\"valueName\":\"search_term_string\"}}],\"inLanguage\":\"fr-FR\"},{\"@type\":\"Organization\",\"@id\":\"https:\\\/\\\/eg-reeds.com\\\/fr\\\/#organization\",\"name\":\"www.eg-reeds.com\",\"url\":\"https:\\\/\\\/eg-reeds.com\\\/fr\\\/\",\"logo\":{\"@type\":\"ImageObject\",\"inLanguage\":\"fr-FR\",\"@id\":\"https:\\\/\\\/eg-reeds.com\\\/fr\\\/#\\\/schema\\\/logo\\\/image\\\/\",\"url\":\"https:\\\/\\\/eg-reeds.com\\\/wp-content\\\/uploads\\\/2024\\\/06\\\/Logo-scaled-e1718793906611.jpg\",\"contentUrl\":\"https:\\\/\\\/eg-reeds.com\\\/wp-content\\\/uploads\\\/2024\\\/06\\\/Logo-scaled-e1718793906611.jpg\",\"width\":1200,\"height\":493,\"caption\":\"www.eg-reeds.com\"},\"image\":{\"@id\":\"https:\\\/\\\/eg-reeds.com\\\/fr\\\/#\\\/schema\\\/logo\\\/image\\\/\"},\"sameAs\":[\"https:\\\/\\\/www.facebook.com\\\/EGREEDS\",\"https:\\\/\\\/x.com\\\/egreeds\",\"https:\\\/\\\/www.instagram.com\\\/egreeds\\\/\",\"https:\\\/\\\/www.youtube.com\\\/c\\\/EGREEDS\",\"https:\\\/\\\/www.threads.net\\\/@egreeds\",\"https:\\\/\\\/www.tiktok.com\\\/@egreeds\"]}]}<\/script>\n<meta property=\"og:availability\" content=\"instock\" \/>\n<meta property=\"product:availability\" content=\"instock\" \/>\n<meta property=\"product:retailer_item_id\" content=\"MRSF - F10-16000\" \/>\n<meta property=\"product:condition\" content=\"new\" \/>\n<!-- \/ Yoast SEO Premium plugin. -->","yoast_head_json":{"title":"Machine \u00e0 tailler Reeds 'n Stuff - EG-REEDS","description":"Machine \u00e0 tailler Reeds 'n Stuff, Machine \u00e0 tailler, tailler anches, anches hautbois, hautbois","robots":{"index":"index","follow":"follow","max-snippet":"max-snippet:-1","max-image-preview":"max-image-preview:large","max-video-preview":"max-video-preview:-1"},"canonical":"https:\/\/eg-reeds.com\/fr\/shop\/machines\/machines-reeds-n-stuff\/machine-a-tailler-oboe-reeds-n-stuff\/","og_locale":"fr_FR","og_type":"article","og_title":"Shaping machine Reeds 'n Stuff","og_description":"Shaping machine Reeds 'n Stuff for oboe cane. Also available for English horn, Oboe d'amore, Viennese oboe, Baroque oboe and Bass oboe cane.","og_url":"https:\/\/eg-reeds.com\/fr\/shop\/machines\/machines-reeds-n-stuff\/machine-a-tailler-oboe-reeds-n-stuff\/","og_site_name":"EG-REEDS","article_publisher":"https:\/\/www.facebook.com\/EGREEDS","article_modified_time":"2023-09-14T17:38:20+00:00","og_image":[{"width":1500,"height":1000,"url":"https:\/\/eg-reeds.com\/wp-content\/uploads\/2018\/02\/Shaping-machine-Reeds-n-Stuff.jpg","type":"image\/jpeg"}],"twitter_card":"summary_large_image","twitter_title":"Shaping machine Reeds 'n Stuff","twitter_description":"Shaping machine Reeds 'n Stuff for oboe cane. Also available for English horn, Oboe d'amore, Viennese oboe, Baroque oboe and Bass oboe cane.","twitter_site":"@egreeds","twitter_misc":{"Disponibilit\u00e9":"En stock"},"schema":{"@context":"https:\/\/schema.org","@graph":[{"@type":["WebPage","ItemPage"],"@id":"https:\/\/eg-reeds.com\/fr\/shop\/machines\/machines-reeds-n-stuff\/machine-a-tailler-oboe-reeds-n-stuff\/","url":"https:\/\/eg-reeds.com\/fr\/shop\/machines\/machines-reeds-n-stuff\/machine-a-tailler-oboe-reeds-n-stuff\/","name":"Machine \u00e0 tailler Reeds 'n Stuff - EG-REEDS","isPartOf":{"@id":"https:\/\/eg-reeds.com\/fr\/#website"},"primaryImageOfPage":{"@id":"https:\/\/eg-reeds.com\/fr\/shop\/machines\/machines-reeds-n-stuff\/machine-a-tailler-oboe-reeds-n-stuff\/#primaryimage"},"image":{"@id":"https:\/\/eg-reeds.com\/fr\/shop\/machines\/machines-reeds-n-stuff\/machine-a-tailler-oboe-reeds-n-stuff\/#primaryimage"},"thumbnailUrl":"https:\/\/eg-reeds.com\/wp-content\/uploads\/2018\/02\/Shaping-machine-Reeds-n-Stuff.jpg","datePublished":"2018-02-03T10:56:06+00:00","dateModified":"2023-09-14T17:38:20+00:00","description":"Machine \u00e0 tailler Reeds 'n Stuff, Machine \u00e0 tailler, tailler anches, anches hautbois, hautbois","breadcrumb":{"@id":"https:\/\/eg-reeds.com\/fr\/shop\/machines\/machines-reeds-n-stuff\/machine-a-tailler-oboe-reeds-n-stuff\/#breadcrumb"},"inLanguage":"fr-FR","potentialAction":[{"@type":"ReadAction","target":["https:\/\/eg-reeds.com\/fr\/shop\/machines\/machines-reeds-n-stuff\/machine-a-tailler-oboe-reeds-n-stuff\/"]}]},{"@type":"ImageObject","inLanguage":"fr-FR","@id":"https:\/\/eg-reeds.com\/fr\/shop\/machines\/machines-reeds-n-stuff\/machine-a-tailler-oboe-reeds-n-stuff\/#primaryimage","url":"https:\/\/eg-reeds.com\/wp-content\/uploads\/2018\/02\/Shaping-machine-Reeds-n-Stuff.jpg","contentUrl":"https:\/\/eg-reeds.com\/wp-content\/uploads\/2018\/02\/Shaping-machine-Reeds-n-Stuff.jpg","width":1500,"height":1000,"caption":"Machine \u00e0 tailler Reeds 'n Stuff"},{"@type":"BreadcrumbList","@id":"https:\/\/eg-reeds.com\/fr\/shop\/machines\/machines-reeds-n-stuff\/machine-a-tailler-oboe-reeds-n-stuff\/#breadcrumb","itemListElement":[{"@type":"ListItem","position":1,"name":"Accueil","item":"https:\/\/eg-reeds.com\/fr\/"},{"@type":"ListItem","position":2,"name":"Boutique","item":"https:\/\/eg-reeds.com\/fr\/"},{"@type":"ListItem","position":3,"name":"Machine \u00e0 tailler Reeds &lsquo;n Stuff"}]},{"@type":"WebSite","@id":"https:\/\/eg-reeds.com\/fr\/#website","url":"https:\/\/eg-reeds.com\/fr\/","name":"www.eg-reeds.com","description":"Anches hautbois","publisher":{"@id":"https:\/\/eg-reeds.com\/fr\/#organization"},"alternateName":"eg-reeds.com","potentialAction":[{"@type":"SearchAction","target":{"@type":"EntryPoint","urlTemplate":"https:\/\/eg-reeds.com\/fr\/?s={search_term_string}"},"query-input":{"@type":"PropertyValueSpecification","valueRequired":true,"valueName":"search_term_string"}}],"inLanguage":"fr-FR"},{"@type":"Organization","@id":"https:\/\/eg-reeds.com\/fr\/#organization","name":"www.eg-reeds.com","url":"https:\/\/eg-reeds.com\/fr\/","logo":{"@type":"ImageObject","inLanguage":"fr-FR","@id":"https:\/\/eg-reeds.com\/fr\/#\/schema\/logo\/image\/","url":"https:\/\/eg-reeds.com\/wp-content\/uploads\/2024\/06\/Logo-scaled-e1718793906611.jpg","contentUrl":"https:\/\/eg-reeds.com\/wp-content\/uploads\/2024\/06\/Logo-scaled-e1718793906611.jpg","width":1200,"height":493,"caption":"www.eg-reeds.com"},"image":{"@id":"https:\/\/eg-reeds.com\/fr\/#\/schema\/logo\/image\/"},"sameAs":["https:\/\/www.facebook.com\/EGREEDS","https:\/\/x.com\/egreeds","https:\/\/www.instagram.com\/egreeds\/","https:\/\/www.youtube.com\/c\/EGREEDS","https:\/\/www.threads.net\/@egreeds","https:\/\/www.tiktok.com\/@egreeds"]}]},"og_availability":"instock","product_availability":"instock","product_retailer_item_id":"MRSF - F10-16000","product_condition":"new"},"_links":{"self":[{"href":"https:\/\/eg-reeds.com\/fr\/wp-json\/wp\/v2\/product\/29609","targetHints":{"allow":["GET"]}}],"collection":[{"href":"https:\/\/eg-reeds.com\/fr\/wp-json\/wp\/v2\/product"}],"about":[{"href":"https:\/\/eg-reeds.com\/fr\/wp-json\/wp\/v2\/types\/product"}],"replies":[{"embeddable":true,"href":"https:\/\/eg-reeds.com\/fr\/wp-json\/wp\/v2\/comments?post=29609"}],"wp:featuredmedia":[{"embeddable":true,"href":"https:\/\/eg-reeds.com\/fr\/wp-json\/wp\/v2\/media\/29742"}],"wp:attachment":[{"href":"https:\/\/eg-reeds.com\/fr\/wp-json\/wp\/v2\/media?parent=29609"}],"wp:term":[{"taxonomy":"product_brand","embeddable":true,"href":"https:\/\/eg-reeds.com\/fr\/wp-json\/wp\/v2\/product_brand?post=29609"},{"taxonomy":"product_cat","embeddable":true,"href":"https:\/\/eg-reeds.com\/fr\/wp-json\/wp\/v2\/product_cat?post=29609"},{"taxonomy":"product_tag","embeddable":true,"href":"https:\/\/eg-reeds.com\/fr\/wp-json\/wp\/v2\/product_tag?post=29609"},{"taxonomy":"giftcard-category","embeddable":true,"href":"https:\/\/eg-reeds.com\/fr\/wp-json\/wp\/v2\/giftcard-category?post=29609"}],"curies":[{"name":"wp","href":"https:\/\/api.w.org\/{rel}","templated":true}]}}