{"id":3018,"date":"2015-02-03T08:49:26","date_gmt":"2015-02-03T06:49:26","guid":{"rendered":"http:\/\/eg-reeds.com\/shop\/uncategorized\/anche-pro-pour-hautbois-custom\/"},"modified":"2020-08-03T12:33:39","modified_gmt":"2020-08-03T10:33:39","slug":"anche-hautbois-pro-eg-reeds-personnalisee","status":"publish","type":"product","link":"https:\/\/eg-reeds.com\/fr\/shop\/anches-pro\/anches-hautbois\/anche-hautbois-pro-eg-reeds-personnalisee\/","title":{"rendered":"Anche hautbois Pro EG-REEDS &#8211; personnalis\u00e9e"},"content":{"rendered":"<h4><strong>Anche hautbois Pro EG-REEDS &#8211; personnalis\u00e9e.<\/strong><\/h4>\n<p>Anche hautbois Pro EG-REEDS &#8211; personnalis\u00e9e.<\/p>\n<p>Manque de temps? Avec nos anches personnalis\u00e9es professionnelles, vous obtiendrez les anches que vous voulez \u00e0 votre porte en quelques clics. Vous pouvez concevoir votre anche parfait en choisissant parmi toutes nos options. Nos anches sont des anches de qualit\u00e9, fabriqu\u00e9s \u00e0 la main par des professionnels de EG-REEDS. Elles sont compl\u00e8tement \u00e0 votre go\u00fbt. Sentez-vous en s\u00e9curit\u00e9 pour jouer, choisissez ce que vous voulez. Se sentir libre sur sc\u00e8ne, sans se soucier de vos anches.<\/p>\n<p>Ordre minimum 3 anches \u00e9gales.<\/p>\n<p>S&rsquo;il vous pla\u00eet consid\u00e9rer que, pour certains produits ont besoin de quelques jours de fabrication. Produits personnalis\u00e9s, minimum 2 semaines.<\/p>\n","protected":false},"excerpt":{"rendered":"<p>Ordre minimum 3 anches \u00e9gales.<\/p>\n<p>Temps de fabrication: environ 2 semaines.<\/p>\n","protected":false},"featured_media":24641,"comment_status":"open","ping_status":"closed","template":"","meta":[],"product_brand":[],"product_cat":[417,410],"product_tag":[],"giftcard-category":[],"class_list":{"0":"post-3018","1":"product","2":"type-product","3":"status-publish","4":"has-post-thumbnail","6":"product_cat-anches-hautbois","7":"product_cat-anches-pro","8":"pa_brass-wire-non-fr","9":"pa_brass-wire-oui","10":"pa_cane-diameter-10-mm-105-mm-fr","11":"pa_cane-diameter-105-mm-11-mm-fr","12":"pa_cane-diameter-95-mm-10-mm-fr","13":"pa_length-of-finished-reed-70-mm-fr","14":"pa_length-of-finished-reed-71-mm-fr-2","15":"pa_length-of-finished-reed-72-mm-fr-2","16":"pa_length-of-finished-reed-73-mm-fr-2","17":"pa_shaper-901-fr","18":"pa_shaper-albrecht-mayer-fr-2","19":"pa_shaper-glotin-fr","20":"pa_shaper-h49-fr","21":"pa_shaper-lory-fr","22":"pa_shaper-m2-fr-2","23":"pa_shaper-maurice-bourgue-fr-3","24":"pa_shaper-ramon-ortega-fr-2","25":"pa_shaper-rc11-fr","26":"pa_shaper-rc12-fr-2","27":"pa_shaper-rc13-fr-2","28":"pa_shaper-rc15-fr","29":"pa_shaper-rigoutat-2-fr","30":"pa_shaper-thomas-indermuehle-fr","31":"pa_shaper-usa-fr","32":"pa_shaper-willy-12-fr","33":"pa_staple-chiarugi-45-2-fr","34":"pa_staple-chiarugi-45-2-2-fr","35":"pa_staple-chiarugi-45-5-fr","36":"pa_staple-chiarugi-46-2-fr-2","37":"pa_staple-chiarugi-46-2-2-fr","38":"pa_staple-chiarugi-46-5-fr-2","39":"pa_staple-chiarugi-47-2-fr-2","40":"pa_staple-chiarugi-47-2-2-fr","41":"pa_staple-chiarugi-47-5-fr-2","42":"pa_staple-guercio-d1146-fr-2","43":"pa_staple-guercio-d1147-fr-2","44":"pa_staple-guercio-d1246-fr-2","45":"pa_staple-guercio-d1247-fr-2","46":"pa_staple-mayer-46-fr","47":"pa_staple-mayer-47-fr","48":"pa_staple-uwe-henze-e6-46-fr","49":"pa_staple-uwe-henze-e6-47-fr","50":"pa_staple-uwe-henze-e8-46-fr","51":"pa_staple-uwe-henze-e8-47-fr","52":"pa_thickness-055-mm-056-mm-fr-2","53":"pa_thickness-056-mm-057-mm-fr-2","54":"pa_thickness-057-mm-058-mm-fr","55":"pa_thickness-058-mm-059-mm-fr-2","56":"pa_thickness-059-mm-060-mm-fr","57":"pa_thickness-060-mm-061-mm-fr-2","59":"first","60":"instock","61":"featured","62":"taxable","63":"shipping-taxable","64":"purchasable","65":"product-type-variable"},"yoast_head":"<!-- This site is optimized with the Yoast SEO Premium plugin v27.0 (Yoast SEO v27.2) - https:\/\/yoast.com\/product\/yoast-seo-premium-wordpress\/ -->\n<title>Anche hautbois Pro EG-REEDS - personnalis\u00e9e - EG-REEDS<\/title>\n<meta name=\"description\" content=\"anches personalis\u00e9es, anches hautbois, Anche hautbois Pro EG-reeds - custom, Anche de hautbois, Anche pro, anche custom, anches hautbois coutume, anches professionnelles personnalis\u00e9es\" \/>\n<meta name=\"robots\" content=\"index, follow, max-snippet:-1, max-image-preview:large, max-video-preview:-1\" \/>\n<link rel=\"canonical\" href=\"https:\/\/eg-reeds.com\/fr\/shop\/anches-pro\/anches-hautbois\/anche-hautbois-pro-eg-reeds-personnalisee\/\" \/>\n<meta property=\"og:locale\" content=\"fr_FR\" \/>\n<meta property=\"og:type\" content=\"article\" \/>\n<meta property=\"og:title\" content=\"Anche hautbois Pro EG-REEDS - personnalis\u00e9e\" \/>\n<meta property=\"og:description\" content=\"anches personalis\u00e9es, anches hautbois, Anche hautbois Pro EG-reeds - custom, Anche de hautbois, Anche pro, anche custom, anches hautbois coutume, anches professionnelles personnalis\u00e9es\" \/>\n<meta property=\"og:url\" content=\"https:\/\/eg-reeds.com\/fr\/shop\/anches-pro\/anches-hautbois\/anche-hautbois-pro-eg-reeds-personnalisee\/\" \/>\n<meta property=\"og:site_name\" content=\"EG-REEDS\" \/>\n<meta property=\"article:publisher\" content=\"https:\/\/www.facebook.com\/EGREEDS\" \/>\n<meta property=\"article:modified_time\" content=\"2020-08-03T10:33:39+00:00\" \/>\n<meta property=\"og:image\" content=\"https:\/\/eg-reeds.com\/wp-content\/uploads\/2015\/02\/Professional-custome-oboe-reed-EG-REEDS-1.jpg\" \/>\n\t<meta property=\"og:image:width\" content=\"640\" \/>\n\t<meta property=\"og:image:height\" content=\"544\" \/>\n\t<meta property=\"og:image:type\" content=\"image\/jpeg\" \/>\n<meta name=\"twitter:card\" content=\"summary_large_image\" \/>\n<meta name=\"twitter:image\" content=\"http:\/\/eg-reeds.com\/wp-content\/uploads\/2015\/02\/Professional-custome-oboe-reed-EG-REEDS-1.jpg\" \/>\n<meta name=\"twitter:site\" content=\"@egreeds\" \/>\n<meta name=\"twitter:label1\" content=\"Disponibilit\u00e9\" \/>\n\t<meta name=\"twitter:data1\" content=\"En stock\" \/>\n<script type=\"application\/ld+json\" class=\"yoast-schema-graph\">{\"@context\":\"https:\/\/schema.org\",\"@graph\":[{\"@type\":[\"WebPage\",\"ItemPage\"],\"@id\":\"https:\/\/eg-reeds.com\/fr\/shop\/anches-pro\/anches-hautbois\/anche-hautbois-pro-eg-reeds-personnalisee\/\",\"url\":\"https:\/\/eg-reeds.com\/fr\/shop\/anches-pro\/anches-hautbois\/anche-hautbois-pro-eg-reeds-personnalisee\/\",\"name\":\"Anche hautbois Pro EG-REEDS - personnalis\u00e9e - EG-REEDS\",\"isPartOf\":{\"@id\":\"https:\/\/eg-reeds.com\/fr\/#website\"},\"primaryImageOfPage\":{\"@id\":\"https:\/\/eg-reeds.com\/fr\/shop\/anches-pro\/anches-hautbois\/anche-hautbois-pro-eg-reeds-personnalisee\/#primaryimage\"},\"image\":{\"@id\":\"https:\/\/eg-reeds.com\/fr\/shop\/anches-pro\/anches-hautbois\/anche-hautbois-pro-eg-reeds-personnalisee\/#primaryimage\"},\"thumbnailUrl\":\"https:\/\/eg-reeds.com\/wp-content\/uploads\/2015\/02\/Professional-custome-oboe-reed-EG-REEDS-1.jpg\",\"datePublished\":\"2015-02-03T06:49:26+00:00\",\"dateModified\":\"2020-08-03T10:33:39+00:00\",\"description\":\"anches personalis\u00e9es, anches hautbois, Anche hautbois Pro EG-reeds - custom, Anche de hautbois, Anche pro, anche custom, anches hautbois coutume, anches professionnelles personnalis\u00e9es\",\"breadcrumb\":{\"@id\":\"https:\/\/eg-reeds.com\/fr\/shop\/anches-pro\/anches-hautbois\/anche-hautbois-pro-eg-reeds-personnalisee\/#breadcrumb\"},\"inLanguage\":\"fr-FR\",\"potentialAction\":[{\"@type\":\"ReadAction\",\"target\":[\"https:\/\/eg-reeds.com\/fr\/shop\/anches-pro\/anches-hautbois\/anche-hautbois-pro-eg-reeds-personnalisee\/\"]}]},{\"@type\":\"ImageObject\",\"inLanguage\":\"fr-FR\",\"@id\":\"https:\/\/eg-reeds.com\/fr\/shop\/anches-pro\/anches-hautbois\/anche-hautbois-pro-eg-reeds-personnalisee\/#primaryimage\",\"url\":\"https:\/\/eg-reeds.com\/wp-content\/uploads\/2015\/02\/Professional-custome-oboe-reed-EG-REEDS-1.jpg\",\"contentUrl\":\"https:\/\/eg-reeds.com\/wp-content\/uploads\/2015\/02\/Professional-custome-oboe-reed-EG-REEDS-1.jpg\",\"width\":640,\"height\":544},{\"@type\":\"BreadcrumbList\",\"@id\":\"https:\/\/eg-reeds.com\/fr\/shop\/anches-pro\/anches-hautbois\/anche-hautbois-pro-eg-reeds-personnalisee\/#breadcrumb\",\"itemListElement\":[{\"@type\":\"ListItem\",\"position\":1,\"name\":\"Accueil\",\"item\":\"https:\/\/eg-reeds.com\/fr\/\"},{\"@type\":\"ListItem\",\"position\":2,\"name\":\"Boutique\",\"item\":\"https:\/\/eg-reeds.com\/fr\/\"},{\"@type\":\"ListItem\",\"position\":3,\"name\":\"Anche hautbois Pro EG-REEDS &#8211; personnalis\u00e9e\"}]},{\"@type\":\"WebSite\",\"@id\":\"https:\/\/eg-reeds.com\/fr\/#website\",\"url\":\"https:\/\/eg-reeds.com\/fr\/\",\"name\":\"www.eg-reeds.com\",\"description\":\"Anches hautbois\",\"publisher\":{\"@id\":\"https:\/\/eg-reeds.com\/fr\/#organization\"},\"alternateName\":\"eg-reeds.com\",\"potentialAction\":[{\"@type\":\"SearchAction\",\"target\":{\"@type\":\"EntryPoint\",\"urlTemplate\":\"https:\/\/eg-reeds.com\/fr\/?s={search_term_string}\"},\"query-input\":{\"@type\":\"PropertyValueSpecification\",\"valueRequired\":true,\"valueName\":\"search_term_string\"}}],\"inLanguage\":\"fr-FR\"},{\"@type\":\"Organization\",\"@id\":\"https:\/\/eg-reeds.com\/fr\/#organization\",\"name\":\"www.eg-reeds.com\",\"url\":\"https:\/\/eg-reeds.com\/fr\/\",\"logo\":{\"@type\":\"ImageObject\",\"inLanguage\":\"fr-FR\",\"@id\":\"https:\/\/eg-reeds.com\/fr\/#\/schema\/logo\/image\/\",\"url\":\"https:\/\/eg-reeds.com\/wp-content\/uploads\/2024\/06\/Logo-scaled-e1718793906611.jpg\",\"contentUrl\":\"https:\/\/eg-reeds.com\/wp-content\/uploads\/2024\/06\/Logo-scaled-e1718793906611.jpg\",\"width\":1200,\"height\":493,\"caption\":\"www.eg-reeds.com\"},\"image\":{\"@id\":\"https:\/\/eg-reeds.com\/fr\/#\/schema\/logo\/image\/\"},\"sameAs\":[\"https:\/\/www.facebook.com\/EGREEDS\",\"https:\/\/x.com\/egreeds\",\"https:\/\/www.instagram.com\/egreeds\/\",\"https:\/\/www.youtube.com\/c\/EGREEDS\",\"https:\/\/www.threads.net\/@egreeds\",\"https:\/\/www.tiktok.com\/@egreeds\"]}]}<\/script>\n<meta property=\"og:availability\" content=\"instock\" \/>\n<meta property=\"product:availability\" content=\"instock\" \/>\n<meta property=\"product:retailer_item_id\" content=\"CPOB-C\" \/>\n<meta property=\"product:condition\" content=\"new\" \/>\n<!-- \/ Yoast SEO Premium plugin. -->","yoast_head_json":{"title":"Anche hautbois Pro EG-REEDS - personnalis\u00e9e - EG-REEDS","description":"anches personalis\u00e9es, anches hautbois, Anche hautbois Pro EG-reeds - custom, Anche de hautbois, Anche pro, anche custom, anches hautbois coutume, anches professionnelles personnalis\u00e9es","robots":{"index":"index","follow":"follow","max-snippet":"max-snippet:-1","max-image-preview":"max-image-preview:large","max-video-preview":"max-video-preview:-1"},"canonical":"https:\/\/eg-reeds.com\/fr\/shop\/anches-pro\/anches-hautbois\/anche-hautbois-pro-eg-reeds-personnalisee\/","og_locale":"fr_FR","og_type":"article","og_title":"Anche hautbois Pro EG-REEDS - personnalis\u00e9e","og_description":"anches personalis\u00e9es, anches hautbois, Anche hautbois Pro EG-reeds - custom, Anche de hautbois, Anche pro, anche custom, anches hautbois coutume, anches professionnelles personnalis\u00e9es","og_url":"https:\/\/eg-reeds.com\/fr\/shop\/anches-pro\/anches-hautbois\/anche-hautbois-pro-eg-reeds-personnalisee\/","og_site_name":"EG-REEDS","article_publisher":"https:\/\/www.facebook.com\/EGREEDS","article_modified_time":"2020-08-03T10:33:39+00:00","og_image":[{"width":640,"height":544,"url":"https:\/\/eg-reeds.com\/wp-content\/uploads\/2015\/02\/Professional-custome-oboe-reed-EG-REEDS-1.jpg","type":"image\/jpeg"}],"twitter_card":"summary_large_image","twitter_image":"http:\/\/eg-reeds.com\/wp-content\/uploads\/2015\/02\/Professional-custome-oboe-reed-EG-REEDS-1.jpg","twitter_site":"@egreeds","twitter_misc":{"Disponibilit\u00e9":"En stock"},"schema":{"@context":"https:\/\/schema.org","@graph":[{"@type":["WebPage","ItemPage"],"@id":"https:\/\/eg-reeds.com\/fr\/shop\/anches-pro\/anches-hautbois\/anche-hautbois-pro-eg-reeds-personnalisee\/","url":"https:\/\/eg-reeds.com\/fr\/shop\/anches-pro\/anches-hautbois\/anche-hautbois-pro-eg-reeds-personnalisee\/","name":"Anche hautbois Pro EG-REEDS - personnalis\u00e9e - EG-REEDS","isPartOf":{"@id":"https:\/\/eg-reeds.com\/fr\/#website"},"primaryImageOfPage":{"@id":"https:\/\/eg-reeds.com\/fr\/shop\/anches-pro\/anches-hautbois\/anche-hautbois-pro-eg-reeds-personnalisee\/#primaryimage"},"image":{"@id":"https:\/\/eg-reeds.com\/fr\/shop\/anches-pro\/anches-hautbois\/anche-hautbois-pro-eg-reeds-personnalisee\/#primaryimage"},"thumbnailUrl":"https:\/\/eg-reeds.com\/wp-content\/uploads\/2015\/02\/Professional-custome-oboe-reed-EG-REEDS-1.jpg","datePublished":"2015-02-03T06:49:26+00:00","dateModified":"2020-08-03T10:33:39+00:00","description":"anches personalis\u00e9es, anches hautbois, Anche hautbois Pro EG-reeds - custom, Anche de hautbois, Anche pro, anche custom, anches hautbois coutume, anches professionnelles personnalis\u00e9es","breadcrumb":{"@id":"https:\/\/eg-reeds.com\/fr\/shop\/anches-pro\/anches-hautbois\/anche-hautbois-pro-eg-reeds-personnalisee\/#breadcrumb"},"inLanguage":"fr-FR","potentialAction":[{"@type":"ReadAction","target":["https:\/\/eg-reeds.com\/fr\/shop\/anches-pro\/anches-hautbois\/anche-hautbois-pro-eg-reeds-personnalisee\/"]}]},{"@type":"ImageObject","inLanguage":"fr-FR","@id":"https:\/\/eg-reeds.com\/fr\/shop\/anches-pro\/anches-hautbois\/anche-hautbois-pro-eg-reeds-personnalisee\/#primaryimage","url":"https:\/\/eg-reeds.com\/wp-content\/uploads\/2015\/02\/Professional-custome-oboe-reed-EG-REEDS-1.jpg","contentUrl":"https:\/\/eg-reeds.com\/wp-content\/uploads\/2015\/02\/Professional-custome-oboe-reed-EG-REEDS-1.jpg","width":640,"height":544},{"@type":"BreadcrumbList","@id":"https:\/\/eg-reeds.com\/fr\/shop\/anches-pro\/anches-hautbois\/anche-hautbois-pro-eg-reeds-personnalisee\/#breadcrumb","itemListElement":[{"@type":"ListItem","position":1,"name":"Accueil","item":"https:\/\/eg-reeds.com\/fr\/"},{"@type":"ListItem","position":2,"name":"Boutique","item":"https:\/\/eg-reeds.com\/fr\/"},{"@type":"ListItem","position":3,"name":"Anche hautbois Pro EG-REEDS &#8211; personnalis\u00e9e"}]},{"@type":"WebSite","@id":"https:\/\/eg-reeds.com\/fr\/#website","url":"https:\/\/eg-reeds.com\/fr\/","name":"www.eg-reeds.com","description":"Anches hautbois","publisher":{"@id":"https:\/\/eg-reeds.com\/fr\/#organization"},"alternateName":"eg-reeds.com","potentialAction":[{"@type":"SearchAction","target":{"@type":"EntryPoint","urlTemplate":"https:\/\/eg-reeds.com\/fr\/?s={search_term_string}"},"query-input":{"@type":"PropertyValueSpecification","valueRequired":true,"valueName":"search_term_string"}}],"inLanguage":"fr-FR"},{"@type":"Organization","@id":"https:\/\/eg-reeds.com\/fr\/#organization","name":"www.eg-reeds.com","url":"https:\/\/eg-reeds.com\/fr\/","logo":{"@type":"ImageObject","inLanguage":"fr-FR","@id":"https:\/\/eg-reeds.com\/fr\/#\/schema\/logo\/image\/","url":"https:\/\/eg-reeds.com\/wp-content\/uploads\/2024\/06\/Logo-scaled-e1718793906611.jpg","contentUrl":"https:\/\/eg-reeds.com\/wp-content\/uploads\/2024\/06\/Logo-scaled-e1718793906611.jpg","width":1200,"height":493,"caption":"www.eg-reeds.com"},"image":{"@id":"https:\/\/eg-reeds.com\/fr\/#\/schema\/logo\/image\/"},"sameAs":["https:\/\/www.facebook.com\/EGREEDS","https:\/\/x.com\/egreeds","https:\/\/www.instagram.com\/egreeds\/","https:\/\/www.youtube.com\/c\/EGREEDS","https:\/\/www.threads.net\/@egreeds","https:\/\/www.tiktok.com\/@egreeds"]}]},"og_availability":"instock","product_availability":"instock","product_retailer_item_id":"CPOB-C","product_condition":"new"},"_links":{"self":[{"href":"https:\/\/eg-reeds.com\/fr\/wp-json\/wp\/v2\/product\/3018","targetHints":{"allow":["GET"]}}],"collection":[{"href":"https:\/\/eg-reeds.com\/fr\/wp-json\/wp\/v2\/product"}],"about":[{"href":"https:\/\/eg-reeds.com\/fr\/wp-json\/wp\/v2\/types\/product"}],"replies":[{"embeddable":true,"href":"https:\/\/eg-reeds.com\/fr\/wp-json\/wp\/v2\/comments?post=3018"}],"wp:featuredmedia":[{"embeddable":true,"href":"https:\/\/eg-reeds.com\/fr\/wp-json\/wp\/v2\/media\/24641"}],"wp:attachment":[{"href":"https:\/\/eg-reeds.com\/fr\/wp-json\/wp\/v2\/media?parent=3018"}],"wp:term":[{"taxonomy":"product_brand","embeddable":true,"href":"https:\/\/eg-reeds.com\/fr\/wp-json\/wp\/v2\/product_brand?post=3018"},{"taxonomy":"product_cat","embeddable":true,"href":"https:\/\/eg-reeds.com\/fr\/wp-json\/wp\/v2\/product_cat?post=3018"},{"taxonomy":"product_tag","embeddable":true,"href":"https:\/\/eg-reeds.com\/fr\/wp-json\/wp\/v2\/product_tag?post=3018"},{"taxonomy":"giftcard-category","embeddable":true,"href":"https:\/\/eg-reeds.com\/fr\/wp-json\/wp\/v2\/giftcard-category?post=3018"}],"curies":[{"name":"wp","href":"https:\/\/api.w.org\/{rel}","templated":true}]}}