{"id":3048,"date":"2015-02-24T12:20:42","date_gmt":"2015-02-24T11:20:42","guid":{"rendered":"http:\/\/eg-reeds.com\/shop\/uncategorized\/anche-detude-pour-hautbois-debutants\/"},"modified":"2025-09-23T10:18:02","modified_gmt":"2025-09-23T08:18:02","slug":"anche-hautbois-etudiant-debutant-eg-reeds","status":"publish","type":"product","link":"https:\/\/eg-reeds.com\/fr\/shop\/anches-et-roseaux-pour-etudiants\/anche-hautbois-etudiant-debutant-eg-reeds\/","title":{"rendered":"Anche hautbois \u00e9tudiant (d\u00e9butant) EG-REEDS"},"content":{"rendered":"<h1><b>Anche hautbois \u00e9tudiant (d\u00e9butant) EG-REEDS.<\/b><\/h1>\n<p>Anche hautbois \u00e9tudiant (d\u00e9butant) EG-REEDS. Acheter des anches de hautbois pas ch\u00e8res et de haute qualit\u00e9 pour \u00e9tudiants n\u2019a jamais \u00e9t\u00e9 aussi simple. Fabriqu\u00e9es avec le m\u00eame mat\u00e9riau que nos anches professionnelles, les anches de hautbois pour d\u00e9butants sont sp\u00e9cialement con\u00e7ues pour ceux qui font leurs premiers pas dans le monde du hautbois.<\/p>\n<p>Nous s\u00e9lectionnons soigneusement la densit\u00e9 de chaque anche afin de l\u2019adapter aux besoins sp\u00e9cifiques des \u00e9tudiants d\u00e9butants, garantissant ainsi une \u00e9mission sonore optimale. Cela facilite l\u2019apprentissage du hautbois pour les \u00e9l\u00e8ves qui commencent \u00e0 jouer de cet instrument passionnant. De plus, nos anches pour d\u00e9butants sont propos\u00e9es au meilleur prix, offrant une solution abordable pour les \u00e9l\u00e8ves et leurs parents.<\/p>\n<p>Nous recommandons nos anches de hautbois pour \u00e9tudiants pendant les trois premi\u00e8res ann\u00e9es de pratique. Toutefois, il est toujours important de suivre les conseils personnalis\u00e9s du professeur de musique, qui peut recommander l\u2019anche la plus adapt\u00e9e aux besoins individuels de chaque \u00e9l\u00e8ve.<\/p>\n<p>Avec EG-REEDS, vous avez la garantie d\u2019acheter des anches de hautbois \u00e0 bas prix mais d\u2019une qualit\u00e9 exceptionnelle. Con\u00e7ues pour aider les \u00e9tudiants \u00e0 atteindre leur plein potentiel musical d\u00e8s le d\u00e9but. Procurez-vous d\u00e8s aujourd\u2019hui votre anche de hautbois pour d\u00e9butants et commencez votre aventure musicale avec EG-REEDS !<\/p>\n<p data-sourcepos=\"7:1-7:20\"><strong>Caract\u00e9ristiques :<\/strong><\/p>\n<ul data-sourcepos=\"15:1-18:0\">\n<li data-sourcepos=\"9:1-9:112\"><strong>Densit\u00e9 de l\u2019anche soigneusement s\u00e9lectionn\u00e9e<\/strong> pour faciliter l\u2019\u00e9mission et produire un son clair.<\/li>\n<li data-sourcepos=\"10:1-10:66\"><strong>Conception sp\u00e9cialement adapt\u00e9e<\/strong> pour un meilleur contr\u00f4le et une meilleure articulation.<\/li>\n<li data-sourcepos=\"15:1-15:58\"><strong>Facilite l\u2019apprentissage<\/strong> du hautbois d\u00e8s les premi\u00e8res notes.<\/li>\n<li data-sourcepos=\"16:1-16:79\"><strong>Permet aux \u00e9tudiants<\/strong> de se concentrer sur la technique.<\/li>\n<li data-sourcepos=\"17:1-18:0\"><strong>Excellent rapport qualit\u00e9-prix.<\/strong><\/li>\n<\/ul>\n<p>&nbsp;<\/p>\n<p><iframe loading=\"lazy\" title=\"Ca\u00f1a oboe iniciaci\u00f3n \/ Beginner oboe reed EG-REEDS\" width=\"563\" height=\"1000\" src=\"https:\/\/www.youtube.com\/embed\/jQrKLGNkaQg?feature=oembed\" frameborder=\"0\" allow=\"accelerometer; autoplay; clipboard-write; encrypted-media; gyroscope; picture-in-picture; web-share\" referrerpolicy=\"strict-origin-when-cross-origin\" allowfullscreen><\/iframe><\/p>\n","protected":false},"excerpt":{"rendered":"<p>1 unit\u00e9.<\/p>\n","protected":false},"featured_media":35936,"comment_status":"open","ping_status":"closed","template":"","meta":[],"product_brand":[],"product_cat":[414],"product_tag":[],"giftcard-category":[],"class_list":{"0":"post-3048","1":"product","2":"type-product","3":"status-publish","4":"has-post-thumbnail","6":"product_cat-anches-et-roseaux-pour-etudiants","8":"first","9":"instock","10":"featured","11":"taxable","12":"shipping-taxable","13":"purchasable","14":"product-type-simple"},"yoast_head":"<!-- This site is optimized with the Yoast SEO Premium plugin v27.0 (Yoast SEO v27.4) - https:\/\/yoast.com\/product\/yoast-seo-premium-wordpress\/ -->\n<title>Anche hautbois \u00e9tudiant (d\u00e9butant) EG-REEDS - EG-REEDS<\/title>\n<meta name=\"description\" content=\"Anche hautbois \u00e9tudiant (d\u00e9butant) EG-REEDS. Acheter des anches de hautbois \u00e0 bas prix et de haute qualit\u00e9 pour \u00e9tudiants n\u2019a jamais \u00e9t\u00e9 aussi simple.\" \/>\n<meta name=\"robots\" content=\"index, follow, max-snippet:-1, max-image-preview:large, max-video-preview:-1\" \/>\n<link rel=\"canonical\" href=\"https:\/\/eg-reeds.com\/fr\/shop\/anches-et-roseaux-pour-etudiants\/anche-hautbois-etudiant-debutant-eg-reeds\/\" \/>\n<meta property=\"og:locale\" content=\"fr_FR\" \/>\n<meta property=\"og:type\" content=\"article\" \/>\n<meta property=\"og:title\" content=\"Anche hautbois \u00e9tudiant (d\u00e9butant) EG-REEDS\" \/>\n<meta property=\"og:description\" content=\"Anche hautbois \u00e9tudiant (d\u00e9butant) EG-REEDS. Acheter des anches de hautbois \u00e0 bas prix et de haute qualit\u00e9 pour \u00e9tudiants n\u2019a jamais \u00e9t\u00e9 aussi simple.\" \/>\n<meta property=\"og:url\" content=\"https:\/\/eg-reeds.com\/fr\/shop\/anches-et-roseaux-pour-etudiants\/anche-hautbois-etudiant-debutant-eg-reeds\/\" \/>\n<meta property=\"og:site_name\" content=\"EG-REEDS\" \/>\n<meta property=\"article:publisher\" content=\"https:\/\/www.facebook.com\/EGREEDS\" \/>\n<meta property=\"article:modified_time\" content=\"2025-09-23T08:18:02+00:00\" \/>\n<meta property=\"og:image\" content=\"https:\/\/eg-reeds.com\/wp-content\/uploads\/2015\/02\/Beginner-oboe-reed-.jpg\" \/>\n\t<meta property=\"og:image:width\" content=\"640\" \/>\n\t<meta property=\"og:image:height\" content=\"544\" \/>\n\t<meta property=\"og:image:type\" content=\"image\/jpeg\" \/>\n<meta name=\"twitter:card\" content=\"summary_large_image\" \/>\n<meta name=\"twitter:image\" content=\"http:\/\/eg-reeds.com\/wp-content\/uploads\/2015\/02\/Beginner-oboe-reed-.jpg\" \/>\n<meta name=\"twitter:site\" content=\"@egreeds\" \/>\n<meta name=\"twitter:label1\" content=\"Prix\" \/>\n\t<meta name=\"twitter:data1\" content=\"11,50&euro;\" \/>\n\t<meta name=\"twitter:label2\" content=\"Disponibilit\u00e9\" \/>\n\t<meta name=\"twitter:data2\" content=\"En stock\" \/>\n<script type=\"application\/ld+json\" class=\"yoast-schema-graph\">{\"@context\":\"https:\\\/\\\/schema.org\",\"@graph\":[{\"@type\":[\"WebPage\",\"ItemPage\"],\"@id\":\"https:\\\/\\\/eg-reeds.com\\\/fr\\\/shop\\\/anches-et-roseaux-pour-etudiants\\\/anche-hautbois-etudiant-debutant-eg-reeds\\\/\",\"url\":\"https:\\\/\\\/eg-reeds.com\\\/fr\\\/shop\\\/anches-et-roseaux-pour-etudiants\\\/anche-hautbois-etudiant-debutant-eg-reeds\\\/\",\"name\":\"Anche hautbois \u00e9tudiant (d\u00e9butant) EG-REEDS - EG-REEDS\",\"isPartOf\":{\"@id\":\"https:\\\/\\\/eg-reeds.com\\\/fr\\\/#website\"},\"primaryImageOfPage\":{\"@id\":\"https:\\\/\\\/eg-reeds.com\\\/fr\\\/shop\\\/anches-et-roseaux-pour-etudiants\\\/anche-hautbois-etudiant-debutant-eg-reeds\\\/#primaryimage\"},\"image\":{\"@id\":\"https:\\\/\\\/eg-reeds.com\\\/fr\\\/shop\\\/anches-et-roseaux-pour-etudiants\\\/anche-hautbois-etudiant-debutant-eg-reeds\\\/#primaryimage\"},\"thumbnailUrl\":\"https:\\\/\\\/eg-reeds.com\\\/wp-content\\\/uploads\\\/2015\\\/02\\\/Beginner-oboe-reed-eg-reeds.jpg\",\"datePublished\":\"2015-02-24T11:20:42+00:00\",\"dateModified\":\"2025-09-23T08:18:02+00:00\",\"description\":\"Anche hautbois \u00e9tudiant (d\u00e9butant) EG-REEDS. Acheter des anches de hautbois \u00e0 bas prix et de haute qualit\u00e9 pour \u00e9tudiants n\u2019a jamais \u00e9t\u00e9 aussi simple.\",\"breadcrumb\":{\"@id\":\"https:\\\/\\\/eg-reeds.com\\\/fr\\\/shop\\\/anches-et-roseaux-pour-etudiants\\\/anche-hautbois-etudiant-debutant-eg-reeds\\\/#breadcrumb\"},\"inLanguage\":\"fr-FR\",\"potentialAction\":[{\"@type\":\"ReadAction\",\"target\":[\"https:\\\/\\\/eg-reeds.com\\\/fr\\\/shop\\\/anches-et-roseaux-pour-etudiants\\\/anche-hautbois-etudiant-debutant-eg-reeds\\\/\"]}]},{\"@type\":\"ImageObject\",\"inLanguage\":\"fr-FR\",\"@id\":\"https:\\\/\\\/eg-reeds.com\\\/fr\\\/shop\\\/anches-et-roseaux-pour-etudiants\\\/anche-hautbois-etudiant-debutant-eg-reeds\\\/#primaryimage\",\"url\":\"https:\\\/\\\/eg-reeds.com\\\/wp-content\\\/uploads\\\/2015\\\/02\\\/Beginner-oboe-reed-eg-reeds.jpg\",\"contentUrl\":\"https:\\\/\\\/eg-reeds.com\\\/wp-content\\\/uploads\\\/2015\\\/02\\\/Beginner-oboe-reed-eg-reeds.jpg\",\"width\":1280,\"height\":1088,\"caption\":\"Anche hautbois \u00e9tudiant (d\u00e9butant) EG-REEDS\"},{\"@type\":\"BreadcrumbList\",\"@id\":\"https:\\\/\\\/eg-reeds.com\\\/fr\\\/shop\\\/anches-et-roseaux-pour-etudiants\\\/anche-hautbois-etudiant-debutant-eg-reeds\\\/#breadcrumb\",\"itemListElement\":[{\"@type\":\"ListItem\",\"position\":1,\"name\":\"Accueil\",\"item\":\"https:\\\/\\\/eg-reeds.com\\\/fr\\\/\"},{\"@type\":\"ListItem\",\"position\":2,\"name\":\"Boutique\",\"item\":\"https:\\\/\\\/eg-reeds.com\\\/fr\\\/\"},{\"@type\":\"ListItem\",\"position\":3,\"name\":\"Anche hautbois \u00e9tudiant (d\u00e9butant) EG-REEDS\"}]},{\"@type\":\"WebSite\",\"@id\":\"https:\\\/\\\/eg-reeds.com\\\/fr\\\/#website\",\"url\":\"https:\\\/\\\/eg-reeds.com\\\/fr\\\/\",\"name\":\"www.eg-reeds.com\",\"description\":\"Anches hautbois\",\"publisher\":{\"@id\":\"https:\\\/\\\/eg-reeds.com\\\/fr\\\/#organization\"},\"alternateName\":\"eg-reeds.com\",\"potentialAction\":[{\"@type\":\"SearchAction\",\"target\":{\"@type\":\"EntryPoint\",\"urlTemplate\":\"https:\\\/\\\/eg-reeds.com\\\/fr\\\/?s={search_term_string}\"},\"query-input\":{\"@type\":\"PropertyValueSpecification\",\"valueRequired\":true,\"valueName\":\"search_term_string\"}}],\"inLanguage\":\"fr-FR\"},{\"@type\":\"Organization\",\"@id\":\"https:\\\/\\\/eg-reeds.com\\\/fr\\\/#organization\",\"name\":\"www.eg-reeds.com\",\"url\":\"https:\\\/\\\/eg-reeds.com\\\/fr\\\/\",\"logo\":{\"@type\":\"ImageObject\",\"inLanguage\":\"fr-FR\",\"@id\":\"https:\\\/\\\/eg-reeds.com\\\/fr\\\/#\\\/schema\\\/logo\\\/image\\\/\",\"url\":\"https:\\\/\\\/eg-reeds.com\\\/wp-content\\\/uploads\\\/2024\\\/06\\\/Logo-scaled-e1718793906611.jpg\",\"contentUrl\":\"https:\\\/\\\/eg-reeds.com\\\/wp-content\\\/uploads\\\/2024\\\/06\\\/Logo-scaled-e1718793906611.jpg\",\"width\":1200,\"height\":493,\"caption\":\"www.eg-reeds.com\"},\"image\":{\"@id\":\"https:\\\/\\\/eg-reeds.com\\\/fr\\\/#\\\/schema\\\/logo\\\/image\\\/\"},\"sameAs\":[\"https:\\\/\\\/www.facebook.com\\\/EGREEDS\",\"https:\\\/\\\/x.com\\\/egreeds\",\"https:\\\/\\\/www.instagram.com\\\/egreeds\\\/\",\"https:\\\/\\\/www.youtube.com\\\/c\\\/EGREEDS\",\"https:\\\/\\\/www.threads.net\\\/@egreeds\",\"https:\\\/\\\/www.tiktok.com\\\/@egreeds\"]}]}<\/script>\n<meta property=\"product:price:amount\" content=\"11.50\" \/>\n<meta property=\"product:price:currency\" content=\"EUR\" \/>\n<meta property=\"og:availability\" content=\"instock\" \/>\n<meta property=\"product:availability\" content=\"instock\" \/>\n<meta property=\"product:retailer_item_id\" content=\"CEB\" \/>\n<meta property=\"product:condition\" content=\"new\" \/>\n<!-- \/ Yoast SEO Premium plugin. -->","yoast_head_json":{"title":"Anche hautbois \u00e9tudiant (d\u00e9butant) EG-REEDS - EG-REEDS","description":"Anche hautbois \u00e9tudiant (d\u00e9butant) EG-REEDS. Acheter des anches de hautbois \u00e0 bas prix et de haute qualit\u00e9 pour \u00e9tudiants n\u2019a jamais \u00e9t\u00e9 aussi simple.","robots":{"index":"index","follow":"follow","max-snippet":"max-snippet:-1","max-image-preview":"max-image-preview:large","max-video-preview":"max-video-preview:-1"},"canonical":"https:\/\/eg-reeds.com\/fr\/shop\/anches-et-roseaux-pour-etudiants\/anche-hautbois-etudiant-debutant-eg-reeds\/","og_locale":"fr_FR","og_type":"article","og_title":"Anche hautbois \u00e9tudiant (d\u00e9butant) EG-REEDS","og_description":"Anche hautbois \u00e9tudiant (d\u00e9butant) EG-REEDS. Acheter des anches de hautbois \u00e0 bas prix et de haute qualit\u00e9 pour \u00e9tudiants n\u2019a jamais \u00e9t\u00e9 aussi simple.","og_url":"https:\/\/eg-reeds.com\/fr\/shop\/anches-et-roseaux-pour-etudiants\/anche-hautbois-etudiant-debutant-eg-reeds\/","og_site_name":"EG-REEDS","article_publisher":"https:\/\/www.facebook.com\/EGREEDS","article_modified_time":"2025-09-23T08:18:02+00:00","og_image":[{"width":640,"height":544,"url":"https:\/\/eg-reeds.com\/wp-content\/uploads\/2015\/02\/Beginner-oboe-reed-.jpg","type":"image\/jpeg"}],"twitter_card":"summary_large_image","twitter_image":"http:\/\/eg-reeds.com\/wp-content\/uploads\/2015\/02\/Beginner-oboe-reed-.jpg","twitter_site":"@egreeds","twitter_misc":{"Prix":"11,50&euro;","Disponibilit\u00e9":"En stock"},"schema":{"@context":"https:\/\/schema.org","@graph":[{"@type":["WebPage","ItemPage"],"@id":"https:\/\/eg-reeds.com\/fr\/shop\/anches-et-roseaux-pour-etudiants\/anche-hautbois-etudiant-debutant-eg-reeds\/","url":"https:\/\/eg-reeds.com\/fr\/shop\/anches-et-roseaux-pour-etudiants\/anche-hautbois-etudiant-debutant-eg-reeds\/","name":"Anche hautbois \u00e9tudiant (d\u00e9butant) EG-REEDS - EG-REEDS","isPartOf":{"@id":"https:\/\/eg-reeds.com\/fr\/#website"},"primaryImageOfPage":{"@id":"https:\/\/eg-reeds.com\/fr\/shop\/anches-et-roseaux-pour-etudiants\/anche-hautbois-etudiant-debutant-eg-reeds\/#primaryimage"},"image":{"@id":"https:\/\/eg-reeds.com\/fr\/shop\/anches-et-roseaux-pour-etudiants\/anche-hautbois-etudiant-debutant-eg-reeds\/#primaryimage"},"thumbnailUrl":"https:\/\/eg-reeds.com\/wp-content\/uploads\/2015\/02\/Beginner-oboe-reed-eg-reeds.jpg","datePublished":"2015-02-24T11:20:42+00:00","dateModified":"2025-09-23T08:18:02+00:00","description":"Anche hautbois \u00e9tudiant (d\u00e9butant) EG-REEDS. Acheter des anches de hautbois \u00e0 bas prix et de haute qualit\u00e9 pour \u00e9tudiants n\u2019a jamais \u00e9t\u00e9 aussi simple.","breadcrumb":{"@id":"https:\/\/eg-reeds.com\/fr\/shop\/anches-et-roseaux-pour-etudiants\/anche-hautbois-etudiant-debutant-eg-reeds\/#breadcrumb"},"inLanguage":"fr-FR","potentialAction":[{"@type":"ReadAction","target":["https:\/\/eg-reeds.com\/fr\/shop\/anches-et-roseaux-pour-etudiants\/anche-hautbois-etudiant-debutant-eg-reeds\/"]}]},{"@type":"ImageObject","inLanguage":"fr-FR","@id":"https:\/\/eg-reeds.com\/fr\/shop\/anches-et-roseaux-pour-etudiants\/anche-hautbois-etudiant-debutant-eg-reeds\/#primaryimage","url":"https:\/\/eg-reeds.com\/wp-content\/uploads\/2015\/02\/Beginner-oboe-reed-eg-reeds.jpg","contentUrl":"https:\/\/eg-reeds.com\/wp-content\/uploads\/2015\/02\/Beginner-oboe-reed-eg-reeds.jpg","width":1280,"height":1088,"caption":"Anche hautbois \u00e9tudiant (d\u00e9butant) EG-REEDS"},{"@type":"BreadcrumbList","@id":"https:\/\/eg-reeds.com\/fr\/shop\/anches-et-roseaux-pour-etudiants\/anche-hautbois-etudiant-debutant-eg-reeds\/#breadcrumb","itemListElement":[{"@type":"ListItem","position":1,"name":"Accueil","item":"https:\/\/eg-reeds.com\/fr\/"},{"@type":"ListItem","position":2,"name":"Boutique","item":"https:\/\/eg-reeds.com\/fr\/"},{"@type":"ListItem","position":3,"name":"Anche hautbois \u00e9tudiant (d\u00e9butant) EG-REEDS"}]},{"@type":"WebSite","@id":"https:\/\/eg-reeds.com\/fr\/#website","url":"https:\/\/eg-reeds.com\/fr\/","name":"www.eg-reeds.com","description":"Anches hautbois","publisher":{"@id":"https:\/\/eg-reeds.com\/fr\/#organization"},"alternateName":"eg-reeds.com","potentialAction":[{"@type":"SearchAction","target":{"@type":"EntryPoint","urlTemplate":"https:\/\/eg-reeds.com\/fr\/?s={search_term_string}"},"query-input":{"@type":"PropertyValueSpecification","valueRequired":true,"valueName":"search_term_string"}}],"inLanguage":"fr-FR"},{"@type":"Organization","@id":"https:\/\/eg-reeds.com\/fr\/#organization","name":"www.eg-reeds.com","url":"https:\/\/eg-reeds.com\/fr\/","logo":{"@type":"ImageObject","inLanguage":"fr-FR","@id":"https:\/\/eg-reeds.com\/fr\/#\/schema\/logo\/image\/","url":"https:\/\/eg-reeds.com\/wp-content\/uploads\/2024\/06\/Logo-scaled-e1718793906611.jpg","contentUrl":"https:\/\/eg-reeds.com\/wp-content\/uploads\/2024\/06\/Logo-scaled-e1718793906611.jpg","width":1200,"height":493,"caption":"www.eg-reeds.com"},"image":{"@id":"https:\/\/eg-reeds.com\/fr\/#\/schema\/logo\/image\/"},"sameAs":["https:\/\/www.facebook.com\/EGREEDS","https:\/\/x.com\/egreeds","https:\/\/www.instagram.com\/egreeds\/","https:\/\/www.youtube.com\/c\/EGREEDS","https:\/\/www.threads.net\/@egreeds","https:\/\/www.tiktok.com\/@egreeds"]}]},"product_price_amount":"11.50","product_price_currency":"EUR","og_availability":"instock","product_availability":"instock","product_retailer_item_id":"CEB","product_condition":"new"},"_links":{"self":[{"href":"https:\/\/eg-reeds.com\/fr\/wp-json\/wp\/v2\/product\/3048","targetHints":{"allow":["GET"]}}],"collection":[{"href":"https:\/\/eg-reeds.com\/fr\/wp-json\/wp\/v2\/product"}],"about":[{"href":"https:\/\/eg-reeds.com\/fr\/wp-json\/wp\/v2\/types\/product"}],"replies":[{"embeddable":true,"href":"https:\/\/eg-reeds.com\/fr\/wp-json\/wp\/v2\/comments?post=3048"}],"wp:featuredmedia":[{"embeddable":true,"href":"https:\/\/eg-reeds.com\/fr\/wp-json\/wp\/v2\/media\/35936"}],"wp:attachment":[{"href":"https:\/\/eg-reeds.com\/fr\/wp-json\/wp\/v2\/media?parent=3048"}],"wp:term":[{"taxonomy":"product_brand","embeddable":true,"href":"https:\/\/eg-reeds.com\/fr\/wp-json\/wp\/v2\/product_brand?post=3048"},{"taxonomy":"product_cat","embeddable":true,"href":"https:\/\/eg-reeds.com\/fr\/wp-json\/wp\/v2\/product_cat?post=3048"},{"taxonomy":"product_tag","embeddable":true,"href":"https:\/\/eg-reeds.com\/fr\/wp-json\/wp\/v2\/product_tag?post=3048"},{"taxonomy":"giftcard-category","embeddable":true,"href":"https:\/\/eg-reeds.com\/fr\/wp-json\/wp\/v2\/giftcard-category?post=3048"}],"curies":[{"name":"wp","href":"https:\/\/api.w.org\/{rel}","templated":true}]}}