{"id":3051,"date":"2015-02-24T16:27:25","date_gmt":"2015-02-24T15:27:25","guid":{"rendered":"http:\/\/eg-reeds.com\/shop\/uncategorized\/roseaux-gouges-et-tailles-pour-hautbois-10-unites\/"},"modified":"2025-10-16T13:18:03","modified_gmt":"2025-10-16T11:18:03","slug":"roseaux-tailles-hautbois-eg-reeds","status":"publish","type":"product","link":"https:\/\/eg-reeds.com\/fr\/shop\/roseau-fabrique\/roseaux-hautbois\/roseaux-tailles-hautbois-eg-reeds\/","title":{"rendered":"Roseaux taill\u00e9s hautbois EG-REEDS"},"content":{"rendered":"<h1><b>Roseaux taill\u00e9s hautbois EG REEDS (10 unit\u00e9s)<\/b><\/h1>\n<p>Vous cherchez des roseaux taill\u00e9s pour hautbois de haute qualit\u00e9 ? D\u00e9couvrez l\u2019excellence des roseaux taill\u00e9s EG REEDS, o\u00f9 l\u2019artisanat expert et l\u2019exp\u00e9rience professionnelle du hautbois se rejoignent pour vous offrir le meilleur.<\/p>\n<p>Chaque pi\u00e8ce est soigneusement scarnifi\u00e9e, taill\u00e9e et pli\u00e9e \u00e0 l\u2019aide de technologies de pointe afin de garantir une pr\u00e9cision maximale dans chaque d\u00e9tail.<\/p>\n<p>Notre engagement envers la qualit\u00e9 est pr\u00e9sent \u00e0 chaque \u00e9tape du processus. De la s\u00e9lection rigoureuse de la mati\u00e8re premi\u00e8re \u00e0 la scarnification et au test individuel de la duret\u00e9 avec nos machines avanc\u00e9es, jusqu\u2019au fa\u00e7onnage et au pliage manuel, nous nous assurons que seuls les roseaux r\u00e9pondant \u00e0 nos normes \u00e9lev\u00e9es vous parviennent. Ce contr\u00f4le rigoureux nous permet d\u2019offrir des performances exceptionnelles et une grande durabilit\u00e9.<\/p>\n<p>Une fois la forme s\u00e9lectionn\u00e9e appliqu\u00e9e, chaque roseau est pli\u00e9 \u00e0 la main avec une pr\u00e9cision maximale. Ce processus artisanal garantit que chaque pi\u00e8ce respecte nos normes strictes et s\u2019adapte parfaitement aux besoins de chaque musicien.<\/p>\n<p>Nos roseaux pour hautbois sont toujours fabriqu\u00e9s selon les crit\u00e8res de qualit\u00e9 les plus exigeants d\u2019EG REEDS, vous offrant un produit haut de gamme \u00e0 chaque commande. Vous pouvez avoir confiance en la qualit\u00e9 des roseaux taill\u00e9s que vous recevez, con\u00e7us pour vous aider \u00e0 exprimer tout votre potentiel musical.<\/p>\n<p>Rejoignez les hautbo\u00efstes du monde entier qui font confiance aux roseaux taill\u00e9s pour hautbois EG REEDS. Commandez le v\u00f4tre d\u00e8s aujourd\u2019hui et faites l\u2019exp\u00e9rience de la diff\u00e9rence de qualit\u00e9.<\/p>\n<h2>Formes disponibles :<\/h2>\n<ul>\n<li>RC11<\/li>\n<li>RC12<\/li>\n<li>RC13<\/li>\n<li>RC15<\/li>\n<li>901<\/li>\n<li>M2<\/li>\n<li>Albrecht Mayer<\/li>\n<li>Maurice Bourgue<\/li>\n<li>Ram\u00f3n Ortega<\/li>\n<li>Thomas Inderm\u00fchle<\/li>\n<li>USA<\/li>\n<li>LORY<\/li>\n<li>H49<\/li>\n<li>Glotin<\/li>\n<li>Rigoutat 2<\/li>\n<li>Willy 12<\/li>\n<\/ul>\n<h2>Styles :<\/h2>\n<ul>\n<li>Europ\u00e9en<\/li>\n<li>Am\u00e9ricain<\/li>\n<\/ul>\n<h2>Diam\u00e8tre :<\/h2>\n<ul>\n<li>9,5 \u00e0 10<\/li>\n<li>10 \u00e0 10,5<\/li>\n<li>10,5 \u00e0 11<\/li>\n<\/ul>\n<h2>\u00c9paisseur :<\/h2>\n<p>De 0,54 \u00e0 0,55 jusqu\u2019\u00e0 0,60 \u00e0 0,61.<\/p>\n<h2>Duret\u00e9 :<\/h2>\n<ul>\n<li>Douce<\/li>\n<li>Moyenne<\/li>\n<li>Dure<\/li>\n<\/ul>\n","protected":false},"excerpt":{"rendered":"<p>10 unit\u00e9s.<\/p>\n","protected":false},"featured_media":24861,"comment_status":"open","ping_status":"closed","template":"","meta":[],"product_brand":[],"product_cat":[408,411],"product_tag":[],"giftcard-category":[],"class_list":{"0":"post-3051","1":"product","2":"type-product","3":"status-publish","4":"has-post-thumbnail","6":"product_cat-roseau-fabrique","7":"product_cat-roseaux-hautbois","8":"pa_cane-diameter-10-mm-105-mm-fr","9":"pa_cane-diameter-105-mm-11-mm-fr","10":"pa_cane-diameter-95-mm-10-mm-fr","11":"pa_shaper-901-fr","12":"pa_shaper-albrecht-mayer-fr-2","13":"pa_shaper-glotin-fr","14":"pa_shaper-h49-fr","15":"pa_shaper-lory-fr","16":"pa_shaper-m2-fr-2","17":"pa_shaper-maurice-bourgue-fr-3","18":"pa_shaper-ramon-ortega-fr-2","19":"pa_shaper-rc11-fr","20":"pa_shaper-rc12-fr-2","21":"pa_shaper-rc13-fr-2","22":"pa_shaper-rc15-fr","23":"pa_shaper-rigoutat-2-fr","24":"pa_shaper-thomas-indermuehle-fr","25":"pa_shaper-usa-fr","26":"pa_shaper-willy-12-fr","27":"pa_thickness-054-mm-055-mm-fr","28":"pa_thickness-055-mm-056-mm-fr-2","29":"pa_thickness-056-mm-057-mm-fr-2","30":"pa_thickness-057-mm-058-mm-fr","31":"pa_thickness-058-mm-059-mm-fr-2","32":"pa_thickness-059-mm-060-mm-fr","33":"pa_thickness-060-mm-061-mm-fr-2","35":"first","36":"instock","37":"featured","38":"taxable","39":"shipping-taxable","40":"purchasable","41":"product-type-variable","42":"has-default-attributes"},"yoast_head":"<!-- This site is optimized with the Yoast SEO Premium plugin v27.0 (Yoast SEO v27.2) - https:\/\/yoast.com\/product\/yoast-seo-premium-wordpress\/ -->\n<title>Roseaux taill\u00e9s hautbois EG-REEDS - EG-REEDS<\/title>\n<meta name=\"description\" content=\"Commandez vos roseaux taill\u00e9s pour hautbois EG REEDS. Qualit\u00e9 artisanale professionnelle et contr\u00f4le rigoureux. Essayez les meilleurs roseaux pour hautbois!\" \/>\n<meta name=\"robots\" content=\"index, follow, max-snippet:-1, max-image-preview:large, max-video-preview:-1\" \/>\n<link rel=\"canonical\" href=\"https:\/\/eg-reeds.com\/fr\/shop\/roseau-fabrique\/roseaux-hautbois\/roseaux-tailles-hautbois-eg-reeds\/\" \/>\n<meta property=\"og:locale\" content=\"fr_FR\" \/>\n<meta property=\"og:type\" content=\"article\" \/>\n<meta property=\"og:title\" content=\"Roseaux taill\u00e9s hautbois EG-REEDS\" \/>\n<meta property=\"og:description\" content=\"Commandez vos roseaux taill\u00e9s pour hautbois EG REEDS. Qualit\u00e9 artisanale professionnelle et contr\u00f4le rigoureux. Essayez les meilleurs roseaux pour hautbois!\" \/>\n<meta property=\"og:url\" content=\"https:\/\/eg-reeds.com\/fr\/shop\/roseau-fabrique\/roseaux-hautbois\/roseaux-tailles-hautbois-eg-reeds\/\" \/>\n<meta property=\"og:site_name\" content=\"EG-REEDS\" \/>\n<meta property=\"article:publisher\" content=\"https:\/\/www.facebook.com\/EGREEDS\" \/>\n<meta property=\"article:modified_time\" content=\"2025-10-16T11:18:03+00:00\" \/>\n<meta property=\"og:image\" content=\"https:\/\/eg-reeds.com\/wp-content\/uploads\/2015\/02\/Processed-shaped-oboe-cane-EG-REEDS.jpg\" \/>\n\t<meta property=\"og:image:width\" content=\"640\" \/>\n\t<meta property=\"og:image:height\" content=\"544\" \/>\n\t<meta property=\"og:image:type\" content=\"image\/jpeg\" \/>\n<meta name=\"twitter:card\" content=\"summary_large_image\" \/>\n<meta name=\"twitter:site\" content=\"@egreeds\" \/>\n<meta name=\"twitter:label1\" content=\"Disponibilit\u00e9\" \/>\n\t<meta name=\"twitter:data1\" content=\"En stock\" \/>\n<script type=\"application\/ld+json\" class=\"yoast-schema-graph\">{\"@context\":\"https:\/\/schema.org\",\"@graph\":[{\"@type\":[\"WebPage\",\"ItemPage\"],\"@id\":\"https:\/\/eg-reeds.com\/fr\/shop\/roseau-fabrique\/roseaux-hautbois\/roseaux-tailles-hautbois-eg-reeds\/\",\"url\":\"https:\/\/eg-reeds.com\/fr\/shop\/roseau-fabrique\/roseaux-hautbois\/roseaux-tailles-hautbois-eg-reeds\/\",\"name\":\"Roseaux taill\u00e9s hautbois EG-REEDS - EG-REEDS\",\"isPartOf\":{\"@id\":\"https:\/\/eg-reeds.com\/fr\/#website\"},\"primaryImageOfPage\":{\"@id\":\"https:\/\/eg-reeds.com\/fr\/shop\/roseau-fabrique\/roseaux-hautbois\/roseaux-tailles-hautbois-eg-reeds\/#primaryimage\"},\"image\":{\"@id\":\"https:\/\/eg-reeds.com\/fr\/shop\/roseau-fabrique\/roseaux-hautbois\/roseaux-tailles-hautbois-eg-reeds\/#primaryimage\"},\"thumbnailUrl\":\"https:\/\/eg-reeds.com\/wp-content\/uploads\/2015\/02\/Processed-shaped-oboe-cane-EG-REEDS.jpg\",\"datePublished\":\"2015-02-24T15:27:25+00:00\",\"dateModified\":\"2025-10-16T11:18:03+00:00\",\"description\":\"Commandez vos roseaux taill\u00e9s pour hautbois EG REEDS. Qualit\u00e9 artisanale professionnelle et contr\u00f4le rigoureux. Essayez les meilleurs roseaux pour hautbois!\",\"breadcrumb\":{\"@id\":\"https:\/\/eg-reeds.com\/fr\/shop\/roseau-fabrique\/roseaux-hautbois\/roseaux-tailles-hautbois-eg-reeds\/#breadcrumb\"},\"inLanguage\":\"fr-FR\",\"potentialAction\":[{\"@type\":\"ReadAction\",\"target\":[\"https:\/\/eg-reeds.com\/fr\/shop\/roseau-fabrique\/roseaux-hautbois\/roseaux-tailles-hautbois-eg-reeds\/\"]}]},{\"@type\":\"ImageObject\",\"inLanguage\":\"fr-FR\",\"@id\":\"https:\/\/eg-reeds.com\/fr\/shop\/roseau-fabrique\/roseaux-hautbois\/roseaux-tailles-hautbois-eg-reeds\/#primaryimage\",\"url\":\"https:\/\/eg-reeds.com\/wp-content\/uploads\/2015\/02\/Processed-shaped-oboe-cane-EG-REEDS.jpg\",\"contentUrl\":\"https:\/\/eg-reeds.com\/wp-content\/uploads\/2015\/02\/Processed-shaped-oboe-cane-EG-REEDS.jpg\",\"width\":640,\"height\":544,\"caption\":\"canne per oboe professionali\"},{\"@type\":\"BreadcrumbList\",\"@id\":\"https:\/\/eg-reeds.com\/fr\/shop\/roseau-fabrique\/roseaux-hautbois\/roseaux-tailles-hautbois-eg-reeds\/#breadcrumb\",\"itemListElement\":[{\"@type\":\"ListItem\",\"position\":1,\"name\":\"Accueil\",\"item\":\"https:\/\/eg-reeds.com\/fr\/\"},{\"@type\":\"ListItem\",\"position\":2,\"name\":\"Boutique\",\"item\":\"https:\/\/eg-reeds.com\/fr\/\"},{\"@type\":\"ListItem\",\"position\":3,\"name\":\"Roseaux taill\u00e9s hautbois EG-REEDS\"}]},{\"@type\":\"WebSite\",\"@id\":\"https:\/\/eg-reeds.com\/fr\/#website\",\"url\":\"https:\/\/eg-reeds.com\/fr\/\",\"name\":\"www.eg-reeds.com\",\"description\":\"Anches hautbois\",\"publisher\":{\"@id\":\"https:\/\/eg-reeds.com\/fr\/#organization\"},\"alternateName\":\"eg-reeds.com\",\"potentialAction\":[{\"@type\":\"SearchAction\",\"target\":{\"@type\":\"EntryPoint\",\"urlTemplate\":\"https:\/\/eg-reeds.com\/fr\/?s={search_term_string}\"},\"query-input\":{\"@type\":\"PropertyValueSpecification\",\"valueRequired\":true,\"valueName\":\"search_term_string\"}}],\"inLanguage\":\"fr-FR\"},{\"@type\":\"Organization\",\"@id\":\"https:\/\/eg-reeds.com\/fr\/#organization\",\"name\":\"www.eg-reeds.com\",\"url\":\"https:\/\/eg-reeds.com\/fr\/\",\"logo\":{\"@type\":\"ImageObject\",\"inLanguage\":\"fr-FR\",\"@id\":\"https:\/\/eg-reeds.com\/fr\/#\/schema\/logo\/image\/\",\"url\":\"https:\/\/eg-reeds.com\/wp-content\/uploads\/2024\/06\/Logo-scaled-e1718793906611.jpg\",\"contentUrl\":\"https:\/\/eg-reeds.com\/wp-content\/uploads\/2024\/06\/Logo-scaled-e1718793906611.jpg\",\"width\":1200,\"height\":493,\"caption\":\"www.eg-reeds.com\"},\"image\":{\"@id\":\"https:\/\/eg-reeds.com\/fr\/#\/schema\/logo\/image\/\"},\"sameAs\":[\"https:\/\/www.facebook.com\/EGREEDS\",\"https:\/\/x.com\/egreeds\",\"https:\/\/www.instagram.com\/egreeds\/\",\"https:\/\/www.youtube.com\/c\/EGREEDS\",\"https:\/\/www.threads.net\/@egreeds\",\"https:\/\/www.tiktok.com\/@egreeds\"]}]}<\/script>\n<meta property=\"og:availability\" content=\"instock\" \/>\n<meta property=\"product:availability\" content=\"instock\" \/>\n<meta property=\"product:retailer_item_id\" content=\"PAOB-F\" \/>\n<meta property=\"product:condition\" content=\"new\" \/>\n<!-- \/ Yoast SEO Premium plugin. -->","yoast_head_json":{"title":"Roseaux taill\u00e9s hautbois EG-REEDS - EG-REEDS","description":"Commandez vos roseaux taill\u00e9s pour hautbois EG REEDS. Qualit\u00e9 artisanale professionnelle et contr\u00f4le rigoureux. Essayez les meilleurs roseaux pour hautbois!","robots":{"index":"index","follow":"follow","max-snippet":"max-snippet:-1","max-image-preview":"max-image-preview:large","max-video-preview":"max-video-preview:-1"},"canonical":"https:\/\/eg-reeds.com\/fr\/shop\/roseau-fabrique\/roseaux-hautbois\/roseaux-tailles-hautbois-eg-reeds\/","og_locale":"fr_FR","og_type":"article","og_title":"Roseaux taill\u00e9s hautbois EG-REEDS","og_description":"Commandez vos roseaux taill\u00e9s pour hautbois EG REEDS. Qualit\u00e9 artisanale professionnelle et contr\u00f4le rigoureux. Essayez les meilleurs roseaux pour hautbois!","og_url":"https:\/\/eg-reeds.com\/fr\/shop\/roseau-fabrique\/roseaux-hautbois\/roseaux-tailles-hautbois-eg-reeds\/","og_site_name":"EG-REEDS","article_publisher":"https:\/\/www.facebook.com\/EGREEDS","article_modified_time":"2025-10-16T11:18:03+00:00","og_image":[{"width":640,"height":544,"url":"https:\/\/eg-reeds.com\/wp-content\/uploads\/2015\/02\/Processed-shaped-oboe-cane-EG-REEDS.jpg","type":"image\/jpeg"}],"twitter_card":"summary_large_image","twitter_site":"@egreeds","twitter_misc":{"Disponibilit\u00e9":"En stock"},"schema":{"@context":"https:\/\/schema.org","@graph":[{"@type":["WebPage","ItemPage"],"@id":"https:\/\/eg-reeds.com\/fr\/shop\/roseau-fabrique\/roseaux-hautbois\/roseaux-tailles-hautbois-eg-reeds\/","url":"https:\/\/eg-reeds.com\/fr\/shop\/roseau-fabrique\/roseaux-hautbois\/roseaux-tailles-hautbois-eg-reeds\/","name":"Roseaux taill\u00e9s hautbois EG-REEDS - EG-REEDS","isPartOf":{"@id":"https:\/\/eg-reeds.com\/fr\/#website"},"primaryImageOfPage":{"@id":"https:\/\/eg-reeds.com\/fr\/shop\/roseau-fabrique\/roseaux-hautbois\/roseaux-tailles-hautbois-eg-reeds\/#primaryimage"},"image":{"@id":"https:\/\/eg-reeds.com\/fr\/shop\/roseau-fabrique\/roseaux-hautbois\/roseaux-tailles-hautbois-eg-reeds\/#primaryimage"},"thumbnailUrl":"https:\/\/eg-reeds.com\/wp-content\/uploads\/2015\/02\/Processed-shaped-oboe-cane-EG-REEDS.jpg","datePublished":"2015-02-24T15:27:25+00:00","dateModified":"2025-10-16T11:18:03+00:00","description":"Commandez vos roseaux taill\u00e9s pour hautbois EG REEDS. Qualit\u00e9 artisanale professionnelle et contr\u00f4le rigoureux. Essayez les meilleurs roseaux pour hautbois!","breadcrumb":{"@id":"https:\/\/eg-reeds.com\/fr\/shop\/roseau-fabrique\/roseaux-hautbois\/roseaux-tailles-hautbois-eg-reeds\/#breadcrumb"},"inLanguage":"fr-FR","potentialAction":[{"@type":"ReadAction","target":["https:\/\/eg-reeds.com\/fr\/shop\/roseau-fabrique\/roseaux-hautbois\/roseaux-tailles-hautbois-eg-reeds\/"]}]},{"@type":"ImageObject","inLanguage":"fr-FR","@id":"https:\/\/eg-reeds.com\/fr\/shop\/roseau-fabrique\/roseaux-hautbois\/roseaux-tailles-hautbois-eg-reeds\/#primaryimage","url":"https:\/\/eg-reeds.com\/wp-content\/uploads\/2015\/02\/Processed-shaped-oboe-cane-EG-REEDS.jpg","contentUrl":"https:\/\/eg-reeds.com\/wp-content\/uploads\/2015\/02\/Processed-shaped-oboe-cane-EG-REEDS.jpg","width":640,"height":544,"caption":"canne per oboe professionali"},{"@type":"BreadcrumbList","@id":"https:\/\/eg-reeds.com\/fr\/shop\/roseau-fabrique\/roseaux-hautbois\/roseaux-tailles-hautbois-eg-reeds\/#breadcrumb","itemListElement":[{"@type":"ListItem","position":1,"name":"Accueil","item":"https:\/\/eg-reeds.com\/fr\/"},{"@type":"ListItem","position":2,"name":"Boutique","item":"https:\/\/eg-reeds.com\/fr\/"},{"@type":"ListItem","position":3,"name":"Roseaux taill\u00e9s hautbois EG-REEDS"}]},{"@type":"WebSite","@id":"https:\/\/eg-reeds.com\/fr\/#website","url":"https:\/\/eg-reeds.com\/fr\/","name":"www.eg-reeds.com","description":"Anches hautbois","publisher":{"@id":"https:\/\/eg-reeds.com\/fr\/#organization"},"alternateName":"eg-reeds.com","potentialAction":[{"@type":"SearchAction","target":{"@type":"EntryPoint","urlTemplate":"https:\/\/eg-reeds.com\/fr\/?s={search_term_string}"},"query-input":{"@type":"PropertyValueSpecification","valueRequired":true,"valueName":"search_term_string"}}],"inLanguage":"fr-FR"},{"@type":"Organization","@id":"https:\/\/eg-reeds.com\/fr\/#organization","name":"www.eg-reeds.com","url":"https:\/\/eg-reeds.com\/fr\/","logo":{"@type":"ImageObject","inLanguage":"fr-FR","@id":"https:\/\/eg-reeds.com\/fr\/#\/schema\/logo\/image\/","url":"https:\/\/eg-reeds.com\/wp-content\/uploads\/2024\/06\/Logo-scaled-e1718793906611.jpg","contentUrl":"https:\/\/eg-reeds.com\/wp-content\/uploads\/2024\/06\/Logo-scaled-e1718793906611.jpg","width":1200,"height":493,"caption":"www.eg-reeds.com"},"image":{"@id":"https:\/\/eg-reeds.com\/fr\/#\/schema\/logo\/image\/"},"sameAs":["https:\/\/www.facebook.com\/EGREEDS","https:\/\/x.com\/egreeds","https:\/\/www.instagram.com\/egreeds\/","https:\/\/www.youtube.com\/c\/EGREEDS","https:\/\/www.threads.net\/@egreeds","https:\/\/www.tiktok.com\/@egreeds"]}]},"og_availability":"instock","product_availability":"instock","product_retailer_item_id":"PAOB-F","product_condition":"new"},"_links":{"self":[{"href":"https:\/\/eg-reeds.com\/fr\/wp-json\/wp\/v2\/product\/3051","targetHints":{"allow":["GET"]}}],"collection":[{"href":"https:\/\/eg-reeds.com\/fr\/wp-json\/wp\/v2\/product"}],"about":[{"href":"https:\/\/eg-reeds.com\/fr\/wp-json\/wp\/v2\/types\/product"}],"replies":[{"embeddable":true,"href":"https:\/\/eg-reeds.com\/fr\/wp-json\/wp\/v2\/comments?post=3051"}],"wp:featuredmedia":[{"embeddable":true,"href":"https:\/\/eg-reeds.com\/fr\/wp-json\/wp\/v2\/media\/24861"}],"wp:attachment":[{"href":"https:\/\/eg-reeds.com\/fr\/wp-json\/wp\/v2\/media?parent=3051"}],"wp:term":[{"taxonomy":"product_brand","embeddable":true,"href":"https:\/\/eg-reeds.com\/fr\/wp-json\/wp\/v2\/product_brand?post=3051"},{"taxonomy":"product_cat","embeddable":true,"href":"https:\/\/eg-reeds.com\/fr\/wp-json\/wp\/v2\/product_cat?post=3051"},{"taxonomy":"product_tag","embeddable":true,"href":"https:\/\/eg-reeds.com\/fr\/wp-json\/wp\/v2\/product_tag?post=3051"},{"taxonomy":"giftcard-category","embeddable":true,"href":"https:\/\/eg-reeds.com\/fr\/wp-json\/wp\/v2\/giftcard-category?post=3051"}],"curies":[{"name":"wp","href":"https:\/\/api.w.org\/{rel}","templated":true}]}}