{"id":3107,"date":"2015-02-03T08:00:16","date_gmt":"2015-02-03T07:00:16","guid":{"rendered":"http:\/\/eg-reeds.com\/shop\/uncategorized\/anche-detude-pour-hautbois-etudiants-intermediaires\/"},"modified":"2025-05-29T05:50:32","modified_gmt":"2025-05-29T03:50:32","slug":"anche-hautbois-etudiant-intermediaire-eg-reeds","status":"publish","type":"product","link":"https:\/\/eg-reeds.com\/fr\/shop\/anches-et-roseaux-pour-etudiants\/anche-hautbois-etudiant-intermediaire-eg-reeds\/","title":{"rendered":"Anche hautbois \u00e9tudiant (interm\u00e9diaire) EG-REEDS"},"content":{"rendered":"<h1><strong>Anche hautbois \u00e9tudiant (interm\u00e9diaire) EG-REEDS<\/strong><\/h1>\n<p>Nos anches pour hautbois de niveau interm\u00e9diaire sont con\u00e7ues pour vous accompagner \u00e0 cette \u00e9tape cl\u00e9 o\u00f9 la technique et l\u2019expression commencent \u00e0 se combiner. Fabriqu\u00e9es avec les m\u00eames mat\u00e9riaux de haute qualit\u00e9 et le m\u00eame soin artisanal que nos anches professionnelles. Nous s\u00e9lectionnons soigneusement la densit\u00e9 de la canne pour les \u00e9tudiants interm\u00e9diaires, offrant ainsi plus de flexibilit\u00e9 et de contr\u00f4le \u00e0 ceux qui souhaitent affiner leur technique.<\/p>\n<p>Nous choisissons avec pr\u00e9cision la densit\u00e9 de chaque anche afin d\u2019offrir un <strong>meilleur contr\u00f4le, une meilleure r\u00e9ponse et un flux d\u2019air plus souple<\/strong> \u2014 id\u00e9al pour fa\u00e7onner votre son personnel et aborder un r\u00e9pertoire plus exigeant.<\/p>\n<p>&nbsp;<\/p>\n<h2>\ud83c\udfaf \u00c0 qui sont recommand\u00e9es les anches pour \u00e9tudiants interm\u00e9diaires ?<\/h2>\n<p>Nous concevons ces anches pour les hautbo\u00efstes \u00e0 partir de leur troisi\u00e8me ann\u00e9e de pratique et jusqu\u2019aux premi\u00e8res \u00e9tapes de la formation professionnelle. Cependant, nous vous recommandons de consulter votre professeur \u2014 personne ne vous guidera mieux en fonction de votre niveau et de votre style de jeu.<\/p>\n<ul>\n<li class=\"bullet-checkmark\"><strong>Son \u00e9quilibr\u00e9 et bien accord\u00e9<\/strong>.<\/li>\n<li class=\"bullet-checkmark\"><strong>Meilleur contr\u00f4le et r\u00e9ponse facile<\/strong>.<\/li>\n<li class=\"bullet-checkmark\"><strong>Qualit\u00e9 professionnelle \u00e0 un prix abordable<\/strong>.<\/li>\n<\/ul>\n<p>&nbsp;<\/p>\n<h2>Questions fr\u00e9quentes sur l\u2019anche de hautbois pour \u00e9tudiants interm\u00e9diaires<\/h2>\n<ul>\n<li><strong>\u00c0 quel niveau cette anche est-elle recommand\u00e9e ?<\/strong><br \/>\nElle est con\u00e7ue pour les \u00e9tudiants de niveau interm\u00e9diaire, g\u00e9n\u00e9ralement \u00e0 partir de leur troisi\u00e8me ann\u00e9e de pratique jusqu\u2019aux premi\u00e8res \u00e9tapes de la formation professionnelle. Nous vous conseillons tout de m\u00eame de demander l\u2019avis de votre professeur pour v\u00e9rifier si elle correspond bien \u00e0 votre niveau.<\/li>\n<li><strong>En quoi est-elle diff\u00e9rente d\u2019une anche professionnelle ?<\/strong><br \/>\nBien qu\u2019elle partage les mat\u00e9riaux et le savoir-faire de nos anches professionnelles, cette version pr\u00e9sente une <strong>densit\u00e9 de canne et une forme optimis\u00e9e<\/strong> pour faciliter le contr\u00f4le, l\u2019articulation et la r\u00e9ponse chez les \u00e9tudiants interm\u00e9diaires.<\/li>\n<li><strong>Quel type de son offre-t-elle ?<\/strong><br \/>\nElle offre un <strong>son bien accord\u00e9 et \u00e9quilibr\u00e9<\/strong> avec une <strong>r\u00e9ponse facile<\/strong>, parfait pour les \u00e9tudiants.<\/li>\n<li><strong>Puis-je utiliser cette anche si je suis d\u00e9butant ?<\/strong><br \/>\nCe n\u2019est pas le meilleur choix. Pour les d\u00e9butants, EG-REEDS propose des <strong><a href=\"https:\/\/eg-reeds.com\/fr\/shop\/anches-et-roseaux-pour-etudiants\/anche-hautbois-etudiant-debutant-eg-reeds\/\" target=\"_blank\" rel=\"noopener\">anches sp\u00e9cifiques pour d\u00e9butants<\/a><\/strong> avec une r\u00e9sistance plus souple pour faciliter l\u2019apprentissage.<\/li>\n<\/ul>\n<p><strong>Commandez d\u00e8s maintenant votre anche de hautbois interm\u00e9diaire EG-REEDS au meilleur prix.<\/strong><\/p>\n<p>Vous souhaitez savoir quelle anche convient \u00e0 votre niveau ? Consultez cet article de blog avec tous les d\u00e9tails sur <strong><a href=\"https:\/\/eg-reeds.com\/fr\/anches-de-hautbois-lanche-ideale-pour-chaque-etape\/\" target=\"_blank\" rel=\"noopener\">l\u2019anche id\u00e9ale pour chaque \u00e9tape<\/a><\/strong>.<\/p>\n","protected":false},"excerpt":{"rendered":"<p>1 unit\u00e9.<\/p>\n","protected":false},"featured_media":35903,"comment_status":"open","ping_status":"closed","template":"","meta":[],"product_brand":[],"product_cat":[414],"product_tag":[],"giftcard-category":[],"class_list":{"0":"post-3107","1":"product","2":"type-product","3":"status-publish","4":"has-post-thumbnail","6":"product_cat-anches-et-roseaux-pour-etudiants","8":"first","9":"instock","10":"featured","11":"taxable","12":"shipping-taxable","13":"purchasable","14":"product-type-simple"},"yoast_head":"<!-- This site is optimized with the Yoast SEO Premium plugin v27.0 (Yoast SEO v27.4) - https:\/\/yoast.com\/product\/yoast-seo-premium-wordpress\/ -->\n<title>Anche hautbois \u00e9tudiant (interm\u00e9diaire) EG-REEDS<\/title>\n<meta name=\"description\" content=\"Anche hautbois \u00e9tudiant (interm\u00e9diaire) EG-REEDS. Anche de hautbois pour \u00e9tudiants interm\u00e9diaires, pr\u00eate \u00e0 jouer, facile \u00e0 souffler.\" \/>\n<meta name=\"robots\" content=\"index, follow, max-snippet:-1, max-image-preview:large, max-video-preview:-1\" \/>\n<link rel=\"canonical\" href=\"https:\/\/eg-reeds.com\/fr\/shop\/anches-et-roseaux-pour-etudiants\/anche-hautbois-etudiant-intermediaire-eg-reeds\/\" \/>\n<meta property=\"og:locale\" content=\"fr_FR\" \/>\n<meta property=\"og:type\" content=\"article\" \/>\n<meta property=\"og:title\" content=\"Anche hautbois \u00e9tudiant (interm\u00e9diaire) EG-REEDS\" \/>\n<meta property=\"og:description\" content=\"Anche hautbois \u00e9tudiant (interm\u00e9diaire) EG-REEDS. Anche de hautbois pour \u00e9tudiants interm\u00e9diaires, pr\u00eate \u00e0 jouer, facile \u00e0 souffler.\" \/>\n<meta property=\"og:url\" content=\"https:\/\/eg-reeds.com\/fr\/shop\/anches-et-roseaux-pour-etudiants\/anche-hautbois-etudiant-intermediaire-eg-reeds\/\" \/>\n<meta property=\"og:site_name\" content=\"EG-REEDS\" \/>\n<meta property=\"article:publisher\" content=\"https:\/\/www.facebook.com\/EGREEDS\" \/>\n<meta property=\"article:modified_time\" content=\"2025-05-29T03:50:32+00:00\" \/>\n<meta property=\"og:image\" content=\"https:\/\/eg-reeds.com\/wp-content\/uploads\/2015\/02\/intermediate-oboe-reed-EG-REEDS.jpg\" \/>\n\t<meta property=\"og:image:width\" content=\"1280\" \/>\n\t<meta property=\"og:image:height\" content=\"1088\" \/>\n\t<meta property=\"og:image:type\" content=\"image\/jpeg\" \/>\n<meta name=\"twitter:card\" content=\"summary_large_image\" \/>\n<meta name=\"twitter:site\" content=\"@egreeds\" \/>\n<meta name=\"twitter:label1\" content=\"Prix\" \/>\n\t<meta name=\"twitter:data1\" content=\"14,50&euro;\" \/>\n\t<meta name=\"twitter:label2\" content=\"Disponibilit\u00e9\" \/>\n\t<meta name=\"twitter:data2\" content=\"En stock\" \/>\n<script type=\"application\/ld+json\" class=\"yoast-schema-graph\">{\"@context\":\"https:\\\/\\\/schema.org\",\"@graph\":[{\"@type\":[\"WebPage\",\"ItemPage\"],\"@id\":\"https:\\\/\\\/eg-reeds.com\\\/fr\\\/shop\\\/anches-et-roseaux-pour-etudiants\\\/anche-hautbois-etudiant-intermediaire-eg-reeds\\\/\",\"url\":\"https:\\\/\\\/eg-reeds.com\\\/fr\\\/shop\\\/anches-et-roseaux-pour-etudiants\\\/anche-hautbois-etudiant-intermediaire-eg-reeds\\\/\",\"name\":\"Anche hautbois \u00e9tudiant (interm\u00e9diaire) EG-REEDS\",\"isPartOf\":{\"@id\":\"https:\\\/\\\/eg-reeds.com\\\/fr\\\/#website\"},\"primaryImageOfPage\":{\"@id\":\"https:\\\/\\\/eg-reeds.com\\\/fr\\\/shop\\\/anches-et-roseaux-pour-etudiants\\\/anche-hautbois-etudiant-intermediaire-eg-reeds\\\/#primaryimage\"},\"image\":{\"@id\":\"https:\\\/\\\/eg-reeds.com\\\/fr\\\/shop\\\/anches-et-roseaux-pour-etudiants\\\/anche-hautbois-etudiant-intermediaire-eg-reeds\\\/#primaryimage\"},\"thumbnailUrl\":\"https:\\\/\\\/eg-reeds.com\\\/wp-content\\\/uploads\\\/2015\\\/02\\\/intermediate-oboe-reed-EG-REEDS.jpg\",\"datePublished\":\"2015-02-03T07:00:16+00:00\",\"dateModified\":\"2025-05-29T03:50:32+00:00\",\"description\":\"Anche hautbois \u00e9tudiant (interm\u00e9diaire) EG-REEDS. Anche de hautbois pour \u00e9tudiants interm\u00e9diaires, pr\u00eate \u00e0 jouer, facile \u00e0 souffler.\",\"breadcrumb\":{\"@id\":\"https:\\\/\\\/eg-reeds.com\\\/fr\\\/shop\\\/anches-et-roseaux-pour-etudiants\\\/anche-hautbois-etudiant-intermediaire-eg-reeds\\\/#breadcrumb\"},\"inLanguage\":\"fr-FR\",\"potentialAction\":[{\"@type\":\"ReadAction\",\"target\":[\"https:\\\/\\\/eg-reeds.com\\\/fr\\\/shop\\\/anches-et-roseaux-pour-etudiants\\\/anche-hautbois-etudiant-intermediaire-eg-reeds\\\/\"]}]},{\"@type\":\"ImageObject\",\"inLanguage\":\"fr-FR\",\"@id\":\"https:\\\/\\\/eg-reeds.com\\\/fr\\\/shop\\\/anches-et-roseaux-pour-etudiants\\\/anche-hautbois-etudiant-intermediaire-eg-reeds\\\/#primaryimage\",\"url\":\"https:\\\/\\\/eg-reeds.com\\\/wp-content\\\/uploads\\\/2015\\\/02\\\/intermediate-oboe-reed-EG-REEDS.jpg\",\"contentUrl\":\"https:\\\/\\\/eg-reeds.com\\\/wp-content\\\/uploads\\\/2015\\\/02\\\/intermediate-oboe-reed-EG-REEDS.jpg\",\"width\":1280,\"height\":1088,\"caption\":\"Anche hautbois \u00e9tudiant (interm\u00e9diaire) EG-REEDS\"},{\"@type\":\"BreadcrumbList\",\"@id\":\"https:\\\/\\\/eg-reeds.com\\\/fr\\\/shop\\\/anches-et-roseaux-pour-etudiants\\\/anche-hautbois-etudiant-intermediaire-eg-reeds\\\/#breadcrumb\",\"itemListElement\":[{\"@type\":\"ListItem\",\"position\":1,\"name\":\"Accueil\",\"item\":\"https:\\\/\\\/eg-reeds.com\\\/fr\\\/\"},{\"@type\":\"ListItem\",\"position\":2,\"name\":\"Boutique\",\"item\":\"https:\\\/\\\/eg-reeds.com\\\/fr\\\/\"},{\"@type\":\"ListItem\",\"position\":3,\"name\":\"Anche hautbois \u00e9tudiant (interm\u00e9diaire) EG-REEDS\"}]},{\"@type\":\"WebSite\",\"@id\":\"https:\\\/\\\/eg-reeds.com\\\/fr\\\/#website\",\"url\":\"https:\\\/\\\/eg-reeds.com\\\/fr\\\/\",\"name\":\"www.eg-reeds.com\",\"description\":\"Anches hautbois\",\"publisher\":{\"@id\":\"https:\\\/\\\/eg-reeds.com\\\/fr\\\/#organization\"},\"alternateName\":\"eg-reeds.com\",\"potentialAction\":[{\"@type\":\"SearchAction\",\"target\":{\"@type\":\"EntryPoint\",\"urlTemplate\":\"https:\\\/\\\/eg-reeds.com\\\/fr\\\/?s={search_term_string}\"},\"query-input\":{\"@type\":\"PropertyValueSpecification\",\"valueRequired\":true,\"valueName\":\"search_term_string\"}}],\"inLanguage\":\"fr-FR\"},{\"@type\":\"Organization\",\"@id\":\"https:\\\/\\\/eg-reeds.com\\\/fr\\\/#organization\",\"name\":\"www.eg-reeds.com\",\"url\":\"https:\\\/\\\/eg-reeds.com\\\/fr\\\/\",\"logo\":{\"@type\":\"ImageObject\",\"inLanguage\":\"fr-FR\",\"@id\":\"https:\\\/\\\/eg-reeds.com\\\/fr\\\/#\\\/schema\\\/logo\\\/image\\\/\",\"url\":\"https:\\\/\\\/eg-reeds.com\\\/wp-content\\\/uploads\\\/2024\\\/06\\\/Logo-scaled-e1718793906611.jpg\",\"contentUrl\":\"https:\\\/\\\/eg-reeds.com\\\/wp-content\\\/uploads\\\/2024\\\/06\\\/Logo-scaled-e1718793906611.jpg\",\"width\":1200,\"height\":493,\"caption\":\"www.eg-reeds.com\"},\"image\":{\"@id\":\"https:\\\/\\\/eg-reeds.com\\\/fr\\\/#\\\/schema\\\/logo\\\/image\\\/\"},\"sameAs\":[\"https:\\\/\\\/www.facebook.com\\\/EGREEDS\",\"https:\\\/\\\/x.com\\\/egreeds\",\"https:\\\/\\\/www.instagram.com\\\/egreeds\\\/\",\"https:\\\/\\\/www.youtube.com\\\/c\\\/EGREEDS\",\"https:\\\/\\\/www.threads.net\\\/@egreeds\",\"https:\\\/\\\/www.tiktok.com\\\/@egreeds\"]}]}<\/script>\n<meta property=\"product:price:amount\" content=\"14.50\" \/>\n<meta property=\"product:price:currency\" content=\"EUR\" \/>\n<meta property=\"og:availability\" content=\"instock\" \/>\n<meta property=\"product:availability\" content=\"instock\" \/>\n<meta property=\"product:retailer_item_id\" content=\"CEI\" \/>\n<meta property=\"product:condition\" content=\"new\" \/>\n<!-- \/ Yoast SEO Premium plugin. -->","yoast_head_json":{"title":"Anche hautbois \u00e9tudiant (interm\u00e9diaire) EG-REEDS","description":"Anche hautbois \u00e9tudiant (interm\u00e9diaire) EG-REEDS. Anche de hautbois pour \u00e9tudiants interm\u00e9diaires, pr\u00eate \u00e0 jouer, facile \u00e0 souffler.","robots":{"index":"index","follow":"follow","max-snippet":"max-snippet:-1","max-image-preview":"max-image-preview:large","max-video-preview":"max-video-preview:-1"},"canonical":"https:\/\/eg-reeds.com\/fr\/shop\/anches-et-roseaux-pour-etudiants\/anche-hautbois-etudiant-intermediaire-eg-reeds\/","og_locale":"fr_FR","og_type":"article","og_title":"Anche hautbois \u00e9tudiant (interm\u00e9diaire) EG-REEDS","og_description":"Anche hautbois \u00e9tudiant (interm\u00e9diaire) EG-REEDS. Anche de hautbois pour \u00e9tudiants interm\u00e9diaires, pr\u00eate \u00e0 jouer, facile \u00e0 souffler.","og_url":"https:\/\/eg-reeds.com\/fr\/shop\/anches-et-roseaux-pour-etudiants\/anche-hautbois-etudiant-intermediaire-eg-reeds\/","og_site_name":"EG-REEDS","article_publisher":"https:\/\/www.facebook.com\/EGREEDS","article_modified_time":"2025-05-29T03:50:32+00:00","og_image":[{"width":1280,"height":1088,"url":"https:\/\/eg-reeds.com\/wp-content\/uploads\/2015\/02\/intermediate-oboe-reed-EG-REEDS.jpg","type":"image\/jpeg"}],"twitter_card":"summary_large_image","twitter_site":"@egreeds","twitter_misc":{"Prix":"14,50&euro;","Disponibilit\u00e9":"En stock"},"schema":{"@context":"https:\/\/schema.org","@graph":[{"@type":["WebPage","ItemPage"],"@id":"https:\/\/eg-reeds.com\/fr\/shop\/anches-et-roseaux-pour-etudiants\/anche-hautbois-etudiant-intermediaire-eg-reeds\/","url":"https:\/\/eg-reeds.com\/fr\/shop\/anches-et-roseaux-pour-etudiants\/anche-hautbois-etudiant-intermediaire-eg-reeds\/","name":"Anche hautbois \u00e9tudiant (interm\u00e9diaire) EG-REEDS","isPartOf":{"@id":"https:\/\/eg-reeds.com\/fr\/#website"},"primaryImageOfPage":{"@id":"https:\/\/eg-reeds.com\/fr\/shop\/anches-et-roseaux-pour-etudiants\/anche-hautbois-etudiant-intermediaire-eg-reeds\/#primaryimage"},"image":{"@id":"https:\/\/eg-reeds.com\/fr\/shop\/anches-et-roseaux-pour-etudiants\/anche-hautbois-etudiant-intermediaire-eg-reeds\/#primaryimage"},"thumbnailUrl":"https:\/\/eg-reeds.com\/wp-content\/uploads\/2015\/02\/intermediate-oboe-reed-EG-REEDS.jpg","datePublished":"2015-02-03T07:00:16+00:00","dateModified":"2025-05-29T03:50:32+00:00","description":"Anche hautbois \u00e9tudiant (interm\u00e9diaire) EG-REEDS. Anche de hautbois pour \u00e9tudiants interm\u00e9diaires, pr\u00eate \u00e0 jouer, facile \u00e0 souffler.","breadcrumb":{"@id":"https:\/\/eg-reeds.com\/fr\/shop\/anches-et-roseaux-pour-etudiants\/anche-hautbois-etudiant-intermediaire-eg-reeds\/#breadcrumb"},"inLanguage":"fr-FR","potentialAction":[{"@type":"ReadAction","target":["https:\/\/eg-reeds.com\/fr\/shop\/anches-et-roseaux-pour-etudiants\/anche-hautbois-etudiant-intermediaire-eg-reeds\/"]}]},{"@type":"ImageObject","inLanguage":"fr-FR","@id":"https:\/\/eg-reeds.com\/fr\/shop\/anches-et-roseaux-pour-etudiants\/anche-hautbois-etudiant-intermediaire-eg-reeds\/#primaryimage","url":"https:\/\/eg-reeds.com\/wp-content\/uploads\/2015\/02\/intermediate-oboe-reed-EG-REEDS.jpg","contentUrl":"https:\/\/eg-reeds.com\/wp-content\/uploads\/2015\/02\/intermediate-oboe-reed-EG-REEDS.jpg","width":1280,"height":1088,"caption":"Anche hautbois \u00e9tudiant (interm\u00e9diaire) EG-REEDS"},{"@type":"BreadcrumbList","@id":"https:\/\/eg-reeds.com\/fr\/shop\/anches-et-roseaux-pour-etudiants\/anche-hautbois-etudiant-intermediaire-eg-reeds\/#breadcrumb","itemListElement":[{"@type":"ListItem","position":1,"name":"Accueil","item":"https:\/\/eg-reeds.com\/fr\/"},{"@type":"ListItem","position":2,"name":"Boutique","item":"https:\/\/eg-reeds.com\/fr\/"},{"@type":"ListItem","position":3,"name":"Anche hautbois \u00e9tudiant (interm\u00e9diaire) EG-REEDS"}]},{"@type":"WebSite","@id":"https:\/\/eg-reeds.com\/fr\/#website","url":"https:\/\/eg-reeds.com\/fr\/","name":"www.eg-reeds.com","description":"Anches hautbois","publisher":{"@id":"https:\/\/eg-reeds.com\/fr\/#organization"},"alternateName":"eg-reeds.com","potentialAction":[{"@type":"SearchAction","target":{"@type":"EntryPoint","urlTemplate":"https:\/\/eg-reeds.com\/fr\/?s={search_term_string}"},"query-input":{"@type":"PropertyValueSpecification","valueRequired":true,"valueName":"search_term_string"}}],"inLanguage":"fr-FR"},{"@type":"Organization","@id":"https:\/\/eg-reeds.com\/fr\/#organization","name":"www.eg-reeds.com","url":"https:\/\/eg-reeds.com\/fr\/","logo":{"@type":"ImageObject","inLanguage":"fr-FR","@id":"https:\/\/eg-reeds.com\/fr\/#\/schema\/logo\/image\/","url":"https:\/\/eg-reeds.com\/wp-content\/uploads\/2024\/06\/Logo-scaled-e1718793906611.jpg","contentUrl":"https:\/\/eg-reeds.com\/wp-content\/uploads\/2024\/06\/Logo-scaled-e1718793906611.jpg","width":1200,"height":493,"caption":"www.eg-reeds.com"},"image":{"@id":"https:\/\/eg-reeds.com\/fr\/#\/schema\/logo\/image\/"},"sameAs":["https:\/\/www.facebook.com\/EGREEDS","https:\/\/x.com\/egreeds","https:\/\/www.instagram.com\/egreeds\/","https:\/\/www.youtube.com\/c\/EGREEDS","https:\/\/www.threads.net\/@egreeds","https:\/\/www.tiktok.com\/@egreeds"]}]},"product_price_amount":"14.50","product_price_currency":"EUR","og_availability":"instock","product_availability":"instock","product_retailer_item_id":"CEI","product_condition":"new"},"_links":{"self":[{"href":"https:\/\/eg-reeds.com\/fr\/wp-json\/wp\/v2\/product\/3107","targetHints":{"allow":["GET"]}}],"collection":[{"href":"https:\/\/eg-reeds.com\/fr\/wp-json\/wp\/v2\/product"}],"about":[{"href":"https:\/\/eg-reeds.com\/fr\/wp-json\/wp\/v2\/types\/product"}],"replies":[{"embeddable":true,"href":"https:\/\/eg-reeds.com\/fr\/wp-json\/wp\/v2\/comments?post=3107"}],"wp:featuredmedia":[{"embeddable":true,"href":"https:\/\/eg-reeds.com\/fr\/wp-json\/wp\/v2\/media\/35903"}],"wp:attachment":[{"href":"https:\/\/eg-reeds.com\/fr\/wp-json\/wp\/v2\/media?parent=3107"}],"wp:term":[{"taxonomy":"product_brand","embeddable":true,"href":"https:\/\/eg-reeds.com\/fr\/wp-json\/wp\/v2\/product_brand?post=3107"},{"taxonomy":"product_cat","embeddable":true,"href":"https:\/\/eg-reeds.com\/fr\/wp-json\/wp\/v2\/product_cat?post=3107"},{"taxonomy":"product_tag","embeddable":true,"href":"https:\/\/eg-reeds.com\/fr\/wp-json\/wp\/v2\/product_tag?post=3107"},{"taxonomy":"giftcard-category","embeddable":true,"href":"https:\/\/eg-reeds.com\/fr\/wp-json\/wp\/v2\/giftcard-category?post=3107"}],"curies":[{"name":"wp","href":"https:\/\/api.w.org\/{rel}","templated":true}]}}