{"id":3122,"date":"2015-02-03T09:06:39","date_gmt":"2015-02-03T09:06:39","guid":{"rendered":"http:\/\/eg-reeds.com\/shop\/uncategorized\/machine-a-gratter-k-ge\/"},"modified":"2024-10-31T09:46:22","modified_gmt":"2024-10-31T08:46:22","slug":"machine-a-gratter-k-ge","status":"publish","type":"product","link":"https:\/\/eg-reeds.com\/fr\/shop\/machines\/machines-k-ge\/machine-a-gratter-k-ge\/","title":{"rendered":"Machine \u00e0 gratter K.GE (hautbois et cor anglais)"},"content":{"rendered":"<h1>Machine \u00e0 gratter K.GE (hautbois et cor anglais)<\/h1>\n<p>Machine de grattage KGE (pour anches de hautbois et de cor anglais)<\/p>\n<p>Exp\u00e9dition en <strong>environ 30 jours<\/strong>, selon le fabricant.<\/p>\n<p>La machine de grattage K.GE est l\u2019outil id\u00e9al pour les hautbo\u00efstes et musiciens de cor anglais recherchant pr\u00e9cision et constance dans la pr\u00e9paration de leurs anches. Avec un design robuste, cette machine permet des ajustements pr\u00e9cis dans le grattage des anches, assurant ainsi une performance optimale.<\/p>\n<p>La machine propose de nombreuses configurations et variantes personnalisables, offrant la libert\u00e9 d\u2019un couteau avec la pr\u00e9cision d\u2019une machine. Ci-dessous, vous trouverez des vid\u00e9os d\u00e9montrant le fonctionnement de la machine ainsi que des r\u00e9ponses aux questions fr\u00e9quentes.<\/p>\n<h2>Service Technique Agr\u00e9\u00e9 K.GE<\/h2>\n<p>Chez EG-REEDS, nous proposons \u00e9galement un service technique agr\u00e9\u00e9.<\/p>\n<p><strong>Service disponible uniquement pour les machines achet\u00e9es sur <a href=\"http:\/\/eg-reeds.com\" target=\"_blank\" rel=\"noopener\">www.eg-reeds.com<\/a><\/strong><\/p>\n<blockquote class=\"wp-embedded-content\" data-secret=\"qnlexSH0gE\"><p><a href=\"https:\/\/eg-reeds.com\/fr\/k-ge-service-autorise\/\">K.GE Service autoris\u00e9<\/a><\/p><\/blockquote>\n<p><iframe loading=\"lazy\" class=\"wp-embedded-content\" sandbox=\"allow-scripts\" security=\"restricted\" style=\"position: absolute; visibility: hidden;\" title=\"\u00ab\u00a0K.GE Service autoris\u00e9\u00a0\u00bb &#8212; EG-REEDS\" src=\"https:\/\/eg-reeds.com\/fr\/k-ge-service-autorise\/embed\/#?secret=BGA2BVzOIp#?secret=qnlexSH0gE\" data-secret=\"qnlexSH0gE\" width=\"600\" height=\"338\" frameborder=\"0\" marginwidth=\"0\" marginheight=\"0\" scrolling=\"no\"><\/iframe><\/p>\n<p>&nbsp;<\/p>\n<h2>Machine de Grattage K.GE<\/h2>\n<p><span style=\"font-weight: 400;\">\u00ab\u00a0Contrairement aux autres machines de grattage con\u00e7ues et vendues pr\u00e9c\u00e9demment par d\u2019autres fabricants, cette machine permet de finir compl\u00e8tement l\u2019anche, la rendant pr\u00eate \u00e0 jouer. Aucun besoin de retoucher l\u2019anche avec un couteau, car la machine offre une grande vari\u00e9t\u00e9 de r\u00e9glages permettant de finaliser compl\u00e8tement votre anche. Nous pensons que cette machine de grattage est un dispositif r\u00e9volutionnaire qui rendra la fabrication des anches plus rapide et, surtout, un processus plus pr\u00e9visible et fiable. Gr\u00e2ce au moule con\u00e7u par ordinateur, il est possible de r\u00e9aliser rapidement des anches parfaitement \u00e9quilibr\u00e9es.\u00a0\u00bb *<\/span><\/p>\n<p><span style=\"font-weight: 400;\">* Information fournie par K.GE.<\/span><\/p>\n<p><a href=\"http:\/\/eg-reeds.com\/wp-content\/uploads\/2015\/02\/kge-reeds.jpg\"><img loading=\"lazy\" decoding=\"async\" class=\"wp-image-1361\" src=\"http:\/\/eg-reeds.com\/wp-content\/uploads\/2015\/02\/kge-reeds-300x202.jpg\" alt=\"Machine de grattage K.GE, mod\u00e8le d\u2019anche allemand et fran\u00e7ais\" width=\"304\" height=\"205\" \/><\/a><\/p>\n<p>Mod\u00e8les d\u2019anche allemand et fran\u00e7ais. https:\/\/www.youtube.com\/watch?v=4kvuZDobYRY&amp;list=PLModsvpiqYEcJhtXwGlpzuVQywqFawbvj&amp;index=2<\/p>\n<h3 class=\"accordion_title\">FAQ<\/h3><div class=\"accordion\">\n\t<div id=\"accordion-3995731111\" class=\"accordion-item\">\n\t\t<a id=\"accordion-3995731111-label\" class=\"accordion-title plain\" href=\"#accordion-item-peut-on-fabriquer-des-anches-de-cor-anglais-?\" aria-expanded=\"false\" aria-controls=\"accordion-3995731111-content\">\n\t\t\t<button class=\"toggle\" aria-label=\"Basculer\"><i class=\"icon-angle-down\" aria-hidden=\"true\"><\/i><\/button>\n\t\t\t<span>Peut-on fabriquer des anches de cor anglais ?<\/span>\n\t\t<\/a>\n\t\t<div id=\"accordion-3995731111-content\" class=\"accordion-inner\" aria-labelledby=\"accordion-3995731111-label\">\n\t\t\t\n<p><span style=\"font-weight: 400;\">Oui. Il suffit de suivre quelques \u00e9tapes simples et en quelques secondes, la machine sera pr\u00eate \u00e0 fabriquer des anches de cor anglais. Vous pouvez consulter tous les tutoriels vid\u00e9o dans l\u2019onglet \u00ab Vid\u00e9os \u00bb.<\/span><br \/>\n\t\t<\/div>\n\t<\/div>\n\t\n\t<div id=\"accordion-4245598264\" class=\"accordion-item\">\n\t\t<a id=\"accordion-4245598264-label\" class=\"accordion-title plain\" href=\"#accordion-item-puis-je-modifier-la-longueur-du-grattage-sans-modifier-la-pointe-?\" aria-expanded=\"false\" aria-controls=\"accordion-4245598264-content\">\n\t\t\t<button class=\"toggle\" aria-label=\"Basculer\"><i class=\"icon-angle-down\" aria-hidden=\"true\"><\/i><\/button>\n\t\t\t<span>Puis-je modifier la longueur du grattage sans modifier la pointe ?<\/span>\n\t\t<\/a>\n\t\t<div id=\"accordion-4245598264-content\" class=\"accordion-inner\" aria-labelledby=\"accordion-4245598264-label\">\n\t\t\t\n<p><span style=\"font-weight: 400;\">Oui, il est possible de modifier la longueur du grattage tout en gardant la m\u00eame pointe.<\/span><br \/>\n\t\t<\/div>\n\t<\/div>\n\t\n\t<div id=\"accordion-850164666\" class=\"accordion-item\">\n\t\t<a id=\"accordion-850164666-label\" class=\"accordion-title plain\" href=\"#accordion-item-puis-je-modifier-la-pointe-sans-modifier-la-longueur-du-grattage-?\" aria-expanded=\"false\" aria-controls=\"accordion-850164666-content\">\n\t\t\t<button class=\"toggle\" aria-label=\"Basculer\"><i class=\"icon-angle-down\" aria-hidden=\"true\"><\/i><\/button>\n\t\t\t<span>Puis-je modifier la pointe sans modifier la longueur du grattage ?<\/span>\n\t\t<\/a>\n\t\t<div id=\"accordion-850164666-content\" class=\"accordion-inner\" aria-labelledby=\"accordion-850164666-label\">\n\t\t\t\n<p><span style=\"font-weight: 400;\">Oui, vous pouvez ajuster la pointe sans modifier la longueur du grattage.<\/span><br \/>\n\t\t<\/div>\n\t<\/div>\n\t\n\t<div id=\"accordion-564413515\" class=\"accordion-item\">\n\t\t<a id=\"accordion-564413515-label\" class=\"accordion-title plain\" href=\"#accordion-item-puis-je-r\u00e9gler-la-quantit\u00e9-de-bois-enlev\u00e9e-\u00e0-l\u2019arri\u00e8re-du-grattage-?\" aria-expanded=\"false\" aria-controls=\"accordion-564413515-content\">\n\t\t\t<button class=\"toggle\" aria-label=\"Basculer\"><i class=\"icon-angle-down\" aria-hidden=\"true\"><\/i><\/button>\n\t\t\t<span>Puis-je r\u00e9gler la quantit\u00e9 de bois enlev\u00e9e \u00e0 l\u2019arri\u00e8re du grattage ?<\/span>\n\t\t<\/a>\n\t\t<div id=\"accordion-564413515-content\" class=\"accordion-inner\" aria-labelledby=\"accordion-564413515-label\">\n\t\t\t\n<p><span style=\"font-weight: 400;\">Oui, gr\u00e2ce au ressort situ\u00e9 derri\u00e8re la lame, vous pouvez r\u00e9gler la quantit\u00e9 de bois \u00e0 retirer de la partie arri\u00e8re.<\/span><br \/>\n\t\t<\/div>\n\t<\/div>\n\t\n\t<div id=\"accordion-3164956853\" class=\"accordion-item\">\n\t\t<a id=\"accordion-3164956853-label\" class=\"accordion-title plain\" href=\"#accordion-item-quelles-sont-les-diff\u00e9rences-entre-le-mod\u00e8le-allemand-et-le-mod\u00e8le-fran\u00e7ais-?\" aria-expanded=\"false\" aria-controls=\"accordion-3164956853-content\">\n\t\t\t<button class=\"toggle\" aria-label=\"Basculer\"><i class=\"icon-angle-down\" aria-hidden=\"true\"><\/i><\/button>\n\t\t\t<span>Quelles sont les diff\u00e9rences entre le mod\u00e8le allemand et le mod\u00e8le fran\u00e7ais ?<\/span>\n\t\t<\/a>\n\t\t<div id=\"accordion-3164956853-content\" class=\"accordion-inner\" aria-labelledby=\"accordion-3164956853-label\">\n\t\t\t\n<p><span style=\"font-weight: 400;\">Le moule de l\u2019anche allemande cr\u00e9e une pointe moins progressive, tandis que le moule fran\u00e7ais produit une pointe plus progressive, mieux connect\u00e9e au corps de l\u2019anche. Les deux mod\u00e8les permettent une \u00e9mission stable et facile.<\/span><br \/>\n\t\t<\/div>\n\t<\/div>\n\t\n<\/div>\n<iframe loading=\"lazy\" src=\"https:\/\/www.youtube.com\/embed\/G95Vxt_4MmY\" width=\"290\" height=\"218\" frameborder=\"0\" allowfullscreen=\"allowfullscreen\"><\/iframe>\u00a0 \u00a0 \u00a0 \u00a0\u00a0<iframe loading=\"lazy\" src=\"https:\/\/www.youtube.com\/embed\/xeWpFBNxnZg\" width=\"290\" height=\"218\" frameborder=\"0\" allowfullscreen=\"allowfullscreen\"><\/iframe>\u00a0 \u00a0 \u00a0 \u00a0 \u00a0<iframe loading=\"lazy\" src=\"https:\/\/www.youtube.com\/embed\/217vzGpG7q0\" width=\"290\" height=\"218\" frameborder=\"0\" allowfullscreen=\"allowfullscreen\"><\/iframe>\u00a0 \u00a0 \u00a0 \u00a0 \u00a0<iframe loading=\"lazy\" src=\"https:\/\/www.youtube.com\/embed\/QitrHwV9mLU\" width=\"290\" height=\"218\" frameborder=\"0\" allowfullscreen=\"allowfullscreen\"><\/iframe>\u00a0 \u00a0 \u00a0 \u00a0 <iframe loading=\"lazy\" src=\"https:\/\/www.youtube.com\/embed\/XrOkbPVXnaE\" width=\"290\" height=\"218\" frameborder=\"0\" allowfullscreen=\"allowfullscreen\"><\/iframe>\u00a0 \u00a0 \u00a0 \u00a0 \u00a0<iframe loading=\"lazy\" src=\"https:\/\/www.youtube.com\/embed\/XrOkbPVXnaE\" width=\"290\" height=\"218\" frameborder=\"0\" allowfullscreen=\"allowfullscreen\"><\/iframe>\u00a0 \u00a0 \u00a0 \u00a0 \u00a0<iframe loading=\"lazy\" src=\"https:\/\/www.youtube.com\/embed\/4kvuZDobYRY\" width=\"290\" height=\"218\" frameborder=\"0\" allowfullscreen=\"allowfullscreen\"><\/iframe>\u00a0 \u00a0 \u00a0 \u00a0\u00a0<iframe loading=\"lazy\" src=\"https:\/\/www.youtube.com\/embed\/K8OUcKb6psA\" width=\"290\" height=\"218\" frameborder=\"0\" allowfullscreen=\"allowfullscreen\"><\/iframe>\n","protected":false},"excerpt":{"rendered":"<p>Le prix de la machine inclut un ajustement initial par \u00c9ric Gonz\u00e1lez. Veuillez lire les informations ci-dessous.<\/p>\n","protected":false},"featured_media":24542,"comment_status":"open","ping_status":"closed","template":"","meta":[],"product_brand":[],"product_cat":[413,1346],"product_tag":[],"giftcard-category":[],"class_list":{"0":"post-3122","1":"product","2":"type-product","3":"status-publish","4":"has-post-thumbnail","6":"product_cat-machines","7":"product_cat-machines-k-ge","8":"product_shipping_class-rmm-fr","10":"first","11":"outofstock","12":"taxable","13":"shipping-taxable","14":"purchasable","15":"product-type-variable"},"yoast_head":"<!-- This site is optimized with the Yoast SEO Premium plugin v27.0 (Yoast SEO v27.4) - https:\/\/yoast.com\/product\/yoast-seo-premium-wordpress\/ -->\n<title>Machine \u00e0 gratter K.GE (hautbois et cor anglais) - EG-REEDS<\/title>\n<meta name=\"description\" content=\"Machine \u00e0 gratter K.GE\u00a0 pour hautbois et cor anglais. Mod\u00e8le allemand ou fran\u00e7ais au choix. La libert\u00e9 d&#039;un couteau avec la pr\u00e9cision d&#039;une machine.\" \/>\n<meta name=\"robots\" content=\"index, follow, max-snippet:-1, max-image-preview:large, max-video-preview:-1\" \/>\n<link rel=\"canonical\" href=\"https:\/\/eg-reeds.com\/fr\/shop\/machines\/machines-k-ge\/machine-a-gratter-k-ge\/\" \/>\n<meta property=\"og:locale\" content=\"fr_FR\" \/>\n<meta property=\"og:type\" content=\"article\" \/>\n<meta property=\"og:title\" content=\"Machine \u00e0 gratter K.GE (hautbois et cor anglais)\" \/>\n<meta property=\"og:description\" content=\"Machine \u00e0 gratter K.GE\u00a0 pour hautbois et cor anglais. Mod\u00e8le allemand ou fran\u00e7ais au choix. La libert\u00e9 d&#039;un couteau avec la pr\u00e9cision d&#039;une machine.\" \/>\n<meta property=\"og:url\" content=\"https:\/\/eg-reeds.com\/fr\/shop\/machines\/machines-k-ge\/machine-a-gratter-k-ge\/\" \/>\n<meta property=\"og:site_name\" content=\"EG-REEDS\" \/>\n<meta property=\"article:publisher\" content=\"https:\/\/www.facebook.com\/EGREEDS\" \/>\n<meta property=\"article:modified_time\" content=\"2024-10-31T08:46:22+00:00\" \/>\n<meta property=\"og:image\" content=\"https:\/\/eg-reeds.com\/wp-content\/uploads\/2017\/01\/Oboe-Reeds-Making-Profiling-EG-REEDS-1.jpg\" \/>\n\t<meta property=\"og:image:width\" content=\"640\" \/>\n\t<meta property=\"og:image:height\" content=\"544\" \/>\n\t<meta property=\"og:image:type\" content=\"image\/jpeg\" \/>\n<meta name=\"twitter:card\" content=\"summary_large_image\" \/>\n<meta name=\"twitter:site\" content=\"@egreeds\" \/>\n<meta name=\"twitter:label1\" content=\"Disponibilit\u00e9\" \/>\n\t<meta name=\"twitter:data1\" content=\"Rupture de stock\" \/>\n<script type=\"application\/ld+json\" class=\"yoast-schema-graph\">{\"@context\":\"https:\\\/\\\/schema.org\",\"@graph\":[{\"@type\":[\"WebPage\",\"ItemPage\"],\"@id\":\"https:\\\/\\\/eg-reeds.com\\\/fr\\\/shop\\\/machines\\\/machines-k-ge\\\/machine-a-gratter-k-ge\\\/\",\"url\":\"https:\\\/\\\/eg-reeds.com\\\/fr\\\/shop\\\/machines\\\/machines-k-ge\\\/machine-a-gratter-k-ge\\\/\",\"name\":\"Machine \u00e0 gratter K.GE (hautbois et cor anglais) - EG-REEDS\",\"isPartOf\":{\"@id\":\"https:\\\/\\\/eg-reeds.com\\\/fr\\\/#website\"},\"primaryImageOfPage\":{\"@id\":\"https:\\\/\\\/eg-reeds.com\\\/fr\\\/shop\\\/machines\\\/machines-k-ge\\\/machine-a-gratter-k-ge\\\/#primaryimage\"},\"image\":{\"@id\":\"https:\\\/\\\/eg-reeds.com\\\/fr\\\/shop\\\/machines\\\/machines-k-ge\\\/machine-a-gratter-k-ge\\\/#primaryimage\"},\"thumbnailUrl\":\"https:\\\/\\\/eg-reeds.com\\\/wp-content\\\/uploads\\\/2017\\\/01\\\/Oboe-Reeds-Making-Profiling-EG-REEDS-1.jpg\",\"datePublished\":\"2015-02-03T09:06:39+00:00\",\"dateModified\":\"2024-10-31T08:46:22+00:00\",\"description\":\"Machine \u00e0 gratter K.GE\u00a0 pour hautbois et cor anglais. Mod\u00e8le allemand ou fran\u00e7ais au choix. La libert\u00e9 d'un couteau avec la pr\u00e9cision d'une machine.\",\"breadcrumb\":{\"@id\":\"https:\\\/\\\/eg-reeds.com\\\/fr\\\/shop\\\/machines\\\/machines-k-ge\\\/machine-a-gratter-k-ge\\\/#breadcrumb\"},\"inLanguage\":\"fr-FR\",\"potentialAction\":[{\"@type\":\"ReadAction\",\"target\":[\"https:\\\/\\\/eg-reeds.com\\\/fr\\\/shop\\\/machines\\\/machines-k-ge\\\/machine-a-gratter-k-ge\\\/\"]}]},{\"@type\":\"ImageObject\",\"inLanguage\":\"fr-FR\",\"@id\":\"https:\\\/\\\/eg-reeds.com\\\/fr\\\/shop\\\/machines\\\/machines-k-ge\\\/machine-a-gratter-k-ge\\\/#primaryimage\",\"url\":\"https:\\\/\\\/eg-reeds.com\\\/wp-content\\\/uploads\\\/2017\\\/01\\\/Oboe-Reeds-Making-Profiling-EG-REEDS-1.jpg\",\"contentUrl\":\"https:\\\/\\\/eg-reeds.com\\\/wp-content\\\/uploads\\\/2017\\\/01\\\/Oboe-Reeds-Making-Profiling-EG-REEDS-1.jpg\",\"width\":640,\"height\":544,\"caption\":\"Profiling Machine K.GE\"},{\"@type\":\"BreadcrumbList\",\"@id\":\"https:\\\/\\\/eg-reeds.com\\\/fr\\\/shop\\\/machines\\\/machines-k-ge\\\/machine-a-gratter-k-ge\\\/#breadcrumb\",\"itemListElement\":[{\"@type\":\"ListItem\",\"position\":1,\"name\":\"Accueil\",\"item\":\"https:\\\/\\\/eg-reeds.com\\\/fr\\\/\"},{\"@type\":\"ListItem\",\"position\":2,\"name\":\"Boutique\",\"item\":\"https:\\\/\\\/eg-reeds.com\\\/fr\\\/\"},{\"@type\":\"ListItem\",\"position\":3,\"name\":\"Machine \u00e0 gratter K.GE (hautbois et cor anglais)\"}]},{\"@type\":\"WebSite\",\"@id\":\"https:\\\/\\\/eg-reeds.com\\\/fr\\\/#website\",\"url\":\"https:\\\/\\\/eg-reeds.com\\\/fr\\\/\",\"name\":\"www.eg-reeds.com\",\"description\":\"Anches hautbois\",\"publisher\":{\"@id\":\"https:\\\/\\\/eg-reeds.com\\\/fr\\\/#organization\"},\"alternateName\":\"eg-reeds.com\",\"potentialAction\":[{\"@type\":\"SearchAction\",\"target\":{\"@type\":\"EntryPoint\",\"urlTemplate\":\"https:\\\/\\\/eg-reeds.com\\\/fr\\\/?s={search_term_string}\"},\"query-input\":{\"@type\":\"PropertyValueSpecification\",\"valueRequired\":true,\"valueName\":\"search_term_string\"}}],\"inLanguage\":\"fr-FR\"},{\"@type\":\"Organization\",\"@id\":\"https:\\\/\\\/eg-reeds.com\\\/fr\\\/#organization\",\"name\":\"www.eg-reeds.com\",\"url\":\"https:\\\/\\\/eg-reeds.com\\\/fr\\\/\",\"logo\":{\"@type\":\"ImageObject\",\"inLanguage\":\"fr-FR\",\"@id\":\"https:\\\/\\\/eg-reeds.com\\\/fr\\\/#\\\/schema\\\/logo\\\/image\\\/\",\"url\":\"https:\\\/\\\/eg-reeds.com\\\/wp-content\\\/uploads\\\/2024\\\/06\\\/Logo-scaled-e1718793906611.jpg\",\"contentUrl\":\"https:\\\/\\\/eg-reeds.com\\\/wp-content\\\/uploads\\\/2024\\\/06\\\/Logo-scaled-e1718793906611.jpg\",\"width\":1200,\"height\":493,\"caption\":\"www.eg-reeds.com\"},\"image\":{\"@id\":\"https:\\\/\\\/eg-reeds.com\\\/fr\\\/#\\\/schema\\\/logo\\\/image\\\/\"},\"sameAs\":[\"https:\\\/\\\/www.facebook.com\\\/EGREEDS\",\"https:\\\/\\\/x.com\\\/egreeds\",\"https:\\\/\\\/www.instagram.com\\\/egreeds\\\/\",\"https:\\\/\\\/www.youtube.com\\\/c\\\/EGREEDS\",\"https:\\\/\\\/www.threads.net\\\/@egreeds\",\"https:\\\/\\\/www.tiktok.com\\\/@egreeds\"]}]}<\/script>\n<meta property=\"og:availability\" content=\"out of stock\" \/>\n<meta property=\"product:availability\" content=\"out of stock\" \/>\n<meta property=\"product:retailer_item_id\" content=\"MKGE\" \/>\n<meta property=\"product:condition\" content=\"new\" \/>\n<!-- \/ Yoast SEO Premium plugin. -->","yoast_head_json":{"title":"Machine \u00e0 gratter K.GE (hautbois et cor anglais) - EG-REEDS","description":"Machine \u00e0 gratter K.GE\u00a0 pour hautbois et cor anglais. Mod\u00e8le allemand ou fran\u00e7ais au choix. La libert\u00e9 d'un couteau avec la pr\u00e9cision d'une machine.","robots":{"index":"index","follow":"follow","max-snippet":"max-snippet:-1","max-image-preview":"max-image-preview:large","max-video-preview":"max-video-preview:-1"},"canonical":"https:\/\/eg-reeds.com\/fr\/shop\/machines\/machines-k-ge\/machine-a-gratter-k-ge\/","og_locale":"fr_FR","og_type":"article","og_title":"Machine \u00e0 gratter K.GE (hautbois et cor anglais)","og_description":"Machine \u00e0 gratter K.GE\u00a0 pour hautbois et cor anglais. Mod\u00e8le allemand ou fran\u00e7ais au choix. La libert\u00e9 d'un couteau avec la pr\u00e9cision d'une machine.","og_url":"https:\/\/eg-reeds.com\/fr\/shop\/machines\/machines-k-ge\/machine-a-gratter-k-ge\/","og_site_name":"EG-REEDS","article_publisher":"https:\/\/www.facebook.com\/EGREEDS","article_modified_time":"2024-10-31T08:46:22+00:00","og_image":[{"width":640,"height":544,"url":"https:\/\/eg-reeds.com\/wp-content\/uploads\/2017\/01\/Oboe-Reeds-Making-Profiling-EG-REEDS-1.jpg","type":"image\/jpeg"}],"twitter_card":"summary_large_image","twitter_site":"@egreeds","twitter_misc":{"Disponibilit\u00e9":"Rupture de stock"},"schema":{"@context":"https:\/\/schema.org","@graph":[{"@type":["WebPage","ItemPage"],"@id":"https:\/\/eg-reeds.com\/fr\/shop\/machines\/machines-k-ge\/machine-a-gratter-k-ge\/","url":"https:\/\/eg-reeds.com\/fr\/shop\/machines\/machines-k-ge\/machine-a-gratter-k-ge\/","name":"Machine \u00e0 gratter K.GE (hautbois et cor anglais) - EG-REEDS","isPartOf":{"@id":"https:\/\/eg-reeds.com\/fr\/#website"},"primaryImageOfPage":{"@id":"https:\/\/eg-reeds.com\/fr\/shop\/machines\/machines-k-ge\/machine-a-gratter-k-ge\/#primaryimage"},"image":{"@id":"https:\/\/eg-reeds.com\/fr\/shop\/machines\/machines-k-ge\/machine-a-gratter-k-ge\/#primaryimage"},"thumbnailUrl":"https:\/\/eg-reeds.com\/wp-content\/uploads\/2017\/01\/Oboe-Reeds-Making-Profiling-EG-REEDS-1.jpg","datePublished":"2015-02-03T09:06:39+00:00","dateModified":"2024-10-31T08:46:22+00:00","description":"Machine \u00e0 gratter K.GE\u00a0 pour hautbois et cor anglais. Mod\u00e8le allemand ou fran\u00e7ais au choix. La libert\u00e9 d'un couteau avec la pr\u00e9cision d'une machine.","breadcrumb":{"@id":"https:\/\/eg-reeds.com\/fr\/shop\/machines\/machines-k-ge\/machine-a-gratter-k-ge\/#breadcrumb"},"inLanguage":"fr-FR","potentialAction":[{"@type":"ReadAction","target":["https:\/\/eg-reeds.com\/fr\/shop\/machines\/machines-k-ge\/machine-a-gratter-k-ge\/"]}]},{"@type":"ImageObject","inLanguage":"fr-FR","@id":"https:\/\/eg-reeds.com\/fr\/shop\/machines\/machines-k-ge\/machine-a-gratter-k-ge\/#primaryimage","url":"https:\/\/eg-reeds.com\/wp-content\/uploads\/2017\/01\/Oboe-Reeds-Making-Profiling-EG-REEDS-1.jpg","contentUrl":"https:\/\/eg-reeds.com\/wp-content\/uploads\/2017\/01\/Oboe-Reeds-Making-Profiling-EG-REEDS-1.jpg","width":640,"height":544,"caption":"Profiling Machine K.GE"},{"@type":"BreadcrumbList","@id":"https:\/\/eg-reeds.com\/fr\/shop\/machines\/machines-k-ge\/machine-a-gratter-k-ge\/#breadcrumb","itemListElement":[{"@type":"ListItem","position":1,"name":"Accueil","item":"https:\/\/eg-reeds.com\/fr\/"},{"@type":"ListItem","position":2,"name":"Boutique","item":"https:\/\/eg-reeds.com\/fr\/"},{"@type":"ListItem","position":3,"name":"Machine \u00e0 gratter K.GE (hautbois et cor anglais)"}]},{"@type":"WebSite","@id":"https:\/\/eg-reeds.com\/fr\/#website","url":"https:\/\/eg-reeds.com\/fr\/","name":"www.eg-reeds.com","description":"Anches hautbois","publisher":{"@id":"https:\/\/eg-reeds.com\/fr\/#organization"},"alternateName":"eg-reeds.com","potentialAction":[{"@type":"SearchAction","target":{"@type":"EntryPoint","urlTemplate":"https:\/\/eg-reeds.com\/fr\/?s={search_term_string}"},"query-input":{"@type":"PropertyValueSpecification","valueRequired":true,"valueName":"search_term_string"}}],"inLanguage":"fr-FR"},{"@type":"Organization","@id":"https:\/\/eg-reeds.com\/fr\/#organization","name":"www.eg-reeds.com","url":"https:\/\/eg-reeds.com\/fr\/","logo":{"@type":"ImageObject","inLanguage":"fr-FR","@id":"https:\/\/eg-reeds.com\/fr\/#\/schema\/logo\/image\/","url":"https:\/\/eg-reeds.com\/wp-content\/uploads\/2024\/06\/Logo-scaled-e1718793906611.jpg","contentUrl":"https:\/\/eg-reeds.com\/wp-content\/uploads\/2024\/06\/Logo-scaled-e1718793906611.jpg","width":1200,"height":493,"caption":"www.eg-reeds.com"},"image":{"@id":"https:\/\/eg-reeds.com\/fr\/#\/schema\/logo\/image\/"},"sameAs":["https:\/\/www.facebook.com\/EGREEDS","https:\/\/x.com\/egreeds","https:\/\/www.instagram.com\/egreeds\/","https:\/\/www.youtube.com\/c\/EGREEDS","https:\/\/www.threads.net\/@egreeds","https:\/\/www.tiktok.com\/@egreeds"]}]},"og_availability":"out of stock","product_availability":"out of stock","product_retailer_item_id":"MKGE","product_condition":"new"},"_links":{"self":[{"href":"https:\/\/eg-reeds.com\/fr\/wp-json\/wp\/v2\/product\/3122","targetHints":{"allow":["GET"]}}],"collection":[{"href":"https:\/\/eg-reeds.com\/fr\/wp-json\/wp\/v2\/product"}],"about":[{"href":"https:\/\/eg-reeds.com\/fr\/wp-json\/wp\/v2\/types\/product"}],"replies":[{"embeddable":true,"href":"https:\/\/eg-reeds.com\/fr\/wp-json\/wp\/v2\/comments?post=3122"}],"wp:featuredmedia":[{"embeddable":true,"href":"https:\/\/eg-reeds.com\/fr\/wp-json\/wp\/v2\/media\/24542"}],"wp:attachment":[{"href":"https:\/\/eg-reeds.com\/fr\/wp-json\/wp\/v2\/media?parent=3122"}],"wp:term":[{"taxonomy":"product_brand","embeddable":true,"href":"https:\/\/eg-reeds.com\/fr\/wp-json\/wp\/v2\/product_brand?post=3122"},{"taxonomy":"product_cat","embeddable":true,"href":"https:\/\/eg-reeds.com\/fr\/wp-json\/wp\/v2\/product_cat?post=3122"},{"taxonomy":"product_tag","embeddable":true,"href":"https:\/\/eg-reeds.com\/fr\/wp-json\/wp\/v2\/product_tag?post=3122"},{"taxonomy":"giftcard-category","embeddable":true,"href":"https:\/\/eg-reeds.com\/fr\/wp-json\/wp\/v2\/giftcard-category?post=3122"}],"curies":[{"name":"wp","href":"https:\/\/api.w.org\/{rel}","templated":true}]}}