{"id":33853,"date":"2018-10-31T11:12:29","date_gmt":"2018-10-31T09:12:29","guid":{"rendered":"http:\/\/eg-reeds.com\/?post_type=product&#038;p=33853"},"modified":"2021-06-22T11:06:55","modified_gmt":"2021-06-22T09:06:55","slug":"etui-6-anches-hautbois-en-bois-naturel","status":"publish","type":"product","link":"https:\/\/eg-reeds.com\/fr\/shop\/accessoires\/etuis-pour-anches\/etui-6-anches-hautbois-en-bois-naturel\/","title":{"rendered":"\u00c9tui 6 anches hautbois en bois naturel"},"content":{"rendered":"<h1><strong>\u00c9tui 6 anches hautbois en bois naturel.<\/strong><\/h1>\n<p>\u00c9tui 6 anches hautbois en bois naturel.<\/p>\n<p>Anches non incluses.<\/p>\n","protected":false},"excerpt":{"rendered":"<p>\u00c9tui 6 anches hautbois en bois naturel. \u00c9tui 6 anches hautbois en bois naturel. Anches non incluses.<\/p>\n","protected":false},"featured_media":33884,"comment_status":"open","ping_status":"closed","template":"","meta":[],"product_brand":[],"product_cat":[1415,419],"product_tag":[3820],"giftcard-category":[],"class_list":{"0":"post-33853","1":"product","2":"type-product","3":"status-publish","4":"has-post-thumbnail","6":"product_cat-accessoires","7":"product_cat-etuis-pour-anches","8":"product_tag-etuis-anches-hautbois","10":"first","11":"instock","12":"taxable","13":"shipping-taxable","14":"purchasable","15":"product-type-simple"},"yoast_head":"<!-- This site is optimized with the Yoast SEO Premium plugin v27.0 (Yoast SEO v27.3) - https:\/\/yoast.com\/product\/yoast-seo-premium-wordpress\/ -->\n<title>\u00c9tui 6 anches hautbois en bois naturel - EG-REEDS<\/title>\n<meta name=\"description\" content=\"\u00c9tui 6 anches hautbois en bois naturel. Le meilleur syst\u00e8me de rangement pour vos anches au meilleur prix.\" \/>\n<meta name=\"robots\" content=\"index, follow, max-snippet:-1, max-image-preview:large, max-video-preview:-1\" \/>\n<link rel=\"canonical\" href=\"https:\/\/eg-reeds.com\/fr\/shop\/accessoires\/etuis-pour-anches\/etui-6-anches-hautbois-en-bois-naturel\/\" \/>\n<meta property=\"og:locale\" content=\"fr_FR\" \/>\n<meta property=\"og:type\" content=\"article\" \/>\n<meta property=\"og:title\" content=\"\u00c9tui 6 anches hautbois en bois naturel\" \/>\n<meta property=\"og:description\" content=\"\u00c9tui 6 anches hautbois en bois naturel. Le meilleur syst\u00e8me de rangement pour vos anches au meilleur prix.\" \/>\n<meta property=\"og:url\" content=\"https:\/\/eg-reeds.com\/fr\/shop\/accessoires\/etuis-pour-anches\/etui-6-anches-hautbois-en-bois-naturel\/\" \/>\n<meta property=\"og:site_name\" content=\"EG-REEDS\" \/>\n<meta property=\"article:publisher\" content=\"https:\/\/www.facebook.com\/EGREEDS\" \/>\n<meta property=\"article:modified_time\" content=\"2021-06-22T09:06:55+00:00\" \/>\n<meta property=\"og:image\" content=\"https:\/\/eg-reeds.com\/wp-content\/uploads\/2018\/10\/oboe-reed-case-6-natural.jpg\" \/>\n\t<meta property=\"og:image:width\" content=\"1280\" \/>\n\t<meta property=\"og:image:height\" content=\"1089\" \/>\n\t<meta property=\"og:image:type\" content=\"image\/jpeg\" \/>\n<meta name=\"twitter:card\" content=\"summary_large_image\" \/>\n<meta name=\"twitter:site\" content=\"@egreeds\" \/>\n<meta name=\"twitter:label1\" content=\"Prix\" \/>\n\t<meta name=\"twitter:data1\" content=\"45,00&euro;\" \/>\n\t<meta name=\"twitter:label2\" content=\"Disponibilit\u00e9\" \/>\n\t<meta name=\"twitter:data2\" content=\"En stock\" \/>\n<script type=\"application\/ld+json\" class=\"yoast-schema-graph\">{\"@context\":\"https:\\\/\\\/schema.org\",\"@graph\":[{\"@type\":[\"WebPage\",\"ItemPage\"],\"@id\":\"https:\\\/\\\/eg-reeds.com\\\/fr\\\/shop\\\/accessoires\\\/etuis-pour-anches\\\/etui-6-anches-hautbois-en-bois-naturel\\\/\",\"url\":\"https:\\\/\\\/eg-reeds.com\\\/fr\\\/shop\\\/accessoires\\\/etuis-pour-anches\\\/etui-6-anches-hautbois-en-bois-naturel\\\/\",\"name\":\"\u00c9tui 6 anches hautbois en bois naturel - EG-REEDS\",\"isPartOf\":{\"@id\":\"https:\\\/\\\/eg-reeds.com\\\/fr\\\/#website\"},\"primaryImageOfPage\":{\"@id\":\"https:\\\/\\\/eg-reeds.com\\\/fr\\\/shop\\\/accessoires\\\/etuis-pour-anches\\\/etui-6-anches-hautbois-en-bois-naturel\\\/#primaryimage\"},\"image\":{\"@id\":\"https:\\\/\\\/eg-reeds.com\\\/fr\\\/shop\\\/accessoires\\\/etuis-pour-anches\\\/etui-6-anches-hautbois-en-bois-naturel\\\/#primaryimage\"},\"thumbnailUrl\":\"https:\\\/\\\/eg-reeds.com\\\/wp-content\\\/uploads\\\/2018\\\/10\\\/oboe-reed-case-6-natural.jpg\",\"datePublished\":\"2018-10-31T09:12:29+00:00\",\"dateModified\":\"2021-06-22T09:06:55+00:00\",\"description\":\"\u00c9tui 6 anches hautbois en bois naturel. Le meilleur syst\u00e8me de rangement pour vos anches au meilleur prix.\",\"breadcrumb\":{\"@id\":\"https:\\\/\\\/eg-reeds.com\\\/fr\\\/shop\\\/accessoires\\\/etuis-pour-anches\\\/etui-6-anches-hautbois-en-bois-naturel\\\/#breadcrumb\"},\"inLanguage\":\"fr-FR\",\"potentialAction\":[{\"@type\":\"ReadAction\",\"target\":[\"https:\\\/\\\/eg-reeds.com\\\/fr\\\/shop\\\/accessoires\\\/etuis-pour-anches\\\/etui-6-anches-hautbois-en-bois-naturel\\\/\"]}]},{\"@type\":\"ImageObject\",\"inLanguage\":\"fr-FR\",\"@id\":\"https:\\\/\\\/eg-reeds.com\\\/fr\\\/shop\\\/accessoires\\\/etuis-pour-anches\\\/etui-6-anches-hautbois-en-bois-naturel\\\/#primaryimage\",\"url\":\"https:\\\/\\\/eg-reeds.com\\\/wp-content\\\/uploads\\\/2018\\\/10\\\/oboe-reed-case-6-natural.jpg\",\"contentUrl\":\"https:\\\/\\\/eg-reeds.com\\\/wp-content\\\/uploads\\\/2018\\\/10\\\/oboe-reed-case-6-natural.jpg\",\"width\":1280,\"height\":1089,\"caption\":\"\u00c9tui 6 anches hautbois en bois naturel\"},{\"@type\":\"BreadcrumbList\",\"@id\":\"https:\\\/\\\/eg-reeds.com\\\/fr\\\/shop\\\/accessoires\\\/etuis-pour-anches\\\/etui-6-anches-hautbois-en-bois-naturel\\\/#breadcrumb\",\"itemListElement\":[{\"@type\":\"ListItem\",\"position\":1,\"name\":\"Accueil\",\"item\":\"https:\\\/\\\/eg-reeds.com\\\/fr\\\/\"},{\"@type\":\"ListItem\",\"position\":2,\"name\":\"Boutique\",\"item\":\"https:\\\/\\\/eg-reeds.com\\\/fr\\\/\"},{\"@type\":\"ListItem\",\"position\":3,\"name\":\"\u00c9tui 6 anches hautbois en bois naturel\"}]},{\"@type\":\"WebSite\",\"@id\":\"https:\\\/\\\/eg-reeds.com\\\/fr\\\/#website\",\"url\":\"https:\\\/\\\/eg-reeds.com\\\/fr\\\/\",\"name\":\"www.eg-reeds.com\",\"description\":\"Anches hautbois\",\"publisher\":{\"@id\":\"https:\\\/\\\/eg-reeds.com\\\/fr\\\/#organization\"},\"alternateName\":\"eg-reeds.com\",\"potentialAction\":[{\"@type\":\"SearchAction\",\"target\":{\"@type\":\"EntryPoint\",\"urlTemplate\":\"https:\\\/\\\/eg-reeds.com\\\/fr\\\/?s={search_term_string}\"},\"query-input\":{\"@type\":\"PropertyValueSpecification\",\"valueRequired\":true,\"valueName\":\"search_term_string\"}}],\"inLanguage\":\"fr-FR\"},{\"@type\":\"Organization\",\"@id\":\"https:\\\/\\\/eg-reeds.com\\\/fr\\\/#organization\",\"name\":\"www.eg-reeds.com\",\"url\":\"https:\\\/\\\/eg-reeds.com\\\/fr\\\/\",\"logo\":{\"@type\":\"ImageObject\",\"inLanguage\":\"fr-FR\",\"@id\":\"https:\\\/\\\/eg-reeds.com\\\/fr\\\/#\\\/schema\\\/logo\\\/image\\\/\",\"url\":\"https:\\\/\\\/eg-reeds.com\\\/wp-content\\\/uploads\\\/2024\\\/06\\\/Logo-scaled-e1718793906611.jpg\",\"contentUrl\":\"https:\\\/\\\/eg-reeds.com\\\/wp-content\\\/uploads\\\/2024\\\/06\\\/Logo-scaled-e1718793906611.jpg\",\"width\":1200,\"height\":493,\"caption\":\"www.eg-reeds.com\"},\"image\":{\"@id\":\"https:\\\/\\\/eg-reeds.com\\\/fr\\\/#\\\/schema\\\/logo\\\/image\\\/\"},\"sameAs\":[\"https:\\\/\\\/www.facebook.com\\\/EGREEDS\",\"https:\\\/\\\/x.com\\\/egreeds\",\"https:\\\/\\\/www.instagram.com\\\/egreeds\\\/\",\"https:\\\/\\\/www.youtube.com\\\/c\\\/EGREEDS\",\"https:\\\/\\\/www.threads.net\\\/@egreeds\",\"https:\\\/\\\/www.tiktok.com\\\/@egreeds\"]}]}<\/script>\n<meta property=\"product:price:amount\" content=\"45.00\" \/>\n<meta property=\"product:price:currency\" content=\"EUR\" \/>\n<meta property=\"og:availability\" content=\"instock\" \/>\n<meta property=\"product:availability\" content=\"instock\" \/>\n<meta property=\"product:retailer_item_id\" content=\"ACCAC6-N\" \/>\n<meta property=\"product:condition\" content=\"new\" \/>\n<!-- \/ Yoast SEO Premium plugin. -->","yoast_head_json":{"title":"\u00c9tui 6 anches hautbois en bois naturel - EG-REEDS","description":"\u00c9tui 6 anches hautbois en bois naturel. Le meilleur syst\u00e8me de rangement pour vos anches au meilleur prix.","robots":{"index":"index","follow":"follow","max-snippet":"max-snippet:-1","max-image-preview":"max-image-preview:large","max-video-preview":"max-video-preview:-1"},"canonical":"https:\/\/eg-reeds.com\/fr\/shop\/accessoires\/etuis-pour-anches\/etui-6-anches-hautbois-en-bois-naturel\/","og_locale":"fr_FR","og_type":"article","og_title":"\u00c9tui 6 anches hautbois en bois naturel","og_description":"\u00c9tui 6 anches hautbois en bois naturel. Le meilleur syst\u00e8me de rangement pour vos anches au meilleur prix.","og_url":"https:\/\/eg-reeds.com\/fr\/shop\/accessoires\/etuis-pour-anches\/etui-6-anches-hautbois-en-bois-naturel\/","og_site_name":"EG-REEDS","article_publisher":"https:\/\/www.facebook.com\/EGREEDS","article_modified_time":"2021-06-22T09:06:55+00:00","og_image":[{"width":1280,"height":1089,"url":"https:\/\/eg-reeds.com\/wp-content\/uploads\/2018\/10\/oboe-reed-case-6-natural.jpg","type":"image\/jpeg"}],"twitter_card":"summary_large_image","twitter_site":"@egreeds","twitter_misc":{"Prix":"45,00&euro;","Disponibilit\u00e9":"En stock"},"schema":{"@context":"https:\/\/schema.org","@graph":[{"@type":["WebPage","ItemPage"],"@id":"https:\/\/eg-reeds.com\/fr\/shop\/accessoires\/etuis-pour-anches\/etui-6-anches-hautbois-en-bois-naturel\/","url":"https:\/\/eg-reeds.com\/fr\/shop\/accessoires\/etuis-pour-anches\/etui-6-anches-hautbois-en-bois-naturel\/","name":"\u00c9tui 6 anches hautbois en bois naturel - EG-REEDS","isPartOf":{"@id":"https:\/\/eg-reeds.com\/fr\/#website"},"primaryImageOfPage":{"@id":"https:\/\/eg-reeds.com\/fr\/shop\/accessoires\/etuis-pour-anches\/etui-6-anches-hautbois-en-bois-naturel\/#primaryimage"},"image":{"@id":"https:\/\/eg-reeds.com\/fr\/shop\/accessoires\/etuis-pour-anches\/etui-6-anches-hautbois-en-bois-naturel\/#primaryimage"},"thumbnailUrl":"https:\/\/eg-reeds.com\/wp-content\/uploads\/2018\/10\/oboe-reed-case-6-natural.jpg","datePublished":"2018-10-31T09:12:29+00:00","dateModified":"2021-06-22T09:06:55+00:00","description":"\u00c9tui 6 anches hautbois en bois naturel. Le meilleur syst\u00e8me de rangement pour vos anches au meilleur prix.","breadcrumb":{"@id":"https:\/\/eg-reeds.com\/fr\/shop\/accessoires\/etuis-pour-anches\/etui-6-anches-hautbois-en-bois-naturel\/#breadcrumb"},"inLanguage":"fr-FR","potentialAction":[{"@type":"ReadAction","target":["https:\/\/eg-reeds.com\/fr\/shop\/accessoires\/etuis-pour-anches\/etui-6-anches-hautbois-en-bois-naturel\/"]}]},{"@type":"ImageObject","inLanguage":"fr-FR","@id":"https:\/\/eg-reeds.com\/fr\/shop\/accessoires\/etuis-pour-anches\/etui-6-anches-hautbois-en-bois-naturel\/#primaryimage","url":"https:\/\/eg-reeds.com\/wp-content\/uploads\/2018\/10\/oboe-reed-case-6-natural.jpg","contentUrl":"https:\/\/eg-reeds.com\/wp-content\/uploads\/2018\/10\/oboe-reed-case-6-natural.jpg","width":1280,"height":1089,"caption":"\u00c9tui 6 anches hautbois en bois naturel"},{"@type":"BreadcrumbList","@id":"https:\/\/eg-reeds.com\/fr\/shop\/accessoires\/etuis-pour-anches\/etui-6-anches-hautbois-en-bois-naturel\/#breadcrumb","itemListElement":[{"@type":"ListItem","position":1,"name":"Accueil","item":"https:\/\/eg-reeds.com\/fr\/"},{"@type":"ListItem","position":2,"name":"Boutique","item":"https:\/\/eg-reeds.com\/fr\/"},{"@type":"ListItem","position":3,"name":"\u00c9tui 6 anches hautbois en bois naturel"}]},{"@type":"WebSite","@id":"https:\/\/eg-reeds.com\/fr\/#website","url":"https:\/\/eg-reeds.com\/fr\/","name":"www.eg-reeds.com","description":"Anches hautbois","publisher":{"@id":"https:\/\/eg-reeds.com\/fr\/#organization"},"alternateName":"eg-reeds.com","potentialAction":[{"@type":"SearchAction","target":{"@type":"EntryPoint","urlTemplate":"https:\/\/eg-reeds.com\/fr\/?s={search_term_string}"},"query-input":{"@type":"PropertyValueSpecification","valueRequired":true,"valueName":"search_term_string"}}],"inLanguage":"fr-FR"},{"@type":"Organization","@id":"https:\/\/eg-reeds.com\/fr\/#organization","name":"www.eg-reeds.com","url":"https:\/\/eg-reeds.com\/fr\/","logo":{"@type":"ImageObject","inLanguage":"fr-FR","@id":"https:\/\/eg-reeds.com\/fr\/#\/schema\/logo\/image\/","url":"https:\/\/eg-reeds.com\/wp-content\/uploads\/2024\/06\/Logo-scaled-e1718793906611.jpg","contentUrl":"https:\/\/eg-reeds.com\/wp-content\/uploads\/2024\/06\/Logo-scaled-e1718793906611.jpg","width":1200,"height":493,"caption":"www.eg-reeds.com"},"image":{"@id":"https:\/\/eg-reeds.com\/fr\/#\/schema\/logo\/image\/"},"sameAs":["https:\/\/www.facebook.com\/EGREEDS","https:\/\/x.com\/egreeds","https:\/\/www.instagram.com\/egreeds\/","https:\/\/www.youtube.com\/c\/EGREEDS","https:\/\/www.threads.net\/@egreeds","https:\/\/www.tiktok.com\/@egreeds"]}]},"product_price_amount":"45.00","product_price_currency":"EUR","og_availability":"instock","product_availability":"instock","product_retailer_item_id":"ACCAC6-N","product_condition":"new"},"_links":{"self":[{"href":"https:\/\/eg-reeds.com\/fr\/wp-json\/wp\/v2\/product\/33853","targetHints":{"allow":["GET"]}}],"collection":[{"href":"https:\/\/eg-reeds.com\/fr\/wp-json\/wp\/v2\/product"}],"about":[{"href":"https:\/\/eg-reeds.com\/fr\/wp-json\/wp\/v2\/types\/product"}],"replies":[{"embeddable":true,"href":"https:\/\/eg-reeds.com\/fr\/wp-json\/wp\/v2\/comments?post=33853"}],"wp:featuredmedia":[{"embeddable":true,"href":"https:\/\/eg-reeds.com\/fr\/wp-json\/wp\/v2\/media\/33884"}],"wp:attachment":[{"href":"https:\/\/eg-reeds.com\/fr\/wp-json\/wp\/v2\/media?parent=33853"}],"wp:term":[{"taxonomy":"product_brand","embeddable":true,"href":"https:\/\/eg-reeds.com\/fr\/wp-json\/wp\/v2\/product_brand?post=33853"},{"taxonomy":"product_cat","embeddable":true,"href":"https:\/\/eg-reeds.com\/fr\/wp-json\/wp\/v2\/product_cat?post=33853"},{"taxonomy":"product_tag","embeddable":true,"href":"https:\/\/eg-reeds.com\/fr\/wp-json\/wp\/v2\/product_tag?post=33853"},{"taxonomy":"giftcard-category","embeddable":true,"href":"https:\/\/eg-reeds.com\/fr\/wp-json\/wp\/v2\/giftcard-category?post=33853"}],"curies":[{"name":"wp","href":"https:\/\/api.w.org\/{rel}","templated":true}]}}