{"id":34073,"date":"2018-09-30T22:00:02","date_gmt":"2018-09-30T20:00:02","guid":{"rendered":"http:\/\/eg-reeds.com\/shop\/non%20class\u00e9\/hautbois-etudiant-debutant-eg-reeds\/"},"modified":"2025-11-04T17:55:47","modified_gmt":"2025-11-04T16:55:47","slug":"hautbois-etudiant-debutant-eg-reeds","status":"publish","type":"product","link":"https:\/\/eg-reeds.com\/fr\/shop\/hautbois\/hautbois-etudiant-debutant-eg-reeds\/","title":{"rendered":"Hautbois \u00e9tudiant d\u00e9butant EG-REEDS"},"content":{"rendered":"<h1><strong>Hautbois \u00e9tudiant d\u00e9butant EG-REEDS.<\/strong><\/h1>\n<p><span style=\"font-weight: 400;\">Le hautbois \u00e9tudiant d\u00e9butant EG-REEDS poss\u00e8de toutes les cl\u00e9s essentielles pour les \u00e9tudiants qui commencent \u00e0 jouer du hautbois. Il est parfait pour les premi\u00e8res ann\u00e9es au conservatoire. Son design ergonomique est sp\u00e9cialement con\u00e7u pour les petites mains, et son poids l\u00e9ger (un peu plus de 500 grammes) permet de jouer confortablement d\u00e8s le premier jour.<\/span><\/p>\n<p><span style=\"font-weight: 400;\">Notre hautbois hautbois \u00e9tudiant d\u00e9butant poss\u00e8de toutes les<\/span><span style=\"font-weight: 400;\"> cl\u00e9s n\u00e9cessaires pour initiation. Il est semi-automatique, avec troisi\u00e8me octave, si grave et fa-mi\u266d pour la main gauche. Fabriqu\u00e9 en mat\u00e9riau composite (m\u00e9lange de bois et d&rsquo;ABS) avec des cl\u00e9s argent\u00e9es, adapt\u00e9es pour faciliter l&rsquo;acc\u00e8s aux \u00e9tudiants. Tout cela rend le hautbois plus ergonomique, l\u00e9ger, mais en m\u00eame temps tr\u00e8s r\u00e9sistant et facile \u00e0 jouer.<\/span><\/p>\n<p>Inclus dans le prix : \u00e9tui de transport type sac \u00e0 dos, 1 anche niveau initiation EG-REEDS, \u00e9couvillon et graisse.<\/p>\n<p>D\u00e9couvrez l&rsquo;\u00e9quilibre parfait entre prix et performance avec ce hautbois abordable mais de grande qualit\u00e9 pour les \u00e9tudiants d\u00e9butants. Con\u00e7u pour soutenir les d\u00e9butants et les jeunes musiciens, ce hautbois offre un excellent son, une grande durabilit\u00e9 et une facilit\u00e9 d&rsquo;ex\u00e9cution \u00e0 un prix accessible.<\/p>\n<p>Id\u00e9al pour les \u00e9tudiants au d\u00e9but de leur parcours musical, il garantit une qualit\u00e9 fiable sans d\u00e9penser trop, assurant que chaque r\u00e9p\u00e9tition et performance soit une exp\u00e9rience enrichissante.<\/p>\n<p><iframe loading=\"lazy\" title=\"Demostraci\u00f3n oboe iniciaci\u00f3n EG-REEDS por Javier P\u00e9rez\" width=\"1020\" height=\"574\" src=\"https:\/\/www.youtube.com\/embed\/QwZV6gOr1CQ?feature=oembed\" frameborder=\"0\" allow=\"accelerometer; autoplay; clipboard-write; encrypted-media; gyroscope; picture-in-picture; web-share\" referrerpolicy=\"strict-origin-when-cross-origin\" allowfullscreen><\/iframe><\/p>\n<h3>\t<div id=\"gap-1878896743\" class=\"gap-element clearfix\" style=\"display:block; height:auto;\">\n\t\t\n<style>\n#gap-1878896743 {\n  padding-top: 60px;\n}\n<\/style>\n\t<\/div>\n\t<\/h3>\n<h2><strong>Hautbois abordable pour \u00e9tudiants.<\/strong><\/h2>\n<p><span style=\"font-weight: 400;\">Chaque hautbois a \u00e9t\u00e9 soigneusement con\u00e7u et test\u00e9, en appliquant tout notre savoir-faire et en tenant compte \u00e9galement des demandes des professeurs, qui savent mieux que quiconque ce dont les \u00e9l\u00e8ves ont besoin.<\/span><\/p>\n<p><span style=\"font-weight: 400;\">Pour toute information suppl\u00e9mentaire, nous sommes \u00e0 votre disposition par email \u00e0 <a href=\"mailto:info@eg-reeds.com\" target=\"_blank\" rel=\"noopener noreferrer\">info@eg-reeds.com<\/a>.<\/span><\/p>\n<p>&nbsp;<\/p>\n<h2><strong>Sp\u00e9cifications et vid\u00e9o du hautbois \u00e9tudiant d\u00e9butant EG-REEDS.<\/strong><\/h2>\n<ul>\n<li class=\"bullet-checkmark\">Mod\u00e8le d\u00e9butant: avec troisi\u00e8me octave, si grave, fa et mi\u266d pour la main gauche.<\/li>\n<li><span style=\"font-weight: 400;\">Sp\u00e9cialement con\u00e7u pour les petites mains.<\/span><\/li>\n<li class=\"bullet-checkmark\">Semi-automatique.<\/li>\n<li class=\"bullet-checkmark\">Corps en mat\u00e9riau composite (m\u00e9lange de bois et d&rsquo;ABS).<\/li>\n<li class=\"bullet-checkmark\">Cl\u00e9s argent\u00e9es.<\/li>\n<li class=\"bullet-checkmark\">Inclus dans le prix : \u00c9tui de transport type sac \u00e0 dos, 1 <a href=\"https:\/\/eg-reeds.com\/fr\/shop\/anches-et-roseaux-pour-etudiants\/anche-hautbois-etudiant-debutant-eg-reeds\/\" target=\"_blank\" rel=\"noopener\">anche pour d\u00e9butants EG-REEDS<\/a>, chiffons de nettoyage et graisse de li\u00e8ge.<\/li>\n<\/ul>\n<p>&nbsp;<\/p>\n<p><iframe loading=\"lazy\" title=\"\u00bfEstudiante y buscas el oboe ideal para empezar? \/ Are you a student looking for the perfect oboe?\" width=\"563\" height=\"1000\" src=\"https:\/\/www.youtube.com\/embed\/GeFLhUD_9T0?feature=oembed\" frameborder=\"0\" allow=\"accelerometer; autoplay; clipboard-write; encrypted-media; gyroscope; picture-in-picture; web-share\" referrerpolicy=\"strict-origin-when-cross-origin\" allowfullscreen><\/iframe><\/p>\n","protected":false},"excerpt":{"rendered":"<p>Hautbois \u00e9tudiant d\u00e9butant. <span style=\"font-weight: 400;\">Sp\u00e9cialement con\u00e7u pour les petites mains.<\/span><\/p>\n","protected":false},"featured_media":33297,"comment_status":"open","ping_status":"closed","template":"","meta":[],"product_brand":[],"product_cat":[3811],"product_tag":[3500],"giftcard-category":[],"class_list":{"0":"post-34073","1":"product","2":"type-product","3":"status-publish","4":"has-post-thumbnail","6":"product_cat-hautbois","7":"product_tag-hautbois-fr","8":"product_shipping_class-rmm-fr","10":"first","11":"instock","12":"featured","13":"taxable","14":"shipping-taxable","15":"purchasable","16":"product-type-simple"},"yoast_head":"<!-- This site is optimized with the Yoast SEO Premium plugin v27.0 (Yoast SEO v27.4) - https:\/\/yoast.com\/product\/yoast-seo-premium-wordpress\/ -->\n<title>Hautbois \u00e9tudiant d\u00e9butant EG-REEDS - EG-REEDS<\/title>\n<meta name=\"description\" content=\"Hautbois \u00e9tudiant d\u00e9butant EG-REEDS. Haute qualit\u00e9. Hautbois abordable, ergonomique est sp\u00e9cialement con\u00e7u pour les petites mains.\" \/>\n<meta name=\"robots\" content=\"index, follow, max-snippet:-1, max-image-preview:large, max-video-preview:-1\" \/>\n<link rel=\"canonical\" href=\"https:\/\/eg-reeds.com\/fr\/shop\/hautbois\/hautbois-etudiant-debutant-eg-reeds\/\" \/>\n<meta property=\"og:locale\" content=\"fr_FR\" \/>\n<meta property=\"og:type\" content=\"article\" \/>\n<meta property=\"og:title\" content=\"Hautbois \u00e9tudiant d\u00e9butant EG-REEDS\" \/>\n<meta property=\"og:description\" content=\"Hautbois \u00e9tudiant d\u00e9butant EG-REEDS. Haute qualit\u00e9. Hautbois abordable, ergonomique est sp\u00e9cialement con\u00e7u pour les petites mains.\" \/>\n<meta property=\"og:url\" content=\"https:\/\/eg-reeds.com\/fr\/shop\/hautbois\/hautbois-etudiant-debutant-eg-reeds\/\" \/>\n<meta property=\"og:site_name\" content=\"EG-REEDS\" \/>\n<meta property=\"article:publisher\" content=\"https:\/\/www.facebook.com\/EGREEDS\" \/>\n<meta property=\"article:modified_time\" content=\"2025-11-04T16:55:47+00:00\" \/>\n<meta property=\"og:image\" content=\"https:\/\/eg-reeds.com\/wp-content\/uploads\/2018\/09\/oboe-beginner-EG-REEDS.jpg\" \/>\n\t<meta property=\"og:image:width\" content=\"853\" \/>\n\t<meta property=\"og:image:height\" content=\"1280\" \/>\n\t<meta property=\"og:image:type\" content=\"image\/jpeg\" \/>\n<meta name=\"twitter:card\" content=\"summary_large_image\" \/>\n<meta name=\"twitter:site\" content=\"@egreeds\" \/>\n<meta name=\"twitter:label1\" content=\"Prix\" \/>\n\t<meta name=\"twitter:data1\" content=\"1.350,00&euro;\" \/>\n\t<meta name=\"twitter:label2\" content=\"Disponibilit\u00e9\" \/>\n\t<meta name=\"twitter:data2\" content=\"En stock\" \/>\n<script type=\"application\/ld+json\" class=\"yoast-schema-graph\">{\"@context\":\"https:\\\/\\\/schema.org\",\"@graph\":[{\"@type\":[\"WebPage\",\"ItemPage\"],\"@id\":\"https:\\\/\\\/eg-reeds.com\\\/fr\\\/shop\\\/hautbois\\\/hautbois-etudiant-debutant-eg-reeds\\\/\",\"url\":\"https:\\\/\\\/eg-reeds.com\\\/fr\\\/shop\\\/hautbois\\\/hautbois-etudiant-debutant-eg-reeds\\\/\",\"name\":\"Hautbois \u00e9tudiant d\u00e9butant EG-REEDS - EG-REEDS\",\"isPartOf\":{\"@id\":\"https:\\\/\\\/eg-reeds.com\\\/fr\\\/#website\"},\"primaryImageOfPage\":{\"@id\":\"https:\\\/\\\/eg-reeds.com\\\/fr\\\/shop\\\/hautbois\\\/hautbois-etudiant-debutant-eg-reeds\\\/#primaryimage\"},\"image\":{\"@id\":\"https:\\\/\\\/eg-reeds.com\\\/fr\\\/shop\\\/hautbois\\\/hautbois-etudiant-debutant-eg-reeds\\\/#primaryimage\"},\"thumbnailUrl\":\"https:\\\/\\\/eg-reeds.com\\\/wp-content\\\/uploads\\\/2018\\\/09\\\/oboe-beginner-EG-REEDS.jpg\",\"datePublished\":\"2018-09-30T20:00:02+00:00\",\"dateModified\":\"2025-11-04T16:55:47+00:00\",\"description\":\"Hautbois \u00e9tudiant d\u00e9butant EG-REEDS. Haute qualit\u00e9. Hautbois abordable, ergonomique est sp\u00e9cialement con\u00e7u pour les petites mains.\",\"breadcrumb\":{\"@id\":\"https:\\\/\\\/eg-reeds.com\\\/fr\\\/shop\\\/hautbois\\\/hautbois-etudiant-debutant-eg-reeds\\\/#breadcrumb\"},\"inLanguage\":\"fr-FR\",\"potentialAction\":[{\"@type\":\"ReadAction\",\"target\":[\"https:\\\/\\\/eg-reeds.com\\\/fr\\\/shop\\\/hautbois\\\/hautbois-etudiant-debutant-eg-reeds\\\/\"]}]},{\"@type\":\"ImageObject\",\"inLanguage\":\"fr-FR\",\"@id\":\"https:\\\/\\\/eg-reeds.com\\\/fr\\\/shop\\\/hautbois\\\/hautbois-etudiant-debutant-eg-reeds\\\/#primaryimage\",\"url\":\"https:\\\/\\\/eg-reeds.com\\\/wp-content\\\/uploads\\\/2018\\\/09\\\/oboe-beginner-EG-REEDS.jpg\",\"contentUrl\":\"https:\\\/\\\/eg-reeds.com\\\/wp-content\\\/uploads\\\/2018\\\/09\\\/oboe-beginner-EG-REEDS.jpg\",\"width\":853,\"height\":1280,\"caption\":\"Hautbois \u00e9tudiant d\u00e9butant\"},{\"@type\":\"BreadcrumbList\",\"@id\":\"https:\\\/\\\/eg-reeds.com\\\/fr\\\/shop\\\/hautbois\\\/hautbois-etudiant-debutant-eg-reeds\\\/#breadcrumb\",\"itemListElement\":[{\"@type\":\"ListItem\",\"position\":1,\"name\":\"Accueil\",\"item\":\"https:\\\/\\\/eg-reeds.com\\\/fr\\\/\"},{\"@type\":\"ListItem\",\"position\":2,\"name\":\"Boutique\",\"item\":\"https:\\\/\\\/eg-reeds.com\\\/fr\\\/\"},{\"@type\":\"ListItem\",\"position\":3,\"name\":\"Hautbois \u00e9tudiant d\u00e9butant EG-REEDS\"}]},{\"@type\":\"WebSite\",\"@id\":\"https:\\\/\\\/eg-reeds.com\\\/fr\\\/#website\",\"url\":\"https:\\\/\\\/eg-reeds.com\\\/fr\\\/\",\"name\":\"www.eg-reeds.com\",\"description\":\"Anches hautbois\",\"publisher\":{\"@id\":\"https:\\\/\\\/eg-reeds.com\\\/fr\\\/#organization\"},\"alternateName\":\"eg-reeds.com\",\"potentialAction\":[{\"@type\":\"SearchAction\",\"target\":{\"@type\":\"EntryPoint\",\"urlTemplate\":\"https:\\\/\\\/eg-reeds.com\\\/fr\\\/?s={search_term_string}\"},\"query-input\":{\"@type\":\"PropertyValueSpecification\",\"valueRequired\":true,\"valueName\":\"search_term_string\"}}],\"inLanguage\":\"fr-FR\"},{\"@type\":\"Organization\",\"@id\":\"https:\\\/\\\/eg-reeds.com\\\/fr\\\/#organization\",\"name\":\"www.eg-reeds.com\",\"url\":\"https:\\\/\\\/eg-reeds.com\\\/fr\\\/\",\"logo\":{\"@type\":\"ImageObject\",\"inLanguage\":\"fr-FR\",\"@id\":\"https:\\\/\\\/eg-reeds.com\\\/fr\\\/#\\\/schema\\\/logo\\\/image\\\/\",\"url\":\"https:\\\/\\\/eg-reeds.com\\\/wp-content\\\/uploads\\\/2024\\\/06\\\/Logo-scaled-e1718793906611.jpg\",\"contentUrl\":\"https:\\\/\\\/eg-reeds.com\\\/wp-content\\\/uploads\\\/2024\\\/06\\\/Logo-scaled-e1718793906611.jpg\",\"width\":1200,\"height\":493,\"caption\":\"www.eg-reeds.com\"},\"image\":{\"@id\":\"https:\\\/\\\/eg-reeds.com\\\/fr\\\/#\\\/schema\\\/logo\\\/image\\\/\"},\"sameAs\":[\"https:\\\/\\\/www.facebook.com\\\/EGREEDS\",\"https:\\\/\\\/x.com\\\/egreeds\",\"https:\\\/\\\/www.instagram.com\\\/egreeds\\\/\",\"https:\\\/\\\/www.youtube.com\\\/c\\\/EGREEDS\",\"https:\\\/\\\/www.threads.net\\\/@egreeds\",\"https:\\\/\\\/www.tiktok.com\\\/@egreeds\"]}]}<\/script>\n<meta property=\"product:price:amount\" content=\"1350.00\" \/>\n<meta property=\"product:price:currency\" content=\"EUR\" \/>\n<meta property=\"og:availability\" content=\"instock\" \/>\n<meta property=\"product:availability\" content=\"instock\" \/>\n<meta property=\"product:retailer_item_id\" content=\"OB\" \/>\n<meta property=\"product:condition\" content=\"new\" \/>\n<!-- \/ Yoast SEO Premium plugin. -->","yoast_head_json":{"title":"Hautbois \u00e9tudiant d\u00e9butant EG-REEDS - EG-REEDS","description":"Hautbois \u00e9tudiant d\u00e9butant EG-REEDS. Haute qualit\u00e9. Hautbois abordable, ergonomique est sp\u00e9cialement con\u00e7u pour les petites mains.","robots":{"index":"index","follow":"follow","max-snippet":"max-snippet:-1","max-image-preview":"max-image-preview:large","max-video-preview":"max-video-preview:-1"},"canonical":"https:\/\/eg-reeds.com\/fr\/shop\/hautbois\/hautbois-etudiant-debutant-eg-reeds\/","og_locale":"fr_FR","og_type":"article","og_title":"Hautbois \u00e9tudiant d\u00e9butant EG-REEDS","og_description":"Hautbois \u00e9tudiant d\u00e9butant EG-REEDS. Haute qualit\u00e9. Hautbois abordable, ergonomique est sp\u00e9cialement con\u00e7u pour les petites mains.","og_url":"https:\/\/eg-reeds.com\/fr\/shop\/hautbois\/hautbois-etudiant-debutant-eg-reeds\/","og_site_name":"EG-REEDS","article_publisher":"https:\/\/www.facebook.com\/EGREEDS","article_modified_time":"2025-11-04T16:55:47+00:00","og_image":[{"width":853,"height":1280,"url":"https:\/\/eg-reeds.com\/wp-content\/uploads\/2018\/09\/oboe-beginner-EG-REEDS.jpg","type":"image\/jpeg"}],"twitter_card":"summary_large_image","twitter_site":"@egreeds","twitter_misc":{"Prix":"1.350,00&euro;","Disponibilit\u00e9":"En stock"},"schema":{"@context":"https:\/\/schema.org","@graph":[{"@type":["WebPage","ItemPage"],"@id":"https:\/\/eg-reeds.com\/fr\/shop\/hautbois\/hautbois-etudiant-debutant-eg-reeds\/","url":"https:\/\/eg-reeds.com\/fr\/shop\/hautbois\/hautbois-etudiant-debutant-eg-reeds\/","name":"Hautbois \u00e9tudiant d\u00e9butant EG-REEDS - EG-REEDS","isPartOf":{"@id":"https:\/\/eg-reeds.com\/fr\/#website"},"primaryImageOfPage":{"@id":"https:\/\/eg-reeds.com\/fr\/shop\/hautbois\/hautbois-etudiant-debutant-eg-reeds\/#primaryimage"},"image":{"@id":"https:\/\/eg-reeds.com\/fr\/shop\/hautbois\/hautbois-etudiant-debutant-eg-reeds\/#primaryimage"},"thumbnailUrl":"https:\/\/eg-reeds.com\/wp-content\/uploads\/2018\/09\/oboe-beginner-EG-REEDS.jpg","datePublished":"2018-09-30T20:00:02+00:00","dateModified":"2025-11-04T16:55:47+00:00","description":"Hautbois \u00e9tudiant d\u00e9butant EG-REEDS. Haute qualit\u00e9. Hautbois abordable, ergonomique est sp\u00e9cialement con\u00e7u pour les petites mains.","breadcrumb":{"@id":"https:\/\/eg-reeds.com\/fr\/shop\/hautbois\/hautbois-etudiant-debutant-eg-reeds\/#breadcrumb"},"inLanguage":"fr-FR","potentialAction":[{"@type":"ReadAction","target":["https:\/\/eg-reeds.com\/fr\/shop\/hautbois\/hautbois-etudiant-debutant-eg-reeds\/"]}]},{"@type":"ImageObject","inLanguage":"fr-FR","@id":"https:\/\/eg-reeds.com\/fr\/shop\/hautbois\/hautbois-etudiant-debutant-eg-reeds\/#primaryimage","url":"https:\/\/eg-reeds.com\/wp-content\/uploads\/2018\/09\/oboe-beginner-EG-REEDS.jpg","contentUrl":"https:\/\/eg-reeds.com\/wp-content\/uploads\/2018\/09\/oboe-beginner-EG-REEDS.jpg","width":853,"height":1280,"caption":"Hautbois \u00e9tudiant d\u00e9butant"},{"@type":"BreadcrumbList","@id":"https:\/\/eg-reeds.com\/fr\/shop\/hautbois\/hautbois-etudiant-debutant-eg-reeds\/#breadcrumb","itemListElement":[{"@type":"ListItem","position":1,"name":"Accueil","item":"https:\/\/eg-reeds.com\/fr\/"},{"@type":"ListItem","position":2,"name":"Boutique","item":"https:\/\/eg-reeds.com\/fr\/"},{"@type":"ListItem","position":3,"name":"Hautbois \u00e9tudiant d\u00e9butant EG-REEDS"}]},{"@type":"WebSite","@id":"https:\/\/eg-reeds.com\/fr\/#website","url":"https:\/\/eg-reeds.com\/fr\/","name":"www.eg-reeds.com","description":"Anches hautbois","publisher":{"@id":"https:\/\/eg-reeds.com\/fr\/#organization"},"alternateName":"eg-reeds.com","potentialAction":[{"@type":"SearchAction","target":{"@type":"EntryPoint","urlTemplate":"https:\/\/eg-reeds.com\/fr\/?s={search_term_string}"},"query-input":{"@type":"PropertyValueSpecification","valueRequired":true,"valueName":"search_term_string"}}],"inLanguage":"fr-FR"},{"@type":"Organization","@id":"https:\/\/eg-reeds.com\/fr\/#organization","name":"www.eg-reeds.com","url":"https:\/\/eg-reeds.com\/fr\/","logo":{"@type":"ImageObject","inLanguage":"fr-FR","@id":"https:\/\/eg-reeds.com\/fr\/#\/schema\/logo\/image\/","url":"https:\/\/eg-reeds.com\/wp-content\/uploads\/2024\/06\/Logo-scaled-e1718793906611.jpg","contentUrl":"https:\/\/eg-reeds.com\/wp-content\/uploads\/2024\/06\/Logo-scaled-e1718793906611.jpg","width":1200,"height":493,"caption":"www.eg-reeds.com"},"image":{"@id":"https:\/\/eg-reeds.com\/fr\/#\/schema\/logo\/image\/"},"sameAs":["https:\/\/www.facebook.com\/EGREEDS","https:\/\/x.com\/egreeds","https:\/\/www.instagram.com\/egreeds\/","https:\/\/www.youtube.com\/c\/EGREEDS","https:\/\/www.threads.net\/@egreeds","https:\/\/www.tiktok.com\/@egreeds"]}]},"product_price_amount":"1350.00","product_price_currency":"EUR","og_availability":"instock","product_availability":"instock","product_retailer_item_id":"OB","product_condition":"new"},"_links":{"self":[{"href":"https:\/\/eg-reeds.com\/fr\/wp-json\/wp\/v2\/product\/34073","targetHints":{"allow":["GET"]}}],"collection":[{"href":"https:\/\/eg-reeds.com\/fr\/wp-json\/wp\/v2\/product"}],"about":[{"href":"https:\/\/eg-reeds.com\/fr\/wp-json\/wp\/v2\/types\/product"}],"replies":[{"embeddable":true,"href":"https:\/\/eg-reeds.com\/fr\/wp-json\/wp\/v2\/comments?post=34073"}],"wp:featuredmedia":[{"embeddable":true,"href":"https:\/\/eg-reeds.com\/fr\/wp-json\/wp\/v2\/media\/33297"}],"wp:attachment":[{"href":"https:\/\/eg-reeds.com\/fr\/wp-json\/wp\/v2\/media?parent=34073"}],"wp:term":[{"taxonomy":"product_brand","embeddable":true,"href":"https:\/\/eg-reeds.com\/fr\/wp-json\/wp\/v2\/product_brand?post=34073"},{"taxonomy":"product_cat","embeddable":true,"href":"https:\/\/eg-reeds.com\/fr\/wp-json\/wp\/v2\/product_cat?post=34073"},{"taxonomy":"product_tag","embeddable":true,"href":"https:\/\/eg-reeds.com\/fr\/wp-json\/wp\/v2\/product_tag?post=34073"},{"taxonomy":"giftcard-category","embeddable":true,"href":"https:\/\/eg-reeds.com\/fr\/wp-json\/wp\/v2\/giftcard-category?post=34073"}],"curies":[{"name":"wp","href":"https:\/\/api.w.org\/{rel}","templated":true}]}}